{"id":14706,"date":"2024-06-13T06:49:44","date_gmt":"2024-06-13T06:49:44","guid":{"rendered":"https:\/\/elfsight.com\/pt\/?page_id=14706"},"modified":"2025-06-17T14:05:14","modified_gmt":"2025-06-17T14:05:14","slug":"webflow","status":"publish","type":"page","link":"https:\/\/elfsight.com\/pt\/timeline-widget\/webflow\/","title":{"rendered":"Timeline &#8211; Webflow"},"content":{"rendered":"<div class=\"application-platform-content-item-description application-platform-content-item\" id=\"description\" data-nav-section=\"description\"><h2>Construtor de linha do tempo para Webflow<\/h2><p>Adicione uma linha do tempo cronol\u00f3gica interativa ao seu site de fluxo da web para destacar eventos, marcadores ou progress\u00e3o do projeto. O construtor Webflow Timeline da Elfsight permite incluir marcadores de marcos personaliz\u00e1veis \u200b\u200bque cativam o seu p\u00fablico. Esteja voc\u00ea apresentando a hist\u00f3ria da sua empresa, monitorando as fases do projeto ou destacando o desenvolvimento do produto, este widget facilita a cria\u00e7\u00e3o de um cronograma exclusivo que atenda aos seus objetivos. <\/p><ul><li><b>Crie cronogramas interativos sem c\u00f3digo<\/b><br>Crie um roteiro interativo funcional em minutos, sem a necessidade de conhecimentos de programa\u00e7\u00e3o, e comece a envolver seus visitantes imediatamente. <\/li><li><b>Op\u00e7\u00f5es avan\u00e7adas de personaliza\u00e7\u00e3o<\/b><br>Modifique o design e o layout do seu widget com uma variedade de estilos, cores, fontes e configura\u00e7\u00f5es personaliz\u00e1veis \u200b\u200bpara criar uma experi\u00eancia de marca. <\/li><li><b>Processo de incorpora\u00e7\u00e3o tranquilo<\/b><br>Incorpore perfeitamente sua linha do tempo exclusiva ao seu site Webflow com um c\u00f3digo HTML simples, sem complica\u00e7\u00f5es t\u00e9cnicas. <\/li><li><b>Suporte ao cliente \u00e1gil<\/b><br>Nossa equipe de suporte dedicada est\u00e1 sempre dispon\u00edvel para ajudar na configura\u00e7\u00e3o, garantindo que sua linha do tempo funcione perfeitamente em seu site.<\/li><\/ul><p><b>Teste a linha do tempo do Elfsight Webflow para cativar seu p\u00fablico e exibir seus marcos com estilo. <\/b><\/p><\/div><div class=\"application-platform-content-item-features application-platform-content-item\" id=\"features\" data-nav-section=\"features\"><h2>O que voc\u00ea pode fazer com a linha do tempo do Webflow<\/h2><ul><li><strong>Envolva os visitantes visualmente<\/strong><br>Capte a aten\u00e7\u00e3o dos usu\u00e1rios destacando sua jornada, conquistas ou progresso de uma forma interativa e interessante. Uma linha do tempo gr\u00e1fica ajuda a exibir o conte\u00fado em um formato claro que incentiva os espectadores a explorar. <\/li><li><strong>Apresente o progresso e os eventos<\/strong><br>Revele as conquistas da sua empresa e os est\u00e1gios do projeto de maneira ordenada por tempo para manter o interesse dos visitantes. Isso ajuda os visitantes a acompanhar sua hist\u00f3ria e os mant\u00e9m envolvidos nas not\u00edcias. <\/li><li><strong>Destaque as principais conquistas<\/strong><br>D\u00ea aten\u00e7\u00e3o especial aos seus sucessos mais significativos. Apresente suas vit\u00f3rias em um formato atraente e claro. <\/li><\/ul><p><a href=\"#demo\">Explore o editor para entender a ideia completa. <\/a><\/p><\/div><div class=\"application-platform-content-item-installation application-platform-content-item\" id=\"installation\" data-nav-section=\"installation\"><h2>Como incorporar uma linha do tempo no Webflow<\/h2><p>Adicionar a linha do tempo do Webflow ao seu site \u00e9 simples e n\u00e3o requer codifica\u00e7\u00e3o. Basta seguir estas etapas simples para come\u00e7ar: <\/p><ol><li><b>Crie sua linha do tempo de fluxo da Web personalizada<\/b><br>Escolha um modelo em nosso editor e personalize-o para atender \u00e0s suas necessidades espec\u00edficas. Ajuste a apar\u00eancia, adicione marcos e modifique o design para se adequar ao estilo da sua marca. <\/li><li><b>Receba seu c\u00f3digo de incorpora\u00e7\u00e3o exclusivo<\/b><br>Depois de finalizar sua linha do tempo, voc\u00ea receber\u00e1 um c\u00f3digo HTML exclusivo. Copie este c\u00f3digo para uso posterior.<\/li><li><b>Incorpore o c\u00f3digo em seu site Webflow<\/b><br>Coloque o c\u00f3digo HTML na parte apropriada de seu site Webflow e salve os ajustes. Sua linha do tempo envolvente agora estar\u00e1 ativa em seu site! <\/li><li><b>Aproveite sua nova linha do tempo interativa! <\/b><br>Visite seu site para ver a linha do tempo em a\u00e7\u00e3o e envolver os visitantes de forma interativa.<\/li><\/ol><p>Para obter mais detalhes, visite nosso guia passo a passo sobre <a href=\"https:\/\/elfsight.com\/blog\/how-to-embed-timeline-to-website\/\" target=\"_blank\" rel=\"noopener\">como adicionar uma linha do tempo ao seu site. website.<\/a><\/p><\/div><div class=\"faq\" data-component=\"FAQ\"><div class=\"faq-item\">\r\n\t\t\t\t\t<div class=\"faq-item-question\">\r\n\t\t\t\t\t\t<h3 class=\"faq-item-question-text\">O widget Timeline para Webflow \u00e9 gratuito? <\/h3>\r\n\r\n\t\t\t\t\t\t<div class=\"faq-item-question-icon\"><\/div>\r\n\t\t\t\t\t<\/div>\r\n\r\n\t\t\t\t\t<div class=\"faq-item-answer\">\r\n\t\t\t\t\t\t<div class=\"faq-item-answer-text\">Sim, a Elfsight oferece uma estrutura de assinatura multicamadas que inclui um plano gratuito. Voc\u00ea pode usar o widget Elfsight Timeline gratuitamente e obter acesso a todos os recursos essenciais. Para desbloquear ainda mais personaliza\u00e7\u00e3o, planos pagos est\u00e3o dispon\u00edveis. <\/div>\r\n\t\t\t\t\t<\/div>\r\n\t\t\t\t<\/div><div class=\"faq-item\">\r\n\t\t\t\t\t<div class=\"faq-item-question\">\r\n\t\t\t\t\t\t<h3 class=\"faq-item-question-text\">Preciso de alguma habilidade de codifica\u00e7\u00e3o para usar o widget Timeline? <\/h3>\r\n\r\n\t\t\t\t\t\t<div class=\"faq-item-question-icon\"><\/div>\r\n\t\t\t\t\t<\/div>\r\n\r\n\t\t\t\t\t<div class=\"faq-item-answer\">\r\n\t\t\t\t\t\t<div class=\"faq-item-answer-text\">N\u00e3o, o construtor Webflow Timeline da Elfsight n\u00e3o requer nenhum conhecimento de codifica\u00e7\u00e3o. Use o editor de arrastar e soltar para criar e personalizar sua linha do tempo rapidamente. <\/div>\r\n\t\t\t\t\t<\/div>\r\n\t\t\t\t<\/div><div class=\"faq-item\">\r\n\t\t\t\t\t<div class=\"faq-item-question\">\r\n\t\t\t\t\t\t<h3 class=\"faq-item-question-text\">Como posso criar uma linha do tempo interativa para Webflow? <\/h3>\r\n\r\n\t\t\t\t\t\t<div class=\"faq-item-question-icon\"><\/div>\r\n\t\t\t\t\t<\/div>\r\n\r\n\t\t\t\t\t<div class=\"faq-item-answer\">\r\n\t\t\t\t\t\t<div class=\"faq-item-answer-text\">Basta selecionar um modelo no editor, personaliz\u00e1-lo e inserir a linha do tempo usando o c\u00f3digo HTML fornecido. <\/div>\r\n\t\t\t\t\t<\/div>\r\n\t\t\t\t<\/div><div class=\"faq-item\">\r\n\t\t\t\t\t<div class=\"faq-item-question\">\r\n\t\t\t\t\t\t<h3 class=\"faq-item-question-text\">Que tipos de cronogramas posso criar?<\/h3>\r\n\r\n\t\t\t\t\t\t<div class=\"faq-item-question-icon\"><\/div>\r\n\t\t\t\t\t<\/div>\r\n\r\n\t\t\t\t\t<div class=\"faq-item-answer\">\r\n\t\t\t\t\t\t<div class=\"faq-item-answer-text\">O widget Timeline da Elfsight \u00e9 suficientemente flex\u00edvel para se adaptar \u00e0s suas necessidades \u00fanicas. Voc\u00ea pode criar diferentes cronogramas: marcos de neg\u00f3cios, desenvolvimento de produtos, cronogramas de projetos e muito mais. <\/div>\r\n\t\t\t\t\t<\/div>\r\n\t\t\t\t<\/div><\/div>","protected":false},"excerpt":{"rendered":"","protected":false},"author":9,"featured_media":0,"parent":14649,"menu_order":0,"comment_status":"closed","ping_status":"closed","template":"templates\/template-application-platform.php","meta":{"publish_to_discourse":"","publish_post_category":"","wpdc_auto_publish_overridden":"","wpdc_topic_tags":"","wpdc_pin_topic":"","wpdc_pin_until":"","discourse_post_id":"","discourse_permalink":"","wpdc_publishing_response":"","wpdc_publishing_error":"","footnotes":""},"class_list":["post-14706","page","type-page","status-publish","hentry"],"yoast_head":"<!-- This site is optimized with the Yoast SEO plugin v25.3.1 - https:\/\/yoast.com\/wordpress\/plugins\/seo\/ -->\n<title>Widget de linha do tempo - Incorporar linha de hist\u00f3rico ao site Webflow [GR\u00c1TIS]<\/title>\n<meta name=\"description\" content=\"Adicione uma linha do tempo personalizada ao seu Webflow. Mostre facilmente seu hist\u00f3rico, marcos e progress\u00e3o de tarefas com um widget interativo de linha do tempo no Webflow.\" \/>\n<meta name=\"robots\" content=\"index, follow, max-snippet:-1, max-image-preview:large, max-video-preview:-1\" \/>\n<link rel=\"canonical\" href=\"https:\/\/elfsight.com\/pt\/timeline-widget\/webflow\/\" \/>\n<meta property=\"og:locale\" content=\"pt_PT\" \/>\n<meta property=\"og:type\" content=\"article\" \/>\n<meta property=\"og:title\" content=\"Widget de linha do tempo - Incorporar linha de hist\u00f3rico ao site Webflow [GR\u00c1TIS]\" \/>\n<meta property=\"og:description\" content=\"Adicione uma linha do tempo personalizada ao seu Webflow. Mostre facilmente seu hist\u00f3rico, marcos e progress\u00e3o de tarefas com um widget interativo de linha do tempo no Webflow.\" \/>\n<meta property=\"og:url\" content=\"https:\/\/elfsight.com\/pt\/timeline-widget\/webflow\/\" \/>\n<meta property=\"og:site_name\" content=\"Elfsight PT\" \/>\n<meta property=\"article:modified_time\" content=\"2025-06-17T14:05:14+00:00\" \/>\n<meta name=\"twitter:card\" content=\"summary_large_image\" \/>\n<meta name=\"twitter:label1\" content=\"Tempo estimado de leitura\" \/>\n\t<meta name=\"twitter:data1\" content=\"4 minutos\" \/>\n<!-- \/ Yoast SEO plugin. -->","yoast_head_json":{"title":"Widget de linha do tempo - Incorporar linha de hist\u00f3rico ao site Webflow [GR\u00c1TIS]","description":"Adicione uma linha do tempo personalizada ao seu Webflow. Mostre facilmente seu hist\u00f3rico, marcos e progress\u00e3o de tarefas com um widget interativo de linha do tempo no Webflow.","robots":{"index":"index","follow":"follow","max-snippet":"max-snippet:-1","max-image-preview":"max-image-preview:large","max-video-preview":"max-video-preview:-1"},"canonical":"https:\/\/elfsight.com\/pt\/timeline-widget\/webflow\/","og_locale":"pt_PT","og_type":"article","og_title":"Widget de linha do tempo - Incorporar linha de hist\u00f3rico ao site Webflow [GR\u00c1TIS]","og_description":"Adicione uma linha do tempo personalizada ao seu Webflow. Mostre facilmente seu hist\u00f3rico, marcos e progress\u00e3o de tarefas com um widget interativo de linha do tempo no Webflow.","og_url":"https:\/\/elfsight.com\/pt\/timeline-widget\/webflow\/","og_site_name":"Elfsight PT","article_modified_time":"2025-06-17T14:05:14+00:00","twitter_card":"summary_large_image","twitter_misc":{"Tempo estimado de leitura":"4 minutos"},"schema":{"@context":"https:\/\/schema.org","@graph":[{"@type":"WebPage","@id":"https:\/\/elfsight.com\/pt\/timeline-widget\/webflow\/","url":"https:\/\/elfsight.com\/pt\/timeline-widget\/webflow\/","name":"Widget de linha do tempo - Incorporar linha de hist\u00f3rico ao site Webflow [GR\u00c1TIS]","isPartOf":{"@id":"https:\/\/elfsight.com\/pt\/#website"},"datePublished":"2024-06-13T06:49:44+00:00","dateModified":"2025-06-17T14:05:14+00:00","description":"Adicione uma linha do tempo personalizada ao seu Webflow. Mostre facilmente seu hist\u00f3rico, marcos e progress\u00e3o de tarefas com um widget interativo de linha do tempo no Webflow.","breadcrumb":{"@id":"https:\/\/elfsight.com\/pt\/timeline-widget\/webflow\/#breadcrumb"},"inLanguage":"pt-PT","potentialAction":[{"@type":"ReadAction","target":["https:\/\/elfsight.com\/pt\/timeline-widget\/webflow\/"]}]},{"@type":"BreadcrumbList","@id":"https:\/\/elfsight.com\/pt\/timeline-widget\/webflow\/#breadcrumb","itemListElement":[{"@type":"ListItem","position":1,"name":"Home","item":"https:\/\/elfsight.com\/pt\/"},{"@type":"ListItem","position":2,"name":"Timeline","item":"https:\/\/elfsight.com\/pt\/timeline-widget\/"},{"@type":"ListItem","position":3,"name":"Timeline &#8211; Webflow"}]},{"@type":"WebSite","@id":"https:\/\/elfsight.com\/pt\/#website","url":"https:\/\/elfsight.com\/pt\/","name":"Elfsight PT","description":"Just another Elfsight Sites site","potentialAction":[{"@type":"SearchAction","target":{"@type":"EntryPoint","urlTemplate":"https:\/\/elfsight.com\/pt\/?s={search_term_string}"},"query-input":{"@type":"PropertyValueSpecification","valueRequired":true,"valueName":"search_term_string"}}],"inLanguage":"pt-PT"}]}},"meta_box":{"industry":"","seo_heading":"","heading":"","description":"","cta_heading":"","cta_description":"","application":"14648","h1":"Plug-in de linha do tempo para Webflow","h1_caption":"Exiba uma linha hist\u00f3rica envolvente para apresentar sua hist\u00f3ria, conquistas do projeto ou etapas com um plug-in de linha do tempo interativo no Webflow.","application_category":[],"applications_title":"","applications_request_title":"","applications_request_button_text":"","hero_text":"","hero_video":"","hero_video_schema_markup":"","selling_points_title":"","selling_points_caption":"","selling_points":[],"selling_points_cta_text":"","features_title":"","features":"","ed_cta_examples_text":"","ed_cta_examples_hidden":"","ed_cta_demo_text":"","ed_cta_demo_hidden":"","why_caption":"","why_editor_title":"","why_editor_text":"","why_team_title":"","why_team_text":"","why_service_title":"","why_service_text":"","template_catalog_visible":"","template_catalog_title":"","template_catalog_text":"","template_catalog_categories_visible":"","demo_title":"Crie seu plugin Webflow Timeline","demo_caption":"Personalize sua linha do tempo e adicione-a ao seu site com facilidade!","default_faq_hidden":"","app_template_category":[],"platform":"70","template_public_id":"","codecanyon_url":"","codecanyon_item_id":"","codecanyon_price":"","pricing_caption":"","pricing_elfsight_apps_hide_column":"","pricing_elfsight_apps_url":"","pricing_codecanyon_price_caption":"","integration_category":[],"integration_request_title":"","integration_request_cta":"","integration_platform":"","integrations":[],"platform_category":[],"video_schema_markup":"","price":"a partir de $ 0 \/ m\u00eas","trial":"","benefits":[],"button_url":"#demo","button_target_blank":"0","button_nofollow":"0","attributes":[{"name":"Instala\u00e7\u00f5es","content":"50,000 - 100,000","_state":"expanded"},{"name":"Responsivo","content":"Sim","_state":"expanded"},{"name":"Navegadores compat\u00edveis","content":"Firefox, Safari, Opera, Chrome, Edge","_state":"expanded"}],"tags":[],"tags_disable_links":"","hide_more_platforms":"","video_object":"","demo_hide_cta":"0","demo_hide_cloud_options":"","pricing_title":"","pricing":[{"pricing_icon":"platform","pricing_title":"Elfsight Apps","pricing_title_caption":"Software multiplataforma adequado para qualquer site","pricing_price":"a partir de $ 0 \/ m\u00eas","pricing_price_caption":"comece com um plano gratuito","pricing_button_text":"Adicionar ao site","pricing_button_url":"#demo"}],"related_apps_title":"","related_apps_hidden":"","author":"","image":[],"title":"","job":"","social_networks":[]},"_links":{"self":[{"href":"https:\/\/elfsight.com\/pt\/wp-json\/wp\/v2\/pages\/14706","targetHints":{"allow":["GET"]}}],"collection":[{"href":"https:\/\/elfsight.com\/pt\/wp-json\/wp\/v2\/pages"}],"about":[{"href":"https:\/\/elfsight.com\/pt\/wp-json\/wp\/v2\/types\/page"}],"author":[{"embeddable":true,"href":"https:\/\/elfsight.com\/pt\/wp-json\/wp\/v2\/users\/9"}],"replies":[{"embeddable":true,"href":"https:\/\/elfsight.com\/pt\/wp-json\/wp\/v2\/comments?post=14706"}],"version-history":[{"count":1,"href":"https:\/\/elfsight.com\/pt\/wp-json\/wp\/v2\/pages\/14706\/revisions"}],"predecessor-version":[{"id":14710,"href":"https:\/\/elfsight.com\/pt\/wp-json\/wp\/v2\/pages\/14706\/revisions\/14710"}],"up":[{"embeddable":true,"href":"https:\/\/elfsight.com\/pt\/wp-json\/wp\/v2\/pages\/14649"}],"wp:attachment":[{"href":"https:\/\/elfsight.com\/pt\/wp-json\/wp\/v2\/media?parent=14706"}],"curies":[{"name":"wp","href":"https:\/\/api.w.org\/{rel}","templated":true}]}}