{"id":14705,"date":"2024-06-13T07:49:44","date_gmt":"2024-06-13T07:49:44","guid":{"rendered":"https:\/\/elfsight.com\/pt\/?page_id=14705"},"modified":"2025-06-17T14:05:14","modified_gmt":"2025-06-17T14:05:14","slug":"elementor","status":"publish","type":"page","link":"https:\/\/elfsight.com\/pt\/timeline-widget\/elementor\/","title":{"rendered":"Timeline &#8211; Elementor"},"content":{"rendered":"<div class=\"application-platform-content-item-description application-platform-content-item\" id=\"description\" data-nav-section=\"description\"><h2>Elementor Timeline Widget<\/h2> <p>Crie uma linha do tempo din\u00e2mica e interativa para seu site Elementor sem escrever nenhum c\u00f3digo. O construtor Elementor Timeline da Elfsight permite adicionar marcos personalizados que envolvem e cativam os visitantes do seu site. Se voc\u00ea deseja mostrar a jornada da sua empresa, destacar desenvolvimentos de produtos ou acompanhar marcos importantes do projeto, esta ferramenta permite que voc\u00ea crie facilmente um cronograma que atenda \u00e0s suas necessidades.<\/p> <ul> <li><strong>Crie cronogramas interativos sem esfor\u00e7o.<\/strong> <br>Crie um cronograma totalmente funcional rapidamente, sem precisar de nenhuma habilidade de codifica\u00e7\u00e3o. Envolva os visitantes do seu site instantaneamente adicionando uma linha do tempo que d\u00e1 vida aos seus marcos.<\/li> <li><strong>Op\u00e7\u00f5es completas de personaliza\u00e7\u00e3o.<\/strong> <br>Modifique a apar\u00eancia da sua linha do tempo escolhendo entre v\u00e1rios modelos, esquemas de cores, fontes e muito mais. Personalize tudo para combinar perfeitamente com a marca do seu site.<\/li> <li><strong>Processo de incorpora\u00e7\u00e3o suave.<\/strong> <br>Basta adicionar o c\u00f3digo HTML ao seu site Elementor e sua linha do tempo estar\u00e1 ativa com apenas alguns cliques. Sem complica\u00e7\u00f5es t\u00e9cnicas: \u00e9 r\u00e1pido e simples.<\/li> <li><strong>Suporte ao cliente dedicado.<\/strong> <br>Se precisar de assist\u00eancia, nossa equipe de suporte est\u00e1 aqui para ajud\u00e1-lo. Temos o compromisso de garantir que sua linha do tempo funcione perfeitamente em seu site Elementor.<\/li> <\/ul> <p><b>Comece a usar a linha do tempo Elementor da Elfsight para envolver seus visitantes e mostrar seus marcos com estilo!<\/b><\/p> <\/div><div class=\"application-platform-content-item-features application-platform-content-item\" id=\"features\" data-nav-section=\"features\"><h2>O que voc\u00ea pode fazer com a linha do tempo Elementor<\/h2> <ul> <li><strong>Envolva visualmente seus visitantes.<\/strong><br>Apresente seu hist\u00f3rico, marcos ou progresso do produto de uma forma interativa e visualmente atraente. Uma linha do tempo ajuda a detalhar informa\u00e7\u00f5es complexas e torna mais f\u00e1cil para os visitantes compreenderem rapidamente sua jornada.<\/li> <li><strong>Destaque marcos e conquistas.<\/strong> <br>Desde lan\u00e7amentos de produtos at\u00e9 marcos importantes da empresa, use a linha do tempo para oferecer uma vis\u00e3o cronol\u00f3gica dos principais eventos e etapas. Ele mant\u00e9m os visitantes informados e os incentiva a explorar seu progresso.<\/li> <li><strong>Mostre seus sucessos.<\/strong><br>Destaque as conquistas ou eventos mais significativos em sua linha do tempo. Apresente-os em um formato visualmente organizado que torna mais f\u00e1cil para os usu\u00e1rios acompanharem e apreciarem suas realiza\u00e7\u00f5es.<\/li> <\/ul> <p><a href=\"#demo\">Experimente o editor para ver todas as op\u00e7\u00f5es dispon\u00edveis.<\/a><\/p> <\/div><div class=\"application-platform-content-item-installation application-platform-content-item\" id=\"installation\" data-nav-section=\"installation\"><h2>Como adicionar uma linha do tempo ao Elementor<\/h2> <p>Incorporando a linha do tempo do Elementor em seu site \u00e9 simples e n\u00e3o requer codifica\u00e7\u00e3o. Basta seguir estes passos simples para come\u00e7ar:<\/p> <ol> <li><b>Gerencie nosso configurador e comece a criar seu pr\u00f3prio plugin sem c\u00f3digo.<\/b><br> Escolha a apar\u00eancia e os recursos personalizados do aplicativo e implemente as modifica\u00e7\u00f5es.<\/li> <li><b>Receba o c\u00f3digo de incorpora\u00e7\u00e3o pessoal que aparece na janela dos aplicativos Elfsight.<\/b><br> Ap\u00f3s a conclus\u00e3o da configura\u00e7\u00e3o, copie o c\u00f3digo pessoal no pop-up exibido e guarde-o para uso posterior.<\/li> <li><b>Comece a implementar o plugin nas p\u00e1ginas do Elementor.<\/b><br> Insira o c\u00f3digo salvo anteriormente em sua p\u00e1gina da web e aplique as altera\u00e7\u00f5es.<\/li> <li><b>Pronto! A incorpora\u00e7\u00e3o do seu plug-in sem c\u00f3digo foi totalmente realizada.<\/b><br> Visite seu site para ver o desempenho da exibi\u00e7\u00e3o cronol\u00f3gica aprimorada.<\/li> <\/ol> <p>Para obter instru\u00e7\u00f5es detalhadas, confira nosso guia sobre <a href=\"https:\/\/elfsight.com\/blog\/how-to-embed-timeline-to-website\/\" target=\"_blank\" rel=\"noopener\">como criar uma linha do tempo personalizada em um website<\/a>.<\/p> <\/div><div class=\"faq\" data-component=\"FAQ\"> <div class=\"faq-item\">\r\n\t\t\t\t\t<div class=\"faq-item-question\">\r\n\t\t\t\t\t\t<h3 class=\"faq-item-question-text\">O widget Timeline para Elementor \u00e9 gratuito?<\/h3>\r\n\r\n\t\t\t\t\t\t<div class=\"faq-item-question-icon\"><\/div>\r\n\t\t\t\t\t<\/div>\r\n\r\n\t\t\t\t\t<div class=\"faq-item-answer\">\r\n\t\t\t\t\t\t<div class=\"faq-item-answer-text\"> Sim, a Elfsight oferece um plano de assinatura flex\u00edvel, incluindo uma vers\u00e3o gratuita. Voc\u00ea pode usar o widget Elementor Timeline gratuitamente com acesso a recursos b\u00e1sicos, enquanto planos pagos est\u00e3o dispon\u00edveis para op\u00e7\u00f5es avan\u00e7adas de personaliza\u00e7\u00e3o. <\/div>\r\n\t\t\t\t\t<\/div>\r\n\t\t\t\t<\/div> <div class=\"faq-item\">\r\n\t\t\t\t\t<div class=\"faq-item-question\">\r\n\t\t\t\t\t\t<h3 class=\"faq-item-question-text\">Preciso de habilidades de codifica\u00e7\u00e3o para usar o widget Timeline?<\/h3>\r\n\r\n\t\t\t\t\t\t<div class=\"faq-item-question-icon\"><\/div>\r\n\t\t\t\t\t<\/div>\r\n\r\n\t\t\t\t\t<div class=\"faq-item-answer\">\r\n\t\t\t\t\t\t<div class=\"faq-item-answer-text\"> N\u00e3o, o construtor Elementor Timeline da Elfsight n\u00e3o requer nenhum conhecimento de codifica\u00e7\u00e3o. Voc\u00ea pode criar e personalizar sua linha do tempo usando o editor f\u00e1cil de arrastar e soltar. <\/div>\r\n\t\t\t\t\t<\/div>\r\n\t\t\t\t<\/div> <div class=\"faq-item\">\r\n\t\t\t\t\t<div class=\"faq-item-question\">\r\n\t\t\t\t\t\t<h3 class=\"faq-item-question-text\">Como posso adicionar uma linha do tempo interativa ao Elementor?<\/h3>\r\n\r\n\t\t\t\t\t\t<div class=\"faq-item-question-icon\"><\/div>\r\n\t\t\t\t\t<\/div>\r\n\r\n\t\t\t\t\t<div class=\"faq-item-answer\">\r\n\t\t\t\t\t\t<div class=\"faq-item-answer-text\"> Escolha um modelo no editor, personalize-o ao seu gosto e incorpore a linha do tempo em seu site Elementor usando o c\u00f3digo HTML exclusivo fornecido. <\/div>\r\n\t\t\t\t\t<\/div>\r\n\t\t\t\t<\/div> <div class=\"faq-item\">\r\n\t\t\t\t\t<div class=\"faq-item-question\">\r\n\t\t\t\t\t\t<h3 class=\"faq-item-question-text\">Que tipos de cronogramas posso criar?<\/h3>\r\n\r\n\t\t\t\t\t\t<div class=\"faq-item-question-icon\"><\/div>\r\n\t\t\t\t\t<\/div>\r\n\r\n\t\t\t\t\t<div class=\"faq-item-answer\">\r\n\t\t\t\t\t\t<div class=\"faq-item-answer-text\"><p>Voc\u00ea pode criar uma variedade de cronogramas para seu site Elementor, como:<\/p> <ul> <li><strong>Hist\u00f3rico da empresa<\/strong>: exiba a jornada do seu neg\u00f3cio ao longo do tempo, apresentando marcos importantes e eventos importantes.<\/li> <li><strong>Desenvolvimento de produto<\/strong>: mostre os est\u00e1gios de evolu\u00e7\u00e3o do seu produto, do conceito ao lan\u00e7amento, descrevendo os principais fases.<\/li> <li><strong>Fases do projeto<\/strong>: acompanhe e destaque diferentes fases de seus projetos em andamento ou conclu\u00eddos.<\/li> <li><strong>Programa\u00e7\u00f5es de eventos<\/strong>: forne\u00e7a cronogramas detalhados para eventos, lan\u00e7amentos de produtos ou promo\u00e7\u00f5es, oferecendo todas as informa\u00e7\u00f5es necess\u00e1rias em um local conveniente.<\/li> <\/ul> <\/div>\r\n\t\t\t\t\t<\/div>\r\n\t\t\t\t<\/div> <\/div>","protected":false},"excerpt":{"rendered":"","protected":false},"author":9,"featured_media":0,"parent":14649,"menu_order":0,"comment_status":"closed","ping_status":"closed","template":"templates\/template-application-platform.php","meta":{"publish_to_discourse":"","publish_post_category":"","wpdc_auto_publish_overridden":"","wpdc_topic_tags":"","wpdc_pin_topic":"","wpdc_pin_until":"","discourse_post_id":"","discourse_permalink":"","wpdc_publishing_response":"","wpdc_publishing_error":"","footnotes":""},"class_list":["post-14705","page","type-page","status-publish","hentry"],"yoast_head":"<!-- This site is optimized with the Yoast SEO plugin v25.3.1 - https:\/\/yoast.com\/wordpress\/plugins\/seo\/ -->\n<title>Linha do tempo Elementor - Adicionar linha do tempo interativa ao site (gr\u00e1tis)<\/title>\n<meta name=\"description\" content=\"Adicione uma linha do tempo Elementor personalizada gratuitamente. Mostre o seu progresso, eventos importantes e marcos com o widget de linha do tempo interativo da Elfsight. Nenhuma codifica\u00e7\u00e3o necess\u00e1ria.\" \/>\n<meta name=\"robots\" content=\"index, follow, max-snippet:-1, max-image-preview:large, max-video-preview:-1\" \/>\n<link rel=\"canonical\" href=\"https:\/\/elfsight.com\/pt\/timeline-widget\/elementor\/\" \/>\n<meta property=\"og:locale\" content=\"pt_PT\" \/>\n<meta property=\"og:type\" content=\"article\" \/>\n<meta property=\"og:title\" content=\"Linha do tempo Elementor - Adicionar linha do tempo interativa ao site (gr\u00e1tis)\" \/>\n<meta property=\"og:description\" content=\"Adicione uma linha do tempo Elementor personalizada gratuitamente. Mostre o seu progresso, eventos importantes e marcos com o widget de linha do tempo interativo da Elfsight. Nenhuma codifica\u00e7\u00e3o necess\u00e1ria.\" \/>\n<meta property=\"og:url\" content=\"https:\/\/elfsight.com\/pt\/timeline-widget\/elementor\/\" \/>\n<meta property=\"og:site_name\" content=\"Elfsight PT\" \/>\n<meta property=\"article:modified_time\" content=\"2025-06-17T14:05:14+00:00\" \/>\n<meta name=\"twitter:card\" content=\"summary_large_image\" \/>\n<meta name=\"twitter:label1\" content=\"Tempo estimado de leitura\" \/>\n\t<meta name=\"twitter:data1\" content=\"5 minutos\" \/>\n<!-- \/ Yoast SEO plugin. -->","yoast_head_json":{"title":"Linha do tempo Elementor - Adicionar linha do tempo interativa ao site (gr\u00e1tis)","description":"Adicione uma linha do tempo Elementor personalizada gratuitamente. Mostre o seu progresso, eventos importantes e marcos com o widget de linha do tempo interativo da Elfsight. Nenhuma codifica\u00e7\u00e3o necess\u00e1ria.","robots":{"index":"index","follow":"follow","max-snippet":"max-snippet:-1","max-image-preview":"max-image-preview:large","max-video-preview":"max-video-preview:-1"},"canonical":"https:\/\/elfsight.com\/pt\/timeline-widget\/elementor\/","og_locale":"pt_PT","og_type":"article","og_title":"Linha do tempo Elementor - Adicionar linha do tempo interativa ao site (gr\u00e1tis)","og_description":"Adicione uma linha do tempo Elementor personalizada gratuitamente. Mostre o seu progresso, eventos importantes e marcos com o widget de linha do tempo interativo da Elfsight. Nenhuma codifica\u00e7\u00e3o necess\u00e1ria.","og_url":"https:\/\/elfsight.com\/pt\/timeline-widget\/elementor\/","og_site_name":"Elfsight PT","article_modified_time":"2025-06-17T14:05:14+00:00","twitter_card":"summary_large_image","twitter_misc":{"Tempo estimado de leitura":"5 minutos"},"schema":{"@context":"https:\/\/schema.org","@graph":[{"@type":"WebPage","@id":"https:\/\/elfsight.com\/pt\/timeline-widget\/elementor\/","url":"https:\/\/elfsight.com\/pt\/timeline-widget\/elementor\/","name":"Linha do tempo Elementor - Adicionar linha do tempo interativa ao site (gr\u00e1tis)","isPartOf":{"@id":"https:\/\/elfsight.com\/pt\/#website"},"datePublished":"2024-06-13T07:49:44+00:00","dateModified":"2025-06-17T14:05:14+00:00","description":"Adicione uma linha do tempo Elementor personalizada gratuitamente. Mostre o seu progresso, eventos importantes e marcos com o widget de linha do tempo interativo da Elfsight. Nenhuma codifica\u00e7\u00e3o necess\u00e1ria.","breadcrumb":{"@id":"https:\/\/elfsight.com\/pt\/timeline-widget\/elementor\/#breadcrumb"},"inLanguage":"pt-PT","potentialAction":[{"@type":"ReadAction","target":["https:\/\/elfsight.com\/pt\/timeline-widget\/elementor\/"]}]},{"@type":"BreadcrumbList","@id":"https:\/\/elfsight.com\/pt\/timeline-widget\/elementor\/#breadcrumb","itemListElement":[{"@type":"ListItem","position":1,"name":"Home","item":"https:\/\/elfsight.com\/pt\/"},{"@type":"ListItem","position":2,"name":"Timeline","item":"https:\/\/elfsight.com\/pt\/timeline-widget\/"},{"@type":"ListItem","position":3,"name":"Timeline &#8211; Elementor"}]},{"@type":"WebSite","@id":"https:\/\/elfsight.com\/pt\/#website","url":"https:\/\/elfsight.com\/pt\/","name":"Elfsight PT","description":"Just another Elfsight Sites site","potentialAction":[{"@type":"SearchAction","target":{"@type":"EntryPoint","urlTemplate":"https:\/\/elfsight.com\/pt\/?s={search_term_string}"},"query-input":{"@type":"PropertyValueSpecification","valueRequired":true,"valueName":"search_term_string"}}],"inLanguage":"pt-PT"}]}},"meta_box":{"industry":"","seo_heading":"","heading":"","description":"","cta_heading":"","cta_description":"","application":"14648","h1":"Widget de linha do tempo para Elementor","h1_caption":"Exiba uma linha do tempo envolvente para destacar seus principais marcos, mostrar sua hist\u00f3ria ou eventos com uma linha do tempo interativa no Elementor","application_category":[],"applications_title":"","applications_request_title":"","applications_request_button_text":"","hero_text":"","hero_video":"","hero_video_schema_markup":"","selling_points_title":"","selling_points_caption":"","selling_points":[],"selling_points_cta_text":"","features_title":"","features":"","ed_cta_examples_text":"","ed_cta_examples_hidden":"","ed_cta_demo_text":"","ed_cta_demo_hidden":"","why_caption":"","why_editor_title":"","why_editor_text":"","why_team_title":"","why_team_text":"","why_service_title":"","why_service_text":"","template_catalog_visible":"0","template_catalog_title":"","template_catalog_text":"","template_catalog_categories_visible":"","demo_title":"Crie seu widget Elementor Timeline","demo_caption":"Personalize sua linha do tempo e adicione-a ao seu site com facilidade!","default_faq_hidden":"","app_template_category":[],"platform":"100","template_public_id":"","codecanyon_url":"","codecanyon_item_id":"","codecanyon_price":"","pricing_caption":"","pricing_elfsight_apps_hide_column":"","pricing_elfsight_apps_url":"","pricing_codecanyon_price_caption":"","integration_category":[],"integration_request_title":"","integration_request_cta":"","integration_platform":"","integrations":[],"platform_category":[],"video_schema_markup":"","price":"a partir de $ 0 \/ m\u00eas","trial":"","benefits":[],"button_url":"#demo","button_target_blank":"0","button_nofollow":"0","attributes":[{"name":"Instala\u00e7\u00f5es","content":"50,000 - 100,000","_state":"expanded"},{"name":"Responsivo","content":"Sim","_state":"expanded"},{"name":"Navegadores compat\u00edveis","content":"Firefox, Safari, Opera, Chrome, Edge","_state":"expanded"}],"tags":[],"tags_disable_links":"0","hide_more_platforms":"0","video_object":"","demo_hide_cta":"0","demo_hide_cloud_options":"0","pricing_title":"","pricing":[{"pricing_icon":"platform","pricing_title":"Elfsight Apps","pricing_title_caption":"Software multiplataforma adequado para qualquer site","pricing_price":"a partir de $ 0 \/ m\u00eas","pricing_price_caption":"comece com um plano gratuito","pricing_button_text":"Adicionar ao site","pricing_button_url":"#demo"}],"related_apps_title":"","related_apps_hidden":"0","author":"","image":[],"title":"","job":"","social_networks":[]},"_links":{"self":[{"href":"https:\/\/elfsight.com\/pt\/wp-json\/wp\/v2\/pages\/14705","targetHints":{"allow":["GET"]}}],"collection":[{"href":"https:\/\/elfsight.com\/pt\/wp-json\/wp\/v2\/pages"}],"about":[{"href":"https:\/\/elfsight.com\/pt\/wp-json\/wp\/v2\/types\/page"}],"author":[{"embeddable":true,"href":"https:\/\/elfsight.com\/pt\/wp-json\/wp\/v2\/users\/9"}],"replies":[{"embeddable":true,"href":"https:\/\/elfsight.com\/pt\/wp-json\/wp\/v2\/comments?post=14705"}],"version-history":[{"count":1,"href":"https:\/\/elfsight.com\/pt\/wp-json\/wp\/v2\/pages\/14705\/revisions"}],"predecessor-version":[{"id":14709,"href":"https:\/\/elfsight.com\/pt\/wp-json\/wp\/v2\/pages\/14705\/revisions\/14709"}],"up":[{"embeddable":true,"href":"https:\/\/elfsight.com\/pt\/wp-json\/wp\/v2\/pages\/14649"}],"wp:attachment":[{"href":"https:\/\/elfsight.com\/pt\/wp-json\/wp\/v2\/media?parent=14705"}],"curies":[{"name":"wp","href":"https:\/\/api.w.org\/{rel}","templated":true}]}}