{"id":14703,"date":"2024-06-13T08:49:44","date_gmt":"2024-06-13T08:49:44","guid":{"rendered":"https:\/\/elfsight.com\/pt\/?page_id=14703"},"modified":"2025-06-17T14:05:14","modified_gmt":"2025-06-17T14:05:14","slug":"iframe","status":"publish","type":"page","link":"https:\/\/elfsight.com\/pt\/timeline-widget\/iframe\/","title":{"rendered":"Timeline &#8211; iFrame"},"content":{"rendered":"<div class=\"application-platform-content-item-description application-platform-content-item\" id=\"description\" data-nav-section=\"description\"><h2>Plugin iFrame Timeline<\/h2> <p>Aumente o engajamento em seu site integrando uma linha do tempo totalmente personaliz\u00e1vel e interativa. Com o plugin iFrame Timeline da Elfsight, voc\u00ea pode exibir seus marcos, fases do projeto ou eventos importantes sem esfor\u00e7o. Esteja voc\u00ea compartilhando a hist\u00f3ria da sua empresa, acompanhando o progresso do projeto ou apresentando o desenvolvimento de produtos, este plug-in simplifica a cria\u00e7\u00e3o de um cronograma que atenda aos seus objetivos. E o melhor de tudo: n\u00e3o \u00e9 necess\u00e1rio nenhum conhecimento de codifica\u00e7\u00e3o para come\u00e7ar!<\/p> <ul> <li><b>Crie cronogramas din\u00e2micos sem necessidade de codifica\u00e7\u00e3o<\/b><br> Projete e implemente facilmente um cronograma totalmente interativo em apenas alguns minutos, sem precisar de nenhum conhecimento t\u00e9cnico.<\/li> <li><b>Extensas op\u00e7\u00f5es de personaliza\u00e7\u00e3o<\/b><br> Personalize a apar\u00eancia de seu cronograma com uma ampla variedade de modelos, cores, fontes e configura\u00e7\u00f5es para um design personalizado.<\/li> <li><b>Incorpora\u00e7\u00e3o sem esfor\u00e7o<\/b><br> Integre sua linha do tempo personalizada em seu site compat\u00edvel com iFrame com um simples c\u00f3digo HTML incorporado &#8211; sem dores de cabe\u00e7a t\u00e9cnicas!<\/li> <li><b>Suporte ao cliente \u00e1gil<\/b><br> Nossa equipe de suporte especializada est\u00e1 dispon\u00edvel para ajud\u00e1-lo em todas as etapas da configura\u00e7\u00e3o, garantindo que sua linha do tempo funcione perfeitamente em seu site.<\/li> <\/ul> <p><b>Experimente o iFrame Timeline da Elfsight para envolver seus clientes. visitantes e destaque suas conquistas em um formato elegante e din\u00e2mico!<\/b><\/p> <\/div><div class=\"application-platform-content-item-features application-platform-content-item\" id=\"features\" data-nav-section=\"features\"><h2>O que voc\u00ea pode fazer com a linha do tempo iFrame<\/h2> <ul> <li><strong>Envolva os visitantes visualmente<\/strong><br> Cative seu p\u00fablico com uma linha do tempo din\u00e2mica e visualmente atraente que apresenta seus principais marcos em um formato simples e interativo.<\/li> <li><strong>Mostre o progresso e os eventos<\/strong><br> Apresente seus eventos ou etapas do projeto em ordem cronol\u00f3gica, tornando mais f\u00e1cil para os visitantes acompanharem seu progresso e permanecerem engajados.<\/li> <li><strong>Enfatize as principais conquistas<\/strong><br> Destaque seus marcos mais importantes em um layout limpo e f\u00e1cil de entender que chama a aten\u00e7\u00e3o e incentiva maior intera\u00e7\u00e3o.<\/li> <\/ul> <p><a href=\"#demo\">Explore o editor para descobrir todos os recursos do Widget iFrame Timeline.<\/a><\/p> <\/div><div class=\"application-platform-content-item-installation application-platform-content-item\" id=\"installation\" data-nav-section=\"installation\"><h2>Como incorporar uma linha do tempo com iFrame<\/h2> <p>Integrar o widget iFrame Timeline ao seu site \u00e9 f\u00e1cil e n\u00e3o requer conhecimentos t\u00e9cnicos. Basta seguir estas etapas f\u00e1ceis:<\/p> <ol> <li><b>Crie sua linha do tempo iFrame personalizada<\/b><br> Escolha um modelo no editor e personalize-o para se adequar ao estilo e aos requisitos do seu site. Adicione marcos e ajuste o design para se adequar \u00e0 sua marca.<\/li> <li><b>Obtenha seu c\u00f3digo de incorpora\u00e7\u00e3o exclusivo<\/b><br> Depois de terminar de personalizar sua linha do tempo, voc\u00ea receber\u00e1 um c\u00f3digo de incorpora\u00e7\u00e3o HTML exclusivo. Copie este c\u00f3digo para usar mais tarde.<\/li> <li><b>Incorpore o c\u00f3digo em sua p\u00e1gina da web<\/b><br> Cole o c\u00f3digo HTML na se\u00e7\u00e3o apropriada da sua p\u00e1gina da web e salve as altera\u00e7\u00f5es. Sua linha do tempo estar\u00e1 ativa e pronta para envolver seus visitantes!<\/li> <li><b>Pronto! Aproveite sua nova linha do tempo interativa!<\/b><br> Confira seu site para ver a linha do tempo em a\u00e7\u00e3o e comece a interagir com seus visitantes de uma forma envolvente e visualmente atraente!<\/li> <\/ol> <p>Para obter instru\u00e7\u00f5es detalhadas, visite nosso guia completo sobre <a href=\"https:\/\/elfsight.com\/blog\/how-to-embed-timeline-to-website\/\" target=\"_blank\" rel=\"noopener\">como criar e incorporar uma linha do tempo em seu website<\/a>.<\/p> <\/div><div class=\"faq\" data-component=\"FAQ\"> <div class=\"faq-item\">\r\n\t\t\t\t\t<div class=\"faq-item-question\">\r\n\t\t\t\t\t\t<h3 class=\"faq-item-question-text\">O widget Timeline para iFrame \u00e9 gratuito?<\/h3>\r\n\r\n\t\t\t\t\t\t<div class=\"faq-item-question-icon\"><\/div>\r\n\t\t\t\t\t<\/div>\r\n\r\n\t\t\t\t\t<div class=\"faq-item-answer\">\r\n\t\t\t\t\t\t<div class=\"faq-item-answer-text\"> Sim, a Elfsight oferece um modelo de assinatura com um plano gratuito. Voc\u00ea pode acessar os recursos b\u00e1sicos do widget iFrame Timeline gratuitamente, com mais op\u00e7\u00f5es de personaliza\u00e7\u00e3o dispon\u00edveis por meio de planos premium. <\/div>\r\n\t\t\t\t\t<\/div>\r\n\t\t\t\t<\/div><div class=\"faq-item\">\r\n\t\t\t\t\t<div class=\"faq-item-question\">\r\n\t\t\t\t\t\t<h3 class=\"faq-item-question-text\">Preciso de habilidades de codifica\u00e7\u00e3o para usar o widget Timeline?<\/h3>\r\n\r\n\t\t\t\t\t\t<div class=\"faq-item-question-icon\"><\/div>\r\n\t\t\t\t\t<\/div>\r\n\r\n\t\t\t\t\t<div class=\"faq-item-answer\">\r\n\t\t\t\t\t\t<div class=\"faq-item-answer-text\"> N\u00e3o, o construtor iFrame Timeline da Elfsight foi projetado para ser f\u00e1cil de usar, portanto, nenhuma habilidade de codifica\u00e7\u00e3o \u00e9 necess\u00e1ria. Basta usar nosso editor intuitivo para criar e personalizar sua linha do tempo. <\/div>\r\n\t\t\t\t\t<\/div>\r\n\t\t\t\t<\/div><div class=\"faq-item\">\r\n\t\t\t\t\t<div class=\"faq-item-question\">\r\n\t\t\t\t\t\t<h3 class=\"faq-item-question-text\">Como posso criar uma linha do tempo interativa para iFrame?<\/h3>\r\n\r\n\t\t\t\t\t\t<div class=\"faq-item-question-icon\"><\/div>\r\n\t\t\t\t\t<\/div>\r\n\r\n\t\t\t\t\t<div class=\"faq-item-answer\">\r\n\t\t\t\t\t\t<div class=\"faq-item-answer-text\"> Selecione um modelo no editor, personalize-o de acordo com suas necessidades e incorpore a linha do tempo usando o c\u00f3digo HTML fornecido. <\/div>\r\n\t\t\t\t\t<\/div>\r\n\t\t\t\t<\/div><div class=\"faq-item\">\r\n\t\t\t\t\t<div class=\"faq-item-question\">\r\n\t\t\t\t\t\t<h3 class=\"faq-item-question-text\">Que tipos de cronogramas posso criar?<\/h3>\r\n\r\n\t\t\t\t\t\t<div class=\"faq-item-question-icon\"><\/div>\r\n\t\t\t\t\t<\/div>\r\n\r\n\t\t\t\t\t<div class=\"faq-item-answer\">\r\n\t\t\t\t\t\t<div class=\"faq-item-answer-text\"> Voc\u00ea pode criar v\u00e1rios tipos de cronogramas para seu site habilitado para iFrame, como:<ul> <li><strong>Hist\u00f3rico da empresa<\/strong>: mostre o crescimento e os marcos do seu neg\u00f3cio.<\/li> <li><strong>Desenvolvimento de produto<\/strong>: apresente a jornada do seu produto desde o in\u00edcio at\u00e9 o lan\u00e7amento.<\/li> <li><strong>Projeto Progresso<\/strong>: acompanhe e exiba os est\u00e1gios de seus projetos em andamento ou conclu\u00eddos.<\/li> <li><strong>Programa\u00e7\u00f5es de eventos<\/strong>: destaque eventos ou lan\u00e7amentos importantes em um formato de cronograma simples e f\u00e1cil de seguir.<\/li> <\/ul> <\/div>\r\n\t\t\t\t\t<\/div>\r\n\t\t\t\t<\/div> <\/div>","protected":false},"excerpt":{"rendered":"","protected":false},"author":9,"featured_media":0,"parent":14649,"menu_order":0,"comment_status":"closed","ping_status":"closed","template":"templates\/template-application-platform.php","meta":{"publish_to_discourse":"","publish_post_category":"","wpdc_auto_publish_overridden":"","wpdc_topic_tags":"","wpdc_pin_topic":"","wpdc_pin_until":"","discourse_post_id":"","discourse_permalink":"","wpdc_publishing_response":"","wpdc_publishing_error":"","footnotes":""},"class_list":["post-14703","page","type-page","status-publish","hentry"],"yoast_head":"<!-- This site is optimized with the Yoast SEO plugin v25.3.1 - https:\/\/yoast.com\/wordpress\/plugins\/seo\/ -->\n<title>Widget de linha do tempo - Incorporar linha de hist\u00f3rico no site iFrame | Gr\u00e1tis<\/title>\n<meta name=\"description\" content=\"Adicione uma linha do tempo responsiva ao seu site iFrame. Apresente marcos, progresso e eventos importantes em um formato din\u00e2mico com o plugin Timeline da Elfsight.\" \/>\n<meta name=\"robots\" content=\"index, follow, max-snippet:-1, max-image-preview:large, max-video-preview:-1\" \/>\n<link rel=\"canonical\" href=\"https:\/\/elfsight.com\/pt\/timeline-widget\/iframe\/\" \/>\n<meta property=\"og:locale\" content=\"pt_PT\" \/>\n<meta property=\"og:type\" content=\"article\" \/>\n<meta property=\"og:title\" content=\"Widget de linha do tempo - Incorporar linha de hist\u00f3rico no site iFrame | Gr\u00e1tis\" \/>\n<meta property=\"og:description\" content=\"Adicione uma linha do tempo responsiva ao seu site iFrame. Apresente marcos, progresso e eventos importantes em um formato din\u00e2mico com o plugin Timeline da Elfsight.\" \/>\n<meta property=\"og:url\" content=\"https:\/\/elfsight.com\/pt\/timeline-widget\/iframe\/\" \/>\n<meta property=\"og:site_name\" content=\"Elfsight PT\" \/>\n<meta property=\"article:modified_time\" content=\"2025-06-17T14:05:14+00:00\" \/>\n<meta name=\"twitter:card\" content=\"summary_large_image\" \/>\n<meta name=\"twitter:label1\" content=\"Tempo estimado de leitura\" \/>\n\t<meta name=\"twitter:data1\" content=\"4 minutos\" \/>\n<!-- \/ Yoast SEO plugin. -->","yoast_head_json":{"title":"Widget de linha do tempo - Incorporar linha de hist\u00f3rico no site iFrame | Gr\u00e1tis","description":"Adicione uma linha do tempo responsiva ao seu site iFrame. Apresente marcos, progresso e eventos importantes em um formato din\u00e2mico com o plugin Timeline da Elfsight.","robots":{"index":"index","follow":"follow","max-snippet":"max-snippet:-1","max-image-preview":"max-image-preview:large","max-video-preview":"max-video-preview:-1"},"canonical":"https:\/\/elfsight.com\/pt\/timeline-widget\/iframe\/","og_locale":"pt_PT","og_type":"article","og_title":"Widget de linha do tempo - Incorporar linha de hist\u00f3rico no site iFrame | Gr\u00e1tis","og_description":"Adicione uma linha do tempo responsiva ao seu site iFrame. Apresente marcos, progresso e eventos importantes em um formato din\u00e2mico com o plugin Timeline da Elfsight.","og_url":"https:\/\/elfsight.com\/pt\/timeline-widget\/iframe\/","og_site_name":"Elfsight PT","article_modified_time":"2025-06-17T14:05:14+00:00","twitter_card":"summary_large_image","twitter_misc":{"Tempo estimado de leitura":"4 minutos"},"schema":{"@context":"https:\/\/schema.org","@graph":[{"@type":"WebPage","@id":"https:\/\/elfsight.com\/pt\/timeline-widget\/iframe\/","url":"https:\/\/elfsight.com\/pt\/timeline-widget\/iframe\/","name":"Widget de linha do tempo - Incorporar linha de hist\u00f3rico no site iFrame | Gr\u00e1tis","isPartOf":{"@id":"https:\/\/elfsight.com\/pt\/#website"},"datePublished":"2024-06-13T08:49:44+00:00","dateModified":"2025-06-17T14:05:14+00:00","description":"Adicione uma linha do tempo responsiva ao seu site iFrame. Apresente marcos, progresso e eventos importantes em um formato din\u00e2mico com o plugin Timeline da Elfsight.","breadcrumb":{"@id":"https:\/\/elfsight.com\/pt\/timeline-widget\/iframe\/#breadcrumb"},"inLanguage":"pt-PT","potentialAction":[{"@type":"ReadAction","target":["https:\/\/elfsight.com\/pt\/timeline-widget\/iframe\/"]}]},{"@type":"BreadcrumbList","@id":"https:\/\/elfsight.com\/pt\/timeline-widget\/iframe\/#breadcrumb","itemListElement":[{"@type":"ListItem","position":1,"name":"Home","item":"https:\/\/elfsight.com\/pt\/"},{"@type":"ListItem","position":2,"name":"Timeline","item":"https:\/\/elfsight.com\/pt\/timeline-widget\/"},{"@type":"ListItem","position":3,"name":"Timeline &#8211; iFrame"}]},{"@type":"WebSite","@id":"https:\/\/elfsight.com\/pt\/#website","url":"https:\/\/elfsight.com\/pt\/","name":"Elfsight PT","description":"Just another Elfsight Sites site","potentialAction":[{"@type":"SearchAction","target":{"@type":"EntryPoint","urlTemplate":"https:\/\/elfsight.com\/pt\/?s={search_term_string}"},"query-input":{"@type":"PropertyValueSpecification","valueRequired":true,"valueName":"search_term_string"}}],"inLanguage":"pt-PT"}]}},"meta_box":{"industry":"","seo_heading":"","heading":"","description":"","cta_heading":"","cta_description":"","application":"14648","h1":"Plug-in de linha do tempo para iFrame","h1_caption":"Exiba uma linha do tempo interativa e envolvente de eventos para destacar marcos importantes, etapas do projeto ou linhas hist\u00f3ricas em seu site iFrame","application_category":[],"applications_title":"","applications_request_title":"","applications_request_button_text":"","hero_text":"","hero_video":"","hero_video_schema_markup":"","selling_points_title":"","selling_points_caption":"","selling_points":[],"selling_points_cta_text":"","features_title":"","features":"","ed_cta_examples_text":"","ed_cta_examples_hidden":"","ed_cta_demo_text":"","ed_cta_demo_hidden":"","why_caption":"","why_editor_title":"","why_editor_text":"","why_team_title":"","why_team_text":"","why_service_title":"","why_service_text":"","template_catalog_visible":"0","template_catalog_title":"","template_catalog_text":"","template_catalog_categories_visible":"","demo_title":"Crie seu plugin iFrame Timeline","demo_caption":"Personalize sua linha do tempo e adicione-a ao seu site com facilidade!","default_faq_hidden":"","app_template_category":[],"platform":"4911","template_public_id":"","codecanyon_url":"","codecanyon_item_id":"","codecanyon_price":"","pricing_caption":"","pricing_elfsight_apps_hide_column":"","pricing_elfsight_apps_url":"","pricing_codecanyon_price_caption":"","integration_category":[],"integration_request_title":"","integration_request_cta":"","integration_platform":"","integrations":[],"platform_category":[],"video_schema_markup":"","price":"a partir de $ 0 \/ m\u00eas","trial":"","benefits":[],"button_url":"#demo","button_target_blank":"0","button_nofollow":"0","attributes":[{"name":"Instala\u00e7\u00f5es","content":"50,000 - 100,000","_state":"expanded"},{"name":"Responsivo","content":"Sim","_state":"expanded"},{"name":"Navegadores compat\u00edveis","content":"Firefox, Safari, Opera, Chrome, Edge","_state":"expanded"}],"tags":[],"tags_disable_links":"0","hide_more_platforms":"0","video_object":"","demo_hide_cta":"0","demo_hide_cloud_options":"0","pricing_title":"","pricing":[{"pricing_icon":"platform","pricing_title":"Elfsight Apps","pricing_title_caption":"Software multiplataforma adequado para qualquer site","pricing_price":"a partir de $ 0 \/ m\u00eas","pricing_price_caption":"comece com um plano gratuito","pricing_button_text":"Adicionar ao site","pricing_button_url":"#demo"}],"related_apps_title":"","related_apps_hidden":"0","author":"","image":[],"title":"","job":"","social_networks":[]},"_links":{"self":[{"href":"https:\/\/elfsight.com\/pt\/wp-json\/wp\/v2\/pages\/14703","targetHints":{"allow":["GET"]}}],"collection":[{"href":"https:\/\/elfsight.com\/pt\/wp-json\/wp\/v2\/pages"}],"about":[{"href":"https:\/\/elfsight.com\/pt\/wp-json\/wp\/v2\/types\/page"}],"author":[{"embeddable":true,"href":"https:\/\/elfsight.com\/pt\/wp-json\/wp\/v2\/users\/9"}],"replies":[{"embeddable":true,"href":"https:\/\/elfsight.com\/pt\/wp-json\/wp\/v2\/comments?post=14703"}],"version-history":[{"count":1,"href":"https:\/\/elfsight.com\/pt\/wp-json\/wp\/v2\/pages\/14703\/revisions"}],"predecessor-version":[{"id":14707,"href":"https:\/\/elfsight.com\/pt\/wp-json\/wp\/v2\/pages\/14703\/revisions\/14707"}],"up":[{"embeddable":true,"href":"https:\/\/elfsight.com\/pt\/wp-json\/wp\/v2\/pages\/14649"}],"wp:attachment":[{"href":"https:\/\/elfsight.com\/pt\/wp-json\/wp\/v2\/media?parent=14703"}],"curies":[{"name":"wp","href":"https:\/\/api.w.org\/{rel}","templated":true}]}}