{"id":14698,"date":"2024-06-13T08:49:44","date_gmt":"2024-06-13T08:49:44","guid":{"rendered":"https:\/\/elfsight.com\/pt\/?page_id=14698"},"modified":"2025-06-17T14:05:06","modified_gmt":"2025-06-17T14:05:06","slug":"joomla","status":"publish","type":"page","link":"https:\/\/elfsight.com\/pt\/timeline-widget\/joomla\/","title":{"rendered":"Timeline &#8211; Joomla"},"content":{"rendered":"<div class=\"application-platform-content-item-description application-platform-content-item\" id=\"description\" data-nav-section=\"description\"><h2>Plugin Joomla Timeline<\/h2> <p>Aprimore seu site Joomla adicionando uma linha do tempo din\u00e2mica e personaliz\u00e1vel. Com o plugin Timeline da Elfsight, voc\u00ea pode exibir facilmente seus marcos, eventos importantes ou etapas do projeto em um formato visualmente atraente. Esteja voc\u00ea apresentando a hist\u00f3ria da sua empresa, detalhando as fases do projeto ou destacando o desenvolvimento do produto, este plug-in fornece uma maneira simples de criar um roteiro interativo sem a necessidade de habilidades de codifica\u00e7\u00e3o.<\/p> <ul> <li><b>Crie cronogramas interativos sem codifica\u00e7\u00e3o<\/b><br> Projete e lance um cronograma totalmente funcional em apenas alguns minutos, sem necessidade de conhecimento t\u00e9cnico, permitindo que voc\u00ea comece a envolver seus visitantes imediatamente.<\/li> <li><b>Op\u00e7\u00f5es avan\u00e7adas de personaliza\u00e7\u00e3o<\/b><br> Personalize seu design e layout da linha do tempo com uma variedade de modelos, esquemas de cores, fontes e configura\u00e7\u00f5es para combinar com o estilo da sua marca.<\/li> <li><b>Processo de incorpora\u00e7\u00e3o perfeito<\/b><br> Incorpore sua linha do tempo sem esfor\u00e7o em seu site Joomla com um c\u00f3digo de incorpora\u00e7\u00e3o HTML simples &#8211; sem problemas t\u00e9cnicos envolvidos.<\/li> <li><b>Suporte ao cliente responsivo<\/b><br> Nossa equipe de suporte dedicada est\u00e1 sempre pronta para ajud\u00e1-lo com a configura\u00e7\u00e3o, garantindo que sua linha do tempo funcione perfeitamente em seu Joomla site.<\/li> <\/ul> <p><b>Comece a usar o widget Elfsight Joomla Timeline hoje para cativar seus visitantes e mostrar suas conquistas de uma forma interativa!<\/b><\/p> <\/div><div class=\"application-platform-content-item-features application-platform-content-item\" id=\"features\" data-nav-section=\"features\"><h2>Recursos do plug-in Joomla Timeline<\/h2> <ul> <li><strong>Envolva seus visitantes visualmente<\/strong><br> Chame a aten\u00e7\u00e3o para seus marcos e eventos com uma linha do tempo din\u00e2mica e visualmente atraente que convida seu p\u00fablico a explorar ainda mais seu conte\u00fado.<\/li> <li><strong>Mostre seu progresso e eventos<\/strong><br> Exiba seus marcos ou etapas do projeto em uma ordem cronol\u00f3gica clara, ajudando seus visitantes a acompanhar seu desenvolvimento e permanecer envolvidos com seu conte\u00fado.<\/li> <li><strong>Destacar as principais conquistas<\/strong><br> D\u00ea \u00eanfase especial aos seus marcos mais significativos, apresentando-os em um formato visualmente f\u00e1cil de seguir que chama a aten\u00e7\u00e3o e incentiva a intera\u00e7\u00e3o.<\/li> <\/ul> <p><a href=\"#demo\">Explore o editor para experimentar todos os recursos do widget Linha do tempo em primeira m\u00e3o.<\/a><\/p> <\/div><div class=\"application-platform-content-item-installation application-platform-content-item\" id=\"installation\" data-nav-section=\"installation\"><h2>Como incorporar uma linha do tempo no Joomla<\/h2> <p>Adicionar uma linha do tempo ao seu site Joomla \u00e9 r\u00e1pido e direto. Basta seguir estes passos simples para come\u00e7ar:<\/p> <ol> <li><b>Crie sua linha do tempo Joomla personalizada<\/b><br> Escolha um modelo em nosso editor e personalize-o para combinar com o design do seu site. Personalize o layout, adicione marcos e ajuste as configura\u00e7\u00f5es de acordo com suas necessidades.<\/li> <li><b>Obtenha seu c\u00f3digo de incorpora\u00e7\u00e3o exclusivo<\/b><br> Assim que sua linha do tempo for personalizada, voc\u00ea receber\u00e1 um c\u00f3digo HTML exclusivo. Copie este c\u00f3digo para us\u00e1-lo mais tarde.<\/li> <li><b>Incorpore o c\u00f3digo em seu site Joomla<\/b><br> Cole o c\u00f3digo HTML na se\u00e7\u00e3o apropriada de sua p\u00e1gina Joomla e salve as altera\u00e7\u00f5es. Sua linha do tempo interativa agora estar\u00e1 ativa em seu site!<\/li> <li><b>Pronto! Aproveite sua nova linha do tempo!<\/b><br> Visite seu site para ver a linha do tempo em a\u00e7\u00e3o e comece a envolver os visitantes com uma linha do tempo visualmente atraente.<\/li> <\/ol> <p>Para instru\u00e7\u00f5es mais detalhadas, confira nosso guia completo sobre <a href=\"https:\/\/elfsight.com\/blog\/how-to-embed-timeline-to-website\/\" target=\"_blank\" rel=\"noopener\">como adicionar uma linha do tempo ao seu Joomla site<\/a>.<\/p> <\/div><div class=\"faq\" data-component=\"FAQ\"> <div class=\"faq-item\">\r\n\t\t\t\t\t<div class=\"faq-item-question\">\r\n\t\t\t\t\t\t<h3 class=\"faq-item-question-text\">O widget Timeline para Joomla \u00e9 gratuito?<\/h3>\r\n\r\n\t\t\t\t\t\t<div class=\"faq-item-question-icon\"><\/div>\r\n\t\t\t\t\t<\/div>\r\n\r\n\t\t\t\t\t<div class=\"faq-item-answer\">\r\n\t\t\t\t\t\t<div class=\"faq-item-answer-text\"> Sim, a Elfsight oferece um modelo de assinatura multicamadas, que inclui um plano gratuito. Voc\u00ea pode acessar os principais recursos do widget Joomla Timeline gratuitamente, com op\u00e7\u00f5es adicionais de personaliza\u00e7\u00e3o dispon\u00edveis atrav\u00e9s de planos premium. <\/div>\r\n\t\t\t\t\t<\/div>\r\n\t\t\t\t<\/div><div class=\"faq-item\">\r\n\t\t\t\t\t<div class=\"faq-item-question\">\r\n\t\t\t\t\t\t<h3 class=\"faq-item-question-text\">Preciso de habilidades de codifica\u00e7\u00e3o para usar o widget Timeline?<\/h3>\r\n\r\n\t\t\t\t\t\t<div class=\"faq-item-question-icon\"><\/div>\r\n\t\t\t\t\t<\/div>\r\n\r\n\t\t\t\t\t<div class=\"faq-item-answer\">\r\n\t\t\t\t\t\t<div class=\"faq-item-answer-text\"> N\u00e3o, o construtor Joomla Timeline da Elfsight foi projetado para ser f\u00e1cil de usar. Voc\u00ea n\u00e3o precisa de nenhuma experi\u00eancia em codifica\u00e7\u00e3o \u2013 basta usar nosso editor amig\u00e1vel para criar e personalizar sua linha do tempo. <\/div>\r\n\t\t\t\t\t<\/div>\r\n\t\t\t\t<\/div><div class=\"faq-item\">\r\n\t\t\t\t\t<div class=\"faq-item-question\">\r\n\t\t\t\t\t\t<h3 class=\"faq-item-question-text\">Como posso criar uma linha do tempo interativa para Joomla?<\/h3>\r\n\r\n\t\t\t\t\t\t<div class=\"faq-item-question-icon\"><\/div>\r\n\t\t\t\t\t<\/div>\r\n\r\n\t\t\t\t\t<div class=\"faq-item-answer\">\r\n\t\t\t\t\t\t<div class=\"faq-item-answer-text\"> Basta escolher um modelo no editor, personaliz\u00e1-lo conforme necess\u00e1rio e incorpor\u00e1-lo usando o c\u00f3digo HTML fornecido. <\/div>\r\n\t\t\t\t\t<\/div>\r\n\t\t\t\t<\/div><div class=\"faq-item\">\r\n\t\t\t\t\t<div class=\"faq-item-question\">\r\n\t\t\t\t\t\t<h3 class=\"faq-item-question-text\">Que tipos de cronogramas posso criar?<\/h3>\r\n\r\n\t\t\t\t\t\t<div class=\"faq-item-question-icon\"><\/div>\r\n\t\t\t\t\t<\/div>\r\n\r\n\t\t\t\t\t<div class=\"faq-item-answer\">\r\n\t\t\t\t\t\t<div class=\"faq-item-answer-text\"> Voc\u00ea pode criar v\u00e1rios cronogramas para o seu site Joomla, como:<ul> <li><strong>Hist\u00f3rico da empresa<\/strong>: mostre os marcos e o crescimento da sua empresa.<\/li> <li><strong>Desenvolvimento do produto<\/strong>: exiba a jornada do seu produto desde o conceito at\u00e9 o lan\u00e7amento.<\/li> <li><strong>Progresso do projeto<\/strong>: acompanhe e visualize os est\u00e1gios do seu andamento. ou projetos conclu\u00eddos.<\/li> <li><strong>Programa\u00e7\u00f5es de eventos<\/strong>: apresente cronogramas de eventos, lan\u00e7amentos de produtos ou programa\u00e7\u00f5es de confer\u00eancias em um formato simples e interativo.<\/li> <\/ul> <\/div>\r\n\t\t\t\t\t<\/div>\r\n\t\t\t\t<\/div> <\/div>","protected":false},"excerpt":{"rendered":"","protected":false},"author":9,"featured_media":0,"parent":14649,"menu_order":0,"comment_status":"closed","ping_status":"closed","template":"templates\/template-application-platform.php","meta":{"publish_to_discourse":"","publish_post_category":"","wpdc_auto_publish_overridden":"","wpdc_topic_tags":"","wpdc_pin_topic":"","wpdc_pin_until":"","discourse_post_id":"","discourse_permalink":"","wpdc_publishing_response":"","wpdc_publishing_error":"","footnotes":""},"class_list":["post-14698","page","type-page","status-publish","hentry"],"yoast_head":"<!-- This site is optimized with the Yoast SEO plugin v25.3.1 - https:\/\/yoast.com\/wordpress\/plugins\/seo\/ -->\n<title>Widget de linha do tempo - Incorporar linha de hist\u00f3rico no site Joomla [GRATUITO]<\/title>\n<meta name=\"description\" content=\"Fique ligado em nossos pr\u00f3ximos plug-ins e widgets Joomla. Veja todos os recursos do plugin Joomla Timeline que voc\u00ea pode adicionar ao site.\" \/>\n<meta name=\"robots\" content=\"index, follow, max-snippet:-1, max-image-preview:large, max-video-preview:-1\" \/>\n<link rel=\"canonical\" href=\"https:\/\/elfsight.com\/pt\/timeline-widget\/joomla\/\" \/>\n<meta property=\"og:locale\" content=\"pt_PT\" \/>\n<meta property=\"og:type\" content=\"article\" \/>\n<meta property=\"og:title\" content=\"Widget de linha do tempo - Incorporar linha de hist\u00f3rico no site Joomla [GRATUITO]\" \/>\n<meta property=\"og:description\" content=\"Fique ligado em nossos pr\u00f3ximos plug-ins e widgets Joomla. Veja todos os recursos do plugin Joomla Timeline que voc\u00ea pode adicionar ao site.\" \/>\n<meta property=\"og:url\" content=\"https:\/\/elfsight.com\/pt\/timeline-widget\/joomla\/\" \/>\n<meta property=\"og:site_name\" content=\"Elfsight PT\" \/>\n<meta property=\"article:modified_time\" content=\"2025-06-17T14:05:06+00:00\" \/>\n<meta name=\"twitter:card\" content=\"summary_large_image\" \/>\n<meta name=\"twitter:label1\" content=\"Tempo estimado de leitura\" \/>\n\t<meta name=\"twitter:data1\" content=\"4 minutos\" \/>\n<!-- \/ Yoast SEO plugin. -->","yoast_head_json":{"title":"Widget de linha do tempo - Incorporar linha de hist\u00f3rico no site Joomla [GRATUITO]","description":"Fique ligado em nossos pr\u00f3ximos plug-ins e widgets Joomla. Veja todos os recursos do plugin Joomla Timeline que voc\u00ea pode adicionar ao site.","robots":{"index":"index","follow":"follow","max-snippet":"max-snippet:-1","max-image-preview":"max-image-preview:large","max-video-preview":"max-video-preview:-1"},"canonical":"https:\/\/elfsight.com\/pt\/timeline-widget\/joomla\/","og_locale":"pt_PT","og_type":"article","og_title":"Widget de linha do tempo - Incorporar linha de hist\u00f3rico no site Joomla [GRATUITO]","og_description":"Fique ligado em nossos pr\u00f3ximos plug-ins e widgets Joomla. Veja todos os recursos do plugin Joomla Timeline que voc\u00ea pode adicionar ao site.","og_url":"https:\/\/elfsight.com\/pt\/timeline-widget\/joomla\/","og_site_name":"Elfsight PT","article_modified_time":"2025-06-17T14:05:06+00:00","twitter_card":"summary_large_image","twitter_misc":{"Tempo estimado de leitura":"4 minutos"},"schema":{"@context":"https:\/\/schema.org","@graph":[{"@type":"WebPage","@id":"https:\/\/elfsight.com\/pt\/timeline-widget\/joomla\/","url":"https:\/\/elfsight.com\/pt\/timeline-widget\/joomla\/","name":"Widget de linha do tempo - Incorporar linha de hist\u00f3rico no site Joomla [GRATUITO]","isPartOf":{"@id":"https:\/\/elfsight.com\/pt\/#website"},"datePublished":"2024-06-13T08:49:44+00:00","dateModified":"2025-06-17T14:05:06+00:00","description":"Fique ligado em nossos pr\u00f3ximos plug-ins e widgets Joomla. Veja todos os recursos do plugin Joomla Timeline que voc\u00ea pode adicionar ao site.","breadcrumb":{"@id":"https:\/\/elfsight.com\/pt\/timeline-widget\/joomla\/#breadcrumb"},"inLanguage":"pt-PT","potentialAction":[{"@type":"ReadAction","target":["https:\/\/elfsight.com\/pt\/timeline-widget\/joomla\/"]}]},{"@type":"BreadcrumbList","@id":"https:\/\/elfsight.com\/pt\/timeline-widget\/joomla\/#breadcrumb","itemListElement":[{"@type":"ListItem","position":1,"name":"Home","item":"https:\/\/elfsight.com\/pt\/"},{"@type":"ListItem","position":2,"name":"Timeline","item":"https:\/\/elfsight.com\/pt\/timeline-widget\/"},{"@type":"ListItem","position":3,"name":"Timeline &#8211; Joomla"}]},{"@type":"WebSite","@id":"https:\/\/elfsight.com\/pt\/#website","url":"https:\/\/elfsight.com\/pt\/","name":"Elfsight PT","description":"Just another Elfsight Sites site","potentialAction":[{"@type":"SearchAction","target":{"@type":"EntryPoint","urlTemplate":"https:\/\/elfsight.com\/pt\/?s={search_term_string}"},"query-input":{"@type":"PropertyValueSpecification","valueRequired":true,"valueName":"search_term_string"}}],"inLanguage":"pt-PT"}]}},"meta_box":{"industry":"","seo_heading":"","heading":"","description":"","cta_heading":"","cta_description":"","application":"14648","h1":"Plug-in de linha do tempo para Joomla","h1_caption":"Apresente uma linha do tempo de eventos visualmente envolvente em seu site Joomla para destacar os principais marcos e conquistas","application_category":[],"applications_title":"","applications_request_title":"","applications_request_button_text":"","hero_text":"","hero_video":"","hero_video_schema_markup":"","selling_points_title":"","selling_points_caption":"","selling_points":[],"selling_points_cta_text":"","features_title":"","features":"","ed_cta_examples_text":"","ed_cta_examples_hidden":"","ed_cta_demo_text":"","ed_cta_demo_hidden":"","why_caption":"","why_editor_title":"","why_editor_text":"","why_team_title":"","why_team_text":"","why_service_title":"","why_service_text":"","template_catalog_visible":"0","template_catalog_title":"","template_catalog_text":"","template_catalog_categories_visible":"","demo_title":"Crie seu plugin Joomla Timeline","demo_caption":"Personalize sua linha do tempo e adicione-a ao seu site com facilidade!","default_faq_hidden":"","app_template_category":[],"platform":"52","template_public_id":"","codecanyon_url":"","codecanyon_item_id":"","codecanyon_price":"","pricing_caption":"","pricing_elfsight_apps_hide_column":"","pricing_elfsight_apps_url":"","pricing_codecanyon_price_caption":"","integration_category":[],"integration_request_title":"","integration_request_cta":"","integration_platform":"","integrations":[],"platform_category":[],"video_schema_markup":"","price":"a partir de $ 0 \/ m\u00eas","trial":"","benefits":[],"button_url":"#demo","button_target_blank":"0","button_nofollow":"0","attributes":[{"name":"Instala\u00e7\u00f5es","content":"50,000 - 100,000","_state":"expanded"},{"name":"Responsivo","content":"Sim","_state":"expanded"},{"name":"Navegadores compat\u00edveis","content":"Firefox, Safari, Opera, Chrome, Edge","_state":"expanded"}],"tags":[],"tags_disable_links":"0","hide_more_platforms":"0","video_object":"","demo_hide_cta":"0","demo_hide_cloud_options":"0","pricing_title":"","pricing":[{"pricing_icon":"platform","pricing_title":"Elfsight Apps","pricing_title_caption":"Software multiplataforma adequado para qualquer site","pricing_price":"a partir de $ 0 \/ m\u00eas","pricing_price_caption":"comece com um plano gratuito","pricing_button_text":"Adicionar ao site","pricing_button_url":"#demo"}],"related_apps_title":"","related_apps_hidden":"0","author":"","image":[],"title":"","job":"","social_networks":[]},"_links":{"self":[{"href":"https:\/\/elfsight.com\/pt\/wp-json\/wp\/v2\/pages\/14698","targetHints":{"allow":["GET"]}}],"collection":[{"href":"https:\/\/elfsight.com\/pt\/wp-json\/wp\/v2\/pages"}],"about":[{"href":"https:\/\/elfsight.com\/pt\/wp-json\/wp\/v2\/types\/page"}],"author":[{"embeddable":true,"href":"https:\/\/elfsight.com\/pt\/wp-json\/wp\/v2\/users\/9"}],"replies":[{"embeddable":true,"href":"https:\/\/elfsight.com\/pt\/wp-json\/wp\/v2\/comments?post=14698"}],"version-history":[{"count":1,"href":"https:\/\/elfsight.com\/pt\/wp-json\/wp\/v2\/pages\/14698\/revisions"}],"predecessor-version":[{"id":14702,"href":"https:\/\/elfsight.com\/pt\/wp-json\/wp\/v2\/pages\/14698\/revisions\/14702"}],"up":[{"embeddable":true,"href":"https:\/\/elfsight.com\/pt\/wp-json\/wp\/v2\/pages\/14649"}],"wp:attachment":[{"href":"https:\/\/elfsight.com\/pt\/wp-json\/wp\/v2\/media?parent=14698"}],"curies":[{"name":"wp","href":"https:\/\/api.w.org\/{rel}","templated":true}]}}