{"id":14696,"date":"2025-03-10T15:10:24","date_gmt":"2025-03-10T15:10:24","guid":{"rendered":"https:\/\/elfsight.com\/pt\/?page_id=14696"},"modified":"2025-06-17T14:05:06","modified_gmt":"2025-06-17T14:05:06","slug":"bigcommerce","status":"publish","type":"page","link":"https:\/\/elfsight.com\/pt\/timeline-widget\/bigcommerce\/","title":{"rendered":"Timeline &#8211; BigCommerce"},"content":{"rendered":"<div class=\"application-platform-content-item-description application-platform-content-item\" id=\"description\" data-nav-section=\"description\"><h2>Aplicativo BigCommerce Timeline<\/h2> <p>Eleve sua loja BigCommerce com uma linha do tempo interativa que ajuda a mostrar marcos significativos, eventos importantes e etapas de sua jornada de neg\u00f3cios. Envolva seus clientes com uma linha do tempo visualmente din\u00e2mica e interativa. O construtor Elfsight BigCommerce Timeline permite que voc\u00ea personalize marcadores de marcos para criar uma experi\u00eancia cativante. Esteja voc\u00ea destacando a hist\u00f3ria da sua empresa, acompanhando o desenvolvimento de produtos ou exibindo as principais realiza\u00e7\u00f5es de neg\u00f3cios, esse widget permite criar um cronograma flex\u00edvel adaptado aos seus objetivos exclusivos.<\/p> <ul> <li><b>Crie cronogramas interativos sem necessidade de codifica\u00e7\u00e3o.<\/b><br> Crie um cronograma totalmente funcional em minutos, sem a necessidade de habilidades t\u00e9cnicas, e comece a cativar seus visitantes instantaneamente.<\/li> <li><b>Op\u00e7\u00f5es de personaliza\u00e7\u00e3o abrangentes.<\/b><br> Personalize seu design, layout, cores, fontes e configura\u00e7\u00f5es da linha do tempo para se alinhar perfeitamente com a est\u00e9tica da sua marca e o design da loja.<\/li> <li><b>Processo de integra\u00e7\u00e3o f\u00e1cil.<\/b><br> Adicione rapidamente sua linha do tempo personalizada \u00e0 sua loja BigCommerce com um c\u00f3digo HTML incorporado simples &#8211; sem necessidade de conhecimento de codifica\u00e7\u00e3o.<\/li> <li><b>Suporte ao cliente dedicado.<\/b><br> Nossa equipe est\u00e1 sempre dispon\u00edvel para ajudar com o processo de configura\u00e7\u00e3o, garantindo que sua linha do tempo funcione perfeitamente em sua loja.<\/li> <\/ul> <p><b>Experimente o widget Elfsight BigCommerce Timeline e apresente seus marcos de uma forma visualmente envolvente!<\/b><\/p><\/div><div class=\"application-platform-content-item-features application-platform-content-item\" id=\"features\" data-nav-section=\"features\"><h2>O que voc\u00ea pode fazer com BigCommerce Timeline<\/h2> <ul> <li><strong>Envolva visualmente seu p\u00fablico.<\/strong><br> Atraia e retenha visitantes exibindo sua chave marcos em um formato gr\u00e1fico claro. Uma linha do tempo visual simplifica seu conte\u00fado, incentivando os usu\u00e1rios a explorar mais.<\/li> <li><strong>Mostre o progresso e os eventos.<\/strong><br> Apresente cronologicamente os marcos do seu neg\u00f3cio, etapas do produto ou eventos importantes, mantendo os visitantes informados e interessados \u200b\u200bem seus desenvolvimentos.<\/li> <li><strong>Enfatize suas principais conquistas.<\/strong><br> Destaque seus marcos mais importantes com um layout limpo e organizado que seja f\u00e1cil para os visitantes acompanharem e interagirem.<\/li> <\/ul> <p><a href=\"#demo\">Explore o editor para descobrir todos os recursos poderosos do widget Timeline.<\/a><\/p><\/div><div class=\"application-platform-content-item-installation application-platform-content-item\" id=\"installation\" data-nav-section=\"installation\"><h2>Como incorporar uma linha do tempo no BigCommerce<\/h2> <p>Adicionar o widget Timeline \u00e0 sua loja BigCommerce \u00e9 r\u00e1pido e simples, sem a necessidade de habilidades de codifica\u00e7\u00e3o. Basta seguir estas etapas f\u00e1ceis:<\/p> <ol> <li><b>Personalize sua linha do tempo do BigCommerce<\/b><br> Selecione um modelo no editor e ajuste-o para atender \u00e0s suas necessidades. Personalize o layout, adicione marcadores de marcos e modifique o design para combinar com o estilo da sua loja.<\/li> <li><b>Copie seu c\u00f3digo de incorpora\u00e7\u00e3o<\/b><br> Depois de terminar de personalizar sua linha do tempo, voc\u00ea receber\u00e1 um c\u00f3digo de incorpora\u00e7\u00e3o HTML exclusivo. Copie este c\u00f3digo para uso futuro.<\/li> <li><b>Incorpore o c\u00f3digo em sua p\u00e1gina do BigCommerce<\/b><br> Cole o c\u00f3digo HTML incorporado na se\u00e7\u00e3o apropriada de sua p\u00e1gina da web e salve as altera\u00e7\u00f5es. Sua linha do tempo agora estar\u00e1 ativa!<\/li> <li><b>Aproveite sua linha do tempo interativa!<\/b><br> Visite sua loja para ver a linha do tempo em a\u00e7\u00e3o e comece a envolver seus clientes com uma experi\u00eancia interativa e visualmente cativante.<\/li> <\/ol> <p>Para obter instru\u00e7\u00f5es mais detalhadas, confira nosso guia completo em <a href=\"https:\/\/elfsight.com\/blog\/how-to-embed-timeline-to-website\/\" target=\"_blank\" rel=\"noopener\">como adicionar uma linha do tempo ao seu site<\/a>.<\/p><\/div><div class=\"faq\" data-component=\"FAQ\"><div class=\"faq-item\">\r\n\t\t\t\t\t<div class=\"faq-item-question\">\r\n\t\t\t\t\t\t<h3 class=\"faq-item-question-text\">O widget Timeline para BigCommerce \u00e9 gratuito?<\/h3>\r\n\r\n\t\t\t\t\t\t<div class=\"faq-item-question-icon\"><\/div>\r\n\t\t\t\t\t<\/div>\r\n\r\n\t\t\t\t\t<div class=\"faq-item-answer\">\r\n\t\t\t\t\t\t<div class=\"faq-item-answer-text\">Sim, a Elfsight oferece um modelo de assinatura que inclui um n\u00edvel gratuito. Voc\u00ea pode acessar a funcionalidade b\u00e1sica do widget Timeline sem nenhum custo, com planos premium dispon\u00edveis para mais op\u00e7\u00f5es de personaliza\u00e7\u00e3o.<\/div>\r\n\t\t\t\t\t<\/div>\r\n\t\t\t\t<\/div><div class=\"faq-item\">\r\n\t\t\t\t\t<div class=\"faq-item-question\">\r\n\t\t\t\t\t\t<h3 class=\"faq-item-question-text\">Preciso de conhecimento de codifica\u00e7\u00e3o para usar o widget Timeline?<\/h3>\r\n\r\n\t\t\t\t\t\t<div class=\"faq-item-question-icon\"><\/div>\r\n\t\t\t\t\t<\/div>\r\n\r\n\t\t\t\t\t<div class=\"faq-item-answer\">\r\n\t\t\t\t\t\t<div class=\"faq-item-answer-text\">N\u00e3o, o widget BigCommerce Timeline n\u00e3o requer conhecimento de codifica\u00e7\u00e3o. Voc\u00ea pode criar e personalizar facilmente sua linha do tempo usando nosso editor intuitivo.<\/div>\r\n\t\t\t\t\t<\/div>\r\n\t\t\t\t<\/div><div class=\"faq-item\">\r\n\t\t\t\t\t<div class=\"faq-item-question\">\r\n\t\t\t\t\t\t<h3 class=\"faq-item-question-text\">Como fa\u00e7o para criar uma linha do tempo interativa para o BigCommerce?<\/h3>\r\n\r\n\t\t\t\t\t\t<div class=\"faq-item-question-icon\"><\/div>\r\n\t\t\t\t\t<\/div>\r\n\r\n\t\t\t\t\t<div class=\"faq-item-answer\">\r\n\t\t\t\t\t\t<div class=\"faq-item-answer-text\">Basta escolher um modelo no editor, ajust\u00e1-lo \u00e0s suas necessidades e incorpor\u00e1-lo em sua loja usando o c\u00f3digo HTML incorporado fornecido.<\/div>\r\n\t\t\t\t\t<\/div>\r\n\t\t\t\t<\/div><div class=\"faq-item\">\r\n\t\t\t\t\t<div class=\"faq-item-question\">\r\n\t\t\t\t\t\t<h3 class=\"faq-item-question-text\">Que tipos de linhas do tempo posso criar?<\/h3>\r\n\r\n\t\t\t\t\t\t<div class=\"faq-item-question-icon\"><\/div>\r\n\t\t\t\t\t<\/div>\r\n\r\n\t\t\t\t\t<div class=\"faq-item-answer\">\r\n\t\t\t\t\t\t<div class=\"faq-item-answer-text\"><p>Com o widget BigCommerce Timeline, voc\u00ea pode criar v\u00e1rios tipos de cronograma cronogramas para sua loja, incluindo:<\/p> <ul> <li><strong>Marcos da empresa:<\/strong> Exiba a evolu\u00e7\u00e3o do seu neg\u00f3cio, mostrando as principais conquistas e crescimento.<\/li> <li><strong>Desenvolvimento de produto:<\/strong> Acompanhe e apresente a jornada do seu produto desde o conceito at\u00e9 o lan\u00e7amento, marcando marcos importantes ao longo do caminho.<\/li> <li><strong>Progresso do projeto:<\/strong> Exiba os diferentes est\u00e1gios de projetos em andamento ou conclu\u00eddos, mantendo os clientes atualizados.<\/li> <li><strong>Cronogramas de eventos:<\/strong> organize e apresente cronogramas para eventos especiais, promo\u00e7\u00f5es ou lan\u00e7amentos para manter seus visitantes informados.<\/li> <\/ul><\/div>\r\n\t\t\t\t\t<\/div>\r\n\t\t\t\t<\/div><\/div>","protected":false},"excerpt":{"rendered":"","protected":false},"author":9,"featured_media":0,"parent":14649,"menu_order":0,"comment_status":"closed","ping_status":"closed","template":"templates\/template-application-platform.php","meta":{"publish_to_discourse":"","publish_post_category":"","wpdc_auto_publish_overridden":"","wpdc_topic_tags":"","wpdc_pin_topic":"","wpdc_pin_until":"","discourse_post_id":"","discourse_permalink":"","wpdc_publishing_response":"","wpdc_publishing_error":"","footnotes":""},"class_list":["post-14696","page","type-page","status-publish","hentry"],"yoast_head":"<!-- This site is optimized with the Yoast SEO plugin v25.3.1 - https:\/\/yoast.com\/wordpress\/plugins\/seo\/ -->\n<title>Widget de linha do tempo - Adicionar linha do tempo personalizada \u00e0 loja BigCommerce (gr\u00e1tis)<\/title>\n<meta name=\"description\" content=\"Aprimore seu site BigCommerce com uma linha do tempo interativa. Exiba seus marcos, eventos e progresso com o aplicativo totalmente personaliz\u00e1vel da Elfsight.\" \/>\n<meta name=\"robots\" content=\"index, follow, max-snippet:-1, max-image-preview:large, max-video-preview:-1\" \/>\n<link rel=\"canonical\" href=\"https:\/\/elfsight.com\/pt\/timeline-widget\/bigcommerce\/\" \/>\n<meta property=\"og:locale\" content=\"pt_PT\" \/>\n<meta property=\"og:type\" content=\"article\" \/>\n<meta property=\"og:title\" content=\"Widget de linha do tempo - Adicionar linha do tempo personalizada \u00e0 loja BigCommerce (gr\u00e1tis)\" \/>\n<meta property=\"og:description\" content=\"Aprimore seu site BigCommerce com uma linha do tempo interativa. Exiba seus marcos, eventos e progresso com o aplicativo totalmente personaliz\u00e1vel da Elfsight.\" \/>\n<meta property=\"og:url\" content=\"https:\/\/elfsight.com\/pt\/timeline-widget\/bigcommerce\/\" \/>\n<meta property=\"og:site_name\" content=\"Elfsight PT\" \/>\n<meta property=\"article:modified_time\" content=\"2025-06-17T14:05:06+00:00\" \/>\n<meta name=\"twitter:card\" content=\"summary_large_image\" \/>\n<meta name=\"twitter:label1\" content=\"Tempo estimado de leitura\" \/>\n\t<meta name=\"twitter:data1\" content=\"4 minutos\" \/>\n<!-- \/ Yoast SEO plugin. -->","yoast_head_json":{"title":"Widget de linha do tempo - Adicionar linha do tempo personalizada \u00e0 loja BigCommerce (gr\u00e1tis)","description":"Aprimore seu site BigCommerce com uma linha do tempo interativa. Exiba seus marcos, eventos e progresso com o aplicativo totalmente personaliz\u00e1vel da Elfsight.","robots":{"index":"index","follow":"follow","max-snippet":"max-snippet:-1","max-image-preview":"max-image-preview:large","max-video-preview":"max-video-preview:-1"},"canonical":"https:\/\/elfsight.com\/pt\/timeline-widget\/bigcommerce\/","og_locale":"pt_PT","og_type":"article","og_title":"Widget de linha do tempo - Adicionar linha do tempo personalizada \u00e0 loja BigCommerce (gr\u00e1tis)","og_description":"Aprimore seu site BigCommerce com uma linha do tempo interativa. Exiba seus marcos, eventos e progresso com o aplicativo totalmente personaliz\u00e1vel da Elfsight.","og_url":"https:\/\/elfsight.com\/pt\/timeline-widget\/bigcommerce\/","og_site_name":"Elfsight PT","article_modified_time":"2025-06-17T14:05:06+00:00","twitter_card":"summary_large_image","twitter_misc":{"Tempo estimado de leitura":"4 minutos"},"schema":{"@context":"https:\/\/schema.org","@graph":[{"@type":"WebPage","@id":"https:\/\/elfsight.com\/pt\/timeline-widget\/bigcommerce\/","url":"https:\/\/elfsight.com\/pt\/timeline-widget\/bigcommerce\/","name":"Widget de linha do tempo - Adicionar linha do tempo personalizada \u00e0 loja BigCommerce (gr\u00e1tis)","isPartOf":{"@id":"https:\/\/elfsight.com\/pt\/#website"},"datePublished":"2025-03-10T15:10:24+00:00","dateModified":"2025-06-17T14:05:06+00:00","description":"Aprimore seu site BigCommerce com uma linha do tempo interativa. Exiba seus marcos, eventos e progresso com o aplicativo totalmente personaliz\u00e1vel da Elfsight.","breadcrumb":{"@id":"https:\/\/elfsight.com\/pt\/timeline-widget\/bigcommerce\/#breadcrumb"},"inLanguage":"pt-PT","potentialAction":[{"@type":"ReadAction","target":["https:\/\/elfsight.com\/pt\/timeline-widget\/bigcommerce\/"]}]},{"@type":"BreadcrumbList","@id":"https:\/\/elfsight.com\/pt\/timeline-widget\/bigcommerce\/#breadcrumb","itemListElement":[{"@type":"ListItem","position":1,"name":"Home","item":"https:\/\/elfsight.com\/pt\/"},{"@type":"ListItem","position":2,"name":"Timeline","item":"https:\/\/elfsight.com\/pt\/timeline-widget\/"},{"@type":"ListItem","position":3,"name":"Timeline &#8211; BigCommerce"}]},{"@type":"WebSite","@id":"https:\/\/elfsight.com\/pt\/#website","url":"https:\/\/elfsight.com\/pt\/","name":"Elfsight PT","description":"Just another Elfsight Sites site","potentialAction":[{"@type":"SearchAction","target":{"@type":"EntryPoint","urlTemplate":"https:\/\/elfsight.com\/pt\/?s={search_term_string}"},"query-input":{"@type":"PropertyValueSpecification","valueRequired":true,"valueName":"search_term_string"}}],"inLanguage":"pt-PT"}]}},"meta_box":{"industry":"","seo_heading":"","heading":"","description":"","cta_heading":"","cta_description":"","application":"14648","h1":"Aplicativo de linha do tempo para BigCommerce","h1_caption":"Apresente marcos, conquistas e eventos importantes significativos em sua loja BigCommerce em um formato envolvente e visualmente interativo com o aplicativo Timeline.","application_category":[],"applications_title":"","applications_request_title":"","applications_request_button_text":"","hero_text":"","hero_video":"","hero_video_schema_markup":"","selling_points_title":"","selling_points_caption":"","selling_points":[],"selling_points_cta_text":"","features_title":"","features":"","ed_cta_examples_text":"","ed_cta_examples_hidden":"","ed_cta_demo_text":"","ed_cta_demo_hidden":"","why_caption":"","why_editor_title":"","why_editor_text":"","why_team_title":"","why_team_text":"","why_service_title":"","why_service_text":"","template_catalog_visible":"","template_catalog_title":"","template_catalog_text":"","template_catalog_categories_visible":"","demo_title":"Crie seu aplicativo BigCommerce Timeline","demo_caption":"Personalize sua linha do tempo e adicione-a ao seu site com facilidade!","default_faq_hidden":"","app_template_category":[],"platform":"43","template_public_id":"","codecanyon_url":"","codecanyon_item_id":"","codecanyon_price":"","pricing_caption":"","pricing_elfsight_apps_hide_column":"","pricing_elfsight_apps_url":"","pricing_codecanyon_price_caption":"","integration_category":[],"integration_request_title":"","integration_request_cta":"","integration_platform":"","integrations":[],"platform_category":[],"video_schema_markup":"","price":"a partir de $ 0 \/ m\u00eas","trial":"","benefits":[],"button_url":"#demo","button_target_blank":"0","button_nofollow":"0","attributes":[{"name":"Instala\u00e7\u00f5es","content":"50,000 - 100,000","_state":"expanded"},{"name":"Responsivo","content":"Sim","_state":"expanded"},{"name":"Navegadores compat\u00edveis","content":"Firefox, Safari, Opera, Chrome, Edge","_state":"expanded"}],"tags":[],"tags_disable_links":"","hide_more_platforms":"","video_object":"","demo_hide_cta":"0","demo_hide_cloud_options":"","pricing_title":"","pricing":[{"pricing_icon":"platform","pricing_title":"Elfsight Apps","pricing_title_caption":"Software multiplataforma adequado para qualquer site","pricing_price":"a partir de $ 0 \/ m\u00eas","pricing_price_caption":"comece com um plano gratuito","pricing_benefits":"[object Object],[object Object],[object Object],[object Object]","pricing_button_text":"Adicionar ao site","pricing_button_url":"#demo"}],"related_apps_title":"","related_apps_hidden":"","author":"","image":[],"title":"","job":"","social_networks":[]},"_links":{"self":[{"href":"https:\/\/elfsight.com\/pt\/wp-json\/wp\/v2\/pages\/14696","targetHints":{"allow":["GET"]}}],"collection":[{"href":"https:\/\/elfsight.com\/pt\/wp-json\/wp\/v2\/pages"}],"about":[{"href":"https:\/\/elfsight.com\/pt\/wp-json\/wp\/v2\/types\/page"}],"author":[{"embeddable":true,"href":"https:\/\/elfsight.com\/pt\/wp-json\/wp\/v2\/users\/9"}],"replies":[{"embeddable":true,"href":"https:\/\/elfsight.com\/pt\/wp-json\/wp\/v2\/comments?post=14696"}],"version-history":[{"count":1,"href":"https:\/\/elfsight.com\/pt\/wp-json\/wp\/v2\/pages\/14696\/revisions"}],"predecessor-version":[{"id":14700,"href":"https:\/\/elfsight.com\/pt\/wp-json\/wp\/v2\/pages\/14696\/revisions\/14700"}],"up":[{"embeddable":true,"href":"https:\/\/elfsight.com\/pt\/wp-json\/wp\/v2\/pages\/14649"}],"wp:attachment":[{"href":"https:\/\/elfsight.com\/pt\/wp-json\/wp\/v2\/media?parent=14696"}],"curies":[{"name":"wp","href":"https:\/\/api.w.org\/{rel}","templated":true}]}}