{"id":14695,"date":"2025-03-10T15:42:43","date_gmt":"2025-03-10T15:42:43","guid":{"rendered":"https:\/\/elfsight.com\/pt\/?page_id=14695"},"modified":"2025-06-17T14:05:06","modified_gmt":"2025-06-17T14:05:06","slug":"blogger","status":"publish","type":"page","link":"https:\/\/elfsight.com\/pt\/timeline-widget\/blogger\/","title":{"rendered":"Timeline &#8211; Blogger"},"content":{"rendered":"<div class=\"application-platform-content-item-description application-platform-content-item\" id=\"description\" data-nav-section=\"description\"><h2>Widget de linha do tempo do Blogger<\/h2> <p>Impulsione seu site do Blogger adicionando uma linha do tempo interativa que destaca seus marcos, eventos importantes ou etapas em seus projetos. Envolva seus visitantes com uma linha do tempo visualmente atraente e interativa. O construtor Elfsight Blogger Timeline facilita a adi\u00e7\u00e3o de marcadores de marcos personalizados que chamam a aten\u00e7\u00e3o. Esteja voc\u00ea exibindo o hist\u00f3rico da sua empresa, o processo de desenvolvimento de produtos ou os principais marcos de neg\u00f3cios, este widget permite que voc\u00ea crie um cronograma personalizado e adaptado aos seus objetivos.<\/p> <ul> <li><b>Crie cronogramas interativos sem codifica\u00e7\u00e3o.<\/b><br> Crie um cronograma totalmente funcional em minutos, sem necessidade de conhecimento t\u00e9cnico, e comece a envolver seu p\u00fablico instantaneamente.<\/li> <li><b>Op\u00e7\u00f5es avan\u00e7adas de personaliza\u00e7\u00e3o.<\/b><br> Personalize o design, o layout, as fontes e as fontes do seu cronograma. cores e muito mais para combinar com a apar\u00eancia do seu site.<\/li> <li><b>Processo de incorpora\u00e7\u00e3o suave.<\/b><br> Adicione facilmente sua linha do tempo personalizada ao seu site do Blogger com um c\u00f3digo de incorpora\u00e7\u00e3o HTML simples, sem necessidade de habilidades de codifica\u00e7\u00e3o.<\/li> <li><b>Suporte ao cliente responsivo.<\/b><br> Nossa equipe de suporte dedicada est\u00e1 sempre pronta para ajud\u00e1-lo a configurar sua linha do tempo, garantindo que ela funcione perfeitamente em seu site.<\/li> <\/ul> <p><b>Experimente o widget Linha do tempo do Blogger da Elfsight e mostre seus principais marcos de uma forma din\u00e2mica e envolvente!<\/b><\/p><\/div><div class=\"application-platform-content-item-features application-platform-content-item\" id=\"features\" data-nav-section=\"features\"><h2>O que voc\u00ea pode fazer com a Linha do tempo do Blogger<\/h2> <ul> <li><strong>Envolva os visitantes visualmente.<\/strong><br> Chame a aten\u00e7\u00e3o do seu p\u00fablico com uma linha do tempo envolvente que exibe seus marcos em um formato gr\u00e1fico claro. Isso ajuda os visitantes a digerir facilmente seu conte\u00fado e os incentiva a explorar mais.<\/li> <li><strong>Mostre seu progresso e eventos.<\/strong><br> Apresente as conquistas de seu neg\u00f3cio e os est\u00e1gios do projeto em ordem cronol\u00f3gica, mantendo seus visitantes informados e interessados \u200b\u200bem sua jornada.<\/li> <li><strong>Destaque as principais realiza\u00e7\u00f5es.<\/strong><br> Enfatize seus marcos significativos e hist\u00f3rias de sucesso com um layout limpo e f\u00e1cil de seguir que chama a aten\u00e7\u00e3o e convida a maior envolvimento.<\/li> <\/ul> <p><a href=\"#demo\">Experimente o editor de linha do tempo para descobrir todos os recursos que ele oferece.<\/a><\/p><\/div><div class=\"application-platform-content-item-installation application-platform-content-item\" id=\"installation\" data-nav-section=\"installation\"><h2>Como incorporar uma linha do tempo no Blogger<\/h2> <p>Adicionar um widget de linha do tempo ao seu site do Blogger \u00e9 r\u00e1pido e f\u00e1cil, sem necessidade de conhecimento de codifica\u00e7\u00e3o. Basta seguir estas etapas simples:<\/p> <ol> <li><b>Personalize a linha do tempo do seu Blogger<\/b><br> Escolha um modelo no editor e ajuste-o para atender \u00e0s suas necessidades. Personalize o layout, adicione marcos e ajuste o design para combinar com o estilo do seu blog.<\/li> <li><b>Obtenha seu c\u00f3digo de incorpora\u00e7\u00e3o<\/b><br> Depois que sua linha do tempo for personalizada, voc\u00ea receber\u00e1 um c\u00f3digo de incorpora\u00e7\u00e3o HTML exclusivo. Copie este c\u00f3digo para uso posterior.<\/li> <li><b>Incorpore o c\u00f3digo em seu site do Blogger<\/b><br> Cole o c\u00f3digo HTML na se\u00e7\u00e3o apropriada de sua postagem ou p\u00e1gina do Blogger e salve as altera\u00e7\u00f5es. Sua linha do tempo interativa estar\u00e1 ativa!<\/li> <li><b>Aproveite sua linha do tempo interativa!<\/b><br> Visite seu blog para ver a linha do tempo em a\u00e7\u00e3o e envolva seus visitantes com um recurso interativo e visualmente atraente.<\/li> <\/ol> <p>Para obter orienta\u00e7\u00f5es mais detalhadas, confira nosso guia completo em <a href=\"https:\/\/elfsight.com\/blog\/how-to-embed-timeline-to-website\/\" target=\"_blank\" rel=\"noopener\">como adicionar uma linha do tempo ao seu site<\/a>.<\/p><\/div><div class=\"faq\" data-component=\"FAQ\"><div class=\"faq-item\">\r\n\t\t\t\t\t<div class=\"faq-item-question\">\r\n\t\t\t\t\t\t<h3 class=\"faq-item-question-text\">O widget Linha do tempo do Blogger \u00e9 gratuito?<\/h3>\r\n\r\n\t\t\t\t\t\t<div class=\"faq-item-question-icon\"><\/div>\r\n\t\t\t\t\t<\/div>\r\n\r\n\t\t\t\t\t<div class=\"faq-item-answer\">\r\n\t\t\t\t\t\t<div class=\"faq-item-answer-text\">Sim, a Elfsight oferece um plano gratuito como parte de seu modelo de assinatura. Voc\u00ea pode usar os recursos b\u00e1sicos do widget Linha do tempo gratuitamente, com op\u00e7\u00f5es adicionais dispon\u00edveis para personaliza\u00e7\u00e3o adicional.<\/div>\r\n\t\t\t\t\t<\/div>\r\n\t\t\t\t<\/div><div class=\"faq-item\">\r\n\t\t\t\t\t<div class=\"faq-item-question\">\r\n\t\t\t\t\t\t<h3 class=\"faq-item-question-text\">Preciso de habilidades de codifica\u00e7\u00e3o para usar o widget Linha do tempo?<\/h3>\r\n\r\n\t\t\t\t\t\t<div class=\"faq-item-question-icon\"><\/div>\r\n\t\t\t\t\t<\/div>\r\n\r\n\t\t\t\t\t<div class=\"faq-item-answer\">\r\n\t\t\t\t\t\t<div class=\"faq-item-answer-text\">N\u00e3o, o widget Linha do tempo do Blogger n\u00e3o requer experi\u00eancia em codifica\u00e7\u00e3o. Voc\u00ea pode personalizar e criar facilmente sua linha do tempo usando o editor f\u00e1cil de usar.<\/div>\r\n\t\t\t\t\t<\/div>\r\n\t\t\t\t<\/div><div class=\"faq-item\">\r\n\t\t\t\t\t<div class=\"faq-item-question\">\r\n\t\t\t\t\t\t<h3 class=\"faq-item-question-text\">Como fa\u00e7o para criar uma linha do tempo interativa para o Blogger?<\/h3>\r\n\r\n\t\t\t\t\t\t<div class=\"faq-item-question-icon\"><\/div>\r\n\t\t\t\t\t<\/div>\r\n\r\n\t\t\t\t\t<div class=\"faq-item-answer\">\r\n\t\t\t\t\t\t<div class=\"faq-item-answer-text\">Basta escolher um modelo no editor, fazer os ajustes necess\u00e1rios e incorpor\u00e1-lo ao seu blog usando o c\u00f3digo de incorpora\u00e7\u00e3o HTML fornecido.<\/div>\r\n\t\t\t\t\t<\/div>\r\n\t\t\t\t<\/div><div class=\"faq-item\">\r\n\t\t\t\t\t<div class=\"faq-item-question\">\r\n\t\t\t\t\t\t<h3 class=\"faq-item-question-text\">Que tipos de linhas do tempo posso criar para o Blogger?<\/h3>\r\n\r\n\t\t\t\t\t\t<div class=\"faq-item-question-icon\"><\/div>\r\n\t\t\t\t\t<\/div>\r\n\r\n\t\t\t\t\t<div class=\"faq-item-answer\">\r\n\t\t\t\t\t\t<div class=\"faq-item-answer-text\"><p>Com o widget Linha do tempo do Blogger, voc\u00ea pode crie v\u00e1rios tipos de cronogramas, como:<\/p> <ul> <li><strong>Hist\u00f3rico da empresa:<\/strong> exiba a hist\u00f3ria e o crescimento do seu neg\u00f3cio, destacando marcos e eventos importantes.<\/li> <li><strong>Desenvolvimento do produto:<\/strong> mostre o desenvolvimento do seu produto desde o conceito at\u00e9 o lan\u00e7amento, enfatizando cada etapa principal.<\/li> <li><strong>Progresso do projeto:<\/strong> rastreie e exiba est\u00e1gios de projetos em andamento ou conclu\u00eddos, mantendo seu p\u00fablico informado sobre o progresso.<\/li> <li><strong>Programa\u00e7\u00f5es de eventos:<\/strong> apresente cronogramas para eventos ou lan\u00e7amentos futuros, ajudando os visitantes a se manterem atualizados com datas e detalhes importantes.<\/li> <\/ul><\/div>\r\n\t\t\t\t\t<\/div>\r\n\t\t\t\t<\/div><\/div><p><\/p>","protected":false},"excerpt":{"rendered":"","protected":false},"author":9,"featured_media":0,"parent":14649,"menu_order":0,"comment_status":"closed","ping_status":"closed","template":"templates\/template-application-platform.php","meta":{"publish_to_discourse":"","publish_post_category":"","wpdc_auto_publish_overridden":"","wpdc_topic_tags":"","wpdc_pin_topic":"","wpdc_pin_until":"","discourse_post_id":"","discourse_permalink":"","wpdc_publishing_response":"","wpdc_publishing_error":"","footnotes":""},"class_list":["post-14695","page","type-page","status-publish","hentry"],"yoast_head":"<!-- This site is optimized with the Yoast SEO plugin v25.3.1 - https:\/\/yoast.com\/wordpress\/plugins\/seo\/ -->\n<title>Linha do tempo do Blogger - Adicione uma linha do tempo interativa ao seu site | Gr\u00e1tis<\/title>\n<meta name=\"description\" content=\"Crie um roteiro din\u00e2mico em seu site do Blogger. Apresente os principais eventos, marcos e conquistas com um widget de linha do tempo personaliz\u00e1vel da Elfsight.\" \/>\n<meta name=\"robots\" content=\"index, follow, max-snippet:-1, max-image-preview:large, max-video-preview:-1\" \/>\n<link rel=\"canonical\" href=\"https:\/\/elfsight.com\/pt\/timeline-widget\/blogger\/\" \/>\n<meta property=\"og:locale\" content=\"pt_PT\" \/>\n<meta property=\"og:type\" content=\"article\" \/>\n<meta property=\"og:title\" content=\"Linha do tempo do Blogger - Adicione uma linha do tempo interativa ao seu site | Gr\u00e1tis\" \/>\n<meta property=\"og:description\" content=\"Crie um roteiro din\u00e2mico em seu site do Blogger. Apresente os principais eventos, marcos e conquistas com um widget de linha do tempo personaliz\u00e1vel da Elfsight.\" \/>\n<meta property=\"og:url\" content=\"https:\/\/elfsight.com\/pt\/timeline-widget\/blogger\/\" \/>\n<meta property=\"og:site_name\" content=\"Elfsight PT\" \/>\n<meta property=\"article:modified_time\" content=\"2025-06-17T14:05:06+00:00\" \/>\n<meta name=\"twitter:card\" content=\"summary_large_image\" \/>\n<meta name=\"twitter:label1\" content=\"Tempo estimado de leitura\" \/>\n\t<meta name=\"twitter:data1\" content=\"4 minutos\" \/>\n<!-- \/ Yoast SEO plugin. -->","yoast_head_json":{"title":"Linha do tempo do Blogger - Adicione uma linha do tempo interativa ao seu site | Gr\u00e1tis","description":"Crie um roteiro din\u00e2mico em seu site do Blogger. Apresente os principais eventos, marcos e conquistas com um widget de linha do tempo personaliz\u00e1vel da Elfsight.","robots":{"index":"index","follow":"follow","max-snippet":"max-snippet:-1","max-image-preview":"max-image-preview:large","max-video-preview":"max-video-preview:-1"},"canonical":"https:\/\/elfsight.com\/pt\/timeline-widget\/blogger\/","og_locale":"pt_PT","og_type":"article","og_title":"Linha do tempo do Blogger - Adicione uma linha do tempo interativa ao seu site | Gr\u00e1tis","og_description":"Crie um roteiro din\u00e2mico em seu site do Blogger. Apresente os principais eventos, marcos e conquistas com um widget de linha do tempo personaliz\u00e1vel da Elfsight.","og_url":"https:\/\/elfsight.com\/pt\/timeline-widget\/blogger\/","og_site_name":"Elfsight PT","article_modified_time":"2025-06-17T14:05:06+00:00","twitter_card":"summary_large_image","twitter_misc":{"Tempo estimado de leitura":"4 minutos"},"schema":{"@context":"https:\/\/schema.org","@graph":[{"@type":"WebPage","@id":"https:\/\/elfsight.com\/pt\/timeline-widget\/blogger\/","url":"https:\/\/elfsight.com\/pt\/timeline-widget\/blogger\/","name":"Linha do tempo do Blogger - Adicione uma linha do tempo interativa ao seu site | Gr\u00e1tis","isPartOf":{"@id":"https:\/\/elfsight.com\/pt\/#website"},"datePublished":"2025-03-10T15:42:43+00:00","dateModified":"2025-06-17T14:05:06+00:00","description":"Crie um roteiro din\u00e2mico em seu site do Blogger. Apresente os principais eventos, marcos e conquistas com um widget de linha do tempo personaliz\u00e1vel da Elfsight.","breadcrumb":{"@id":"https:\/\/elfsight.com\/pt\/timeline-widget\/blogger\/#breadcrumb"},"inLanguage":"pt-PT","potentialAction":[{"@type":"ReadAction","target":["https:\/\/elfsight.com\/pt\/timeline-widget\/blogger\/"]}]},{"@type":"BreadcrumbList","@id":"https:\/\/elfsight.com\/pt\/timeline-widget\/blogger\/#breadcrumb","itemListElement":[{"@type":"ListItem","position":1,"name":"Home","item":"https:\/\/elfsight.com\/pt\/"},{"@type":"ListItem","position":2,"name":"Timeline","item":"https:\/\/elfsight.com\/pt\/timeline-widget\/"},{"@type":"ListItem","position":3,"name":"Timeline &#8211; Blogger"}]},{"@type":"WebSite","@id":"https:\/\/elfsight.com\/pt\/#website","url":"https:\/\/elfsight.com\/pt\/","name":"Elfsight PT","description":"Just another Elfsight Sites site","potentialAction":[{"@type":"SearchAction","target":{"@type":"EntryPoint","urlTemplate":"https:\/\/elfsight.com\/pt\/?s={search_term_string}"},"query-input":{"@type":"PropertyValueSpecification","valueRequired":true,"valueName":"search_term_string"}}],"inLanguage":"pt-PT"}]}},"meta_box":{"industry":"","seo_heading":"","heading":"","description":"","cta_heading":"","cta_description":"","application":"14648","h1":"Widget de linha do tempo para o Blogger","h1_caption":"Apresente uma linha do tempo interativa de eventos para destacar marcos e eventos importantes em seu site do Blogger. Apresente sua hist\u00f3ria e seu progresso em um formato visual envolvente.","application_category":[],"applications_title":"","applications_request_title":"","applications_request_button_text":"","hero_text":"","hero_video":"","hero_video_schema_markup":"","selling_points_title":"","selling_points_caption":"","selling_points":[],"selling_points_cta_text":"","features_title":"","features":"","ed_cta_examples_text":"","ed_cta_examples_hidden":"","ed_cta_demo_text":"","ed_cta_demo_hidden":"","why_caption":"","why_editor_title":"","why_editor_text":"","why_team_title":"","why_team_text":"","why_service_title":"","why_service_text":"","template_catalog_visible":"","template_catalog_title":"","template_catalog_text":"","template_catalog_categories_visible":"","demo_title":"Crie seu widget de linha do tempo do Blogger","demo_caption":"Personalize sua linha do tempo e adicione-a ao seu site com facilidade!","default_faq_hidden":"","app_template_category":[],"platform":"46","template_public_id":"","codecanyon_url":"","codecanyon_item_id":"","codecanyon_price":"","pricing_caption":"","pricing_elfsight_apps_hide_column":"","pricing_elfsight_apps_url":"","pricing_codecanyon_price_caption":"","integration_category":[],"integration_request_title":"","integration_request_cta":"","integration_platform":"","integrations":[],"platform_category":[],"video_schema_markup":"","price":"a partir de $ 0 \/ m\u00eas","trial":"","benefits":[],"button_url":"#demo","button_target_blank":"0","button_nofollow":"0","attributes":[{"name":"Instala\u00e7\u00f5es","content":"50,000 - 100,000","_state":"expanded"},{"name":"Responsivo","content":"Sim","_state":"expanded"},{"name":"Navegadores compat\u00edveis","content":"Firefox, Safari, Opera, Chrome, Edge","_state":"expanded"}],"tags":[],"tags_disable_links":"","hide_more_platforms":"","video_object":"","demo_hide_cta":"0","demo_hide_cloud_options":"","pricing_title":"","pricing":[{"pricing_icon":"platform","pricing_title":"Elfsight Apps","pricing_title_caption":"Software multiplataforma adequado para qualquer site","pricing_price":"a partir de $ 0 \/ m\u00eas","pricing_price_caption":"comece com um plano gratuito","pricing_benefits":"[object Object],[object Object],[object Object],[object Object]","pricing_button_text":"Adicionar ao site","pricing_button_url":"#demo"}],"related_apps_title":"","related_apps_hidden":"","author":"","image":[],"title":"","job":"","social_networks":[]},"_links":{"self":[{"href":"https:\/\/elfsight.com\/pt\/wp-json\/wp\/v2\/pages\/14695","targetHints":{"allow":["GET"]}}],"collection":[{"href":"https:\/\/elfsight.com\/pt\/wp-json\/wp\/v2\/pages"}],"about":[{"href":"https:\/\/elfsight.com\/pt\/wp-json\/wp\/v2\/types\/page"}],"author":[{"embeddable":true,"href":"https:\/\/elfsight.com\/pt\/wp-json\/wp\/v2\/users\/9"}],"replies":[{"embeddable":true,"href":"https:\/\/elfsight.com\/pt\/wp-json\/wp\/v2\/comments?post=14695"}],"version-history":[{"count":1,"href":"https:\/\/elfsight.com\/pt\/wp-json\/wp\/v2\/pages\/14695\/revisions"}],"predecessor-version":[{"id":14699,"href":"https:\/\/elfsight.com\/pt\/wp-json\/wp\/v2\/pages\/14695\/revisions\/14699"}],"up":[{"embeddable":true,"href":"https:\/\/elfsight.com\/pt\/wp-json\/wp\/v2\/pages\/14649"}],"wp:attachment":[{"href":"https:\/\/elfsight.com\/pt\/wp-json\/wp\/v2\/media?parent=14695"}],"curies":[{"name":"wp","href":"https:\/\/api.w.org\/{rel}","templated":true}]}}