{"id":14688,"date":"2025-03-11T05:32:09","date_gmt":"2025-03-11T05:32:09","guid":{"rendered":"https:\/\/elfsight.com\/pt\/?page_id=14688"},"modified":"2025-06-17T14:04:58","modified_gmt":"2025-06-17T14:04:58","slug":"jimdo","status":"publish","type":"page","link":"https:\/\/elfsight.com\/pt\/timeline-widget\/jimdo\/","title":{"rendered":"Timeline &#8211; Jimdo"},"content":{"rendered":"<div class=\"application-platform-content-item-description application-platform-content-item\" id=\"description\" data-nav-section=\"description\"><h2>Jimdo Timeline Plugin<\/h2> <p>Transforme seu site Jimdo com uma linha do tempo interativa e visualmente envolvente que mostra seus marcos, eventos importantes ou etapas do projeto. Com o widget Timeline da Elfsight, voc\u00ea pode criar facilmente uma linha do tempo din\u00e2mica e totalmente personaliz\u00e1vel que n\u00e3o requer habilidades de codifica\u00e7\u00e3o. Esteja voc\u00ea apresentando a hist\u00f3ria do seu neg\u00f3cio, acompanhando as fases de um projeto ou destacando o desenvolvimento de produtos, este plug-in permite que voc\u00ea crie um cronograma exclusivo que atenda \u00e0s suas necessidades e ajude a cativar seus visitantes.<\/p> <ul> <li><b>Crie cronogramas interativos sem c\u00f3digo<\/b><br> Projete e lance um cronograma totalmente funcional em apenas alguns minutos, sem necessidade de conhecimento de programa\u00e7\u00e3o. Comece a envolver seus visitantes imediatamente com uma experi\u00eancia interativa e din\u00e2mica.<\/li> <li><b>Op\u00e7\u00f5es avan\u00e7adas de personaliza\u00e7\u00e3o<\/b><br> Personalize todos os aspectos da sua linha do tempo, incluindo layouts, cores, fontes e configura\u00e7\u00f5es, para garantir que ela corresponda \u00e0 apar\u00eancia do seu site.<\/li> <li><b>Processo de incorpora\u00e7\u00e3o cont\u00ednuo<\/b><br> Incorpore sua linha do tempo personalizada ao seu site Jimdo usando um c\u00f3digo de incorpora\u00e7\u00e3o HTML simples, sem desafios t\u00e9cnicos envolvidos.<\/li> <li><b>Suporte ao cliente responsivo<\/b><br> Nossa equipe de suporte dedicada est\u00e1 dispon\u00edvel para ajudar na configura\u00e7\u00e3o, garantindo que sua linha do tempo funcione perfeitamente em seu site.<\/li> <\/ul> <p><b>Comece a usar o widget Linha do tempo da Elfsight para envolver seus visitantes e mostrar seus marcos importantes de uma forma visualmente atraente!<\/b><\/p> <\/div><div class=\"application-platform-content-item-features application-platform-content-item\" id=\"features\" data-nav-section=\"features\"><h2>O que O que voc\u00ea pode fazer com a linha do tempo do Jimdo<\/h2> <ul> <li><strong>Envolva visualmente seu p\u00fablico<\/strong><br> Chame a aten\u00e7\u00e3o dos visitantes apresentando sua linha do tempo e seus marcos em um formato din\u00e2mico e interativo que incentiva a explora\u00e7\u00e3o e o envolvimento.<\/li> <li><strong>Mostre o progresso e os eventos<\/strong><br> Exiba seus principais marcos ou etapas do projeto em ordem cronol\u00f3gica, tornando mais f\u00e1cil para os visitantes acompanharem sua jornada e se manterem informados sobre seu progresso.<\/li> <li><strong>Destacar principais conquistas<\/strong><br> D\u00ea \u00eanfase especial \u00e0s suas realiza\u00e7\u00f5es ou marcos mais significativos, exibindo-os em um formato claro e visualmente atraente que chama a aten\u00e7\u00e3o.<\/li> <\/ul> <p><a href=\"#demo\">Experimente o editor para experimentar todas as funcionalidades do widget Linha do tempo.<\/a><\/p> <\/div><div class=\"application-platform-content-item-installation application-platform-content-item\" id=\"installation\" data-nav-section=\"installation\"><h2>Como incorporar uma linha do tempo no Jimdo<\/h2> <p>Adicionar uma linha do tempo ao seu site Jimdo \u00e9 r\u00e1pido e simples, sem a necessidade de habilidades de codifica\u00e7\u00e3o. Basta seguir estas etapas:<\/p> <ol> <li><b>Crie sua linha do tempo personalizada<\/b><br> Escolha um design no editor e personalize-o para combinar com o tema do seu site. Voc\u00ea pode ajustar o layout, as cores e as fontes de acordo com sua marca.<\/li> <li><b>Obtenha seu c\u00f3digo de incorpora\u00e7\u00e3o exclusivo<\/b><br> Assim que sua linha do tempo for personalizada, voc\u00ea receber\u00e1 um c\u00f3digo HTML exclusivo. Copie este c\u00f3digo para us\u00e1-lo mais tarde.<\/li> <li><b>Incorpore o c\u00f3digo ao seu site Jimdo<\/b><br> Cole o c\u00f3digo incorporado na se\u00e7\u00e3o apropriada do seu site Jimdo e salve as altera\u00e7\u00f5es. Sua linha do tempo interativa estar\u00e1 ativa!<\/li> <li><b>Aproveite sua linha do tempo interativa!<\/b><br> Acesse seu site e veja sua linha do tempo em a\u00e7\u00e3o, cativando seus visitantes de uma maneira visualmente din\u00e2mica.<\/li> <\/ol> <p>Para instru\u00e7\u00f5es mais detalhadas, confira nosso guia em <a href=\"https:\/\/elfsight.com\/blog\/how-to-embed-timeline-to-website\/\" target=\"_blank\" rel=\"noopener\">como adicionar uma linha do tempo ao seu site<\/a>.<\/p> <\/div><div class=\"faq\" data-component=\"FAQ\"><div class=\"faq-item\">\r\n\t\t\t\t\t<div class=\"faq-item-question\">\r\n\t\t\t\t\t\t<h3 class=\"faq-item-question-text\">O widget Timeline para Jimdo \u00e9 gratuito?<\/h3>\r\n\r\n\t\t\t\t\t\t<div class=\"faq-item-question-icon\"><\/div>\r\n\t\t\t\t\t<\/div>\r\n\r\n\t\t\t\t\t<div class=\"faq-item-answer\">\r\n\t\t\t\t\t\t<div class=\"faq-item-answer-text\">Sim, a Elfsight oferece um plano gratuito para o widget Timeline, que lhe d\u00e1 acesso a recursos b\u00e1sicos. Para personaliza\u00e7\u00e3o adicional e op\u00e7\u00f5es avan\u00e7adas, voc\u00ea pode atualizar para um plano pago.<\/div>\r\n\t\t\t\t\t<\/div>\r\n\t\t\t\t<\/div><div class=\"faq-item\">\r\n\t\t\t\t\t<div class=\"faq-item-question\">\r\n\t\t\t\t\t\t<h3 class=\"faq-item-question-text\">Preciso de habilidades de codifica\u00e7\u00e3o para usar o widget Timeline?<\/h3>\r\n\r\n\t\t\t\t\t\t<div class=\"faq-item-question-icon\"><\/div>\r\n\t\t\t\t\t<\/div>\r\n\r\n\t\t\t\t\t<div class=\"faq-item-answer\">\r\n\t\t\t\t\t\t<div class=\"faq-item-answer-text\">N\u00e3o, o plugin Timeline da Elfsight para Jimdo n\u00e3o requer nenhum conhecimento de codifica\u00e7\u00e3o. Voc\u00ea pode personalizar e incorporar facilmente sua linha do tempo usando nosso editor intuitivo.<\/div>\r\n\t\t\t\t\t<\/div>\r\n\t\t\t\t<\/div><div class=\"faq-item\">\r\n\t\t\t\t\t<div class=\"faq-item-question\">\r\n\t\t\t\t\t\t<h3 class=\"faq-item-question-text\">Como posso criar uma linha do tempo interativa para o Jimdo?<\/h3>\r\n\r\n\t\t\t\t\t\t<div class=\"faq-item-question-icon\"><\/div>\r\n\t\t\t\t\t<\/div>\r\n\r\n\t\t\t\t\t<div class=\"faq-item-answer\">\r\n\t\t\t\t\t\t<div class=\"faq-item-answer-text\">Escolha um modelo no editor, personalize-o de acordo com suas necessidades e, em seguida, incorpore o c\u00f3digo HTML fornecido ao seu site Jimdo.<\/div>\r\n\t\t\t\t\t<\/div>\r\n\t\t\t\t<\/div><div class=\"faq-item\">\r\n\t\t\t\t\t<div class=\"faq-item-question\">\r\n\t\t\t\t\t\t<h3 class=\"faq-item-question-text\">Que tipos de linhas do tempo posso criar?<\/h3>\r\n\r\n\t\t\t\t\t\t<div class=\"faq-item-question-icon\"><\/div>\r\n\t\t\t\t\t<\/div>\r\n\r\n\t\t\t\t\t<div class=\"faq-item-answer\">\r\n\t\t\t\t\t\t<div class=\"faq-item-answer-text\">Voc\u00ea pode criar v\u00e1rios tipos de linhas do tempo para o seu site Jimdo, como como:<ul> <li><strong>Hist\u00f3rico da empresa<\/strong>: exiba a evolu\u00e7\u00e3o do seu neg\u00f3cio e os principais marcos.<\/li> <li><strong>Cronograma do projeto<\/strong>: mostre os est\u00e1gios e o progresso de seus projetos em andamento ou conclu\u00eddos.<\/li> <li><strong>Desenvolvimento de produto<\/strong>: ilustre a jornada do seu produto desde o conceito at\u00e9 o lan\u00e7amento.<\/li> <li><strong>Programa\u00e7\u00f5es de eventos<\/strong>: apresente cronogramas para eventos, confer\u00eancias ou lan\u00e7amentos de produtos em um formato f\u00e1cil de entender.<\/li> <\/ul> <\/div>\r\n\t\t\t\t\t<\/div>\r\n\t\t\t\t<\/div> <\/div>","protected":false},"excerpt":{"rendered":"","protected":false},"author":9,"featured_media":0,"parent":14649,"menu_order":0,"comment_status":"closed","ping_status":"closed","template":"templates\/template-application-platform.php","meta":{"publish_to_discourse":"","publish_post_category":"","wpdc_auto_publish_overridden":"","wpdc_topic_tags":"","wpdc_pin_topic":"","wpdc_pin_until":"","discourse_post_id":"","discourse_permalink":"","wpdc_publishing_response":"","wpdc_publishing_error":"","footnotes":""},"class_list":["post-14688","page","type-page","status-publish","hentry"],"yoast_head":"<!-- This site is optimized with the Yoast SEO plugin v25.3.1 - https:\/\/yoast.com\/wordpress\/plugins\/seo\/ -->\n<title>Widget de linha do tempo \u2013 adicione uma linha de hist\u00f3rico interativo ao Jimdo (gr\u00e1tis)<\/title>\n<meta name=\"description\" content=\"Aprimore seu site Jimdo com uma linha do tempo personaliz\u00e1vel. Apresente marcos, eventos e progresso com o widget de linha do tempo f\u00e1cil de usar da Elfsight.\" \/>\n<meta name=\"robots\" content=\"index, follow, max-snippet:-1, max-image-preview:large, max-video-preview:-1\" \/>\n<link rel=\"canonical\" href=\"https:\/\/elfsight.com\/pt\/timeline-widget\/jimdo\/\" \/>\n<meta property=\"og:locale\" content=\"pt_PT\" \/>\n<meta property=\"og:type\" content=\"article\" \/>\n<meta property=\"og:title\" content=\"Widget de linha do tempo \u2013 adicione uma linha de hist\u00f3rico interativo ao Jimdo (gr\u00e1tis)\" \/>\n<meta property=\"og:description\" content=\"Aprimore seu site Jimdo com uma linha do tempo personaliz\u00e1vel. Apresente marcos, eventos e progresso com o widget de linha do tempo f\u00e1cil de usar da Elfsight.\" \/>\n<meta property=\"og:url\" content=\"https:\/\/elfsight.com\/pt\/timeline-widget\/jimdo\/\" \/>\n<meta property=\"og:site_name\" content=\"Elfsight PT\" \/>\n<meta property=\"article:modified_time\" content=\"2025-06-17T14:04:58+00:00\" \/>\n<meta name=\"twitter:card\" content=\"summary_large_image\" \/>\n<meta name=\"twitter:label1\" content=\"Tempo estimado de leitura\" \/>\n\t<meta name=\"twitter:data1\" content=\"4 minutos\" \/>\n<!-- \/ Yoast SEO plugin. -->","yoast_head_json":{"title":"Widget de linha do tempo \u2013 adicione uma linha de hist\u00f3rico interativo ao Jimdo (gr\u00e1tis)","description":"Aprimore seu site Jimdo com uma linha do tempo personaliz\u00e1vel. Apresente marcos, eventos e progresso com o widget de linha do tempo f\u00e1cil de usar da Elfsight.","robots":{"index":"index","follow":"follow","max-snippet":"max-snippet:-1","max-image-preview":"max-image-preview:large","max-video-preview":"max-video-preview:-1"},"canonical":"https:\/\/elfsight.com\/pt\/timeline-widget\/jimdo\/","og_locale":"pt_PT","og_type":"article","og_title":"Widget de linha do tempo \u2013 adicione uma linha de hist\u00f3rico interativo ao Jimdo (gr\u00e1tis)","og_description":"Aprimore seu site Jimdo com uma linha do tempo personaliz\u00e1vel. Apresente marcos, eventos e progresso com o widget de linha do tempo f\u00e1cil de usar da Elfsight.","og_url":"https:\/\/elfsight.com\/pt\/timeline-widget\/jimdo\/","og_site_name":"Elfsight PT","article_modified_time":"2025-06-17T14:04:58+00:00","twitter_card":"summary_large_image","twitter_misc":{"Tempo estimado de leitura":"4 minutos"},"schema":{"@context":"https:\/\/schema.org","@graph":[{"@type":"WebPage","@id":"https:\/\/elfsight.com\/pt\/timeline-widget\/jimdo\/","url":"https:\/\/elfsight.com\/pt\/timeline-widget\/jimdo\/","name":"Widget de linha do tempo \u2013 adicione uma linha de hist\u00f3rico interativo ao Jimdo (gr\u00e1tis)","isPartOf":{"@id":"https:\/\/elfsight.com\/pt\/#website"},"datePublished":"2025-03-11T05:32:09+00:00","dateModified":"2025-06-17T14:04:58+00:00","description":"Aprimore seu site Jimdo com uma linha do tempo personaliz\u00e1vel. Apresente marcos, eventos e progresso com o widget de linha do tempo f\u00e1cil de usar da Elfsight.","breadcrumb":{"@id":"https:\/\/elfsight.com\/pt\/timeline-widget\/jimdo\/#breadcrumb"},"inLanguage":"pt-PT","potentialAction":[{"@type":"ReadAction","target":["https:\/\/elfsight.com\/pt\/timeline-widget\/jimdo\/"]}]},{"@type":"BreadcrumbList","@id":"https:\/\/elfsight.com\/pt\/timeline-widget\/jimdo\/#breadcrumb","itemListElement":[{"@type":"ListItem","position":1,"name":"Home","item":"https:\/\/elfsight.com\/pt\/"},{"@type":"ListItem","position":2,"name":"Timeline","item":"https:\/\/elfsight.com\/pt\/timeline-widget\/"},{"@type":"ListItem","position":3,"name":"Timeline &#8211; Jimdo"}]},{"@type":"WebSite","@id":"https:\/\/elfsight.com\/pt\/#website","url":"https:\/\/elfsight.com\/pt\/","name":"Elfsight PT","description":"Just another Elfsight Sites site","potentialAction":[{"@type":"SearchAction","target":{"@type":"EntryPoint","urlTemplate":"https:\/\/elfsight.com\/pt\/?s={search_term_string}"},"query-input":{"@type":"PropertyValueSpecification","valueRequired":true,"valueName":"search_term_string"}}],"inLanguage":"pt-PT"}]}},"meta_box":{"industry":"","seo_heading":"","heading":"","description":"","cta_heading":"","cta_description":"","application":"14648","h1":"Widget de linha do tempo para Jimdo","h1_caption":"Exiba uma linha do tempo de eventos para narrar sua hist\u00f3ria, mostrar o progresso do projeto ou marcos importantes de uma forma visualmente envolvente","application_category":[],"applications_title":"","applications_request_title":"","applications_request_button_text":"","hero_text":"","hero_video":"","hero_video_schema_markup":"","selling_points_title":"","selling_points_caption":"","selling_points":[],"selling_points_cta_text":"","features_title":"","features":"","ed_cta_examples_text":"","ed_cta_examples_hidden":"","ed_cta_demo_text":"","ed_cta_demo_hidden":"","why_caption":"","why_editor_title":"","why_editor_text":"","why_team_title":"","why_team_text":"","why_service_title":"","why_service_text":"","template_catalog_visible":"","template_catalog_title":"","template_catalog_text":"","template_catalog_categories_visible":"","demo_title":"Crie seu widget Jimdo Timeline","demo_caption":"Personalize sua linha do tempo e adicione-a ao seu site com facilidade!","default_faq_hidden":"","app_template_category":[],"platform":"5393","template_public_id":"","codecanyon_url":"","codecanyon_item_id":"","codecanyon_price":"","pricing_caption":"","pricing_elfsight_apps_hide_column":"","pricing_elfsight_apps_url":"","pricing_codecanyon_price_caption":"","integration_category":[],"integration_request_title":"","integration_request_cta":"","integration_platform":"","integrations":[],"platform_category":[],"video_schema_markup":"","price":"a partir de $ 0 \/ m\u00eas","trial":"","benefits":[],"button_url":"#demo","button_target_blank":"0","button_nofollow":"0","attributes":[{"name":"Instala\u00e7\u00f5es","content":"50,000 - 100,000","_state":"expanded"},{"name":"Responsivo","content":"Sim","_state":"expanded"},{"name":"Navegadores compat\u00edveis","content":"Firefox, Safari, Opera, Chrome, Edge","_state":"expanded"}],"tags":[],"tags_disable_links":"","hide_more_platforms":"","video_object":"","demo_hide_cta":"0","demo_hide_cloud_options":"","pricing_title":"","pricing":[{"pricing_icon":"platform","pricing_title":"Elfsight Apps","pricing_title_caption":"Software multiplataforma adequado para qualquer site","pricing_price":"a partir de $ 0 \/ m\u00eas","pricing_price_caption":"comece com um plano gratuito","pricing_benefits":"[object Object],[object Object],[object Object],[object Object]","pricing_button_text":"Adicionar ao site","pricing_button_url":"#demo"}],"related_apps_title":"","related_apps_hidden":"","author":"","image":[],"title":"","job":"","social_networks":[]},"_links":{"self":[{"href":"https:\/\/elfsight.com\/pt\/wp-json\/wp\/v2\/pages\/14688","targetHints":{"allow":["GET"]}}],"collection":[{"href":"https:\/\/elfsight.com\/pt\/wp-json\/wp\/v2\/pages"}],"about":[{"href":"https:\/\/elfsight.com\/pt\/wp-json\/wp\/v2\/types\/page"}],"author":[{"embeddable":true,"href":"https:\/\/elfsight.com\/pt\/wp-json\/wp\/v2\/users\/9"}],"replies":[{"embeddable":true,"href":"https:\/\/elfsight.com\/pt\/wp-json\/wp\/v2\/comments?post=14688"}],"version-history":[{"count":1,"href":"https:\/\/elfsight.com\/pt\/wp-json\/wp\/v2\/pages\/14688\/revisions"}],"predecessor-version":[{"id":14692,"href":"https:\/\/elfsight.com\/pt\/wp-json\/wp\/v2\/pages\/14688\/revisions\/14692"}],"up":[{"embeddable":true,"href":"https:\/\/elfsight.com\/pt\/wp-json\/wp\/v2\/pages\/14649"}],"wp:attachment":[{"href":"https:\/\/elfsight.com\/pt\/wp-json\/wp\/v2\/media?parent=14688"}],"curies":[{"name":"wp","href":"https:\/\/api.w.org\/{rel}","templated":true}]}}