{"id":14682,"date":"2025-03-11T06:16:15","date_gmt":"2025-03-11T06:16:15","guid":{"rendered":"https:\/\/elfsight.com\/pt\/?page_id=14682"},"modified":"2025-06-17T14:04:49","modified_gmt":"2025-06-17T14:04:49","slug":"magento","status":"publish","type":"page","link":"https:\/\/elfsight.com\/pt\/timeline-widget\/magento\/","title":{"rendered":"Timeline &#8211; Magento"},"content":{"rendered":"<div class=\"application-platform-content-item-description application-platform-content-item\" id=\"description\" data-nav-section=\"description\"><h2>Magento Timeline Builder<\/h2> <p>Eleve sua loja Magento com uma linha do tempo interativa e visualmente atraente para exibir seus principais marcos, conquistas ou est\u00e1gios do projeto. Com o widget Timeline da Elfsight para Magento, voc\u00ea pode criar facilmente uma linha do tempo responsiva e totalmente personaliz\u00e1vel que se alinha perfeitamente com a marca da sua loja \u2013 sem necessidade de habilidades de codifica\u00e7\u00e3o. Se voc\u00ea deseja mostrar a hist\u00f3ria da sua empresa, acompanhar o desenvolvimento de produtos ou destacar eventos especiais, este plug-in permite que voc\u00ea crie uma experi\u00eancia \u00fanica e envolvente para seus visitantes.<\/p> <ul> <li><b>Crie cronogramas interativos sem c\u00f3digo<\/b><br> Crie um cronograma interativo e totalmente funcional em minutos, sem necessidade de conhecimento t\u00e9cnico. Comece a envolver seus clientes imediatamente com uma experi\u00eancia visual din\u00e2mica.<\/li> <li><b>Op\u00e7\u00f5es avan\u00e7adas de personaliza\u00e7\u00e3o<\/b><br> Modifique o design, o layout, as cores, as fontes e muito mais para garantir que sua linha do tempo complemente a apar\u00eancia da sua loja.<\/li> <li><b>Processo de incorpora\u00e7\u00e3o cont\u00ednuo<\/b><br> Incorpore facilmente sua linha do tempo em sua loja Magento usando um c\u00f3digo de incorpora\u00e7\u00e3o HTML simples, sem desafios t\u00e9cnicos.<\/li> <li><b>Cliente responsivo suporte<\/b><br> Nossa equipe de suporte dedicada est\u00e1 sempre dispon\u00edvel para orient\u00e1-lo durante a configura\u00e7\u00e3o, garantindo que sua linha do tempo funcione perfeitamente em seu site.<\/li> <\/ul> <p><b>Experimente o widget Linha do tempo da Elfsight para envolver seus visitantes, mostrando seus marcos e conquistas de uma forma visualmente din\u00e2mica!<\/b><\/p> <\/div><div class=\"application-platform-content-item-features application-platform-content-item\" id=\"features\" data-nav-section=\"features\"><h2>O que voc\u00ea pode fazer com o Linha do tempo Magento<\/h2> <ul> <li><strong>Envolva os visitantes visualmente<\/strong><br> Cative seu p\u00fablico com uma linha do tempo interativa que exibe seus principais marcos, lan\u00e7amentos de produtos e conquistas da empresa. Uma linha do tempo visual ajuda os usu\u00e1rios a acompanhar facilmente sua jornada e permanecer engajados.<\/li> <li><strong>Mostre o progresso e os marcos<\/strong><br> Exiba seus marcos, est\u00e1gios de desenvolvimento de produtos e eventos importantes em ordem cronol\u00f3gica. Isso ajuda os visitantes a entender seu processo e os mant\u00e9m interessados \u200b\u200bno crescimento da sua loja.<\/li> <li><strong>Destaque as principais conquistas<\/strong><br> Enfatize seus marcos, realiza\u00e7\u00f5es ou eventos mais importantes com um layout de linha do tempo atraente que convida a uma explora\u00e7\u00e3o mais aprofundada.<\/li> <\/ul> <p><a href=\"#demo\">Experimente o editor agora para explorar todos os recursos do widget Linha do tempo.<\/a><\/p> <\/div><div class=\"application-platform-content-item-installation application-platform-content-item\" id=\"installation\" data-nav-section=\"installation\"><h2>Como incorporar uma linha do tempo no Magento<\/h2> <p>Adicionar a extens\u00e3o Timeline \u00e0 sua loja Magento \u00e9 simples e n\u00e3o requer conhecimento de codifica\u00e7\u00e3o. Basta seguir estas etapas f\u00e1ceis:<\/p> <ol> <li><b>Crie sua linha do tempo Magento personalizada<\/b><br> Selecione um modelo no editor e personalize-o de acordo com o design e a marca da sua loja. Modifique o layout, adicione marcos e ajuste a apar\u00eancia para atender \u00e0s suas necessidades.<\/li> <li><b>Obtenha seu c\u00f3digo incorporado exclusivo<\/b><br> Quando estiver satisfeito com o design da sua linha do tempo, voc\u00ea receber\u00e1 um c\u00f3digo incorporado HTML exclusivo. Copie este c\u00f3digo para uso posterior.<\/li> <li><b>Incorpore o c\u00f3digo em sua loja Magento<\/b><br> Cole o c\u00f3digo HTML copiado na se\u00e7\u00e3o apropriada do seu site Magento. Salve as altera\u00e7\u00f5es e sua linha do tempo interativa estar\u00e1 ativa!<\/li> <li><b>Aproveite sua nova linha do tempo interativa!<\/b><br> Visite sua loja para ver sua linha do tempo em a\u00e7\u00e3o e comece a envolver os clientes com uma experi\u00eancia visualmente atraente!<\/li> <\/ol> <p>Para obter instru\u00e7\u00f5es mais detalhadas, confira nosso guia completo em <a href=\"https:\/\/elfsight.com\/blog\/how-to-embed-timeline-to-website\/\" target=\"_blank\" rel=\"noopener\">como adicionar uma linha do tempo ao seu site<\/a>.<\/p> <\/div><div class=\"faq\" data-component=\"FAQ\"><div class=\"faq-item\">\r\n\t\t\t\t\t<div class=\"faq-item-question\">\r\n\t\t\t\t\t\t<h3 class=\"faq-item-question-text\">A extens\u00e3o Timeline para Magento \u00e9 gratuita?<\/h3>\r\n\r\n\t\t\t\t\t\t<div class=\"faq-item-question-icon\"><\/div>\r\n\t\t\t\t\t<\/div>\r\n\r\n\t\t\t\t\t<div class=\"faq-item-answer\">\r\n\t\t\t\t\t\t<div class=\"faq-item-answer-text\">Sim, a Elfsight oferece um modelo de assinatura multicamadas, incluindo um plano gratuito. Voc\u00ea pode acessar os recursos essenciais do widget Timeline gratuitamente, com op\u00e7\u00f5es de personaliza\u00e7\u00e3o adicionais dispon\u00edveis em planos pagos.<\/div>\r\n\t\t\t\t\t<\/div>\r\n\t\t\t\t<\/div><div class=\"faq-item\">\r\n\t\t\t\t\t<div class=\"faq-item-question\">\r\n\t\t\t\t\t\t<h3 class=\"faq-item-question-text\">Preciso de habilidades de codifica\u00e7\u00e3o para usar o widget Timeline para Magento?<\/h3>\r\n\r\n\t\t\t\t\t\t<div class=\"faq-item-question-icon\"><\/div>\r\n\t\t\t\t\t<\/div>\r\n\r\n\t\t\t\t\t<div class=\"faq-item-answer\">\r\n\t\t\t\t\t\t<div class=\"faq-item-answer-text\">N\u00e3o, o construtor Magento Timeline da Elfsight n\u00e3o requer experi\u00eancia em codifica\u00e7\u00e3o. Voc\u00ea pode criar, personalizar e incorporar facilmente sua linha do tempo usando nosso editor intuitivo.<\/div>\r\n\t\t\t\t\t<\/div>\r\n\t\t\t\t<\/div><div class=\"faq-item\">\r\n\t\t\t\t\t<div class=\"faq-item-question\">\r\n\t\t\t\t\t\t<h3 class=\"faq-item-question-text\">Como posso criar uma linha do tempo interativa para Magento?<\/h3>\r\n\r\n\t\t\t\t\t\t<div class=\"faq-item-question-icon\"><\/div>\r\n\t\t\t\t\t<\/div>\r\n\r\n\t\t\t\t\t<div class=\"faq-item-answer\">\r\n\t\t\t\t\t\t<div class=\"faq-item-answer-text\">Basta escolher um modelo no editor, personaliz\u00e1-lo conforme necess\u00e1rio e, em seguida, incorporar o c\u00f3digo HTML fornecido em sua loja Magento.<\/div>\r\n\t\t\t\t\t<\/div>\r\n\t\t\t\t<\/div><div class=\"faq-item\">\r\n\t\t\t\t\t<div class=\"faq-item-question\">\r\n\t\t\t\t\t\t<h3 class=\"faq-item-question-text\">Que tipos de linhas do tempo posso criar para o Magento?<\/h3>\r\n\r\n\t\t\t\t\t\t<div class=\"faq-item-question-icon\"><\/div>\r\n\t\t\t\t\t<\/div>\r\n\r\n\t\t\t\t\t<div class=\"faq-item-answer\">\r\n\t\t\t\t\t\t<div class=\"faq-item-answer-text\">Voc\u00ea pode criar uma variedade de linhas do tempo para se adequar \u00e0s suas necessidades. necessidades, incluindo:<ul> <li><strong>Hist\u00f3rico da empresa<\/strong>: mostre o crescimento e a evolu\u00e7\u00e3o da sua empresa ao longo do tempo.<\/li> <li><strong>Desenvolvimento de produto<\/strong>: destaque a jornada do seu produto desde a concep\u00e7\u00e3o at\u00e9 o lan\u00e7amento.<\/li> <li><strong>Cronograma do projeto<\/strong>: acompanhe est\u00e1gios de projetos em andamento ou conclu\u00eddos.<\/li> <li><strong>Programa\u00e7\u00f5es de eventos<\/strong>: exiba eventos importantes, como lan\u00e7amentos de produtos, vendas ou anivers\u00e1rios de lojas.<\/li> <\/ul> <\/div>\r\n\t\t\t\t\t<\/div>\r\n\t\t\t\t<\/div> <\/div>","protected":false},"excerpt":{"rendered":"","protected":false},"author":9,"featured_media":0,"parent":14649,"menu_order":0,"comment_status":"closed","ping_status":"closed","template":"templates\/template-application-platform.php","meta":{"publish_to_discourse":"","publish_post_category":"","wpdc_auto_publish_overridden":"","wpdc_topic_tags":"","wpdc_pin_topic":"","wpdc_pin_until":"","discourse_post_id":"","discourse_permalink":"","wpdc_publishing_response":"","wpdc_publishing_error":"","footnotes":""},"class_list":["post-14682","page","type-page","status-publish","hentry"],"yoast_head":"<!-- This site is optimized with the Yoast SEO plugin v25.3.1 - https:\/\/yoast.com\/wordpress\/plugins\/seo\/ -->\n<title>Widget de linha do tempo \u2013 adicione uma linha do tempo din\u00e2mica \u00e0 sua loja Magento<\/title>\n<meta name=\"description\" content=\"Aprimore sua loja com uma linha do tempo interativa. Apresente marcos, lan\u00e7amentos de produtos ou eventos importantes facilmente usando o widget Timeline da Elfsight para Magento.\" \/>\n<meta name=\"robots\" content=\"index, follow, max-snippet:-1, max-image-preview:large, max-video-preview:-1\" \/>\n<link rel=\"canonical\" href=\"https:\/\/elfsight.com\/pt\/timeline-widget\/magento\/\" \/>\n<meta property=\"og:locale\" content=\"pt_PT\" \/>\n<meta property=\"og:type\" content=\"article\" \/>\n<meta property=\"og:title\" content=\"Widget de linha do tempo \u2013 adicione uma linha do tempo din\u00e2mica \u00e0 sua loja Magento\" \/>\n<meta property=\"og:description\" content=\"Aprimore sua loja com uma linha do tempo interativa. Apresente marcos, lan\u00e7amentos de produtos ou eventos importantes facilmente usando o widget Timeline da Elfsight para Magento.\" \/>\n<meta property=\"og:url\" content=\"https:\/\/elfsight.com\/pt\/timeline-widget\/magento\/\" \/>\n<meta property=\"og:site_name\" content=\"Elfsight PT\" \/>\n<meta property=\"article:modified_time\" content=\"2025-06-17T14:04:49+00:00\" \/>\n<meta name=\"twitter:card\" content=\"summary_large_image\" \/>\n<meta name=\"twitter:label1\" content=\"Tempo estimado de leitura\" \/>\n\t<meta name=\"twitter:data1\" content=\"4 minutos\" \/>\n<!-- \/ Yoast SEO plugin. -->","yoast_head_json":{"title":"Widget de linha do tempo \u2013 adicione uma linha do tempo din\u00e2mica \u00e0 sua loja Magento","description":"Aprimore sua loja com uma linha do tempo interativa. Apresente marcos, lan\u00e7amentos de produtos ou eventos importantes facilmente usando o widget Timeline da Elfsight para Magento.","robots":{"index":"index","follow":"follow","max-snippet":"max-snippet:-1","max-image-preview":"max-image-preview:large","max-video-preview":"max-video-preview:-1"},"canonical":"https:\/\/elfsight.com\/pt\/timeline-widget\/magento\/","og_locale":"pt_PT","og_type":"article","og_title":"Widget de linha do tempo \u2013 adicione uma linha do tempo din\u00e2mica \u00e0 sua loja Magento","og_description":"Aprimore sua loja com uma linha do tempo interativa. Apresente marcos, lan\u00e7amentos de produtos ou eventos importantes facilmente usando o widget Timeline da Elfsight para Magento.","og_url":"https:\/\/elfsight.com\/pt\/timeline-widget\/magento\/","og_site_name":"Elfsight PT","article_modified_time":"2025-06-17T14:04:49+00:00","twitter_card":"summary_large_image","twitter_misc":{"Tempo estimado de leitura":"4 minutos"},"schema":{"@context":"https:\/\/schema.org","@graph":[{"@type":"WebPage","@id":"https:\/\/elfsight.com\/pt\/timeline-widget\/magento\/","url":"https:\/\/elfsight.com\/pt\/timeline-widget\/magento\/","name":"Widget de linha do tempo \u2013 adicione uma linha do tempo din\u00e2mica \u00e0 sua loja Magento","isPartOf":{"@id":"https:\/\/elfsight.com\/pt\/#website"},"datePublished":"2025-03-11T06:16:15+00:00","dateModified":"2025-06-17T14:04:49+00:00","description":"Aprimore sua loja com uma linha do tempo interativa. Apresente marcos, lan\u00e7amentos de produtos ou eventos importantes facilmente usando o widget Timeline da Elfsight para Magento.","breadcrumb":{"@id":"https:\/\/elfsight.com\/pt\/timeline-widget\/magento\/#breadcrumb"},"inLanguage":"pt-PT","potentialAction":[{"@type":"ReadAction","target":["https:\/\/elfsight.com\/pt\/timeline-widget\/magento\/"]}]},{"@type":"BreadcrumbList","@id":"https:\/\/elfsight.com\/pt\/timeline-widget\/magento\/#breadcrumb","itemListElement":[{"@type":"ListItem","position":1,"name":"Home","item":"https:\/\/elfsight.com\/pt\/"},{"@type":"ListItem","position":2,"name":"Timeline","item":"https:\/\/elfsight.com\/pt\/timeline-widget\/"},{"@type":"ListItem","position":3,"name":"Timeline &#8211; Magento"}]},{"@type":"WebSite","@id":"https:\/\/elfsight.com\/pt\/#website","url":"https:\/\/elfsight.com\/pt\/","name":"Elfsight PT","description":"Just another Elfsight Sites site","potentialAction":[{"@type":"SearchAction","target":{"@type":"EntryPoint","urlTemplate":"https:\/\/elfsight.com\/pt\/?s={search_term_string}"},"query-input":{"@type":"PropertyValueSpecification","valueRequired":true,"valueName":"search_term_string"}}],"inLanguage":"pt-PT"}]}},"meta_box":{"industry":"","seo_heading":"","heading":"","description":"","cta_heading":"","cta_description":"","application":"14648","h1":"Extens\u00e3o da linha do tempo para Magento","h1_caption":"Exiba um roteiro envolvente de conquistas para mostrar sua jornada, marcos importantes ou est\u00e1gios do projeto com uma linha do tempo interativa em sua p\u00e1gina Magento.","application_category":[],"applications_title":"","applications_request_title":"","applications_request_button_text":"","hero_text":"","hero_video":"","hero_video_schema_markup":"","selling_points_title":"","selling_points_caption":"","selling_points":[],"selling_points_cta_text":"","features_title":"","features":"","ed_cta_examples_text":"","ed_cta_examples_hidden":"","ed_cta_demo_text":"","ed_cta_demo_hidden":"","why_caption":"","why_editor_title":"","why_editor_text":"","why_team_title":"","why_team_text":"","why_service_title":"","why_service_text":"","template_catalog_visible":"","template_catalog_title":"","template_catalog_text":"","template_catalog_categories_visible":"","demo_title":"Crie sua extens\u00e3o Magento Timeline","demo_caption":"Personalize sua linha do tempo e adicione-a ao seu site com facilidade!","default_faq_hidden":"","app_template_category":[],"platform":"58","template_public_id":"","codecanyon_url":"","codecanyon_item_id":"","codecanyon_price":"","pricing_caption":"","pricing_elfsight_apps_hide_column":"","pricing_elfsight_apps_url":"","pricing_codecanyon_price_caption":"","integration_category":[],"integration_request_title":"","integration_request_cta":"","integration_platform":"","integrations":[],"platform_category":[],"video_schema_markup":"","price":"a partir de $ 0 \/ m\u00eas","trial":"","benefits":[],"button_url":"#demo","button_target_blank":"0","button_nofollow":"0","attributes":[{"name":"Instala\u00e7\u00f5es","content":"50,000 - 100,000","_state":"expanded"},{"name":"Responsivo","content":"Sim","_state":"expanded"},{"name":"Navegadores compat\u00edveis","content":"Firefox, Safari, Opera, Chrome, Edge","_state":"expanded"}],"tags":[],"tags_disable_links":"","hide_more_platforms":"","video_object":"","demo_hide_cta":"0","demo_hide_cloud_options":"","pricing_title":"","pricing":[{"pricing_icon":"platform","pricing_title":"Elfsight Apps","pricing_title_caption":"Software multiplataforma adequado para qualquer site","pricing_price":"a partir de $ 0 \/ m\u00eas","pricing_price_caption":"comece com um plano gratuito","pricing_benefits":"[object Object],[object Object],[object Object],[object Object]","pricing_button_text":"Adicionar ao site","pricing_button_url":"#demo"}],"related_apps_title":"","related_apps_hidden":"","author":"","image":[],"title":"","job":"","social_networks":[]},"_links":{"self":[{"href":"https:\/\/elfsight.com\/pt\/wp-json\/wp\/v2\/pages\/14682","targetHints":{"allow":["GET"]}}],"collection":[{"href":"https:\/\/elfsight.com\/pt\/wp-json\/wp\/v2\/pages"}],"about":[{"href":"https:\/\/elfsight.com\/pt\/wp-json\/wp\/v2\/types\/page"}],"author":[{"embeddable":true,"href":"https:\/\/elfsight.com\/pt\/wp-json\/wp\/v2\/users\/9"}],"replies":[{"embeddable":true,"href":"https:\/\/elfsight.com\/pt\/wp-json\/wp\/v2\/comments?post=14682"}],"version-history":[{"count":1,"href":"https:\/\/elfsight.com\/pt\/wp-json\/wp\/v2\/pages\/14682\/revisions"}],"predecessor-version":[{"id":14686,"href":"https:\/\/elfsight.com\/pt\/wp-json\/wp\/v2\/pages\/14682\/revisions\/14686"}],"up":[{"embeddable":true,"href":"https:\/\/elfsight.com\/pt\/wp-json\/wp\/v2\/pages\/14649"}],"wp:attachment":[{"href":"https:\/\/elfsight.com\/pt\/wp-json\/wp\/v2\/media?parent=14682"}],"curies":[{"name":"wp","href":"https:\/\/api.w.org\/{rel}","templated":true}]}}