{"id":14680,"date":"2025-03-11T09:15:09","date_gmt":"2025-03-11T09:15:09","guid":{"rendered":"https:\/\/elfsight.com\/pt\/?page_id=14680"},"modified":"2025-06-17T14:04:49","modified_gmt":"2025-06-17T14:04:49","slug":"prestashop","status":"publish","type":"page","link":"https:\/\/elfsight.com\/pt\/timeline-widget\/prestashop\/","title":{"rendered":"Timeline &#8211; PrestaShop"},"content":{"rendered":"<div class=\"application-platform-content-item-description application-platform-content-item\" id=\"description\" data-nav-section=\"description\"><h2>Complemento Timeline PrestaShop<\/h2> <p>Transforme sua loja PrestaShop com o complemento Timeline interativo da Elfsight. Destaque os marcos da sua empresa, jornadas de produtos ou eventos importantes de uma forma visualmente din\u00e2mica. Nenhuma codifica\u00e7\u00e3o \u00e9 necess\u00e1ria \u2013 um editor f\u00e1cil de usar permite que voc\u00ea personalize totalmente sua linha do tempo e integre-a perfeitamente ao seu site PrestaShop. Esteja voc\u00ea mostrando a hist\u00f3ria da sua empresa, os est\u00e1gios de desenvolvimento do produto ou os principais marcos, este plug-in ajuda voc\u00ea a envolver os visitantes de forma criativa.<\/p> <ul> <li><b>Crie cronogramas interativos sem c\u00f3digo<\/b><br> Crie um cronograma totalmente funcional e visualmente atraente em minutos. N\u00e3o \u00e9 necess\u00e1rio nenhum conhecimento de programa\u00e7\u00e3o \u2013 basta usar o editor intuitivo para personalizar sua linha do tempo e come\u00e7ar a envolver os visitantes imediatamente!<\/li> <li><b>Op\u00e7\u00f5es avan\u00e7adas de personaliza\u00e7\u00e3o<\/b><br> Personalize o design da sua linha do tempo para se adequar \u00e0 marca da sua loja. Com uma variedade de modelos, cores, fontes e configura\u00e7\u00f5es, voc\u00ea pode criar uma experi\u00eancia \u00fanica e personalizada para seus visitantes.<\/li> <li><b>Processo de incorpora\u00e7\u00e3o suave<\/b><br> Integre facilmente a linha do tempo em sua loja PrestaShop com um c\u00f3digo de incorpora\u00e7\u00e3o HTML simples &#8211; sem necessidade de conhecimento t\u00e9cnico.<\/li> <li><b>Suporte ao cliente responsivo<\/b><br> A equipe dedicada da Ekfsight est\u00e1 aqui para ajud\u00e1-lo com o processo de configura\u00e7\u00e3o, garantindo que sua linha do tempo funcione sem problemas e seja otimizada para sua loja.<\/li> <\/ul> <p><b>Comece a usar o widget Elfsight PrestaShop Timeline para mostrar seus marcos e eventos de uma forma envolvente e interativa!<\/b><\/p> <\/div><div class=\"application-platform-content-item-features application-platform-content-item\" id=\"features\" data-nav-section=\"features\"><h2>O que voc\u00ea pode fazer com o PrestaShop Timeline<\/h2> <ul> <li><strong>Envolva os visitantes visualmente<\/strong><br> Apresente sua chave marcos, eventos ou jornadas de produtos em um formato din\u00e2mico. Uma linha do tempo visual ajuda os usu\u00e1rios a se envolverem com seu conte\u00fado e os incentiva a explorar mais.<\/li> <li><strong>Mostre marcos e progresso<\/strong><br> Apresente os est\u00e1gios de desenvolvimento de seu produto, crescimento da empresa ou eventos importantes em um formato cronol\u00f3gico claro que mant\u00e9m seu p\u00fablico informado e intrigado.<\/li> <li><strong>Destaque as principais conquistas<\/strong><br> Enfatize marcos importantes, lan\u00e7amentos de produtos ou conquistas da empresa com um cronograma visualmente atraente que causa um impacto duradouro.<\/li> <\/ul> <p><a href=\"#demo\">Experimente o editor para explorar todas as funcionalidades do widget Timeline.<\/a><\/p> <\/div><div class=\"application-platform-content-item-installation application-platform-content-item\" id=\"installation\" data-nav-section=\"installation\"><h2>Como incorporar uma linha do tempo no PrestaShop<\/h2> <p>Adicionar o widget Timeline ao seu site PrestaShop \u00e9 r\u00e1pido e f\u00e1cil e n\u00e3o requer experi\u00eancia de codifica\u00e7\u00e3o. Siga estes passos simples:<\/p> <ol> <li><b>Crie sua linha do tempo PrestaShop personalizada<\/b><br> Escolha um modelo no editor e personalize-o para atender \u00e0s suas necessidades e ao estilo da sua loja. Ajuste o design, adicione marcos e ajuste o layout.<\/li> <li><b>Obtenha seu c\u00f3digo incorporado exclusivo<\/b><br> Depois de personalizar sua linha do tempo, voc\u00ea receber\u00e1 um c\u00f3digo HTML que poder\u00e1 copiar para uso posterior.<\/li> <li><b>Incorpore o c\u00f3digo em sua loja PrestaShop<\/b><br> Cole o c\u00f3digo HTML incorporado na se\u00e7\u00e3o desejada do seu site. Salve as altera\u00e7\u00f5es e sua linha do tempo estar\u00e1 ativa!<\/li> <li><b>Conclu\u00eddo! Aproveite sua nova linha do tempo interativa!<\/b><br> Visite seu site para ver a linha do tempo em a\u00e7\u00e3o e comece a envolver seus visitantes de uma forma visualmente atraente!<\/li> <\/ol> <p>Para obter instru\u00e7\u00f5es mais detalhadas, confira nosso guia sobre <a href=\"https:\/\/elfsight.com\/blog\/how-to-embed-timeline-to-website\/\" target=\"_blank\" rel=\"noopener\">como adicionar uma linha do tempo ao seu site<\/a>.<\/p> <\/div><div class=\"faq\" data-component=\"FAQ\"><div class=\"faq-item\">\r\n\t\t\t\t\t<div class=\"faq-item-question\">\r\n\t\t\t\t\t\t<h3 class=\"faq-item-question-text\">O complemento Timeline para PrestaShop \u00e9 gratuito?<\/h3>\r\n\r\n\t\t\t\t\t\t<div class=\"faq-item-question-icon\"><\/div>\r\n\t\t\t\t\t<\/div>\r\n\r\n\t\t\t\t\t<div class=\"faq-item-answer\">\r\n\t\t\t\t\t\t<div class=\"faq-item-answer-text\">Sim, a Elfsight oferece um plano gratuito que fornece acesso a recursos essenciais do widget Timeline. Op\u00e7\u00f5es avan\u00e7adas est\u00e3o dispon\u00edveis com os planos pagos para mais personaliza\u00e7\u00e3o e funcionalidade.<\/div>\r\n\t\t\t\t\t<\/div>\r\n\t\t\t\t<\/div><div class=\"faq-item\">\r\n\t\t\t\t\t<div class=\"faq-item-question\">\r\n\t\t\t\t\t\t<h3 class=\"faq-item-question-text\">Preciso de alguma habilidade de codifica\u00e7\u00e3o para usar o widget Timeline para PrestaShop?<\/h3>\r\n\r\n\t\t\t\t\t\t<div class=\"faq-item-question-icon\"><\/div>\r\n\t\t\t\t\t<\/div>\r\n\r\n\t\t\t\t\t<div class=\"faq-item-answer\">\r\n\t\t\t\t\t\t<div class=\"faq-item-answer-text\">N\u00e3o, o widget Timeline para PrestaShop foi projetado para ser f\u00e1cil de usar e n\u00e3o requer habilidades de codifica\u00e7\u00e3o. Voc\u00ea pode personalizar e incorporar a linha do tempo usando o editor intuitivo.<\/div>\r\n\t\t\t\t\t<\/div>\r\n\t\t\t\t<\/div><div class=\"faq-item\">\r\n\t\t\t\t\t<div class=\"faq-item-question\">\r\n\t\t\t\t\t\t<h3 class=\"faq-item-question-text\">Como posso criar uma linha do tempo interativa para o PrestaShop?<\/h3>\r\n\r\n\t\t\t\t\t\t<div class=\"faq-item-question-icon\"><\/div>\r\n\t\t\t\t\t<\/div>\r\n\r\n\t\t\t\t\t<div class=\"faq-item-answer\">\r\n\t\t\t\t\t\t<div class=\"faq-item-answer-text\">Basta selecionar um modelo no editor, personaliz\u00e1-lo de acordo com suas necessidades e usar o c\u00f3digo HTML fornecido para adicionar a linha do tempo \u00e0 sua loja PrestaShop.<\/div>\r\n\t\t\t\t\t<\/div>\r\n\t\t\t\t<\/div><div class=\"faq-item\">\r\n\t\t\t\t\t<div class=\"faq-item-question\">\r\n\t\t\t\t\t\t<h3 class=\"faq-item-question-text\">Que tipos de cronogramas posso criar para o PrestaShop?<\/h3>\r\n\r\n\t\t\t\t\t\t<div class=\"faq-item-question-icon\"><\/div>\r\n\t\t\t\t\t<\/div>\r\n\r\n\t\t\t\t\t<div class=\"faq-item-answer\">\r\n\t\t\t\t\t\t<div class=\"faq-item-answer-text\">Voc\u00ea pode criar v\u00e1rios tipos de cronogramas cronogramas para sua loja, incluindo:<ul> <li><strong>Jornada do produto<\/strong>: mostre os principais marcos no desenvolvimento ou evolu\u00e7\u00e3o do seu produto.<\/li> <li><strong>Hist\u00f3rico da empresa<\/strong>: exiba o crescimento e as conquistas da sua empresa ao longo do tempo.<\/li> <li><strong>Progresso do projeto<\/strong>: acompanhe e apresente os est\u00e1gios de um projeto em andamento ou conclu\u00eddo.<\/li> <li><strong>Cronograma do evento<\/strong>: apresente eventos importantes, lan\u00e7amentos de produtos ou eventos de vendas em ordem cronol\u00f3gica.<\/li> <\/ul> <\/div>\r\n\t\t\t\t\t<\/div>\r\n\t\t\t\t<\/div> <\/div>","protected":false},"excerpt":{"rendered":"","protected":false},"author":9,"featured_media":0,"parent":14649,"menu_order":0,"comment_status":"closed","ping_status":"closed","template":"templates\/template-application-platform.php","meta":{"publish_to_discourse":"","publish_post_category":"","wpdc_auto_publish_overridden":"","wpdc_topic_tags":"","wpdc_pin_topic":"","wpdc_pin_until":"","discourse_post_id":"","discourse_permalink":"","wpdc_publishing_response":"","wpdc_publishing_error":"","footnotes":""},"class_list":["post-14680","page","type-page","status-publish","hentry"],"yoast_head":"<!-- This site is optimized with the Yoast SEO plugin v25.3.1 - https:\/\/yoast.com\/wordpress\/plugins\/seo\/ -->\n<title>Linha do tempo PrestaShop \u2013 Crie uma linha hist\u00f3rica para um site [GR\u00c1TIS]<\/title>\n<meta name=\"description\" content=\"Adicione uma linha do tempo personalizada \u00e0 sua loja PrestaShop. Exiba os principais marcos do produto, conquistas da empresa ou eventos com um widget de linha do tempo personaliz\u00e1vel e sem c\u00f3digo.\" \/>\n<meta name=\"robots\" content=\"index, follow, max-snippet:-1, max-image-preview:large, max-video-preview:-1\" \/>\n<link rel=\"canonical\" href=\"https:\/\/elfsight.com\/pt\/timeline-widget\/prestashop\/\" \/>\n<meta property=\"og:locale\" content=\"pt_PT\" \/>\n<meta property=\"og:type\" content=\"article\" \/>\n<meta property=\"og:title\" content=\"Linha do tempo PrestaShop \u2013 Crie uma linha hist\u00f3rica para um site [GR\u00c1TIS]\" \/>\n<meta property=\"og:description\" content=\"Adicione uma linha do tempo personalizada \u00e0 sua loja PrestaShop. Exiba os principais marcos do produto, conquistas da empresa ou eventos com um widget de linha do tempo personaliz\u00e1vel e sem c\u00f3digo.\" \/>\n<meta property=\"og:url\" content=\"https:\/\/elfsight.com\/pt\/timeline-widget\/prestashop\/\" \/>\n<meta property=\"og:site_name\" content=\"Elfsight PT\" \/>\n<meta property=\"article:modified_time\" content=\"2025-06-17T14:04:49+00:00\" \/>\n<meta name=\"twitter:card\" content=\"summary_large_image\" \/>\n<meta name=\"twitter:label1\" content=\"Tempo estimado de leitura\" \/>\n\t<meta name=\"twitter:data1\" content=\"4 minutos\" \/>\n<!-- \/ Yoast SEO plugin. -->","yoast_head_json":{"title":"Linha do tempo PrestaShop \u2013 Crie uma linha hist\u00f3rica para um site [GR\u00c1TIS]","description":"Adicione uma linha do tempo personalizada \u00e0 sua loja PrestaShop. Exiba os principais marcos do produto, conquistas da empresa ou eventos com um widget de linha do tempo personaliz\u00e1vel e sem c\u00f3digo.","robots":{"index":"index","follow":"follow","max-snippet":"max-snippet:-1","max-image-preview":"max-image-preview:large","max-video-preview":"max-video-preview:-1"},"canonical":"https:\/\/elfsight.com\/pt\/timeline-widget\/prestashop\/","og_locale":"pt_PT","og_type":"article","og_title":"Linha do tempo PrestaShop \u2013 Crie uma linha hist\u00f3rica para um site [GR\u00c1TIS]","og_description":"Adicione uma linha do tempo personalizada \u00e0 sua loja PrestaShop. Exiba os principais marcos do produto, conquistas da empresa ou eventos com um widget de linha do tempo personaliz\u00e1vel e sem c\u00f3digo.","og_url":"https:\/\/elfsight.com\/pt\/timeline-widget\/prestashop\/","og_site_name":"Elfsight PT","article_modified_time":"2025-06-17T14:04:49+00:00","twitter_card":"summary_large_image","twitter_misc":{"Tempo estimado de leitura":"4 minutos"},"schema":{"@context":"https:\/\/schema.org","@graph":[{"@type":"WebPage","@id":"https:\/\/elfsight.com\/pt\/timeline-widget\/prestashop\/","url":"https:\/\/elfsight.com\/pt\/timeline-widget\/prestashop\/","name":"Linha do tempo PrestaShop \u2013 Crie uma linha hist\u00f3rica para um site [GR\u00c1TIS]","isPartOf":{"@id":"https:\/\/elfsight.com\/pt\/#website"},"datePublished":"2025-03-11T09:15:09+00:00","dateModified":"2025-06-17T14:04:49+00:00","description":"Adicione uma linha do tempo personalizada \u00e0 sua loja PrestaShop. Exiba os principais marcos do produto, conquistas da empresa ou eventos com um widget de linha do tempo personaliz\u00e1vel e sem c\u00f3digo.","breadcrumb":{"@id":"https:\/\/elfsight.com\/pt\/timeline-widget\/prestashop\/#breadcrumb"},"inLanguage":"pt-PT","potentialAction":[{"@type":"ReadAction","target":["https:\/\/elfsight.com\/pt\/timeline-widget\/prestashop\/"]}]},{"@type":"BreadcrumbList","@id":"https:\/\/elfsight.com\/pt\/timeline-widget\/prestashop\/#breadcrumb","itemListElement":[{"@type":"ListItem","position":1,"name":"Home","item":"https:\/\/elfsight.com\/pt\/"},{"@type":"ListItem","position":2,"name":"Timeline","item":"https:\/\/elfsight.com\/pt\/timeline-widget\/"},{"@type":"ListItem","position":3,"name":"Timeline &#8211; PrestaShop"}]},{"@type":"WebSite","@id":"https:\/\/elfsight.com\/pt\/#website","url":"https:\/\/elfsight.com\/pt\/","name":"Elfsight PT","description":"Just another Elfsight Sites site","potentialAction":[{"@type":"SearchAction","target":{"@type":"EntryPoint","urlTemplate":"https:\/\/elfsight.com\/pt\/?s={search_term_string}"},"query-input":{"@type":"PropertyValueSpecification","valueRequired":true,"valueName":"search_term_string"}}],"inLanguage":"pt-PT"}]}},"meta_box":{"industry":"","seo_heading":"","heading":"","description":"","cta_heading":"","cta_description":"","application":"14648","h1":"Complemento de linha do tempo para PrestaShop","h1_caption":"Apresente uma cronologia envolvente de conquistas para revelar sua narrativa, marcos de progresso ou eventos com uma linha do tempo interativa em seu site PrestaShop.","application_category":[],"applications_title":"","applications_request_title":"","applications_request_button_text":"","hero_text":"","hero_video":"","hero_video_schema_markup":"","selling_points_title":"","selling_points_caption":"","selling_points":[],"selling_points_cta_text":"","features_title":"","features":"","ed_cta_examples_text":"","ed_cta_examples_hidden":"","ed_cta_demo_text":"","ed_cta_demo_hidden":"","why_caption":"","why_editor_title":"","why_editor_text":"","why_team_title":"","why_team_text":"","why_service_title":"","why_service_text":"","template_catalog_visible":"","template_catalog_title":"","template_catalog_text":"","template_catalog_categories_visible":"","demo_title":"Crie seu complemento PrestaShop Timeline","demo_caption":"Personalize sua linha do tempo e adicione-a ao seu site com facilidade!","default_faq_hidden":"","app_template_category":[],"platform":"5343","template_public_id":"","codecanyon_url":"","codecanyon_item_id":"","codecanyon_price":"","pricing_caption":"","pricing_elfsight_apps_hide_column":"","pricing_elfsight_apps_url":"","pricing_codecanyon_price_caption":"","integration_category":[],"integration_request_title":"","integration_request_cta":"","integration_platform":"","integrations":[],"platform_category":[],"video_schema_markup":"","price":"a partir de $ 0 \/ m\u00eas","trial":"","benefits":[],"button_url":"#demo","button_target_blank":"0","button_nofollow":"0","attributes":[{"name":"Instala\u00e7\u00f5es","content":"50,000 - 100,000","_state":"expanded"},{"name":"Responsivo","content":"Sim","_state":"expanded"},{"name":"Navegadores compat\u00edveis","content":"Firefox, Safari, Opera, Chrome, Edge","_state":"expanded"}],"tags":[],"tags_disable_links":"","hide_more_platforms":"","video_object":"","demo_hide_cta":"0","demo_hide_cloud_options":"","pricing_title":"","pricing":[{"pricing_icon":"platform","pricing_title":"Elfsight Apps","pricing_title_caption":"Software multiplataforma adequado para qualquer site","pricing_price":"a partir de $ 0 \/ m\u00eas","pricing_price_caption":"comece com um plano gratuito","pricing_benefits":"[object Object],[object Object],[object Object],[object Object]","pricing_button_text":"Adicionar ao site","pricing_button_url":"#demo"}],"related_apps_title":"","related_apps_hidden":"","author":"","image":[],"title":"","job":"","social_networks":[]},"_links":{"self":[{"href":"https:\/\/elfsight.com\/pt\/wp-json\/wp\/v2\/pages\/14680","targetHints":{"allow":["GET"]}}],"collection":[{"href":"https:\/\/elfsight.com\/pt\/wp-json\/wp\/v2\/pages"}],"about":[{"href":"https:\/\/elfsight.com\/pt\/wp-json\/wp\/v2\/types\/page"}],"author":[{"embeddable":true,"href":"https:\/\/elfsight.com\/pt\/wp-json\/wp\/v2\/users\/9"}],"replies":[{"embeddable":true,"href":"https:\/\/elfsight.com\/pt\/wp-json\/wp\/v2\/comments?post=14680"}],"version-history":[{"count":1,"href":"https:\/\/elfsight.com\/pt\/wp-json\/wp\/v2\/pages\/14680\/revisions"}],"predecessor-version":[{"id":14684,"href":"https:\/\/elfsight.com\/pt\/wp-json\/wp\/v2\/pages\/14680\/revisions\/14684"}],"up":[{"embeddable":true,"href":"https:\/\/elfsight.com\/pt\/wp-json\/wp\/v2\/pages\/14649"}],"wp:attachment":[{"href":"https:\/\/elfsight.com\/pt\/wp-json\/wp\/v2\/media?parent=14680"}],"curies":[{"name":"wp","href":"https:\/\/api.w.org\/{rel}","templated":true}]}}