{"id":14679,"date":"2025-03-12T08:34:08","date_gmt":"2025-03-12T08:34:08","guid":{"rendered":"https:\/\/elfsight.com\/pt\/?page_id=14679"},"modified":"2025-06-17T14:04:49","modified_gmt":"2025-06-17T14:04:49","slug":"facebook","status":"publish","type":"page","link":"https:\/\/elfsight.com\/pt\/timeline-widget\/facebook\/","title":{"rendered":"Timeline &#8211; Facebook"},"content":{"rendered":"<div class=\"application-platform-content-item-description application-platform-content-item\" id=\"description\" data-nav-section=\"description\"><h2>Construtor de linha do tempo para p\u00e1ginas do Facebook<\/h2><p>Adicione uma linha do tempo interativa \u00e0s suas p\u00e1ginas do Facebook para destacar marcos, eventos ou est\u00e1gios de tarefas, sem necessidade de codifica\u00e7\u00e3o. O widget Timeline da Elfsight permite incorporar pontos personaliz\u00e1veis \u200b\u200bque envolvem o seu p\u00fablico. Esteja voc\u00ea compartilhando a hist\u00f3ria da sua marca, acompanhando as fases do projeto ou destacando os marcos do produto, este widget simplifica a cria\u00e7\u00e3o de um cronograma adaptado aos seus objetivos.<\/p><ul><li><b>Crie cronogramas interativos sem c\u00f3digo<\/b><br>Crie um cronograma totalmente funcional em minutos, sem a necessidade de conhecimento t\u00e9cnico, e comece a cativar seus visitantes imediatamente.<\/li><li><b>Op\u00e7\u00f5es avan\u00e7adas de personaliza\u00e7\u00e3o<\/b><br>Ajuste o design e o layout do seu cronograma com v\u00e1rios modelos, cores, fontes e configura\u00e7\u00f5es personaliz\u00e1veis \u200b\u200bpara uma experi\u00eancia \u00fanica e envolvente.<\/li><li><b>Processo de incorpora\u00e7\u00e3o tranquilo<\/b><br>Incorpore facilmente sua linha do tempo em suas p\u00e1ginas do Facebook usando c\u00f3digo HTML simples, sem problemas t\u00e9cnicos.<\/li><li><b>Suporte ao cliente \u00e1gil<\/b><br>Nossa equipe de suporte dedicada est\u00e1 dispon\u00edvel para ajud\u00e1-lo com a configura\u00e7\u00e3o, garantindo que sua linha do tempo funcione perfeitamente em sua p\u00e1gina.<\/li><\/ul><p><b>Experimente o Elfsight Linha do tempo para envolver seu p\u00fablico e exibir seus marcos de uma forma visualmente atraente!<\/b><\/p><\/div><div class=\"application-platform-content-item-features application-platform-content-item\" id=\"features\" data-nav-section=\"features\"><h2>O que voc\u00ea pode fazer com a linha do tempo das p\u00e1ginas do Facebook<\/h2><ul><li><strong>Envolva os visitantes visualmente<\/strong><br>Capte a aten\u00e7\u00e3o do seu p\u00fablico com uma linha do tempo din\u00e2mica e interativa que apresenta marcos em um formato f\u00e1cil de entender. Uma linha do tempo visual mant\u00e9m os visitantes envolvidos e os incentiva a explorar ainda mais sua hist\u00f3ria.<\/li><li><strong>Mostre o progresso e os eventos<\/strong><br>Use a linha do tempo para apresentar eventos em ordem cronol\u00f3gica, ajudando os visitantes a acompanhar sua jornada. Isso mant\u00e9m seu p\u00fablico envolvido e informado sobre seus desenvolvimentos mais recentes.<\/li><li><strong>Destaque as principais conquistas<\/strong><br>Concentre-se nos marcos mais importantes. Exiba suas principais realiza\u00e7\u00f5es em um formato envolvente e claro que ressoe com seu p\u00fablico.<\/li><\/ul><p><a href=\"#demo\">Confira o editor para ver todo o potencial.<\/a><\/p><\/div><div class=\"application-platform-content-item-installation application-platform-content-item\" id=\"installation\" data-nav-section=\"installation\"> <h2>Como incorporar uma linha do tempo nas p\u00e1ginas do Facebook<\/h2><p>Adicionar a linha do tempo \u00e0s suas p\u00e1ginas do Facebook \u00e9 simples e n\u00e3o requer nenhuma codifica\u00e7\u00e3o. Basta seguir estas etapas f\u00e1ceis para come\u00e7ar:<\/p><ol><li><b>Crie sua linha do tempo personalizada<\/b><br>Comece selecionando um modelo em nosso editor e personalize-o para atender \u00e0s suas necessidades.<\/li><li><b>Obtenha seu c\u00f3digo de incorpora\u00e7\u00e3o exclusivo<\/b><br>Depois que sua linha do tempo for personalizada, voc\u00ea receber\u00e1 um c\u00f3digo HTML personalizado. Copie este c\u00f3digo para uso posterior.<\/li><li><b>Incorpore o c\u00f3digo em sua p\u00e1gina<\/b><br>Insira o c\u00f3digo HTML na se\u00e7\u00e3o apropriada de sua p\u00e1gina e salve as altera\u00e7\u00f5es. Sua linha do tempo estar\u00e1 ativa!<\/li><li><b>Aproveite sua nova linha do tempo interativa!<\/b><br>Visite sua p\u00e1gina para ver a linha do tempo em a\u00e7\u00e3o e envolva seu p\u00fablico com sua hist\u00f3ria!<\/li><\/ol><p>Para obter instru\u00e7\u00f5es mais detalhadas, confira nosso guia sobre <a href=\"https:\/\/elfsight.com\/blog\/how-to-embed-timeline-to-website\/\">como adicionar uma linha do tempo ao seu page.<\/a><\/p><\/div><div class=\"faq\" data-component=\"FAQ\"><div class=\"faq-item\">\r\n\t\t\t\t\t<div class=\"faq-item-question\">\r\n\t\t\t\t\t\t<h3 class=\"faq-item-question-text\">O widget Timeline para p\u00e1ginas do Facebook \u00e9 gratuito? <\/h3>\r\n\r\n\t\t\t\t\t\t<div class=\"faq-item-question-icon\"><\/div>\r\n\t\t\t\t\t<\/div>\r\n\r\n\t\t\t\t\t<div class=\"faq-item-answer\">\r\n\t\t\t\t\t\t<div class=\"faq-item-answer-text\">Sim, a Elfsight oferece um modelo de assinatura com um plano gratuito dispon\u00edvel. Voc\u00ea pode usar o widget Linha do tempo para p\u00e1ginas do Facebook gratuitamente, obtendo acesso a todos os recursos essenciais. Para desbloquear recursos mais avan\u00e7ados, planos premium est\u00e3o dispon\u00edveis. <\/div>\r\n\t\t\t\t\t<\/div>\r\n\t\t\t\t<\/div><div class=\"faq-item\">\r\n\t\t\t\t\t<div class=\"faq-item-question\">\r\n\t\t\t\t\t\t<h3 class=\"faq-item-question-text\">Preciso de alguma habilidade de codifica\u00e7\u00e3o para usar o widget Linha do tempo? <\/h3>\r\n\r\n\t\t\t\t\t\t<div class=\"faq-item-question-icon\"><\/div>\r\n\t\t\t\t\t<\/div>\r\n\r\n\t\t\t\t\t<div class=\"faq-item-answer\">\r\n\t\t\t\t\t\t<div class=\"faq-item-answer-text\">N\u00e3o s\u00e3o necess\u00e1rias habilidades de codifica\u00e7\u00e3o. O widget Linha do tempo da Elfsight permite criar, personalizar e incorporar uma linha do tempo com um editor f\u00e1cil de usar.<\/div>\r\n\t\t\t\t\t<\/div>\r\n\t\t\t\t<\/div><div class=\"faq-item\">\r\n\t\t\t\t\t<div class=\"faq-item-question\">\r\n\t\t\t\t\t\t<h3 class=\"faq-item-question-text\">Como posso criar uma linha do tempo interativa para p\u00e1ginas do Facebook? <\/h3>\r\n\r\n\t\t\t\t\t\t<div class=\"faq-item-question-icon\"><\/div>\r\n\t\t\t\t\t<\/div>\r\n\r\n\t\t\t\t\t<div class=\"faq-item-answer\">\r\n\t\t\t\t\t\t<div class=\"faq-item-answer-text\">Basta escolher um modelo no editor, personaliz\u00e1-lo com o seu conte\u00fado e incorpor\u00e1-lo na sua p\u00e1gina do Facebook usando o c\u00f3digo HTML exclusivo fornecido. <\/div>\r\n\t\t\t\t\t<\/div>\r\n\t\t\t\t<\/div><div class=\"faq-item\">\r\n\t\t\t\t\t<div class=\"faq-item-question\">\r\n\t\t\t\t\t\t<h3 class=\"faq-item-question-text\">Que tipos de cronogramas posso criar? <\/h3>\r\n\r\n\t\t\t\t\t\t<div class=\"faq-item-question-icon\"><\/div>\r\n\t\t\t\t\t<\/div>\r\n\r\n\t\t\t\t\t<div class=\"faq-item-answer\">\r\n\t\t\t\t\t\t<div class=\"faq-item-answer-text\">Voc\u00ea pode criar uma ampla variedade de cronogramas: hist\u00f3rico da empresa, desenvolvimento de produtos, progresso do projeto, cronogramas de eventos e muito mais. O widget Timeline da Elfsight \u00e9 vers\u00e1til e pode ser adaptado \u00e0s suas necessidades espec\u00edficas. <\/div>\r\n\t\t\t\t\t<\/div>\r\n\t\t\t\t<\/div><\/div><p><\/p>","protected":false},"excerpt":{"rendered":"","protected":false},"author":9,"featured_media":0,"parent":14649,"menu_order":0,"comment_status":"closed","ping_status":"closed","template":"templates\/template-application-platform.php","meta":{"publish_to_discourse":"","publish_post_category":"","wpdc_auto_publish_overridden":"","wpdc_topic_tags":"","wpdc_pin_topic":"","wpdc_pin_until":"","discourse_post_id":"","discourse_permalink":"","wpdc_publishing_response":"","wpdc_publishing_error":"","footnotes":""},"class_list":["post-14679","page","type-page","status-publish","hentry"],"yoast_head":"<!-- This site is optimized with the Yoast SEO plugin v25.3.1 - https:\/\/yoast.com\/wordpress\/plugins\/seo\/ -->\n<title>Widget de linha do tempo - adicione uma linha do tempo interativa \u00e0s p\u00e1ginas do Facebook<\/title>\n<meta name=\"description\" content=\"Crie uma linha do tempo personalizada nas p\u00e1ginas do Facebook com o widget Linha do tempo do Efsight. Apresente os principais eventos, marcos e conquistas - sem necessidade de codifica\u00e7\u00e3o.\" \/>\n<meta name=\"robots\" content=\"index, follow, max-snippet:-1, max-image-preview:large, max-video-preview:-1\" \/>\n<link rel=\"canonical\" href=\"https:\/\/elfsight.com\/pt\/timeline-widget\/facebook\/\" \/>\n<meta property=\"og:locale\" content=\"pt_PT\" \/>\n<meta property=\"og:type\" content=\"article\" \/>\n<meta property=\"og:title\" content=\"Widget de linha do tempo - adicione uma linha do tempo interativa \u00e0s p\u00e1ginas do Facebook\" \/>\n<meta property=\"og:description\" content=\"Crie uma linha do tempo personalizada nas p\u00e1ginas do Facebook com o widget Linha do tempo do Efsight. Apresente os principais eventos, marcos e conquistas - sem necessidade de codifica\u00e7\u00e3o.\" \/>\n<meta property=\"og:url\" content=\"https:\/\/elfsight.com\/pt\/timeline-widget\/facebook\/\" \/>\n<meta property=\"og:site_name\" content=\"Elfsight PT\" \/>\n<meta property=\"article:modified_time\" content=\"2025-06-17T14:04:49+00:00\" \/>\n<meta name=\"twitter:card\" content=\"summary_large_image\" \/>\n<meta name=\"twitter:label1\" content=\"Tempo estimado de leitura\" \/>\n\t<meta name=\"twitter:data1\" content=\"4 minutos\" \/>\n<!-- \/ Yoast SEO plugin. -->","yoast_head_json":{"title":"Widget de linha do tempo - adicione uma linha do tempo interativa \u00e0s p\u00e1ginas do Facebook","description":"Crie uma linha do tempo personalizada nas p\u00e1ginas do Facebook com o widget Linha do tempo do Efsight. Apresente os principais eventos, marcos e conquistas - sem necessidade de codifica\u00e7\u00e3o.","robots":{"index":"index","follow":"follow","max-snippet":"max-snippet:-1","max-image-preview":"max-image-preview:large","max-video-preview":"max-video-preview:-1"},"canonical":"https:\/\/elfsight.com\/pt\/timeline-widget\/facebook\/","og_locale":"pt_PT","og_type":"article","og_title":"Widget de linha do tempo - adicione uma linha do tempo interativa \u00e0s p\u00e1ginas do Facebook","og_description":"Crie uma linha do tempo personalizada nas p\u00e1ginas do Facebook com o widget Linha do tempo do Efsight. Apresente os principais eventos, marcos e conquistas - sem necessidade de codifica\u00e7\u00e3o.","og_url":"https:\/\/elfsight.com\/pt\/timeline-widget\/facebook\/","og_site_name":"Elfsight PT","article_modified_time":"2025-06-17T14:04:49+00:00","twitter_card":"summary_large_image","twitter_misc":{"Tempo estimado de leitura":"4 minutos"},"schema":{"@context":"https:\/\/schema.org","@graph":[{"@type":"WebPage","@id":"https:\/\/elfsight.com\/pt\/timeline-widget\/facebook\/","url":"https:\/\/elfsight.com\/pt\/timeline-widget\/facebook\/","name":"Widget de linha do tempo - adicione uma linha do tempo interativa \u00e0s p\u00e1ginas do Facebook","isPartOf":{"@id":"https:\/\/elfsight.com\/pt\/#website"},"datePublished":"2025-03-12T08:34:08+00:00","dateModified":"2025-06-17T14:04:49+00:00","description":"Crie uma linha do tempo personalizada nas p\u00e1ginas do Facebook com o widget Linha do tempo do Efsight. Apresente os principais eventos, marcos e conquistas - sem necessidade de codifica\u00e7\u00e3o.","breadcrumb":{"@id":"https:\/\/elfsight.com\/pt\/timeline-widget\/facebook\/#breadcrumb"},"inLanguage":"pt-PT","potentialAction":[{"@type":"ReadAction","target":["https:\/\/elfsight.com\/pt\/timeline-widget\/facebook\/"]}]},{"@type":"BreadcrumbList","@id":"https:\/\/elfsight.com\/pt\/timeline-widget\/facebook\/#breadcrumb","itemListElement":[{"@type":"ListItem","position":1,"name":"Home","item":"https:\/\/elfsight.com\/pt\/"},{"@type":"ListItem","position":2,"name":"Timeline","item":"https:\/\/elfsight.com\/pt\/timeline-widget\/"},{"@type":"ListItem","position":3,"name":"Timeline &#8211; Facebook"}]},{"@type":"WebSite","@id":"https:\/\/elfsight.com\/pt\/#website","url":"https:\/\/elfsight.com\/pt\/","name":"Elfsight PT","description":"Just another Elfsight Sites site","potentialAction":[{"@type":"SearchAction","target":{"@type":"EntryPoint","urlTemplate":"https:\/\/elfsight.com\/pt\/?s={search_term_string}"},"query-input":{"@type":"PropertyValueSpecification","valueRequired":true,"valueName":"search_term_string"}}],"inLanguage":"pt-PT"}]}},"meta_box":{"industry":"","seo_heading":"","heading":"","description":"","cta_heading":"","cta_description":"","application":"14648","h1":"Widget de linha do tempo para p\u00e1ginas do Facebook","h1_caption":"Exiba uma cronologia envolvente de marcos para narrar sua hist\u00f3ria, mostrar seu progresso ou eventos com uma linha do tempo interativa nas p\u00e1ginas do Facebook.","application_category":[],"applications_title":"","applications_request_title":"","applications_request_button_text":"","hero_text":"","hero_video":"","hero_video_schema_markup":"","selling_points_title":"","selling_points_caption":"","selling_points":[],"selling_points_cta_text":"","features_title":"","features":"","ed_cta_examples_text":"","ed_cta_examples_hidden":"","ed_cta_demo_text":"","ed_cta_demo_hidden":"","why_caption":"","why_editor_title":"","why_editor_text":"","why_team_title":"","why_team_text":"","why_service_title":"","why_service_text":"","template_catalog_visible":"","template_catalog_title":"","template_catalog_text":"","template_catalog_categories_visible":"","demo_title":"Crie o widget da linha do tempo das suas p\u00e1ginas do Facebook","demo_caption":"Personalize sua linha do tempo e adicione-a ao seu site com facilidade!","default_faq_hidden":"","app_template_category":[],"platform":"103","template_public_id":"","codecanyon_url":"","codecanyon_item_id":"","codecanyon_price":"","pricing_caption":"","pricing_elfsight_apps_hide_column":"","pricing_elfsight_apps_url":"","pricing_codecanyon_price_caption":"","integration_category":[],"integration_request_title":"","integration_request_cta":"","integration_platform":"","integrations":[],"platform_category":[],"video_schema_markup":"","price":"a partir de $ 0 \/ m\u00eas","trial":"","benefits":[],"button_url":"#demo","button_target_blank":"0","button_nofollow":"0","attributes":[{"name":"Instala\u00e7\u00f5es","content":"50,000 - 100,000","_state":"expanded"},{"name":"Responsivo","content":"Sim","_state":"expanded"},{"name":"Navegadores compat\u00edveis","content":"Firefox, Safari, Opera, Chrome, Edge","_state":"expanded"}],"tags":[],"tags_disable_links":"","hide_more_platforms":"","video_object":"","demo_hide_cta":"0","demo_hide_cloud_options":"","pricing_title":"","pricing":[{"pricing_icon":"platform","pricing_title":"Elfsight Apps","pricing_title_caption":"Software multiplataforma adequado para qualquer site","pricing_price":"a partir de $ 0 \/ m\u00eas","pricing_price_caption":"comece com um plano gratuito","pricing_benefits":"[object Object],[object Object],[object Object],[object Object]","pricing_button_text":"Adicionar ao site","pricing_button_url":"#demo"}],"related_apps_title":"","related_apps_hidden":"","author":"","image":[],"title":"","job":"","social_networks":[]},"_links":{"self":[{"href":"https:\/\/elfsight.com\/pt\/wp-json\/wp\/v2\/pages\/14679","targetHints":{"allow":["GET"]}}],"collection":[{"href":"https:\/\/elfsight.com\/pt\/wp-json\/wp\/v2\/pages"}],"about":[{"href":"https:\/\/elfsight.com\/pt\/wp-json\/wp\/v2\/types\/page"}],"author":[{"embeddable":true,"href":"https:\/\/elfsight.com\/pt\/wp-json\/wp\/v2\/users\/9"}],"replies":[{"embeddable":true,"href":"https:\/\/elfsight.com\/pt\/wp-json\/wp\/v2\/comments?post=14679"}],"version-history":[{"count":1,"href":"https:\/\/elfsight.com\/pt\/wp-json\/wp\/v2\/pages\/14679\/revisions"}],"predecessor-version":[{"id":14683,"href":"https:\/\/elfsight.com\/pt\/wp-json\/wp\/v2\/pages\/14679\/revisions\/14683"}],"up":[{"embeddable":true,"href":"https:\/\/elfsight.com\/pt\/wp-json\/wp\/v2\/pages\/14649"}],"wp:attachment":[{"href":"https:\/\/elfsight.com\/pt\/wp-json\/wp\/v2\/media?parent=14679"}],"curies":[{"name":"wp","href":"https:\/\/api.w.org\/{rel}","templated":true}]}}