{"id":13935,"date":"2024-12-19T14:06:12","date_gmt":"2024-12-19T14:06:12","guid":{"rendered":"https:\/\/elfsight.com\/pt\/?page_id=13935"},"modified":"2025-09-18T14:31:00","modified_gmt":"2025-09-18T14:31:00","slug":"shopify","status":"publish","type":"page","link":"https:\/\/elfsight.com\/pt\/announcement-bar-widget\/shopify\/","title":{"rendered":"Announcement Bar &#8211; Shopify"},"content":{"rendered":"\n<div class=\"application-platform-content-item-description application-platform-content-item\" id=\"description\" data-nav-section=\"description\"> <p>O aplicativo Barra de An\u00fancios ajuda as empresas a comunicar claramente notifica\u00e7\u00f5es, promo\u00e7\u00f5es e alertas importantes aos visitantes. \u00c9 perfeito para informar os clientes sobre ofertas especiais, lan\u00e7amentos de produtos ou informa\u00e7\u00f5es importantes, como atualiza\u00e7\u00f5es de envio.<\/p><p>Melhore o envolvimento incentivando os visitantes a agir, seja para fazer uma compra ou receber um cupom. Com a configura\u00e7\u00e3o sem c\u00f3digo, o aplicativo se integra perfeitamente ao seu site. \u00c9 totalmente personaliz\u00e1vel, para que voc\u00ea possa escolher facilmente o estilo que se adapta \u00e0 sua marca.<\/p><p><b>Projete sua barra de an\u00fancios personalizada para uma representa\u00e7\u00e3o mais forte das mensagens importantes da sua empresa.<\/b><\/p><\/div> <div class=\"application-platform-content-item-features application-platform-content-item\" id=\"features\" data-nav-section=\"features\"> <h2>Recursos do aplicativo da barra de an\u00fancios<\/h2> <p>O O aplicativo Shopify Advertising Bar da Elfsight foi projetado para aumentar a conscientiza\u00e7\u00e3o do cliente, exibindo notifica\u00e7\u00f5es din\u00e2micas. Abaixo est\u00e1 uma lista completa dos principais recursos do aplicativo:<\/p><ul><li><b>Configura\u00e7\u00e3o r\u00e1pida e f\u00e1cil.<\/b> Voc\u00ea pode instalar o aplicativo em seu site de forma r\u00e1pida e f\u00e1cil, pois n\u00e3o requer conhecimentos t\u00e9cnicos ou habilidades de codifica\u00e7\u00e3o.<\/li><li><b>Atraente, mas discreto.<\/b> As op\u00e7\u00f5es de layout personaliz\u00e1veis \u200b\u200bpermitem que voc\u00ea crie an\u00fancios impactantes que chamam a aten\u00e7\u00e3o, garantindo uma experi\u00eancia de usu\u00e1rio tranquila.<\/li><li><b>Aumente as vendas dos seus produtos mais importantes.<\/b> Use a barra de an\u00fancios para promover descontos, promo\u00e7\u00f5es ou ofertas, chamando efetivamente a aten\u00e7\u00e3o para produtos espec\u00edficos.<\/li><li><b>Destaque not\u00edcias e atualiza\u00e7\u00f5es.<\/b> Compartilhe informa\u00e7\u00f5es sobre novos lan\u00e7amentos, atualiza\u00e7\u00f5es de produtos ou lan\u00e7amentos futuros e mantenha seus visitantes envolvidos com conte\u00fado relevante.<\/li><li><b>Consist\u00eancia da marca.<\/b> Personalize todos os aspectos da barra de an\u00fancios para combinar perfeitamente com seu design e marca. Site.<\/li><li><b>Design personaliz\u00e1vel.<\/b> Personalize os elementos de design, incluindo cores, fontes e layout, para refletir seu estilo \u00fanico.<\/li><\/ul><p><a href=\"#demo\">Experimente a demonstra\u00e7\u00e3o gratuita para ver como o aplicativo Barra de an\u00fancios funciona<\/a><\/p><\/div> <div class=\"application-platform-content-item-installation application-platform-content-item\" id=\"installation\" data-nav-section=\"installation\"> <h2>Como adiciono uma barra de an\u00fancios ao meu site da Shopify?<\/h2><div class=\"video-container\">\n<iframe width=\"720\" height=\"405\" src=\"https:\/\/www.youtube.com\/embed\/Y--tZGZ7rAw?si=gmT9v-VTJ7ZvLHIP\" frameborder=\"0\" allowfullscreen=\"\"><\/iframe>\n<\/div><p>Para incorporar o aplicativo Barra de an\u00fancios ao seu site, siga estas etapas r\u00e1pidas:<\/p> <ol><li>Inicie o editor do aplicativo e selecione um modelo que corresponda ao estilo do seu site.<\/li><li>Personalize o aplicativo alterando sua mensagem, a\u00e7\u00e3o e recursos visuais, bot\u00e3o, posi\u00e7\u00e3o na p\u00e1gina, etc. <\/li><li>Salvar Suas altera\u00e7\u00f5es e copie o c\u00f3digo HTML gerado. Incorpore o c\u00f3digo no CMS do seu site e atualize a p\u00e1gina.<\/li><\/ol>Pronto! Seu aplicativo Barra de an\u00fancios do Shopify agora est\u00e1 ativo!<p>Para obter instru\u00e7\u00f5es detalhadas, consulte nosso artigo sobre <a href=\"https:\/\/elfsight.com\/blog\/how-to-add-announcement-bar-in-shopify\/\" target=\"_blank\" rel=\"noopener\">como adicionar o aplicativo Barra de an\u00fancios ao Shopify<\/a>.<\/p><p>Se voc\u00ea encontrar algum problema, basta entrar em contato com nossa equipe de suporte ao cliente. Teremos prazer em ajudar voc\u00ea a instalar e personalizar seu aplicativo Barra de An\u00fancios.<\/p><\/div> <h2>Perguntas frequentes<\/h2><div class=\"faq\" data-component=\"FAQ\"><div class=\"faq-item\">\r\n\t\t\t\t\t<div class=\"faq-item-question\">\r\n\t\t\t\t\t\t<h3 class=\"faq-item-question-text\">O uso do aplicativo Barra de An\u00fancios do Shopify \u00e9 gratuito?<\/h3>\r\n\r\n\t\t\t\t\t\t<div class=\"faq-item-question-icon\"><\/div>\r\n\t\t\t\t\t<\/div>\r\n\r\n\t\t\t\t\t<div class=\"faq-item-answer\">\r\n\t\t\t\t\t\t<div class=\"faq-item-answer-text\">Sim, h\u00e1 uma op\u00e7\u00e3o gratuita dispon\u00edvel que fornece ferramentas b\u00e1sicas. \u00c9 adequado para pequenos sites, empresas com recursos limitados ou para testes. Os planos pagos est\u00e3o dispon\u00edveis por apenas US$ 5 por m\u00eas e oferecem benef\u00edcios adicionais.<\/div>\r\n\t\t\t\t\t<\/div>\r\n\t\t\t\t<\/div><div class=\"faq-item\">\r\n\t\t\t\t\t<div class=\"faq-item-question\">\r\n\t\t\t\t\t\t<h3 class=\"faq-item-question-text\">Que tipos de aplicativos da barra de an\u00fancios posso adicionar ao meu site?<\/h3>\r\n\r\n\t\t\t\t\t\t<div class=\"faq-item-question-icon\"><\/div>\r\n\t\t\t\t\t<\/div>\r\n\r\n\t\t\t\t\t<div class=\"faq-item-answer\">\r\n\t\t\t\t\t\t<div class=\"faq-item-answer-text\">Alguns exemplos de barras de an\u00fancios do Shopify incluem aplicativos que promovem ofertas de frete gr\u00e1tis, anunciam atualiza\u00e7\u00f5es ou indicam uma venda futura. Estas barras podem ser est\u00e1ticas para uma exibi\u00e7\u00e3o ininterrupta ou ter capacidades de rolagem para permanecerem vis\u00edveis em todos os momentos.<\/div>\r\n\t\t\t\t\t<\/div>\r\n\t\t\t\t<\/div><div class=\"faq-item\">\r\n\t\t\t\t\t<div class=\"faq-item-question\">\r\n\t\t\t\t\t\t<h3 class=\"faq-item-question-text\">Como edito a aplica\u00e7\u00e3o da barra de an\u00fancios no website da Shopify?<\/h3>\r\n\r\n\t\t\t\t\t\t<div class=\"faq-item-question-icon\"><\/div>\r\n\t\t\t\t\t<\/div>\r\n\r\n\t\t\t\t\t<div class=\"faq-item-answer\">\r\n\t\t\t\t\t\t<div class=\"faq-item-answer-text\">A edi\u00e7\u00e3o da aplica\u00e7\u00e3o da barra de an\u00fancios \u00e9 intuitiva com o editor acess\u00edvel da Elfsight. Voc\u00ea pode personalizar o conte\u00fado, o design e o posicionamento para combinar com a apar\u00eancia geral do seu site. Recursos adicionais, como ferramentas de segmenta\u00e7\u00e3o, permitem que voc\u00ea personalize a barra para alcan\u00e7ar efetivamente seu p\u00fablico.<\/div>\r\n\t\t\t\t\t<\/div>\r\n\t\t\t\t<\/div><div class=\"faq-item\">\r\n\t\t\t\t\t<div class=\"faq-item-question\">\r\n\t\t\t\t\t\t<h3 class=\"faq-item-question-text\">Quais outros aplicativos posso usar para melhorar o envolvimento do p\u00fablico?<\/h3>\r\n\r\n\t\t\t\t\t\t<div class=\"faq-item-question-icon\"><\/div>\r\n\t\t\t\t\t<\/div>\r\n\r\n\t\t\t\t\t<div class=\"faq-item-answer\">\r\n\t\t\t\t\t\t<div class=\"faq-item-answer-text\"><p>Voc\u00ea pode criar um <a href=\"https:\/\/elfsight.com\/sales-notification-widget\/shopify\/\" rel=\"noopener\">Adicione um aplicativo de notifica\u00e7\u00e3o de vendas<\/a> para exibir informa\u00e7\u00f5es sobre compras recentes, o que \u00e9 \u00fatil para construir a confian\u00e7a do cliente. O <a href=\"https:\/\/elfsight.com\/popup-widget\/shopify\/\" rel=\"noopener\">aplicativo pop-up<\/a> \u00e9 ideal para promover ofertas e incentivar os visitantes a agir. O <a href=\"https:\/\/elfsight.com\/banner-widget\/shopify\/\" rel=\"noopener\">Banner App<\/a> destaca eventos especiais, garantindo a visibilidade de informa\u00e7\u00f5es importantes.<\/div>\r\n\t\t\t\t\t<\/div>\r\n\t\t\t\t<\/div><\/div>\n","protected":false},"excerpt":{"rendered":"Perguntas frequentes","protected":false},"author":9,"featured_media":0,"parent":5171,"menu_order":0,"comment_status":"closed","ping_status":"closed","template":"templates\/template-application-platform.php","meta":{"publish_to_discourse":"","publish_post_category":"","wpdc_auto_publish_overridden":"","wpdc_topic_tags":"","wpdc_pin_topic":"","wpdc_pin_until":"","discourse_post_id":"","discourse_permalink":"","wpdc_publishing_response":"","wpdc_publishing_error":"","footnotes":""},"class_list":["post-13935","page","type-page","status-publish","hentry"],"yoast_head":"<!-- This site is optimized with the Yoast SEO plugin v25.3.1 - https:\/\/yoast.com\/wordpress\/plugins\/seo\/ -->\n<title>Melhor aplicativo de barra de an\u00fancios para Shopify \u2013 adicione ao seu site<\/title>\n<meta name=\"description\" content=\"Aumente o envolvimento com a aplica\u00e7\u00e3o Elfsight Advertising Bar f\u00e1cil de usar para Shopify. Destaque alertas urgentes e motive os visitantes a agirem.\" \/>\n<meta name=\"robots\" content=\"index, follow, max-snippet:-1, max-image-preview:large, max-video-preview:-1\" \/>\n<link rel=\"canonical\" href=\"https:\/\/elfsight.com\/pt\/announcement-bar-widget\/shopify\/\" \/>\n<meta property=\"og:locale\" content=\"pt_PT\" \/>\n<meta property=\"og:type\" content=\"article\" \/>\n<meta property=\"og:title\" content=\"Melhor aplicativo de barra de an\u00fancios para Shopify \u2013 adicione ao seu site\" \/>\n<meta property=\"og:description\" content=\"Aumente o envolvimento com a aplica\u00e7\u00e3o Elfsight Advertising Bar f\u00e1cil de usar para Shopify. Destaque alertas urgentes e motive os visitantes a agirem.\" \/>\n<meta property=\"og:url\" content=\"https:\/\/elfsight.com\/pt\/announcement-bar-widget\/shopify\/\" \/>\n<meta property=\"og:site_name\" content=\"Elfsight PT\" \/>\n<meta property=\"article:modified_time\" content=\"2025-09-18T14:31:00+00:00\" \/>\n<meta name=\"twitter:card\" content=\"summary_large_image\" \/>\n<meta name=\"twitter:label1\" content=\"Tempo estimado de leitura\" \/>\n\t<meta name=\"twitter:data1\" content=\"4 minutos\" \/>\n<!-- \/ Yoast SEO plugin. -->","yoast_head_json":{"title":"Melhor aplicativo de barra de an\u00fancios para Shopify \u2013 adicione ao seu site","description":"Aumente o envolvimento com a aplica\u00e7\u00e3o Elfsight Advertising Bar f\u00e1cil de usar para Shopify. Destaque alertas urgentes e motive os visitantes a agirem.","robots":{"index":"index","follow":"follow","max-snippet":"max-snippet:-1","max-image-preview":"max-image-preview:large","max-video-preview":"max-video-preview:-1"},"canonical":"https:\/\/elfsight.com\/pt\/announcement-bar-widget\/shopify\/","og_locale":"pt_PT","og_type":"article","og_title":"Melhor aplicativo de barra de an\u00fancios para Shopify \u2013 adicione ao seu site","og_description":"Aumente o envolvimento com a aplica\u00e7\u00e3o Elfsight Advertising Bar f\u00e1cil de usar para Shopify. Destaque alertas urgentes e motive os visitantes a agirem.","og_url":"https:\/\/elfsight.com\/pt\/announcement-bar-widget\/shopify\/","og_site_name":"Elfsight PT","article_modified_time":"2025-09-18T14:31:00+00:00","twitter_card":"summary_large_image","twitter_misc":{"Tempo estimado de leitura":"4 minutos"},"schema":{"@context":"https:\/\/schema.org","@graph":[{"@type":"WebPage","@id":"https:\/\/elfsight.com\/pt\/announcement-bar-widget\/shopify\/","url":"https:\/\/elfsight.com\/pt\/announcement-bar-widget\/shopify\/","name":"Melhor aplicativo de barra de an\u00fancios para Shopify \u2013 adicione ao seu site","isPartOf":{"@id":"https:\/\/elfsight.com\/pt\/#website"},"datePublished":"2024-12-19T14:06:12+00:00","dateModified":"2025-09-18T14:31:00+00:00","description":"Aumente o envolvimento com a aplica\u00e7\u00e3o Elfsight Advertising Bar f\u00e1cil de usar para Shopify. Destaque alertas urgentes e motive os visitantes a agirem.","breadcrumb":{"@id":"https:\/\/elfsight.com\/pt\/announcement-bar-widget\/shopify\/#breadcrumb"},"inLanguage":"pt-PT","potentialAction":[{"@type":"ReadAction","target":["https:\/\/elfsight.com\/pt\/announcement-bar-widget\/shopify\/"]}]},{"@type":"BreadcrumbList","@id":"https:\/\/elfsight.com\/pt\/announcement-bar-widget\/shopify\/#breadcrumb","itemListElement":[{"@type":"ListItem","position":1,"name":"Home","item":"https:\/\/elfsight.com\/pt\/"},{"@type":"ListItem","position":2,"name":"Announcement Bar","item":"https:\/\/elfsight.com\/pt\/announcement-bar-widget\/"},{"@type":"ListItem","position":3,"name":"Announcement Bar &#8211; Shopify"}]},{"@type":"WebSite","@id":"https:\/\/elfsight.com\/pt\/#website","url":"https:\/\/elfsight.com\/pt\/","name":"Elfsight PT","description":"Just another Elfsight Sites site","potentialAction":[{"@type":"SearchAction","target":{"@type":"EntryPoint","urlTemplate":"https:\/\/elfsight.com\/pt\/?s={search_term_string}"},"query-input":{"@type":"PropertyValueSpecification","valueRequired":true,"valueName":"search_term_string"}}],"inLanguage":"pt-PT"}]}},"meta_box":{"industry":"","seo_heading":"","heading":"","description":"","cta_heading":"","cta_description":"","application":"5157","h1":"Aplicativo de barra de an\u00fancios do Shopify","h1_caption":"Adicione o aplicativo Barra de An\u00fancios ao seu site Shopify para destacar atualiza\u00e7\u00f5es importantes em tempo real para aumentar a confian\u00e7a e o envolvimento do cliente.","application_category":[],"applications_title":"","applications_request_title":"","applications_request_button_text":"","hero_text":"","hero_video":"","hero_video_schema_markup":"","selling_points_title":"","selling_points_caption":"","selling_points":[],"selling_points_cta_text":"","features_title":"","features":"","ed_cta_examples_text":"","ed_cta_examples_hidden":"","ed_cta_demo_text":"","ed_cta_demo_hidden":"","why_caption":"","why_editor_title":"","why_editor_text":"","why_team_title":"","why_team_text":"","why_service_title":"","why_service_text":"","template_catalog_visible":"0","template_catalog_title":"","template_catalog_text":"","template_catalog_categories_visible":"","demo_title":"Crie um aplicativo de barra de an\u00fancios do Shopify","demo_caption":"Crie seu aplicativo Barra de An\u00fancios e adicione-o ao seu site Shopify gratuitamente.","default_faq_hidden":"","app_template_category":[],"platform":"64","template_public_id":"","codecanyon_url":"","codecanyon_item_id":"","codecanyon_price":"","pricing_caption":"","pricing_elfsight_apps_hide_column":"","pricing_elfsight_apps_url":"","pricing_codecanyon_price_caption":"","integration_category":[],"integration_request_title":"","integration_request_cta":"","integration_platform":"","integrations":[],"platform_category":[],"video_schema_markup":"","price":"","trial":"","benefits":[{"text":"Servi\u00e7o de instala\u00e7\u00e3o gratuito"},{"text":"Atendimento ao cliente competente"},{"text":"Garantia de devolu\u00e7\u00e3o do dinheiro em 14 dias"},{"text":"Desenvolvimento cont\u00ednuo"}],"button_url":"#demo","button_target_blank":"0","button_nofollow":"0","attributes":[{"name":"Instalado","content":"1,000 - 5,000","_state":"expanded"},{"name":"Responsivo","content":"Sim","_state":"expanded"},{"name":"Navegadores compat\u00edveis","content":"Firefox, Safari, Opera, Chrome, Edge","_state":"expanded"}],"tags":[],"tags_disable_links":"0","hide_more_platforms":"0","video_object":"","demo_hide_cta":"0","demo_hide_cloud_options":"0","pricing_title":"","pricing":[{"pricing_icon":"platform","pricing_title":"Elfsight Apps","pricing_title_caption":"Vers\u00e3o multiplataforma ","pricing_price":"A partir de US$ 0\/m\u00eas","pricing_price_caption":"Comece com um plano gratuito","pricing_button_text":"Adicionar ao site","pricing_button_url":"#demo"}],"related_apps_title":"","related_apps_hidden":"0","author":"","image":[],"title":"","job":"","social_networks":[]},"_links":{"self":[{"href":"https:\/\/elfsight.com\/pt\/wp-json\/wp\/v2\/pages\/13935","targetHints":{"allow":["GET"]}}],"collection":[{"href":"https:\/\/elfsight.com\/pt\/wp-json\/wp\/v2\/pages"}],"about":[{"href":"https:\/\/elfsight.com\/pt\/wp-json\/wp\/v2\/types\/page"}],"author":[{"embeddable":true,"href":"https:\/\/elfsight.com\/pt\/wp-json\/wp\/v2\/users\/9"}],"replies":[{"embeddable":true,"href":"https:\/\/elfsight.com\/pt\/wp-json\/wp\/v2\/comments?post=13935"}],"version-history":[{"count":4,"href":"https:\/\/elfsight.com\/pt\/wp-json\/wp\/v2\/pages\/13935\/revisions"}],"predecessor-version":[{"id":15126,"href":"https:\/\/elfsight.com\/pt\/wp-json\/wp\/v2\/pages\/13935\/revisions\/15126"}],"up":[{"embeddable":true,"href":"https:\/\/elfsight.com\/pt\/wp-json\/wp\/v2\/pages\/5171"}],"wp:attachment":[{"href":"https:\/\/elfsight.com\/pt\/wp-json\/wp\/v2\/media?parent=13935"}],"curies":[{"name":"wp","href":"https:\/\/api.w.org\/{rel}","templated":true}]}}