{"id":13927,"date":"2024-12-20T11:05:01","date_gmt":"2024-12-20T11:05:01","guid":{"rendered":"https:\/\/elfsight.com\/pt\/?page_id=13927"},"modified":"2025-03-04T06:28:38","modified_gmt":"2025-03-04T06:28:38","slug":"html","status":"publish","type":"page","link":"https:\/\/elfsight.com\/pt\/announcement-bar-widget\/html\/","title":{"rendered":"Announcement Bar &#8211; HTML"},"content":{"rendered":"\n<div class=\"application-platform-content-item-description application-platform-content-item\" id=\"description\" data-nav-section=\"description\"> <p>O widget da barra de an\u00fancios ajuda as empresas a compartilhar informa\u00e7\u00f5es importantes com os visitantes em um local de destaque. \u00c9 \u00f3timo para informar os clientes sobre promo\u00e7\u00f5es exclusivas, vendas futuras ou informa\u00e7\u00f5es importantes, como atualiza\u00e7\u00f5es de envio. <\/p><p>Aumente o envolvimento motivando os visitantes a agir, seja fazendo um pedido ou assinando uma lista de e-mail. Com a configura\u00e7\u00e3o sem c\u00f3digo, o widget se integra perfeitamente ao seu site. \u00c9 totalmente personaliz\u00e1vel, para que voc\u00ea possa escolher facilmente o estilo adequado \u00e0 sua marca.<\/p><p><b>Melhore a visibilidade de suas mensagens importantes e aumente a confian\u00e7a do cliente com a Barra de An\u00fancios.<\/b><\/p><\/div> <div class=\"application-platform-content-item-features application-platform-content-item\" id=\"features\" data-nav-section=\"features\"> <h2>Recursos de widget HTML para a Barra de An\u00fancios<\/h2> <p>O O widget da barra de an\u00fancios da Elfsight foi projetado para melhorar a aten\u00e7\u00e3o dos seus clientes, exibindo notifica\u00e7\u00f5es din\u00e2micas sobre not\u00edcias importantes. Esta ferramenta vers\u00e1til n\u00e3o s\u00f3 cria confian\u00e7a ao exibir informa\u00e7\u00f5es importantes, mas tamb\u00e9m incentiva os visitantes a agirem com alertas direcionados. Abaixo est\u00e1 uma lista completa dos principais recursos do widget:<\/p><ul><li><b>Configura\u00e7\u00e3o r\u00e1pida e f\u00e1cil.<\/b> Configura\u00e7\u00e3o descomplicada, sem qualquer conhecimento t\u00e9cnico, permitindo uma implanta\u00e7\u00e3o f\u00e1cil e r\u00e1pida em seu site.<\/li><li><b>Atraente, mas n\u00e3o intrusivo.<\/b> As op\u00e7\u00f5es de visibilidade personaliz\u00e1veis \u200b\u200bpermitem que voc\u00ea crie an\u00fancios impactantes, proporcionando uma experi\u00eancia agrad\u00e1vel.<\/li><li><b>Aumente as vendas dos principais produtos.<\/b> Apresente ofertas especiais. diretamente na barra de an\u00fancios para chamar a aten\u00e7\u00e3o e aumentar as convers\u00f5es de itens espec\u00edficos.<\/li><li><b>Destaque not\u00edcias e atualiza\u00e7\u00f5es.<\/b> Anuncie novas ofertas ou adi\u00e7\u00f5es a produtos existentes e mantenha seus visitantes envolvidos com conte\u00fado novo e oportuno.<\/li><li><b>Consist\u00eancia da marca.<\/b> Op\u00e7\u00f5es completas de personaliza\u00e7\u00e3o para se adaptar \u00e0 apar\u00eancia do seu site, garantindo uma consist\u00eancia e fluidez Experi\u00eancia do usu\u00e1rio.<\/li><li><b>Design personaliz\u00e1vel.<\/b> Modelos e conte\u00fado totalmente personaliz\u00e1veis \u200b\u200bque permitem refletir a identidade exclusiva da sua marca sem esfor\u00e7o.<\/li><\/ul><p><a href=\"#demo\">Experimente o editor simples para ver como o widget funciona<\/a><\/p><\/div> <div class=\"application-platform-content-item-installation application-platform-content-item\" id=\"installation\" data-nav-section=\"installation\"> <h2>Como adicionar uma barra de an\u00fancios em HTML?<\/h2><p>Para incorporar o widget da barra de an\u00fancios em seu site, siga estas etapas simples:<\/p> <ol><li>Abra o editor de widget e selecione um modelo que corresponda ao estilo do seu site.<\/li><li>Personalize o widget atualizando sua mensagem, a\u00e7\u00e3o e elementos visuais, bot\u00e3o, posi\u00e7\u00e3o na p\u00e1gina, etc.<\/li><li>Salve suas altera\u00e7\u00f5es e copie o c\u00f3digo HTML da barra de an\u00fancios fornecida. Cole o c\u00f3digo no editor do seu site e confirme as altera\u00e7\u00f5es.<\/li><\/ol><p>\u00c9 isso a\u00ed! Seu widget j\u00e1 est\u00e1 ativo!<\/p><p>Se voc\u00ea tiver algum problema ao incorporar o widget em seu site, entre em contato com nossa equipe de suporte ao cliente. Teremos prazer em ajud\u00e1-lo a adicionar e personalizar sua barra de an\u00fancios.<\/p><\/div> <h2>Perguntas frequentes<\/h2><div class=\"faq\" data-component=\"FAQ\"><div class=\"faq-item\">\r\n\t\t\t\t\t<div class=\"faq-item-question\">\r\n\t\t\t\t\t\t<h3 class=\"faq-item-question-text\">O uso do widget Barra de an\u00fancios HTML \u00e9 gratuito?<\/h3>\r\n\r\n\t\t\t\t\t\t<div class=\"faq-item-question-icon\"><\/div>\r\n\t\t\t\t\t<\/div>\r\n\r\n\t\t\t\t\t<div class=\"faq-item-answer\">\r\n\t\t\t\t\t\t<div class=\"faq-item-answer-text\">Sim, h\u00e1 uma op\u00e7\u00e3o gratuita dispon\u00edvel que fornece ferramentas b\u00e1sicas e \u00e9 ideal para sites menores ou testes. Os planos pagos come\u00e7am em US$ 5 por m\u00eas e incluem recursos avan\u00e7ados.<\/div>\r\n\t\t\t\t\t<\/div>\r\n\t\t\t\t<\/div><div class=\"faq-item\">\r\n\t\t\t\t\t<div class=\"faq-item-question\">\r\n\t\t\t\t\t\t<h3 class=\"faq-item-question-text\">Que tipos de widgets de barra de an\u00fancios posso adicionar ao meu site?<\/h3>\r\n\r\n\t\t\t\t\t\t<div class=\"faq-item-question-icon\"><\/div>\r\n\t\t\t\t\t<\/div>\r\n\r\n\t\t\t\t\t<div class=\"faq-item-answer\">\r\n\t\t\t\t\t\t<div class=\"faq-item-answer-text\">Voc\u00ea pode criar uma variedade de barras de an\u00fancios, como: Por exemplo, aqueles que promovem ofertas de frete gr\u00e1tis, anunciam novidades ou destacam uma venda em andamento. Estas barras podem ser organizadas na parte superior para exibi\u00e7\u00e3o cont\u00ednua ou movidas para permanecerem sempre vis\u00edveis.<\/div>\r\n\t\t\t\t\t<\/div>\r\n\t\t\t\t<\/div><div class=\"faq-item\">\r\n\t\t\t\t\t<div class=\"faq-item-question\">\r\n\t\t\t\t\t\t<h3 class=\"faq-item-question-text\">Como edito o widget da barra de an\u00fancios em um site HTML?<\/h3>\r\n\r\n\t\t\t\t\t\t<div class=\"faq-item-question-icon\"><\/div>\r\n\t\t\t\t\t<\/div>\r\n\r\n\t\t\t\t\t<div class=\"faq-item-answer\">\r\n\t\t\t\t\t\t<div class=\"faq-item-answer-text\">Editar o widget da barra de an\u00fancios \u00e9 f\u00e1cil com o editor acess\u00edvel da Elfsight. Voc\u00ea pode personalizar o texto, o design e o posicionamento para combinar com a est\u00e9tica da sua marca. Recursos adicionais, como configura\u00e7\u00f5es de agendamento, permitem que voc\u00ea personalize a barra para atrair seu p\u00fablico.<\/div>\r\n\t\t\t\t\t<\/div>\r\n\t\t\t\t<\/div><div class=\"faq-item\">\r\n\t\t\t\t\t<div class=\"faq-item-question\">\r\n\t\t\t\t\t\t<h3 class=\"faq-item-question-text\">Que outros widgets posso usar para melhorar o envolvimento do p\u00fablico?<\/h3>\r\n\r\n\t\t\t\t\t\t<div class=\"faq-item-question-icon\"><\/div>\r\n\t\t\t\t\t<\/div>\r\n\r\n\t\t\t\t\t<div class=\"faq-item-answer\">\r\n\t\t\t\t\t\t<div class=\"faq-item-answer-text\">Voc\u00ea pode usar um <a href=\"https:\/\/elfsight.com\/sales-notification-widget\/html\/\" rel=\"noopener\">Adicione widget de notifica\u00e7\u00e3o de vendas<\/a> para mostrar compras recentes e aumentar a credibilidade. O <a href=\"https:\/\/elfsight.com\/popup-widget\/html\/\" rel=\"noopener\">Popup Widget<\/a> \u00e9 \u00f3timo para compartilhar descontos e incentivar os visitantes a interagir com seu conte\u00fado. O <a href=\"https:\/\/elfsight.com\/banner-widget\/html\/\" rel=\"noopener\">Banner Widget<\/a> exibe atualiza\u00e7\u00f5es importantes, garantindo que informa\u00e7\u00f5es importantes sejam destacadas.<\/div>\r\n\t\t\t\t\t<\/div>\r\n\t\t\t\t<\/div><\/div>\n","protected":false},"excerpt":{"rendered":"Perguntas frequentes","protected":false},"author":9,"featured_media":0,"parent":5171,"menu_order":0,"comment_status":"closed","ping_status":"closed","template":"templates\/template-application-platform.php","meta":{"publish_to_discourse":"","publish_post_category":"","wpdc_auto_publish_overridden":"","wpdc_topic_tags":"","wpdc_pin_topic":"","wpdc_pin_until":"","discourse_post_id":"","discourse_permalink":"","wpdc_publishing_response":"","wpdc_publishing_error":"","footnotes":""},"class_list":["post-13927","page","type-page","status-publish","hentry"],"yoast_head":"<!-- This site is optimized with the Yoast SEO plugin v25.3.1 - https:\/\/yoast.com\/wordpress\/plugins\/seo\/ -->\n<title>Widget da barra de an\u00fancios HTML - Adicione notifica\u00e7\u00f5es a um site<\/title>\n<meta name=\"description\" content=\"Aumente o envolvimento com o widget simples da barra de an\u00fancios da Elfsight. Apresente alertas urgentes para chamar a aten\u00e7\u00e3o dos visitantes e incentiv\u00e1-los a agir.\" \/>\n<meta name=\"robots\" content=\"index, follow, max-snippet:-1, max-image-preview:large, max-video-preview:-1\" \/>\n<link rel=\"canonical\" href=\"https:\/\/elfsight.com\/pt\/announcement-bar-widget\/html\/\" \/>\n<meta property=\"og:locale\" content=\"pt_PT\" \/>\n<meta property=\"og:type\" content=\"article\" \/>\n<meta property=\"og:title\" content=\"Widget da barra de an\u00fancios HTML - Adicione notifica\u00e7\u00f5es a um site\" \/>\n<meta property=\"og:description\" content=\"Aumente o envolvimento com o widget simples da barra de an\u00fancios da Elfsight. Apresente alertas urgentes para chamar a aten\u00e7\u00e3o dos visitantes e incentiv\u00e1-los a agir.\" \/>\n<meta property=\"og:url\" content=\"https:\/\/elfsight.com\/pt\/announcement-bar-widget\/html\/\" \/>\n<meta property=\"og:site_name\" content=\"Elfsight PT\" \/>\n<meta property=\"article:modified_time\" content=\"2025-03-04T06:28:38+00:00\" \/>\n<meta name=\"twitter:card\" content=\"summary_large_image\" \/>\n<meta name=\"twitter:label1\" content=\"Tempo estimado de leitura\" \/>\n\t<meta name=\"twitter:data1\" content=\"4 minutos\" \/>\n<!-- \/ Yoast SEO plugin. -->","yoast_head_json":{"title":"Widget da barra de an\u00fancios HTML - Adicione notifica\u00e7\u00f5es a um site","description":"Aumente o envolvimento com o widget simples da barra de an\u00fancios da Elfsight. Apresente alertas urgentes para chamar a aten\u00e7\u00e3o dos visitantes e incentiv\u00e1-los a agir.","robots":{"index":"index","follow":"follow","max-snippet":"max-snippet:-1","max-image-preview":"max-image-preview:large","max-video-preview":"max-video-preview:-1"},"canonical":"https:\/\/elfsight.com\/pt\/announcement-bar-widget\/html\/","og_locale":"pt_PT","og_type":"article","og_title":"Widget da barra de an\u00fancios HTML - Adicione notifica\u00e7\u00f5es a um site","og_description":"Aumente o envolvimento com o widget simples da barra de an\u00fancios da Elfsight. Apresente alertas urgentes para chamar a aten\u00e7\u00e3o dos visitantes e incentiv\u00e1-los a agir.","og_url":"https:\/\/elfsight.com\/pt\/announcement-bar-widget\/html\/","og_site_name":"Elfsight PT","article_modified_time":"2025-03-04T06:28:38+00:00","twitter_card":"summary_large_image","twitter_misc":{"Tempo estimado de leitura":"4 minutos"},"schema":{"@context":"https:\/\/schema.org","@graph":[{"@type":"WebPage","@id":"https:\/\/elfsight.com\/pt\/announcement-bar-widget\/html\/","url":"https:\/\/elfsight.com\/pt\/announcement-bar-widget\/html\/","name":"Widget da barra de an\u00fancios HTML - Adicione notifica\u00e7\u00f5es a um site","isPartOf":{"@id":"https:\/\/elfsight.com\/pt\/#website"},"datePublished":"2024-12-20T11:05:01+00:00","dateModified":"2025-03-04T06:28:38+00:00","description":"Aumente o envolvimento com o widget simples da barra de an\u00fancios da Elfsight. Apresente alertas urgentes para chamar a aten\u00e7\u00e3o dos visitantes e incentiv\u00e1-los a agir.","breadcrumb":{"@id":"https:\/\/elfsight.com\/pt\/announcement-bar-widget\/html\/#breadcrumb"},"inLanguage":"pt-PT","potentialAction":[{"@type":"ReadAction","target":["https:\/\/elfsight.com\/pt\/announcement-bar-widget\/html\/"]}]},{"@type":"BreadcrumbList","@id":"https:\/\/elfsight.com\/pt\/announcement-bar-widget\/html\/#breadcrumb","itemListElement":[{"@type":"ListItem","position":1,"name":"Home","item":"https:\/\/elfsight.com\/pt\/"},{"@type":"ListItem","position":2,"name":"Announcement Bar","item":"https:\/\/elfsight.com\/pt\/announcement-bar-widget\/"},{"@type":"ListItem","position":3,"name":"Announcement Bar &#8211; HTML"}]},{"@type":"WebSite","@id":"https:\/\/elfsight.com\/pt\/#website","url":"https:\/\/elfsight.com\/pt\/","name":"Elfsight PT","description":"Just another Elfsight Sites site","potentialAction":[{"@type":"SearchAction","target":{"@type":"EntryPoint","urlTemplate":"https:\/\/elfsight.com\/pt\/?s={search_term_string}"},"query-input":{"@type":"PropertyValueSpecification","valueRequired":true,"valueName":"search_term_string"}}],"inLanguage":"pt-PT"}]}},"meta_box":{"industry":"","seo_heading":"","heading":"","description":"","cta_heading":"","cta_description":"","application":"5157","h1":"Widget da barra de an\u00fancios HTML","h1_caption":"Adicione o widget Barra de An\u00fancios ao seu site HTML para destacar atualiza\u00e7\u00f5es importantes em tempo real para aumentar a confian\u00e7a e o envolvimento do cliente.","application_category":[],"applications_title":"","applications_request_title":"","applications_request_button_text":"","hero_text":"","hero_video":"","hero_video_schema_markup":"","selling_points_title":"","selling_points_caption":"","selling_points":[],"selling_points_cta_text":"","features_title":"","features":"","ed_cta_examples_text":"","ed_cta_examples_hidden":"","ed_cta_demo_text":"","ed_cta_demo_hidden":"","why_caption":"","why_editor_title":"","why_editor_text":"","why_team_title":"","why_team_text":"","why_service_title":"","why_service_text":"","template_catalog_visible":"0","template_catalog_title":"","template_catalog_text":"","template_catalog_categories_visible":"","demo_title":"Widget da barra de an\u00fancios HTML","demo_caption":"Crie seu widget de barra de an\u00fancios e adicione-o ao seu site HTML gratuitamente.","default_faq_hidden":"","app_template_category":[],"platform":"49","template_public_id":"","codecanyon_url":"","codecanyon_item_id":"","codecanyon_price":"","pricing_caption":"","pricing_elfsight_apps_hide_column":"","pricing_elfsight_apps_url":"","pricing_codecanyon_price_caption":"","integration_category":[],"integration_request_title":"","integration_request_cta":"","integration_platform":"","integrations":[],"platform_category":[],"video_schema_markup":"","price":"","trial":"","benefits":[{"text":"Servi\u00e7o de instala\u00e7\u00e3o gratuito"},{"text":"Atendimento ao cliente profissional"},{"text":"Garantia de devolu\u00e7\u00e3o do dinheiro em 14 dias"},{"text":"Atualiza\u00e7\u00f5es futuras"}],"button_url":"#demo","button_target_blank":"0","button_nofollow":"0","attributes":[{"name":"Instalado","content":"1,500 - 5,000","_state":"expanded"},{"name":"Responsivo","content":"Sim","_state":"expanded"},{"name":"Navegadores compat\u00edveis","content":"Firefox, Safari, Opera, Chrome, Edge","_state":"expanded"}],"tags":[],"tags_disable_links":"0","hide_more_platforms":"0","video_object":"","demo_hide_cta":"0","demo_hide_cloud_options":"0","pricing_title":"","pricing":[{"pricing_icon":"platform","pricing_title":"Elfsight Apps","pricing_title_caption":"Solu\u00e7\u00e3o multiplataforma ","pricing_price":"A partir de US$ 0\/m\u00eas","pricing_price_caption":"Comece com um plano gratuito","pricing_button_text":"Adicionar ao site","pricing_button_url":"#demo"}],"related_apps_title":"","related_apps_hidden":"0","author":"","image":[],"title":"","job":"","social_networks":[]},"_links":{"self":[{"href":"https:\/\/elfsight.com\/pt\/wp-json\/wp\/v2\/pages\/13927","targetHints":{"allow":["GET"]}}],"collection":[{"href":"https:\/\/elfsight.com\/pt\/wp-json\/wp\/v2\/pages"}],"about":[{"href":"https:\/\/elfsight.com\/pt\/wp-json\/wp\/v2\/types\/page"}],"author":[{"embeddable":true,"href":"https:\/\/elfsight.com\/pt\/wp-json\/wp\/v2\/users\/9"}],"replies":[{"embeddable":true,"href":"https:\/\/elfsight.com\/pt\/wp-json\/wp\/v2\/comments?post=13927"}],"version-history":[{"count":2,"href":"https:\/\/elfsight.com\/pt\/wp-json\/wp\/v2\/pages\/13927\/revisions"}],"predecessor-version":[{"id":14252,"href":"https:\/\/elfsight.com\/pt\/wp-json\/wp\/v2\/pages\/13927\/revisions\/14252"}],"up":[{"embeddable":true,"href":"https:\/\/elfsight.com\/pt\/wp-json\/wp\/v2\/pages\/5171"}],"wp:attachment":[{"href":"https:\/\/elfsight.com\/pt\/wp-json\/wp\/v2\/media?parent=13927"}],"curies":[{"name":"wp","href":"https:\/\/api.w.org\/{rel}","templated":true}]}}