{"id":13926,"date":"2024-12-20T11:29:21","date_gmt":"2024-12-20T11:29:21","guid":{"rendered":"https:\/\/elfsight.com\/pt\/?page_id=13926"},"modified":"2025-10-23T14:19:32","modified_gmt":"2025-10-23T14:19:32","slug":"wordpress","status":"publish","type":"page","link":"https:\/\/elfsight.com\/pt\/announcement-bar-widget\/wordpress\/","title":{"rendered":"Announcement Bar &#8211; WordPress"},"content":{"rendered":"\n<div class=\"application-platform-content-item-description application-platform-content-item\" id=\"description\" data-nav-section=\"description\"> <p>O plug-in da Barra de An\u00fancios ajuda as empresas a compartilhar informa\u00e7\u00f5es importantes com os visitantes de maneira clara. \u00c9 \u00f3timo para informar os clientes sobre novas ofertas, eventos de neg\u00f3cios ou detalhes importantes, como atualiza\u00e7\u00f5es de envio.<\/p><p>Aumente o envolvimento incentivando os visitantes a agir, seja fazendo uma compra ou assinando uma promo\u00e7\u00e3o. Com a configura\u00e7\u00e3o sem c\u00f3digo, o plugin se adapta perfeitamente ao seu site. \u00c9 totalmente personaliz\u00e1vel, para que voc\u00ea possa escolher facilmente o estilo adequado \u00e0 sua marca.<\/p><p><b>Aumente a visibilidade de suas atualiza\u00e7\u00f5es e promo\u00e7\u00f5es mais importantes para fidelizar a marca com a barra de an\u00fancios.<\/b><\/p><\/div> <div class=\"application-platform-content-item-features application-platform-content-item\" id=\"features\" data-nav-section=\"features\"> <h2>Recursos do plug-in da barra de an\u00fancios<\/h2> <p>Este O plug-in da barra de an\u00fancios do WordPress da Elfsight foi projetado para melhorar a intera\u00e7\u00e3o do cliente, exibindo notifica\u00e7\u00f5es din\u00e2micas sobre atualiza\u00e7\u00f5es importantes. Esta ferramenta flex\u00edvel n\u00e3o s\u00f3 cria confian\u00e7a ao transmitir informa\u00e7\u00f5es importantes, mas tamb\u00e9m incentiva os visitantes a agirem com alertas direcionados. Abaixo est\u00e1 uma lista detalhada dos principais recursos do plug-in:<\/p><ul><li><b>Configura\u00e7\u00e3o r\u00e1pida e f\u00e1cil.<\/b> Configura\u00e7\u00e3o f\u00e1cil, sem necessidade de conhecimento t\u00e9cnico, permitindo uma implanta\u00e7\u00e3o f\u00e1cil e r\u00e1pida em seu site.<\/li><li><b>Atraente, mas n\u00e3o intrusivo.<\/b> As op\u00e7\u00f5es de design personaliz\u00e1veis \u200b\u200bpermitem que voc\u00ea crie an\u00fancios impactantes, garantindo uma experi\u00eancia perfeita.<\/li><li><b>Aumente as vendas dos principais produtos.<\/b> Apresente ofertas especiais diretamente. por meio da barra de an\u00fancios para chamar a aten\u00e7\u00e3o e aumentar as convers\u00f5es de produtos espec\u00edficos.<\/li><li><b>Destaque not\u00edcias e atualiza\u00e7\u00f5es.<\/b> Apresente lan\u00e7amentos de novos produtos ou acr\u00e9scimos a ofertas existentes para manter os visitantes envolvidos com conte\u00fado novo e oportuno.<\/li><li><b>Consist\u00eancia da marca.<\/b> Op\u00e7\u00f5es completas de personaliza\u00e7\u00e3o para personalizar a apar\u00eancia do seu site e fornecer uma experi\u00eancia perfeita e coesa garanta.<\/li><li><b>Design personaliz\u00e1vel.<\/b> Layouts e estilos totalmente personaliz\u00e1veis \u200b\u200bpara que voc\u00ea possa refletir a identidade da sua marca perfeitamente.<\/li><\/ul><p><a href=\"#demo\">Experimente o editor f\u00e1cil de usar para ver como o plug-in funciona<\/a><\/p><\/div> <div class=\"application-platform-content-item-installation application-platform-content-item\" id=\"installation\" data-nav-section=\"installation\"> <h2>Como adicionar Como adiciono uma Barra de An\u00fancios no WordPress?<\/h2><div class=\"video-container\">\n<iframe width=\"720\" height=\"405\" src=\"https:\/\/www.youtube.com\/embed\/pGqhUWVLpNM?si=r8fQYbUck2N6mAJQ\" frameborder=\"0\" allowfullscreen=\"\"><\/iframe>\n<\/div><p>Para incorporar o plug-in da Barra de An\u00fancios em seu site, siga estas etapas simples:<\/p> <ol><li>Inicie o editor do plug-in e selecione um modelo que corresponda ao estilo do seu site.<\/li><li>Altere o plug-in atualizando sua mensagem, a\u00e7\u00e3o e elementos visuais, bot\u00e3o, posi\u00e7\u00e3o na p\u00e1gina, etc.<\/li><li>Mantenha suas altera\u00e7\u00f5es e copie o trecho HTML fornecido. Cole o c\u00f3digo no CMS do seu site e fa\u00e7a as altera\u00e7\u00f5es.<\/li><\/ol><p>Entendi! Seu plugin da Barra de An\u00fancios para WordPress agora est\u00e1 ativo!<\/p><p>Se voc\u00ea encontrar alguma dificuldade para incorporar o plugin em um site, basta entrar em contato com nosso suporte ao cliente. Teremos prazer em ajud\u00e1-lo a adicionar e gerenciar sua barra de an\u00fancios.<\/p><\/div> <h2>FAQ<\/h2><div class=\"faq\" data-component=\"FAQ\"><div class=\"faq-item\">\r\n\t\t\t\t\t<div class=\"faq-item-question\">\r\n\t\t\t\t\t\t<h3 class=\"faq-item-question-text\">O plug-in da barra de an\u00fancios do WordPress \u00e9 gratuito?<\/h3>\r\n\r\n\t\t\t\t\t\t<div class=\"faq-item-question-icon\"><\/div>\r\n\t\t\t\t\t<\/div>\r\n\r\n\t\t\t\t\t<div class=\"faq-item-answer\">\r\n\t\t\t\t\t\t<div class=\"faq-item-answer-text\">Sim, h\u00e1 uma op\u00e7\u00e3o gratuita dispon\u00edvel que fornece funcionalidades b\u00e1sicas perfeitas para pequenos sites ou testes. Os planos pagos est\u00e3o dispon\u00edveis por apenas US$ 5 por m\u00eas e incluem recursos adicionais.<\/div>\r\n\t\t\t\t\t<\/div>\r\n\t\t\t\t<\/div><div class=\"faq-item\">\r\n\t\t\t\t\t<div class=\"faq-item-question\">\r\n\t\t\t\t\t\t<h3 class=\"faq-item-question-text\">Que tipos de plug-ins de barra de an\u00fancios posso adicionar ao meu site?<\/h3>\r\n\r\n\t\t\t\t\t\t<div class=\"faq-item-question-icon\"><\/div>\r\n\t\t\t\t\t<\/div>\r\n\r\n\t\t\t\t\t<div class=\"faq-item-answer\">\r\n\t\t\t\t\t\t<div class=\"faq-item-answer-text\">Voc\u00ea pode adicionar diferentes barras de an\u00fancios ao WordPress, como: B. aqueles que informam sobre ofertas de frete gr\u00e1tis, mostram novidades ou destacam uma promo\u00e7\u00e3o em andamento. Estas barras podem ser est\u00e1ticas para permitir uma exibi\u00e7\u00e3o ininterrupta ou m\u00f3veis para garantir visibilidade constante.<\/div>\r\n\t\t\t\t\t<\/div>\r\n\t\t\t\t<\/div><div class=\"faq-item\">\r\n\t\t\t\t\t<div class=\"faq-item-question\">\r\n\t\t\t\t\t\t<h3 class=\"faq-item-question-text\">Como edito o plugin da barra de an\u00fancios num site WordPress?<\/h3>\r\n\r\n\t\t\t\t\t\t<div class=\"faq-item-question-icon\"><\/div>\r\n\t\t\t\t\t<\/div>\r\n\r\n\t\t\t\t\t<div class=\"faq-item-answer\">\r\n\t\t\t\t\t\t<div class=\"faq-item-answer-text\">A edi\u00e7\u00e3o do plugin da barra de an\u00fancios \u00e9 intuitiva com o editor acess\u00edvel da Elfsight. Voc\u00ea pode alterar a mensagem, o estilo e o posicionamento para se adequar ao seu tema geral. Com recursos adicionais, como configura\u00e7\u00f5es de agendamento, voc\u00ea pode otimizar a barra para informar seu p\u00fablico.<\/div>\r\n\t\t\t\t\t<\/div>\r\n\t\t\t\t<\/div><div class=\"faq-item\">\r\n\t\t\t\t\t<div class=\"faq-item-question\">\r\n\t\t\t\t\t\t<h3 class=\"faq-item-question-text\">Que outros plug-ins posso usar para melhorar o envolvimento do p\u00fablico?<\/h3>\r\n\r\n\t\t\t\t\t\t<div class=\"faq-item-question-icon\"><\/div>\r\n\t\t\t\t\t<\/div>\r\n\r\n\t\t\t\t\t<div class=\"faq-item-answer\">\r\n\t\t\t\t\t\t<div class=\"faq-item-answer-text\">Voc\u00ea pode criar um <a href=\"https:\/\/elfsight.com\/sales-notification-widget\/wordpress\/\" rel=\"noopener\">widget de notifica\u00e7\u00e3o de vendas<\/a> Adicione para destacar as a\u00e7\u00f5es do cliente para construir confian\u00e7a. O <a href=\"https:\/\/elfsight.com\/popup-widget\/wordpress\/\" rel=\"noopener\">Popup Widget<\/a> \u00e9 ideal para capturar leads e incentivar os visitantes a explorar suas ofertas. O <a href=\"https:\/\/elfsight.com\/banner-widget\/wordpress\" rel=\"noopener\">widget de banner<\/a> exibe atualiza\u00e7\u00f5es importantes, garantindo a visibilidade de informa\u00e7\u00f5es importantes.<\/div>\r\n\t\t\t\t\t<\/div>\r\n\t\t\t\t<\/div><\/div>\n","protected":false},"excerpt":{"rendered":"FAQ","protected":false},"author":9,"featured_media":0,"parent":5171,"menu_order":0,"comment_status":"closed","ping_status":"closed","template":"templates\/template-application-platform.php","meta":{"publish_to_discourse":"","publish_post_category":"","wpdc_auto_publish_overridden":"","wpdc_topic_tags":"","wpdc_pin_topic":"","wpdc_pin_until":"","discourse_post_id":"","discourse_permalink":"","wpdc_publishing_response":"","wpdc_publishing_error":"","footnotes":""},"class_list":["post-13926","page","type-page","status-publish","hentry"],"yoast_head":"<!-- This site is optimized with the Yoast SEO plugin v25.3.1 - https:\/\/yoast.com\/wordpress\/plugins\/seo\/ -->\n<title>Barra de an\u00fancios do plugin WordPress para site<\/title>\n<meta name=\"description\" content=\"Melhore o envolvimento com o plugin da Barra de An\u00fancios da Elfsight sem c\u00f3digo. Destaque alertas urgentes para chamar a aten\u00e7\u00e3o dos visitantes e incentiv\u00e1-los a agir.\" \/>\n<meta name=\"robots\" content=\"index, follow, max-snippet:-1, max-image-preview:large, max-video-preview:-1\" \/>\n<link rel=\"canonical\" href=\"https:\/\/elfsight.com\/pt\/announcement-bar-widget\/wordpress\/\" \/>\n<meta property=\"og:locale\" content=\"pt_PT\" \/>\n<meta property=\"og:type\" content=\"article\" \/>\n<meta property=\"og:title\" content=\"Barra de an\u00fancios do plugin WordPress para site\" \/>\n<meta property=\"og:description\" content=\"Melhore o envolvimento com o plugin da Barra de An\u00fancios da Elfsight sem c\u00f3digo. Destaque alertas urgentes para chamar a aten\u00e7\u00e3o dos visitantes e incentiv\u00e1-los a agir.\" \/>\n<meta property=\"og:url\" content=\"https:\/\/elfsight.com\/pt\/announcement-bar-widget\/wordpress\/\" \/>\n<meta property=\"og:site_name\" content=\"Elfsight PT\" \/>\n<meta property=\"article:modified_time\" content=\"2025-10-23T14:19:32+00:00\" \/>\n<meta name=\"twitter:card\" content=\"summary_large_image\" \/>\n<meta name=\"twitter:label1\" content=\"Tempo estimado de leitura\" \/>\n\t<meta name=\"twitter:data1\" content=\"4 minutos\" \/>\n<!-- \/ Yoast SEO plugin. -->","yoast_head_json":{"title":"Barra de an\u00fancios do plugin WordPress para site","description":"Melhore o envolvimento com o plugin da Barra de An\u00fancios da Elfsight sem c\u00f3digo. Destaque alertas urgentes para chamar a aten\u00e7\u00e3o dos visitantes e incentiv\u00e1-los a agir.","robots":{"index":"index","follow":"follow","max-snippet":"max-snippet:-1","max-image-preview":"max-image-preview:large","max-video-preview":"max-video-preview:-1"},"canonical":"https:\/\/elfsight.com\/pt\/announcement-bar-widget\/wordpress\/","og_locale":"pt_PT","og_type":"article","og_title":"Barra de an\u00fancios do plugin WordPress para site","og_description":"Melhore o envolvimento com o plugin da Barra de An\u00fancios da Elfsight sem c\u00f3digo. Destaque alertas urgentes para chamar a aten\u00e7\u00e3o dos visitantes e incentiv\u00e1-los a agir.","og_url":"https:\/\/elfsight.com\/pt\/announcement-bar-widget\/wordpress\/","og_site_name":"Elfsight PT","article_modified_time":"2025-10-23T14:19:32+00:00","twitter_card":"summary_large_image","twitter_misc":{"Tempo estimado de leitura":"4 minutos"},"schema":{"@context":"https:\/\/schema.org","@graph":[{"@type":"WebPage","@id":"https:\/\/elfsight.com\/pt\/announcement-bar-widget\/wordpress\/","url":"https:\/\/elfsight.com\/pt\/announcement-bar-widget\/wordpress\/","name":"Barra de an\u00fancios do plugin WordPress para site","isPartOf":{"@id":"https:\/\/elfsight.com\/pt\/#website"},"datePublished":"2024-12-20T11:29:21+00:00","dateModified":"2025-10-23T14:19:32+00:00","description":"Melhore o envolvimento com o plugin da Barra de An\u00fancios da Elfsight sem c\u00f3digo. Destaque alertas urgentes para chamar a aten\u00e7\u00e3o dos visitantes e incentiv\u00e1-los a agir.","breadcrumb":{"@id":"https:\/\/elfsight.com\/pt\/announcement-bar-widget\/wordpress\/#breadcrumb"},"inLanguage":"pt-PT","potentialAction":[{"@type":"ReadAction","target":["https:\/\/elfsight.com\/pt\/announcement-bar-widget\/wordpress\/"]}]},{"@type":"BreadcrumbList","@id":"https:\/\/elfsight.com\/pt\/announcement-bar-widget\/wordpress\/#breadcrumb","itemListElement":[{"@type":"ListItem","position":1,"name":"Home","item":"https:\/\/elfsight.com\/pt\/"},{"@type":"ListItem","position":2,"name":"Announcement Bar","item":"https:\/\/elfsight.com\/pt\/announcement-bar-widget\/"},{"@type":"ListItem","position":3,"name":"Announcement Bar &#8211; WordPress"}]},{"@type":"WebSite","@id":"https:\/\/elfsight.com\/pt\/#website","url":"https:\/\/elfsight.com\/pt\/","name":"Elfsight PT","description":"Just another Elfsight Sites site","potentialAction":[{"@type":"SearchAction","target":{"@type":"EntryPoint","urlTemplate":"https:\/\/elfsight.com\/pt\/?s={search_term_string}"},"query-input":{"@type":"PropertyValueSpecification","valueRequired":true,"valueName":"search_term_string"}}],"inLanguage":"pt-PT"}]}},"meta_box":{"industry":"","seo_heading":"","heading":"","description":"","cta_heading":"","cta_description":"","application":"5157","h1":"Plug-in da barra de an\u00fancios do WordPress","h1_caption":"Adicione o plugin da Barra de An\u00fancios ao seu site WordPress para destacar atualiza\u00e7\u00f5es importantes em tempo real, aumentando a confian\u00e7a e o envolvimento do cliente.","application_category":[],"applications_title":"","applications_request_title":"","applications_request_button_text":"","hero_text":"","hero_video":"","hero_video_schema_markup":"","selling_points_title":"","selling_points_caption":"","selling_points":[],"selling_points_cta_text":"","features_title":"","features":"","ed_cta_examples_text":"","ed_cta_examples_hidden":"","ed_cta_demo_text":"","ed_cta_demo_hidden":"","why_caption":"","why_editor_title":"","why_editor_text":"","why_team_title":"","why_team_text":"","why_service_title":"","why_service_text":"","template_catalog_visible":"0","template_catalog_title":"","template_catalog_text":"","template_catalog_categories_visible":"","demo_title":"Crie um plugin para a barra de an\u00fancios do WordPress","demo_caption":"Crie um plugin de barra de an\u00fancios para o seu site WordPress gratuitamente.","default_faq_hidden":"","app_template_category":[],"platform":"34","template_public_id":"","codecanyon_url":"","codecanyon_item_id":"","codecanyon_price":"","pricing_caption":"","pricing_elfsight_apps_hide_column":"","pricing_elfsight_apps_url":"","pricing_codecanyon_price_caption":"","integration_category":[],"integration_request_title":"","integration_request_cta":"","integration_platform":"","integrations":[],"platform_category":[],"video_schema_markup":"","price":"","trial":"","benefits":[{"text":"Servi\u00e7o de instala\u00e7\u00e3o gratuito"},{"text":"Suporte excepcional"},{"text":"Garantia de reembolso de 14 dias"},{"text":"Atualiza\u00e7\u00e3o constante"}],"button_url":"#demo","button_target_blank":"0","button_nofollow":"0","attributes":[{"name":"Instalado","content":"1,000 - 5,000","_state":"expanded"},{"name":"Responsivo","content":"Sim","_state":"expanded"},{"name":"Navegadores compat\u00edveis","content":"Firefox, Safari, Opera, Chrome, Edge","_state":"expanded"}],"tags":[],"tags_disable_links":"0","hide_more_platforms":"0","video_object":"","demo_hide_cta":"0","demo_hide_cloud_options":"0","pricing_title":"","pricing":[{"pricing_icon":"platform","pricing_title":"Elfsight Apps","pricing_title_caption":"Software independente de plataforma","pricing_price":"A partir de US$ 0\/m\u00eas","pricing_price_caption":"Comece com um plano gratuito","pricing_button_text":"Adicionar ao site","pricing_button_url":"#demo"}],"related_apps_title":"","related_apps_hidden":"0","author":"","image":[],"title":"","job":"","social_networks":[]},"_links":{"self":[{"href":"https:\/\/elfsight.com\/pt\/wp-json\/wp\/v2\/pages\/13926","targetHints":{"allow":["GET"]}}],"collection":[{"href":"https:\/\/elfsight.com\/pt\/wp-json\/wp\/v2\/pages"}],"about":[{"href":"https:\/\/elfsight.com\/pt\/wp-json\/wp\/v2\/types\/page"}],"author":[{"embeddable":true,"href":"https:\/\/elfsight.com\/pt\/wp-json\/wp\/v2\/users\/9"}],"replies":[{"embeddable":true,"href":"https:\/\/elfsight.com\/pt\/wp-json\/wp\/v2\/comments?post=13926"}],"version-history":[{"count":3,"href":"https:\/\/elfsight.com\/pt\/wp-json\/wp\/v2\/pages\/13926\/revisions"}],"predecessor-version":[{"id":15151,"href":"https:\/\/elfsight.com\/pt\/wp-json\/wp\/v2\/pages\/13926\/revisions\/15151"}],"up":[{"embeddable":true,"href":"https:\/\/elfsight.com\/pt\/wp-json\/wp\/v2\/pages\/5171"}],"wp:attachment":[{"href":"https:\/\/elfsight.com\/pt\/wp-json\/wp\/v2\/media?parent=13926"}],"curies":[{"name":"wp","href":"https:\/\/api.w.org\/{rel}","templated":true}]}}