{"id":13925,"date":"2024-12-20T11:42:55","date_gmt":"2024-12-20T11:42:55","guid":{"rendered":"https:\/\/elfsight.com\/pt\/?page_id=13925"},"modified":"2025-03-04T06:26:13","modified_gmt":"2025-03-04T06:26:13","slug":"elementor","status":"publish","type":"page","link":"https:\/\/elfsight.com\/pt\/announcement-bar-widget\/elementor\/","title":{"rendered":"Announcement Bar &#8211; Elementor"},"content":{"rendered":"\n<div class=\"application-platform-content-item-features application-platform-content-item\" id=\"features\" data-nav-section=\"features\"> <h2>Recursos do widget da barra de an\u00fancios<\/h2> <p>O widget da barra de an\u00fancios da Elfsight foi projetado para aumentar o envolvimento do cliente, exibindo notifica\u00e7\u00f5es din\u00e2micas de atualiza\u00e7\u00f5es importantes. Esta ferramenta flex\u00edvel n\u00e3o s\u00f3 cria confian\u00e7a ao exibir informa\u00e7\u00f5es importantes, mas tamb\u00e9m motiva os visitantes a agirem com notifica\u00e7\u00f5es personalizadas. Abaixo est\u00e1 uma lista completa dos principais recursos do widget:<\/p><ul><li><b>Configura\u00e7\u00e3o r\u00e1pida e f\u00e1cil.<\/b> Implanta\u00e7\u00e3o descomplicada, sem nenhum conhecimento de codifica\u00e7\u00e3o, permitindo uma instala\u00e7\u00e3o r\u00e1pida e eficiente em seu site.<\/li><li><b>Atraente, mas n\u00e3o intrusivo.<\/b> Op\u00e7\u00f5es de design personaliz\u00e1veis \u200b\u200bpara criar an\u00fancios impactantes e, ao mesmo tempo, garantir uma experi\u00eancia de usu\u00e1rio perfeita.<\/li><li><b>Aumente as vendas dos principais produtos.<\/b> Apresente ofertas exclusivas. diretamente na barra de an\u00fancios Chame a aten\u00e7\u00e3o e aumente as convers\u00f5es para artigos espec\u00edficos.<\/li><li><b>Destaque not\u00edcias e atualiza\u00e7\u00f5es.<\/b> Apresente novos lan\u00e7amentos ou atualiza\u00e7\u00f5es de produtos existentes para garantir que os visitantes permane\u00e7am envolvidos com conte\u00fado novo e relevante.<\/li><li><b>Consist\u00eancia da marca.<\/b> Op\u00e7\u00f5es completas de personaliza\u00e7\u00e3o para complementar a apar\u00eancia do seu site e fornecer uma experi\u00eancia de usu\u00e1rio perfeita e coesa garanta.<\/li><li><b>Design personaliz\u00e1vel.<\/b> Temas e cores facilmente personaliz\u00e1veis \u200b\u200bque se adaptam perfeitamente \u00e0 identidade da sua marca.<\/li><\/ul><p><a href=\"#demo\">Experimente o editor intuitivo para descobrir como o widget funciona<\/a><\/p><\/div> <div class=\"application-platform-content-item-installation application-platform-content-item\" id=\"installation\" data-nav-section=\"installation\"> <h2>Como fa\u00e7o para inserir Adicionar widget da Barra de An\u00fancios a um site Elementor?<\/h2><p>Para incorporar o widget da Barra de An\u00fancios em seu site, siga estas etapas simples:<\/p> <ol><li>Abrir Abra o editor de widget e selecione um modelo que corresponda ao estilo do seu site.<\/li><li>Personalize o widget atualizando sua mensagem, a\u00e7\u00e3o e elementos visuais, bot\u00e3o, posi\u00e7\u00e3o na p\u00e1gina, etc.<\/li><li>Salve suas altera\u00e7\u00f5es e copie o c\u00f3digo HTML fornecido. Cole o c\u00f3digo no sistema de gerenciamento de conte\u00fado do seu site e fa\u00e7a as altera\u00e7\u00f5es.<\/li><\/ol><p>\u00c9 isso a\u00ed! Seu widget da barra de an\u00fancios Elementor agora est\u00e1 ativo!<\/p><p>Se voc\u00ea tiver algum inconveniente ao incorporar o widget em seu site, basta entrar em contato com nossa equipe de suporte ao cliente. Teremos prazer em ajud\u00e1-lo a adicionar e personalizar sua barra de an\u00fancios.<\/p><\/div> <h2>FAQ<\/h2><div class=\"faq\" data-component=\"FAQ\"><div class=\"faq-item\">\r\n\t\t\t\t\t<div class=\"faq-item-question\">\r\n\t\t\t\t\t\t<h3 class=\"faq-item-question-text\">O widget da barra de an\u00fancios Elementor \u00e9 gratuito?<\/h3>\r\n\r\n\t\t\t\t\t\t<div class=\"faq-item-question-icon\"><\/div>\r\n\t\t\t\t\t<\/div>\r\n\r\n\t\t\t\t\t<div class=\"faq-item-answer\">\r\n\t\t\t\t\t\t<div class=\"faq-item-answer-text\"> Sim, h\u00e1 uma vers\u00e3o gratuita dispon\u00edvel que fornece recursos importantes adequados para pequenos sites ou para fins de teste. As assinaturas pagas custam a partir de apenas US$ 5 por m\u00eas e incluem recursos adicionais.<\/div>\r\n\t\t\t\t\t<\/div>\r\n\t\t\t\t<\/div><div class=\"faq-item\">\r\n\t\t\t\t\t<div class=\"faq-item-question\">\r\n\t\t\t\t\t\t<h3 class=\"faq-item-question-text\">Que tipos de widgets de barra de an\u00fancios posso adicionar ao meu site?<\/h3>\r\n\r\n\t\t\t\t\t\t<div class=\"faq-item-question-icon\"><\/div>\r\n\t\t\t\t\t<\/div>\r\n\r\n\t\t\t\t\t<div class=\"faq-item-answer\">\r\n\t\t\t\t\t\t<div class=\"faq-item-answer-text\">Voc\u00ea pode integrar diferentes barras de an\u00fancios, como: B. aqueles que promovem frete gr\u00e1tis, compartilham atualiza\u00e7\u00f5es ou anunciam vendas. As op\u00e7\u00f5es incluem barras est\u00e1ticas na parte superior da p\u00e1gina e widgets flutuantes para melhor destaque.<\/div>\r\n\t\t\t\t\t<\/div>\r\n\t\t\t\t<\/div><div class=\"faq-item\">\r\n\t\t\t\t\t<div class=\"faq-item-question\">\r\n\t\t\t\t\t\t<h3 class=\"faq-item-question-text\">Como edito o widget da barra de an\u00fancios no site Elementor?<\/h3>\r\n\r\n\t\t\t\t\t\t<div class=\"faq-item-question-icon\"><\/div>\r\n\t\t\t\t\t<\/div>\r\n\r\n\t\t\t\t\t<div class=\"faq-item-answer\">\r\n\t\t\t\t\t\t<div class=\"faq-item-answer-text\">Editar o widget da barra de an\u00fancios \u00e9 f\u00e1cil com o editor f\u00e1cil de usar da Elfsight. Voc\u00ea pode personalizar o texto, o design e o posicionamento para combinar com o estilo do seu site. Recursos como agendamento permitem maximizar a efic\u00e1cia da barra no fornecimento de informa\u00e7\u00f5es.<\/div>\r\n\t\t\t\t\t<\/div>\r\n\t\t\t\t<\/div><div class=\"faq-item\">\r\n\t\t\t\t\t<div class=\"faq-item-question\">\r\n\t\t\t\t\t\t<h3 class=\"faq-item-question-text\">Que outros widgets posso usar para melhorar o envolvimento do p\u00fablico?<\/h3>\r\n\r\n\t\t\t\t\t\t<div class=\"faq-item-question-icon\"><\/div>\r\n\t\t\t\t\t<\/div>\r\n\r\n\t\t\t\t\t<div class=\"faq-item-answer\">\r\n\t\t\t\t\t\t<div class=\"faq-item-answer-text\">Voc\u00ea pode usar um <a href=\"https:\/\/elfsight.com\/sales-notification-widget\/elementor\/\" rel=\"noopener\">widget de notifica\u00e7\u00e3o de vendas<\/a> Use para mostrar as atividades do cliente e construir credibilidade. O <a href=\"https:\/\/elfsight.com\/popup-widget\/elementor\/\" rel=\"noopener\">Popup Widget<\/a> \u00e9 \u00f3timo para capturar leads e incentivar os visitantes a explorar suas ofertas. O <a href=\"https:\/\/elfsight.com\/banner-widget\/elementor\/\" rel=\"noopener\">Banner Widget<\/a> ajuda voc\u00ea a comunicar atualiza\u00e7\u00f5es importantes e garantir que informa\u00e7\u00f5es importantes sejam notadas.<\/div>\r\n\t\t\t\t\t<\/div>\r\n\t\t\t\t<\/div><\/div>\n","protected":false},"excerpt":{"rendered":"FAQ","protected":false},"author":9,"featured_media":0,"parent":5171,"menu_order":0,"comment_status":"closed","ping_status":"closed","template":"templates\/template-application-platform.php","meta":{"publish_to_discourse":"","publish_post_category":"","wpdc_auto_publish_overridden":"","wpdc_topic_tags":"","wpdc_pin_topic":"","wpdc_pin_until":"","discourse_post_id":"","discourse_permalink":"","wpdc_publishing_response":"","wpdc_publishing_error":"","footnotes":""},"class_list":["post-13925","page","type-page","status-publish","hentry"],"yoast_head":"<!-- This site is optimized with the Yoast SEO plugin v25.3.1 - https:\/\/yoast.com\/wordpress\/plugins\/seo\/ -->\n<title>Widget da barra de an\u00fancios Elementor \u2013 Adicionar a um site<\/title>\n<meta name=\"description\" content=\"Aumente a notoriedade com o widget da barra de an\u00fancios da Elfsight sem c\u00f3digo. Apresente atualiza\u00e7\u00f5es importantes e incentive os visitantes a agir.\" \/>\n<meta name=\"robots\" content=\"index, follow, max-snippet:-1, max-image-preview:large, max-video-preview:-1\" \/>\n<link rel=\"canonical\" href=\"https:\/\/elfsight.com\/pt\/announcement-bar-widget\/elementor\/\" \/>\n<meta property=\"og:locale\" content=\"pt_PT\" \/>\n<meta property=\"og:type\" content=\"article\" \/>\n<meta property=\"og:title\" content=\"Widget da barra de an\u00fancios Elementor \u2013 Adicionar a um site\" \/>\n<meta property=\"og:description\" content=\"Aumente a notoriedade com o widget da barra de an\u00fancios da Elfsight sem c\u00f3digo. Apresente atualiza\u00e7\u00f5es importantes e incentive os visitantes a agir.\" \/>\n<meta property=\"og:url\" content=\"https:\/\/elfsight.com\/pt\/announcement-bar-widget\/elementor\/\" \/>\n<meta property=\"og:site_name\" content=\"Elfsight PT\" \/>\n<meta property=\"article:modified_time\" content=\"2025-03-04T06:26:13+00:00\" \/>\n<meta name=\"twitter:card\" content=\"summary_large_image\" \/>\n<meta name=\"twitter:label1\" content=\"Tempo estimado de leitura\" \/>\n\t<meta name=\"twitter:data1\" content=\"4 minutos\" \/>\n<!-- \/ Yoast SEO plugin. -->","yoast_head_json":{"title":"Widget da barra de an\u00fancios Elementor \u2013 Adicionar a um site","description":"Aumente a notoriedade com o widget da barra de an\u00fancios da Elfsight sem c\u00f3digo. Apresente atualiza\u00e7\u00f5es importantes e incentive os visitantes a agir.","robots":{"index":"index","follow":"follow","max-snippet":"max-snippet:-1","max-image-preview":"max-image-preview:large","max-video-preview":"max-video-preview:-1"},"canonical":"https:\/\/elfsight.com\/pt\/announcement-bar-widget\/elementor\/","og_locale":"pt_PT","og_type":"article","og_title":"Widget da barra de an\u00fancios Elementor \u2013 Adicionar a um site","og_description":"Aumente a notoriedade com o widget da barra de an\u00fancios da Elfsight sem c\u00f3digo. Apresente atualiza\u00e7\u00f5es importantes e incentive os visitantes a agir.","og_url":"https:\/\/elfsight.com\/pt\/announcement-bar-widget\/elementor\/","og_site_name":"Elfsight PT","article_modified_time":"2025-03-04T06:26:13+00:00","twitter_card":"summary_large_image","twitter_misc":{"Tempo estimado de leitura":"4 minutos"},"schema":{"@context":"https:\/\/schema.org","@graph":[{"@type":"WebPage","@id":"https:\/\/elfsight.com\/pt\/announcement-bar-widget\/elementor\/","url":"https:\/\/elfsight.com\/pt\/announcement-bar-widget\/elementor\/","name":"Widget da barra de an\u00fancios Elementor \u2013 Adicionar a um site","isPartOf":{"@id":"https:\/\/elfsight.com\/pt\/#website"},"datePublished":"2024-12-20T11:42:55+00:00","dateModified":"2025-03-04T06:26:13+00:00","description":"Aumente a notoriedade com o widget da barra de an\u00fancios da Elfsight sem c\u00f3digo. Apresente atualiza\u00e7\u00f5es importantes e incentive os visitantes a agir.","breadcrumb":{"@id":"https:\/\/elfsight.com\/pt\/announcement-bar-widget\/elementor\/#breadcrumb"},"inLanguage":"pt-PT","potentialAction":[{"@type":"ReadAction","target":["https:\/\/elfsight.com\/pt\/announcement-bar-widget\/elementor\/"]}]},{"@type":"BreadcrumbList","@id":"https:\/\/elfsight.com\/pt\/announcement-bar-widget\/elementor\/#breadcrumb","itemListElement":[{"@type":"ListItem","position":1,"name":"Home","item":"https:\/\/elfsight.com\/pt\/"},{"@type":"ListItem","position":2,"name":"Announcement Bar","item":"https:\/\/elfsight.com\/pt\/announcement-bar-widget\/"},{"@type":"ListItem","position":3,"name":"Announcement Bar &#8211; Elementor"}]},{"@type":"WebSite","@id":"https:\/\/elfsight.com\/pt\/#website","url":"https:\/\/elfsight.com\/pt\/","name":"Elfsight PT","description":"Just another Elfsight Sites site","potentialAction":[{"@type":"SearchAction","target":{"@type":"EntryPoint","urlTemplate":"https:\/\/elfsight.com\/pt\/?s={search_term_string}"},"query-input":{"@type":"PropertyValueSpecification","valueRequired":true,"valueName":"search_term_string"}}],"inLanguage":"pt-PT"}]}},"meta_box":{"industry":"","seo_heading":"","heading":"","description":"","cta_heading":"","cta_description":"","application":"5157","h1":"Widget da barra de an\u00fancios Elementor","h1_caption":"Adicione o widget Barra de An\u00fancios ao seu site Elementor para destacar atualiza\u00e7\u00f5es importantes em tempo real para aumentar a confian\u00e7a e o envolvimento do cliente.","application_category":[],"applications_title":"","applications_request_title":"","applications_request_button_text":"","hero_text":"","hero_video":"","hero_video_schema_markup":"","selling_points_title":"","selling_points_caption":"","selling_points":[],"selling_points_cta_text":"","features_title":"","features":"","ed_cta_examples_text":"","ed_cta_examples_hidden":"","ed_cta_demo_text":"","ed_cta_demo_hidden":"","why_caption":"","why_editor_title":"","why_editor_text":"","why_team_title":"","why_team_text":"","why_service_title":"","why_service_text":"","template_catalog_visible":"0","template_catalog_title":"","template_catalog_text":"","template_catalog_categories_visible":"","demo_title":"Crie um widget de barra de an\u00fancios Elementor","demo_caption":"Desenvolva seu widget de barra de an\u00fancios e integre-o ao seu site Elementor gratuitamente.","default_faq_hidden":"","app_template_category":[],"platform":"100","template_public_id":"","codecanyon_url":"","codecanyon_item_id":"","codecanyon_price":"","pricing_caption":"","pricing_elfsight_apps_hide_column":"","pricing_elfsight_apps_url":"","pricing_codecanyon_price_caption":"","integration_category":[],"integration_request_title":"","integration_request_cta":"","integration_platform":"","integrations":[],"platform_category":[],"video_schema_markup":"","price":"","trial":"","benefits":[{"text":"Servi\u00e7o de instala\u00e7\u00e3o gratuito"},{"text":"Atendimento ao cliente eficaz"},{"text":"Garantia de reembolso de 14 dias"},{"text":"Atualiza\u00e7\u00f5es futuras"}],"button_url":"#demo","button_target_blank":"0","button_nofollow":"0","attributes":[{"name":"Instalado","content":"1,000 - 5,000","_state":"expanded"},{"name":"Responsivo","content":"Sim","_state":"expanded"},{"name":"Navegadores compat\u00edveis","content":"Firefox, Safari, Opera, Chrome, Edge","_state":"expanded"}],"tags":[],"tags_disable_links":"0","hide_more_platforms":"0","video_object":"","demo_hide_cta":"0","demo_hide_cloud_options":"0","pricing_title":"","pricing":[{"pricing_icon":"platform","pricing_title":"Elfsight Apps","pricing_title_caption":"Solu\u00e7\u00e3o independente de plataforma ","pricing_price":"A partir de US$ 0\/m\u00eas","pricing_price_caption":"Comece com um plano gratuito","pricing_button_text":"Adicionar ao site","pricing_button_url":"#demo"}],"related_apps_title":"","related_apps_hidden":"0","author":"","image":[],"title":"","job":"","social_networks":[]},"_links":{"self":[{"href":"https:\/\/elfsight.com\/pt\/wp-json\/wp\/v2\/pages\/13925","targetHints":{"allow":["GET"]}}],"collection":[{"href":"https:\/\/elfsight.com\/pt\/wp-json\/wp\/v2\/pages"}],"about":[{"href":"https:\/\/elfsight.com\/pt\/wp-json\/wp\/v2\/types\/page"}],"author":[{"embeddable":true,"href":"https:\/\/elfsight.com\/pt\/wp-json\/wp\/v2\/users\/9"}],"replies":[{"embeddable":true,"href":"https:\/\/elfsight.com\/pt\/wp-json\/wp\/v2\/comments?post=13925"}],"version-history":[{"count":3,"href":"https:\/\/elfsight.com\/pt\/wp-json\/wp\/v2\/pages\/13925\/revisions"}],"predecessor-version":[{"id":14250,"href":"https:\/\/elfsight.com\/pt\/wp-json\/wp\/v2\/pages\/13925\/revisions\/14250"}],"up":[{"embeddable":true,"href":"https:\/\/elfsight.com\/pt\/wp-json\/wp\/v2\/pages\/5171"}],"wp:attachment":[{"href":"https:\/\/elfsight.com\/pt\/wp-json\/wp\/v2\/media?parent=13925"}],"curies":[{"name":"wp","href":"https:\/\/api.w.org\/{rel}","templated":true}]}}