{"id":13564,"date":"2024-12-28T06:28:35","date_gmt":"2024-12-28T06:28:35","guid":{"rendered":"https:\/\/elfsight.com\/pt\/?page_id=13564"},"modified":"2025-10-23T14:31:01","modified_gmt":"2025-10-23T14:31:01","slug":"squarespace","status":"publish","type":"page","link":"https:\/\/elfsight.com\/pt\/ai-chatbot-widget\/squarespace\/","title":{"rendered":"AI Chatbot &#8211; Squarespace"},"content":{"rendered":"<div class=\"application-platform-content-item-description application-platform-content-item\" id=\"description\" data-nav-section=\"description\"><h2>Incorporar chatbot de IA no Squarespace com o widget Elfsight!<\/h2> <p>Crie um chatbot de IA de primeira linha para o seu site Squarespace, especificamente treinado em sua base de conhecimento, recursos de suporte ou perguntas frequentes. Permita que ele aprenda e evolua, entregando mensagens personalizadas para servir melhor seus usu\u00e1rios a cada dia.<\/p> <p>Facilite a automatiza\u00e7\u00e3o das tarefas de atendimento ao cliente, reduza o tempo de resposta e capture leads de forma eficiente sem trabalho manual. Ofere\u00e7a assist\u00eancia 24\/7, garantindo que os clientes tenham as informa\u00e7\u00f5es de que precisam \u2013 a qualquer hora e em qualquer lugar!<\/p> <p><b>Adicione um assistente de IA para responder perguntas, resolver problemas e aumentar suas vendas!<\/b><\/p> <\/div><div class=\"application-platform-content-item-features application-platform-content-item\" id=\"features\" data-nav-section=\"features\"> <h2>Oferecemos recursos valiosos e f\u00e1ceis, aqui est\u00e3o alguns deles:<\/h2> <ul><li><b>Automatize a comunica\u00e7\u00e3o com seus clientes.<\/b> Facilite respostas r\u00e1pidas, ofere\u00e7a suporte durante todo o dia e aumente a efici\u00eancia com m\u00ednima configura\u00e7\u00e3o \u2013 gerencie chats e usu\u00e1rios ilimitados sem dificuldades!<\/li><li><b>Ofere\u00e7a uma experi\u00eancia personalizada.<\/b> Ajude cada cliente a se sentir especial e crie a melhor experi\u00eancia com respostas personalizadas, utilizando seus nomes, monitoramento do hist\u00f3rico de chats e mensagens de acompanhamento.<\/li><li><b>Treine o chatbot com informa\u00e7\u00f5es do seu neg\u00f3cio.<\/b> Capacite o chatbot de IA com sua expertise especializada fazendo upload de arquivos, adicionando pares de perguntas e respostas e utilizando as informa\u00e7\u00f5es do seu site para o gerador de instru\u00e7\u00f5es, garantindo respostas precisas e aplic\u00e1veis, adaptadas ao seu neg\u00f3cio.<\/li><li><b>Receba insights de clientes no seu e-mail.<\/b> Mantenha-se atualizado e obtenha insights valiosos ao receber transcri\u00e7\u00f5es completas de chats diretamente na sua caixa de entrada, com informa\u00e7\u00f5es de contato vitais para gera\u00e7\u00e3o de leads e aprimoramento do atendimento.<\/li><li><b>Explore uma vasta sele\u00e7\u00e3o de templates.<\/b> Coloque seu chatbot de IA em funcionamento rapidamente com nossa biblioteca de templates prontos para uso. Eles atendem a diversos setores e finalidades, cada um com conjuntos de instru\u00e7\u00f5es personalizados para resultados imediatos.<\/li><\/ul><p><a href=\"#demo\">Voc\u00ea pode sentir se o widget \u00e9 para voc\u00ea usando o configurador<\/a><\/p> <\/div> <div class=\"application-platform-content-item-installation application-platform-content-item\" id=\"installation\" data-nav-section=\"installation\"> <h2>Como adicionar o plugin Chatbot de IA ao Squarespace?<\/h2> <div class=\"video-container\">\n<iframe width=\"720\" height=\"405\" src=\"https:\/\/www.youtube.com\/embed\/VIlk48x8eXY?si=6EAVNNmOKYkhJmDz\" frameborder=\"0\" allowfullscreen=\"\"><\/iframe>\n<\/div><p>Se voc\u00ea deseja incorporar o Chatbot de IA no seu site Squarespace, siga os seguintes passos:<\/p> <ol><li><b>Personalize o widget.<\/b><br> Comece escolhendo um dos templates prontos. Depois, voc\u00ea pode treinar seu chatbot, organizar os recursos e alterar seu estilo visual para alinhar com as necessidades do seu neg\u00f3cio.<\/li><li><b>Obtenha o c\u00f3digo de incorpora\u00e7\u00e3o.<\/b><br> Salve o resultado e copie o c\u00f3digo \u00fanico de incorpora\u00e7\u00e3o.<\/li><li><b>Adicione o c\u00f3digo ao editor do seu site.<\/b><br> Fa\u00e7a login na \u00e1rea de administra\u00e7\u00e3o do seu site, cole o c\u00f3digo onde for necess\u00e1rio e atualize a p\u00e1gina. Sucesso!<\/li> <\/ol><p>Se voc\u00ea enfrentar qualquer problema, n\u00e3o hesite em recorrer \u00e0 nossa equipe de suporte. Nossos especialistas ter\u00e3o prazer em ajud\u00e1-lo com qualquer d\u00favida que voc\u00ea tenha sobre o plugin.<\/p> <div class=\"faq\" data-component=\"FAQ\"><div class=\"faq-item\">\r\n\t\t\t\t\t<div class=\"faq-item-question\">\r\n\t\t\t\t\t\t<h3 class=\"faq-item-question-text\">Como posso adicionar as informa\u00e7\u00f5es do meu neg\u00f3cio ao plugin Chatbot de IA?<\/h3>\r\n\r\n\t\t\t\t\t\t<div class=\"faq-item-question-icon\"><\/div>\r\n\t\t\t\t\t<\/div>\r\n\r\n\t\t\t\t\t<div class=\"faq-item-answer\">\r\n\t\t\t\t\t\t<div class=\"faq-item-answer-text\"><p>Para fazer o upload de seus dados, acesse a se\u00e7\u00e3o &#8220;Treinamento&#8221; e escolha um dos formatos existentes: arquivos de documentos, pares espec\u00edficos de perguntas e respostas ou blocos de texto simples.<\/p> <\/div>\r\n\t\t\t\t\t<\/div>\r\n\t\t\t\t<\/div> <div class=\"faq-item\">\r\n\t\t\t\t\t<div class=\"faq-item-question\">\r\n\t\t\t\t\t\t<h3 class=\"faq-item-question-text\">Como criar respostas r\u00e1pidas para o Chatbot de IA?<\/h3>\r\n\r\n\t\t\t\t\t\t<div class=\"faq-item-question-icon\"><\/div>\r\n\t\t\t\t\t<\/div>\r\n\r\n\t\t\t\t\t<div class=\"faq-item-answer\">\r\n\t\t\t\t\t\t<div class=\"faq-item-answer-text\"><p>Voc\u00ea pode adicion\u00e1-las diretamente no configurador do Chatbot de IA acessando a guia &#8220;Sauda\u00e7\u00e3o&#8221;. L\u00e1 voc\u00ea encontrar\u00e1 o campo onde pode incluir uma abertura de conversa atraente ou uma pergunta popular.<\/p> <\/div>\r\n\t\t\t\t\t<\/div>\r\n\t\t\t\t<\/div> <div class=\"faq-item\">\r\n\t\t\t\t\t<div class=\"faq-item-question\">\r\n\t\t\t\t\t\t<h3 class=\"faq-item-question-text\">O que faz o plugin Elfsight Chatbot de IA o melhor para o meu site Squarespace?<\/h3>\r\n\r\n\t\t\t\t\t\t<div class=\"faq-item-question-icon\"><\/div>\r\n\t\t\t\t\t<\/div>\r\n\r\n\t\t\t\t\t<div class=\"faq-item-answer\">\r\n\t\t\t\t\t\t<div class=\"faq-item-answer-text\"> <p>O plugin Chatbot de IA \u00e9 uma solu\u00e7\u00e3o de chat sem necessidade de codifica\u00e7\u00e3o, apoiada pelo modelo de IA mais recente, pronto para ser treinado com as informa\u00e7\u00f5es do seu neg\u00f3cio. Com uma interface acess\u00edvel e v\u00e1rios elementos de personaliza\u00e7\u00e3o, voc\u00ea pode garantir suporte ao cliente 24\/7 com uma experi\u00eancia personalizada e sempre se manter no controle com relat\u00f3rios cont\u00ednuos. Experimente por si mesmo como \u00e9 simples e r\u00e1pido com o Elfsight!<\/p> <\/div>\r\n\t\t\t\t\t<\/div>\r\n\t\t\t\t<\/div><\/div><\/div> ","protected":false},"excerpt":{"rendered":"","protected":false},"author":9,"featured_media":0,"parent":13498,"menu_order":0,"comment_status":"closed","ping_status":"closed","template":"templates\/template-application-platform.php","meta":{"publish_to_discourse":"","publish_post_category":"","wpdc_auto_publish_overridden":"","wpdc_topic_tags":"","wpdc_pin_topic":"","wpdc_pin_until":"","discourse_post_id":"","discourse_permalink":"","wpdc_publishing_response":"","wpdc_publishing_error":"","footnotes":""},"class_list":["post-13564","page","type-page","status-publish","hentry"],"yoast_head":"<!-- This site is optimized with the Yoast SEO plugin v25.3.1 - https:\/\/yoast.com\/wordpress\/plugins\/seo\/ -->\n<title>Plugin Squarespace AI Chatbot \u2013 Adicione o Chatbot de IA ao Squarespace [GR\u00c1TIS]<\/title>\n<meta name=\"description\" content=\"Adicione o melhor plugin de Chatbot de IA ao seu site Squarespace sem codifica\u00e7\u00e3o. Otimize a assist\u00eancia ao cliente com uma inser\u00e7\u00e3o f\u00e1cil!\" \/>\n<meta name=\"robots\" content=\"index, follow, max-snippet:-1, max-image-preview:large, max-video-preview:-1\" \/>\n<link rel=\"canonical\" href=\"https:\/\/elfsight.com\/pt\/ai-chatbot-widget\/squarespace\/\" \/>\n<meta property=\"og:locale\" content=\"pt_PT\" \/>\n<meta property=\"og:type\" content=\"article\" \/>\n<meta property=\"og:title\" content=\"Plugin Squarespace AI Chatbot \u2013 Adicione o Chatbot de IA ao Squarespace [GR\u00c1TIS]\" \/>\n<meta property=\"og:description\" content=\"Adicione o melhor plugin de Chatbot de IA ao seu site Squarespace sem codifica\u00e7\u00e3o. Otimize a assist\u00eancia ao cliente com uma inser\u00e7\u00e3o f\u00e1cil!\" \/>\n<meta property=\"og:url\" content=\"https:\/\/elfsight.com\/pt\/ai-chatbot-widget\/squarespace\/\" \/>\n<meta property=\"og:site_name\" content=\"Elfsight PT\" \/>\n<meta property=\"article:modified_time\" content=\"2025-10-23T14:31:01+00:00\" \/>\n<meta name=\"twitter:card\" content=\"summary_large_image\" \/>\n<meta name=\"twitter:label1\" content=\"Tempo estimado de leitura\" \/>\n\t<meta name=\"twitter:data1\" content=\"4 minutos\" \/>\n<!-- \/ Yoast SEO plugin. -->","yoast_head_json":{"title":"Plugin Squarespace AI Chatbot \u2013 Adicione o Chatbot de IA ao Squarespace [GR\u00c1TIS]","description":"Adicione o melhor plugin de Chatbot de IA ao seu site Squarespace sem codifica\u00e7\u00e3o. Otimize a assist\u00eancia ao cliente com uma inser\u00e7\u00e3o f\u00e1cil!","robots":{"index":"index","follow":"follow","max-snippet":"max-snippet:-1","max-image-preview":"max-image-preview:large","max-video-preview":"max-video-preview:-1"},"canonical":"https:\/\/elfsight.com\/pt\/ai-chatbot-widget\/squarespace\/","og_locale":"pt_PT","og_type":"article","og_title":"Plugin Squarespace AI Chatbot \u2013 Adicione o Chatbot de IA ao Squarespace [GR\u00c1TIS]","og_description":"Adicione o melhor plugin de Chatbot de IA ao seu site Squarespace sem codifica\u00e7\u00e3o. Otimize a assist\u00eancia ao cliente com uma inser\u00e7\u00e3o f\u00e1cil!","og_url":"https:\/\/elfsight.com\/pt\/ai-chatbot-widget\/squarespace\/","og_site_name":"Elfsight PT","article_modified_time":"2025-10-23T14:31:01+00:00","twitter_card":"summary_large_image","twitter_misc":{"Tempo estimado de leitura":"4 minutos"},"schema":{"@context":"https:\/\/schema.org","@graph":[{"@type":"WebPage","@id":"https:\/\/elfsight.com\/pt\/ai-chatbot-widget\/squarespace\/","url":"https:\/\/elfsight.com\/pt\/ai-chatbot-widget\/squarespace\/","name":"Plugin Squarespace AI Chatbot \u2013 Adicione o Chatbot de IA ao Squarespace [GR\u00c1TIS]","isPartOf":{"@id":"https:\/\/elfsight.com\/pt\/#website"},"datePublished":"2024-12-28T06:28:35+00:00","dateModified":"2025-10-23T14:31:01+00:00","description":"Adicione o melhor plugin de Chatbot de IA ao seu site Squarespace sem codifica\u00e7\u00e3o. Otimize a assist\u00eancia ao cliente com uma inser\u00e7\u00e3o f\u00e1cil!","breadcrumb":{"@id":"https:\/\/elfsight.com\/pt\/ai-chatbot-widget\/squarespace\/#breadcrumb"},"inLanguage":"pt-PT","potentialAction":[{"@type":"ReadAction","target":["https:\/\/elfsight.com\/pt\/ai-chatbot-widget\/squarespace\/"]}]},{"@type":"BreadcrumbList","@id":"https:\/\/elfsight.com\/pt\/ai-chatbot-widget\/squarespace\/#breadcrumb","itemListElement":[{"@type":"ListItem","position":1,"name":"Home","item":"https:\/\/elfsight.com\/pt\/"},{"@type":"ListItem","position":2,"name":"AI Chatbot","item":"https:\/\/elfsight.com\/pt\/ai-chatbot-widget\/"},{"@type":"ListItem","position":3,"name":"AI Chatbot &#8211; Squarespace"}]},{"@type":"WebSite","@id":"https:\/\/elfsight.com\/pt\/#website","url":"https:\/\/elfsight.com\/pt\/","name":"Elfsight PT","description":"Just another Elfsight Sites site","potentialAction":[{"@type":"SearchAction","target":{"@type":"EntryPoint","urlTemplate":"https:\/\/elfsight.com\/pt\/?s={search_term_string}"},"query-input":{"@type":"PropertyValueSpecification","valueRequired":true,"valueName":"search_term_string"}}],"inLanguage":"pt-PT"}]}},"meta_box":{"industry":"","seo_heading":"","heading":"","description":"","cta_heading":"","cta_description":"","application":"13494","h1":"Adicionar Chatbot de IA ao site Squarespace","h1_caption":"Crie o melhor chatbot de IA, treinado especificamente com os dados do seu neg\u00f3cio para automatizar o suporte ao cliente, capturar leads e fornecer respostas instant\u00e2neas e precisas no site Squarespace\u201424\/7.","application_category":[],"applications_title":"","applications_request_title":"","applications_request_button_text":"","hero_text":"","hero_video":"","hero_video_schema_markup":"","selling_points_title":"","selling_points_caption":"","selling_points":[],"selling_points_cta_text":"","features_title":"","features":"","ed_cta_examples_text":"","ed_cta_examples_hidden":"","ed_cta_demo_text":"","ed_cta_demo_hidden":"","why_caption":"","why_editor_title":"","why_editor_text":"","why_team_title":"","why_team_text":"","why_service_title":"","why_service_text":"","template_catalog_visible":"0","template_catalog_title":"","template_catalog_text":"","template_catalog_categories_visible":"","demo_title":"Crie seu plugin de Chatbot de IA","demo_caption":"Configure o Chatbot de IA e adicione-o ao seu site Squarespace gratuitamente!","default_faq_hidden":"","app_template_category":[],"platform":"67","template_public_id":"","codecanyon_url":"","codecanyon_item_id":"","codecanyon_price":"","pricing_caption":"","pricing_elfsight_apps_hide_column":"","pricing_elfsight_apps_url":"","pricing_codecanyon_price_caption":"","integration_category":[],"integration_request_title":"","integration_request_cta":"","integration_platform":"","integrations":[],"platform_category":[],"video_schema_markup":"","price":"a partir de $0 \/ m\u00eas","trial":"","benefits":[{"text":"Servi\u00e7o de instala\u00e7\u00e3o gratuito"},{"text":"Suporte excepcional"},{"text":"Garantia de devolu\u00e7\u00e3o do dinheiro de 14 dias"},{"text":"Atualiza\u00e7\u00f5es gratuitas cont\u00ednuas"}],"button_url":"#demo","button_target_blank":"0","button_nofollow":"0","attributes":[{"name":"Instala\u00e7\u00f5es","content":"50,000 - 100,000"},{"name":"Responsivo","content":"Sim"},{"name":"Browsers Compat\u00edveis","content":"Firefox, Safari, Opera, Chrome, Edge"}],"tags":[],"tags_disable_links":"0","hide_more_platforms":"0","video_object":"","demo_hide_cta":"0","demo_hide_cloud_options":"0","pricing_title":"","pricing":[{"pricing_icon":"platform","pricing_title":"Elfsight Apps","pricing_title_caption":"Solu\u00e7\u00e3o digital multiplataforma que atende a qualquer site","pricing_price":"a partir de $0 \/ m\u00eas","pricing_price_caption":"Comece com um plano gratuito","pricing_benefits":[{"text":"Sites ilimitados"},{"text":"Suporte profissional"},{"text":"Servi\u00e7o de instala\u00e7\u00e3o gratuito"},{"text":"Design flex\u00edvel"}],"pricing_button_text":"Adicionar ao site","pricing_button_url":"#demo"}],"related_apps_title":"","related_apps_hidden":"0","author":"","image":[],"title":"","job":"","social_networks":[]},"_links":{"self":[{"href":"https:\/\/elfsight.com\/pt\/wp-json\/wp\/v2\/pages\/13564","targetHints":{"allow":["GET"]}}],"collection":[{"href":"https:\/\/elfsight.com\/pt\/wp-json\/wp\/v2\/pages"}],"about":[{"href":"https:\/\/elfsight.com\/pt\/wp-json\/wp\/v2\/types\/page"}],"author":[{"embeddable":true,"href":"https:\/\/elfsight.com\/pt\/wp-json\/wp\/v2\/users\/9"}],"replies":[{"embeddable":true,"href":"https:\/\/elfsight.com\/pt\/wp-json\/wp\/v2\/comments?post=13564"}],"version-history":[{"count":2,"href":"https:\/\/elfsight.com\/pt\/wp-json\/wp\/v2\/pages\/13564\/revisions"}],"predecessor-version":[{"id":15152,"href":"https:\/\/elfsight.com\/pt\/wp-json\/wp\/v2\/pages\/13564\/revisions\/15152"}],"up":[{"embeddable":true,"href":"https:\/\/elfsight.com\/pt\/wp-json\/wp\/v2\/pages\/13498"}],"wp:attachment":[{"href":"https:\/\/elfsight.com\/pt\/wp-json\/wp\/v2\/media?parent=13564"}],"curies":[{"name":"wp","href":"https:\/\/api.w.org\/{rel}","templated":true}]}}