{"id":13559,"date":"2024-12-28T06:41:40","date_gmt":"2024-12-28T06:41:40","guid":{"rendered":"https:\/\/elfsight.com\/pt\/?page_id=13559"},"modified":"2025-09-23T09:39:44","modified_gmt":"2025-09-23T09:39:44","slug":"wix","status":"publish","type":"page","link":"https:\/\/elfsight.com\/pt\/ai-chatbot-widget\/wix\/","title":{"rendered":"AI Chatbot &#8211; Wix"},"content":{"rendered":"<div class=\"application-platform-content-item-description application-platform-content-item\" id=\"description\" data-nav-section=\"description\"><h2>Incorporar chatbot de IA no Wix com o widget Elfsight!<\/h2> <p>Crie um chatbot de IA de alto n\u00edvel para seu site Wix, especificamente treinado em sua base de conhecimento, arquivos de suporte ou perguntas frequentes. Permita que ele aprenda e se adapte, oferecendo mensagens personalizadas para aprimorar a experi\u00eancia do usu\u00e1rio diariamente.<\/p> <p>Automatize as tarefas de atendimento ao cliente, minimize o tempo de resposta e gere leads com sucesso sem trabalho manual. Ofere\u00e7a assist\u00eancia 24\/7, garantindo que os clientes tenham as respostas que precisam \u2013 a qualquer hora, em qualquer lugar!<\/p> <p><b>Adicione um assistente de IA para responder perguntas, resolver problemas e aumentar suas vendas!<\/b><\/p> <\/div><div class=\"application-platform-content-item-features application-platform-content-item\" id=\"features\" data-nav-section=\"features\"> <h2>Os recursos mais populares do widget incluem:<\/h2> <ul><li><b>Automatize sua comunica\u00e7\u00e3o com o cliente.<\/b> Simplifique respostas r\u00e1pidas, ofere\u00e7a disponibilidade durante todo o dia e aumente a efici\u00eancia com configura\u00e7\u00e3o m\u00ednima \u2013 gerencie chats e usu\u00e1rios ilimitados sem esfor\u00e7o!<\/li><li><b>Ofere\u00e7a uma experi\u00eancia personalizada.<\/b> Ajude cada cliente a se sentir especial e crie a melhor experi\u00eancia com respostas personalizadas, sauda\u00e7\u00f5es, monitoramento do hist\u00f3rico de chats e mensagens de acompanhamento.<\/li><li><b>Treine o chatbot com dados da empresa.<\/b> Capacite o chatbot de IA com sua expertise especializada ao fazer upload de arquivos, criar conjuntos de perguntas e respostas e utilizar as informa\u00e7\u00f5es do seu site para o gerador de instru\u00e7\u00f5es, garantindo respostas corretas e relevantes de acordo com o contexto do seu neg\u00f3cio.<\/li><li><b>Receba insights de clientes por e-mail.<\/b> Mantenha-se informado e obtenha insights importantes ao receber transcri\u00e7\u00f5es completas de chats diretamente em sua caixa de entrada, com detalhes cruciais de contato para gera\u00e7\u00e3o de leads e melhorias no atendimento.<\/li><li><b>Descubra uma ampla gama de templates.<\/b> Implante seu chatbot de IA rapidamente com nossa biblioteca de templates prontos. Eles foram desenvolvidos para diversos setores e finalidades, cada um com conjuntos de instru\u00e7\u00f5es personalizados para resultados imediatos.<\/li><\/ul><p><a href=\"#demo\">Voc\u00ea pode sentir que o widget vale a pena experimentando com o configurador<\/a><\/p> <\/div> <div class=\"application-platform-content-item-installation application-platform-content-item\" id=\"installation\" data-nav-section=\"installation\"> <h2>Como adicionar o plugin de Chatbot de IA no Wix?<\/h2> <div class=\"video-container\">\n<iframe width=\"720\" height=\"405\" src=\"https:\/\/www.youtube.com\/embed\/eaCpLVF7PCE?si=rkbhBflQ67OP9oHb\" frameborder=\"0\" allowfullscreen=\"\"><\/iframe>\n<\/div><p>Se voc\u00ea deseja incorporar o Chatbot de IA no seu site Wix, siga os passos abaixo:<\/p> <ol><li><b>Personalize o widget.<\/b><br> Comece escolhendo um dos templates dispon\u00edveis. Em seguida, voc\u00ea pode treinar seu chatbot, configurar a funcionalidade e modificar sua apar\u00eancia para atender \u00e0s prefer\u00eancias do seu neg\u00f3cio.<\/li><li><b>Obtenha o c\u00f3digo de incorpora\u00e7\u00e3o.<\/b><br> Salve as personaliza\u00e7\u00f5es e copie o c\u00f3digo de instala\u00e7\u00e3o fornecido.<\/li><li><b>Adicione o c\u00f3digo ao seu construtor de sites.<\/b><br> Acesse o painel de administra\u00e7\u00e3o do seu site, cole o c\u00f3digo no local escolhido e atualize a p\u00e1gina. Pronto!<\/li> <\/ol><p>Se voc\u00ea tiver dificuldades, n\u00e3o hesite em contatar nossa equipe de suporte. Nossos especialistas ter\u00e3o o prazer em ajud\u00e1-lo com todas as d\u00favidas que voc\u00ea possa ter sobre o aplicativo.<\/p> <div class=\"faq\" data-component=\"FAQ\"><div class=\"faq-item\">\r\n\t\t\t\t\t<div class=\"faq-item-question\">\r\n\t\t\t\t\t\t<h3 class=\"faq-item-question-text\">Como posso adicionar as informa\u00e7\u00f5es do meu neg\u00f3cio ao aplicativo Chatbot de IA?<\/h3>\r\n\r\n\t\t\t\t\t\t<div class=\"faq-item-question-icon\"><\/div>\r\n\t\t\t\t\t<\/div>\r\n\r\n\t\t\t\t\t<div class=\"faq-item-answer\">\r\n\t\t\t\t\t\t<div class=\"faq-item-answer-text\"><p>Para adicionar suas informa\u00e7\u00f5es, acesse o menu &#8220;Treinamento&#8221; e escolha um dos formatos oferecidos: arquivos de documentos, pares espec\u00edficos de perguntas e respostas ou blocos de texto simples.<\/p> <\/div>\r\n\t\t\t\t\t<\/div>\r\n\t\t\t\t<\/div> <div class=\"faq-item\">\r\n\t\t\t\t\t<div class=\"faq-item-question\">\r\n\t\t\t\t\t\t<h3 class=\"faq-item-question-text\">Como criar respostas r\u00e1pidas para o Chatbot de IA?<\/h3>\r\n\r\n\t\t\t\t\t\t<div class=\"faq-item-question-icon\"><\/div>\r\n\t\t\t\t\t<\/div>\r\n\r\n\t\t\t\t\t<div class=\"faq-item-answer\">\r\n\t\t\t\t\t\t<div class=\"faq-item-answer-text\"><p>Voc\u00ea pode adicion\u00e1-las diretamente no editor do Chatbot de IA indo para a guia &#8220;Sauda\u00e7\u00e3o&#8221;. L\u00e1 voc\u00ea encontrar\u00e1 o campo onde pode digitar uma abertura de conversa interessante ou uma pergunta frequente.<\/p> <\/div>\r\n\t\t\t\t\t<\/div>\r\n\t\t\t\t<\/div> <div class=\"faq-item\">\r\n\t\t\t\t\t<div class=\"faq-item-question\">\r\n\t\t\t\t\t\t<h3 class=\"faq-item-question-text\">O que faz o aplicativo Elfsight Chatbot de IA o melhor para o meu site Wix?<\/h3>\r\n\r\n\t\t\t\t\t\t<div class=\"faq-item-question-icon\"><\/div>\r\n\t\t\t\t\t<\/div>\r\n\r\n\t\t\t\t\t<div class=\"faq-item-answer\">\r\n\t\t\t\t\t\t<div class=\"faq-item-answer-text\"> <p>O aplicativo Chatbot de IA \u00e9 uma solu\u00e7\u00e3o de chat sem necessidade de codifica\u00e7\u00e3o, apoiada pela mais avan\u00e7ada tecnologia de IA, pronta para ser treinada com as informa\u00e7\u00f5es da sua empresa. Com uma interface acess\u00edvel e v\u00e1rias op\u00e7\u00f5es de personaliza\u00e7\u00e3o, voc\u00ea pode oferecer assist\u00eancia ao cliente durante todo o dia com uma experi\u00eancia personalizada e sempre se manter informado com relat\u00f3rios cont\u00ednuos. Explore por si mesmo como \u00e9 conveniente e r\u00e1pido com o Elfsight!<\/p> <\/div>\r\n\t\t\t\t\t<\/div>\r\n\t\t\t\t<\/div><\/div><\/div> ","protected":false},"excerpt":{"rendered":"","protected":false},"author":9,"featured_media":0,"parent":13498,"menu_order":0,"comment_status":"closed","ping_status":"closed","template":"templates\/template-application-platform.php","meta":{"publish_to_discourse":"","publish_post_category":"","wpdc_auto_publish_overridden":"","wpdc_topic_tags":"","wpdc_pin_topic":"","wpdc_pin_until":"","discourse_post_id":"","discourse_permalink":"","wpdc_publishing_response":"","wpdc_publishing_error":"","footnotes":""},"class_list":["post-13559","page","type-page","status-publish","hentry"],"yoast_head":"<!-- This site is optimized with the Yoast SEO plugin v25.3.1 - https:\/\/yoast.com\/wordpress\/plugins\/seo\/ -->\n<title>Aplicativo Wix AI Chatbot \u2013 Adicione o Chatbot de IA ao Wix [GR\u00c1TIS]<\/title>\n<meta name=\"description\" content=\"Adicione o melhor aplicativo de Chatbot de IA ao seu site Wix sem codifica\u00e7\u00e3o. Agilize o suporte ao cliente com uma inser\u00e7\u00e3o f\u00e1cil!\" \/>\n<meta name=\"robots\" content=\"index, follow, max-snippet:-1, max-image-preview:large, max-video-preview:-1\" \/>\n<link rel=\"canonical\" href=\"https:\/\/elfsight.com\/pt\/ai-chatbot-widget\/wix\/\" \/>\n<meta property=\"og:locale\" content=\"pt_PT\" \/>\n<meta property=\"og:type\" content=\"article\" \/>\n<meta property=\"og:title\" content=\"Aplicativo Wix AI Chatbot \u2013 Adicione o Chatbot de IA ao Wix [GR\u00c1TIS]\" \/>\n<meta property=\"og:description\" content=\"Adicione o melhor aplicativo de Chatbot de IA ao seu site Wix sem codifica\u00e7\u00e3o. Agilize o suporte ao cliente com uma inser\u00e7\u00e3o f\u00e1cil!\" \/>\n<meta property=\"og:url\" content=\"https:\/\/elfsight.com\/pt\/ai-chatbot-widget\/wix\/\" \/>\n<meta property=\"og:site_name\" content=\"Elfsight PT\" \/>\n<meta property=\"article:modified_time\" content=\"2025-09-23T09:39:44+00:00\" \/>\n<meta name=\"twitter:card\" content=\"summary_large_image\" \/>\n<meta name=\"twitter:label1\" content=\"Tempo estimado de leitura\" \/>\n\t<meta name=\"twitter:data1\" content=\"4 minutos\" \/>\n<!-- \/ Yoast SEO plugin. -->","yoast_head_json":{"title":"Aplicativo Wix AI Chatbot \u2013 Adicione o Chatbot de IA ao Wix [GR\u00c1TIS]","description":"Adicione o melhor aplicativo de Chatbot de IA ao seu site Wix sem codifica\u00e7\u00e3o. Agilize o suporte ao cliente com uma inser\u00e7\u00e3o f\u00e1cil!","robots":{"index":"index","follow":"follow","max-snippet":"max-snippet:-1","max-image-preview":"max-image-preview:large","max-video-preview":"max-video-preview:-1"},"canonical":"https:\/\/elfsight.com\/pt\/ai-chatbot-widget\/wix\/","og_locale":"pt_PT","og_type":"article","og_title":"Aplicativo Wix AI Chatbot \u2013 Adicione o Chatbot de IA ao Wix [GR\u00c1TIS]","og_description":"Adicione o melhor aplicativo de Chatbot de IA ao seu site Wix sem codifica\u00e7\u00e3o. Agilize o suporte ao cliente com uma inser\u00e7\u00e3o f\u00e1cil!","og_url":"https:\/\/elfsight.com\/pt\/ai-chatbot-widget\/wix\/","og_site_name":"Elfsight PT","article_modified_time":"2025-09-23T09:39:44+00:00","twitter_card":"summary_large_image","twitter_misc":{"Tempo estimado de leitura":"4 minutos"},"schema":{"@context":"https:\/\/schema.org","@graph":[{"@type":"WebPage","@id":"https:\/\/elfsight.com\/pt\/ai-chatbot-widget\/wix\/","url":"https:\/\/elfsight.com\/pt\/ai-chatbot-widget\/wix\/","name":"Aplicativo Wix AI Chatbot \u2013 Adicione o Chatbot de IA ao Wix [GR\u00c1TIS]","isPartOf":{"@id":"https:\/\/elfsight.com\/pt\/#website"},"datePublished":"2024-12-28T06:41:40+00:00","dateModified":"2025-09-23T09:39:44+00:00","description":"Adicione o melhor aplicativo de Chatbot de IA ao seu site Wix sem codifica\u00e7\u00e3o. Agilize o suporte ao cliente com uma inser\u00e7\u00e3o f\u00e1cil!","breadcrumb":{"@id":"https:\/\/elfsight.com\/pt\/ai-chatbot-widget\/wix\/#breadcrumb"},"inLanguage":"pt-PT","potentialAction":[{"@type":"ReadAction","target":["https:\/\/elfsight.com\/pt\/ai-chatbot-widget\/wix\/"]}]},{"@type":"BreadcrumbList","@id":"https:\/\/elfsight.com\/pt\/ai-chatbot-widget\/wix\/#breadcrumb","itemListElement":[{"@type":"ListItem","position":1,"name":"Home","item":"https:\/\/elfsight.com\/pt\/"},{"@type":"ListItem","position":2,"name":"AI Chatbot","item":"https:\/\/elfsight.com\/pt\/ai-chatbot-widget\/"},{"@type":"ListItem","position":3,"name":"AI Chatbot &#8211; Wix"}]},{"@type":"WebSite","@id":"https:\/\/elfsight.com\/pt\/#website","url":"https:\/\/elfsight.com\/pt\/","name":"Elfsight PT","description":"Just another Elfsight Sites site","potentialAction":[{"@type":"SearchAction","target":{"@type":"EntryPoint","urlTemplate":"https:\/\/elfsight.com\/pt\/?s={search_term_string}"},"query-input":{"@type":"PropertyValueSpecification","valueRequired":true,"valueName":"search_term_string"}}],"inLanguage":"pt-PT"}]}},"meta_box":{"industry":"","seo_heading":"","heading":"","description":"","cta_heading":"","cta_description":"","application":"13494","h1":"Adicionar Chatbot de IA ao site Wix","h1_caption":"Crie o melhor chatbot de IA, treinado especificamente com os dados do seu neg\u00f3cio para automatizar o suporte ao cliente, capturar leads e fornecer respostas instant\u00e2neas e precisas no site Wix\u201424\/7.","application_category":[],"applications_title":"","applications_request_title":"","applications_request_button_text":"","hero_text":"","hero_video":"","hero_video_schema_markup":"","selling_points_title":"","selling_points_caption":"","selling_points":[],"selling_points_cta_text":"","features_title":"","features":"","ed_cta_examples_text":"","ed_cta_examples_hidden":"","ed_cta_demo_text":"","ed_cta_demo_hidden":"","why_caption":"","why_editor_title":"","why_editor_text":"","why_team_title":"","why_team_text":"","why_service_title":"","why_service_text":"","template_catalog_visible":"0","template_catalog_title":"","template_catalog_text":"","template_catalog_categories_visible":"","demo_title":"Crie seu aplicativo de Chatbot de IA","demo_caption":"Configure o Chatbot de IA e adicione-o ao seu site Wix gratuitamente!","default_faq_hidden":"","app_template_category":[],"platform":"37","template_public_id":"","codecanyon_url":"","codecanyon_item_id":"","codecanyon_price":"","pricing_caption":"","pricing_elfsight_apps_hide_column":"","pricing_elfsight_apps_url":"","pricing_codecanyon_price_caption":"","integration_category":[],"integration_request_title":"","integration_request_cta":"","integration_platform":"","integrations":[],"platform_category":[],"video_schema_markup":"","price":"a partir de $0 \/ m\u00eas","trial":"","benefits":[{"text":"Assist\u00eancia de instala\u00e7\u00e3o sem cobran\u00e7a"},{"text":"Suporte premium"},{"text":"Garantia de devolu\u00e7\u00e3o do dinheiro de 14 dias"},{"text":"Desenvolvimento cont\u00ednuo"}],"button_url":"#demo","button_target_blank":"0","button_nofollow":"0","attributes":[{"name":"Instala\u00e7\u00f5es","content":"50,000 - 100,000"},{"name":"Responsivo","content":"Sim"},{"name":"Browsers Compat\u00edveis","content":"Firefox, Safari, Opera, Chrome, Edge"}],"tags":[],"tags_disable_links":"0","hide_more_platforms":"0","video_object":"","demo_hide_cta":"0","demo_hide_cloud_options":"0","pricing_title":"","pricing":[{"pricing_icon":"platform","pricing_title":"Elfsight Apps","pricing_title_caption":"Software independente de plataforma que atende a qualquer site","pricing_price":"a partir de $0 \/ m\u00eas","pricing_price_caption":"Comece com um plano gratuito","pricing_benefits":[{"text":"Sites ilimitados"},{"text":"Suporte premium"},{"text":"Assist\u00eancia de instala\u00e7\u00e3o sem custo"},{"text":"100% personaliz\u00e1vel"}],"pricing_button_text":"Adicionar ao site","pricing_button_url":"#demo"}],"related_apps_title":"","related_apps_hidden":"0","author":"","image":[],"title":"","job":"","social_networks":[]},"_links":{"self":[{"href":"https:\/\/elfsight.com\/pt\/wp-json\/wp\/v2\/pages\/13559","targetHints":{"allow":["GET"]}}],"collection":[{"href":"https:\/\/elfsight.com\/pt\/wp-json\/wp\/v2\/pages"}],"about":[{"href":"https:\/\/elfsight.com\/pt\/wp-json\/wp\/v2\/types\/page"}],"author":[{"embeddable":true,"href":"https:\/\/elfsight.com\/pt\/wp-json\/wp\/v2\/users\/9"}],"replies":[{"embeddable":true,"href":"https:\/\/elfsight.com\/pt\/wp-json\/wp\/v2\/comments?post=13559"}],"version-history":[{"count":2,"href":"https:\/\/elfsight.com\/pt\/wp-json\/wp\/v2\/pages\/13559\/revisions"}],"predecessor-version":[{"id":15129,"href":"https:\/\/elfsight.com\/pt\/wp-json\/wp\/v2\/pages\/13559\/revisions\/15129"}],"up":[{"embeddable":true,"href":"https:\/\/elfsight.com\/pt\/wp-json\/wp\/v2\/pages\/13498"}],"wp:attachment":[{"href":"https:\/\/elfsight.com\/pt\/wp-json\/wp\/v2\/media?parent=13559"}],"curies":[{"name":"wp","href":"https:\/\/api.w.org\/{rel}","templated":true}]}}