{"id":13556,"date":"2024-12-28T06:57:00","date_gmt":"2024-12-28T06:57:00","guid":{"rendered":"https:\/\/elfsight.com\/pt\/?page_id=13556"},"modified":"2025-04-14T17:54:09","modified_gmt":"2025-04-14T17:54:09","slug":"wordpress","status":"publish","type":"page","link":"https:\/\/elfsight.com\/pt\/ai-chatbot-widget\/wordpress\/","title":{"rendered":"AI Chatbot &#8211; WordPress"},"content":{"rendered":"<div class=\"application-platform-content-item-description application-platform-content-item\" id=\"description\" data-nav-section=\"description\"><h2>Incorporar chatbot de IA no WordPress com o widget Elfsight!<\/h2> <p>Crie um chatbot de IA de primeira linha para o seu site WordPress, treinado especificamente com sua base de conhecimento, recursos de suporte ou perguntas frequentes. Permita que ele aprenda e se adapte, fornecendo mensagens personalizadas para melhorar o engajamento dos usu\u00e1rios diariamente.<\/p> <p>Agilize tarefas de atendimento ao cliente, reduza os tempos de resposta e capture leads de forma eficaz, sem interven\u00e7\u00e3o manual. Ofere\u00e7a assist\u00eancia 24\/7, garantindo que os clientes obtenham as respostas de que precisam\u2014em qualquer hora, de qualquer lugar!<\/p> <p><b>Adicione um assistente de IA para responder a perguntas, resolver preocupa\u00e7\u00f5es e aumentar suas vendas!<\/b><\/p> <\/div><div class=\"application-platform-content-item-features application-platform-content-item\" id=\"features\" data-nav-section=\"features\"> <h2>O widget inclui recursos pr\u00e1ticos e f\u00e1ceis, confira alguns deles:<\/h2> <ul><li><b>Automatize sua comunica\u00e7\u00e3o com o cliente.<\/b> Agilize respostas, garanta disponibilidade 24\/7 e melhore a efici\u00eancia com m\u00ednima configura\u00e7\u00e3o\u2014gerencie chats e usu\u00e1rios ilimitados sem esfor\u00e7o!<\/li><li><b>Ofere\u00e7a uma experi\u00eancia personalizada.<\/b> Ajude cada cliente a se sentir valorizado e crie a melhor experi\u00eancia com respostas personalizadas, uso do nome, rastreamento de hist\u00f3rico de chat e mensagens de acompanhamento.<\/li><li><b>Treine o chatbot com insights da empresa.<\/b> Prepare o chatbot de IA com sua expertise espec\u00edfica, enviando materiais, incluindo pares de perguntas e respostas, e utilizando o conte\u00fado do seu site para o gerador de instru\u00e7\u00f5es, garantindo respostas corretas e aplic\u00e1veis, adaptadas ao seu neg\u00f3cio.<\/li><li><b>Receba insights dos clientes no seu e-mail.<\/b> Mantenha-se atualizado e capture insights valiosos recebendo transcri\u00e7\u00f5es completas de chats diretamente na sua caixa de entrada, com informa\u00e7\u00f5es de contato chave para gera\u00e7\u00e3o de leads e aprimoramento de servi\u00e7os.<\/li><li><b>Descubra uma ampla variedade de templates.<\/b> Configure rapidamente seu chatbot de IA com nossa cole\u00e7\u00e3o de templates pr\u00e9-configurados. Eles s\u00e3o desenvolvidos para diversas ind\u00fastrias e funcionalidades, cada um com conjuntos de instru\u00e7\u00f5es especializados para resultados instant\u00e2neos.<\/li><\/ul><p><a href=\"#demo\">Explore todos os recursos de personaliza\u00e7\u00e3o no configurador totalmente funcional<\/a><\/p> <\/div> <div class=\"application-platform-content-item-installation application-platform-content-item\" id=\"installation\" data-nav-section=\"installation\"> <h2>Como adicionar o plugin de chatbot de IA ao WordPress?<\/h2> <p>Se voc\u00ea deseja incorporar o chatbot de IA ao seu site WordPress, realize as seguintes a\u00e7\u00f5es:<\/p> <ol><li><b>Personalize o widget.<\/b><br> Selecione um template pronto para come\u00e7ar. Em seguida, sinta-se \u00e0 vontade para treinar seu chatbot, configurar os recursos e modificar seu estilo visual de acordo com suas prefer\u00eancias de neg\u00f3cio.<\/li><li><b>Obtenha o c\u00f3digo de incorpora\u00e7\u00e3o.<\/b><br> Salve o resultado final e copie o c\u00f3digo de instala\u00e7\u00e3o gerado.<\/li><li><b>Adicione o c\u00f3digo no editor do seu site.<\/b><br> Fa\u00e7a login no painel de administra\u00e7\u00e3o do seu site, cole o shortcode onde necess\u00e1rio e atualize a p\u00e1gina. \u00c9 simples assim!<\/li> <\/ol><p>Se voc\u00ea tiver d\u00favidas ou encontrar problemas, entre em contato com nossa equipe de atendimento ao cliente. Estamos ansiosos para resolver todas as quest\u00f5es que voc\u00ea possa ter com o plugin.<\/p> <div class=\"faq\" data-component=\"FAQ\"><div class=\"faq-item\">\r\n\t\t\t\t\t<div class=\"faq-item-question\">\r\n\t\t\t\t\t\t<h3 class=\"faq-item-question-text\">Como posso adicionar as informa\u00e7\u00f5es do meu neg\u00f3cio ao plugin de chatbot de IA?<\/h3>\r\n\r\n\t\t\t\t\t\t<div class=\"faq-item-question-icon\"><\/div>\r\n\t\t\t\t\t<\/div>\r\n\r\n\t\t\t\t\t<div class=\"faq-item-answer\">\r\n\t\t\t\t\t\t<div class=\"faq-item-answer-text\"><p>Para adicionar seus dados, acesse a se\u00e7\u00e3o &#8220;Treinamento&#8221; e escolha um dos formatos dispon\u00edveis: arquivos de documentos, pares espec\u00edficos de perguntas e respostas ou blocos de texto simples.<\/p> <\/div>\r\n\t\t\t\t\t<\/div>\r\n\t\t\t\t<\/div> <div class=\"faq-item\">\r\n\t\t\t\t\t<div class=\"faq-item-question\">\r\n\t\t\t\t\t\t<h3 class=\"faq-item-question-text\">Como criar respostas r\u00e1pidas para o chatbot de IA?<\/h3>\r\n\r\n\t\t\t\t\t\t<div class=\"faq-item-question-icon\"><\/div>\r\n\t\t\t\t\t<\/div>\r\n\r\n\t\t\t\t\t<div class=\"faq-item-answer\">\r\n\t\t\t\t\t\t<div class=\"faq-item-answer-text\"><p>Voc\u00ea pode adicion\u00e1-las diretamente no configurador do chatbot de IA no menu &#8220;Sauda\u00e7\u00e3o&#8221;. Voc\u00ea encontrar\u00e1 o campo onde pode inserir uma frase interessante para iniciar uma conversa ou uma pergunta comum.<\/p> <\/div>\r\n\t\t\t\t\t<\/div>\r\n\t\t\t\t<\/div> <div class=\"faq-item\">\r\n\t\t\t\t\t<div class=\"faq-item-question\">\r\n\t\t\t\t\t\t<h3 class=\"faq-item-question-text\">O que torna o plugin de chatbot de IA da Elfsight o melhor para o meu site WordPress?<\/h3>\r\n\r\n\t\t\t\t\t\t<div class=\"faq-item-question-icon\"><\/div>\r\n\t\t\t\t\t<\/div>\r\n\r\n\t\t\t\t\t<div class=\"faq-item-answer\">\r\n\t\t\t\t\t\t<div class=\"faq-item-answer-text\"> <p>O plugin de chatbot de IA \u00e9 uma solu\u00e7\u00e3o de chat sem codifica\u00e7\u00e3o, alimentada pelo modelo de IA mais avan\u00e7ado, pronto para ser treinado com dados da sua organiza\u00e7\u00e3o. Com uma interface f\u00e1cil de usar e v\u00e1rias op\u00e7\u00f5es de personaliza\u00e7\u00e3o, voc\u00ea pode oferecer servi\u00e7o ao cliente 24\/7 com uma experi\u00eancia personalizada e sempre ficar informado com relat\u00f3rios constantes. Veja por si mesmo como \u00e9 f\u00e1cil e r\u00e1pido com Elfsight!<\/p> <\/div>\r\n\t\t\t\t\t<\/div>\r\n\t\t\t\t<\/div><\/div><\/div> ","protected":false},"excerpt":{"rendered":"","protected":false},"author":9,"featured_media":0,"parent":13498,"menu_order":0,"comment_status":"closed","ping_status":"closed","template":"templates\/template-application-platform.php","meta":{"publish_to_discourse":"","publish_post_category":"","wpdc_auto_publish_overridden":"","wpdc_topic_tags":"","wpdc_pin_topic":"","wpdc_pin_until":"","discourse_post_id":"","discourse_permalink":"","wpdc_publishing_response":"","wpdc_publishing_error":"","footnotes":""},"class_list":["post-13556","page","type-page","status-publish","hentry"],"yoast_head":"<!-- This site is optimized with the Yoast SEO plugin v25.3.1 - https:\/\/yoast.com\/wordpress\/plugins\/seo\/ -->\n<title>Plugin WordPress AI Chatbot \u2013 Adicione o Chatbot de IA ao WordPress [GR\u00c1TIS]<\/title>\n<meta name=\"description\" content=\"Adicione o melhor plugin de Chatbot de IA ao seu site WordPress sem codifica\u00e7\u00e3o. Otimize a assist\u00eancia ao cliente com uma inser\u00e7\u00e3o r\u00e1pida!\" \/>\n<meta name=\"robots\" content=\"index, follow, max-snippet:-1, max-image-preview:large, max-video-preview:-1\" \/>\n<link rel=\"canonical\" href=\"https:\/\/elfsight.com\/pt\/ai-chatbot-widget\/wordpress\/\" \/>\n<meta property=\"og:locale\" content=\"pt_PT\" \/>\n<meta property=\"og:type\" content=\"article\" \/>\n<meta property=\"og:title\" content=\"Plugin WordPress AI Chatbot \u2013 Adicione o Chatbot de IA ao WordPress [GR\u00c1TIS]\" \/>\n<meta property=\"og:description\" content=\"Adicione o melhor plugin de Chatbot de IA ao seu site WordPress sem codifica\u00e7\u00e3o. Otimize a assist\u00eancia ao cliente com uma inser\u00e7\u00e3o r\u00e1pida!\" \/>\n<meta property=\"og:url\" content=\"https:\/\/elfsight.com\/pt\/ai-chatbot-widget\/wordpress\/\" \/>\n<meta property=\"og:site_name\" content=\"Elfsight PT\" \/>\n<meta property=\"article:modified_time\" content=\"2025-04-14T17:54:09+00:00\" \/>\n<meta name=\"twitter:card\" content=\"summary_large_image\" \/>\n<meta name=\"twitter:label1\" content=\"Tempo estimado de leitura\" \/>\n\t<meta name=\"twitter:data1\" content=\"4 minutos\" \/>\n<!-- \/ Yoast SEO plugin. -->","yoast_head_json":{"title":"Plugin WordPress AI Chatbot \u2013 Adicione o Chatbot de IA ao WordPress [GR\u00c1TIS]","description":"Adicione o melhor plugin de Chatbot de IA ao seu site WordPress sem codifica\u00e7\u00e3o. Otimize a assist\u00eancia ao cliente com uma inser\u00e7\u00e3o r\u00e1pida!","robots":{"index":"index","follow":"follow","max-snippet":"max-snippet:-1","max-image-preview":"max-image-preview:large","max-video-preview":"max-video-preview:-1"},"canonical":"https:\/\/elfsight.com\/pt\/ai-chatbot-widget\/wordpress\/","og_locale":"pt_PT","og_type":"article","og_title":"Plugin WordPress AI Chatbot \u2013 Adicione o Chatbot de IA ao WordPress [GR\u00c1TIS]","og_description":"Adicione o melhor plugin de Chatbot de IA ao seu site WordPress sem codifica\u00e7\u00e3o. Otimize a assist\u00eancia ao cliente com uma inser\u00e7\u00e3o r\u00e1pida!","og_url":"https:\/\/elfsight.com\/pt\/ai-chatbot-widget\/wordpress\/","og_site_name":"Elfsight PT","article_modified_time":"2025-04-14T17:54:09+00:00","twitter_card":"summary_large_image","twitter_misc":{"Tempo estimado de leitura":"4 minutos"},"schema":{"@context":"https:\/\/schema.org","@graph":[{"@type":"WebPage","@id":"https:\/\/elfsight.com\/pt\/ai-chatbot-widget\/wordpress\/","url":"https:\/\/elfsight.com\/pt\/ai-chatbot-widget\/wordpress\/","name":"Plugin WordPress AI Chatbot \u2013 Adicione o Chatbot de IA ao WordPress [GR\u00c1TIS]","isPartOf":{"@id":"https:\/\/elfsight.com\/pt\/#website"},"datePublished":"2024-12-28T06:57:00+00:00","dateModified":"2025-04-14T17:54:09+00:00","description":"Adicione o melhor plugin de Chatbot de IA ao seu site WordPress sem codifica\u00e7\u00e3o. Otimize a assist\u00eancia ao cliente com uma inser\u00e7\u00e3o r\u00e1pida!","breadcrumb":{"@id":"https:\/\/elfsight.com\/pt\/ai-chatbot-widget\/wordpress\/#breadcrumb"},"inLanguage":"pt-PT","potentialAction":[{"@type":"ReadAction","target":["https:\/\/elfsight.com\/pt\/ai-chatbot-widget\/wordpress\/"]}]},{"@type":"BreadcrumbList","@id":"https:\/\/elfsight.com\/pt\/ai-chatbot-widget\/wordpress\/#breadcrumb","itemListElement":[{"@type":"ListItem","position":1,"name":"Home","item":"https:\/\/elfsight.com\/pt\/"},{"@type":"ListItem","position":2,"name":"AI Chatbot &#8211; WordPress"}]},{"@type":"WebSite","@id":"https:\/\/elfsight.com\/pt\/#website","url":"https:\/\/elfsight.com\/pt\/","name":"Elfsight PT","description":"Just another Elfsight Sites site","potentialAction":[{"@type":"SearchAction","target":{"@type":"EntryPoint","urlTemplate":"https:\/\/elfsight.com\/pt\/?s={search_term_string}"},"query-input":{"@type":"PropertyValueSpecification","valueRequired":true,"valueName":"search_term_string"}}],"inLanguage":"pt-PT"}]}},"meta_box":{"industry":"","seo_heading":"","heading":"","description":"","cta_heading":"","cta_description":"","application":"13494","h1":"Adicionar Chatbot de IA ao site WordPress","h1_caption":"Crie o melhor chatbot de IA, treinado especificamente com os dados do seu neg\u00f3cio para automatizar o suporte ao cliente, capturar leads e fornecer respostas instant\u00e2neas e precisas no site WordPress\u201424\/7.","application_category":[],"applications_title":"","applications_request_title":"","applications_request_button_text":"","hero_text":"","hero_video":"","hero_video_schema_markup":"","selling_points_title":"","selling_points_caption":"","selling_points":[],"selling_points_cta_text":"","features_title":"","features":"","ed_cta_examples_text":"","ed_cta_examples_hidden":"","ed_cta_demo_text":"","ed_cta_demo_hidden":"","why_caption":"","why_editor_title":"","why_editor_text":"","why_team_title":"","why_team_text":"","why_service_title":"","why_service_text":"","template_catalog_visible":"","template_catalog_title":"","template_catalog_text":"","template_catalog_categories_visible":"","demo_title":"Crie seu plugin de Chatbot de IA","demo_caption":"Configure o Chatbot de IA e adicione-o ao seu site WordPress gratuitamente!","default_faq_hidden":"","app_template_category":[],"platform":"34","template_public_id":"","codecanyon_url":"","codecanyon_item_id":"","codecanyon_price":"","pricing_caption":"","pricing_elfsight_apps_hide_column":"","pricing_elfsight_apps_url":"","pricing_codecanyon_price_caption":"","integration_category":[],"integration_request_title":"","integration_request_cta":"","integration_platform":"","integrations":[],"platform_category":[],"video_schema_markup":"","price":"a partir de $0 \/ m\u00eas","trial":"","benefits":[{"text":"Assist\u00eancia de instala\u00e7\u00e3o sem custo"},{"text":"Suporte excepcional"},{"text":"Garantia de reembolso de 14 dias"},{"text":"Atualiza\u00e7\u00f5es gratuitas cont\u00ednuas"},{"text":""}],"button_url":"#demo","button_target_blank":"","button_nofollow":"","attributes":[{"name":"Instala\u00e7\u00f5es","content":"50,000 - 100,000"},{"name":"Responsivo","content":"Sim"},{"name":"Browsers Compat\u00edveis","content":"Firefox, Safari, Opera, Chrome, Edge"}],"tags":[],"tags_disable_links":"","hide_more_platforms":"","video_object":"","demo_hide_cta":"","demo_hide_cloud_options":"","pricing_title":"","pricing":[{"pricing_icon":"platform","pricing_title":"Elfsight Apps","pricing_title_caption":"Solu\u00e7\u00e3o multiplataforma que funciona em qualquer site","pricing_price":"a partir de $0 \/ m\u00eas","pricing_price_caption":"Comece com um plano gratuito","pricing_benefits":[{"text":"Sites ilimitados"},{"text":"Suporte gratuito da empresa"},{"text":"Assist\u00eancia de instala\u00e7\u00e3o gratuita"},{"text":"Design flex\u00edvel"}],"pricing_button_text":"Adicionar ao site","pricing_button_url":"#demo"}],"related_apps_title":"","related_apps_hidden":"","author":"","image":[],"title":"","job":"","social_networks":[]},"_links":{"self":[{"href":"https:\/\/elfsight.com\/pt\/wp-json\/wp\/v2\/pages\/13556","targetHints":{"allow":["GET"]}}],"collection":[{"href":"https:\/\/elfsight.com\/pt\/wp-json\/wp\/v2\/pages"}],"about":[{"href":"https:\/\/elfsight.com\/pt\/wp-json\/wp\/v2\/types\/page"}],"author":[{"embeddable":true,"href":"https:\/\/elfsight.com\/pt\/wp-json\/wp\/v2\/users\/9"}],"replies":[{"embeddable":true,"href":"https:\/\/elfsight.com\/pt\/wp-json\/wp\/v2\/comments?post=13556"}],"version-history":[{"count":1,"href":"https:\/\/elfsight.com\/pt\/wp-json\/wp\/v2\/pages\/13556\/revisions"}],"predecessor-version":[{"id":13560,"href":"https:\/\/elfsight.com\/pt\/wp-json\/wp\/v2\/pages\/13556\/revisions\/13560"}],"up":[{"embeddable":true,"href":"https:\/\/elfsight.com\/pt\/wp-json\/wp\/v2\/pages\/13498"}],"wp:attachment":[{"href":"https:\/\/elfsight.com\/pt\/wp-json\/wp\/v2\/media?parent=13556"}],"curies":[{"name":"wp","href":"https:\/\/api.w.org\/{rel}","templated":true}]}}