{"id":13550,"date":"2024-12-28T07:48:51","date_gmt":"2024-12-28T07:48:51","guid":{"rendered":"https:\/\/elfsight.com\/pt\/?page_id=13550"},"modified":"2025-04-14T17:54:02","modified_gmt":"2025-04-14T17:54:02","slug":"elementor","status":"publish","type":"page","link":"https:\/\/elfsight.com\/pt\/ai-chatbot-widget\/elementor\/","title":{"rendered":"AI Chatbot &#8211; Elementor"},"content":{"rendered":"<div class=\"application-platform-content-item-description application-platform-content-item\" id=\"description\" data-nav-section=\"description\"><h2>Incorporar chatbot de IA no Elementor com o widget Elfsight!<\/h2> <p>Crie um chatbot de IA avan\u00e7ado para o seu site no Elementor, treinado especificamente com sua base de conhecimento, arquivos de suporte ou perguntas frequentes de clientes. Permita que ele aprenda e se adapte, oferecendo mensagens personalizadas para melhorar o engajamento dos usu\u00e1rios todos os dias.<\/p> <p>Agilize tarefas de atendimento ao cliente, reduza os tempos de resposta e capture leads de forma eficiente, sem interven\u00e7\u00e3o manual. Ofere\u00e7a assist\u00eancia ininterrupta, garantindo que os clientes recebam as informa\u00e7\u00f5es que desejam\u2014sempre e em qualquer lugar!<\/p> <p><b>Adicione um assistente de IA para fornecer respostas r\u00e1pidas, resolver dilemas e aumentar suas vendas!<\/b><\/p> <\/div><div class=\"application-platform-content-item-features application-platform-content-item\" id=\"features\" data-nav-section=\"features\"> <h2>Os recursos essenciais do widget incluem:<\/h2> <ul><li><b>Automatize sua comunica\u00e7\u00e3o com o cliente.<\/b> Agilize respostas, forne\u00e7a suporte 24\/7 e aumente a efici\u00eancia com m\u00ednima configura\u00e7\u00e3o\u2014gerencie chats e usu\u00e1rios ilimitados sem esfor\u00e7o!<\/li><li><b>Ofere\u00e7a uma experi\u00eancia personalizada.<\/b> Ajude cada cliente a se sentir especial e crie a melhor experi\u00eancia por meio de respostas personalizadas, chamando-os pelo nome, acompanhando o hist\u00f3rico de chats e fazendo comunica\u00e7\u00f5es de acompanhamento.<\/li><li><b>Treine o chatbot com dados do seu neg\u00f3cio.<\/b> Prepare o chatbot de IA com seus conhecimentos espec\u00edficos, enviando materiais, incorporando conjuntos de perguntas e respostas, e utilizando o conte\u00fado do seu site para o gerador de instru\u00e7\u00f5es, garantindo respostas corretas e aplic\u00e1veis, adaptadas ao seu neg\u00f3cio.<\/li><li><b>Obtenha insights dos clientes no seu e-mail.<\/b> Mantenha-se atualizado e colete insights importantes recebendo transcri\u00e7\u00f5es completas dos chats enviadas para sua caixa de entrada, com detalhes de contato chave para gera\u00e7\u00e3o de leads e otimiza\u00e7\u00e3o do servi\u00e7o.<\/li><li><b>Descubra uma vasta gama de templates.<\/b> Configure rapidamente seu chatbot de IA com nossa biblioteca de templates prontos. Eles atendem a diferentes ind\u00fastrias e funcionalidades, cada um com conjuntos de instru\u00e7\u00f5es especializados para resultados imediatos.<\/li><\/ul><p><a href=\"#demo\">Voc\u00ea pode conferir todas as funcionalidades do widget no configurador desta p\u00e1gina<\/a><\/p> <\/div> <div class=\"application-platform-content-item-installation application-platform-content-item\" id=\"installation\" data-nav-section=\"installation\"> <h2>Como adicionar o widget de chatbot de IA ao Elementor?<\/h2> <p>Para adicionar o chatbot de IA ao seu site Elementor, siga os passos abaixo:<\/p> <ol><li><b>Personalize o widget.<\/b><br> Comece selecionando um dos templates prontos. Depois, sinta-se \u00e0 vontade para treinar seu chatbot, configurar os recursos e alterar sua apar\u00eancia conforme as necessidades do seu neg\u00f3cio.<\/li><li><b>Obtenha o c\u00f3digo de incorpora\u00e7\u00e3o.<\/b><br> Salve as personaliza\u00e7\u00f5es e copie o c\u00f3digo de instala\u00e7\u00e3o gerado.<\/li><li><b>Adicione o c\u00f3digo no editor do seu site.<\/b><br> Acesse a \u00e1rea de administra\u00e7\u00e3o do seu site, cole o shortcode onde necess\u00e1rio e atualize a p\u00e1gina. Pronto!<\/li> <\/ol><p>Se voc\u00ea encontrar dificuldades, n\u00e3o hesite em procurar nossa equipe de suporte. Nossos especialistas ficar\u00e3o felizes em ajudar com todas as d\u00favidas que voc\u00ea possa ter sobre o widget.<\/p> <div class=\"faq\" data-component=\"FAQ\"><div class=\"faq-item\">\r\n\t\t\t\t\t<div class=\"faq-item-question\">\r\n\t\t\t\t\t\t<h3 class=\"faq-item-question-text\">Como posso adicionar as informa\u00e7\u00f5es do meu neg\u00f3cio ao widget de chatbot de IA?<\/h3>\r\n\r\n\t\t\t\t\t\t<div class=\"faq-item-question-icon\"><\/div>\r\n\t\t\t\t\t<\/div>\r\n\r\n\t\t\t\t\t<div class=\"faq-item-answer\">\r\n\t\t\t\t\t\t<div class=\"faq-item-answer-text\"><p>Para carregar seus dados, acesse a aba &#8220;Treinamento&#8221; e escolha um dos formatos existentes: arquivos de documentos, conjuntos espec\u00edficos de perguntas e respostas ou blocos de texto b\u00e1sicos.<\/p> <\/div>\r\n\t\t\t\t\t<\/div>\r\n\t\t\t\t<\/div> <div class=\"faq-item\">\r\n\t\t\t\t\t<div class=\"faq-item-question\">\r\n\t\t\t\t\t\t<h3 class=\"faq-item-question-text\">Como criar respostas r\u00e1pidas para o chatbot de IA?<\/h3>\r\n\r\n\t\t\t\t\t\t<div class=\"faq-item-question-icon\"><\/div>\r\n\t\t\t\t\t<\/div>\r\n\r\n\t\t\t\t\t<div class=\"faq-item-answer\">\r\n\t\t\t\t\t\t<div class=\"faq-item-answer-text\"><p>Voc\u00ea pode adicion\u00e1-las diretamente no configurador do chatbot de IA, acessando o menu &#8220;Sauda\u00e7\u00e3o&#8221;. L\u00e1 voc\u00ea encontrar\u00e1 o campo para inserir uma frase de abertura cativante ou uma pergunta frequente.<\/p> <\/div>\r\n\t\t\t\t\t<\/div>\r\n\t\t\t\t<\/div> <div class=\"faq-item\">\r\n\t\t\t\t\t<div class=\"faq-item-question\">\r\n\t\t\t\t\t\t<h3 class=\"faq-item-question-text\">O que torna o widget de chatbot de IA da Elfsight o melhor para o meu site Elementor?<\/h3>\r\n\r\n\t\t\t\t\t\t<div class=\"faq-item-question-icon\"><\/div>\r\n\t\t\t\t\t<\/div>\r\n\r\n\t\t\t\t\t<div class=\"faq-item-answer\">\r\n\t\t\t\t\t\t<div class=\"faq-item-answer-text\"> <p>O widget de chatbot de IA \u00e9 uma solu\u00e7\u00e3o de chat sem codifica\u00e7\u00e3o, alimentada pela tecnologia de IA mais avan\u00e7ada, pronta para ser treinada com os insights do seu neg\u00f3cio. Com uma interface f\u00e1cil de usar e v\u00e1rias op\u00e7\u00f5es de personaliza\u00e7\u00e3o, voc\u00ea pode oferecer assist\u00eancia ao cliente 24\/7 com uma experi\u00eancia personalizada e sempre estar informado com relat\u00f3rios cont\u00ednuos. Veja por si mesmo como \u00e9 simples e r\u00e1pido com Elfsight!<\/p> <\/div>\r\n\t\t\t\t\t<\/div>\r\n\t\t\t\t<\/div><\/div><\/div> ","protected":false},"excerpt":{"rendered":"","protected":false},"author":9,"featured_media":0,"parent":13498,"menu_order":0,"comment_status":"closed","ping_status":"closed","template":"templates\/template-application-platform.php","meta":{"publish_to_discourse":"","publish_post_category":"","wpdc_auto_publish_overridden":"","wpdc_topic_tags":"","wpdc_pin_topic":"","wpdc_pin_until":"","discourse_post_id":"","discourse_permalink":"","wpdc_publishing_response":"","wpdc_publishing_error":"","footnotes":""},"class_list":["post-13550","page","type-page","status-publish","hentry"],"yoast_head":"<!-- This site is optimized with the Yoast SEO plugin v25.3.1 - https:\/\/yoast.com\/wordpress\/plugins\/seo\/ -->\n<title>Widget Elementor AI Chatbot \u2013 Adicione o Chatbot de IA ao Elementor [GR\u00c1TIS]<\/title>\n<meta name=\"description\" content=\"Adicione o melhor widget de Chatbot de IA ao seu site Elementor sem codifica\u00e7\u00e3o. Otimize a assist\u00eancia ao cliente com uma inser\u00e7\u00e3o f\u00e1cil!\" \/>\n<meta name=\"robots\" content=\"index, follow, max-snippet:-1, max-image-preview:large, max-video-preview:-1\" \/>\n<link rel=\"canonical\" href=\"https:\/\/elfsight.com\/pt\/ai-chatbot-widget\/elementor\/\" \/>\n<meta property=\"og:locale\" content=\"pt_PT\" \/>\n<meta property=\"og:type\" content=\"article\" \/>\n<meta property=\"og:title\" content=\"Widget Elementor AI Chatbot \u2013 Adicione o Chatbot de IA ao Elementor [GR\u00c1TIS]\" \/>\n<meta property=\"og:description\" content=\"Adicione o melhor widget de Chatbot de IA ao seu site Elementor sem codifica\u00e7\u00e3o. Otimize a assist\u00eancia ao cliente com uma inser\u00e7\u00e3o f\u00e1cil!\" \/>\n<meta property=\"og:url\" content=\"https:\/\/elfsight.com\/pt\/ai-chatbot-widget\/elementor\/\" \/>\n<meta property=\"og:site_name\" content=\"Elfsight PT\" \/>\n<meta property=\"article:modified_time\" content=\"2025-04-14T17:54:02+00:00\" \/>\n<meta name=\"twitter:card\" content=\"summary_large_image\" \/>\n<meta name=\"twitter:label1\" content=\"Tempo estimado de leitura\" \/>\n\t<meta name=\"twitter:data1\" content=\"4 minutos\" \/>\n<!-- \/ Yoast SEO plugin. -->","yoast_head_json":{"title":"Widget Elementor AI Chatbot \u2013 Adicione o Chatbot de IA ao Elementor [GR\u00c1TIS]","description":"Adicione o melhor widget de Chatbot de IA ao seu site Elementor sem codifica\u00e7\u00e3o. Otimize a assist\u00eancia ao cliente com uma inser\u00e7\u00e3o f\u00e1cil!","robots":{"index":"index","follow":"follow","max-snippet":"max-snippet:-1","max-image-preview":"max-image-preview:large","max-video-preview":"max-video-preview:-1"},"canonical":"https:\/\/elfsight.com\/pt\/ai-chatbot-widget\/elementor\/","og_locale":"pt_PT","og_type":"article","og_title":"Widget Elementor AI Chatbot \u2013 Adicione o Chatbot de IA ao Elementor [GR\u00c1TIS]","og_description":"Adicione o melhor widget de Chatbot de IA ao seu site Elementor sem codifica\u00e7\u00e3o. Otimize a assist\u00eancia ao cliente com uma inser\u00e7\u00e3o f\u00e1cil!","og_url":"https:\/\/elfsight.com\/pt\/ai-chatbot-widget\/elementor\/","og_site_name":"Elfsight PT","article_modified_time":"2025-04-14T17:54:02+00:00","twitter_card":"summary_large_image","twitter_misc":{"Tempo estimado de leitura":"4 minutos"},"schema":{"@context":"https:\/\/schema.org","@graph":[{"@type":"WebPage","@id":"https:\/\/elfsight.com\/pt\/ai-chatbot-widget\/elementor\/","url":"https:\/\/elfsight.com\/pt\/ai-chatbot-widget\/elementor\/","name":"Widget Elementor AI Chatbot \u2013 Adicione o Chatbot de IA ao Elementor [GR\u00c1TIS]","isPartOf":{"@id":"https:\/\/elfsight.com\/pt\/#website"},"datePublished":"2024-12-28T07:48:51+00:00","dateModified":"2025-04-14T17:54:02+00:00","description":"Adicione o melhor widget de Chatbot de IA ao seu site Elementor sem codifica\u00e7\u00e3o. Otimize a assist\u00eancia ao cliente com uma inser\u00e7\u00e3o f\u00e1cil!","breadcrumb":{"@id":"https:\/\/elfsight.com\/pt\/ai-chatbot-widget\/elementor\/#breadcrumb"},"inLanguage":"pt-PT","potentialAction":[{"@type":"ReadAction","target":["https:\/\/elfsight.com\/pt\/ai-chatbot-widget\/elementor\/"]}]},{"@type":"BreadcrumbList","@id":"https:\/\/elfsight.com\/pt\/ai-chatbot-widget\/elementor\/#breadcrumb","itemListElement":[{"@type":"ListItem","position":1,"name":"Home","item":"https:\/\/elfsight.com\/pt\/"},{"@type":"ListItem","position":2,"name":"AI Chatbot &#8211; Elementor"}]},{"@type":"WebSite","@id":"https:\/\/elfsight.com\/pt\/#website","url":"https:\/\/elfsight.com\/pt\/","name":"Elfsight PT","description":"Just another Elfsight Sites site","potentialAction":[{"@type":"SearchAction","target":{"@type":"EntryPoint","urlTemplate":"https:\/\/elfsight.com\/pt\/?s={search_term_string}"},"query-input":{"@type":"PropertyValueSpecification","valueRequired":true,"valueName":"search_term_string"}}],"inLanguage":"pt-PT"}]}},"meta_box":{"industry":"","seo_heading":"","heading":"","description":"","cta_heading":"","cta_description":"","application":"13494","h1":"Adicionar Chatbot de IA ao site Elementor","h1_caption":"Crie o melhor chatbot de IA, treinado especificamente com os dados do seu neg\u00f3cio para automatizar o suporte ao cliente, capturar leads e fornecer respostas instant\u00e2neas e precisas no site Elementor\u201424\/7.","application_category":[],"applications_title":"","applications_request_title":"","applications_request_button_text":"","hero_text":"","hero_video":"","hero_video_schema_markup":"","selling_points_title":"","selling_points_caption":"","selling_points":[],"selling_points_cta_text":"","features_title":"","features":"","ed_cta_examples_text":"","ed_cta_examples_hidden":"","ed_cta_demo_text":"","ed_cta_demo_hidden":"","why_caption":"","why_editor_title":"","why_editor_text":"","why_team_title":"","why_team_text":"","why_service_title":"","why_service_text":"","template_catalog_visible":"","template_catalog_title":"","template_catalog_text":"","template_catalog_categories_visible":"","demo_title":"Crie seu widget de Chatbot de IA","demo_caption":"Configure o Chatbot de IA e adicione-o ao seu site Elementor gratuitamente!","default_faq_hidden":"","app_template_category":[],"platform":"100","template_public_id":"","codecanyon_url":"","codecanyon_item_id":"","codecanyon_price":"","pricing_caption":"","pricing_elfsight_apps_hide_column":"","pricing_elfsight_apps_url":"","pricing_codecanyon_price_caption":"","integration_category":[],"integration_request_title":"","integration_request_cta":"","integration_platform":"","integrations":[],"platform_category":[],"video_schema_markup":"","price":"a partir de $0 \/ m\u00eas","trial":"","benefits":[{"text":"Ajuda de instala\u00e7\u00e3o gratuita"},{"text":"Suporte experiente ao cliente"},{"text":"Garantia de reembolso de 14 dias"},{"text":"Atualiza\u00e7\u00f5es constantes"},{"text":""}],"button_url":"#demo","button_target_blank":"","button_nofollow":"","attributes":[{"name":"Instala\u00e7\u00f5es","content":"50,000 - 100,000"},{"name":"Responsivo","content":"Sim"},{"name":"Browsers Compat\u00edveis","content":"Firefox, Safari, Opera, Chrome, Edge"}],"tags":[],"tags_disable_links":"","hide_more_platforms":"","video_object":"","demo_hide_cta":"","demo_hide_cloud_options":"","pricing_title":"","pricing":[{"pricing_icon":"platform","pricing_title":"Elfsight Apps","pricing_title_caption":"Solu\u00e7\u00e3o digital multiplataforma que atende a qualquer site","pricing_price":"a partir de $0 \/ m\u00eas","pricing_price_caption":"Comece com um plano gratuito","pricing_benefits":[{"text":"Sites ilimitados"},{"text":"Suporte premium ao cliente"},{"text":"Suporte de instala\u00e7\u00e3o sem custo"},{"text":"100% personaliz\u00e1vel"}],"pricing_button_text":"Adicionar ao site","pricing_button_url":"#demo"}],"related_apps_title":"","related_apps_hidden":"","author":"","image":[],"title":"","job":"","social_networks":[]},"_links":{"self":[{"href":"https:\/\/elfsight.com\/pt\/wp-json\/wp\/v2\/pages\/13550","targetHints":{"allow":["GET"]}}],"collection":[{"href":"https:\/\/elfsight.com\/pt\/wp-json\/wp\/v2\/pages"}],"about":[{"href":"https:\/\/elfsight.com\/pt\/wp-json\/wp\/v2\/types\/page"}],"author":[{"embeddable":true,"href":"https:\/\/elfsight.com\/pt\/wp-json\/wp\/v2\/users\/9"}],"replies":[{"embeddable":true,"href":"https:\/\/elfsight.com\/pt\/wp-json\/wp\/v2\/comments?post=13550"}],"version-history":[{"count":1,"href":"https:\/\/elfsight.com\/pt\/wp-json\/wp\/v2\/pages\/13550\/revisions"}],"predecessor-version":[{"id":13554,"href":"https:\/\/elfsight.com\/pt\/wp-json\/wp\/v2\/pages\/13550\/revisions\/13554"}],"up":[{"embeddable":true,"href":"https:\/\/elfsight.com\/pt\/wp-json\/wp\/v2\/pages\/13498"}],"wp:attachment":[{"href":"https:\/\/elfsight.com\/pt\/wp-json\/wp\/v2\/media?parent=13550"}],"curies":[{"name":"wp","href":"https:\/\/api.w.org\/{rel}","templated":true}]}}