{"id":13549,"date":"2024-12-28T08:02:33","date_gmt":"2024-12-28T08:02:33","guid":{"rendered":"https:\/\/elfsight.com\/pt\/?page_id=13549"},"modified":"2025-04-14T17:54:02","modified_gmt":"2025-04-14T17:54:02","slug":"google-sites","status":"publish","type":"page","link":"https:\/\/elfsight.com\/pt\/ai-chatbot-widget\/google-sites\/","title":{"rendered":"AI Chatbot &#8211; Google Sites"},"content":{"rendered":"<div class=\"application-platform-content-item-description application-platform-content-item\" id=\"description\" data-nav-section=\"description\"><h2>Incorporar Chatbot AI no Google Sites com o plugin Elfsight!<\/h2> <p>Crie um chatbot AI de primeira linha para o seu site Google Sites, especificamente treinado na sua base de conhecimento, recursos de suporte ou perguntas frequentes. Capacite-o a aprender e se adaptar, oferecendo mensagens personalizadas para servir melhor seus usu\u00e1rios todos os dias.<\/p> <p>Automatize facilmente tarefas de atendimento ao cliente, reduza os tempos de resposta e capture leads de forma eficaz sem interven\u00e7\u00e3o manual. Ofere\u00e7a assist\u00eancia cont\u00ednua, garantindo que os clientes obtenham as informa\u00e7\u00f5es de que precisam\u2014sempre que e onde precisarem!<\/p> <p><b>Adicione um assistente AI para responder perguntas, resolver dilemas e aumentar suas vendas!<\/b><\/p> <\/div><div class=\"application-platform-content-item-features application-platform-content-item\" id=\"features\" data-nav-section=\"features\"> <h2>Esses s\u00e3o apenas alguns dos m\u00faltiplos recursos do plugin:<\/h2> <ul><li><b>Automatize suas intera\u00e7\u00f5es com os clientes.<\/b> Simplifique respostas, ofere\u00e7a disponibilidade 24 horas por dia, 7 dias por semana, e aumente a efici\u00eancia com configura\u00e7\u00e3o m\u00ednima\u2014gerencie chats e usu\u00e1rios ilimitados sem esfor\u00e7o!<\/li><li><b>Ofere\u00e7a uma experi\u00eancia personalizada.<\/b> Fa\u00e7a com que cada cliente se sinta importante e crie a melhor experi\u00eancia por meio de respostas personalizadas, sauda\u00e7\u00f5es, acompanhando conversas anteriores e comunica\u00e7\u00f5es de acompanhamento.<\/li><li><b>Treine o chatbot com informa\u00e7\u00f5es corporativas.<\/b> Potencialize o chatbot AI com sua experi\u00eancia espec\u00edfica fazendo upload de documentos, criando pares de perguntas e respostas e utilizando as informa\u00e7\u00f5es do seu site para o gerador de instru\u00e7\u00f5es, garantindo respostas precisas e aplic\u00e1veis ao seu neg\u00f3cio.<\/li><li><b>Obtenha insights dos clientes no seu e-mail.<\/b> Fique informado e colete insights essenciais ao receber transcri\u00e7\u00f5es completas dos chats diretamente na sua caixa de entrada, incluindo detalhes cruciais de contato para gera\u00e7\u00e3o de leads e otimiza\u00e7\u00e3o de servi\u00e7os.<\/li><li><b>Descubra uma ampla gama de templates.<\/b> Lan\u00e7e seu chatbot AI rapidamente com nossa cole\u00e7\u00e3o de templates prontos para uso. Eles atendem a v\u00e1rios setores e fun\u00e7\u00f5es, cada um com conjuntos de instru\u00e7\u00f5es personalizados para resultados imediatos.<\/li><\/ul><p><a href=\"#demo\">Experimente este configurador para ver como funciona<\/a><\/p> <\/div> <div class=\"application-platform-content-item-installation application-platform-content-item\" id=\"installation\" data-nav-section=\"installation\"> <h2>Como adicionar o plugin Chatbot AI ao Google Sites?<\/h2> <p>Se voc\u00ea deseja adicionar o Chatbot AI ao seu site Google Sites, fa\u00e7a o seguinte:<\/p> <ol><li><b>Personalize o plugin.<\/b><br> Comece escolhendo um dos templates prontos. Depois, fique \u00e0 vontade para treinar seu chatbot, configurar os recursos e alterar seu design com base nos objetivos do seu neg\u00f3cio.<\/li><li><b>Obtenha o c\u00f3digo de incorpora\u00e7\u00e3o.<\/b><br> Salve o trabalho conclu\u00eddo e copie o c\u00f3digo de incorpora\u00e7\u00e3o fornecido.<\/li><li><b>Adicione o c\u00f3digo ao editor do seu site.<\/b><br> Acesse a \u00e1rea administrativa do seu site, cole o c\u00f3digo onde necess\u00e1rio e atualize a p\u00e1gina. Pronto!<\/li> <\/ol><p>Em caso de dificuldades, sinta-se \u00e0 vontade para entrar em contato com nossa equipe de suporte. Nossos especialistas est\u00e3o prontos para ajudar com qualquer dificuldade que voc\u00ea possa ter com o plugin.<\/p><div class=\"faq\" data-component=\"FAQ\"><div class=\"faq-item\">\r\n\t\t\t\t\t<div class=\"faq-item-question\">\r\n\t\t\t\t\t\t<h3 class=\"faq-item-question-text\">Como posso adicionar as informa\u00e7\u00f5es da minha empresa ao plugin Chatbot AI?<\/h3>\r\n\r\n\t\t\t\t\t\t<div class=\"faq-item-question-icon\"><\/div>\r\n\t\t\t\t\t<\/div>\r\n\r\n\t\t\t\t\t<div class=\"faq-item-answer\">\r\n\t\t\t\t\t\t<div class=\"faq-item-answer-text\"><p>Para fazer o upload dos seus dados, acesse a aba &#8220;Treinamento&#8221; e escolha um dos formatos dispon\u00edveis: arquivos de documentos, conjuntos espec\u00edficos de perguntas e respostas ou blocos de texto simples.<\/p> <\/div>\r\n\t\t\t\t\t<\/div>\r\n\t\t\t\t<\/div> <div class=\"faq-item\">\r\n\t\t\t\t\t<div class=\"faq-item-question\">\r\n\t\t\t\t\t\t<h3 class=\"faq-item-question-text\">Como criar respostas r\u00e1pidas para o Chatbot AI?<\/h3>\r\n\r\n\t\t\t\t\t\t<div class=\"faq-item-question-icon\"><\/div>\r\n\t\t\t\t\t<\/div>\r\n\r\n\t\t\t\t\t<div class=\"faq-item-answer\">\r\n\t\t\t\t\t\t<div class=\"faq-item-answer-text\"><p>Voc\u00ea pode adicion\u00e1-las diretamente no configurador do Chatbot AI na aba &#8220;Sauda\u00e7\u00e3o&#8221;. Voc\u00ea encontrar\u00e1 o campo onde pode inserir um \u00f3timo iniciador de conversa ou uma pergunta popular.<\/p> <\/div>\r\n\t\t\t\t\t<\/div>\r\n\t\t\t\t<\/div> <div class=\"faq-item\">\r\n\t\t\t\t\t<div class=\"faq-item-question\">\r\n\t\t\t\t\t\t<h3 class=\"faq-item-question-text\">O que torna o plugin Chatbot AI Elfsight o melhor para o meu site Google Sites?<\/h3>\r\n\r\n\t\t\t\t\t\t<div class=\"faq-item-question-icon\"><\/div>\r\n\t\t\t\t\t<\/div>\r\n\r\n\t\t\t\t\t<div class=\"faq-item-answer\">\r\n\t\t\t\t\t\t<div class=\"faq-item-answer-text\"> <p>O plugin Chatbot AI \u00e9 uma solu\u00e7\u00e3o de chat sem c\u00f3digo, alimentada pela tecnologia AI mais avan\u00e7ada, pronta para ser treinada com as informa\u00e7\u00f5es da sua organiza\u00e7\u00e3o. Com uma interface intuitiva e v\u00e1rias op\u00e7\u00f5es de personaliza\u00e7\u00e3o, voc\u00ea pode garantir suporte ao cliente 24\/7 com uma experi\u00eancia personalizada e sempre ficar informado com relat\u00f3rios cont\u00ednuos. Descubra por si mesmo como simples e r\u00e1pido pode ser com o Elfsight!<\/p> <\/div>\r\n\t\t\t\t\t<\/div>\r\n\t\t\t\t<\/div><\/div> <\/div> ","protected":false},"excerpt":{"rendered":"","protected":false},"author":9,"featured_media":0,"parent":13498,"menu_order":0,"comment_status":"closed","ping_status":"closed","template":"templates\/template-application-platform.php","meta":{"publish_to_discourse":"","publish_post_category":"","wpdc_auto_publish_overridden":"","wpdc_topic_tags":"","wpdc_pin_topic":"","wpdc_pin_until":"","discourse_post_id":"","discourse_permalink":"","wpdc_publishing_response":"","wpdc_publishing_error":"","footnotes":""},"class_list":["post-13549","page","type-page","status-publish","hentry"],"yoast_head":"<!-- This site is optimized with the Yoast SEO plugin v25.3.1 - https:\/\/yoast.com\/wordpress\/plugins\/seo\/ -->\n<title>Plugin Google Sites AI Chatbot \u2013 Adicione o Chatbot de IA ao Google Sites [GR\u00c1TIS]<\/title>\n<meta name=\"description\" content=\"Adicione o melhor plugin de Chatbot de IA ao seu site Google Sites sem codifica\u00e7\u00e3o. Automatize o suporte ao cliente com uma inser\u00e7\u00e3o r\u00e1pida!\" \/>\n<meta name=\"robots\" content=\"index, follow, max-snippet:-1, max-image-preview:large, max-video-preview:-1\" \/>\n<link rel=\"canonical\" href=\"https:\/\/elfsight.com\/pt\/ai-chatbot-widget\/google-sites\/\" \/>\n<meta property=\"og:locale\" content=\"pt_PT\" \/>\n<meta property=\"og:type\" content=\"article\" \/>\n<meta property=\"og:title\" content=\"Plugin Google Sites AI Chatbot \u2013 Adicione o Chatbot de IA ao Google Sites [GR\u00c1TIS]\" \/>\n<meta property=\"og:description\" content=\"Adicione o melhor plugin de Chatbot de IA ao seu site Google Sites sem codifica\u00e7\u00e3o. Automatize o suporte ao cliente com uma inser\u00e7\u00e3o r\u00e1pida!\" \/>\n<meta property=\"og:url\" content=\"https:\/\/elfsight.com\/pt\/ai-chatbot-widget\/google-sites\/\" \/>\n<meta property=\"og:site_name\" content=\"Elfsight PT\" \/>\n<meta property=\"article:modified_time\" content=\"2025-04-14T17:54:02+00:00\" \/>\n<meta name=\"twitter:card\" content=\"summary_large_image\" \/>\n<meta name=\"twitter:label1\" content=\"Tempo estimado de leitura\" \/>\n\t<meta name=\"twitter:data1\" content=\"3 minutos\" \/>\n<!-- \/ Yoast SEO plugin. -->","yoast_head_json":{"title":"Plugin Google Sites AI Chatbot \u2013 Adicione o Chatbot de IA ao Google Sites [GR\u00c1TIS]","description":"Adicione o melhor plugin de Chatbot de IA ao seu site Google Sites sem codifica\u00e7\u00e3o. Automatize o suporte ao cliente com uma inser\u00e7\u00e3o r\u00e1pida!","robots":{"index":"index","follow":"follow","max-snippet":"max-snippet:-1","max-image-preview":"max-image-preview:large","max-video-preview":"max-video-preview:-1"},"canonical":"https:\/\/elfsight.com\/pt\/ai-chatbot-widget\/google-sites\/","og_locale":"pt_PT","og_type":"article","og_title":"Plugin Google Sites AI Chatbot \u2013 Adicione o Chatbot de IA ao Google Sites [GR\u00c1TIS]","og_description":"Adicione o melhor plugin de Chatbot de IA ao seu site Google Sites sem codifica\u00e7\u00e3o. Automatize o suporte ao cliente com uma inser\u00e7\u00e3o r\u00e1pida!","og_url":"https:\/\/elfsight.com\/pt\/ai-chatbot-widget\/google-sites\/","og_site_name":"Elfsight PT","article_modified_time":"2025-04-14T17:54:02+00:00","twitter_card":"summary_large_image","twitter_misc":{"Tempo estimado de leitura":"3 minutos"},"schema":{"@context":"https:\/\/schema.org","@graph":[{"@type":"WebPage","@id":"https:\/\/elfsight.com\/pt\/ai-chatbot-widget\/google-sites\/","url":"https:\/\/elfsight.com\/pt\/ai-chatbot-widget\/google-sites\/","name":"Plugin Google Sites AI Chatbot \u2013 Adicione o Chatbot de IA ao Google Sites [GR\u00c1TIS]","isPartOf":{"@id":"https:\/\/elfsight.com\/pt\/#website"},"datePublished":"2024-12-28T08:02:33+00:00","dateModified":"2025-04-14T17:54:02+00:00","description":"Adicione o melhor plugin de Chatbot de IA ao seu site Google Sites sem codifica\u00e7\u00e3o. Automatize o suporte ao cliente com uma inser\u00e7\u00e3o r\u00e1pida!","breadcrumb":{"@id":"https:\/\/elfsight.com\/pt\/ai-chatbot-widget\/google-sites\/#breadcrumb"},"inLanguage":"pt-PT","potentialAction":[{"@type":"ReadAction","target":["https:\/\/elfsight.com\/pt\/ai-chatbot-widget\/google-sites\/"]}]},{"@type":"BreadcrumbList","@id":"https:\/\/elfsight.com\/pt\/ai-chatbot-widget\/google-sites\/#breadcrumb","itemListElement":[{"@type":"ListItem","position":1,"name":"Home","item":"https:\/\/elfsight.com\/pt\/"},{"@type":"ListItem","position":2,"name":"AI Chatbot &#8211; Google Sites"}]},{"@type":"WebSite","@id":"https:\/\/elfsight.com\/pt\/#website","url":"https:\/\/elfsight.com\/pt\/","name":"Elfsight PT","description":"Just another Elfsight Sites site","potentialAction":[{"@type":"SearchAction","target":{"@type":"EntryPoint","urlTemplate":"https:\/\/elfsight.com\/pt\/?s={search_term_string}"},"query-input":{"@type":"PropertyValueSpecification","valueRequired":true,"valueName":"search_term_string"}}],"inLanguage":"pt-PT"}]}},"meta_box":{"industry":"","seo_heading":"","heading":"","description":"","cta_heading":"","cta_description":"","application":"13494","h1":"Adicionar Chatbot de IA ao site Google Sites","h1_caption":"Crie o melhor chatbot de IA, treinado especificamente com os dados do seu neg\u00f3cio para automatizar o suporte ao cliente, capturar leads e fornecer respostas instant\u00e2neas e precisas no site Google Sites\u201424\/7.","application_category":[],"applications_title":"","applications_request_title":"","applications_request_button_text":"","hero_text":"","hero_video":"","hero_video_schema_markup":"","selling_points_title":"","selling_points_caption":"","selling_points":[],"selling_points_cta_text":"","features_title":"","features":"","ed_cta_examples_text":"","ed_cta_examples_hidden":"","ed_cta_demo_text":"","ed_cta_demo_hidden":"","why_caption":"","why_editor_title":"","why_editor_text":"","why_team_title":"","why_team_text":"","why_service_title":"","why_service_text":"","template_catalog_visible":"","template_catalog_title":"","template_catalog_text":"","template_catalog_categories_visible":"","demo_title":"Crie seu plugin de Chatbot de IA","demo_caption":"Configure o Chatbot de IA e adicione-o ao seu site Google Sites gratuitamente!","default_faq_hidden":"","app_template_category":[],"platform":"112","template_public_id":"","codecanyon_url":"","codecanyon_item_id":"","codecanyon_price":"","pricing_caption":"","pricing_elfsight_apps_hide_column":"","pricing_elfsight_apps_url":"","pricing_codecanyon_price_caption":"","integration_category":[],"integration_request_title":"","integration_request_cta":"","integration_platform":"","integrations":[],"platform_category":[],"video_schema_markup":"","price":"a partir de $0 \/ m\u00eas","trial":"","benefits":[{"text":"Servi\u00e7o de instala\u00e7\u00e3o sem cobran\u00e7a"},{"text":"Atendimento ao cliente eficaz"},{"text":"Garantia de reembolso de 14 dias"},{"text":"Atualiza\u00e7\u00f5es cont\u00ednuas gratuitas"},{"text":""}],"button_url":"#demo","button_target_blank":"","button_nofollow":"","attributes":[{"name":"Instala\u00e7\u00f5es","content":"50,000 - 100,000"},{"name":"Responsivo","content":"Sim"},{"name":"Browsers Compat\u00edveis","content":"Firefox, Safari, Opera, Chrome, Edge"}],"tags":[],"tags_disable_links":"","hide_more_platforms":"","video_object":"","demo_hide_cta":"","demo_hide_cloud_options":"","pricing_title":"","pricing":[{"pricing_icon":"platform","pricing_title":"Elfsight Apps","pricing_title_caption":"Vers\u00e3o multiplataforma que atende a qualquer site","pricing_price":"a partir de $0 \/ m\u00eas","pricing_price_caption":"Comece com um plano gratuito","pricing_benefits":[{"text":"Sites ilimitados"},{"text":"Suporte premium da empresa"},{"text":"Servi\u00e7o de instala\u00e7\u00e3o sem custo"},{"text":"100% personaliz\u00e1vel"}],"pricing_button_text":"Adicionar ao site","pricing_button_url":"#demo"}],"related_apps_title":"","related_apps_hidden":"","author":"","image":[],"title":"","job":"","social_networks":[]},"_links":{"self":[{"href":"https:\/\/elfsight.com\/pt\/wp-json\/wp\/v2\/pages\/13549","targetHints":{"allow":["GET"]}}],"collection":[{"href":"https:\/\/elfsight.com\/pt\/wp-json\/wp\/v2\/pages"}],"about":[{"href":"https:\/\/elfsight.com\/pt\/wp-json\/wp\/v2\/types\/page"}],"author":[{"embeddable":true,"href":"https:\/\/elfsight.com\/pt\/wp-json\/wp\/v2\/users\/9"}],"replies":[{"embeddable":true,"href":"https:\/\/elfsight.com\/pt\/wp-json\/wp\/v2\/comments?post=13549"}],"version-history":[{"count":1,"href":"https:\/\/elfsight.com\/pt\/wp-json\/wp\/v2\/pages\/13549\/revisions"}],"predecessor-version":[{"id":13553,"href":"https:\/\/elfsight.com\/pt\/wp-json\/wp\/v2\/pages\/13549\/revisions\/13553"}],"up":[{"embeddable":true,"href":"https:\/\/elfsight.com\/pt\/wp-json\/wp\/v2\/pages\/13498"}],"wp:attachment":[{"href":"https:\/\/elfsight.com\/pt\/wp-json\/wp\/v2\/media?parent=13549"}],"curies":[{"name":"wp","href":"https:\/\/api.w.org\/{rel}","templated":true}]}}