{"id":13543,"date":"2024-12-28T08:21:20","date_gmt":"2024-12-28T08:21:20","guid":{"rendered":"https:\/\/elfsight.com\/pt\/?page_id=13543"},"modified":"2025-04-14T17:54:02","modified_gmt":"2025-04-14T17:54:02","slug":"joomla","status":"publish","type":"page","link":"https:\/\/elfsight.com\/pt\/ai-chatbot-widget\/joomla\/","title":{"rendered":"AI Chatbot &#8211; Joomla"},"content":{"rendered":"<div class=\"application-platform-content-item-description application-platform-content-item\" id=\"description\" data-nav-section=\"description\"><h2>Incorporar Chatbot AI no Joomla com o widget Elfsight!<\/h2> <p>Crie um chatbot AI avan\u00e7ado para o seu site Joomla, especificamente treinado na sua base de conhecimento, materiais de suporte ou perguntas frequentes. Permita que ele aprenda e evolua, entregando mensagens personalizadas para melhorar a experi\u00eancia do usu\u00e1rio diariamente.<\/p> <p>Automatize facilmente tarefas de atendimento ao cliente, reduza os tempos de resposta e gere leads de forma eficiente sem trabalho manual. Ofere\u00e7a assist\u00eancia 24\/7, garantindo que os clientes tenham as informa\u00e7\u00f5es de que precisam, a qualquer hora e de qualquer lugar!<\/p> <p><b>Adicione um assistente AI para fornecer respostas instant\u00e2neas, resolver preocupa\u00e7\u00f5es e melhorar suas vendas!<\/b><\/p> <\/div><div class=\"application-platform-content-item-features application-platform-content-item\" id=\"features\" data-nav-section=\"features\"> <h2>Oferecemos recursos pr\u00e1ticos e descomplicados, aqui est\u00e3o alguns deles:<\/h2> <ul><li><b>Automatize a comunica\u00e7\u00e3o com seus clientes.<\/b> Simplifique respostas r\u00e1pidas, ofere\u00e7a suporte durante todo o dia e melhore a efici\u00eancia com configura\u00e7\u00e3o m\u00ednima\u2014gerencie chats e usu\u00e1rios ilimitados de forma tranquila!<\/li><li><b>Ofere\u00e7a uma experi\u00eancia personalizada.<\/b> Fa\u00e7a com que cada cliente se sinta valorizado e crie a melhor experi\u00eancia com respostas personalizadas, usando seus nomes, acompanhando conversas anteriores e comunica\u00e7\u00f5es de acompanhamento.<\/li><li><b>Treine o chatbot com dados da empresa.<\/b> Equipe o chatbot AI com seu conhecimento espec\u00edfico ao fazer upload de materiais, incluindo conjuntos de perguntas e respostas, e utilizando as informa\u00e7\u00f5es do seu site para o gerador de instru\u00e7\u00f5es, garantindo respostas corretas e aplic\u00e1veis adaptadas ao seu neg\u00f3cio.<\/li><li><b>Obtenha informa\u00e7\u00f5es dos clientes no seu e-mail.<\/b> Mantenha-se atualizado e capture insights valiosos ao receber transcri\u00e7\u00f5es completas dos chats diretamente na sua caixa de entrada, com informa\u00e7\u00f5es de contato chave para gera\u00e7\u00e3o de leads e melhorias no servi\u00e7o.<\/li><li><b>Explore uma vasta gama de templates.<\/b> Configure seu chatbot AI rapidamente com nossa biblioteca de templates prontos. Eles atendem a uma variedade de ind\u00fastrias e funcionalidades, cada um com conjuntos de instru\u00e7\u00f5es personalizados para sucesso imediato.<\/li><\/ul><p><a href=\"#demo\">Basta verificar este configurador para ver o que o widget pode oferecer<\/a><\/p> <\/div> <div class=\"application-platform-content-item-installation application-platform-content-item\" id=\"installation\" data-nav-section=\"installation\"> <h2>Como adicionar o plugin Chatbot AI ao Joomla?<\/h2> <p>Se voc\u00ea deseja incorporar o Chatbot AI ao seu site Joomla, siga os seguintes passos:<\/p> <ol><li><b>Personalize o widget.<\/b><br> Selecione um template dispon\u00edvel para come\u00e7ar. Em seguida, fique \u00e0 vontade para treinar seu chatbot, configurar os recursos e alterar sua apar\u00eancia com base nos seus objetivos de neg\u00f3cios.<\/li><li><b>Gere o c\u00f3digo de incorpora\u00e7\u00e3o.<\/b><br> Salve os resultados finais e copie o c\u00f3digo de instala\u00e7\u00e3o gerado.<\/li><li><b>Adicione o c\u00f3digo ao editor do seu site.<\/b><br> Fa\u00e7a login no painel de administra\u00e7\u00e3o do seu site, insira o shortcode na se\u00e7\u00e3o apropriada e atualize a p\u00e1gina. Pronto!<\/li> <\/ol><p>Em caso de d\u00favidas ou problemas, sinta-se \u00e0 vontade para entrar em contato com nossa equipe de suporte. Nossos especialistas est\u00e3o ansiosos para resolver todos os problemas que voc\u00ea possa ter com a extens\u00e3o.<\/p> <div class=\"faq\" data-component=\"FAQ\"><div class=\"faq-item\">\r\n\t\t\t\t\t<div class=\"faq-item-question\">\r\n\t\t\t\t\t\t<h3 class=\"faq-item-question-text\">Como posso adicionar as informa\u00e7\u00f5es da minha empresa \u00e0 extens\u00e3o Chatbot AI?<\/h3>\r\n\r\n\t\t\t\t\t\t<div class=\"faq-item-question-icon\"><\/div>\r\n\t\t\t\t\t<\/div>\r\n\r\n\t\t\t\t\t<div class=\"faq-item-answer\">\r\n\t\t\t\t\t\t<div class=\"faq-item-answer-text\"><p>Para fazer o upload dos seus dados, abra o menu &#8220;Treinamento&#8221; e escolha um dos formatos dispon\u00edveis: arquivos de documento, conjuntos espec\u00edficos de perguntas e respostas ou blocos de texto simples.<\/p> <\/div>\r\n\t\t\t\t\t<\/div>\r\n\t\t\t\t<\/div> <div class=\"faq-item\">\r\n\t\t\t\t\t<div class=\"faq-item-question\">\r\n\t\t\t\t\t\t<h3 class=\"faq-item-question-text\">Como criar respostas r\u00e1pidas para o Chatbot AI?<\/h3>\r\n\r\n\t\t\t\t\t\t<div class=\"faq-item-question-icon\"><\/div>\r\n\t\t\t\t\t<\/div>\r\n\r\n\t\t\t\t\t<div class=\"faq-item-answer\">\r\n\t\t\t\t\t\t<div class=\"faq-item-answer-text\"><p>Voc\u00ea pode adicion\u00e1-las diretamente no configurador do Chatbot AI na aba &#8220;Sauda\u00e7\u00e3o&#8221;. Voc\u00ea encontrar\u00e1 o campo onde pode incluir uma introdu\u00e7\u00e3o cativante ou perguntas frequentes.<\/p> <\/div>\r\n\t\t\t\t\t<\/div>\r\n\t\t\t\t<\/div> <div class=\"faq-item\">\r\n\t\t\t\t\t<div class=\"faq-item-question\">\r\n\t\t\t\t\t\t<h3 class=\"faq-item-question-text\">O que torna a extens\u00e3o Chatbot AI Elfsight a melhor?<\/h3>\r\n\r\n\t\t\t\t\t\t<div class=\"faq-item-question-icon\"><\/div>\r\n\t\t\t\t\t<\/div>\r\n\r\n\t\t\t\t\t<div class=\"faq-item-answer\">\r\n\t\t\t\t\t\t<div class=\"faq-item-answer-text\"> <p>A extens\u00e3o Chatbot AI \u00e9 uma solu\u00e7\u00e3o de chat sem c\u00f3digo, apoiada pelo modelo de AI mais recente, pronta para ser treinada com os dados da sua empresa. Com uma interface f\u00e1cil de usar e v\u00e1rias configura\u00e7\u00f5es de personaliza\u00e7\u00e3o, voc\u00ea pode oferecer suporte ao cliente 24\/7 com uma experi\u00eancia personalizada e sempre se manter informado com relat\u00f3rios cont\u00ednuos. Experimente voc\u00ea mesmo como pode ser conveniente e r\u00e1pido com o Elfsight!<\/p> <\/div>\r\n\t\t\t\t\t<\/div>\r\n\t\t\t\t<\/div><\/div><\/div> ","protected":false},"excerpt":{"rendered":"","protected":false},"author":9,"featured_media":0,"parent":13498,"menu_order":0,"comment_status":"closed","ping_status":"closed","template":"templates\/template-application-platform.php","meta":{"publish_to_discourse":"","publish_post_category":"","wpdc_auto_publish_overridden":"","wpdc_topic_tags":"","wpdc_pin_topic":"","wpdc_pin_until":"","discourse_post_id":"","discourse_permalink":"","wpdc_publishing_response":"","wpdc_publishing_error":"","footnotes":""},"class_list":["post-13543","page","type-page","status-publish","hentry"],"yoast_head":"<!-- This site is optimized with the Yoast SEO plugin v25.3.1 - https:\/\/yoast.com\/wordpress\/plugins\/seo\/ -->\n<title>Extens\u00e3o Joomla AI Chatbot \u2013 Adicione o Chatbot de IA ao Joomla [GR\u00c1TIS]<\/title>\n<meta name=\"description\" content=\"Adicione a melhor extens\u00e3o de Chatbot de IA ao seu site Joomla sem codifica\u00e7\u00e3o. Automatize o suporte ao cliente com uma inser\u00e7\u00e3o r\u00e1pida!\" \/>\n<meta name=\"robots\" content=\"index, follow, max-snippet:-1, max-image-preview:large, max-video-preview:-1\" \/>\n<link rel=\"canonical\" href=\"https:\/\/elfsight.com\/pt\/ai-chatbot-widget\/joomla\/\" \/>\n<meta property=\"og:locale\" content=\"pt_PT\" \/>\n<meta property=\"og:type\" content=\"article\" \/>\n<meta property=\"og:title\" content=\"Extens\u00e3o Joomla AI Chatbot \u2013 Adicione o Chatbot de IA ao Joomla [GR\u00c1TIS]\" \/>\n<meta property=\"og:description\" content=\"Adicione a melhor extens\u00e3o de Chatbot de IA ao seu site Joomla sem codifica\u00e7\u00e3o. Automatize o suporte ao cliente com uma inser\u00e7\u00e3o r\u00e1pida!\" \/>\n<meta property=\"og:url\" content=\"https:\/\/elfsight.com\/pt\/ai-chatbot-widget\/joomla\/\" \/>\n<meta property=\"og:site_name\" content=\"Elfsight PT\" \/>\n<meta property=\"article:modified_time\" content=\"2025-04-14T17:54:02+00:00\" \/>\n<meta name=\"twitter:card\" content=\"summary_large_image\" \/>\n<meta name=\"twitter:label1\" content=\"Tempo estimado de leitura\" \/>\n\t<meta name=\"twitter:data1\" content=\"4 minutos\" \/>\n<!-- \/ Yoast SEO plugin. -->","yoast_head_json":{"title":"Extens\u00e3o Joomla AI Chatbot \u2013 Adicione o Chatbot de IA ao Joomla [GR\u00c1TIS]","description":"Adicione a melhor extens\u00e3o de Chatbot de IA ao seu site Joomla sem codifica\u00e7\u00e3o. Automatize o suporte ao cliente com uma inser\u00e7\u00e3o r\u00e1pida!","robots":{"index":"index","follow":"follow","max-snippet":"max-snippet:-1","max-image-preview":"max-image-preview:large","max-video-preview":"max-video-preview:-1"},"canonical":"https:\/\/elfsight.com\/pt\/ai-chatbot-widget\/joomla\/","og_locale":"pt_PT","og_type":"article","og_title":"Extens\u00e3o Joomla AI Chatbot \u2013 Adicione o Chatbot de IA ao Joomla [GR\u00c1TIS]","og_description":"Adicione a melhor extens\u00e3o de Chatbot de IA ao seu site Joomla sem codifica\u00e7\u00e3o. Automatize o suporte ao cliente com uma inser\u00e7\u00e3o r\u00e1pida!","og_url":"https:\/\/elfsight.com\/pt\/ai-chatbot-widget\/joomla\/","og_site_name":"Elfsight PT","article_modified_time":"2025-04-14T17:54:02+00:00","twitter_card":"summary_large_image","twitter_misc":{"Tempo estimado de leitura":"4 minutos"},"schema":{"@context":"https:\/\/schema.org","@graph":[{"@type":"WebPage","@id":"https:\/\/elfsight.com\/pt\/ai-chatbot-widget\/joomla\/","url":"https:\/\/elfsight.com\/pt\/ai-chatbot-widget\/joomla\/","name":"Extens\u00e3o Joomla AI Chatbot \u2013 Adicione o Chatbot de IA ao Joomla [GR\u00c1TIS]","isPartOf":{"@id":"https:\/\/elfsight.com\/pt\/#website"},"datePublished":"2024-12-28T08:21:20+00:00","dateModified":"2025-04-14T17:54:02+00:00","description":"Adicione a melhor extens\u00e3o de Chatbot de IA ao seu site Joomla sem codifica\u00e7\u00e3o. Automatize o suporte ao cliente com uma inser\u00e7\u00e3o r\u00e1pida!","breadcrumb":{"@id":"https:\/\/elfsight.com\/pt\/ai-chatbot-widget\/joomla\/#breadcrumb"},"inLanguage":"pt-PT","potentialAction":[{"@type":"ReadAction","target":["https:\/\/elfsight.com\/pt\/ai-chatbot-widget\/joomla\/"]}]},{"@type":"BreadcrumbList","@id":"https:\/\/elfsight.com\/pt\/ai-chatbot-widget\/joomla\/#breadcrumb","itemListElement":[{"@type":"ListItem","position":1,"name":"Home","item":"https:\/\/elfsight.com\/pt\/"},{"@type":"ListItem","position":2,"name":"AI Chatbot &#8211; Joomla"}]},{"@type":"WebSite","@id":"https:\/\/elfsight.com\/pt\/#website","url":"https:\/\/elfsight.com\/pt\/","name":"Elfsight PT","description":"Just another Elfsight Sites site","potentialAction":[{"@type":"SearchAction","target":{"@type":"EntryPoint","urlTemplate":"https:\/\/elfsight.com\/pt\/?s={search_term_string}"},"query-input":{"@type":"PropertyValueSpecification","valueRequired":true,"valueName":"search_term_string"}}],"inLanguage":"pt-PT"}]}},"meta_box":{"industry":"","seo_heading":"","heading":"","description":"","cta_heading":"","cta_description":"","application":"13494","h1":"Adicionar Chatbot de IA ao site Joomla","h1_caption":"Crie o melhor chatbot de IA, treinado especificamente com os dados do seu neg\u00f3cio para automatizar o suporte ao cliente, capturar leads e fornecer respostas instant\u00e2neas e precisas no site Joomla\u201424\/7.","application_category":[],"applications_title":"","applications_request_title":"","applications_request_button_text":"","hero_text":"","hero_video":"","hero_video_schema_markup":"","selling_points_title":"","selling_points_caption":"","selling_points":[],"selling_points_cta_text":"","features_title":"","features":"","ed_cta_examples_text":"","ed_cta_examples_hidden":"","ed_cta_demo_text":"","ed_cta_demo_hidden":"","why_caption":"","why_editor_title":"","why_editor_text":"","why_team_title":"","why_team_text":"","why_service_title":"","why_service_text":"","template_catalog_visible":"","template_catalog_title":"","template_catalog_text":"","template_catalog_categories_visible":"","demo_title":"Crie sua extens\u00e3o de Chatbot de IA","demo_caption":"Configure o Chatbot de IA e adicione-o ao seu site Joomla gratuitamente!","default_faq_hidden":"","app_template_category":[],"platform":"52","template_public_id":"","codecanyon_url":"","codecanyon_item_id":"","codecanyon_price":"","pricing_caption":"","pricing_elfsight_apps_hide_column":"","pricing_elfsight_apps_url":"","pricing_codecanyon_price_caption":"","integration_category":[],"integration_request_title":"","integration_request_cta":"","integration_platform":"","integrations":[],"platform_category":[],"video_schema_markup":"","price":"a partir de $0 \/ m\u00eas","trial":"","benefits":[{"text":"Servi\u00e7o de instala\u00e7\u00e3o sem cobran\u00e7a"},{"text":"Suporte excepcional"},{"text":"Garantia de reembolso de 14 dias"},{"text":"Melhorias cont\u00ednuas gratuitas"},{"text":""}],"button_url":"#demo","button_target_blank":"","button_nofollow":"","attributes":[{"name":"Instala\u00e7\u00f5es","content":"50,000 - 100,000"},{"name":"Responsivo","content":"Sim"},{"name":"Browsers Compat\u00edveis","content":"Firefox, Safari, Opera, Chrome, Edge"}],"tags":[],"tags_disable_links":"","hide_more_platforms":"","video_object":"","demo_hide_cta":"","demo_hide_cloud_options":"","pricing_title":"","pricing":[{"pricing_icon":"platform","pricing_title":"Elfsight Apps","pricing_title_caption":"Solu\u00e7\u00e3o digital independente de plataforma que atende a qualquer site","pricing_price":"a partir de $0 \/ m\u00eas","pricing_price_caption":"Comece com um plano gratuito","pricing_benefits":[{"text":"Sites ilimitados"},{"text":"Suporte dedicado da empresa"},{"text":"Servi\u00e7o de instala\u00e7\u00e3o sem custo"},{"text":"Design flex\u00edvel"}],"pricing_button_text":"Adicionar ao site","pricing_button_url":"#demo"}],"related_apps_title":"","related_apps_hidden":"","author":"","image":[],"title":"","job":"","social_networks":[]},"_links":{"self":[{"href":"https:\/\/elfsight.com\/pt\/wp-json\/wp\/v2\/pages\/13543","targetHints":{"allow":["GET"]}}],"collection":[{"href":"https:\/\/elfsight.com\/pt\/wp-json\/wp\/v2\/pages"}],"about":[{"href":"https:\/\/elfsight.com\/pt\/wp-json\/wp\/v2\/types\/page"}],"author":[{"embeddable":true,"href":"https:\/\/elfsight.com\/pt\/wp-json\/wp\/v2\/users\/9"}],"replies":[{"embeddable":true,"href":"https:\/\/elfsight.com\/pt\/wp-json\/wp\/v2\/comments?post=13543"}],"version-history":[{"count":1,"href":"https:\/\/elfsight.com\/pt\/wp-json\/wp\/v2\/pages\/13543\/revisions"}],"predecessor-version":[{"id":13547,"href":"https:\/\/elfsight.com\/pt\/wp-json\/wp\/v2\/pages\/13543\/revisions\/13547"}],"up":[{"embeddable":true,"href":"https:\/\/elfsight.com\/pt\/wp-json\/wp\/v2\/pages\/13498"}],"wp:attachment":[{"href":"https:\/\/elfsight.com\/pt\/wp-json\/wp\/v2\/media?parent=13543"}],"curies":[{"name":"wp","href":"https:\/\/api.w.org\/{rel}","templated":true}]}}