{"id":13541,"date":"2024-12-28T08:45:55","date_gmt":"2024-12-28T08:45:55","guid":{"rendered":"https:\/\/elfsight.com\/pt\/?page_id=13541"},"modified":"2025-04-14T17:53:55","modified_gmt":"2025-04-14T17:53:55","slug":"woocommerce","status":"publish","type":"page","link":"https:\/\/elfsight.com\/pt\/ai-chatbot-widget\/woocommerce\/","title":{"rendered":"AI Chatbot &#8211; WooCommerce"},"content":{"rendered":"<div class=\"application-platform-content-item-description application-platform-content-item\" id=\"description\" data-nav-section=\"description\"><h2>Incorporar Chatbot de IA no WooCommerce com o widget Elfsight!<\/h2><p>Crie um chatbot avan\u00e7ado de IA para o seu site WooCommerce, treinado especificamente com sua base de conhecimento, documentos de suporte ou perguntas frequentes. Capacite-o para aprender e evoluir, oferecendo mensagens personalizadas para servir melhor seus usu\u00e1rios todos os dias.<\/p><p>Automatize as tarefas de atendimento ao cliente, reduza os tempos de resposta e capture leads de forma eficaz, sem esfor\u00e7o manual. Ofere\u00e7a assist\u00eancia ininterrupta, garantindo que os clientes recebam as respostas de que precisam\u2014em qualquer hora e de qualquer lugar!<\/p><p><b>Adicione um assistente de IA para fornecer respostas instant\u00e2neas, resolver problemas e aumentar suas vendas!<\/b><\/p><\/div><div class=\"application-platform-content-item-features application-platform-content-item\" id=\"features\" data-nav-section=\"features\"><h2>Aqui est\u00e1 a lista dos recursos mais valiosos:<\/h2><ul><li><b>Automatize as intera\u00e7\u00f5es com seus clientes.<\/b> Otimize respostas r\u00e1pidas, ofere\u00e7a disponibilidade 24\/7 e aumente a efici\u00eancia com configura\u00e7\u00e3o m\u00ednima\u2014gerencie chats e usu\u00e1rios ilimitados de forma tranquila!<\/li><li><b>Ofere\u00e7a uma experi\u00eancia personalizada.<\/b> Fa\u00e7a com que cada cliente se sinta valorizado e crie a melhor experi\u00eancia com respostas personalizadas, chamando-os pelo nome, salvando o hist\u00f3rico de chat e realizando comunica\u00e7\u00f5es de acompanhamento.<\/li><li><b>Treine o chatbot com insights de neg\u00f3cios.<\/b> Capacite o chatbot de IA com seu conhecimento especializado ao enviar documentos, adicionar conjuntos de perguntas e respostas e utilizar o conte\u00fado do seu site para o gerador de instru\u00e7\u00f5es, garantindo respostas precisas e aplic\u00e1veis ao seu neg\u00f3cio.<\/li><li><b>Receba insights dos clientes no seu e-mail.<\/b> Mantenha-se atualizado e colete informa\u00e7\u00f5es essenciais ao receber transcri\u00e7\u00f5es completas dos chats na sua caixa de entrada, com dados importantes de contato para gera\u00e7\u00e3o de leads e melhoria de servi\u00e7os.<\/li><li><b>Descubra uma ampla sele\u00e7\u00e3o de templates.<\/b> Lance seu chatbot de IA rapidamente com nossa cole\u00e7\u00e3o de templates prontos para uso. Eles foram desenvolvidos para diversos setores e finalidades, cada um com conjuntos de instru\u00e7\u00f5es especializados para resultados imediatos.<\/li><\/ul><p><a href=\"#demo\">Teste todas as configura\u00e7\u00f5es no configurador completo<\/a><\/p><\/div><div class=\"application-platform-content-item-installation application-platform-content-item\" id=\"installation\" data-nav-section=\"installation\"><h2>Como adicionar o plugin de Chatbot de IA ao WooCommerce?<\/h2><p>Para incorporar o Chatbot de IA no seu site WooCommerce, fa\u00e7a o seguinte:<\/p><ol><li><b>Personalize o widget.<\/b><br> Escolha um template dispon\u00edvel para come\u00e7ar. Depois, voc\u00ea pode treinar seu chatbot, organizar os recursos e ajustar sua apar\u00eancia de acordo com os objetivos do seu neg\u00f3cio.<\/li><li><b>Obtenha o c\u00f3digo de incorpora\u00e7\u00e3o.<\/b><br> Salve o resultado final e copie o c\u00f3digo de instala\u00e7\u00e3o gerado.<\/li><li><b>Adicione o c\u00f3digo ao seu construtor de sites.<\/b><br> Fa\u00e7a login no painel de administra\u00e7\u00e3o do seu site, insira o c\u00f3digo onde for necess\u00e1rio e atualize a p\u00e1gina. Pronto!<\/li><\/ol><p>Se tiver d\u00favidas ou enfrentar dificuldades, n\u00e3o hesite em entrar em contato com nossa equipe de suporte. Nossos consultores ficar\u00e3o felizes em resolver todos os problemas que voc\u00ea possa ter com o plugin.<\/p><div class=\"faq\" data-component=\"FAQ\"><div class=\"faq-item\">\r\n\t\t\t\t\t<div class=\"faq-item-question\">\r\n\t\t\t\t\t\t<h3 class=\"faq-item-question-text\">Como posso adicionar as informa\u00e7\u00f5es da minha empresa ao plugin de Chatbot de IA?<\/h3>\r\n\r\n\t\t\t\t\t\t<div class=\"faq-item-question-icon\"><\/div>\r\n\t\t\t\t\t<\/div>\r\n\r\n\t\t\t\t\t<div class=\"faq-item-answer\">\r\n\t\t\t\t\t\t<div class=\"faq-item-answer-text\"><p>Para enviar suas informa\u00e7\u00f5es, acesse a se\u00e7\u00e3o &#8220;Treinamento&#8221; e escolha um dos formatos oferecidos: arquivos de documentos, conjuntos espec\u00edficos de perguntas e respostas ou blocos de texto simples.<\/p><\/div>\r\n\t\t\t\t\t<\/div>\r\n\t\t\t\t<\/div><div class=\"faq-item\">\r\n\t\t\t\t\t<div class=\"faq-item-question\">\r\n\t\t\t\t\t\t<h3 class=\"faq-item-question-text\">Como criar respostas r\u00e1pidas para o Chatbot de IA?<\/h3>\r\n\r\n\t\t\t\t\t\t<div class=\"faq-item-question-icon\"><\/div>\r\n\t\t\t\t\t<\/div>\r\n\r\n\t\t\t\t\t<div class=\"faq-item-answer\">\r\n\t\t\t\t\t\t<div class=\"faq-item-answer-text\"><p>Voc\u00ea pode adicion\u00e1-las diretamente no configurador do Chatbot de IA na se\u00e7\u00e3o &#8220;Sauda\u00e7\u00e3o&#8221;. L\u00e1 voc\u00ea encontrar\u00e1 o campo onde pode digitar um iniciador de conversa envolvente ou uma pergunta comum.<\/p><\/div>\r\n\t\t\t\t\t<\/div>\r\n\t\t\t\t<\/div><div class=\"faq-item\">\r\n\t\t\t\t\t<div class=\"faq-item-question\">\r\n\t\t\t\t\t\t<h3 class=\"faq-item-question-text\">O que torna o plugin de Chatbot de IA da Elfsight o melhor para o meu site WooCommerce?<\/h3>\r\n\r\n\t\t\t\t\t\t<div class=\"faq-item-question-icon\"><\/div>\r\n\t\t\t\t\t<\/div>\r\n\r\n\t\t\t\t\t<div class=\"faq-item-answer\">\r\n\t\t\t\t\t\t<div class=\"faq-item-answer-text\"><p>O plugin de Chatbot de IA \u00e9 uma solu\u00e7\u00e3o de chat sem codifica\u00e7\u00e3o, alimentada pelo modelo de IA mais avan\u00e7ado, pronta para ser treinada com os insights do seu neg\u00f3cio. Com uma interface f\u00e1cil de usar e diversas op\u00e7\u00f5es de personaliza\u00e7\u00e3o, voc\u00ea pode oferecer suporte ao cliente 24\/7 com uma experi\u00eancia personalizada e sempre manter o controle com relat\u00f3rios constantes. Veja por si mesmo como pode ser simples e r\u00e1pido com a Elfsight!<\/p><\/div>\r\n\t\t\t\t\t<\/div>\r\n\t\t\t\t<\/div><\/div><\/div>","protected":false},"excerpt":{"rendered":"","protected":false},"author":9,"featured_media":0,"parent":13498,"menu_order":0,"comment_status":"closed","ping_status":"closed","template":"templates\/template-application-platform.php","meta":{"publish_to_discourse":"","publish_post_category":"","wpdc_auto_publish_overridden":"","wpdc_topic_tags":"","wpdc_pin_topic":"","wpdc_pin_until":"","discourse_post_id":"","discourse_permalink":"","wpdc_publishing_response":"","wpdc_publishing_error":"","footnotes":""},"class_list":["post-13541","page","type-page","status-publish","hentry"],"yoast_head":"<!-- This site is optimized with the Yoast SEO plugin v25.3.1 - https:\/\/yoast.com\/wordpress\/plugins\/seo\/ -->\n<title>Plugin WooCommerce AI Chatbot \u2013 Adicione o Chatbot de IA ao WooCommerce [GR\u00c1TIS]<\/title>\n<meta name=\"description\" content=\"Adicione o melhor plugin de Chatbot de IA ao seu site WooCommerce sem codifica\u00e7\u00e3o. Automatize o suporte ao cliente com uma inser\u00e7\u00e3o direta!\" \/>\n<meta name=\"robots\" content=\"index, follow, max-snippet:-1, max-image-preview:large, max-video-preview:-1\" \/>\n<link rel=\"canonical\" href=\"https:\/\/elfsight.com\/pt\/ai-chatbot-widget\/woocommerce\/\" \/>\n<meta property=\"og:locale\" content=\"pt_PT\" \/>\n<meta property=\"og:type\" content=\"article\" \/>\n<meta property=\"og:title\" content=\"Plugin WooCommerce AI Chatbot \u2013 Adicione o Chatbot de IA ao WooCommerce [GR\u00c1TIS]\" \/>\n<meta property=\"og:description\" content=\"Adicione o melhor plugin de Chatbot de IA ao seu site WooCommerce sem codifica\u00e7\u00e3o. Automatize o suporte ao cliente com uma inser\u00e7\u00e3o direta!\" \/>\n<meta property=\"og:url\" content=\"https:\/\/elfsight.com\/pt\/ai-chatbot-widget\/woocommerce\/\" \/>\n<meta property=\"og:site_name\" content=\"Elfsight PT\" \/>\n<meta property=\"article:modified_time\" content=\"2025-04-14T17:53:55+00:00\" \/>\n<meta name=\"twitter:card\" content=\"summary_large_image\" \/>\n<meta name=\"twitter:label1\" content=\"Tempo estimado de leitura\" \/>\n\t<meta name=\"twitter:data1\" content=\"4 minutos\" \/>\n<!-- \/ Yoast SEO plugin. -->","yoast_head_json":{"title":"Plugin WooCommerce AI Chatbot \u2013 Adicione o Chatbot de IA ao WooCommerce [GR\u00c1TIS]","description":"Adicione o melhor plugin de Chatbot de IA ao seu site WooCommerce sem codifica\u00e7\u00e3o. Automatize o suporte ao cliente com uma inser\u00e7\u00e3o direta!","robots":{"index":"index","follow":"follow","max-snippet":"max-snippet:-1","max-image-preview":"max-image-preview:large","max-video-preview":"max-video-preview:-1"},"canonical":"https:\/\/elfsight.com\/pt\/ai-chatbot-widget\/woocommerce\/","og_locale":"pt_PT","og_type":"article","og_title":"Plugin WooCommerce AI Chatbot \u2013 Adicione o Chatbot de IA ao WooCommerce [GR\u00c1TIS]","og_description":"Adicione o melhor plugin de Chatbot de IA ao seu site WooCommerce sem codifica\u00e7\u00e3o. Automatize o suporte ao cliente com uma inser\u00e7\u00e3o direta!","og_url":"https:\/\/elfsight.com\/pt\/ai-chatbot-widget\/woocommerce\/","og_site_name":"Elfsight PT","article_modified_time":"2025-04-14T17:53:55+00:00","twitter_card":"summary_large_image","twitter_misc":{"Tempo estimado de leitura":"4 minutos"},"schema":{"@context":"https:\/\/schema.org","@graph":[{"@type":"WebPage","@id":"https:\/\/elfsight.com\/pt\/ai-chatbot-widget\/woocommerce\/","url":"https:\/\/elfsight.com\/pt\/ai-chatbot-widget\/woocommerce\/","name":"Plugin WooCommerce AI Chatbot \u2013 Adicione o Chatbot de IA ao WooCommerce [GR\u00c1TIS]","isPartOf":{"@id":"https:\/\/elfsight.com\/pt\/#website"},"datePublished":"2024-12-28T08:45:55+00:00","dateModified":"2025-04-14T17:53:55+00:00","description":"Adicione o melhor plugin de Chatbot de IA ao seu site WooCommerce sem codifica\u00e7\u00e3o. Automatize o suporte ao cliente com uma inser\u00e7\u00e3o direta!","breadcrumb":{"@id":"https:\/\/elfsight.com\/pt\/ai-chatbot-widget\/woocommerce\/#breadcrumb"},"inLanguage":"pt-PT","potentialAction":[{"@type":"ReadAction","target":["https:\/\/elfsight.com\/pt\/ai-chatbot-widget\/woocommerce\/"]}]},{"@type":"BreadcrumbList","@id":"https:\/\/elfsight.com\/pt\/ai-chatbot-widget\/woocommerce\/#breadcrumb","itemListElement":[{"@type":"ListItem","position":1,"name":"Home","item":"https:\/\/elfsight.com\/pt\/"},{"@type":"ListItem","position":2,"name":"AI Chatbot &#8211; WooCommerce"}]},{"@type":"WebSite","@id":"https:\/\/elfsight.com\/pt\/#website","url":"https:\/\/elfsight.com\/pt\/","name":"Elfsight PT","description":"Just another Elfsight Sites site","potentialAction":[{"@type":"SearchAction","target":{"@type":"EntryPoint","urlTemplate":"https:\/\/elfsight.com\/pt\/?s={search_term_string}"},"query-input":{"@type":"PropertyValueSpecification","valueRequired":true,"valueName":"search_term_string"}}],"inLanguage":"pt-PT"}]}},"meta_box":{"industry":"","seo_heading":"","heading":"","description":"","cta_heading":"","cta_description":"","application":"13494","h1":"Adicionar Chatbot de IA ao site WooCommerce","h1_caption":"Crie o melhor chatbot de IA, treinado especificamente com os dados do seu neg\u00f3cio para automatizar o suporte ao cliente, capturar leads e fornecer respostas instant\u00e2neas e precisas no site WooCommerce\u201424\/7.","application_category":[],"applications_title":"","applications_request_title":"","applications_request_button_text":"","hero_text":"","hero_video":"","hero_video_schema_markup":"","selling_points_title":"","selling_points_caption":"","selling_points":[],"selling_points_cta_text":"","features_title":"","features":"","ed_cta_examples_text":"","ed_cta_examples_hidden":"","ed_cta_demo_text":"","ed_cta_demo_hidden":"","why_caption":"","why_editor_title":"","why_editor_text":"","why_team_title":"","why_team_text":"","why_service_title":"","why_service_text":"","template_catalog_visible":"","template_catalog_title":"","template_catalog_text":"","template_catalog_categories_visible":"","demo_title":"Crie seu plugin de Chatbot de IA","demo_caption":"Configure o Chatbot de IA e adicione-o ao seu site WooCommerce gratuitamente!","default_faq_hidden":"","app_template_category":[],"platform":"4920","template_public_id":"","codecanyon_url":"","codecanyon_item_id":"","codecanyon_price":"","pricing_caption":"","pricing_elfsight_apps_hide_column":"","pricing_elfsight_apps_url":"","pricing_codecanyon_price_caption":"","integration_category":[],"integration_request_title":"","integration_request_cta":"","integration_platform":"","integrations":[],"platform_category":[],"video_schema_markup":"","price":"a partir de $0 \/ m\u00eas","trial":"","benefits":[{"text":"Ajuda de instala\u00e7\u00e3o sem cobran\u00e7a"},{"text":"Atendimento ao cliente competente"},{"text":"Garantia de devolu\u00e7\u00e3o do dinheiro de 14 dias"},{"text":"Atualiza\u00e7\u00f5es constantes"},{"text":""}],"button_url":"#demo","button_target_blank":"","button_nofollow":"","attributes":[{"name":"Instala\u00e7\u00f5es","content":"50,000 - 100,000"},{"name":"Responsivo","content":"Sim"},{"name":"Browsers Compat\u00edveis","content":"Firefox, Safari, Opera, Chrome, Edge"}],"tags":[],"tags_disable_links":"","hide_more_platforms":"","video_object":"","demo_hide_cta":"","demo_hide_cloud_options":"","pricing_title":"","pricing":[{"pricing_icon":"platform","pricing_title":"Elfsight Apps","pricing_title_caption":"Solu\u00e7\u00e3o multiplataforma que atende a qualquer site","pricing_price":"a partir de $0 \/ m\u00eas","pricing_price_caption":"Comece com um plano gratuito","pricing_benefits":[{"text":"Sites ilimitados"},{"text":"Suporte profissional e pontual"},{"text":"Suporte de instala\u00e7\u00e3o gratuito"},{"text":"Design flex\u00edvel"}],"pricing_button_text":"Adicionar ao site","pricing_button_url":"#demo"}],"related_apps_title":"","related_apps_hidden":"","author":"","image":[],"title":"","job":"","social_networks":[]},"_links":{"self":[{"href":"https:\/\/elfsight.com\/pt\/wp-json\/wp\/v2\/pages\/13541","targetHints":{"allow":["GET"]}}],"collection":[{"href":"https:\/\/elfsight.com\/pt\/wp-json\/wp\/v2\/pages"}],"about":[{"href":"https:\/\/elfsight.com\/pt\/wp-json\/wp\/v2\/types\/page"}],"author":[{"embeddable":true,"href":"https:\/\/elfsight.com\/pt\/wp-json\/wp\/v2\/users\/9"}],"replies":[{"embeddable":true,"href":"https:\/\/elfsight.com\/pt\/wp-json\/wp\/v2\/comments?post=13541"}],"version-history":[{"count":1,"href":"https:\/\/elfsight.com\/pt\/wp-json\/wp\/v2\/pages\/13541\/revisions"}],"predecessor-version":[{"id":13545,"href":"https:\/\/elfsight.com\/pt\/wp-json\/wp\/v2\/pages\/13541\/revisions\/13545"}],"up":[{"embeddable":true,"href":"https:\/\/elfsight.com\/pt\/wp-json\/wp\/v2\/pages\/13498"}],"wp:attachment":[{"href":"https:\/\/elfsight.com\/pt\/wp-json\/wp\/v2\/media?parent=13541"}],"curies":[{"name":"wp","href":"https:\/\/api.w.org\/{rel}","templated":true}]}}