{"id":13540,"date":"2024-12-28T08:51:18","date_gmt":"2024-12-28T08:51:18","guid":{"rendered":"https:\/\/elfsight.com\/pt\/?page_id=13540"},"modified":"2025-04-14T17:53:55","modified_gmt":"2025-04-14T17:53:55","slug":"jquery","status":"publish","type":"page","link":"https:\/\/elfsight.com\/pt\/ai-chatbot-widget\/jquery\/","title":{"rendered":"AI Chatbot &#8211; jQuery"},"content":{"rendered":"<div class=\"application-platform-content-item-description application-platform-content-item\" id=\"description\" data-nav-section=\"description\"><h2>Incorporar Chatbot de IA no jQuery com o widget Elfsight!<\/h2><p>Crie um chatbot de IA de alta qualidade para seu site jQuery, treinado especificamente com sua base de conhecimento, materiais de suporte ou perguntas frequentes dos clientes. Capacite-o para aprender e evoluir, entregando mensagens personalizadas para melhorar o engajamento do usu\u00e1rio todos os dias.<\/p><p>Automatize as tarefas de atendimento ao cliente, minimize os tempos de resposta e gere leads de forma eficaz, sem interven\u00e7\u00e3o manual. Ofere\u00e7a assist\u00eancia 24\/7, para que os clientes possam obter as informa\u00e7\u00f5es que precisam\u2014sempre, em qualquer lugar!<\/p><p><b>Adicione um assistente de IA para fornecer respostas instant\u00e2neas, resolver dilemas e aumentar suas vendas!<\/b><\/p><\/div><div class=\"application-platform-content-item-features application-platform-content-item\" id=\"features\" data-nav-section=\"features\"><h2>Esses s\u00e3o apenas alguns dos poderosos recursos do widget:<\/h2><ul><li><b>Automatize as intera\u00e7\u00f5es com seus clientes.<\/b> Otimize as respostas, garanta disponibilidade durante todo o dia e aumente a efici\u00eancia com configura\u00e7\u00e3o m\u00ednima\u2014gerencie chats e usu\u00e1rios ilimitados sem dificuldades!<\/li><li><b>Crie uma experi\u00eancia personalizada.<\/b> Fa\u00e7a com que cada cliente se sinta \u00fanico e crie a melhor experi\u00eancia por meio de respostas personalizadas, chamando-os pelo nome, salvando o hist\u00f3rico de chat e realizando comunica\u00e7\u00f5es de acompanhamento.<\/li><li><b>Treine o chatbot com os dados da empresa.<\/b> Fortale\u00e7a o chatbot de IA com seu conhecimento espec\u00edfico, enviando documentos, incluindo conjuntos de perguntas e respostas, e utilizando as informa\u00e7\u00f5es do seu site para o gerador de instru\u00e7\u00f5es, garantindo respostas precisas e relevantes para o seu neg\u00f3cio.<\/li><li><b>Receba insights dos clientes no seu e-mail.<\/b> Mantenha-se atualizado e colete informa\u00e7\u00f5es essenciais, recebendo transcri\u00e7\u00f5es completas dos chats diretamente na sua caixa de entrada, com dados cruciais de contato para gera\u00e7\u00e3o de leads e melhoria de servi\u00e7os.<\/li><li><b>Explore uma ampla variedade de templates.<\/b> Implante seu chatbot de IA rapidamente com nossa biblioteca de templates pr\u00e9-configurados. Eles atendem a diversos setores e finalidades, cada um com conjuntos de instru\u00e7\u00f5es especializados para resultados instant\u00e2neos.<\/li><\/ul><p><a href=\"#demo\">Voc\u00ea pode testar o widget usando o configurador<\/a><\/p><\/div><div class=\"application-platform-content-item-installation application-platform-content-item\" id=\"installation\" data-nav-section=\"installation\"><h2>Como adicionar o plugin de Chatbot de IA ao jQuery?<\/h2><p>Para adicionar o Chatbot de IA ao seu site jQuery, siga os passos abaixo:<\/p><ol><li><b>Personalize o widget.<\/b><br> Selecione um template pronto para come\u00e7ar. Em seguida, sinta-se \u00e0 vontade para treinar seu chatbot, organizar os recursos e modificar seu design para atender aos objetivos do seu neg\u00f3cio.<\/li><li><b>Gere o c\u00f3digo de incorpora\u00e7\u00e3o.<\/b><br> Salve o trabalho finalizado e copie o c\u00f3digo de instala\u00e7\u00e3o fornecido.<\/li><li><b>Adicione o c\u00f3digo ao seu construtor de sites.<\/b><br> Acesse a \u00e1rea de administra\u00e7\u00e3o do seu site, cole o c\u00f3digo no local adequado e atualize a p\u00e1gina. Pronto!<\/li><\/ol><p>Se encontrar d\u00favidas ou dificuldades, entre em contato com nossa equipe de suporte. Nossos consultores est\u00e3o prontos para resolver todos os problemas que voc\u00ea possa ter com o plugin.<\/p><div class=\"faq\" data-component=\"FAQ\"><div class=\"faq-item\">\r\n\t\t\t\t\t<div class=\"faq-item-question\">\r\n\t\t\t\t\t\t<h3 class=\"faq-item-question-text\">Como posso adicionar as informa\u00e7\u00f5es da minha empresa ao plugin de Chatbot de IA?<\/h3>\r\n\r\n\t\t\t\t\t\t<div class=\"faq-item-question-icon\"><\/div>\r\n\t\t\t\t\t<\/div>\r\n\r\n\t\t\t\t\t<div class=\"faq-item-answer\">\r\n\t\t\t\t\t\t<div class=\"faq-item-answer-text\"><p>Para enviar suas informa\u00e7\u00f5es, v\u00e1 at\u00e9 a se\u00e7\u00e3o &#8220;Treinamento&#8221; e selecione um dos formatos dispon\u00edveis: arquivos de documentos, conjuntos espec\u00edficos de perguntas e respostas ou blocos de texto simples.<\/p><\/div>\r\n\t\t\t\t\t<\/div>\r\n\t\t\t\t<\/div><div class=\"faq-item\">\r\n\t\t\t\t\t<div class=\"faq-item-question\">\r\n\t\t\t\t\t\t<h3 class=\"faq-item-question-text\">Como criar respostas r\u00e1pidas para o Chatbot de IA?<\/h3>\r\n\r\n\t\t\t\t\t\t<div class=\"faq-item-question-icon\"><\/div>\r\n\t\t\t\t\t<\/div>\r\n\r\n\t\t\t\t\t<div class=\"faq-item-answer\">\r\n\t\t\t\t\t\t<div class=\"faq-item-answer-text\"><p>Voc\u00ea pode adicion\u00e1-las diretamente no editor do Chatbot de IA, indo at\u00e9 a se\u00e7\u00e3o &#8220;Sauda\u00e7\u00e3o&#8221;. L\u00e1 voc\u00ea encontrar\u00e1 o campo onde pode digitar uma introdu\u00e7\u00e3o cativante ou uma pergunta popular.<\/p><\/div>\r\n\t\t\t\t\t<\/div>\r\n\t\t\t\t<\/div><div class=\"faq-item\">\r\n\t\t\t\t\t<div class=\"faq-item-question\">\r\n\t\t\t\t\t\t<h3 class=\"faq-item-question-text\">O que torna o plugin de Chatbot de IA da Elfsight o melhor para o meu site jQuery?<\/h3>\r\n\r\n\t\t\t\t\t\t<div class=\"faq-item-question-icon\"><\/div>\r\n\t\t\t\t\t<\/div>\r\n\r\n\t\t\t\t\t<div class=\"faq-item-answer\">\r\n\t\t\t\t\t\t<div class=\"faq-item-answer-text\"><p>O plugin de Chatbot de IA \u00e9 uma solu\u00e7\u00e3o de chat sem c\u00f3digo, baseada na mais recente tecnologia de IA, pronta para ser treinada com os dados da sua organiza\u00e7\u00e3o. Com uma interface acess\u00edvel e v\u00e1rias op\u00e7\u00f5es de personaliza\u00e7\u00e3o, voc\u00ea pode oferecer suporte ao cliente 24\/7 com uma experi\u00eancia personalizada e sempre se manter informado com relat\u00f3rios regulares. Descubra por si mesmo como \u00e9 f\u00e1cil e r\u00e1pido com a Elfsight!<\/p><\/div>\r\n\t\t\t\t\t<\/div>\r\n\t\t\t\t<\/div><\/div><\/div>","protected":false},"excerpt":{"rendered":"","protected":false},"author":9,"featured_media":0,"parent":13498,"menu_order":0,"comment_status":"closed","ping_status":"closed","template":"templates\/template-application-platform.php","meta":{"publish_to_discourse":"","publish_post_category":"","wpdc_auto_publish_overridden":"","wpdc_topic_tags":"","wpdc_pin_topic":"","wpdc_pin_until":"","discourse_post_id":"","discourse_permalink":"","wpdc_publishing_response":"","wpdc_publishing_error":"","footnotes":""},"class_list":["post-13540","page","type-page","status-publish","hentry"],"yoast_head":"<!-- This site is optimized with the Yoast SEO plugin v25.3.1 - https:\/\/yoast.com\/wordpress\/plugins\/seo\/ -->\n<title>Plugin jQuery AI Chatbot \u2013 Adicione o Chatbot de IA ao jQuery [GR\u00c1TIS]<\/title>\n<meta name=\"description\" content=\"Adicione o melhor plugin de Chatbot de IA ao seu site jQuery sem codifica\u00e7\u00e3o. Otimize o suporte ao cliente com uma inser\u00e7\u00e3o direta!\" \/>\n<meta name=\"robots\" content=\"index, follow, max-snippet:-1, max-image-preview:large, max-video-preview:-1\" \/>\n<link rel=\"canonical\" href=\"https:\/\/elfsight.com\/pt\/ai-chatbot-widget\/jquery\/\" \/>\n<meta property=\"og:locale\" content=\"pt_PT\" \/>\n<meta property=\"og:type\" content=\"article\" \/>\n<meta property=\"og:title\" content=\"Plugin jQuery AI Chatbot \u2013 Adicione o Chatbot de IA ao jQuery [GR\u00c1TIS]\" \/>\n<meta property=\"og:description\" content=\"Adicione o melhor plugin de Chatbot de IA ao seu site jQuery sem codifica\u00e7\u00e3o. Otimize o suporte ao cliente com uma inser\u00e7\u00e3o direta!\" \/>\n<meta property=\"og:url\" content=\"https:\/\/elfsight.com\/pt\/ai-chatbot-widget\/jquery\/\" \/>\n<meta property=\"og:site_name\" content=\"Elfsight PT\" \/>\n<meta property=\"article:modified_time\" content=\"2025-04-14T17:53:55+00:00\" \/>\n<meta name=\"twitter:card\" content=\"summary_large_image\" \/>\n<meta name=\"twitter:label1\" content=\"Tempo estimado de leitura\" \/>\n\t<meta name=\"twitter:data1\" content=\"4 minutos\" \/>\n<!-- \/ Yoast SEO plugin. -->","yoast_head_json":{"title":"Plugin jQuery AI Chatbot \u2013 Adicione o Chatbot de IA ao jQuery [GR\u00c1TIS]","description":"Adicione o melhor plugin de Chatbot de IA ao seu site jQuery sem codifica\u00e7\u00e3o. Otimize o suporte ao cliente com uma inser\u00e7\u00e3o direta!","robots":{"index":"index","follow":"follow","max-snippet":"max-snippet:-1","max-image-preview":"max-image-preview:large","max-video-preview":"max-video-preview:-1"},"canonical":"https:\/\/elfsight.com\/pt\/ai-chatbot-widget\/jquery\/","og_locale":"pt_PT","og_type":"article","og_title":"Plugin jQuery AI Chatbot \u2013 Adicione o Chatbot de IA ao jQuery [GR\u00c1TIS]","og_description":"Adicione o melhor plugin de Chatbot de IA ao seu site jQuery sem codifica\u00e7\u00e3o. Otimize o suporte ao cliente com uma inser\u00e7\u00e3o direta!","og_url":"https:\/\/elfsight.com\/pt\/ai-chatbot-widget\/jquery\/","og_site_name":"Elfsight PT","article_modified_time":"2025-04-14T17:53:55+00:00","twitter_card":"summary_large_image","twitter_misc":{"Tempo estimado de leitura":"4 minutos"},"schema":{"@context":"https:\/\/schema.org","@graph":[{"@type":"WebPage","@id":"https:\/\/elfsight.com\/pt\/ai-chatbot-widget\/jquery\/","url":"https:\/\/elfsight.com\/pt\/ai-chatbot-widget\/jquery\/","name":"Plugin jQuery AI Chatbot \u2013 Adicione o Chatbot de IA ao jQuery [GR\u00c1TIS]","isPartOf":{"@id":"https:\/\/elfsight.com\/pt\/#website"},"datePublished":"2024-12-28T08:51:18+00:00","dateModified":"2025-04-14T17:53:55+00:00","description":"Adicione o melhor plugin de Chatbot de IA ao seu site jQuery sem codifica\u00e7\u00e3o. Otimize o suporte ao cliente com uma inser\u00e7\u00e3o direta!","breadcrumb":{"@id":"https:\/\/elfsight.com\/pt\/ai-chatbot-widget\/jquery\/#breadcrumb"},"inLanguage":"pt-PT","potentialAction":[{"@type":"ReadAction","target":["https:\/\/elfsight.com\/pt\/ai-chatbot-widget\/jquery\/"]}]},{"@type":"BreadcrumbList","@id":"https:\/\/elfsight.com\/pt\/ai-chatbot-widget\/jquery\/#breadcrumb","itemListElement":[{"@type":"ListItem","position":1,"name":"Home","item":"https:\/\/elfsight.com\/pt\/"},{"@type":"ListItem","position":2,"name":"AI Chatbot &#8211; jQuery"}]},{"@type":"WebSite","@id":"https:\/\/elfsight.com\/pt\/#website","url":"https:\/\/elfsight.com\/pt\/","name":"Elfsight PT","description":"Just another Elfsight Sites site","potentialAction":[{"@type":"SearchAction","target":{"@type":"EntryPoint","urlTemplate":"https:\/\/elfsight.com\/pt\/?s={search_term_string}"},"query-input":{"@type":"PropertyValueSpecification","valueRequired":true,"valueName":"search_term_string"}}],"inLanguage":"pt-PT"}]}},"meta_box":{"industry":"","seo_heading":"","heading":"","description":"","cta_heading":"","cta_description":"","application":"13494","h1":"Adicionar Chatbot de IA ao site jQuery","h1_caption":"Crie o melhor chatbot de IA, treinado especificamente com os dados do seu neg\u00f3cio para automatizar o suporte ao cliente, capturar leads e fornecer respostas instant\u00e2neas e precisas no site jQuery\u201424\/7.","application_category":[],"applications_title":"","applications_request_title":"","applications_request_button_text":"","hero_text":"","hero_video":"","hero_video_schema_markup":"","selling_points_title":"","selling_points_caption":"","selling_points":[],"selling_points_cta_text":"","features_title":"","features":"","ed_cta_examples_text":"","ed_cta_examples_hidden":"","ed_cta_demo_text":"","ed_cta_demo_hidden":"","why_caption":"","why_editor_title":"","why_editor_text":"","why_team_title":"","why_team_text":"","why_service_title":"","why_service_text":"","template_catalog_visible":"","template_catalog_title":"","template_catalog_text":"","template_catalog_categories_visible":"","demo_title":"Crie seu plugin de Chatbot de IA","demo_caption":"Configure o Chatbot de IA e adicione-o ao seu site jQuery gratuitamente!","default_faq_hidden":"","app_template_category":[],"platform":"55","template_public_id":"","codecanyon_url":"","codecanyon_item_id":"","codecanyon_price":"","pricing_caption":"","pricing_elfsight_apps_hide_column":"","pricing_elfsight_apps_url":"","pricing_codecanyon_price_caption":"","integration_category":[],"integration_request_title":"","integration_request_cta":"","integration_platform":"","integrations":[],"platform_category":[],"video_schema_markup":"","price":"a partir de $0 \/ m\u00eas","trial":"","benefits":[{"text":"Assist\u00eancia de instala\u00e7\u00e3o sem cobran\u00e7a"},{"text":"Atendimento ao cliente competente"},{"text":"Garantia de devolu\u00e7\u00e3o do dinheiro de 14 dias"},{"text":"Atualiza\u00e7\u00f5es constantes"},{"text":""}],"button_url":"#demo","button_target_blank":"","button_nofollow":"","attributes":[{"name":"Instala\u00e7\u00f5es","content":"50,000 - 100,000"},{"name":"Responsivo","content":"Sim"},{"name":"Browsers Compat\u00edveis","content":"Firefox, Safari, Opera, Chrome, Edge"}],"tags":[],"tags_disable_links":"","hide_more_platforms":"","video_object":"","demo_hide_cta":"","demo_hide_cloud_options":"","pricing_title":"","pricing":[{"pricing_icon":"platform","pricing_title":"Elfsight Apps","pricing_title_caption":"Software multiplataforma que funciona em qualquer site","pricing_price":"a partir de $0 \/ m\u00eas","pricing_price_caption":"Comece com um plano gratuito","pricing_benefits":[{"text":"Sites ilimitados"},{"text":"Suporte profissional ao cliente"},{"text":"Servi\u00e7o de instala\u00e7\u00e3o sem custo"},{"text":"Totalmente personaliz\u00e1vel"}],"pricing_button_text":"Adicionar ao site","pricing_button_url":"#demo"}],"related_apps_title":"","related_apps_hidden":"","author":"","image":[],"title":"","job":"","social_networks":[]},"_links":{"self":[{"href":"https:\/\/elfsight.com\/pt\/wp-json\/wp\/v2\/pages\/13540","targetHints":{"allow":["GET"]}}],"collection":[{"href":"https:\/\/elfsight.com\/pt\/wp-json\/wp\/v2\/pages"}],"about":[{"href":"https:\/\/elfsight.com\/pt\/wp-json\/wp\/v2\/types\/page"}],"author":[{"embeddable":true,"href":"https:\/\/elfsight.com\/pt\/wp-json\/wp\/v2\/users\/9"}],"replies":[{"embeddable":true,"href":"https:\/\/elfsight.com\/pt\/wp-json\/wp\/v2\/comments?post=13540"}],"version-history":[{"count":1,"href":"https:\/\/elfsight.com\/pt\/wp-json\/wp\/v2\/pages\/13540\/revisions"}],"predecessor-version":[{"id":13544,"href":"https:\/\/elfsight.com\/pt\/wp-json\/wp\/v2\/pages\/13540\/revisions\/13544"}],"up":[{"embeddable":true,"href":"https:\/\/elfsight.com\/pt\/wp-json\/wp\/v2\/pages\/13498"}],"wp:attachment":[{"href":"https:\/\/elfsight.com\/pt\/wp-json\/wp\/v2\/media?parent=13540"}],"curies":[{"name":"wp","href":"https:\/\/api.w.org\/{rel}","templated":true}]}}