{"id":13525,"date":"2024-12-28T09:29:43","date_gmt":"2024-12-28T09:29:43","guid":{"rendered":"https:\/\/elfsight.com\/pt\/?page_id=13525"},"modified":"2025-04-14T17:53:41","modified_gmt":"2025-04-14T17:53:41","slug":"webnode","status":"publish","type":"page","link":"https:\/\/elfsight.com\/pt\/ai-chatbot-widget\/webnode\/","title":{"rendered":"AI Chatbot &#8211; Webnode"},"content":{"rendered":"<div class=\"application-platform-content-item-description application-platform-content-item\" id=\"description\" data-nav-section=\"description\"><h2>Incorpore o Chatbot AI no Webnode com o widget Elfsight!<\/h2> <p>Crie um chatbot AI avan\u00e7ado para o seu site Webnode, treinado especificamente com sua base de conhecimento, recursos de suporte ou perguntas dos clientes. Permita que ele aprenda e evolua, oferecendo mensagens personalizadas para melhorar a experi\u00eancia do usu\u00e1rio todos os dias.<\/p> <p>Automatize as tarefas de atendimento ao cliente, reduza os tempos de resposta e gere leads com sucesso, sem interven\u00e7\u00e3o manual. Ofere\u00e7a assist\u00eancia cont\u00ednua, para que os clientes possam obter as respostas que desejam &#8211; quando e onde quiserem!<\/p> <p><b>Adicione um assistente AI para fornecer respostas r\u00e1pidas, resolver problemas e expandir suas vendas!<\/b><\/p> <\/div><div class=\"application-platform-content-item-features application-platform-content-item\" id=\"features\" data-nav-section=\"features\"> <h2>Oferecemos recursos poderosos e descomplicados, veja alguns deles:<\/h2> <ul><li><b>Automatize suas intera\u00e7\u00f5es com os clientes.<\/b> Agilize as respostas, ofere\u00e7a suporte 24\/7 e aumente a efici\u00eancia com uma configura\u00e7\u00e3o m\u00ednima &#8211; navegue por chats e usu\u00e1rios ilimitados sem esfor\u00e7o!<\/li><li><b>Crie uma experi\u00eancia personalizada.<\/b> Ajude cada cliente a se sentir valorizado e crie a melhor experi\u00eancia com respostas personalizadas, chamando-os pelo nome, rastreando o hist\u00f3rico de chats e comunicando-se com eles ap\u00f3s a conversa.<\/li><li><b>Treine o chatbot com dados da empresa.<\/b> Capacite o chatbot AI com sua experi\u00eancia especializada, enviando materiais, criando pares de perguntas e respostas, e utilizando as informa\u00e7\u00f5es do seu site para o gerador de instru\u00e7\u00f5es, garantindo respostas precisas e relevantes adequadas ao contexto do seu neg\u00f3cio.<\/li><li><b>Obtenha percep\u00e7\u00f5es dos clientes por e-mail.<\/b> Fique atualizado e obtenha informa\u00e7\u00f5es essenciais recebendo transcri\u00e7\u00f5es completas dos chats diretamente em sua caixa de entrada, incluindo informa\u00e7\u00f5es de contato vitais para gera\u00e7\u00e3o de leads e aprimoramento de servi\u00e7os.<\/li><li><b>Explore uma ampla sele\u00e7\u00e3o de modelos.<\/b> Implemente seu chatbot AI rapidamente com nossa biblioteca de modelos prontos para uso. Eles s\u00e3o projetados para diversas ind\u00fastrias e funcionalidades, cada um com conjuntos de instru\u00e7\u00f5es personalizadas para sucesso imediato.<\/li><\/ul><p><a href=\"#demo\">Examine todas as funcionalidades de personaliza\u00e7\u00e3o no configurador 100% funcional<\/a><\/p> <\/div> <div class=\"application-platform-content-item-installation application-platform-content-item\" id=\"installation\" data-nav-section=\"installation\"> <h2>Como adicionar o plugin Chatbot AI no Webnode?<\/h2> <p>Se deseja adicionar o Chatbot AI ao seu site Webnode, siga os passos abaixo:<\/p> <ol><li><b>Personalize o widget.<\/b><br> Comece escolhendo um dos modelos prontos. Depois, voc\u00ea pode treinar seu chatbot, configurar a funcionalidade e alterar sua apar\u00eancia para atender \u00e0s suas prefer\u00eancias comerciais.<\/li><li><b>Gere o c\u00f3digo de incorpora\u00e7\u00e3o.<\/b><br> Salve os resultados finais e copie o c\u00f3digo de instala\u00e7\u00e3o gerado automaticamente.<\/li><li><b>Adicione o c\u00f3digo ao editor do seu site.<\/b><br> V\u00e1 at\u00e9 o painel de administra\u00e7\u00e3o do seu site, insira o c\u00f3digo no local escolhido e atualize a p\u00e1gina. Pronto!<\/li> <\/ol><p>Em caso de d\u00favidas ou obst\u00e1culos, n\u00e3o hesite em buscar assist\u00eancia da nossa equipe de atendimento ao cliente. Nossa equipe ficar\u00e1 animada em ajud\u00e1-lo com qualquer problema que voc\u00ea possa ter com o widget.<\/p> <div class=\"faq\" data-component=\"FAQ\"><div class=\"faq-item\">\r\n\t\t\t\t\t<div class=\"faq-item-question\">\r\n\t\t\t\t\t\t<h3 class=\"faq-item-question-text\">Como posso adicionar as informa\u00e7\u00f5es da minha empresa ao widget Chatbot AI?<\/h3>\r\n\r\n\t\t\t\t\t\t<div class=\"faq-item-question-icon\"><\/div>\r\n\t\t\t\t\t<\/div>\r\n\r\n\t\t\t\t\t<div class=\"faq-item-answer\">\r\n\t\t\t\t\t\t<div class=\"faq-item-answer-text\"><p>Para adicionar suas informa\u00e7\u00f5es, v\u00e1 at\u00e9 a guia &#8220;Treinamento&#8221; e selecione um dos formatos fornecidos: arquivos de documentos, conjuntos espec\u00edficos de perguntas e respostas ou blocos de texto simples.<\/p> <\/div>\r\n\t\t\t\t\t<\/div>\r\n\t\t\t\t<\/div> <div class=\"faq-item\">\r\n\t\t\t\t\t<div class=\"faq-item-question\">\r\n\t\t\t\t\t\t<h3 class=\"faq-item-question-text\">Como criar respostas r\u00e1pidas para o Chatbot AI?<\/h3>\r\n\r\n\t\t\t\t\t\t<div class=\"faq-item-question-icon\"><\/div>\r\n\t\t\t\t\t<\/div>\r\n\r\n\t\t\t\t\t<div class=\"faq-item-answer\">\r\n\t\t\t\t\t\t<div class=\"faq-item-answer-text\"><p>Voc\u00ea pode adicion\u00e1-las diretamente no configurador do Chatbot AI, acessando a se\u00e7\u00e3o &#8220;Sauda\u00e7\u00e3o&#8221;. Voc\u00ea descobrir\u00e1 o campo onde pode inserir uma introdu\u00e7\u00e3o interessante ou uma pergunta popular.<\/p> <\/div>\r\n\t\t\t\t\t<\/div>\r\n\t\t\t\t<\/div> <div class=\"faq-item\">\r\n\t\t\t\t\t<div class=\"faq-item-question\">\r\n\t\t\t\t\t\t<h3 class=\"faq-item-question-text\">O que torna o widget Chatbot AI da Elfsight o melhor para o meu site Webnode?<\/h3>\r\n\r\n\t\t\t\t\t\t<div class=\"faq-item-question-icon\"><\/div>\r\n\t\t\t\t\t<\/div>\r\n\r\n\t\t\t\t\t<div class=\"faq-item-answer\">\r\n\t\t\t\t\t\t<div class=\"faq-item-answer-text\"> <p>O widget Chatbot AI \u00e9 uma solu\u00e7\u00e3o de chat sem codifica\u00e7\u00e3o movida pelo modelo de IA mais recente, pronta para ser treinada com as informa\u00e7\u00f5es da sua empresa. Com uma interface f\u00e1cil de usar e v\u00e1rias configura\u00e7\u00f5es de personaliza\u00e7\u00e3o, voc\u00ea pode garantir suporte ao cliente durante todo o dia, com uma experi\u00eancia personalizada, e sempre se manter informado com relat\u00f3rios cont\u00ednuos. Veja por si mesmo como \u00e9 conveniente e r\u00e1pido com a Elfsight!<\/p> <\/div>\r\n\t\t\t\t\t<\/div>\r\n\t\t\t\t<\/div><\/div><\/div> ","protected":false},"excerpt":{"rendered":"","protected":false},"author":9,"featured_media":0,"parent":13498,"menu_order":0,"comment_status":"closed","ping_status":"closed","template":"templates\/template-application-platform.php","meta":{"publish_to_discourse":"","publish_post_category":"","wpdc_auto_publish_overridden":"","wpdc_topic_tags":"","wpdc_pin_topic":"","wpdc_pin_until":"","discourse_post_id":"","discourse_permalink":"","wpdc_publishing_response":"","wpdc_publishing_error":"","footnotes":""},"class_list":["post-13525","page","type-page","status-publish","hentry"],"yoast_head":"<!-- This site is optimized with the Yoast SEO plugin v25.3.1 - https:\/\/yoast.com\/wordpress\/plugins\/seo\/ -->\n<title>Widget Webnode AI Chatbot \u2013 Adicione o Chatbot de IA ao Webnode [GR\u00c1TIS]<\/title>\n<meta name=\"description\" content=\"Adicione o melhor widget de Chatbot de IA ao seu site Webnode sem codifica\u00e7\u00e3o. Otimize o suporte ao cliente com uma inser\u00e7\u00e3o f\u00e1cil!\" \/>\n<meta name=\"robots\" content=\"index, follow, max-snippet:-1, max-image-preview:large, max-video-preview:-1\" \/>\n<link rel=\"canonical\" href=\"https:\/\/elfsight.com\/pt\/ai-chatbot-widget\/webnode\/\" \/>\n<meta property=\"og:locale\" content=\"pt_PT\" \/>\n<meta property=\"og:type\" content=\"article\" \/>\n<meta property=\"og:title\" content=\"Widget Webnode AI Chatbot \u2013 Adicione o Chatbot de IA ao Webnode [GR\u00c1TIS]\" \/>\n<meta property=\"og:description\" content=\"Adicione o melhor widget de Chatbot de IA ao seu site Webnode sem codifica\u00e7\u00e3o. Otimize o suporte ao cliente com uma inser\u00e7\u00e3o f\u00e1cil!\" \/>\n<meta property=\"og:url\" content=\"https:\/\/elfsight.com\/pt\/ai-chatbot-widget\/webnode\/\" \/>\n<meta property=\"og:site_name\" content=\"Elfsight PT\" \/>\n<meta property=\"article:modified_time\" content=\"2025-04-14T17:53:41+00:00\" \/>\n<meta name=\"twitter:card\" content=\"summary_large_image\" \/>\n<meta name=\"twitter:label1\" content=\"Tempo estimado de leitura\" \/>\n\t<meta name=\"twitter:data1\" content=\"4 minutos\" \/>\n<!-- \/ Yoast SEO plugin. -->","yoast_head_json":{"title":"Widget Webnode AI Chatbot \u2013 Adicione o Chatbot de IA ao Webnode [GR\u00c1TIS]","description":"Adicione o melhor widget de Chatbot de IA ao seu site Webnode sem codifica\u00e7\u00e3o. Otimize o suporte ao cliente com uma inser\u00e7\u00e3o f\u00e1cil!","robots":{"index":"index","follow":"follow","max-snippet":"max-snippet:-1","max-image-preview":"max-image-preview:large","max-video-preview":"max-video-preview:-1"},"canonical":"https:\/\/elfsight.com\/pt\/ai-chatbot-widget\/webnode\/","og_locale":"pt_PT","og_type":"article","og_title":"Widget Webnode AI Chatbot \u2013 Adicione o Chatbot de IA ao Webnode [GR\u00c1TIS]","og_description":"Adicione o melhor widget de Chatbot de IA ao seu site Webnode sem codifica\u00e7\u00e3o. Otimize o suporte ao cliente com uma inser\u00e7\u00e3o f\u00e1cil!","og_url":"https:\/\/elfsight.com\/pt\/ai-chatbot-widget\/webnode\/","og_site_name":"Elfsight PT","article_modified_time":"2025-04-14T17:53:41+00:00","twitter_card":"summary_large_image","twitter_misc":{"Tempo estimado de leitura":"4 minutos"},"schema":{"@context":"https:\/\/schema.org","@graph":[{"@type":"WebPage","@id":"https:\/\/elfsight.com\/pt\/ai-chatbot-widget\/webnode\/","url":"https:\/\/elfsight.com\/pt\/ai-chatbot-widget\/webnode\/","name":"Widget Webnode AI Chatbot \u2013 Adicione o Chatbot de IA ao Webnode [GR\u00c1TIS]","isPartOf":{"@id":"https:\/\/elfsight.com\/pt\/#website"},"datePublished":"2024-12-28T09:29:43+00:00","dateModified":"2025-04-14T17:53:41+00:00","description":"Adicione o melhor widget de Chatbot de IA ao seu site Webnode sem codifica\u00e7\u00e3o. Otimize o suporte ao cliente com uma inser\u00e7\u00e3o f\u00e1cil!","breadcrumb":{"@id":"https:\/\/elfsight.com\/pt\/ai-chatbot-widget\/webnode\/#breadcrumb"},"inLanguage":"pt-PT","potentialAction":[{"@type":"ReadAction","target":["https:\/\/elfsight.com\/pt\/ai-chatbot-widget\/webnode\/"]}]},{"@type":"BreadcrumbList","@id":"https:\/\/elfsight.com\/pt\/ai-chatbot-widget\/webnode\/#breadcrumb","itemListElement":[{"@type":"ListItem","position":1,"name":"Home","item":"https:\/\/elfsight.com\/pt\/"},{"@type":"ListItem","position":2,"name":"AI Chatbot &#8211; Webnode"}]},{"@type":"WebSite","@id":"https:\/\/elfsight.com\/pt\/#website","url":"https:\/\/elfsight.com\/pt\/","name":"Elfsight PT","description":"Just another Elfsight Sites site","potentialAction":[{"@type":"SearchAction","target":{"@type":"EntryPoint","urlTemplate":"https:\/\/elfsight.com\/pt\/?s={search_term_string}"},"query-input":{"@type":"PropertyValueSpecification","valueRequired":true,"valueName":"search_term_string"}}],"inLanguage":"pt-PT"}]}},"meta_box":{"industry":"","seo_heading":"","heading":"","description":"","cta_heading":"","cta_description":"","application":"13494","h1":"Adicionar Chatbot de IA ao site Webnode","h1_caption":"Crie o melhor chatbot de IA, treinado especificamente com os dados do seu neg\u00f3cio para automatizar o suporte ao cliente, capturar leads e fornecer respostas instant\u00e2neas e precisas no site Webnode\u201424\/7.","application_category":[],"applications_title":"","applications_request_title":"","applications_request_button_text":"","hero_text":"","hero_video":"","hero_video_schema_markup":"","selling_points_title":"","selling_points_caption":"","selling_points":[],"selling_points_cta_text":"","features_title":"","features":"","ed_cta_examples_text":"","ed_cta_examples_hidden":"","ed_cta_demo_text":"","ed_cta_demo_hidden":"","why_caption":"","why_editor_title":"","why_editor_text":"","why_team_title":"","why_team_text":"","why_service_title":"","why_service_text":"","template_catalog_visible":"","template_catalog_title":"","template_catalog_text":"","template_catalog_categories_visible":"","demo_title":"Crie seu plugin de Chatbot de IA","demo_caption":"Configure o Chatbot de IA e adicione-o ao seu site Webnode gratuitamente!","default_faq_hidden":"","app_template_category":[],"platform":"4917","template_public_id":"","codecanyon_url":"","codecanyon_item_id":"","codecanyon_price":"","pricing_caption":"","pricing_elfsight_apps_hide_column":"","pricing_elfsight_apps_url":"","pricing_codecanyon_price_caption":"","integration_category":[],"integration_request_title":"","integration_request_cta":"","integration_platform":"","integrations":[],"platform_category":[],"video_schema_markup":"","price":"a partir de $0 \/ m\u00eas","trial":"","benefits":[{"text":"Ajuda de instala\u00e7\u00e3o gratuita"},{"text":"Suporte experiente ao cliente"},{"text":"Garantia de reembolso de 14 dias"},{"text":"Melhorias cont\u00ednuas gratuitas"},{"text":""}],"button_url":"#demo","button_target_blank":"","button_nofollow":"","attributes":[{"name":"Instala\u00e7\u00f5es","content":"50,000 - 100,000"},{"name":"Responsivo","content":"Sim"},{"name":"Browsers Compat\u00edveis","content":"Firefox, Safari, Opera, Chrome, Edge"}],"tags":[],"tags_disable_links":"","hide_more_platforms":"","video_object":"","demo_hide_cta":"","demo_hide_cloud_options":"","pricing_title":"","pricing":[{"pricing_icon":"platform","pricing_title":"Elfsight Apps","pricing_title_caption":"Software multiplataforma que atende a qualquer site","pricing_price":"a partir de $0 \/ m\u00eas","pricing_price_caption":"Comece com um plano gratuito","pricing_benefits":[{"text":"Sites ilimitados"},{"text":"Suporte dedicado ao cliente"},{"text":"Servi\u00e7o de instala\u00e7\u00e3o sem custo"},{"text":"100% personaliz\u00e1vel"}],"pricing_button_text":"Adicionar ao site","pricing_button_url":"#demo"}],"related_apps_title":"","related_apps_hidden":"","author":"","image":[],"title":"","job":"","social_networks":[]},"_links":{"self":[{"href":"https:\/\/elfsight.com\/pt\/wp-json\/wp\/v2\/pages\/13525","targetHints":{"allow":["GET"]}}],"collection":[{"href":"https:\/\/elfsight.com\/pt\/wp-json\/wp\/v2\/pages"}],"about":[{"href":"https:\/\/elfsight.com\/pt\/wp-json\/wp\/v2\/types\/page"}],"author":[{"embeddable":true,"href":"https:\/\/elfsight.com\/pt\/wp-json\/wp\/v2\/users\/9"}],"replies":[{"embeddable":true,"href":"https:\/\/elfsight.com\/pt\/wp-json\/wp\/v2\/comments?post=13525"}],"version-history":[{"count":1,"href":"https:\/\/elfsight.com\/pt\/wp-json\/wp\/v2\/pages\/13525\/revisions"}],"predecessor-version":[{"id":13529,"href":"https:\/\/elfsight.com\/pt\/wp-json\/wp\/v2\/pages\/13525\/revisions\/13529"}],"up":[{"embeddable":true,"href":"https:\/\/elfsight.com\/pt\/wp-json\/wp\/v2\/pages\/13498"}],"wp:attachment":[{"href":"https:\/\/elfsight.com\/pt\/wp-json\/wp\/v2\/media?parent=13525"}],"curies":[{"name":"wp","href":"https:\/\/api.w.org\/{rel}","templated":true}]}}