{"id":13519,"date":"2024-12-28T09:37:22","date_gmt":"2024-12-28T09:37:22","guid":{"rendered":"https:\/\/elfsight.com\/pt\/?page_id=13519"},"modified":"2025-06-11T09:16:45","modified_gmt":"2025-06-11T09:16:45","slug":"facebook","status":"publish","type":"page","link":"https:\/\/elfsight.com\/pt\/ai-chatbot-widget\/facebook\/","title":{"rendered":"AI Chatbot &#8211; Facebook Page"},"content":{"rendered":"<div class=\"application-platform-content-item-description application-platform-content-item\" id=\"description\" data-nav-section=\"description\"><h2>Incorpore o Chatbot AI na P\u00e1gina do Facebook com o widget Elfsight!<\/h2> <p>Crie um chatbot AI de primeira linha para o seu site da P\u00e1gina do Facebook, treinado especificamente com sua base de conhecimento, documentos de suporte ou perguntas frequentes dos clientes. Permita que ele aprenda e se adapte, entregando mensagens personalizadas para melhorar o engajamento do usu\u00e1rio diariamente.<\/p> <p>Agilize as tarefas de atendimento ao cliente, diminua os tempos de resposta e capture leads de forma eficaz, sem interven\u00e7\u00e3o manual. Ofere\u00e7a assist\u00eancia 24 horas por dia, garantindo que os clientes obtenham as respostas de que precisam &#8211; a qualquer hora e de qualquer lugar!<\/p> <p><b>Adicione um assistente AI para responder perguntas, resolver problemas e aumentar suas vendas!<\/b><\/p> <\/div><div class=\"application-platform-content-item-features application-platform-content-item\" id=\"features\" data-nav-section=\"features\"> <h2>O widget oferece funcionalidades pr\u00e1ticas e f\u00e1ceis, aqui est\u00e3o algumas delas:<\/h2> <ul><li><b>Automatize sua comunica\u00e7\u00e3o com os clientes.<\/b> Agilize as respostas r\u00e1pidas, ofere\u00e7a suporte durante todo o dia e melhore a efici\u00eancia com uma configura\u00e7\u00e3o m\u00ednima &#8211; gerencie chats e usu\u00e1rios ilimitados sem esfor\u00e7o!<\/li><li><b>Ofere\u00e7a uma experi\u00eancia personalizada.<\/b> Fa\u00e7a cada cliente se sentir valorizado e crie a melhor experi\u00eancia com respostas personalizadas, chamando-os pelo nome, acompanhando conversas anteriores e mensagens de acompanhamento.<\/li><li><b>Treine o chatbot com dados corporativos.<\/b> Reforce o chatbot AI com seu conhecimento especializado, enviando arquivos, incluindo pares de perguntas e respostas, e utilizando o conte\u00fado do seu site para o gerador de instru\u00e7\u00f5es, garantindo respostas precisas e relevantes adequadas ao seu contexto de neg\u00f3cios.<\/li><li><b>Receba percep\u00e7\u00f5es dos clientes por e-mail.<\/b> Mantenha-se atualizado e capture informa\u00e7\u00f5es importantes recebendo transcri\u00e7\u00f5es completas dos chats diretamente na sua caixa de entrada, incluindo dados de contato chave para gera\u00e7\u00e3o de leads e otimiza\u00e7\u00e3o de servi\u00e7os.<\/li><li><b>Descubra uma ampla gama de modelos.<\/b> Configure seu chatbot AI rapidamente com nossa cole\u00e7\u00e3o de modelos prontos. Eles atendem a diversos setores e funcionalidades, cada um com conjuntos de instru\u00e7\u00f5es personalizadas para resultados instant\u00e2neos.<\/li><\/ul><p><a href=\"#demo\">Descubra todas as capacidades do widget no configurador desta p\u00e1gina<\/a><\/p> <\/div> <div class=\"application-platform-content-item-installation application-platform-content-item\" id=\"installation\" data-nav-section=\"installation\"> <h2>Como adicionar o plugin Chatbot AI \u00e0 P\u00e1gina do Facebook?<\/h2> <p>Para adicionar o Chatbot AI ao seu site da P\u00e1gina do Facebook, fa\u00e7a o seguinte:<\/p> <ol><li><b>Personalize o widget.<\/b><br> Comece escolhendo um dos modelos prontos. Em seguida, fique \u00e0 vontade para treinar seu chatbot, organizar as funcionalidades e ajustar seu design de acordo com suas prefer\u00eancias de neg\u00f3cios.<\/li><li><b>Obtenha o c\u00f3digo de incorpora\u00e7\u00e3o.<\/b><br> Salve as personaliza\u00e7\u00f5es e copie o c\u00f3digo de incorpora\u00e7\u00e3o gerado.<\/li><li><b>Adicione o c\u00f3digo ao editor do seu site.<\/b><br> Acesse o painel de administra\u00e7\u00e3o do seu site, cole o c\u00f3digo no local apropriado e atualize a p\u00e1gina. \u00c9 simples assim!<\/li> <\/ol><p>Se tiver d\u00favidas ou enfrentar qualquer obst\u00e1culo, n\u00e3o hesite em entrar em contato com nossa equipe de suporte. Nossos consultores ter\u00e3o prazer em resolver todas as dificuldades que voc\u00ea possa ter com o widget.<\/p> <div class=\"faq\" data-component=\"FAQ\"><div class=\"faq-item\">\r\n\t\t\t\t\t<div class=\"faq-item-question\">\r\n\t\t\t\t\t\t<h3 class=\"faq-item-question-text\">Como posso adicionar as informa\u00e7\u00f5es da minha empresa ao widget Chatbot AI?<\/h3>\r\n\r\n\t\t\t\t\t\t<div class=\"faq-item-question-icon\"><\/div>\r\n\t\t\t\t\t<\/div>\r\n\r\n\t\t\t\t\t<div class=\"faq-item-answer\">\r\n\t\t\t\t\t\t<div class=\"faq-item-answer-text\"><p>Para adicionar suas informa\u00e7\u00f5es, abra a guia &#8220;Treinamento&#8221; e escolha um dos formatos existentes: arquivos de documentos, pares espec\u00edficos de perguntas e respostas ou blocos de texto simples.<\/p> <\/div>\r\n\t\t\t\t\t<\/div>\r\n\t\t\t\t<\/div> <div class=\"faq-item\">\r\n\t\t\t\t\t<div class=\"faq-item-question\">\r\n\t\t\t\t\t\t<h3 class=\"faq-item-question-text\">Como criar respostas r\u00e1pidas para o Chatbot AI?<\/h3>\r\n\r\n\t\t\t\t\t\t<div class=\"faq-item-question-icon\"><\/div>\r\n\t\t\t\t\t<\/div>\r\n\r\n\t\t\t\t\t<div class=\"faq-item-answer\">\r\n\t\t\t\t\t\t<div class=\"faq-item-answer-text\"><p>Voc\u00ea pode adicion\u00e1-las diretamente no editor do Chatbot AI na se\u00e7\u00e3o &#8220;Sauda\u00e7\u00e3o&#8221;. Voc\u00ea encontrar\u00e1 o campo onde pode incluir uma introdu\u00e7\u00e3o atraente ou uma pergunta popular.<\/p> <\/div>\r\n\t\t\t\t\t<\/div>\r\n\t\t\t\t<\/div> <div class=\"faq-item\">\r\n\t\t\t\t\t<div class=\"faq-item-question\">\r\n\t\t\t\t\t\t<h3 class=\"faq-item-question-text\">O que torna o widget Chatbot AI da Elfsight o melhor para o meu site da P\u00e1gina do Facebook?<\/h3>\r\n\r\n\t\t\t\t\t\t<div class=\"faq-item-question-icon\"><\/div>\r\n\t\t\t\t\t<\/div>\r\n\r\n\t\t\t\t\t<div class=\"faq-item-answer\">\r\n\t\t\t\t\t\t<div class=\"faq-item-answer-text\"> <p>O widget Chatbot AI \u00e9 uma solu\u00e7\u00e3o de chat sem c\u00f3digo alimentada pelo modelo de IA mais avan\u00e7ado, pronto para ser treinado com seus dados de neg\u00f3cios. Com uma interface f\u00e1cil de navegar e v\u00e1rias op\u00e7\u00f5es de personaliza\u00e7\u00e3o, voc\u00ea pode fornecer atendimento ao cliente 24\/7 com uma experi\u00eancia personalizada e sempre se manter informado com relat\u00f3rios regulares. Experimente voc\u00ea mesmo o qu\u00e3o simples e r\u00e1pido pode ser com a Elfsight!<\/p> <\/div>\r\n\t\t\t\t\t<\/div>\r\n\t\t\t\t<\/div><\/div><\/div> ","protected":false},"excerpt":{"rendered":"","protected":false},"author":9,"featured_media":0,"parent":13498,"menu_order":0,"comment_status":"closed","ping_status":"closed","template":"templates\/template-application-platform.php","meta":{"publish_to_discourse":"","publish_post_category":"","wpdc_auto_publish_overridden":"","wpdc_topic_tags":"","wpdc_pin_topic":"","wpdc_pin_until":"","discourse_post_id":"","discourse_permalink":"","wpdc_publishing_response":"","wpdc_publishing_error":"","footnotes":""},"class_list":["post-13519","page","type-page","status-publish","hentry"],"yoast_head":"<!-- This site is optimized with the Yoast SEO plugin v25.3.1 - https:\/\/yoast.com\/wordpress\/plugins\/seo\/ -->\n<title>Widget Facebook Page AI Chatbot \u2013 Adicione o Chatbot de IA \u00e0 P\u00e1gina do Facebook [GR\u00c1TIS]<\/title>\n<meta name=\"description\" content=\"Adicione o melhor widget de Chatbot de IA ao seu site da P\u00e1gina do Facebook sem codifica\u00e7\u00e3o. Automatize o atendimento ao cliente com uma inser\u00e7\u00e3o simples!\" \/>\n<meta name=\"robots\" content=\"index, follow, max-snippet:-1, max-image-preview:large, max-video-preview:-1\" \/>\n<link rel=\"canonical\" href=\"https:\/\/elfsight.com\/pt\/ai-chatbot-widget\/facebook\/\" \/>\n<meta property=\"og:locale\" content=\"pt_PT\" \/>\n<meta property=\"og:type\" content=\"article\" \/>\n<meta property=\"og:title\" content=\"Widget Facebook Page AI Chatbot \u2013 Adicione o Chatbot de IA \u00e0 P\u00e1gina do Facebook [GR\u00c1TIS]\" \/>\n<meta property=\"og:description\" content=\"Adicione o melhor widget de Chatbot de IA ao seu site da P\u00e1gina do Facebook sem codifica\u00e7\u00e3o. Automatize o atendimento ao cliente com uma inser\u00e7\u00e3o simples!\" \/>\n<meta property=\"og:url\" content=\"https:\/\/elfsight.com\/pt\/ai-chatbot-widget\/facebook\/\" \/>\n<meta property=\"og:site_name\" content=\"Elfsight PT\" \/>\n<meta property=\"article:modified_time\" content=\"2025-06-11T09:16:45+00:00\" \/>\n<meta name=\"twitter:card\" content=\"summary_large_image\" \/>\n<meta name=\"twitter:label1\" content=\"Tempo estimado de leitura\" \/>\n\t<meta name=\"twitter:data1\" content=\"4 minutos\" \/>\n<!-- \/ Yoast SEO plugin. -->","yoast_head_json":{"title":"Widget Facebook Page AI Chatbot \u2013 Adicione o Chatbot de IA \u00e0 P\u00e1gina do Facebook [GR\u00c1TIS]","description":"Adicione o melhor widget de Chatbot de IA ao seu site da P\u00e1gina do Facebook sem codifica\u00e7\u00e3o. Automatize o atendimento ao cliente com uma inser\u00e7\u00e3o simples!","robots":{"index":"index","follow":"follow","max-snippet":"max-snippet:-1","max-image-preview":"max-image-preview:large","max-video-preview":"max-video-preview:-1"},"canonical":"https:\/\/elfsight.com\/pt\/ai-chatbot-widget\/facebook\/","og_locale":"pt_PT","og_type":"article","og_title":"Widget Facebook Page AI Chatbot \u2013 Adicione o Chatbot de IA \u00e0 P\u00e1gina do Facebook [GR\u00c1TIS]","og_description":"Adicione o melhor widget de Chatbot de IA ao seu site da P\u00e1gina do Facebook sem codifica\u00e7\u00e3o. Automatize o atendimento ao cliente com uma inser\u00e7\u00e3o simples!","og_url":"https:\/\/elfsight.com\/pt\/ai-chatbot-widget\/facebook\/","og_site_name":"Elfsight PT","article_modified_time":"2025-06-11T09:16:45+00:00","twitter_card":"summary_large_image","twitter_misc":{"Tempo estimado de leitura":"4 minutos"},"schema":{"@context":"https:\/\/schema.org","@graph":[{"@type":"WebPage","@id":"https:\/\/elfsight.com\/pt\/ai-chatbot-widget\/facebook\/","url":"https:\/\/elfsight.com\/pt\/ai-chatbot-widget\/facebook\/","name":"Widget Facebook Page AI Chatbot \u2013 Adicione o Chatbot de IA \u00e0 P\u00e1gina do Facebook [GR\u00c1TIS]","isPartOf":{"@id":"https:\/\/elfsight.com\/pt\/#website"},"datePublished":"2024-12-28T09:37:22+00:00","dateModified":"2025-06-11T09:16:45+00:00","description":"Adicione o melhor widget de Chatbot de IA ao seu site da P\u00e1gina do Facebook sem codifica\u00e7\u00e3o. Automatize o atendimento ao cliente com uma inser\u00e7\u00e3o simples!","breadcrumb":{"@id":"https:\/\/elfsight.com\/pt\/ai-chatbot-widget\/facebook\/#breadcrumb"},"inLanguage":"pt-PT","potentialAction":[{"@type":"ReadAction","target":["https:\/\/elfsight.com\/pt\/ai-chatbot-widget\/facebook\/"]}]},{"@type":"BreadcrumbList","@id":"https:\/\/elfsight.com\/pt\/ai-chatbot-widget\/facebook\/#breadcrumb","itemListElement":[{"@type":"ListItem","position":1,"name":"Home","item":"https:\/\/elfsight.com\/pt\/"},{"@type":"ListItem","position":2,"name":"AI Chatbot &#8211; Facebook Page"}]},{"@type":"WebSite","@id":"https:\/\/elfsight.com\/pt\/#website","url":"https:\/\/elfsight.com\/pt\/","name":"Elfsight PT","description":"Just another Elfsight Sites site","potentialAction":[{"@type":"SearchAction","target":{"@type":"EntryPoint","urlTemplate":"https:\/\/elfsight.com\/pt\/?s={search_term_string}"},"query-input":{"@type":"PropertyValueSpecification","valueRequired":true,"valueName":"search_term_string"}}],"inLanguage":"pt-PT"}]}},"meta_box":{"industry":"","seo_heading":"","heading":"","description":"","cta_heading":"","cta_description":"","application":"13494","h1":"Adicionar Chatbot de IA ao site da P\u00e1gina do Facebook","h1_caption":"Crie o melhor chatbot de IA, treinado especificamente com os dados do seu neg\u00f3cio para automatizar o suporte ao cliente, capturar leads e fornecer respostas instant\u00e2neas e precisas no site da P\u00e1gina do Facebook\u201424\/7.","application_category":[],"applications_title":"","applications_request_title":"","applications_request_button_text":"","hero_text":"","hero_video":"","hero_video_schema_markup":"","selling_points_title":"","selling_points_caption":"","selling_points":[],"selling_points_cta_text":"","features_title":"","features":"","ed_cta_examples_text":"","ed_cta_examples_hidden":"","ed_cta_demo_text":"","ed_cta_demo_hidden":"","why_caption":"","why_editor_title":"","why_editor_text":"","why_team_title":"","why_team_text":"","why_service_title":"","why_service_text":"","template_catalog_visible":"","template_catalog_title":"","template_catalog_text":"","template_catalog_categories_visible":"","demo_title":"Crie seu widget de Chatbot de IA","demo_caption":"Configure o Chatbot de IA e adicione-o ao seu site da P\u00e1gina do Facebook gratuitamente!","default_faq_hidden":"","app_template_category":[],"platform":"103","template_public_id":"","codecanyon_url":"","codecanyon_item_id":"","codecanyon_price":"","pricing_caption":"","pricing_elfsight_apps_hide_column":"","pricing_elfsight_apps_url":"","pricing_codecanyon_price_caption":"","integration_category":[],"integration_request_title":"","integration_request_cta":"","integration_platform":"","integrations":[],"platform_category":[],"video_schema_markup":"","price":"a partir de $0 \/ m\u00eas","trial":"","benefits":[{"text":"Servi\u00e7o de instala\u00e7\u00e3o sem custo"},{"text":"Suporte premium"},{"text":"Garantia de reembolso de 14 dias"},{"text":"Desenvolvimento cont\u00ednuo"},{"text":""}],"button_url":"#demo","button_target_blank":"","button_nofollow":"","attributes":[{"name":"Instala\u00e7\u00f5es","content":"50,000 - 100,000"},{"name":"Responsivo","content":"Sim"},{"name":"Browsers Compat\u00edveis","content":"Firefox, Safari, Opera, Chrome, Edge"}],"tags":[],"tags_disable_links":"","hide_more_platforms":"","video_object":"","demo_hide_cta":"","demo_hide_cloud_options":"","pricing_title":"","pricing":[{"pricing_icon":"platform","pricing_title":"Elfsight Apps","pricing_title_caption":"Vers\u00e3o independente de plataforma que atende a qualquer site","pricing_price":"a partir de $0 \/ m\u00eas","pricing_price_caption":"Comece com um plano gratuito","pricing_benefits":[{"text":"Sites ilimitados"},{"text":"Suporte gratuito e pontual"},{"text":"Assist\u00eancia de instala\u00e7\u00e3o sem custo"},{"text":"Design flex\u00edvel"}],"pricing_button_text":"Adicionar ao site","pricing_button_url":"#demo"}],"related_apps_title":"","related_apps_hidden":"","author":"","image":[],"title":"","job":"","social_networks":[]},"_links":{"self":[{"href":"https:\/\/elfsight.com\/pt\/wp-json\/wp\/v2\/pages\/13519","targetHints":{"allow":["GET"]}}],"collection":[{"href":"https:\/\/elfsight.com\/pt\/wp-json\/wp\/v2\/pages"}],"about":[{"href":"https:\/\/elfsight.com\/pt\/wp-json\/wp\/v2\/types\/page"}],"author":[{"embeddable":true,"href":"https:\/\/elfsight.com\/pt\/wp-json\/wp\/v2\/users\/9"}],"replies":[{"embeddable":true,"href":"https:\/\/elfsight.com\/pt\/wp-json\/wp\/v2\/comments?post=13519"}],"version-history":[{"count":1,"href":"https:\/\/elfsight.com\/pt\/wp-json\/wp\/v2\/pages\/13519\/revisions"}],"predecessor-version":[{"id":13523,"href":"https:\/\/elfsight.com\/pt\/wp-json\/wp\/v2\/pages\/13519\/revisions\/13523"}],"up":[{"embeddable":true,"href":"https:\/\/elfsight.com\/pt\/wp-json\/wp\/v2\/pages\/13498"}],"wp:attachment":[{"href":"https:\/\/elfsight.com\/pt\/wp-json\/wp\/v2\/media?parent=13519"}],"curies":[{"name":"wp","href":"https:\/\/api.w.org\/{rel}","templated":true}]}}