{"id":13518,"date":"2024-12-28T09:42:14","date_gmt":"2024-12-28T09:42:14","guid":{"rendered":"https:\/\/elfsight.com\/pt\/?page_id=13518"},"modified":"2025-06-11T09:16:45","modified_gmt":"2025-06-11T09:16:45","slug":"drupal","status":"publish","type":"page","link":"https:\/\/elfsight.com\/pt\/ai-chatbot-widget\/drupal\/","title":{"rendered":"AI Chatbot &#8211; Drupal"},"content":{"rendered":"<div class=\"application-platform-content-item-description application-platform-content-item\" id=\"description\" data-nav-section=\"description\"><h2>Incorporar o Chatbot AI no Drupal com o widget Elfsight!<\/h2> <p>Crie um chatbot AI superior para o seu site Drupal, treinado especificamente com sua base de conhecimento, arquivos de suporte ou perguntas frequentes comuns. Permita que ele aprenda e evolua, oferecendo mensagens personalizadas para servir melhor seus usu\u00e1rios a cada dia.<\/p> <p>Agilize as tarefas de atendimento ao cliente, reduza os tempos de resposta e gere leads com sucesso, sem trabalho manual. Ofere\u00e7a suporte cont\u00ednuo, garantindo que os clientes tenham as informa\u00e7\u00f5es que precisam &#8211; a qualquer hora, em qualquer lugar!<\/p> <p><b>Adicione um assistente AI para fornecer respostas instant\u00e2neas, resolver preocupa\u00e7\u00f5es e aumentar suas vendas!<\/b><\/p> <\/div><div class=\"application-platform-content-item-features application-platform-content-item\" id=\"features\" data-nav-section=\"features\"> <h2>Aqui est\u00e3o as caracter\u00edsticas principais do widget:<\/h2> <ul><li><b>Automatize suas intera\u00e7\u00f5es com o cliente.<\/b> Agilize as respostas, garanta disponibilidade durante todo o dia e aumente a efici\u00eancia com configura\u00e7\u00e3o m\u00ednima &#8211; gerencie chats e usu\u00e1rios ilimitados com facilidade!<\/li><li><b>Ofere\u00e7a uma experi\u00eancia personalizada.<\/b> Ajude cada cliente a se sentir \u00fanico e crie a melhor experi\u00eancia por meio de respostas personalizadas, sauda\u00e7\u00f5es, salvamento de hist\u00f3rico de chat e comunica\u00e7\u00f5es de acompanhamento.<\/li><li><b>Treine o chatbot com os insights da empresa.<\/b> Reforce o chatbot AI com sua expertise espec\u00edfica fazendo upload de materiais, incorporando conjuntos de perguntas e respostas e utilizando as informa\u00e7\u00f5es do seu site para o gerador de instru\u00e7\u00f5es, garantindo respostas precisas e aplic\u00e1veis adaptadas ao seu neg\u00f3cio.<\/li><li><b>Obtenha informa\u00e7\u00f5es do cliente por e-mail.<\/b> Fique informado e colete insights essenciais ao receber transcri\u00e7\u00f5es completas dos chats diretamente na sua caixa de entrada, incluindo detalhes vitais de contato para gera\u00e7\u00e3o de leads e melhoria de servi\u00e7os.<\/li><li><b>Explore uma ampla variedade de templates.<\/b> Lance seu chatbot AI rapidamente com nossa biblioteca de templates prontos para uso. Eles s\u00e3o desenvolvidos para diversas ind\u00fastrias e finalidades, cada um com conjuntos especializados de instru\u00e7\u00f5es para resultados imediatos.<\/li><\/ul><p><a href=\"#demo\">Simplesmente experimente este configurador para ver o que o widget oferece<\/a><\/p> <\/div> <div class=\"application-platform-content-item-installation application-platform-content-item\" id=\"installation\" data-nav-section=\"installation\"> <h2>Como adicionar o plugin Chatbot AI ao Drupal?<\/h2> <p>Se voc\u00ea deseja incorporar o Chatbot AI ao seu site Drupal, siga estas etapas:<\/p> <ol><li><b>Personalize o widget.<\/b><br> Escolha um template pr\u00e9-feito para come\u00e7ar. Em seguida, voc\u00ea pode treinar seu chatbot, configurar a funcionalidade e alterar seu estilo visual para alinhar com seus objetivos de neg\u00f3cios.<\/li><li><b>Obtenha o c\u00f3digo de incorpora\u00e7\u00e3o.<\/b><br> Salve o resultado e copie o c\u00f3digo de instala\u00e7\u00e3o fornecido.<\/li><li><b>Adicione o c\u00f3digo ao seu construtor de sites.<\/b><br> Acesse a \u00e1rea administrativa do seu site, cole o shortcode onde necess\u00e1rio e atualize a p\u00e1gina. Tudo pronto!<\/li> <\/ol><p>Se voc\u00ea encontrar dificuldades, entre em contato com nossa equipe de atendimento ao cliente. Nossos funcion\u00e1rios est\u00e3o ansiosos para ajud\u00e1-lo com todas as d\u00favidas que voc\u00ea possa ter sobre o m\u00f3dulo.<\/p> <div class=\"faq\" data-component=\"FAQ\"><div class=\"faq-item\">\r\n\t\t\t\t\t<div class=\"faq-item-question\">\r\n\t\t\t\t\t\t<h3 class=\"faq-item-question-text\">Como posso adicionar as informa\u00e7\u00f5es da minha empresa ao m\u00f3dulo Chatbot AI?<\/h3>\r\n\r\n\t\t\t\t\t\t<div class=\"faq-item-question-icon\"><\/div>\r\n\t\t\t\t\t<\/div>\r\n\r\n\t\t\t\t\t<div class=\"faq-item-answer\">\r\n\t\t\t\t\t\t<div class=\"faq-item-answer-text\"><p>Para fazer o upload dos seus dados, navegue at\u00e9 a se\u00e7\u00e3o &#8220;Treinamento&#8221; e escolha um dos formatos oferecidos: arquivos de documentos, conjuntos espec\u00edficos de perguntas e respostas ou blocos de texto b\u00e1sicos.<\/p> <\/div>\r\n\t\t\t\t\t<\/div>\r\n\t\t\t\t<\/div> <div class=\"faq-item\">\r\n\t\t\t\t\t<div class=\"faq-item-question\">\r\n\t\t\t\t\t\t<h3 class=\"faq-item-question-text\">Como criar respostas r\u00e1pidas para o Chatbot AI?<\/h3>\r\n\r\n\t\t\t\t\t\t<div class=\"faq-item-question-icon\"><\/div>\r\n\t\t\t\t\t<\/div>\r\n\r\n\t\t\t\t\t<div class=\"faq-item-answer\">\r\n\t\t\t\t\t\t<div class=\"faq-item-answer-text\"><p>Voc\u00ea pode adicion\u00e1-las diretamente no configurador do Chatbot AI, acessando o menu &#8220;Sauda\u00e7\u00e3o&#8221;. Voc\u00ea encontrar\u00e1 o campo onde pode digitar uma introdu\u00e7\u00e3o cativante para a conversa ou uma consulta comum.<\/p> <\/div>\r\n\t\t\t\t\t<\/div>\r\n\t\t\t\t<\/div> <div class=\"faq-item\">\r\n\t\t\t\t\t<div class=\"faq-item-question\">\r\n\t\t\t\t\t\t<h3 class=\"faq-item-question-text\">O que torna o m\u00f3dulo Chatbot AI Elfsight o melhor para o meu site Drupal?<\/h3>\r\n\r\n\t\t\t\t\t\t<div class=\"faq-item-question-icon\"><\/div>\r\n\t\t\t\t\t<\/div>\r\n\r\n\t\t\t\t\t<div class=\"faq-item-answer\">\r\n\t\t\t\t\t\t<div class=\"faq-item-answer-text\"> <p>O m\u00f3dulo Chatbot AI \u00e9 uma solu\u00e7\u00e3o de chat sem codifica\u00e7\u00e3o, respaldada pela mais recente tecnologia de IA, pronta para ser treinada com as informa\u00e7\u00f5es da sua empresa. Com uma interface intuitiva e v\u00e1rias configura\u00e7\u00f5es de personaliza\u00e7\u00e3o, voc\u00ea pode oferecer suporte ao cliente 24 horas com uma experi\u00eancia personalizada e sempre se manter no controle com relat\u00f3rios cont\u00ednuos. Explore por si mesmo como \u00e9 conveniente e r\u00e1pido com Elfsight!<\/p> <\/div>\r\n\t\t\t\t\t<\/div>\r\n\t\t\t\t<\/div><\/div><\/div> ","protected":false},"excerpt":{"rendered":"","protected":false},"author":9,"featured_media":0,"parent":13498,"menu_order":0,"comment_status":"closed","ping_status":"closed","template":"templates\/template-application-platform.php","meta":{"publish_to_discourse":"","publish_post_category":"","wpdc_auto_publish_overridden":"","wpdc_topic_tags":"","wpdc_pin_topic":"","wpdc_pin_until":"","discourse_post_id":"","discourse_permalink":"","wpdc_publishing_response":"","wpdc_publishing_error":"","footnotes":""},"class_list":["post-13518","page","type-page","status-publish","hentry"],"yoast_head":"<!-- This site is optimized with the Yoast SEO plugin v25.3.1 - https:\/\/yoast.com\/wordpress\/plugins\/seo\/ -->\n<title>M\u00f3dulo Drupal AI Chatbot \u2013 Adicione o Chatbot de IA ao Drupal [GR\u00c1TIS]<\/title>\n<meta name=\"description\" content=\"Adicione o melhor m\u00f3dulo de Chatbot de IA ao seu site Drupal sem codifica\u00e7\u00e3o. Agilize a assist\u00eancia ao cliente com uma inser\u00e7\u00e3o r\u00e1pida!\" \/>\n<meta name=\"robots\" content=\"index, follow, max-snippet:-1, max-image-preview:large, max-video-preview:-1\" \/>\n<link rel=\"canonical\" href=\"https:\/\/elfsight.com\/pt\/ai-chatbot-widget\/drupal\/\" \/>\n<meta property=\"og:locale\" content=\"pt_PT\" \/>\n<meta property=\"og:type\" content=\"article\" \/>\n<meta property=\"og:title\" content=\"M\u00f3dulo Drupal AI Chatbot \u2013 Adicione o Chatbot de IA ao Drupal [GR\u00c1TIS]\" \/>\n<meta property=\"og:description\" content=\"Adicione o melhor m\u00f3dulo de Chatbot de IA ao seu site Drupal sem codifica\u00e7\u00e3o. Agilize a assist\u00eancia ao cliente com uma inser\u00e7\u00e3o r\u00e1pida!\" \/>\n<meta property=\"og:url\" content=\"https:\/\/elfsight.com\/pt\/ai-chatbot-widget\/drupal\/\" \/>\n<meta property=\"og:site_name\" content=\"Elfsight PT\" \/>\n<meta property=\"article:modified_time\" content=\"2025-06-11T09:16:45+00:00\" \/>\n<meta name=\"twitter:card\" content=\"summary_large_image\" \/>\n<meta name=\"twitter:label1\" content=\"Tempo estimado de leitura\" \/>\n\t<meta name=\"twitter:data1\" content=\"4 minutos\" \/>\n<!-- \/ Yoast SEO plugin. -->","yoast_head_json":{"title":"M\u00f3dulo Drupal AI Chatbot \u2013 Adicione o Chatbot de IA ao Drupal [GR\u00c1TIS]","description":"Adicione o melhor m\u00f3dulo de Chatbot de IA ao seu site Drupal sem codifica\u00e7\u00e3o. Agilize a assist\u00eancia ao cliente com uma inser\u00e7\u00e3o r\u00e1pida!","robots":{"index":"index","follow":"follow","max-snippet":"max-snippet:-1","max-image-preview":"max-image-preview:large","max-video-preview":"max-video-preview:-1"},"canonical":"https:\/\/elfsight.com\/pt\/ai-chatbot-widget\/drupal\/","og_locale":"pt_PT","og_type":"article","og_title":"M\u00f3dulo Drupal AI Chatbot \u2013 Adicione o Chatbot de IA ao Drupal [GR\u00c1TIS]","og_description":"Adicione o melhor m\u00f3dulo de Chatbot de IA ao seu site Drupal sem codifica\u00e7\u00e3o. Agilize a assist\u00eancia ao cliente com uma inser\u00e7\u00e3o r\u00e1pida!","og_url":"https:\/\/elfsight.com\/pt\/ai-chatbot-widget\/drupal\/","og_site_name":"Elfsight PT","article_modified_time":"2025-06-11T09:16:45+00:00","twitter_card":"summary_large_image","twitter_misc":{"Tempo estimado de leitura":"4 minutos"},"schema":{"@context":"https:\/\/schema.org","@graph":[{"@type":"WebPage","@id":"https:\/\/elfsight.com\/pt\/ai-chatbot-widget\/drupal\/","url":"https:\/\/elfsight.com\/pt\/ai-chatbot-widget\/drupal\/","name":"M\u00f3dulo Drupal AI Chatbot \u2013 Adicione o Chatbot de IA ao Drupal [GR\u00c1TIS]","isPartOf":{"@id":"https:\/\/elfsight.com\/pt\/#website"},"datePublished":"2024-12-28T09:42:14+00:00","dateModified":"2025-06-11T09:16:45+00:00","description":"Adicione o melhor m\u00f3dulo de Chatbot de IA ao seu site Drupal sem codifica\u00e7\u00e3o. Agilize a assist\u00eancia ao cliente com uma inser\u00e7\u00e3o r\u00e1pida!","breadcrumb":{"@id":"https:\/\/elfsight.com\/pt\/ai-chatbot-widget\/drupal\/#breadcrumb"},"inLanguage":"pt-PT","potentialAction":[{"@type":"ReadAction","target":["https:\/\/elfsight.com\/pt\/ai-chatbot-widget\/drupal\/"]}]},{"@type":"BreadcrumbList","@id":"https:\/\/elfsight.com\/pt\/ai-chatbot-widget\/drupal\/#breadcrumb","itemListElement":[{"@type":"ListItem","position":1,"name":"Home","item":"https:\/\/elfsight.com\/pt\/"},{"@type":"ListItem","position":2,"name":"AI Chatbot &#8211; Drupal"}]},{"@type":"WebSite","@id":"https:\/\/elfsight.com\/pt\/#website","url":"https:\/\/elfsight.com\/pt\/","name":"Elfsight PT","description":"Just another Elfsight Sites site","potentialAction":[{"@type":"SearchAction","target":{"@type":"EntryPoint","urlTemplate":"https:\/\/elfsight.com\/pt\/?s={search_term_string}"},"query-input":{"@type":"PropertyValueSpecification","valueRequired":true,"valueName":"search_term_string"}}],"inLanguage":"pt-PT"}]}},"meta_box":{"industry":"","seo_heading":"","heading":"","description":"","cta_heading":"","cta_description":"","application":"13494","h1":"Adicionar Chatbot de IA ao site Drupal","h1_caption":"Crie o melhor chatbot de IA, treinado especificamente com os dados do seu neg\u00f3cio para automatizar o suporte ao cliente, capturar leads e fornecer respostas instant\u00e2neas e precisas no site Drupal\u201424\/7.","application_category":[],"applications_title":"","applications_request_title":"","applications_request_button_text":"","hero_text":"","hero_video":"","hero_video_schema_markup":"","selling_points_title":"","selling_points_caption":"","selling_points":[],"selling_points_cta_text":"","features_title":"","features":"","ed_cta_examples_text":"","ed_cta_examples_hidden":"","ed_cta_demo_text":"","ed_cta_demo_hidden":"","why_caption":"","why_editor_title":"","why_editor_text":"","why_team_title":"","why_team_text":"","why_service_title":"","why_service_text":"","template_catalog_visible":"","template_catalog_title":"","template_catalog_text":"","template_catalog_categories_visible":"","demo_title":"Crie seu m\u00f3dulo de Chatbot de IA","demo_caption":"Configure o Chatbot de IA e adicione-o ao seu site Drupal gratuitamente!","default_faq_hidden":"","app_template_category":[],"platform":"4905","template_public_id":"","codecanyon_url":"","codecanyon_item_id":"","codecanyon_price":"","pricing_caption":"","pricing_elfsight_apps_hide_column":"","pricing_elfsight_apps_url":"","pricing_codecanyon_price_caption":"","integration_category":[],"integration_request_title":"","integration_request_cta":"","integration_platform":"","integrations":[],"platform_category":[],"video_schema_markup":"","price":"a partir de $0 \/ m\u00eas","trial":"","benefits":[{"text":"Ajuda de instala\u00e7\u00e3o sem custo"},{"text":"Atendimento ao cliente eficaz"},{"text":"Garantia de devolu\u00e7\u00e3o do dinheiro de 14 dias"},{"text":"Atualiza\u00e7\u00f5es cont\u00ednuas gratuitas"},{"text":""}],"button_url":"#demo","button_target_blank":"","button_nofollow":"","attributes":[{"name":"Instala\u00e7\u00f5es","content":"50,000 - 100,000"},{"name":"Responsivo","content":"Sim"},{"name":"Browsers Compat\u00edveis","content":"Firefox, Safari, Opera, Chrome, Edge"}],"tags":[],"tags_disable_links":"","hide_more_platforms":"","video_object":"","demo_hide_cta":"","demo_hide_cloud_options":"","pricing_title":"","pricing":[{"pricing_icon":"platform","pricing_title":"Elfsight Apps","pricing_title_caption":"Solu\u00e7\u00e3o digital independente de plataforma que funciona em qualquer site","pricing_price":"a partir de $0 \/ m\u00eas","pricing_price_caption":"Comece com um plano gratuito","pricing_benefits":[{"text":"Sites ilimitados"},{"text":"Suporte r\u00e1pido"},{"text":"Servi\u00e7o de instala\u00e7\u00e3o sem custo"},{"text":"100% personaliz\u00e1vel"}],"pricing_button_text":"Adicionar ao site","pricing_button_url":"#demo"}],"related_apps_title":"","related_apps_hidden":"","author":"","image":[],"title":"","job":"","social_networks":[]},"_links":{"self":[{"href":"https:\/\/elfsight.com\/pt\/wp-json\/wp\/v2\/pages\/13518","targetHints":{"allow":["GET"]}}],"collection":[{"href":"https:\/\/elfsight.com\/pt\/wp-json\/wp\/v2\/pages"}],"about":[{"href":"https:\/\/elfsight.com\/pt\/wp-json\/wp\/v2\/types\/page"}],"author":[{"embeddable":true,"href":"https:\/\/elfsight.com\/pt\/wp-json\/wp\/v2\/users\/9"}],"replies":[{"embeddable":true,"href":"https:\/\/elfsight.com\/pt\/wp-json\/wp\/v2\/comments?post=13518"}],"version-history":[{"count":1,"href":"https:\/\/elfsight.com\/pt\/wp-json\/wp\/v2\/pages\/13518\/revisions"}],"predecessor-version":[{"id":13522,"href":"https:\/\/elfsight.com\/pt\/wp-json\/wp\/v2\/pages\/13518\/revisions\/13522"}],"up":[{"embeddable":true,"href":"https:\/\/elfsight.com\/pt\/wp-json\/wp\/v2\/pages\/13498"}],"wp:attachment":[{"href":"https:\/\/elfsight.com\/pt\/wp-json\/wp\/v2\/media?parent=13518"}],"curies":[{"name":"wp","href":"https:\/\/api.w.org\/{rel}","templated":true}]}}