{"id":13516,"date":"2024-12-28T09:51:56","date_gmt":"2024-12-28T09:51:56","guid":{"rendered":"https:\/\/elfsight.com\/pt\/?page_id=13516"},"modified":"2025-06-11T09:16:45","modified_gmt":"2025-06-11T09:16:45","slug":"prestashop","status":"publish","type":"page","link":"https:\/\/elfsight.com\/pt\/ai-chatbot-widget\/prestashop\/","title":{"rendered":"AI Chatbot &#8211; PrestaShop"},"content":{"rendered":"<div class=\"application-platform-content-item-description application-platform-content-item\" id=\"description\" data-nav-section=\"description\"><h2>Incorporar o chatbot AI no PrestaShop com o widget Elfsight!<\/h2> <p>Crie um chatbot AI de primeira linha para o seu site PrestaShop, treinado especificamente com sua base de conhecimento, recursos de suporte ou perguntas frequentes. Capacite-o a aprender e evoluir, oferecendo mensagens personalizadas para melhorar a experi\u00eancia do usu\u00e1rio a cada dia.<\/p> <p>Automatize facilmente as tarefas de atendimento ao cliente, reduza os tempos de resposta e capture leads de forma eficaz sem trabalho manual. Ofere\u00e7a suporte 24\/7, para que os clientes possam encontrar as informa\u00e7\u00f5es que desejam &#8211; a qualquer hora e em qualquer lugar!<\/p> <p><b>Adicione um assistente AI para fornecer respostas r\u00e1pidas, resolver problemas e expandir suas vendas!<\/b><\/p> <\/div><div class=\"application-platform-content-item-features application-platform-content-item\" id=\"features\" data-nav-section=\"features\"> <h2>Explore a lista das caracter\u00edsticas mais poderosas:<\/h2> <ul><li><b>Automatize suas intera\u00e7\u00f5es com o cliente.<\/b> Simplifique as respostas r\u00e1pidas, forne\u00e7a suporte 24\/7 e aumente a efici\u00eancia com configura\u00e7\u00e3o m\u00ednima &#8211; navegue por chats e usu\u00e1rios ilimitados com facilidade!<\/li><li><b>Ofere\u00e7a uma experi\u00eancia personalizada.<\/b> Fa\u00e7a cada cliente se sentir importante e crie a melhor experi\u00eancia com respostas personalizadas, usando seus nomes, acompanhando conversas anteriores e mensagens de acompanhamento.<\/li><li><b>Treine o chatbot com dados de neg\u00f3cios.<\/b> Capacite o chatbot AI com seu conhecimento especializado, fazendo o upload de documentos, criando pares de perguntas e respostas e aproveitando as informa\u00e7\u00f5es do seu site para o gerador de instru\u00e7\u00f5es, garantindo respostas precisas e aplic\u00e1veis adequadas ao seu neg\u00f3cio.<\/li><li><b>Receba informa\u00e7\u00f5es do cliente no seu e-mail.<\/b> Mantenha-se atualizado e colete informa\u00e7\u00f5es valiosas ao receber transcri\u00e7\u00f5es completas dos chats diretamente na sua caixa de entrada, incluindo detalhes de contato cruciais para gera\u00e7\u00e3o de leads e otimiza\u00e7\u00e3o de servi\u00e7os.<\/li><li><b>Explore uma ampla sele\u00e7\u00e3o de templates.<\/b> Coloque seu chatbot AI em funcionamento rapidamente com nossa biblioteca de templates prontos. Eles s\u00e3o criados para uma variedade de ind\u00fastrias e fun\u00e7\u00f5es, cada um com conjuntos de instru\u00e7\u00f5es personalizadas para sucesso instant\u00e2neo.<\/li><\/ul><p><a href=\"#demo\">Voc\u00ea pode sentir como o widget funciona usando o configurador<\/a><\/p> <\/div> <div class=\"application-platform-content-item-installation application-platform-content-item\" id=\"installation\" data-nav-section=\"installation\"> <h2>Como adicionar o plugin Chatbot AI ao PrestaShop?<\/h2> <p>Para incorporar o Chatbot AI ao seu site PrestaShop, siga estas etapas:<\/p> <ol><li><b>Personalize o widget.<\/b><br> Comece selecionando um dos templates dispon\u00edveis. Em seguida, sinta-se \u00e0 vontade para treinar seu chatbot, configurar a funcionalidade e alterar sua apar\u00eancia para atender \u00e0s necessidades do seu neg\u00f3cio.<\/li><li><b>Receba o c\u00f3digo de incorpora\u00e7\u00e3o.<\/b><br> Salve o trabalho conclu\u00eddo e copie o c\u00f3digo de instala\u00e7\u00e3o \u00fanico.<\/li><li><b>Adicione o c\u00f3digo ao editor do seu site.<\/b><br> Acesse o painel de administra\u00e7\u00e3o do seu site, insira o c\u00f3digo onde necess\u00e1rio e atualize a p\u00e1gina. Pronto!<\/li> <\/ol><p>Se tiver d\u00favidas ou encontrar dificuldades, n\u00e3o hesite em pedir ajuda \u00e0 nossa equipe de atendimento ao cliente. Nossos especialistas ficar\u00e3o felizes em ajudar com qualquer problema que voc\u00ea tenha com o addon.<\/p> <div class=\"faq\" data-component=\"FAQ\"><div class=\"faq-item\">\r\n\t\t\t\t\t<div class=\"faq-item-question\">\r\n\t\t\t\t\t\t<h3 class=\"faq-item-question-text\">Como posso adicionar as informa\u00e7\u00f5es da minha empresa ao addon Chatbot AI?<\/h3>\r\n\r\n\t\t\t\t\t\t<div class=\"faq-item-question-icon\"><\/div>\r\n\t\t\t\t\t<\/div>\r\n\r\n\t\t\t\t\t<div class=\"faq-item-answer\">\r\n\t\t\t\t\t\t<div class=\"faq-item-answer-text\"><p>Para fazer upload dos seus dados, visite o menu &#8220;Treinamento&#8221; e selecione um dos formatos dispon\u00edveis: arquivos de documentos, conjuntos espec\u00edficos de perguntas e respostas ou blocos de texto simples.<\/p> <\/div>\r\n\t\t\t\t\t<\/div>\r\n\t\t\t\t<\/div> <div class=\"faq-item\">\r\n\t\t\t\t\t<div class=\"faq-item-question\">\r\n\t\t\t\t\t\t<h3 class=\"faq-item-question-text\">Como criar respostas r\u00e1pidas para o Chatbot AI?<\/h3>\r\n\r\n\t\t\t\t\t\t<div class=\"faq-item-question-icon\"><\/div>\r\n\t\t\t\t\t<\/div>\r\n\r\n\t\t\t\t\t<div class=\"faq-item-answer\">\r\n\t\t\t\t\t\t<div class=\"faq-item-answer-text\"><p>Voc\u00ea pode adicion\u00e1-las diretamente no editor do Chatbot AI acessando a guia &#8220;Sauda\u00e7\u00e3o&#8221;. Voc\u00ea encontrar\u00e1 o campo onde pode inserir uma \u00f3tima introdu\u00e7\u00e3o de conversa ou pergunta frequente.<\/p> <\/div>\r\n\t\t\t\t\t<\/div>\r\n\t\t\t\t<\/div> <div class=\"faq-item\">\r\n\t\t\t\t\t<div class=\"faq-item-question\">\r\n\t\t\t\t\t\t<h3 class=\"faq-item-question-text\">O que torna o addon Chatbot AI Elfsight o melhor para o meu site PrestaShop?<\/h3>\r\n\r\n\t\t\t\t\t\t<div class=\"faq-item-question-icon\"><\/div>\r\n\t\t\t\t\t<\/div>\r\n\r\n\t\t\t\t\t<div class=\"faq-item-answer\">\r\n\t\t\t\t\t\t<div class=\"faq-item-answer-text\"> <p>O addon Chatbot AI \u00e9 uma solu\u00e7\u00e3o de chat sem c\u00f3digo, impulsionada pelo modelo de IA mais avan\u00e7ado, pronto para ser treinado com os insights da sua organiza\u00e7\u00e3o. Com uma interface f\u00e1cil de usar e v\u00e1rias op\u00e7\u00f5es de personaliza\u00e7\u00e3o, voc\u00ea pode oferecer suporte ao cliente 24\/7 com uma experi\u00eancia personalizada e se manter informado com relat\u00f3rios constantes. Descubra por si mesmo como \u00e9 f\u00e1cil e r\u00e1pido com o Elfsight!<\/p> <\/div>\r\n\t\t\t\t\t<\/div>\r\n\t\t\t\t<\/div><\/div><\/div>","protected":false},"excerpt":{"rendered":"","protected":false},"author":9,"featured_media":0,"parent":13498,"menu_order":0,"comment_status":"closed","ping_status":"closed","template":"templates\/template-application-platform.php","meta":{"publish_to_discourse":"","publish_post_category":"","wpdc_auto_publish_overridden":"","wpdc_topic_tags":"","wpdc_pin_topic":"","wpdc_pin_until":"","discourse_post_id":"","discourse_permalink":"","wpdc_publishing_response":"","wpdc_publishing_error":"","footnotes":""},"class_list":["post-13516","page","type-page","status-publish","hentry"],"yoast_head":"<!-- This site is optimized with the Yoast SEO plugin v25.3.1 - https:\/\/yoast.com\/wordpress\/plugins\/seo\/ -->\n<title>Add-on PrestaShop AI Chatbot \u2013 Adicione o Chatbot de IA ao PrestaShop [GR\u00c1TIS]<\/title>\n<meta name=\"description\" content=\"Adicione o melhor add-on de Chatbot de IA ao seu site PrestaShop sem codifica\u00e7\u00e3o. Otimize o suporte ao cliente com uma inser\u00e7\u00e3o r\u00e1pida!\" \/>\n<meta name=\"robots\" content=\"index, follow, max-snippet:-1, max-image-preview:large, max-video-preview:-1\" \/>\n<link rel=\"canonical\" href=\"https:\/\/elfsight.com\/pt\/ai-chatbot-widget\/prestashop\/\" \/>\n<meta property=\"og:locale\" content=\"pt_PT\" \/>\n<meta property=\"og:type\" content=\"article\" \/>\n<meta property=\"og:title\" content=\"Add-on PrestaShop AI Chatbot \u2013 Adicione o Chatbot de IA ao PrestaShop [GR\u00c1TIS]\" \/>\n<meta property=\"og:description\" content=\"Adicione o melhor add-on de Chatbot de IA ao seu site PrestaShop sem codifica\u00e7\u00e3o. Otimize o suporte ao cliente com uma inser\u00e7\u00e3o r\u00e1pida!\" \/>\n<meta property=\"og:url\" content=\"https:\/\/elfsight.com\/pt\/ai-chatbot-widget\/prestashop\/\" \/>\n<meta property=\"og:site_name\" content=\"Elfsight PT\" \/>\n<meta property=\"article:modified_time\" content=\"2025-06-11T09:16:45+00:00\" \/>\n<meta name=\"twitter:card\" content=\"summary_large_image\" \/>\n<meta name=\"twitter:label1\" content=\"Tempo estimado de leitura\" \/>\n\t<meta name=\"twitter:data1\" content=\"4 minutos\" \/>\n<!-- \/ Yoast SEO plugin. -->","yoast_head_json":{"title":"Add-on PrestaShop AI Chatbot \u2013 Adicione o Chatbot de IA ao PrestaShop [GR\u00c1TIS]","description":"Adicione o melhor add-on de Chatbot de IA ao seu site PrestaShop sem codifica\u00e7\u00e3o. Otimize o suporte ao cliente com uma inser\u00e7\u00e3o r\u00e1pida!","robots":{"index":"index","follow":"follow","max-snippet":"max-snippet:-1","max-image-preview":"max-image-preview:large","max-video-preview":"max-video-preview:-1"},"canonical":"https:\/\/elfsight.com\/pt\/ai-chatbot-widget\/prestashop\/","og_locale":"pt_PT","og_type":"article","og_title":"Add-on PrestaShop AI Chatbot \u2013 Adicione o Chatbot de IA ao PrestaShop [GR\u00c1TIS]","og_description":"Adicione o melhor add-on de Chatbot de IA ao seu site PrestaShop sem codifica\u00e7\u00e3o. Otimize o suporte ao cliente com uma inser\u00e7\u00e3o r\u00e1pida!","og_url":"https:\/\/elfsight.com\/pt\/ai-chatbot-widget\/prestashop\/","og_site_name":"Elfsight PT","article_modified_time":"2025-06-11T09:16:45+00:00","twitter_card":"summary_large_image","twitter_misc":{"Tempo estimado de leitura":"4 minutos"},"schema":{"@context":"https:\/\/schema.org","@graph":[{"@type":"WebPage","@id":"https:\/\/elfsight.com\/pt\/ai-chatbot-widget\/prestashop\/","url":"https:\/\/elfsight.com\/pt\/ai-chatbot-widget\/prestashop\/","name":"Add-on PrestaShop AI Chatbot \u2013 Adicione o Chatbot de IA ao PrestaShop [GR\u00c1TIS]","isPartOf":{"@id":"https:\/\/elfsight.com\/pt\/#website"},"datePublished":"2024-12-28T09:51:56+00:00","dateModified":"2025-06-11T09:16:45+00:00","description":"Adicione o melhor add-on de Chatbot de IA ao seu site PrestaShop sem codifica\u00e7\u00e3o. Otimize o suporte ao cliente com uma inser\u00e7\u00e3o r\u00e1pida!","breadcrumb":{"@id":"https:\/\/elfsight.com\/pt\/ai-chatbot-widget\/prestashop\/#breadcrumb"},"inLanguage":"pt-PT","potentialAction":[{"@type":"ReadAction","target":["https:\/\/elfsight.com\/pt\/ai-chatbot-widget\/prestashop\/"]}]},{"@type":"BreadcrumbList","@id":"https:\/\/elfsight.com\/pt\/ai-chatbot-widget\/prestashop\/#breadcrumb","itemListElement":[{"@type":"ListItem","position":1,"name":"Home","item":"https:\/\/elfsight.com\/pt\/"},{"@type":"ListItem","position":2,"name":"AI Chatbot &#8211; PrestaShop"}]},{"@type":"WebSite","@id":"https:\/\/elfsight.com\/pt\/#website","url":"https:\/\/elfsight.com\/pt\/","name":"Elfsight PT","description":"Just another Elfsight Sites site","potentialAction":[{"@type":"SearchAction","target":{"@type":"EntryPoint","urlTemplate":"https:\/\/elfsight.com\/pt\/?s={search_term_string}"},"query-input":{"@type":"PropertyValueSpecification","valueRequired":true,"valueName":"search_term_string"}}],"inLanguage":"pt-PT"}]}},"meta_box":{"industry":"","seo_heading":"","heading":"","description":"","cta_heading":"","cta_description":"","application":"13494","h1":"Adicionar Chatbot de IA ao site PrestaShop","h1_caption":"Crie o melhor chatbot de IA, treinado especificamente com os dados do seu neg\u00f3cio para automatizar o suporte ao cliente, capturar leads e fornecer respostas instant\u00e2neas e precisas no site PrestaShop\u201424\/7.","application_category":[],"applications_title":"","applications_request_title":"","applications_request_button_text":"","hero_text":"","hero_video":"","hero_video_schema_markup":"","selling_points_title":"","selling_points_caption":"","selling_points":[],"selling_points_cta_text":"","features_title":"","features":"","ed_cta_examples_text":"","ed_cta_examples_hidden":"","ed_cta_demo_text":"","ed_cta_demo_hidden":"","why_caption":"","why_editor_title":"","why_editor_text":"","why_team_title":"","why_team_text":"","why_service_title":"","why_service_text":"","template_catalog_visible":"","template_catalog_title":"","template_catalog_text":"","template_catalog_categories_visible":"","demo_title":"Crie seu add-on de Chatbot de IA","demo_caption":"Configure o Chatbot de IA e adicione-o ao seu site PrestaShop gratuitamente!","default_faq_hidden":"","app_template_category":[],"platform":"5343","template_public_id":"","codecanyon_url":"","codecanyon_item_id":"","codecanyon_price":"","pricing_caption":"","pricing_elfsight_apps_hide_column":"","pricing_elfsight_apps_url":"","pricing_codecanyon_price_caption":"","integration_category":[],"integration_request_title":"","integration_request_cta":"","integration_platform":"","integrations":[],"platform_category":[],"video_schema_markup":"","price":"a partir de $0 \/ m\u00eas","trial":"","benefits":[{"text":"Servi\u00e7o de instala\u00e7\u00e3o gratuito"},{"text":"Atendimento ao cliente competente"},{"text":"Garantia de reembolso de 14 dias"},{"text":"Atualiza\u00e7\u00f5es constantes"},{"text":""}],"button_url":"#demo","button_target_blank":"","button_nofollow":"","attributes":[{"name":"Instala\u00e7\u00f5es","content":"50,000 - 100,000"},{"name":"Responsivo","content":"Sim"},{"name":"Browsers Compat\u00edveis","content":"Firefox, Safari, Opera, Chrome, Edge"}],"tags":[],"tags_disable_links":"","hide_more_platforms":"","video_object":"","demo_hide_cta":"","demo_hide_cloud_options":"","pricing_title":"","pricing":[{"pricing_icon":"platform","pricing_title":"Elfsight Apps","pricing_title_caption":"Software multiplataforma que funciona em qualquer site","pricing_price":"a partir de $0 \/ m\u00eas","pricing_price_caption":"Comece com um plano gratuito","pricing_benefits":[{"text":"Sites ilimitados"},{"text":"Suporte ao cliente premium"},{"text":"Ajuda de instala\u00e7\u00e3o gratuita"},{"text":"Design flex\u00edvel"}],"pricing_button_text":"Adicionar ao site","pricing_button_url":"#demo"}],"related_apps_title":"","related_apps_hidden":"","author":"","image":[],"title":"","job":"","social_networks":[]},"_links":{"self":[{"href":"https:\/\/elfsight.com\/pt\/wp-json\/wp\/v2\/pages\/13516","targetHints":{"allow":["GET"]}}],"collection":[{"href":"https:\/\/elfsight.com\/pt\/wp-json\/wp\/v2\/pages"}],"about":[{"href":"https:\/\/elfsight.com\/pt\/wp-json\/wp\/v2\/types\/page"}],"author":[{"embeddable":true,"href":"https:\/\/elfsight.com\/pt\/wp-json\/wp\/v2\/users\/9"}],"replies":[{"embeddable":true,"href":"https:\/\/elfsight.com\/pt\/wp-json\/wp\/v2\/comments?post=13516"}],"version-history":[{"count":1,"href":"https:\/\/elfsight.com\/pt\/wp-json\/wp\/v2\/pages\/13516\/revisions"}],"predecessor-version":[{"id":13520,"href":"https:\/\/elfsight.com\/pt\/wp-json\/wp\/v2\/pages\/13516\/revisions\/13520"}],"up":[{"embeddable":true,"href":"https:\/\/elfsight.com\/pt\/wp-json\/wp\/v2\/pages\/13498"}],"wp:attachment":[{"href":"https:\/\/elfsight.com\/pt\/wp-json\/wp\/v2\/media?parent=13516"}],"curies":[{"name":"wp","href":"https:\/\/api.w.org\/{rel}","templated":true}]}}