{"id":13491,"date":"2024-12-27T10:21:25","date_gmt":"2024-12-27T10:21:25","guid":{"rendered":"https:\/\/elfsight.com\/pt\/?page_id=13491"},"modified":"2025-04-14T17:53:34","modified_gmt":"2025-04-14T17:53:34","slug":"webnode","status":"publish","type":"page","link":"https:\/\/elfsight.com\/pt\/linkedin-feed-widget\/webnode\/","title":{"rendered":"LinkedIn Feed &#8211; Webnode"},"content":{"rendered":"\n<div class=\"application-platform-content-item-description application-platform-content-item\" id=\"description\" data-nav-section=\"description\">\n\n<h2>Como incorporar o Feed do LinkedIn no Webnode gratuitamente!<\/h2> <p>O widget do Feed do LinkedIn oferece uma excelente oportunidade para empresas apresentarem e divulgarem seu conte\u00fado do LinkedIn em sites Webnode: exibindo publica\u00e7\u00f5es, imagens, v\u00eddeos, etc. A instala\u00e7\u00e3o do widget leva segundos \u2014 n\u00e3o \u00e9 necess\u00e1rio conhecimento em programa\u00e7\u00e3o.<\/p> <p>Criar um visual que reflita a est\u00e9tica do seu site e experimentar combina\u00e7\u00f5es de atributos personalizados do feed, templates, layouts e estilos de posts. Utilize o modo pop-up como uma a\u00e7\u00e3o ap\u00f3s o clique para capturar a aten\u00e7\u00e3o dos usu\u00e1rios. Por fim, aproveite o aumento da confian\u00e7a e a melhor taxa de engajamento.<\/p> <ul> <li><strong>Amplie seu alcance de rede com a p\u00e1gina da empresa no LinkedIn.<\/strong><br> Crie novos relacionamentos no mundo dos neg\u00f3cios e aumente o n\u00famero de leads utilizando o conte\u00fado do seu perfil no LinkedIn.<\/li> <li><strong>Expanda sua base de audi\u00eancia no LinkedIn.<\/strong><br> Atraia aten\u00e7\u00e3o para o seu LinkedIn dentro da comunidade Webnode e gere forte interesse nas suas ofertas.<\/li> <li><strong>Eleve a genuinidade do seu neg\u00f3cio.<\/strong> <br> D\u00ea uma camada adicional de credibilidade e confian\u00e7a \u00e0 sua marca compartilhando a atividade mais recente do LinkedIn diretamente na p\u00e1gina do site.<\/li> <\/ul> <p><b>Adicione o Feed do LinkedIn ao site Webnode para refor\u00e7ar a credibilidade, transmitir genuinidade e expandir a rede de contatos aproveitando as provas sociais fortes.<\/b><\/p> <div class=\"faq\" data-component=\"FAQ\"> <div class=\"faq-item\">\r\n\t\t\t\t\t<div class=\"faq-item-question\">\r\n\t\t\t\t\t\t<h3 class=\"faq-item-question-text\">Existem outras ferramentas para Webnode que eu posso usar no meu site?<\/h3>\r\n\r\n\t\t\t\t\t\t<div class=\"faq-item-question-icon\"><\/div>\r\n\t\t\t\t\t<\/div>\r\n\r\n\t\t\t\t\t<div class=\"faq-item-answer\">\r\n\t\t\t\t\t\t<div class=\"faq-item-answer-text\"> <p>Sim, absolutamente! Como usu\u00e1rio do Webnode, a Elfsight oferece uma ampla sele\u00e7\u00e3o de ferramentas sem c\u00f3digo, e o plugin do Feed do LinkedIn \u00e9 apenas uma dessas op\u00e7\u00f5es. N\u00e3o importa qual tipo de neg\u00f3cio voc\u00ea tenha e qual nicho voc\u00ea ocupe \u2014 voc\u00ea sempre pode procurar oportunidades para exibir seus pontos fortes. Confira as op\u00e7\u00f5es:<\/p> <ul> <li>Para criar outros aplicativos de m\u00eddia social para o seu site Webnode, considere usar o <a href=\"https:\/\/elfsight.com\/pinterest-feed-widget\/\">Feed do Pinterest<\/a> ou o <a href=\"https:\/\/elfsight.com\/instagram-feed-instashow\/\">Feed do Instagram<\/a> juntamente com o Feed do LinkedIn.<\/li> <li>Obtenha o plugin <a href=\"https:\/\/elfsight.com\/all-in-one-reviews-widget\/\">All-in-One Reviews<\/a> ou <a href=\"https:\/\/elfsight.com\/google-reviews-widget\/\">Google Reviews<\/a> para exibir feedbacks valiosos de clientes.<\/li> <li>Incorpore o <a href=\"https:\/\/elfsight.com\/online-form-builder\/\">Form Builder<\/a> para facilitar a coleta de respostas e facilitar a comunica\u00e7\u00e3o com seus usu\u00e1rios do Webnode.<\/li> <li>Adicione o <a href=\"https:\/\/elfsight.com\/countdown-timer-widget\/\">Countdown Timer<\/a> para gerar expectativa e criar um senso de urg\u00eancia entre o p\u00fablico.<\/li> <\/ul> <p>Esses exemplos s\u00e3o apenas uma pequena amostra de uma longa lista de adi\u00e7\u00f5es que podem cobrir as necessidades do seu neg\u00f3cio. Comece com o Feed do LinkedIn e explore nosso cat\u00e1logo para mais solu\u00e7\u00f5es de widgets!<\/p>\n<\/div>\r\n\t\t\t\t\t<\/div>\r\n\t\t\t\t<\/div>\n\n<div class=\"faq-item\">\r\n\t\t\t\t\t<div class=\"faq-item-question\">\r\n\t\t\t\t\t\t<h3 class=\"faq-item-question-text\">Como incorporar o Feed do LinkedIn gratuitamente no Webnode?<\/h3>\r\n\r\n\t\t\t\t\t\t<div class=\"faq-item-question-icon\"><\/div>\r\n\t\t\t\t\t<\/div>\r\n\r\n\t\t\t\t\t<div class=\"faq-item-answer\">\r\n\t\t\t\t\t\t<div class=\"faq-item-answer-text\">\n\n<p>Para integrar o Feed do LinkedIn no seu site Webnode gratuitamente, siga os passos abaixo:<\/p> <ol> <li>Personalize a apar\u00eancia do widget Feed do LinkedIn para complementar o design do seu site.<\/li> <li>Fa\u00e7a login no painel de administra\u00e7\u00e3o da Elfsight ou registre um perfil gratuito.<\/li> <li>Obtenha o c\u00f3digo de incorpora\u00e7\u00e3o gerado automaticamente.<\/li> <li>Acesse seu site Webnode.<\/li> <li>Insira o c\u00f3digo no editor do seu site Webnode para adicionar o widget do Feed. Pronto!<\/li> <\/ol> <p>Como voc\u00ea pode ver, n\u00e3o \u00e9 necess\u00e1rio ter experi\u00eancia em escrever c\u00f3digo para incorporar o plugin. Crie um widget Feed do LinkedIn para seu site Webnode com facilidade e aproveite todas as vantagens que acompanham o processo de expandir seu alcance.<\/p> <\/div>\r\n\t\t\t\t\t<\/div>\r\n\t\t\t\t<\/div>\n<div class=\"faq-item\">\r\n\t\t\t\t\t<div class=\"faq-item-question\">\r\n\t\t\t\t\t\t<h3 class=\"faq-item-question-text\">Eu preciso saber programar ou ter habilidades em programa\u00e7\u00e3o para incorporar o Feed do LinkedIn no Webnode?<\/h3>\r\n\r\n\t\t\t\t\t\t<div class=\"faq-item-question-icon\"><\/div>\r\n\t\t\t\t\t<\/div>\r\n\r\n\t\t\t\t\t<div class=\"faq-item-answer\">\r\n\t\t\t\t\t\t<div class=\"faq-item-answer-text\">\n\n<p>De forma alguma. Nenhuma habilidade pr\u00e9via de codifica\u00e7\u00e3o \u00e9 necess\u00e1ria. Voc\u00ea pode criar e adicionar facilmente o Feed do LinkedIn ao seu site Webnode, independentemente de seu conhecimento ou experi\u00eancia anterior.<\/p> <\/div>\r\n\t\t\t\t\t<\/div>\r\n\t\t\t\t<\/div> <\/div>\n<\/div>\n\n<div class=\"application-platform-content-item-features application-platform-content-item\" id=\"features\" data-nav-section=\"features\">\n\n<h2>Oferecemos recursos valiosos e f\u00e1ceis de usar, veja alguns deles:<\/h2> <ul> <li>Exiba todos os tipos de conte\u00fado: postagens de blogs, fotos, v\u00eddeos, etc.<\/li> <li>Filtre as postagens do feed por palavras-chave, hashtags ou URLs.<\/li> <li>Bot\u00f5es de call-to-action para melhorar a taxa de engajamento no feed do LinkedIn da sua empresa.<\/li> <li>Modo pop-up atraente para chamar aten\u00e7\u00e3o para seu conte\u00fado do LinkedIn.<\/li> <li>Personaliza\u00e7\u00e3o sem c\u00f3digo com configura\u00e7\u00f5es de design avan\u00e7adas: templates prontos para usar, gerador de esquema de cores, v\u00e1rios designs de layout, estilos de posts, Custom CSS e muito mais.<\/li> <\/ul> <p><a href=\"#demo\">Voc\u00ea pode experimentar o valor do widget usando a demonstra\u00e7\u00e3o<\/a><\/p> <\/div>\n<div class=\"application-platform-content-item-installation application-platform-content-item\" id=\"installation\" data-nav-section=\"installation\">\n\n<h2>Como posso incorporar o Feed do LinkedIn no meu site Webnode?<\/h2> <p>Para adicionar o Feed do LinkedIn ao seu site Webnode, siga os passos abaixo:<\/p> <ol> <li><b>Use nosso configurador gratuito e comece a personalizar seu widget do Feed do LinkedIn.<\/b><br> Escolha a interface e os recursos personalizados do plugin e salve as altera\u00e7\u00f5es.<\/li> <li><b>Copie o c\u00f3digo \u00fanico exibido na caixa do Elfsight Apps.<\/b><br> Quando a cria\u00e7\u00e3o do seu widget pessoal for conclu\u00edda, copie o c\u00f3digo gerado e salve para uso posterior.<\/li> <li><b>Comece a usar o widget no seu site Webnode.<\/b><br> Coloque o c\u00f3digo copiado anteriormente no seu site e salve as altera\u00e7\u00f5es.<\/li> <li><b>Configura\u00e7\u00e3o conclu\u00edda com sucesso.<\/b><br> Acesse seu site para ver como o widget est\u00e1 funcionando.<\/li> <\/ol> <p>Se tiver d\u00favidas ou encontrar problemas, n\u00e3o hesite em entrar em contato com nossa equipe de suporte ao cliente. Nossos consultores est\u00e3o prontos para resolver todas as suas d\u00favidas sobre o produto.<\/p> <\/div>\n","protected":false},"excerpt":{"rendered":"","protected":false},"author":9,"featured_media":0,"parent":5172,"menu_order":0,"comment_status":"closed","ping_status":"closed","template":"templates\/template-application-platform.php","meta":{"publish_to_discourse":"","publish_post_category":"","wpdc_auto_publish_overridden":"","wpdc_topic_tags":"","wpdc_pin_topic":"","wpdc_pin_until":"","discourse_post_id":"","discourse_permalink":"","wpdc_publishing_response":"","wpdc_publishing_error":"","footnotes":""},"class_list":["post-13491","page","type-page","status-publish","hentry"],"yoast_head":"<!-- This site is optimized with the Yoast SEO plugin v25.3.1 - https:\/\/yoast.com\/wordpress\/plugins\/seo\/ -->\n<title>Feed do LinkedIn - Adicione widget de feed ao Webnode [de gra\u00e7a!]<\/title>\n<meta name=\"description\" content=\"Incorpore o widget LinkedIn Feed sem codifica\u00e7\u00e3o em seu site Webnode. Crie seu plugin usando uma demonstra\u00e7\u00e3o ao vivo e modelos pr\u00e9-fabricados para ter uma prova social forte.\" \/>\n<meta name=\"robots\" content=\"index, follow, max-snippet:-1, max-image-preview:large, max-video-preview:-1\" \/>\n<link rel=\"canonical\" href=\"https:\/\/elfsight.com\/pt\/linkedin-feed-widget\/webnode\/\" \/>\n<meta property=\"og:locale\" content=\"pt_PT\" \/>\n<meta property=\"og:type\" content=\"article\" \/>\n<meta property=\"og:title\" content=\"Feed do LinkedIn - Adicione widget de feed ao Webnode [de gra\u00e7a!]\" \/>\n<meta property=\"og:description\" content=\"Incorpore o widget LinkedIn Feed sem codifica\u00e7\u00e3o em seu site Webnode. Crie seu plugin usando uma demonstra\u00e7\u00e3o ao vivo e modelos pr\u00e9-fabricados para ter uma prova social forte.\" \/>\n<meta property=\"og:url\" content=\"https:\/\/elfsight.com\/pt\/linkedin-feed-widget\/webnode\/\" \/>\n<meta property=\"og:site_name\" content=\"Elfsight PT\" \/>\n<meta property=\"article:modified_time\" content=\"2025-04-14T17:53:34+00:00\" \/>\n<meta name=\"twitter:card\" content=\"summary_large_image\" \/>\n<meta name=\"twitter:label1\" content=\"Tempo estimado de leitura\" \/>\n\t<meta name=\"twitter:data1\" content=\"5 minutos\" \/>\n<!-- \/ Yoast SEO plugin. -->","yoast_head_json":{"title":"Feed do LinkedIn - Adicione widget de feed ao Webnode [de gra\u00e7a!]","description":"Incorpore o widget LinkedIn Feed sem codifica\u00e7\u00e3o em seu site Webnode. Crie seu plugin usando uma demonstra\u00e7\u00e3o ao vivo e modelos pr\u00e9-fabricados para ter uma prova social forte.","robots":{"index":"index","follow":"follow","max-snippet":"max-snippet:-1","max-image-preview":"max-image-preview:large","max-video-preview":"max-video-preview:-1"},"canonical":"https:\/\/elfsight.com\/pt\/linkedin-feed-widget\/webnode\/","og_locale":"pt_PT","og_type":"article","og_title":"Feed do LinkedIn - Adicione widget de feed ao Webnode [de gra\u00e7a!]","og_description":"Incorpore o widget LinkedIn Feed sem codifica\u00e7\u00e3o em seu site Webnode. Crie seu plugin usando uma demonstra\u00e7\u00e3o ao vivo e modelos pr\u00e9-fabricados para ter uma prova social forte.","og_url":"https:\/\/elfsight.com\/pt\/linkedin-feed-widget\/webnode\/","og_site_name":"Elfsight PT","article_modified_time":"2025-04-14T17:53:34+00:00","twitter_card":"summary_large_image","twitter_misc":{"Tempo estimado de leitura":"5 minutos"},"schema":{"@context":"https:\/\/schema.org","@graph":[{"@type":"WebPage","@id":"https:\/\/elfsight.com\/pt\/linkedin-feed-widget\/webnode\/","url":"https:\/\/elfsight.com\/pt\/linkedin-feed-widget\/webnode\/","name":"Feed do LinkedIn - Adicione widget de feed ao Webnode [de gra\u00e7a!]","isPartOf":{"@id":"https:\/\/elfsight.com\/pt\/#website"},"datePublished":"2024-12-27T10:21:25+00:00","dateModified":"2025-04-14T17:53:34+00:00","description":"Incorpore o widget LinkedIn Feed sem codifica\u00e7\u00e3o em seu site Webnode. Crie seu plugin usando uma demonstra\u00e7\u00e3o ao vivo e modelos pr\u00e9-fabricados para ter uma prova social forte.","breadcrumb":{"@id":"https:\/\/elfsight.com\/pt\/linkedin-feed-widget\/webnode\/#breadcrumb"},"inLanguage":"pt-PT","potentialAction":[{"@type":"ReadAction","target":["https:\/\/elfsight.com\/pt\/linkedin-feed-widget\/webnode\/"]}]},{"@type":"BreadcrumbList","@id":"https:\/\/elfsight.com\/pt\/linkedin-feed-widget\/webnode\/#breadcrumb","itemListElement":[{"@type":"ListItem","position":1,"name":"Home","item":"https:\/\/elfsight.com\/pt\/"},{"@type":"ListItem","position":2,"name":"LinkedIn Feed","item":"https:\/\/elfsight.com\/pt\/linkedin-feed-widget\/"},{"@type":"ListItem","position":3,"name":"LinkedIn Feed &#8211; Webnode"}]},{"@type":"WebSite","@id":"https:\/\/elfsight.com\/pt\/#website","url":"https:\/\/elfsight.com\/pt\/","name":"Elfsight PT","description":"Just another Elfsight Sites site","potentialAction":[{"@type":"SearchAction","target":{"@type":"EntryPoint","urlTemplate":"https:\/\/elfsight.com\/pt\/?s={search_term_string}"},"query-input":{"@type":"PropertyValueSpecification","valueRequired":true,"valueName":"search_term_string"}}],"inLanguage":"pt-PT"}]}},"meta_box":{"industry":"","seo_heading":"","heading":"","description":"","cta_heading":"","cta_description":"","application":"5159","h1":"Como incorporar o feed do LinkedIn no Webnode gratuitamente!","h1_caption":"Exiba postagens, imagens e v\u00eddeos da empresa LinkedIn em seu site","application_category":[],"applications_title":"","applications_request_title":"","applications_request_button_text":"","hero_text":"","hero_video":"","hero_video_schema_markup":"","selling_points_title":"","selling_points_caption":"","selling_points":[],"selling_points_cta_text":"","features_title":"","features":"","ed_cta_examples_text":"","ed_cta_examples_hidden":"","ed_cta_demo_text":"","ed_cta_demo_hidden":"","why_caption":"","why_editor_title":"","why_editor_text":"","why_team_title":"","why_team_text":"","why_service_title":"","why_service_text":"","template_catalog_visible":"0","template_catalog_title":"","template_catalog_text":"","template_catalog_categories_visible":"","demo_title":"Crie seu widget de feed do LinkedIn","demo_caption":"Configure seu feed do LinkedIn e adicione-o ao seu site Webnode gratuitamente!","default_faq_hidden":"","app_template_category":[],"platform":"4917","template_public_id":"","codecanyon_url":"","codecanyon_item_id":"","codecanyon_price":"","pricing_caption":"","pricing_elfsight_apps_hide_column":"","pricing_elfsight_apps_url":"","pricing_codecanyon_price_caption":"","integration_category":[],"integration_request_title":"","integration_request_cta":"","integration_platform":"","integrations":[],"platform_category":[],"video_schema_markup":"","price":"a partir de US$ 0\/m\u00eas","trial":"","benefits":[{"text":"Assist\u00eancia de instala\u00e7\u00e3o gratuita"},{"text":"Suporte ao cliente experiente"},{"text":"Garantia de devolu\u00e7\u00e3o do dinheiro em 14 dias"},{"text":"Atualizando constantemente"}],"button_url":"#demo","button_target_blank":"0","button_nofollow":"0","attributes":[{"name":"Instala\u00e7\u00f5es","content":"10,000 - 100,000"},{"name":"Responsivo","content":"Sim"},{"name":"Navegadores compat\u00edveis","content":"Firefox, Safari, Opera, Chrome, Edge"}],"tags":[],"tags_disable_links":"0","hide_more_platforms":"0","video_object":"","demo_hide_cta":"0","demo_hide_cloud_options":"0","pricing_title":"","pricing":[{"pricing_icon":"platform","pricing_title":"Elfsight Apps","pricing_title_caption":"Software independente de plataforma que funciona em qualquer site","pricing_price":"a partir de US$ 0\/m\u00eas","pricing_price_caption":"comece com um plano gratuito","pricing_benefits":[{"text":"Sites ilimitados"},{"text":"Suporte r\u00e1pido e pontual e bem documentado"},{"text":"Suporte r\u00e1pido e pontual e bem documentado"},{"text":"Design flex\u00edvel"}],"pricing_button_text":"Adicionar ao site","pricing_button_url":"#demo"}],"related_apps_title":"","related_apps_hidden":"0","author":"","image":[],"title":"","job":"","social_networks":[]},"_links":{"self":[{"href":"https:\/\/elfsight.com\/pt\/wp-json\/wp\/v2\/pages\/13491","targetHints":{"allow":["GET"]}}],"collection":[{"href":"https:\/\/elfsight.com\/pt\/wp-json\/wp\/v2\/pages"}],"about":[{"href":"https:\/\/elfsight.com\/pt\/wp-json\/wp\/v2\/types\/page"}],"author":[{"embeddable":true,"href":"https:\/\/elfsight.com\/pt\/wp-json\/wp\/v2\/users\/9"}],"replies":[{"embeddable":true,"href":"https:\/\/elfsight.com\/pt\/wp-json\/wp\/v2\/comments?post=13491"}],"version-history":[{"count":2,"href":"https:\/\/elfsight.com\/pt\/wp-json\/wp\/v2\/pages\/13491\/revisions"}],"predecessor-version":[{"id":13493,"href":"https:\/\/elfsight.com\/pt\/wp-json\/wp\/v2\/pages\/13491\/revisions\/13493"}],"up":[{"embeddable":true,"href":"https:\/\/elfsight.com\/pt\/wp-json\/wp\/v2\/pages\/5172"}],"wp:attachment":[{"href":"https:\/\/elfsight.com\/pt\/wp-json\/wp\/v2\/media?parent=13491"}],"curies":[{"name":"wp","href":"https:\/\/api.w.org\/{rel}","templated":true}]}}