{"id":13348,"date":"2024-09-30T18:27:29","date_gmt":"2024-09-30T18:27:29","guid":{"rendered":"https:\/\/elfsight.com\/pt\/?page_id=13348"},"modified":"2025-11-06T12:23:24","modified_gmt":"2025-11-06T12:23:24","slug":"html","status":"publish","type":"page","link":"https:\/\/elfsight.com\/pt\/calculator-form-widget\/html\/","title":{"rendered":"calculator &#8211; html"},"content":{"rendered":"<div class=\"application-platform-content-item-description application-platform-content-item\" id=\"description\" data-nav-section=\"description\"> <h2>Incorpore a Calculadora em HTML com um widget Elfsight<\/h2> <p>O widget Calculadora permite que os visitantes do seu site beneficiem de uma oportunidade de planear as suas custos, roteiros de viagem, propor\u00e7\u00f5es de cozimento e muito mais dependendo do seu ramo de atividade. \u00c9 poss\u00edvel adicionar campos obrigat\u00f3rios e op\u00e7\u00f5es adicionais a este widget incorporado, para que os clientes possam ver suas vantagens sem sair da p\u00e1gina. A l\u00f3gica condicional permite inventar solu\u00e7\u00f5es universais para qualquer cen\u00e1rio e cada cliente.<\/p><p>Elementos gerenci\u00e1veis, como caixas de sele\u00e7\u00e3o, controles deslizantes e listas suspensas, permitem incluir qualquer padr\u00e3o de constru\u00e7\u00e3o de pre\u00e7os para determinados produtos. Por exemplo, voc\u00ea pode calcular empr\u00e9stimos com uma porcentagem declarada por um per\u00edodo razo\u00e1vel. Voc\u00ea pode oferecer um aluguel de carro com muitas op\u00e7\u00f5es extras para escolher. Al\u00e9m disso, a calculadora \u00e9 capaz de planejar a viagem dos seus sonhos quando s\u00e3o calculados transporte, resid\u00eancia e atividades necess\u00e1rias. <\/p><p><b>Seus visitantes apreciar\u00e3o uma experi\u00eancia de c\u00e1lculo perfeita, integrando o widget de contagem orientado ao usu\u00e1rio! <\/b><\/p><\/div> <div class=\"application-platform-content-item-features application-platform-content-item\" id=\"features\" data-nav-section=\"features\"> <h2>Oferecemos recursos valiosos e descomplicados, veja alguns deles:<\/h2> <ul><li>Ferramenta com interface clara que abrange qualquer opera\u00e7\u00e3o<\/li><li>Muitos tipos de campos de c\u00e1lculo para suas ideias<\/li><li>L\u00f3gica condicional para permitir at\u00e9 mesmo c\u00e1lculos em v\u00e1rias etapas<\/li><li>Modelos prontos para come\u00e7ar sem esfor\u00e7o<\/li><li>Solu\u00e7\u00e3o integrada que inspira a tomada de decis\u00f5es<\/li><\/ul><p><a href=\"#demo\">Voc\u00ea pode conferir a funcionalidade completa do widget na demonstra\u00e7\u00e3o abaixo<\/a><\/p><\/div> <div class=\"application-platform-content-item-installation application-platform-content-item\" id=\"installation\" data-nav-section=\"installation\"> <h2>Como fa\u00e7o para integrar a Calculadora em minhas p\u00e1ginas HTML?<\/h2><div class=\"video-container\">\n<iframe width=\"720\" height=\"405\" src=\"https:\/\/www.youtube.com\/embed\/5Nt3crYUnfY?si=VsjmIEAdVqIaqG9S\" frameborder=\"0\" allowfullscreen=\"\"><\/iframe>\n<\/div> <p>Basta seguir as diretrizes abaixo para adicionar a ferramenta.<\/p> <ol><li><b>Use nosso editor gratuito e comece a construir seu instrumento personalizado. <\/b><br> Escolha o design e as op\u00e7\u00f5es desej\u00e1veis \u200b\u200bdo plugin e aplique as modifica\u00e7\u00f5es. <\/li> <li><b>Exponha o seu c\u00f3digo exclusivo na janela dos aplicativos Elfsight. <\/b><br> Assim que a gera\u00e7\u00e3o do seu widget terminar, copie o c\u00f3digo individual da janela exibida e salve-o para uso posterior. <\/li> <li><b>Inicie o uso da ferramenta em seu site HTML. <\/b><br> Integre o c\u00f3digo copiado anteriormente em sua p\u00e1gina web e salve as melhorias. <\/li> <li><b>Pronto! A integra\u00e7\u00e3o \u00e9 totalmente realizada. <\/b><br> Acesse seu site para observar como o plugin funciona. <\/li><\/ol> <p>Supondo que voc\u00ea enfrente algumas dificuldades, n\u00e3o hesite em procurar ajuda de nossa equipe de atendimento ao cliente. Nossos especialistas est\u00e3o ansiosos para ajud\u00e1-lo com todas as dificuldades que voc\u00ea possa ter com o widget. <\/p><\/div> ","protected":false},"excerpt":{"rendered":"","protected":false},"author":9,"featured_media":0,"parent":12749,"menu_order":0,"comment_status":"closed","ping_status":"closed","template":"templates\/template-application-platform.php","meta":{"publish_to_discourse":"","publish_post_category":"","wpdc_auto_publish_overridden":"","wpdc_topic_tags":"","wpdc_pin_topic":"","wpdc_pin_until":"","discourse_post_id":"","discourse_permalink":"","wpdc_publishing_response":"","wpdc_publishing_error":"","footnotes":""},"class_list":["post-13348","page","type-page","status-publish","hentry"],"yoast_head":"<!-- This site is optimized with the Yoast SEO plugin v25.3.1 - https:\/\/yoast.com\/wordpress\/plugins\/seo\/ -->\n<title>Calculadora HTML - Crie uma calculadora simples para HTML<\/title>\n<meta name=\"description\" content=\"Fa\u00e7a uma calculadora simples em HTML para o seu site. Crie uma calculadora HTML para qualquer necessidade diretamente nas p\u00e1ginas.\" \/>\n<meta name=\"robots\" content=\"index, follow, max-snippet:-1, max-image-preview:large, max-video-preview:-1\" \/>\n<link rel=\"canonical\" href=\"https:\/\/elfsight.com\/pt\/calculator-form-widget\/html\/\" \/>\n<meta property=\"og:locale\" content=\"pt_PT\" \/>\n<meta property=\"og:type\" content=\"article\" \/>\n<meta property=\"og:title\" content=\"Calculadora HTML - Crie uma calculadora simples para HTML\" \/>\n<meta property=\"og:description\" content=\"Fa\u00e7a uma calculadora simples em HTML para o seu site. Crie uma calculadora HTML para qualquer necessidade diretamente nas p\u00e1ginas.\" \/>\n<meta property=\"og:url\" content=\"https:\/\/elfsight.com\/pt\/calculator-form-widget\/html\/\" \/>\n<meta property=\"og:site_name\" content=\"Elfsight PT\" \/>\n<meta property=\"article:modified_time\" content=\"2025-11-06T12:23:24+00:00\" \/>\n<meta name=\"twitter:card\" content=\"summary_large_image\" \/>\n<meta name=\"twitter:label1\" content=\"Tempo estimado de leitura\" \/>\n\t<meta name=\"twitter:data1\" content=\"3 minutos\" \/>\n<!-- \/ Yoast SEO plugin. -->","yoast_head_json":{"title":"Calculadora HTML - Crie uma calculadora simples para HTML","description":"Fa\u00e7a uma calculadora simples em HTML para o seu site. Crie uma calculadora HTML para qualquer necessidade diretamente nas p\u00e1ginas.","robots":{"index":"index","follow":"follow","max-snippet":"max-snippet:-1","max-image-preview":"max-image-preview:large","max-video-preview":"max-video-preview:-1"},"canonical":"https:\/\/elfsight.com\/pt\/calculator-form-widget\/html\/","og_locale":"pt_PT","og_type":"article","og_title":"Calculadora HTML - Crie uma calculadora simples para HTML","og_description":"Fa\u00e7a uma calculadora simples em HTML para o seu site. Crie uma calculadora HTML para qualquer necessidade diretamente nas p\u00e1ginas.","og_url":"https:\/\/elfsight.com\/pt\/calculator-form-widget\/html\/","og_site_name":"Elfsight PT","article_modified_time":"2025-11-06T12:23:24+00:00","twitter_card":"summary_large_image","twitter_misc":{"Tempo estimado de leitura":"3 minutos"},"schema":{"@context":"https:\/\/schema.org","@graph":[{"@type":"WebPage","@id":"https:\/\/elfsight.com\/pt\/calculator-form-widget\/html\/","url":"https:\/\/elfsight.com\/pt\/calculator-form-widget\/html\/","name":"Calculadora HTML - Crie uma calculadora simples para HTML","isPartOf":{"@id":"https:\/\/elfsight.com\/pt\/#website"},"datePublished":"2024-09-30T18:27:29+00:00","dateModified":"2025-11-06T12:23:24+00:00","description":"Fa\u00e7a uma calculadora simples em HTML para o seu site. Crie uma calculadora HTML para qualquer necessidade diretamente nas p\u00e1ginas.","breadcrumb":{"@id":"https:\/\/elfsight.com\/pt\/calculator-form-widget\/html\/#breadcrumb"},"inLanguage":"pt-PT","potentialAction":[{"@type":"ReadAction","target":["https:\/\/elfsight.com\/pt\/calculator-form-widget\/html\/"]}]},{"@type":"BreadcrumbList","@id":"https:\/\/elfsight.com\/pt\/calculator-form-widget\/html\/#breadcrumb","itemListElement":[{"@type":"ListItem","position":1,"name":"Home","item":"https:\/\/elfsight.com\/pt\/"},{"@type":"ListItem","position":2,"name":"Calculator","item":"https:\/\/elfsight.com\/pt\/calculator-form-widget\/"},{"@type":"ListItem","position":3,"name":"calculator &#8211; html"}]},{"@type":"WebSite","@id":"https:\/\/elfsight.com\/pt\/#website","url":"https:\/\/elfsight.com\/pt\/","name":"Elfsight PT","description":"Just another Elfsight Sites site","potentialAction":[{"@type":"SearchAction","target":{"@type":"EntryPoint","urlTemplate":"https:\/\/elfsight.com\/pt\/?s={search_term_string}"},"query-input":{"@type":"PropertyValueSpecification","valueRequired":true,"valueName":"search_term_string"}}],"inLanguage":"pt-PT"}]}},"meta_box":{"industry":"","seo_heading":"","heading":"","description":"","cta_heading":"","cta_description":"","application":"12748","h1":"Calculadora HTML Simples","h1_caption":"Forne\u00e7a uma calculadora personalizada para seus visitantes, oferecendo solu\u00e7\u00f5es r\u00e1pidas para coisas como pre\u00e7os, descontos ou c\u00e1lculos de ROI em seu site HTML sem esfor\u00e7o.","application_category":[],"applications_title":"","applications_request_title":"","applications_request_button_text":"","hero_text":"","hero_video":"","hero_video_schema_markup":"","selling_points_title":"","selling_points_caption":"","selling_points":[],"selling_points_cta_text":"","features_title":"","features":"","ed_cta_examples_text":"","ed_cta_examples_hidden":"","ed_cta_demo_text":"","ed_cta_demo_hidden":"","why_caption":"","why_editor_title":"","why_editor_text":"","why_team_title":"","why_team_text":"","why_service_title":"","why_service_text":"","template_catalog_visible":"0","template_catalog_title":"","template_catalog_text":"","template_catalog_categories_visible":"","demo_title":"Crie seu widget Calculadora","demo_caption":"Configure sua calculadora e adicione-a ao seu site HTML gratuitamente!","default_faq_hidden":"","app_template_category":[],"platform":"49","template_public_id":"","codecanyon_url":"","codecanyon_item_id":"","codecanyon_price":"","pricing_caption":"","pricing_elfsight_apps_hide_column":"","pricing_elfsight_apps_url":"","pricing_codecanyon_price_caption":"","integration_category":[],"integration_request_title":"","integration_request_cta":"","integration_platform":"","integrations":[],"platform_category":[],"video_schema_markup":"","price":"a partir de $ 0 \/ m\u00eas","trial":"","benefits":[{"text":"Ajuda de instala\u00e7\u00e3o gratuita"},{"text":"Atendimento ao cliente profissional"},{"text":"Garantia de reembolso de 14 dias"},{"text":"Atualiza\u00e7\u00f5es gratuitas regulares"}],"button_url":"#demo","button_target_blank":"0","button_nofollow":"0","attributes":[{"name":"Instalar","content":"50,000 - 100,000"},{"name":"Responsivo","content":"Sim"},{"name":"Navegadores compat\u00edveis","content":"Firefox, Safari, Opera, Chrome, Edge"}],"tags":[],"tags_disable_links":"0","hide_more_platforms":"0","video_object":"","demo_hide_cta":"0","demo_hide_cloud_options":"0","pricing_title":"","pricing":[{"pricing_icon":"platform","pricing_title":"Elfsight Apps","pricing_title_caption":"Software multiplataforma","pricing_price":"a partir de $ 0 \/ m\u00eas","pricing_price_caption":"comece com um plano gratuito","pricing_benefits":[{"text":"Sites ilimitados"},{"text":"Suporte premium para empresas"},{"text":"Assist\u00eancia de instala\u00e7\u00e3o gratuita"},{"text":"Design flex\u00edvel"}],"pricing_button_text":"Adicionar ao site","pricing_button_url":"#demo"}],"related_apps_title":"","related_apps_hidden":"0","author":"","image":[],"title":"","job":"","social_networks":[]},"_links":{"self":[{"href":"https:\/\/elfsight.com\/pt\/wp-json\/wp\/v2\/pages\/13348","targetHints":{"allow":["GET"]}}],"collection":[{"href":"https:\/\/elfsight.com\/pt\/wp-json\/wp\/v2\/pages"}],"about":[{"href":"https:\/\/elfsight.com\/pt\/wp-json\/wp\/v2\/types\/page"}],"author":[{"embeddable":true,"href":"https:\/\/elfsight.com\/pt\/wp-json\/wp\/v2\/users\/9"}],"replies":[{"embeddable":true,"href":"https:\/\/elfsight.com\/pt\/wp-json\/wp\/v2\/comments?post=13348"}],"version-history":[{"count":3,"href":"https:\/\/elfsight.com\/pt\/wp-json\/wp\/v2\/pages\/13348\/revisions"}],"predecessor-version":[{"id":15164,"href":"https:\/\/elfsight.com\/pt\/wp-json\/wp\/v2\/pages\/13348\/revisions\/15164"}],"up":[{"embeddable":true,"href":"https:\/\/elfsight.com\/pt\/wp-json\/wp\/v2\/pages\/12749"}],"wp:attachment":[{"href":"https:\/\/elfsight.com\/pt\/wp-json\/wp\/v2\/media?parent=13348"}],"curies":[{"name":"wp","href":"https:\/\/api.w.org\/{rel}","templated":true}]}}