{"id":13347,"date":"2024-09-30T18:27:29","date_gmt":"2024-09-30T18:27:29","guid":{"rendered":"https:\/\/elfsight.com\/pt\/?page_id=13347"},"modified":"2025-04-14T17:51:32","modified_gmt":"2025-04-14T17:51:32","slug":"webflow","status":"publish","type":"page","link":"https:\/\/elfsight.com\/pt\/calculator-form-widget\/webflow\/","title":{"rendered":"calculator &#8211; webflow"},"content":{"rendered":"\n<div class=\"application-platform-content-item-description application-platform-content-item\" id=\"description\" data-nav-section=\"description\"> <h2>Incorpore a Calculadora no Webflow com um widget Elfsight<\/h2> <p>O widget Calculadora oferece aos usu\u00e1rios do seu site a oportunidade de planejar seus custos, rotas de viagem, propor\u00e7\u00f5es de cozimento e muito mais dependendo do seu ramo de atividade. Podem-se adicionar v\u00e1rios campos e op\u00e7\u00f5es adicionais a este widget incorporado, para que os clientes possam ver os benef\u00edcios sem sair da aba. O recurso de l\u00f3gica condicional ajuda a criar padr\u00f5es universais para cada cen\u00e1rio e cada usu\u00e1rio.<\/p><p>Elementos gerenci\u00e1veis, como caixas de sele\u00e7\u00e3o, controles deslizantes e menus suspensos, permitem incluir qualquer aspecto do pre\u00e7o de determinadas ofertas. Por exemplo, pode-se calcular empr\u00e9stimos com juros declarados e por um per\u00edodo conveniente. Voc\u00ea pode fornecer um aluguel de carro com v\u00e1rios ajustes extras para escolher. Da mesma forma, a calculadora pode projetar a viagem dos seus sonhos, desde que sejam calculados o traslado, a hospedagem e as melhores atividades. <\/p><p><b>Impressione seus clientes com uma experi\u00eancia de c\u00e1lculo perfeita, integrando o poderoso widget de contagem! <\/b><\/p><\/div> <div class=\"application-platform-content-item-features application-platform-content-item\" id=\"features\" data-nav-section=\"features\"> <h2>Aqui est\u00e3o os principais recursos do widget:<\/h2> <ul><li>Ferramenta com interface amig\u00e1vel adequada para quaisquer c\u00e1lculos<\/li><li>V\u00e1rios tipos de campos de c\u00e1lculo para v\u00e1rios cen\u00e1rios<\/li><li>Recurso de l\u00f3gica condicional que simplifica at\u00e9 mesmo a contagem em v\u00e1rias etapas<\/li><li>Modelos vers\u00e1teis para um come\u00e7o tranquilo<\/li><li>Solu\u00e7\u00e3o integrada para impulsionar a tomada de decis\u00f5es<\/li><\/ul><p><a href=\"#demo\">Experimente todos os recursos de personaliza\u00e7\u00e3o em uma demonstra\u00e7\u00e3o 100% funcional<\/a><\/p><\/div> <div class=\"application-platform-content-item-installation application-platform-content-item\" id=\"installation\" data-nav-section=\"installation\"> <h2>Como incorporar a Calculadora em minhas p\u00e1ginas do Webflow?<\/h2> <p>Basta seguir as instru\u00e7\u00f5es abaixo para integrar o ferramenta.<\/p> <ol><li><b>Abra nossa demonstra\u00e7\u00e3o gratuita e comece a formar seu instrumento personalizado. <\/b><br> Determine o formul\u00e1rio personalizado e os par\u00e2metros do widget e aplique as modifica\u00e7\u00f5es. <\/li> <li><b>Obtenha o seu c\u00f3digo individual que \u00e9 mostrado na caixa nas aplica\u00e7\u00f5es Elfsight. <\/b><br> Logo ap\u00f3s a cria\u00e7\u00e3o do seu widget pessoal, copie o c\u00f3digo exclusivo na janela exibida e salve-o para futuras ocasi\u00f5es. <\/li> <li><b>Inicie a utiliza\u00e7\u00e3o da ferramenta em seu site Webflow. <\/b><br> Adicione o c\u00f3digo que voc\u00ea copiou antes em sua p\u00e1gina e salve os ajustes. <\/li> <li><b>A instala\u00e7\u00e3o foi finalizada com sucesso. <\/b><br> Visite seu site para observar como o widget funciona. <\/li><\/ol> <p>Caso tenha d\u00favidas ou tenha algum problema, n\u00e3o tenha medo de entrar em contato com nossa equipe de suporte. Nossos especialistas est\u00e3o ansiosos para ajud\u00e1-lo com todos os problemas que voc\u00ea possa ter com o produto. <\/p><\/div><div class=\"faq\" data-component=\"FAQ\"><div class=\"faq-item\">\r\n\t\t\t\t\t<div class=\"faq-item-question\">\r\n\t\t\t\t\t\t<h3 class=\"faq-item-question-text\">Existe um exemplo real de calculadora no Webflow?<\/h3>\r\n\r\n\t\t\t\t\t\t<div class=\"faq-item-question-icon\"><\/div>\r\n\t\t\t\t\t<\/div>\r\n\r\n\t\t\t\t\t<div class=\"faq-item-answer\">\r\n\t\t\t\t\t\t<div class=\"faq-item-answer-text\">Nosso site Webflow \u00e9 um \u00f3timo lugar para ver nosso <a href=\"https:\/\/webflow.com\/made-in-webflow\/website\/webflow-calculator-widget-elfsight\" target=\"_blank\" rel=\"noreferrer noopener\">Calculadora integra\u00e7\u00f5es<\/a> em a\u00e7\u00e3o. Temos alguns exemplos visuais que d\u00e3o vida ao produto. <\/div>\r\n\t\t\t\t\t<\/div>\r\n\t\t\t\t<\/div><\/div>\n","protected":false},"excerpt":{"rendered":"","protected":false},"author":9,"featured_media":0,"parent":12749,"menu_order":0,"comment_status":"closed","ping_status":"closed","template":"templates\/template-application-platform.php","meta":{"publish_to_discourse":"","publish_post_category":"","wpdc_auto_publish_overridden":"","wpdc_topic_tags":"","wpdc_pin_topic":"","wpdc_pin_until":"","discourse_post_id":"","discourse_permalink":"","wpdc_publishing_response":"","wpdc_publishing_error":"","footnotes":""},"class_list":["post-13347","page","type-page","status-publish","hentry"],"yoast_head":"<!-- This site is optimized with the Yoast SEO plugin v25.3.1 - https:\/\/yoast.com\/wordpress\/plugins\/seo\/ -->\n<title>Calculadora Webflow - Crie uma calculadora de pre\u00e7os para Webflow<\/title>\n<meta name=\"description\" content=\"Use um construtor Webflow Calculator para integrar um widget simples ao seu site. Aprimore seu fluxo da Web com uma calculadora de pre\u00e7os ou estimativas.\" \/>\n<meta name=\"robots\" content=\"index, follow, max-snippet:-1, max-image-preview:large, max-video-preview:-1\" \/>\n<link rel=\"canonical\" href=\"https:\/\/elfsight.com\/pt\/calculator-form-widget\/webflow\/\" \/>\n<meta property=\"og:locale\" content=\"pt_PT\" \/>\n<meta property=\"og:type\" content=\"article\" \/>\n<meta property=\"og:title\" content=\"Calculadora Webflow - Crie uma calculadora de pre\u00e7os para Webflow\" \/>\n<meta property=\"og:description\" content=\"Use um construtor Webflow Calculator para integrar um widget simples ao seu site. Aprimore seu fluxo da Web com uma calculadora de pre\u00e7os ou estimativas.\" \/>\n<meta property=\"og:url\" content=\"https:\/\/elfsight.com\/pt\/calculator-form-widget\/webflow\/\" \/>\n<meta property=\"og:site_name\" content=\"Elfsight PT\" \/>\n<meta property=\"article:modified_time\" content=\"2025-04-14T17:51:32+00:00\" \/>\n<meta name=\"twitter:card\" content=\"summary_large_image\" \/>\n<meta name=\"twitter:label1\" content=\"Tempo estimado de leitura\" \/>\n\t<meta name=\"twitter:data1\" content=\"3 minutos\" \/>\n<!-- \/ Yoast SEO plugin. -->","yoast_head_json":{"title":"Calculadora Webflow - Crie uma calculadora de pre\u00e7os para Webflow","description":"Use um construtor Webflow Calculator para integrar um widget simples ao seu site. Aprimore seu fluxo da Web com uma calculadora de pre\u00e7os ou estimativas.","robots":{"index":"index","follow":"follow","max-snippet":"max-snippet:-1","max-image-preview":"max-image-preview:large","max-video-preview":"max-video-preview:-1"},"canonical":"https:\/\/elfsight.com\/pt\/calculator-form-widget\/webflow\/","og_locale":"pt_PT","og_type":"article","og_title":"Calculadora Webflow - Crie uma calculadora de pre\u00e7os para Webflow","og_description":"Use um construtor Webflow Calculator para integrar um widget simples ao seu site. Aprimore seu fluxo da Web com uma calculadora de pre\u00e7os ou estimativas.","og_url":"https:\/\/elfsight.com\/pt\/calculator-form-widget\/webflow\/","og_site_name":"Elfsight PT","article_modified_time":"2025-04-14T17:51:32+00:00","twitter_card":"summary_large_image","twitter_misc":{"Tempo estimado de leitura":"3 minutos"},"schema":{"@context":"https:\/\/schema.org","@graph":[{"@type":"WebPage","@id":"https:\/\/elfsight.com\/pt\/calculator-form-widget\/webflow\/","url":"https:\/\/elfsight.com\/pt\/calculator-form-widget\/webflow\/","name":"Calculadora Webflow - Crie uma calculadora de pre\u00e7os para Webflow","isPartOf":{"@id":"https:\/\/elfsight.com\/pt\/#website"},"datePublished":"2024-09-30T18:27:29+00:00","dateModified":"2025-04-14T17:51:32+00:00","description":"Use um construtor Webflow Calculator para integrar um widget simples ao seu site. Aprimore seu fluxo da Web com uma calculadora de pre\u00e7os ou estimativas.","breadcrumb":{"@id":"https:\/\/elfsight.com\/pt\/calculator-form-widget\/webflow\/#breadcrumb"},"inLanguage":"pt-PT","potentialAction":[{"@type":"ReadAction","target":["https:\/\/elfsight.com\/pt\/calculator-form-widget\/webflow\/"]}]},{"@type":"BreadcrumbList","@id":"https:\/\/elfsight.com\/pt\/calculator-form-widget\/webflow\/#breadcrumb","itemListElement":[{"@type":"ListItem","position":1,"name":"Home","item":"https:\/\/elfsight.com\/pt\/"},{"@type":"ListItem","position":2,"name":"Calculator","item":"https:\/\/elfsight.com\/pt\/calculator-form-widget\/"},{"@type":"ListItem","position":3,"name":"calculator &#8211; webflow"}]},{"@type":"WebSite","@id":"https:\/\/elfsight.com\/pt\/#website","url":"https:\/\/elfsight.com\/pt\/","name":"Elfsight PT","description":"Just another Elfsight Sites site","potentialAction":[{"@type":"SearchAction","target":{"@type":"EntryPoint","urlTemplate":"https:\/\/elfsight.com\/pt\/?s={search_term_string}"},"query-input":{"@type":"PropertyValueSpecification","valueRequired":true,"valueName":"search_term_string"}}],"inLanguage":"pt-PT"}]}},"meta_box":{"industry":"","seo_heading":"","heading":"","description":"","cta_heading":"","cta_description":"","application":"12748","h1":"Construtor de calculadora de fluxo da Web","h1_caption":"Forne\u00e7a uma calculadora personalizada para seus visitantes, oferecendo solu\u00e7\u00f5es r\u00e1pidas para itens como pre\u00e7os, descontos ou c\u00e1lculos de ROI em seu site Webflow sem esfor\u00e7o.","application_category":[],"applications_title":"","applications_request_title":"","applications_request_button_text":"","hero_text":"","hero_video":"","hero_video_schema_markup":"","selling_points_title":"","selling_points_caption":"","selling_points":[],"selling_points_cta_text":"","features_title":"","features":"","ed_cta_examples_text":"","ed_cta_examples_hidden":"","ed_cta_demo_text":"","ed_cta_demo_hidden":"","why_caption":"","why_editor_title":"","why_editor_text":"","why_team_title":"","why_team_text":"","why_service_title":"","why_service_text":"","template_catalog_visible":"0","template_catalog_title":"","template_catalog_text":"","template_catalog_categories_visible":"","demo_title":"Crie seu widget Calculadora","demo_caption":"Configure sua calculadora e adicione-a ao seu site Webflow gratuitamente!","default_faq_hidden":"","app_template_category":[],"platform":"70","template_public_id":"","codecanyon_url":"","codecanyon_item_id":"","codecanyon_price":"","pricing_caption":"","pricing_elfsight_apps_hide_column":"","pricing_elfsight_apps_url":"","pricing_codecanyon_price_caption":"","integration_category":[],"integration_request_title":"","integration_request_cta":"","integration_platform":"","integrations":[],"platform_category":[],"video_schema_markup":"","price":"a partir de $ 0 \/ m\u00eas","trial":"","benefits":[{"text":"Ajuda de instala\u00e7\u00e3o gratuita"},{"text":"Atendimento ao cliente profissional"},{"text":"Garantia de reembolso de 14 dias"},{"text":"Desenvolvimento cont\u00ednuo"}],"button_url":"#demo","button_target_blank":"0","button_nofollow":"0","attributes":[{"name":"Instalar","content":"50,000 - 100,000"},{"name":"Responsivo","content":"Sim"},{"name":"Navegadores compat\u00edveis","content":"Firefox, Safari, Opera, Chrome, Edge"}],"tags":[],"tags_disable_links":"0","hide_more_platforms":"0","video_object":"","demo_hide_cta":"0","demo_hide_cloud_options":"0","pricing_title":"","pricing":[{"pricing_icon":"platform","pricing_title":"Elfsight Apps","pricing_title_caption":"Vers\u00e3o independente de plataforma","pricing_price":"a partir de $ 0 \/ m\u00eas","pricing_price_caption":"comece com um plano gratuito","pricing_benefits":[{"text":"Sites ilimitados"},{"text":"Suporte dedicado ao cliente"},{"text":"Servi\u00e7o de instala\u00e7\u00e3o gratuito"},{"text":"Design flex\u00edvel"}],"pricing_button_text":"Adicionar ao site","pricing_button_url":"#demo"}],"related_apps_title":"","related_apps_hidden":"0","author":"","image":[],"title":"","job":"","social_networks":[]},"_links":{"self":[{"href":"https:\/\/elfsight.com\/pt\/wp-json\/wp\/v2\/pages\/13347","targetHints":{"allow":["GET"]}}],"collection":[{"href":"https:\/\/elfsight.com\/pt\/wp-json\/wp\/v2\/pages"}],"about":[{"href":"https:\/\/elfsight.com\/pt\/wp-json\/wp\/v2\/types\/page"}],"author":[{"embeddable":true,"href":"https:\/\/elfsight.com\/pt\/wp-json\/wp\/v2\/users\/9"}],"replies":[{"embeddable":true,"href":"https:\/\/elfsight.com\/pt\/wp-json\/wp\/v2\/comments?post=13347"}],"version-history":[{"count":2,"href":"https:\/\/elfsight.com\/pt\/wp-json\/wp\/v2\/pages\/13347\/revisions"}],"predecessor-version":[{"id":14219,"href":"https:\/\/elfsight.com\/pt\/wp-json\/wp\/v2\/pages\/13347\/revisions\/14219"}],"up":[{"embeddable":true,"href":"https:\/\/elfsight.com\/pt\/wp-json\/wp\/v2\/pages\/12749"}],"wp:attachment":[{"href":"https:\/\/elfsight.com\/pt\/wp-json\/wp\/v2\/media?parent=13347"}],"curies":[{"name":"wp","href":"https:\/\/api.w.org\/{rel}","templated":true}]}}