{"id":13342,"date":"2024-09-30T18:27:29","date_gmt":"2024-09-30T18:27:29","guid":{"rendered":"https:\/\/elfsight.com\/pt\/?page_id=13342"},"modified":"2025-04-14T17:51:32","modified_gmt":"2025-04-14T17:51:32","slug":"shopify","status":"publish","type":"page","link":"https:\/\/elfsight.com\/pt\/calculator-form-widget\/shopify\/","title":{"rendered":"calculator &#8211; shopify"},"content":{"rendered":"<div class=\"application-platform-content-item-description application-platform-content-item\" id=\"description\" data-nav-section=\"description\"> <h2>Incorpore a Calculadora no Shopify com um aplicativo Elfsight<\/h2> <p>O widget Calculadora oferece aos usu\u00e1rios do seu site uma maneira de planejar suas despesas, roteiros de viagem, propor\u00e7\u00f5es de cozimento e muito mais sobre sua \u00e1rea de atividade. Podem-se adicionar campos obrigat\u00f3rios e op\u00e7\u00f5es adicionais a este widget incorporado, para que os visitantes possam analisar as vantagens sem sair da p\u00e1gina do site. A l\u00f3gica condicional permite que voc\u00ea invente solu\u00e7\u00f5es universais para seu cen\u00e1rio e para cada usu\u00e1rio.<\/p><p>Elementos gerenci\u00e1veis, como caixas de sele\u00e7\u00e3o, controles deslizantes e listas suspensas, permitem incluir qualquer padr\u00e3o de constru\u00e7\u00e3o de pre\u00e7os para determinados produtos. Por exemplo, voc\u00ea pode calcular empr\u00e9stimos com juros declarados por um per\u00edodo de tempo necess\u00e1rio. Voc\u00ea pode alugar um carro com muitos ajustes extras para escolher. Al\u00e9m disso, a calculadora \u00e9 capaz de planejar a viagem dos seus sonhos quando s\u00e3o calculadas transfer\u00eancias, resid\u00eancias e excurs\u00f5es necess\u00e1rias. <\/p><p><b>Permita que seus clientes tenham uma experi\u00eancia de c\u00e1lculo conveniente adicionando o widget de contagem simples! <\/b><\/p><\/div> <div class=\"application-platform-content-item-features application-platform-content-item\" id=\"features\" data-nav-section=\"features\"> <h2>O widget possui recursos \u00fateis e r\u00e1pidos, aqui est\u00e3o alguns deles:<\/h2> <ul><li>Solu\u00e7\u00e3o com recursos simples interface que permite qualquer c\u00e1lculo<\/li><li>V\u00e1rias op\u00e7\u00f5es de campos de c\u00e1lculo para v\u00e1rios cen\u00e1rios<\/li><li>Recurso de l\u00f3gica condicional que simplifica at\u00e9 mesmo c\u00e1lculos detalhados<\/li><li>Modelos vers\u00e1teis para iniciar sem esfor\u00e7o<\/li> <li>Ferramenta integrada para impulsionar a tomada de decis\u00f5es<\/li><\/ul><p><a href=\"#demo\">Voc\u00ea pode descobrir todos os recursos do widget na demonstra\u00e7\u00e3o nesta p\u00e1gina<\/a><\/p><\/div> <div class=\"application-platform-content-item-installation application-platform-content-item\" id=\"installation\" data-nav-section=\"installation\"> <h2>Como fa\u00e7o para incorporar a Calculadora em meu site da Shopify?<\/h2> <p>Basta seguir as etapas abaixo para incorporar o widget.<\/p> <ol><li><b>Utilize nosso configurador gratuito e comece a moldar seu instrumento personalizado. <\/b><br> Encontre o design e as caracter\u00edsticas desej\u00e1veis \u200b\u200bdo plugin e salve as modifica\u00e7\u00f5es. <\/li> <li><b>Receba o seu c\u00f3digo individual revelado no formul\u00e1rio especial nas aplica\u00e7\u00f5es Elfsight. <\/b><br> Assim que a cria\u00e7\u00e3o da sua ferramenta pessoal for conclu\u00edda, copie o c\u00f3digo individual do pop-up que surgiu e guarde-o para necessidades futuras. <\/li> <li><b>Inicie a aplica\u00e7\u00e3o do widget no seu site do Shopify. <\/b><br> Implemente o c\u00f3digo copiado recentemente em sua p\u00e1gina inicial e aplique as corre\u00e7\u00f5es. <\/li> <li><b>Pronto! A integra\u00e7\u00e3o foi realizada com sucesso. <\/b><br> Acesse sua p\u00e1gina web para ver o funcionamento da ferramenta. <\/li><\/ol> <p>Se voc\u00ea encontrar algum problema, sinta-se \u00e0 vontade para entrar em contato com nossa equipe de atendimento ao cliente. Nosso pessoal est\u00e1 ansioso para resolver todas as dificuldades que voc\u00ea possa ter com o plugin. <\/p><\/div> ","protected":false},"excerpt":{"rendered":"","protected":false},"author":9,"featured_media":0,"parent":12749,"menu_order":0,"comment_status":"closed","ping_status":"closed","template":"templates\/template-application-platform.php","meta":{"publish_to_discourse":"","publish_post_category":"","wpdc_auto_publish_overridden":"","wpdc_topic_tags":"","wpdc_pin_topic":"","wpdc_pin_until":"","discourse_post_id":"","discourse_permalink":"","wpdc_publishing_response":"","wpdc_publishing_error":"","footnotes":""},"class_list":["post-13342","page","type-page","status-publish","hentry"],"yoast_head":"<!-- This site is optimized with the Yoast SEO plugin v25.3.1 - https:\/\/yoast.com\/wordpress\/plugins\/seo\/ -->\n<title>Calculadora Shopify - Adicione calculadora interativa ao Shopify<\/title>\n<meta name=\"description\" content=\"Adicione uma calculadora interativa ao Shopify. Crie uma calculadora para diversos cen\u00e1rios e casos em um aplicativo simples e gratuito.\" \/>\n<meta name=\"robots\" content=\"index, follow, max-snippet:-1, max-image-preview:large, max-video-preview:-1\" \/>\n<link rel=\"canonical\" href=\"https:\/\/elfsight.com\/pt\/calculator-form-widget\/shopify\/\" \/>\n<meta property=\"og:locale\" content=\"pt_PT\" \/>\n<meta property=\"og:type\" content=\"article\" \/>\n<meta property=\"og:title\" content=\"Calculadora Shopify - Adicione calculadora interativa ao Shopify\" \/>\n<meta property=\"og:description\" content=\"Adicione uma calculadora interativa ao Shopify. Crie uma calculadora para diversos cen\u00e1rios e casos em um aplicativo simples e gratuito.\" \/>\n<meta property=\"og:url\" content=\"https:\/\/elfsight.com\/pt\/calculator-form-widget\/shopify\/\" \/>\n<meta property=\"og:site_name\" content=\"Elfsight PT\" \/>\n<meta property=\"article:modified_time\" content=\"2025-04-14T17:51:32+00:00\" \/>\n<meta name=\"twitter:card\" content=\"summary_large_image\" \/>\n<meta name=\"twitter:label1\" content=\"Tempo estimado de leitura\" \/>\n\t<meta name=\"twitter:data1\" content=\"2 minutos\" \/>\n<!-- \/ Yoast SEO plugin. -->","yoast_head_json":{"title":"Calculadora Shopify - Adicione calculadora interativa ao Shopify","description":"Adicione uma calculadora interativa ao Shopify. Crie uma calculadora para diversos cen\u00e1rios e casos em um aplicativo simples e gratuito.","robots":{"index":"index","follow":"follow","max-snippet":"max-snippet:-1","max-image-preview":"max-image-preview:large","max-video-preview":"max-video-preview:-1"},"canonical":"https:\/\/elfsight.com\/pt\/calculator-form-widget\/shopify\/","og_locale":"pt_PT","og_type":"article","og_title":"Calculadora Shopify - Adicione calculadora interativa ao Shopify","og_description":"Adicione uma calculadora interativa ao Shopify. Crie uma calculadora para diversos cen\u00e1rios e casos em um aplicativo simples e gratuito.","og_url":"https:\/\/elfsight.com\/pt\/calculator-form-widget\/shopify\/","og_site_name":"Elfsight PT","article_modified_time":"2025-04-14T17:51:32+00:00","twitter_card":"summary_large_image","twitter_misc":{"Tempo estimado de leitura":"2 minutos"},"schema":{"@context":"https:\/\/schema.org","@graph":[{"@type":"WebPage","@id":"https:\/\/elfsight.com\/pt\/calculator-form-widget\/shopify\/","url":"https:\/\/elfsight.com\/pt\/calculator-form-widget\/shopify\/","name":"Calculadora Shopify - Adicione calculadora interativa ao Shopify","isPartOf":{"@id":"https:\/\/elfsight.com\/pt\/#website"},"datePublished":"2024-09-30T18:27:29+00:00","dateModified":"2025-04-14T17:51:32+00:00","description":"Adicione uma calculadora interativa ao Shopify. Crie uma calculadora para diversos cen\u00e1rios e casos em um aplicativo simples e gratuito.","breadcrumb":{"@id":"https:\/\/elfsight.com\/pt\/calculator-form-widget\/shopify\/#breadcrumb"},"inLanguage":"pt-PT","potentialAction":[{"@type":"ReadAction","target":["https:\/\/elfsight.com\/pt\/calculator-form-widget\/shopify\/"]}]},{"@type":"BreadcrumbList","@id":"https:\/\/elfsight.com\/pt\/calculator-form-widget\/shopify\/#breadcrumb","itemListElement":[{"@type":"ListItem","position":1,"name":"Home","item":"https:\/\/elfsight.com\/pt\/"},{"@type":"ListItem","position":2,"name":"calculator &#8211; shopify"}]},{"@type":"WebSite","@id":"https:\/\/elfsight.com\/pt\/#website","url":"https:\/\/elfsight.com\/pt\/","name":"Elfsight PT","description":"Just another Elfsight Sites site","potentialAction":[{"@type":"SearchAction","target":{"@type":"EntryPoint","urlTemplate":"https:\/\/elfsight.com\/pt\/?s={search_term_string}"},"query-input":{"@type":"PropertyValueSpecification","valueRequired":true,"valueName":"search_term_string"}}],"inLanguage":"pt-PT"}]}},"meta_box":{"industry":"","seo_heading":"","heading":"","description":"","cta_heading":"","cta_description":"","application":"12748","h1":"Calculadora Shopify","h1_caption":"Forne\u00e7a uma calculadora personalizada para seus visitantes, oferecendo solu\u00e7\u00f5es r\u00e1pidas para itens como pre\u00e7os, descontos ou c\u00e1lculos de ROI em seu site Shopify sem esfor\u00e7o.","application_category":[],"applications_title":"","applications_request_title":"","applications_request_button_text":"","hero_text":"","hero_video":"","hero_video_schema_markup":"","selling_points_title":"","selling_points_caption":"","selling_points":[],"selling_points_cta_text":"","features_title":"","features":"","ed_cta_examples_text":"","ed_cta_examples_hidden":"","ed_cta_demo_text":"","ed_cta_demo_hidden":"","why_caption":"","why_editor_title":"","why_editor_text":"","why_team_title":"","why_team_text":"","why_service_title":"","why_service_text":"","template_catalog_visible":"","template_catalog_title":"","template_catalog_text":"","template_catalog_categories_visible":"","demo_title":"Crie seu aplicativo Calculadora","demo_caption":"Configure sua calculadora e adicione-a ao seu site Shopify gratuitamente!","default_faq_hidden":"","app_template_category":[],"platform":"64","template_public_id":"","codecanyon_url":"","codecanyon_item_id":"","codecanyon_price":"","pricing_caption":"","pricing_elfsight_apps_hide_column":"","pricing_elfsight_apps_url":"","pricing_codecanyon_price_caption":"","integration_category":[],"integration_request_title":"","integration_request_cta":"","integration_platform":"","integrations":[],"platform_category":[],"video_schema_markup":"","price":"a partir de $ 0 \/ m\u00eas","trial":"","benefits":[{"text":"Assist\u00eancia de instala\u00e7\u00e3o gratuita"},{"text":"Atendimento ao cliente eficaz"},{"text":"Garantia de reembolso de 14 dias"},{"text":"Desenvolvimento cont\u00ednuo"}],"button_url":"#demo","button_target_blank":"","button_nofollow":"","attributes":[{"name":"Instalar","content":"50,000 - 100,000"},{"name":"Responsivo","content":"Sim"},{"name":"Navegadores compat\u00edveis","content":"Firefox, Safari, Opera, Chrome, Edge"}],"tags":[],"tags_disable_links":"","hide_more_platforms":"","video_object":"","demo_hide_cta":"","demo_hide_cloud_options":"","pricing_title":"","pricing":[{"pricing_icon":"platform","pricing_title":"Elfsight Apps","pricing_title_caption":"Solu\u00e7\u00e3o digital multiplataforma","pricing_price":"a partir de $ 0 \/ m\u00eas","pricing_price_caption":"comece com um plano gratuito","pricing_benefits":[{"text":"Dom\u00ednios ilimitados"},{"text":"Suporte dedicado e pontual"},{"text":"Ajuda de instala\u00e7\u00e3o gratuita"},{"text":"Design flex\u00edvel"}],"pricing_button_text":"Adicionar ao site","pricing_button_url":"#demo"}],"related_apps_title":"","related_apps_hidden":"","author":"","image":[],"title":"","job":"","social_networks":[]},"_links":{"self":[{"href":"https:\/\/elfsight.com\/pt\/wp-json\/wp\/v2\/pages\/13342","targetHints":{"allow":["GET"]}}],"collection":[{"href":"https:\/\/elfsight.com\/pt\/wp-json\/wp\/v2\/pages"}],"about":[{"href":"https:\/\/elfsight.com\/pt\/wp-json\/wp\/v2\/types\/page"}],"author":[{"embeddable":true,"href":"https:\/\/elfsight.com\/pt\/wp-json\/wp\/v2\/users\/9"}],"replies":[{"embeddable":true,"href":"https:\/\/elfsight.com\/pt\/wp-json\/wp\/v2\/comments?post=13342"}],"version-history":[{"count":1,"href":"https:\/\/elfsight.com\/pt\/wp-json\/wp\/v2\/pages\/13342\/revisions"}],"predecessor-version":[{"id":13346,"href":"https:\/\/elfsight.com\/pt\/wp-json\/wp\/v2\/pages\/13342\/revisions\/13346"}],"up":[{"embeddable":true,"href":"https:\/\/elfsight.com\/pt\/wp-json\/wp\/v2\/pages\/12749"}],"wp:attachment":[{"href":"https:\/\/elfsight.com\/pt\/wp-json\/wp\/v2\/media?parent=13342"}],"curies":[{"name":"wp","href":"https:\/\/api.w.org\/{rel}","templated":true}]}}