{"id":13341,"date":"2024-09-30T18:27:29","date_gmt":"2024-09-30T18:27:29","guid":{"rendered":"https:\/\/elfsight.com\/pt\/?page_id=13341"},"modified":"2025-04-14T17:51:32","modified_gmt":"2025-04-14T17:51:32","slug":"elementor","status":"publish","type":"page","link":"https:\/\/elfsight.com\/pt\/calculator-form-widget\/elementor\/","title":{"rendered":"calculator &#8211; elementor"},"content":{"rendered":"<div class=\"application-platform-content-item-description application-platform-content-item\" id=\"description\" data-nav-section=\"description\"> <h2>Incorpore a Calculadora no Elementor com um widget Elfsight<\/h2> <p>O widget Calculadora oferece aos seus clientes a oportunidade de planejar seu or\u00e7amento, rotas de viagem, propor\u00e7\u00f5es de cozimento e muito mais dependendo da sua \u00e1rea de atividade. Pode-se incorporar campos espec\u00edficos e op\u00e7\u00f5es adicionais a este widget incorporado, para que os clientes possam ver os benef\u00edcios sem sair da p\u00e1gina do site. O recurso de l\u00f3gica condicional ajuda a construir padr\u00f5es universais para qualquer cen\u00e1rio e cada cliente.<\/p><p>Elementos gerenci\u00e1veis, como caixas de sele\u00e7\u00e3o, controles deslizantes e menus suspensos, permitem incluir qualquer padr\u00e3o de pre\u00e7os para determinados produtos. Por exemplo, use-o para calcular empr\u00e9stimos com juros declarados por um per\u00edodo de tempo razo\u00e1vel. Voc\u00ea pode alugar um carro com muitos ajustes extras para escolher. Da mesma forma, a calculadora \u00e9 capaz de projetar a viagem dos sonhos quando s\u00e3o calculados o voo, a resid\u00eancia e as melhores atividades. <\/p><p><b>Os visitantes do seu site apreciar\u00e3o uma experi\u00eancia de c\u00e1lculo perfeita, incorporando o widget de contagem simples! <\/b><\/p><\/div> <div class=\"application-platform-content-item-features application-platform-content-item\" id=\"features\" data-nav-section=\"features\"> <h2>Encontre abaixo os recursos centrais do widget:<\/h2> <ul><li>Ferramenta com interface simples que funciona com qualquer c\u00e1lculo <\/li><li>V\u00e1rias op\u00e7\u00f5es de campos de contagem para diversas necessidades<\/li><li>L\u00f3gica condicional para simplificar at\u00e9 mesmo a contagem em v\u00e1rias etapas<\/li><li>Modelos ajust\u00e1veis \u200b\u200bpara come\u00e7ar sem esfor\u00e7o<\/li><li>Ferramenta na p\u00e1gina que aprimora a tomada de decis\u00f5es<\/li><\/ul><p><a href=\"#demo\">Basta experimentar esta demonstra\u00e7\u00e3o para ter uma ideia completa<\/a><\/p><\/div> <div class=\"application-platform-content-item-installation application-platform-content-item\" id=\"installation\" data-nav-section=\"installation\"> <h2>Como incorporar a Calculadora em minha p\u00e1gina Elementor?<\/h2> <p>Basta seguir as diretrizes abaixo para inserir o ferramenta.<\/p> <ol><li><b>Gerencie nossa demonstra\u00e7\u00e3o gratuita e comece a moldar seu widget personalizado. <\/b><br> Encontre a apar\u00eancia adequada e as caracter\u00edsticas funcionais do plugin e aplique as edi\u00e7\u00f5es. <\/li> <li><b>Receba o c\u00f3digo individual que aparece na janela dos aplicativos Elfsight. <\/b><br> Quando a gera\u00e7\u00e3o do seu plugin estiver conclu\u00edda, copie o c\u00f3digo exclusivo do pop-up exibido e salve-o para uso posterior. <\/li> <li><b>Inicie a utiliza\u00e7\u00e3o da ferramenta em sua p\u00e1gina da web Elementor. <\/b><br> Insira o c\u00f3digo salvo anteriormente em sua p\u00e1gina inicial e aplique as melhorias. <\/li> <li><b>A configura\u00e7\u00e3o foi conclu\u00edda com sucesso. <\/b><br> Visite sua p\u00e1gina web para dar uma olhada no funcionamento do plugin. <\/li><\/ol> <p>Se voc\u00ea tiver alguma complica\u00e7\u00e3o, sinta-se \u00e0 vontade para entrar em contato com nossa equipe de atendimento ao cliente. Nossos especialistas est\u00e3o ansiosos para ajud\u00e1-lo com todos os problemas que voc\u00ea possa ter com o widget. <\/p> <\/div> ","protected":false},"excerpt":{"rendered":"","protected":false},"author":9,"featured_media":0,"parent":12749,"menu_order":0,"comment_status":"closed","ping_status":"closed","template":"templates\/template-application-platform.php","meta":{"publish_to_discourse":"","publish_post_category":"","wpdc_auto_publish_overridden":"","wpdc_topic_tags":"","wpdc_pin_topic":"","wpdc_pin_until":"","discourse_post_id":"","discourse_permalink":"","wpdc_publishing_response":"","wpdc_publishing_error":"","footnotes":""},"class_list":["post-13341","page","type-page","status-publish","hentry"],"yoast_head":"<!-- This site is optimized with the Yoast SEO plugin v25.3.1 - https:\/\/yoast.com\/wordpress\/plugins\/seo\/ -->\n<title>Calculadora Elementor - Crie uma calculadora avan\u00e7ada para Elementor<\/title>\n<meta name=\"description\" content=\"Crie um widget de calculadora para o seu site Elementor. Deixe os clientes contarem qualquer coisa diretamente no seu site com a Calculadora Elementor.\" \/>\n<meta name=\"robots\" content=\"index, follow, max-snippet:-1, max-image-preview:large, max-video-preview:-1\" \/>\n<link rel=\"canonical\" href=\"https:\/\/elfsight.com\/pt\/calculator-form-widget\/elementor\/\" \/>\n<meta property=\"og:locale\" content=\"pt_PT\" \/>\n<meta property=\"og:type\" content=\"article\" \/>\n<meta property=\"og:title\" content=\"Calculadora Elementor - Crie uma calculadora avan\u00e7ada para Elementor\" \/>\n<meta property=\"og:description\" content=\"Crie um widget de calculadora para o seu site Elementor. Deixe os clientes contarem qualquer coisa diretamente no seu site com a Calculadora Elementor.\" \/>\n<meta property=\"og:url\" content=\"https:\/\/elfsight.com\/pt\/calculator-form-widget\/elementor\/\" \/>\n<meta property=\"og:site_name\" content=\"Elfsight PT\" \/>\n<meta property=\"article:modified_time\" content=\"2025-04-14T17:51:32+00:00\" \/>\n<meta name=\"twitter:card\" content=\"summary_large_image\" \/>\n<meta name=\"twitter:label1\" content=\"Tempo estimado de leitura\" \/>\n\t<meta name=\"twitter:data1\" content=\"2 minutos\" \/>\n<!-- \/ Yoast SEO plugin. -->","yoast_head_json":{"title":"Calculadora Elementor - Crie uma calculadora avan\u00e7ada para Elementor","description":"Crie um widget de calculadora para o seu site Elementor. Deixe os clientes contarem qualquer coisa diretamente no seu site com a Calculadora Elementor.","robots":{"index":"index","follow":"follow","max-snippet":"max-snippet:-1","max-image-preview":"max-image-preview:large","max-video-preview":"max-video-preview:-1"},"canonical":"https:\/\/elfsight.com\/pt\/calculator-form-widget\/elementor\/","og_locale":"pt_PT","og_type":"article","og_title":"Calculadora Elementor - Crie uma calculadora avan\u00e7ada para Elementor","og_description":"Crie um widget de calculadora para o seu site Elementor. Deixe os clientes contarem qualquer coisa diretamente no seu site com a Calculadora Elementor.","og_url":"https:\/\/elfsight.com\/pt\/calculator-form-widget\/elementor\/","og_site_name":"Elfsight PT","article_modified_time":"2025-04-14T17:51:32+00:00","twitter_card":"summary_large_image","twitter_misc":{"Tempo estimado de leitura":"2 minutos"},"schema":{"@context":"https:\/\/schema.org","@graph":[{"@type":"WebPage","@id":"https:\/\/elfsight.com\/pt\/calculator-form-widget\/elementor\/","url":"https:\/\/elfsight.com\/pt\/calculator-form-widget\/elementor\/","name":"Calculadora Elementor - Crie uma calculadora avan\u00e7ada para Elementor","isPartOf":{"@id":"https:\/\/elfsight.com\/pt\/#website"},"datePublished":"2024-09-30T18:27:29+00:00","dateModified":"2025-04-14T17:51:32+00:00","description":"Crie um widget de calculadora para o seu site Elementor. Deixe os clientes contarem qualquer coisa diretamente no seu site com a Calculadora Elementor.","breadcrumb":{"@id":"https:\/\/elfsight.com\/pt\/calculator-form-widget\/elementor\/#breadcrumb"},"inLanguage":"pt-PT","potentialAction":[{"@type":"ReadAction","target":["https:\/\/elfsight.com\/pt\/calculator-form-widget\/elementor\/"]}]},{"@type":"BreadcrumbList","@id":"https:\/\/elfsight.com\/pt\/calculator-form-widget\/elementor\/#breadcrumb","itemListElement":[{"@type":"ListItem","position":1,"name":"Home","item":"https:\/\/elfsight.com\/pt\/"},{"@type":"ListItem","position":2,"name":"calculator &#8211; elementor"}]},{"@type":"WebSite","@id":"https:\/\/elfsight.com\/pt\/#website","url":"https:\/\/elfsight.com\/pt\/","name":"Elfsight PT","description":"Just another Elfsight Sites site","potentialAction":[{"@type":"SearchAction","target":{"@type":"EntryPoint","urlTemplate":"https:\/\/elfsight.com\/pt\/?s={search_term_string}"},"query-input":{"@type":"PropertyValueSpecification","valueRequired":true,"valueName":"search_term_string"}}],"inLanguage":"pt-PT"}]}},"meta_box":{"industry":"","seo_heading":"","heading":"","description":"","cta_heading":"","cta_description":"","application":"12748","h1":"Calculadora Elementor","h1_caption":"Forne\u00e7a uma calculadora personalizada para seus visitantes, oferecendo solu\u00e7\u00f5es r\u00e1pidas para coisas como pre\u00e7os, descontos ou c\u00e1lculos de ROI em seu site Elementor sem esfor\u00e7o.","application_category":[],"applications_title":"","applications_request_title":"","applications_request_button_text":"","hero_text":"","hero_video":"","hero_video_schema_markup":"","selling_points_title":"","selling_points_caption":"","selling_points":[],"selling_points_cta_text":"","features_title":"","features":"","ed_cta_examples_text":"","ed_cta_examples_hidden":"","ed_cta_demo_text":"","ed_cta_demo_hidden":"","why_caption":"","why_editor_title":"","why_editor_text":"","why_team_title":"","why_team_text":"","why_service_title":"","why_service_text":"","template_catalog_visible":"","template_catalog_title":"","template_catalog_text":"","template_catalog_categories_visible":"","demo_title":"Crie seu widget Calculadora","demo_caption":"Configure sua calculadora e adicione-a ao seu site Elementor gratuitamente!","default_faq_hidden":"","app_template_category":[],"platform":"100","template_public_id":"","codecanyon_url":"","codecanyon_item_id":"","codecanyon_price":"","pricing_caption":"","pricing_elfsight_apps_hide_column":"","pricing_elfsight_apps_url":"","pricing_codecanyon_price_caption":"","integration_category":[],"integration_request_title":"","integration_request_cta":"","integration_platform":"","integrations":[],"platform_category":[],"video_schema_markup":"","price":"a partir de $ 0 \/ m\u00eas","trial":"","benefits":[{"text":"Servi\u00e7o de instala\u00e7\u00e3o gratuito"},{"text":"Suporte ao cliente experiente"},{"text":"Garantia de devolu\u00e7\u00e3o do dinheiro em 14 dias"},{"text":"Atualiza\u00e7\u00f5es gratuitas cont\u00ednuas"}],"button_url":"#demo","button_target_blank":"","button_nofollow":"","attributes":[{"name":"Instalar","content":"50,000 - 100,000"},{"name":"Responsivo","content":"Sim"},{"name":"Navegadores compat\u00edveis","content":"Firefox, Safari, Opera, Chrome, Edge"}],"tags":[],"tags_disable_links":"","hide_more_platforms":"","video_object":"","demo_hide_cta":"","demo_hide_cloud_options":"","pricing_title":"","pricing":[{"pricing_icon":"platform","pricing_title":"Elfsight Apps","pricing_title_caption":"Solu\u00e7\u00e3o multiplataforma","pricing_price":"a partir de $ 0 \/ m\u00eas","pricing_price_caption":"comece com um plano gratuito","pricing_benefits":[{"text":"Sites ilimitados"},{"text":"Suporte premium da empresa e bem documentado"},{"text":"Ajuda de instala\u00e7\u00e3o gratuita"},{"text":"Design flex\u00edvel"}],"pricing_button_text":"Adicionar ao site","pricing_button_url":"#demo"}],"related_apps_title":"","related_apps_hidden":"","author":"","image":[],"title":"","job":"","social_networks":[]},"_links":{"self":[{"href":"https:\/\/elfsight.com\/pt\/wp-json\/wp\/v2\/pages\/13341","targetHints":{"allow":["GET"]}}],"collection":[{"href":"https:\/\/elfsight.com\/pt\/wp-json\/wp\/v2\/pages"}],"about":[{"href":"https:\/\/elfsight.com\/pt\/wp-json\/wp\/v2\/types\/page"}],"author":[{"embeddable":true,"href":"https:\/\/elfsight.com\/pt\/wp-json\/wp\/v2\/users\/9"}],"replies":[{"embeddable":true,"href":"https:\/\/elfsight.com\/pt\/wp-json\/wp\/v2\/comments?post=13341"}],"version-history":[{"count":1,"href":"https:\/\/elfsight.com\/pt\/wp-json\/wp\/v2\/pages\/13341\/revisions"}],"predecessor-version":[{"id":13345,"href":"https:\/\/elfsight.com\/pt\/wp-json\/wp\/v2\/pages\/13341\/revisions\/13345"}],"up":[{"embeddable":true,"href":"https:\/\/elfsight.com\/pt\/wp-json\/wp\/v2\/pages\/12749"}],"wp:attachment":[{"href":"https:\/\/elfsight.com\/pt\/wp-json\/wp\/v2\/media?parent=13341"}],"curies":[{"name":"wp","href":"https:\/\/api.w.org\/{rel}","templated":true}]}}