{"id":13340,"date":"2024-09-30T18:27:29","date_gmt":"2024-09-30T18:27:29","guid":{"rendered":"https:\/\/elfsight.com\/pt\/?page_id=13340"},"modified":"2025-04-14T17:51:32","modified_gmt":"2025-04-14T17:51:32","slug":"google-sites","status":"publish","type":"page","link":"https:\/\/elfsight.com\/pt\/calculator-form-widget\/google-sites\/","title":{"rendered":"calculator &#8211; google sites"},"content":{"rendered":"\n<div class=\"application-platform-content-item-description application-platform-content-item\" id=\"description\" data-nav-section=\"description\"> <h2>Incorpore a Calculadora no Google Sites com um plug-in da Elfsight<\/h2> <p>O widget Calculadora oferece aos usu\u00e1rios do seu site uma maneira de planejar seus or\u00e7amentos , roteiros de viagem, propor\u00e7\u00f5es de cozimento e muito mais sobre sua \u00e1rea de atua\u00e7\u00e3o. Pode-se integrar campos obrigat\u00f3rios e op\u00e7\u00f5es \u00fateis neste widget incorporado, para que os usu\u00e1rios possam inspecionar as vantagens sem sair da aba. O recurso de l\u00f3gica condicional ajuda a inventar padr\u00f5es universais para seu cen\u00e1rio e para cada cliente.<\/p><p>Elementos gerenci\u00e1veis \u200b\u200bcomo caixas de sele\u00e7\u00e3o, controles deslizantes e menus suspensos permitem incluir qualquer padr\u00e3o de pre\u00e7os para v\u00e1rios produtos. Por exemplo, voc\u00ea pode calcular empr\u00e9stimos com juros declarados por um per\u00edodo de tempo razo\u00e1vel. Voc\u00ea pode oferecer um aluguel de carro com muitas comodidades adicionais para escolher. Al\u00e9m disso, a calculadora pode projetar a viagem dos sonhos quando s\u00e3o contados o voo, a resid\u00eancia e os eventos necess\u00e1rios. <\/p><p><b>Ofere\u00e7a aos visitantes do seu site uma experi\u00eancia de c\u00e1lculo conveniente, integrando o widget de contagem orientado ao usu\u00e1rio! <\/b><\/p><\/div> <div class=\"application-platform-content-item-features application-platform-content-item\" id=\"features\" data-nav-section=\"features\"> <h2>Estude a lista dos recursos mais \u00fateis:<\/h2> <ul><li>Solu\u00e7\u00e3o com interface clara que executa qualquer opera\u00e7\u00e3o <\/li><li>V\u00e1rias solu\u00e7\u00f5es de campos de c\u00e1lculo para suas necessidades<\/li><li>Recurso de l\u00f3gica condicional que permite at\u00e9 mesmo c\u00e1lculos complexos<\/li><li>Modelos de in\u00edcio r\u00e1pido para um come\u00e7o simples<\/li><li>Solu\u00e7\u00e3o integrada para inspirar a tomada de decis\u00f5es<\/li><\/ul><p><a href=\"#demo\">Voc\u00ea pode testar todos os recursos do widget na demonstra\u00e7\u00e3o aqui<\/a><\/p><\/div> <div class=\"application-platform-content-item-installation application-platform-content-item\" id=\"installation\" data-nav-section=\"installation\"> <h2>Como incorporar a Calculadora em minha p\u00e1gina do Google Sites?<\/h2> <p>Basta seguir as diretrizes abaixo para come\u00e7ar a usar a ferramenta.<\/p> <ol> <li><b>Realize nosso configurador gratuito e comece a construir seu instrumento personalizado. <\/b><br> Especifique a apar\u00eancia selecionada e as especifica\u00e7\u00f5es do plugin e salve as modifica\u00e7\u00f5es. <\/li> <li><b>Adquira o seu c\u00f3digo individual exposto no formul\u00e1rio especial nas aplica\u00e7\u00f5es Elfsight. <\/b><br> Ap\u00f3s a gera\u00e7\u00e3o da sua ferramenta, copie o c\u00f3digo exclusivo na caixa que aparece e salve-o para uso posterior. <\/li> <li><b>Iniciar a utiliza\u00e7\u00e3o da ferramenta na p\u00e1gina inicial do Google Sites. <\/b><br> Adicione o c\u00f3digo que voc\u00ea copiou antes em sua p\u00e1gina inicial e aplique as melhorias. <\/li> <li><b>A configura\u00e7\u00e3o foi finalizada com sucesso. <\/b><br> Visite sua p\u00e1gina para dar uma olhada no funcionamento do plugin. <\/li><\/ol> <p>Caso voc\u00ea encontre alguma dificuldade, n\u00e3o hesite em entrar em contato com nossa equipe de suporte. Nosso pessoal deseja resolver todos os problemas que voc\u00ea possa ter com o widget. <\/p><\/div>\n","protected":false},"excerpt":{"rendered":"","protected":false},"author":9,"featured_media":0,"parent":12749,"menu_order":0,"comment_status":"closed","ping_status":"closed","template":"templates\/template-application-platform.php","meta":{"publish_to_discourse":"","publish_post_category":"","wpdc_auto_publish_overridden":"","wpdc_topic_tags":"","wpdc_pin_topic":"","wpdc_pin_until":"","discourse_post_id":"","discourse_permalink":"","wpdc_publishing_response":"","wpdc_publishing_error":"","footnotes":""},"class_list":["post-13340","page","type-page","status-publish","hentry"],"yoast_head":"<!-- This site is optimized with the Yoast SEO plugin v25.3.1 - https:\/\/yoast.com\/wordpress\/plugins\/seo\/ -->\n<title>Use a Calculadora no Google Sites \u2013 Aumente as op\u00e7\u00f5es de contagem na p\u00e1gina<\/title>\n<meta name=\"description\" content=\"Simplifique at\u00e9 mesmo a contagem detalhada com a calculadora interativa. Experimente uma demonstra\u00e7\u00e3o simples da Elfsight para construir o widget poderoso.\" \/>\n<meta name=\"robots\" content=\"index, follow, max-snippet:-1, max-image-preview:large, max-video-preview:-1\" \/>\n<link rel=\"canonical\" href=\"https:\/\/elfsight.com\/pt\/calculator-form-widget\/google-sites\/\" \/>\n<meta property=\"og:locale\" content=\"pt_PT\" \/>\n<meta property=\"og:type\" content=\"article\" \/>\n<meta property=\"og:title\" content=\"Use a Calculadora no Google Sites \u2013 Aumente as op\u00e7\u00f5es de contagem na p\u00e1gina\" \/>\n<meta property=\"og:description\" content=\"Simplifique at\u00e9 mesmo a contagem detalhada com a calculadora interativa. Experimente uma demonstra\u00e7\u00e3o simples da Elfsight para construir o widget poderoso.\" \/>\n<meta property=\"og:url\" content=\"https:\/\/elfsight.com\/pt\/calculator-form-widget\/google-sites\/\" \/>\n<meta property=\"og:site_name\" content=\"Elfsight PT\" \/>\n<meta property=\"article:modified_time\" content=\"2025-04-14T17:51:32+00:00\" \/>\n<meta name=\"twitter:card\" content=\"summary_large_image\" \/>\n<meta name=\"twitter:label1\" content=\"Tempo estimado de leitura\" \/>\n\t<meta name=\"twitter:data1\" content=\"3 minutos\" \/>\n<!-- \/ Yoast SEO plugin. -->","yoast_head_json":{"title":"Use a Calculadora no Google Sites \u2013 Aumente as op\u00e7\u00f5es de contagem na p\u00e1gina","description":"Simplifique at\u00e9 mesmo a contagem detalhada com a calculadora interativa. Experimente uma demonstra\u00e7\u00e3o simples da Elfsight para construir o widget poderoso.","robots":{"index":"index","follow":"follow","max-snippet":"max-snippet:-1","max-image-preview":"max-image-preview:large","max-video-preview":"max-video-preview:-1"},"canonical":"https:\/\/elfsight.com\/pt\/calculator-form-widget\/google-sites\/","og_locale":"pt_PT","og_type":"article","og_title":"Use a Calculadora no Google Sites \u2013 Aumente as op\u00e7\u00f5es de contagem na p\u00e1gina","og_description":"Simplifique at\u00e9 mesmo a contagem detalhada com a calculadora interativa. Experimente uma demonstra\u00e7\u00e3o simples da Elfsight para construir o widget poderoso.","og_url":"https:\/\/elfsight.com\/pt\/calculator-form-widget\/google-sites\/","og_site_name":"Elfsight PT","article_modified_time":"2025-04-14T17:51:32+00:00","twitter_card":"summary_large_image","twitter_misc":{"Tempo estimado de leitura":"3 minutos"},"schema":{"@context":"https:\/\/schema.org","@graph":[{"@type":"WebPage","@id":"https:\/\/elfsight.com\/pt\/calculator-form-widget\/google-sites\/","url":"https:\/\/elfsight.com\/pt\/calculator-form-widget\/google-sites\/","name":"Use a Calculadora no Google Sites \u2013 Aumente as op\u00e7\u00f5es de contagem na p\u00e1gina","isPartOf":{"@id":"https:\/\/elfsight.com\/pt\/#website"},"datePublished":"2024-09-30T18:27:29+00:00","dateModified":"2025-04-14T17:51:32+00:00","description":"Simplifique at\u00e9 mesmo a contagem detalhada com a calculadora interativa. Experimente uma demonstra\u00e7\u00e3o simples da Elfsight para construir o widget poderoso.","breadcrumb":{"@id":"https:\/\/elfsight.com\/pt\/calculator-form-widget\/google-sites\/#breadcrumb"},"inLanguage":"pt-PT","potentialAction":[{"@type":"ReadAction","target":["https:\/\/elfsight.com\/pt\/calculator-form-widget\/google-sites\/"]}]},{"@type":"BreadcrumbList","@id":"https:\/\/elfsight.com\/pt\/calculator-form-widget\/google-sites\/#breadcrumb","itemListElement":[{"@type":"ListItem","position":1,"name":"Home","item":"https:\/\/elfsight.com\/pt\/"},{"@type":"ListItem","position":2,"name":"Calculator","item":"https:\/\/elfsight.com\/pt\/calculator-form-widget\/"},{"@type":"ListItem","position":3,"name":"calculator &#8211; google sites"}]},{"@type":"WebSite","@id":"https:\/\/elfsight.com\/pt\/#website","url":"https:\/\/elfsight.com\/pt\/","name":"Elfsight PT","description":"Just another Elfsight Sites site","potentialAction":[{"@type":"SearchAction","target":{"@type":"EntryPoint","urlTemplate":"https:\/\/elfsight.com\/pt\/?s={search_term_string}"},"query-input":{"@type":"PropertyValueSpecification","valueRequired":true,"valueName":"search_term_string"}}],"inLanguage":"pt-PT"}]}},"meta_box":{"industry":"","seo_heading":"","heading":"","description":"","cta_heading":"","cta_description":"","application":"12748","h1":"Plug-in da Calculadora do Google Sites","h1_caption":"Forne\u00e7a uma calculadora personalizada para seus visitantes, oferecendo solu\u00e7\u00f5es r\u00e1pidas para coisas como pre\u00e7os, descontos ou c\u00e1lculos de ROI em seu Google Sites sem esfor\u00e7o.","application_category":[],"applications_title":"","applications_request_title":"","applications_request_button_text":"","hero_text":"","hero_video":"","hero_video_schema_markup":"","selling_points_title":"","selling_points_caption":"","selling_points":[],"selling_points_cta_text":"","features_title":"","features":"","ed_cta_examples_text":"","ed_cta_examples_hidden":"","ed_cta_demo_text":"","ed_cta_demo_hidden":"","why_caption":"","why_editor_title":"","why_editor_text":"","why_team_title":"","why_team_text":"","why_service_title":"","why_service_text":"","template_catalog_visible":"0","template_catalog_title":"","template_catalog_text":"","template_catalog_categories_visible":"","demo_title":"Crie seu widget Calculadora","demo_caption":"Configure sua calculadora e adicione-a ao seu site do Google Sites gratuitamente!","default_faq_hidden":"","app_template_category":[],"platform":"112","template_public_id":"","codecanyon_url":"","codecanyon_item_id":"","codecanyon_price":"","pricing_caption":"","pricing_elfsight_apps_hide_column":"","pricing_elfsight_apps_url":"","pricing_codecanyon_price_caption":"","integration_category":[],"integration_request_title":"","integration_request_cta":"","integration_platform":"","integrations":[],"platform_category":[],"video_schema_markup":"","price":"a partir de $ 0 \/ m\u00eas","trial":"","benefits":[{"text":"Ajuda de instala\u00e7\u00e3o gratuita"},{"text":"Atendimento ao cliente eficaz"},{"text":"Garantia de reembolso de 14 dias"},{"text":"Desenvolvimento cont\u00ednuo"}],"button_url":"#demo","button_target_blank":"0","button_nofollow":"0","attributes":[{"name":"Instalar","content":"50,000 - 100,000"},{"name":"Responsivo","content":"Sim"},{"name":"Navegadores compat\u00edveis","content":"Firefox, Safari, Opera, Chrome, Edge"}],"tags":[],"tags_disable_links":"0","hide_more_platforms":"0","video_object":"","demo_hide_cta":"0","demo_hide_cloud_options":"0","pricing_title":"","pricing":[{"pricing_icon":"platform","pricing_title":"Elfsight Apps","pricing_title_caption":"Solu\u00e7\u00e3o independente de plataforma adequada para qualquer site","pricing_price":"a partir de $ 0 \/ m\u00eas","pricing_price_caption":"comece com um plano gratuito","pricing_benefits":[{"text":"Sites ilimitados"},{"text":"Suporte \u00e0 empresa 24 horas por dia, 7 dias por semana e bem documentado"},{"text":"Ajuda de instala\u00e7\u00e3o gratuita"},{"text":"100% personaliz\u00e1vel"}],"pricing_button_text":"Adicionar ao site","pricing_button_url":"#demo"}],"related_apps_title":"","related_apps_hidden":"0","author":"","image":[],"title":"","job":"","social_networks":[]},"_links":{"self":[{"href":"https:\/\/elfsight.com\/pt\/wp-json\/wp\/v2\/pages\/13340","targetHints":{"allow":["GET"]}}],"collection":[{"href":"https:\/\/elfsight.com\/pt\/wp-json\/wp\/v2\/pages"}],"about":[{"href":"https:\/\/elfsight.com\/pt\/wp-json\/wp\/v2\/types\/page"}],"author":[{"embeddable":true,"href":"https:\/\/elfsight.com\/pt\/wp-json\/wp\/v2\/users\/9"}],"replies":[{"embeddable":true,"href":"https:\/\/elfsight.com\/pt\/wp-json\/wp\/v2\/comments?post=13340"}],"version-history":[{"count":2,"href":"https:\/\/elfsight.com\/pt\/wp-json\/wp\/v2\/pages\/13340\/revisions"}],"predecessor-version":[{"id":14220,"href":"https:\/\/elfsight.com\/pt\/wp-json\/wp\/v2\/pages\/13340\/revisions\/14220"}],"up":[{"embeddable":true,"href":"https:\/\/elfsight.com\/pt\/wp-json\/wp\/v2\/pages\/12749"}],"wp:attachment":[{"href":"https:\/\/elfsight.com\/pt\/wp-json\/wp\/v2\/media?parent=13340"}],"curies":[{"name":"wp","href":"https:\/\/api.w.org\/{rel}","templated":true}]}}