{"id":13334,"date":"2024-09-30T18:27:29","date_gmt":"2024-09-30T18:27:29","guid":{"rendered":"https:\/\/elfsight.com\/pt\/?page_id=13334"},"modified":"2025-04-14T17:51:25","modified_gmt":"2025-04-14T17:51:25","slug":"godaddy","status":"publish","type":"page","link":"https:\/\/elfsight.com\/pt\/calculator-form-widget\/godaddy\/","title":{"rendered":"calculator &#8211; godaddy"},"content":{"rendered":"\n<div class=\"application-platform-content-item-description application-platform-content-item\" id=\"description\" data-nav-section=\"description\"> <h2>Incorpore a Calculadora no GoDaddy com um plugin Elfsight<\/h2> <p>O widget Calculadora fornece aos visitantes do seu site uma maneira de planejar seus custos , percursos de viagem, propor\u00e7\u00f5es de cozimento e muito mais sobre o seu ramo de atividade. Voc\u00ea pode adicionar campos obrigat\u00f3rios e op\u00e7\u00f5es \u00fateis a este widget incorporado, para que os visitantes possam conferir as vantagens sem sair da p\u00e1gina do site. A l\u00f3gica condicional ajuda voc\u00ea a inventar padr\u00f5es universais para qualquer cen\u00e1rio e cada cliente.<\/p><p>Elementos vari\u00e1veis, como caixas de sele\u00e7\u00e3o, controles deslizantes e listas suspensas, permitem incluir qualquer aspecto da constru\u00e7\u00e3o de pre\u00e7os para diferentes ofertas. Por exemplo, pode-se calcular empr\u00e9stimos com uma percentagem declarada para um per\u00edodo de tempo necess\u00e1rio. Voc\u00ea pode fornecer um aluguel de carro com muitos ajustes extras para escolher. Da mesma forma, a calculadora pode projetar a viagem dos seus sonhos, desde que sejam calculados transporte, hospedagem e melhores excurs\u00f5es. <\/p><p><b>Ofere\u00e7a aos visitantes do seu site uma experi\u00eancia de c\u00e1lculo amig\u00e1vel, adicionando o poderoso widget de contagem! <\/b><\/p><\/div> <div class=\"application-platform-content-item-features application-platform-content-item\" id=\"features\" data-nav-section=\"features\"> <h2>Estes s\u00e3o apenas alguns dos recursos avan\u00e7ados do widget:<\/h2> <ul><li>Solu\u00e7\u00e3o com interface simples adequada para qualquer opera\u00e7\u00e3o<\/li><li>V\u00e1rias op\u00e7\u00f5es de campos de contagem para suas ideias<\/li><li>Recurso de l\u00f3gica condicional que cobre at\u00e9 mesmo contagem detalhada<\/li><li>Modelos ajust\u00e1veis \u200b\u200bpara come\u00e7ar facilmente<\/li><li> Ferramenta incorporada que aprimora a tomada de decis\u00f5es<\/li><\/ul><p><a href=\"#demo\">Voc\u00ea pode descobrir todas as funcionalidades do widget na demonstra\u00e7\u00e3o aqui<\/a><\/p><\/div> <div class=\"application-platform-content-item-installation application-platform-content-item\" id=\"installation\" data-nav-section=\"installation\"> <h2>Como posso incorporar a Calculadora em minha p\u00e1gina da GoDaddy?<\/h2> <p>Basta aplicar as instru\u00e7\u00f5es abaixo para adicionar o plug-in.<\/p> <ol><li><b>Inicie nosso editor gratuito e comece a construir seu pr\u00f3prio widget. <\/b><br> Encontre a apar\u00eancia e funcionalidade preferidas do plugin e aplique as modifica\u00e7\u00f5es. <\/li> <li><b>Copie o seu c\u00f3digo individual mostrado na janela dos aplicativos Elfsight. <\/b><br> Ap\u00f3s a conclus\u00e3o da configura\u00e7\u00e3o do seu widget pessoal, copie o c\u00f3digo individual no pop-up exibido e salve-o para uso futuro. <\/li> <li><b>Iniciar a aplica\u00e7\u00e3o do widget no site GoDaddy. <\/b><br> Insira o c\u00f3digo que voc\u00ea salvou anteriormente em seu site e salve as edi\u00e7\u00f5es. <\/li> <li><b>A configura\u00e7\u00e3o est\u00e1 totalmente conclu\u00edda. <\/b><br> Acesse seu site para observar o desempenho do widget. <\/li><\/ol> <p>Na condi\u00e7\u00e3o de enfrentar d\u00favidas ou enfrentar algumas dificuldades, n\u00e3o hesite em entrar em contato com nossa equipe de suporte. Nossos especialistas ter\u00e3o prazer em ajud\u00e1-lo com todas as dificuldades que voc\u00ea possa ter com o produto. <\/p><\/div>\n","protected":false},"excerpt":{"rendered":"","protected":false},"author":9,"featured_media":0,"parent":12749,"menu_order":0,"comment_status":"closed","ping_status":"closed","template":"templates\/template-application-platform.php","meta":{"publish_to_discourse":"","publish_post_category":"","wpdc_auto_publish_overridden":"","wpdc_topic_tags":"","wpdc_pin_topic":"","wpdc_pin_until":"","discourse_post_id":"","discourse_permalink":"","wpdc_publishing_response":"","wpdc_publishing_error":"","footnotes":""},"class_list":["post-13334","page","type-page","status-publish","hentry"],"yoast_head":"<!-- This site is optimized with the Yoast SEO plugin v25.3.1 - https:\/\/yoast.com\/wordpress\/plugins\/seo\/ -->\n<title>Calculadora GoDaddy - Incorporar calculadora no GoDaddy<\/title>\n<meta name=\"description\" content=\"Crie sua pr\u00f3pria calculadora em um editor simples. Incorpore uma calculadora GoDaddy ao seu site para permitir a contagem diretamente na p\u00e1gina.\" \/>\n<meta name=\"robots\" content=\"index, follow, max-snippet:-1, max-image-preview:large, max-video-preview:-1\" \/>\n<link rel=\"canonical\" href=\"https:\/\/elfsight.com\/pt\/calculator-form-widget\/godaddy\/\" \/>\n<meta property=\"og:locale\" content=\"pt_PT\" \/>\n<meta property=\"og:type\" content=\"article\" \/>\n<meta property=\"og:title\" content=\"Calculadora GoDaddy - Incorporar calculadora no GoDaddy\" \/>\n<meta property=\"og:description\" content=\"Crie sua pr\u00f3pria calculadora em um editor simples. Incorpore uma calculadora GoDaddy ao seu site para permitir a contagem diretamente na p\u00e1gina.\" \/>\n<meta property=\"og:url\" content=\"https:\/\/elfsight.com\/pt\/calculator-form-widget\/godaddy\/\" \/>\n<meta property=\"og:site_name\" content=\"Elfsight PT\" \/>\n<meta property=\"article:modified_time\" content=\"2025-04-14T17:51:25+00:00\" \/>\n<meta name=\"twitter:card\" content=\"summary_large_image\" \/>\n<meta name=\"twitter:label1\" content=\"Tempo estimado de leitura\" \/>\n\t<meta name=\"twitter:data1\" content=\"3 minutos\" \/>\n<!-- \/ Yoast SEO plugin. -->","yoast_head_json":{"title":"Calculadora GoDaddy - Incorporar calculadora no GoDaddy","description":"Crie sua pr\u00f3pria calculadora em um editor simples. Incorpore uma calculadora GoDaddy ao seu site para permitir a contagem diretamente na p\u00e1gina.","robots":{"index":"index","follow":"follow","max-snippet":"max-snippet:-1","max-image-preview":"max-image-preview:large","max-video-preview":"max-video-preview:-1"},"canonical":"https:\/\/elfsight.com\/pt\/calculator-form-widget\/godaddy\/","og_locale":"pt_PT","og_type":"article","og_title":"Calculadora GoDaddy - Incorporar calculadora no GoDaddy","og_description":"Crie sua pr\u00f3pria calculadora em um editor simples. Incorpore uma calculadora GoDaddy ao seu site para permitir a contagem diretamente na p\u00e1gina.","og_url":"https:\/\/elfsight.com\/pt\/calculator-form-widget\/godaddy\/","og_site_name":"Elfsight PT","article_modified_time":"2025-04-14T17:51:25+00:00","twitter_card":"summary_large_image","twitter_misc":{"Tempo estimado de leitura":"3 minutos"},"schema":{"@context":"https:\/\/schema.org","@graph":[{"@type":"WebPage","@id":"https:\/\/elfsight.com\/pt\/calculator-form-widget\/godaddy\/","url":"https:\/\/elfsight.com\/pt\/calculator-form-widget\/godaddy\/","name":"Calculadora GoDaddy - Incorporar calculadora no GoDaddy","isPartOf":{"@id":"https:\/\/elfsight.com\/pt\/#website"},"datePublished":"2024-09-30T18:27:29+00:00","dateModified":"2025-04-14T17:51:25+00:00","description":"Crie sua pr\u00f3pria calculadora em um editor simples. Incorpore uma calculadora GoDaddy ao seu site para permitir a contagem diretamente na p\u00e1gina.","breadcrumb":{"@id":"https:\/\/elfsight.com\/pt\/calculator-form-widget\/godaddy\/#breadcrumb"},"inLanguage":"pt-PT","potentialAction":[{"@type":"ReadAction","target":["https:\/\/elfsight.com\/pt\/calculator-form-widget\/godaddy\/"]}]},{"@type":"BreadcrumbList","@id":"https:\/\/elfsight.com\/pt\/calculator-form-widget\/godaddy\/#breadcrumb","itemListElement":[{"@type":"ListItem","position":1,"name":"Home","item":"https:\/\/elfsight.com\/pt\/"},{"@type":"ListItem","position":2,"name":"Calculator","item":"https:\/\/elfsight.com\/pt\/calculator-form-widget\/"},{"@type":"ListItem","position":3,"name":"calculator &#8211; godaddy"}]},{"@type":"WebSite","@id":"https:\/\/elfsight.com\/pt\/#website","url":"https:\/\/elfsight.com\/pt\/","name":"Elfsight PT","description":"Just another Elfsight Sites site","potentialAction":[{"@type":"SearchAction","target":{"@type":"EntryPoint","urlTemplate":"https:\/\/elfsight.com\/pt\/?s={search_term_string}"},"query-input":{"@type":"PropertyValueSpecification","valueRequired":true,"valueName":"search_term_string"}}],"inLanguage":"pt-PT"}]}},"meta_box":{"industry":"","seo_heading":"","heading":"","description":"","cta_heading":"","cta_description":"","application":"12748","h1":"Incorporar calculadora GoDaddy","h1_caption":"Forne\u00e7a uma calculadora personalizada para seus visitantes, oferecendo solu\u00e7\u00f5es r\u00e1pidas para itens como pre\u00e7os, descontos ou c\u00e1lculos de ROI em seu site GoDaddy sem esfor\u00e7o.","application_category":[],"applications_title":"","applications_request_title":"","applications_request_button_text":"","hero_text":"","hero_video":"","hero_video_schema_markup":"","selling_points_title":"","selling_points_caption":"","selling_points":[],"selling_points_cta_text":"","features_title":"","features":"","ed_cta_examples_text":"","ed_cta_examples_hidden":"","ed_cta_demo_text":"","ed_cta_demo_hidden":"","why_caption":"","why_editor_title":"","why_editor_text":"","why_team_title":"","why_team_text":"","why_service_title":"","why_service_text":"","template_catalog_visible":"0","template_catalog_title":"","template_catalog_text":"","template_catalog_categories_visible":"","demo_title":"Crie seu plugin de calculadora","demo_caption":"Configure sua calculadora e adicione-a ao site GoDaddy gratuitamente!","default_faq_hidden":"","app_template_category":[],"platform":"4908","template_public_id":"","codecanyon_url":"","codecanyon_item_id":"","codecanyon_price":"","pricing_caption":"","pricing_elfsight_apps_hide_column":"","pricing_elfsight_apps_url":"","pricing_codecanyon_price_caption":"","integration_category":[],"integration_request_title":"","integration_request_cta":"","integration_platform":"","integrations":[],"platform_category":[],"video_schema_markup":"","price":"a partir de $ 0 \/ m\u00eas","trial":"","benefits":[{"text":"Ajuda de instala\u00e7\u00e3o gratuita"},{"text":"Suporte ao cliente experiente"},{"text":"Garantia de devolu\u00e7\u00e3o do dinheiro em 14 dias"},{"text":"Melhorias regulares"}],"button_url":"#demo","button_target_blank":"0","button_nofollow":"0","attributes":[{"name":"Instalar","content":"50,000 - 100,000"},{"name":"Responsivo","content":"Sim"},{"name":"Navegadores compat\u00edveis","content":"Firefox, Safari, Opera, Chrome, Edge"}],"tags":[],"tags_disable_links":"0","hide_more_platforms":"0","video_object":"","demo_hide_cta":"0","demo_hide_cloud_options":"0","pricing_title":"","pricing":[{"pricing_icon":"platform","pricing_title":"Elfsight Apps","pricing_title_caption":"Solu\u00e7\u00e3o multiplataforma adequada para qualquer site","pricing_price":"a partir de $ 0 \/ m\u00eas","pricing_price_caption":"comece com um plano gratuito","pricing_benefits":[{"text":"Sites ilimitados"},{"text":"Suporte dedicado \u00e0 empresa"},{"text":"Suporte de instala\u00e7\u00e3o gratuito"},{"text":"100% personaliz\u00e1vel"}],"pricing_button_text":"Adicionar ao site","pricing_button_url":"#demo"}],"related_apps_title":"","related_apps_hidden":"0","author":"","image":[],"title":"","job":"","social_networks":[]},"_links":{"self":[{"href":"https:\/\/elfsight.com\/pt\/wp-json\/wp\/v2\/pages\/13334","targetHints":{"allow":["GET"]}}],"collection":[{"href":"https:\/\/elfsight.com\/pt\/wp-json\/wp\/v2\/pages"}],"about":[{"href":"https:\/\/elfsight.com\/pt\/wp-json\/wp\/v2\/types\/page"}],"author":[{"embeddable":true,"href":"https:\/\/elfsight.com\/pt\/wp-json\/wp\/v2\/users\/9"}],"replies":[{"embeddable":true,"href":"https:\/\/elfsight.com\/pt\/wp-json\/wp\/v2\/comments?post=13334"}],"version-history":[{"count":2,"href":"https:\/\/elfsight.com\/pt\/wp-json\/wp\/v2\/pages\/13334\/revisions"}],"predecessor-version":[{"id":14221,"href":"https:\/\/elfsight.com\/pt\/wp-json\/wp\/v2\/pages\/13334\/revisions\/14221"}],"up":[{"embeddable":true,"href":"https:\/\/elfsight.com\/pt\/wp-json\/wp\/v2\/pages\/12749"}],"wp:attachment":[{"href":"https:\/\/elfsight.com\/pt\/wp-json\/wp\/v2\/media?parent=13334"}],"curies":[{"name":"wp","href":"https:\/\/api.w.org\/{rel}","templated":true}]}}