{"id":13333,"date":"2024-09-30T18:27:29","date_gmt":"2024-09-30T18:27:29","guid":{"rendered":"https:\/\/elfsight.com\/pt\/?page_id=13333"},"modified":"2025-04-14T17:51:25","modified_gmt":"2025-04-14T17:51:25","slug":"joomla","status":"publish","type":"page","link":"https:\/\/elfsight.com\/pt\/calculator-form-widget\/joomla\/","title":{"rendered":"calculator &#8211; joomla"},"content":{"rendered":"<div class=\"application-platform-content-item-description application-platform-content-item\" id=\"description\" data-nav-section=\"description\"> <h2>Incorpore a Calculadora no Joomla com uma extens\u00e3o Elfsight<\/h2> <p>O widget Calculadora permite que seus clientes planejem seus custos, percursos de viagem, propor\u00e7\u00f5es de cozimento e muito mais sobre sua \u00e1rea de atividade. Voc\u00ea pode adicionar campos espec\u00edficos e op\u00e7\u00f5es \u00fateis a este widget incorporado, para que os clientes possam inspecionar seus benef\u00edcios sem sair da guia. O recurso de l\u00f3gica condicional permite criar padr\u00f5es universais para qualquer cen\u00e1rio e cada cliente.<\/p><p>Elementos gerenci\u00e1veis, como caixas de sele\u00e7\u00e3o, controles deslizantes e listas suspensas, permitem incluir qualquer padr\u00e3o de constru\u00e7\u00e3o de pre\u00e7os para diferentes produtos. Por exemplo, pode-se calcular empr\u00e9stimos a uma percentagem determinada durante um per\u00edodo de tempo razo\u00e1vel. Voc\u00ea pode promover um aluguel de carro com muitas comodidades adicionais para escolher. Da mesma forma, a calculadora \u00e9 capaz de planejar a viagem dos sonhos quando s\u00e3o calculados o voo, a resid\u00eancia e as principais excurs\u00f5es. <\/p><p><b>Permita que seus clientes tenham uma experi\u00eancia de c\u00e1lculo perfeita, adicionando o widget de contagem orientado ao usu\u00e1rio! <\/b><\/p><\/div> <div class=\"application-platform-content-item-features application-platform-content-item\" id=\"features\" data-nav-section=\"features\"> <h2>Os recursos de widget mais populares incluem<\/h2> <ul><li>Ferramenta com interface simples que permite qualquer opera\u00e7\u00e3o<\/li><li>In\u00fameras solu\u00e7\u00f5es de campo de opera\u00e7\u00e3o para diversas ideias<\/li><li>L\u00f3gica condicional que permite at\u00e9 mesmo c\u00e1lculos em v\u00e1rias etapas<\/li><li>Modelos prontos para um in\u00edcio tranquilo<\/li><li>Integrado solu\u00e7\u00e3o que inspira a tomada de decis\u00f5es<\/li><\/ul><p><a href=\"#demo\">Teste todas as configura\u00e7\u00f5es em uma demonstra\u00e7\u00e3o completa<\/a><\/p><\/div> <div class=\"application-platform-content-item-installation application-platform-content-item\" id=\"installation\" data-nav-section=\"installation\"> <h2>Como incorporo a Calculadora em minhas p\u00e1ginas Joomla?<\/h2> <p>Basta aplicar as instru\u00e7\u00f5es abaixo para come\u00e7ar a trabalhar com o widget.<\/p> <ol><li><b>Gerenciar nosso editor gratuito e comece a moldar seu widget personalizado. <\/b><br> Especifique a apar\u00eancia e os aspectos preferidos da ferramenta e aplique as corre\u00e7\u00f5es. <\/li> <li><b>Obtenha o c\u00f3digo individual que aparece na caixa dos aplicativos da Elfsight. <\/b><br> Assim que a gera\u00e7\u00e3o do seu widget pessoal for conclu\u00edda, copie o c\u00f3digo pessoal na caixa exibida e guarde-o para uso posterior. <\/li> <li><b>Comece a usar o plugin no site Joomla. <\/b><br> Adicione o c\u00f3digo salvo anteriormente em sua p\u00e1gina web e salve as modifica\u00e7\u00f5es. <\/li> <li><b>A instala\u00e7\u00e3o foi finalizada com sucesso. <\/b><br> Visite seu site para examinar como a ferramenta funciona. <\/li><\/ol> <p>Na condi\u00e7\u00e3o de lidar com d\u00favidas ou enfrentar quaisquer complica\u00e7\u00f5es, entre em contato com nossa equipe de atendimento ao cliente. Nossos especialistas ter\u00e3o prazer em ajud\u00e1-lo com todas as dificuldades que voc\u00ea possa ter com a ferramenta. <\/p> <\/div> ","protected":false},"excerpt":{"rendered":"","protected":false},"author":9,"featured_media":0,"parent":12749,"menu_order":0,"comment_status":"closed","ping_status":"closed","template":"templates\/template-application-platform.php","meta":{"publish_to_discourse":"","publish_post_category":"","wpdc_auto_publish_overridden":"","wpdc_topic_tags":"","wpdc_pin_topic":"","wpdc_pin_until":"","discourse_post_id":"","discourse_permalink":"","wpdc_publishing_response":"","wpdc_publishing_error":"","footnotes":""},"class_list":["post-13333","page","type-page","status-publish","hentry"],"yoast_head":"<!-- This site is optimized with the Yoast SEO plugin v25.3.1 - https:\/\/yoast.com\/wordpress\/plugins\/seo\/ -->\n<title>Adicionar Calculadora ao Joomla - Simplifique as opera\u00e7\u00f5es de contagem no site<\/title>\n<meta name=\"description\" content=\"Lide at\u00e9 mesmo com a contagem em v\u00e1rias etapas com nossa calculadora f\u00e1cil de usar. Experimente uma demonstra\u00e7\u00e3o conveniente da Elfsight para criar um widget envolvente.\" \/>\n<meta name=\"robots\" content=\"index, follow, max-snippet:-1, max-image-preview:large, max-video-preview:-1\" \/>\n<link rel=\"canonical\" href=\"https:\/\/elfsight.com\/pt\/calculator-form-widget\/joomla\/\" \/>\n<meta property=\"og:locale\" content=\"pt_PT\" \/>\n<meta property=\"og:type\" content=\"article\" \/>\n<meta property=\"og:title\" content=\"Adicionar Calculadora ao Joomla - Simplifique as opera\u00e7\u00f5es de contagem no site\" \/>\n<meta property=\"og:description\" content=\"Lide at\u00e9 mesmo com a contagem em v\u00e1rias etapas com nossa calculadora f\u00e1cil de usar. Experimente uma demonstra\u00e7\u00e3o conveniente da Elfsight para criar um widget envolvente.\" \/>\n<meta property=\"og:url\" content=\"https:\/\/elfsight.com\/pt\/calculator-form-widget\/joomla\/\" \/>\n<meta property=\"og:site_name\" content=\"Elfsight PT\" \/>\n<meta property=\"article:modified_time\" content=\"2025-04-14T17:51:25+00:00\" \/>\n<meta name=\"twitter:card\" content=\"summary_large_image\" \/>\n<meta name=\"twitter:label1\" content=\"Tempo estimado de leitura\" \/>\n\t<meta name=\"twitter:data1\" content=\"2 minutos\" \/>\n<!-- \/ Yoast SEO plugin. -->","yoast_head_json":{"title":"Adicionar Calculadora ao Joomla - Simplifique as opera\u00e7\u00f5es de contagem no site","description":"Lide at\u00e9 mesmo com a contagem em v\u00e1rias etapas com nossa calculadora f\u00e1cil de usar. Experimente uma demonstra\u00e7\u00e3o conveniente da Elfsight para criar um widget envolvente.","robots":{"index":"index","follow":"follow","max-snippet":"max-snippet:-1","max-image-preview":"max-image-preview:large","max-video-preview":"max-video-preview:-1"},"canonical":"https:\/\/elfsight.com\/pt\/calculator-form-widget\/joomla\/","og_locale":"pt_PT","og_type":"article","og_title":"Adicionar Calculadora ao Joomla - Simplifique as opera\u00e7\u00f5es de contagem no site","og_description":"Lide at\u00e9 mesmo com a contagem em v\u00e1rias etapas com nossa calculadora f\u00e1cil de usar. Experimente uma demonstra\u00e7\u00e3o conveniente da Elfsight para criar um widget envolvente.","og_url":"https:\/\/elfsight.com\/pt\/calculator-form-widget\/joomla\/","og_site_name":"Elfsight PT","article_modified_time":"2025-04-14T17:51:25+00:00","twitter_card":"summary_large_image","twitter_misc":{"Tempo estimado de leitura":"2 minutos"},"schema":{"@context":"https:\/\/schema.org","@graph":[{"@type":"WebPage","@id":"https:\/\/elfsight.com\/pt\/calculator-form-widget\/joomla\/","url":"https:\/\/elfsight.com\/pt\/calculator-form-widget\/joomla\/","name":"Adicionar Calculadora ao Joomla - Simplifique as opera\u00e7\u00f5es de contagem no site","isPartOf":{"@id":"https:\/\/elfsight.com\/pt\/#website"},"datePublished":"2024-09-30T18:27:29+00:00","dateModified":"2025-04-14T17:51:25+00:00","description":"Lide at\u00e9 mesmo com a contagem em v\u00e1rias etapas com nossa calculadora f\u00e1cil de usar. Experimente uma demonstra\u00e7\u00e3o conveniente da Elfsight para criar um widget envolvente.","breadcrumb":{"@id":"https:\/\/elfsight.com\/pt\/calculator-form-widget\/joomla\/#breadcrumb"},"inLanguage":"pt-PT","potentialAction":[{"@type":"ReadAction","target":["https:\/\/elfsight.com\/pt\/calculator-form-widget\/joomla\/"]}]},{"@type":"BreadcrumbList","@id":"https:\/\/elfsight.com\/pt\/calculator-form-widget\/joomla\/#breadcrumb","itemListElement":[{"@type":"ListItem","position":1,"name":"Home","item":"https:\/\/elfsight.com\/pt\/"},{"@type":"ListItem","position":2,"name":"calculator &#8211; joomla"}]},{"@type":"WebSite","@id":"https:\/\/elfsight.com\/pt\/#website","url":"https:\/\/elfsight.com\/pt\/","name":"Elfsight PT","description":"Just another Elfsight Sites site","potentialAction":[{"@type":"SearchAction","target":{"@type":"EntryPoint","urlTemplate":"https:\/\/elfsight.com\/pt\/?s={search_term_string}"},"query-input":{"@type":"PropertyValueSpecification","valueRequired":true,"valueName":"search_term_string"}}],"inLanguage":"pt-PT"}]}},"meta_box":{"industry":"","seo_heading":"","heading":"","description":"","cta_heading":"","cta_description":"","application":"12748","h1":"Extens\u00e3o Calculadora Joomla","h1_caption":"Forne\u00e7a uma calculadora personalizada para seus visitantes, oferecendo solu\u00e7\u00f5es r\u00e1pidas para coisas como pre\u00e7os, descontos ou c\u00e1lculos de ROI em seu site Joomla sem esfor\u00e7o.","application_category":[],"applications_title":"","applications_request_title":"","applications_request_button_text":"","hero_text":"","hero_video":"","hero_video_schema_markup":"","selling_points_title":"","selling_points_caption":"","selling_points":[],"selling_points_cta_text":"","features_title":"","features":"","ed_cta_examples_text":"","ed_cta_examples_hidden":"","ed_cta_demo_text":"","ed_cta_demo_hidden":"","why_caption":"","why_editor_title":"","why_editor_text":"","why_team_title":"","why_team_text":"","why_service_title":"","why_service_text":"","template_catalog_visible":"","template_catalog_title":"","template_catalog_text":"","template_catalog_categories_visible":"","demo_title":"Crie seu plugin de calculadora","demo_caption":"Configure sua calculadora e adicione-a ao seu site Joomla gratuitamente!","default_faq_hidden":"","app_template_category":[],"platform":"52","template_public_id":"","codecanyon_url":"","codecanyon_item_id":"","codecanyon_price":"","pricing_caption":"","pricing_elfsight_apps_hide_column":"","pricing_elfsight_apps_url":"","pricing_codecanyon_price_caption":"","integration_category":[],"integration_request_title":"","integration_request_cta":"","integration_platform":"","integrations":[],"platform_category":[],"video_schema_markup":"","price":"a partir de $ 0 \/ m\u00eas","trial":"","benefits":[{"text":"Assist\u00eancia de instala\u00e7\u00e3o gratuita"},{"text":"Suporte premium"},{"text":"Garantia de reembolso de 14 dias"},{"text":"Desenvolvimento cont\u00ednuo"}],"button_url":"#demo","button_target_blank":"","button_nofollow":"","attributes":[{"name":"Instalar","content":"50,000 - 100,000"},{"name":"Responsivo","content":"Sim"},{"name":"Navegadores compat\u00edveis","content":"Firefox, Safari, Opera, Chrome, Edge"}],"tags":[],"tags_disable_links":"","hide_more_platforms":"","video_object":"","demo_hide_cta":"","demo_hide_cloud_options":"","pricing_title":"","pricing":[{"pricing_icon":"platform","pricing_title":"Elfsight Apps","pricing_title_caption":"Vers\u00e3o independente de plataforma que funciona em qualquer site","pricing_price":"a partir de $ 0 \/ m\u00eas","pricing_price_caption":"comece com um plano gratuito","pricing_benefits":[{"text":"Dom\u00ednios ilimitados"},{"text":"Suporte \u00e0 empresa 24 horas por dia, 7 dias por semana"},{"text":"Assist\u00eancia de instala\u00e7\u00e3o gratuita"},{"text":"Design flex\u00edvel"}],"pricing_button_text":"Adicionar ao site","pricing_button_url":"#demo"}],"related_apps_title":"","related_apps_hidden":"","author":"","image":[],"title":"","job":"","social_networks":[]},"_links":{"self":[{"href":"https:\/\/elfsight.com\/pt\/wp-json\/wp\/v2\/pages\/13333","targetHints":{"allow":["GET"]}}],"collection":[{"href":"https:\/\/elfsight.com\/pt\/wp-json\/wp\/v2\/pages"}],"about":[{"href":"https:\/\/elfsight.com\/pt\/wp-json\/wp\/v2\/types\/page"}],"author":[{"embeddable":true,"href":"https:\/\/elfsight.com\/pt\/wp-json\/wp\/v2\/users\/9"}],"replies":[{"embeddable":true,"href":"https:\/\/elfsight.com\/pt\/wp-json\/wp\/v2\/comments?post=13333"}],"version-history":[{"count":1,"href":"https:\/\/elfsight.com\/pt\/wp-json\/wp\/v2\/pages\/13333\/revisions"}],"predecessor-version":[{"id":13337,"href":"https:\/\/elfsight.com\/pt\/wp-json\/wp\/v2\/pages\/13333\/revisions\/13337"}],"up":[{"embeddable":true,"href":"https:\/\/elfsight.com\/pt\/wp-json\/wp\/v2\/pages\/12749"}],"wp:attachment":[{"href":"https:\/\/elfsight.com\/pt\/wp-json\/wp\/v2\/media?parent=13333"}],"curies":[{"name":"wp","href":"https:\/\/api.w.org\/{rel}","templated":true}]}}