{"id":13332,"date":"2024-09-30T18:27:29","date_gmt":"2024-09-30T18:27:29","guid":{"rendered":"https:\/\/elfsight.com\/pt\/?page_id=13332"},"modified":"2025-04-14T17:51:25","modified_gmt":"2025-04-14T17:51:25","slug":"weebly","status":"publish","type":"page","link":"https:\/\/elfsight.com\/pt\/calculator-form-widget\/weebly\/","title":{"rendered":"calculator &#8211; weebly"},"content":{"rendered":"<div class=\"application-platform-content-item-description application-platform-content-item\" id=\"description\" data-nav-section=\"description\"> <h2>Incorpore a Calculadora no Weebly com um aplicativo Elfsight<\/h2> <p>O widget Calculadora oferece aos seus clientes uma maneira de planejar seu or\u00e7amento, viagens rotas, propor\u00e7\u00f5es de cozimento e muito mais sobre sua \u00e1rea de atividade. \u00c9 poss\u00edvel adicionar campos espec\u00edficos e op\u00e7\u00f5es adicionais a este widget incorporado, para que os visitantes possam conferir seus benef\u00edcios sem sair da p\u00e1gina do site. O recurso de l\u00f3gica condicional permite que voc\u00ea crie solu\u00e7\u00f5es universais para seu cen\u00e1rio e para cada cliente.<\/p><p>Elementos personaliz\u00e1veis, como caixas de sele\u00e7\u00e3o, controles deslizantes e menus suspensos, permitem incluir qualquer aspecto da constru\u00e7\u00e3o de pre\u00e7os para determinados produtos. Por exemplo, voc\u00ea pode calcular empr\u00e9stimos com juros declarados por um per\u00edodo de tempo necess\u00e1rio. Voc\u00ea pode promover um aluguel de carro com muitos ajustes adicionais para escolher. Da mesma forma, a calculadora \u00e9 capaz de projetar a viagem dos sonhos, desde que sejam contabilizados traslados, hot\u00e9is e excurs\u00f5es necess\u00e1rias. <\/p><p><b>Ofere\u00e7a aos seus clientes uma experi\u00eancia de c\u00e1lculo perfeita, adicionando o poderoso widget de contagem! <\/b><\/p><\/div> <div class=\"application-platform-content-item-features application-platform-content-item\" id=\"features\" data-nav-section=\"features\"> <h2>Os recursos de widget mais populares incluem<\/h2> <ul><li>Ferramenta com interface simples que funciona com qualquer opera\u00e7\u00e3o<\/h2> <ul><li>Ferramenta com interface simples que funciona com qualquer opera\u00e7\u00e3o<\/h2> li&gt;<li>Todos os tipos de campos de opera\u00e7\u00e3o para v\u00e1rios cen\u00e1rios<\/li><li>L\u00f3gica condicional para simplificar at\u00e9 mesmo c\u00e1lculos detalhados<\/li><li>Modelos personaliz\u00e1veis \u200b\u200bpara come\u00e7ar sem esfor\u00e7o<\/li><li>Ferramenta incorporada que aumenta a decis\u00e3o cria\u00e7\u00e3o<\/li><\/ul><p><a href=\"#demo\">Voc\u00ea pode explorar todos os recursos do widget na demonstra\u00e7\u00e3o aqui<\/a><\/p><\/div> <div class=\"application-platform-content-item-instala\u00e7\u00e3o application-platform-content-item\" id=\"instala\u00e7\u00e3o\" data-nav-section=\"instala\u00e7\u00e3o\"> <h2>Como incorporar a Calculadora em minha p\u00e1gina do Weebly?<\/h2> <p>Basta seguir as etapas abaixo para come\u00e7ar a usar a ferramenta.<\/p> <ol><li><b>Utilize nosso configurador gratuito e comece a criar seu widget personalizado. <\/b><br> Especifique o design e os par\u00e2metros preferidos do widget e aplique as modifica\u00e7\u00f5es. <\/li> <li><b>Adquira o seu c\u00f3digo pessoal que aparece no formul\u00e1rio especial nas aplica\u00e7\u00f5es Elfsight. <\/b><br> Quando a personaliza\u00e7\u00e3o da sua ferramenta for conclu\u00edda, copie o c\u00f3digo exclusivo do pop-up que aparece e salve-o para uso futuro. <\/li> <li><b>Comece a usar o widget na p\u00e1gina inicial do Weebly. <\/b><br> Implemente o c\u00f3digo que voc\u00ea copiou recentemente em seu site e salve as corre\u00e7\u00f5es. <\/li> <li><b>Pronto! A configura\u00e7\u00e3o est\u00e1 totalmente conclu\u00edda. <\/b><br> V\u00e1 para sua p\u00e1gina para ver o desempenho do widget. <\/li><\/ol> <p>Na condi\u00e7\u00e3o de lidar com d\u00favidas ou enfrentar algumas dificuldades, n\u00e3o hesite em recorrer \u00e0 nossa equipe de suporte. Nosso pessoal ter\u00e1 prazer em ajud\u00e1-lo com todos os problemas que voc\u00ea possa ter com a ferramenta. <\/p><\/div> ","protected":false},"excerpt":{"rendered":"","protected":false},"author":9,"featured_media":0,"parent":12749,"menu_order":0,"comment_status":"closed","ping_status":"closed","template":"templates\/template-application-platform.php","meta":{"publish_to_discourse":"","publish_post_category":"","wpdc_auto_publish_overridden":"","wpdc_topic_tags":"","wpdc_pin_topic":"","wpdc_pin_until":"","discourse_post_id":"","discourse_permalink":"","wpdc_publishing_response":"","wpdc_publishing_error":"","footnotes":""},"class_list":["post-13332","page","type-page","status-publish","hentry"],"yoast_head":"<!-- This site is optimized with the Yoast SEO plugin v25.3.1 - https:\/\/yoast.com\/wordpress\/plugins\/seo\/ -->\n<title>Adicionar calculadora ao Weebly - fornece contagem conveniente nas p\u00e1ginas<\/title>\n<meta name=\"description\" content=\"Domine at\u00e9 mesmo a contagem detalhada usando a calculadora responsiva. Use uma demonstra\u00e7\u00e3o simples da Elfsight para criar um widget vers\u00e1til.\" \/>\n<meta name=\"robots\" content=\"index, follow, max-snippet:-1, max-image-preview:large, max-video-preview:-1\" \/>\n<link rel=\"canonical\" href=\"https:\/\/elfsight.com\/pt\/calculator-form-widget\/weebly\/\" \/>\n<meta property=\"og:locale\" content=\"pt_PT\" \/>\n<meta property=\"og:type\" content=\"article\" \/>\n<meta property=\"og:title\" content=\"Adicionar calculadora ao Weebly - fornece contagem conveniente nas p\u00e1ginas\" \/>\n<meta property=\"og:description\" content=\"Domine at\u00e9 mesmo a contagem detalhada usando a calculadora responsiva. Use uma demonstra\u00e7\u00e3o simples da Elfsight para criar um widget vers\u00e1til.\" \/>\n<meta property=\"og:url\" content=\"https:\/\/elfsight.com\/pt\/calculator-form-widget\/weebly\/\" \/>\n<meta property=\"og:site_name\" content=\"Elfsight PT\" \/>\n<meta property=\"article:modified_time\" content=\"2025-04-14T17:51:25+00:00\" \/>\n<meta name=\"twitter:card\" content=\"summary_large_image\" \/>\n<meta name=\"twitter:label1\" content=\"Tempo estimado de leitura\" \/>\n\t<meta name=\"twitter:data1\" content=\"2 minutos\" \/>\n<!-- \/ Yoast SEO plugin. -->","yoast_head_json":{"title":"Adicionar calculadora ao Weebly - fornece contagem conveniente nas p\u00e1ginas","description":"Domine at\u00e9 mesmo a contagem detalhada usando a calculadora responsiva. Use uma demonstra\u00e7\u00e3o simples da Elfsight para criar um widget vers\u00e1til.","robots":{"index":"index","follow":"follow","max-snippet":"max-snippet:-1","max-image-preview":"max-image-preview:large","max-video-preview":"max-video-preview:-1"},"canonical":"https:\/\/elfsight.com\/pt\/calculator-form-widget\/weebly\/","og_locale":"pt_PT","og_type":"article","og_title":"Adicionar calculadora ao Weebly - fornece contagem conveniente nas p\u00e1ginas","og_description":"Domine at\u00e9 mesmo a contagem detalhada usando a calculadora responsiva. Use uma demonstra\u00e7\u00e3o simples da Elfsight para criar um widget vers\u00e1til.","og_url":"https:\/\/elfsight.com\/pt\/calculator-form-widget\/weebly\/","og_site_name":"Elfsight PT","article_modified_time":"2025-04-14T17:51:25+00:00","twitter_card":"summary_large_image","twitter_misc":{"Tempo estimado de leitura":"2 minutos"},"schema":{"@context":"https:\/\/schema.org","@graph":[{"@type":"WebPage","@id":"https:\/\/elfsight.com\/pt\/calculator-form-widget\/weebly\/","url":"https:\/\/elfsight.com\/pt\/calculator-form-widget\/weebly\/","name":"Adicionar calculadora ao Weebly - fornece contagem conveniente nas p\u00e1ginas","isPartOf":{"@id":"https:\/\/elfsight.com\/pt\/#website"},"datePublished":"2024-09-30T18:27:29+00:00","dateModified":"2025-04-14T17:51:25+00:00","description":"Domine at\u00e9 mesmo a contagem detalhada usando a calculadora responsiva. Use uma demonstra\u00e7\u00e3o simples da Elfsight para criar um widget vers\u00e1til.","breadcrumb":{"@id":"https:\/\/elfsight.com\/pt\/calculator-form-widget\/weebly\/#breadcrumb"},"inLanguage":"pt-PT","potentialAction":[{"@type":"ReadAction","target":["https:\/\/elfsight.com\/pt\/calculator-form-widget\/weebly\/"]}]},{"@type":"BreadcrumbList","@id":"https:\/\/elfsight.com\/pt\/calculator-form-widget\/weebly\/#breadcrumb","itemListElement":[{"@type":"ListItem","position":1,"name":"Home","item":"https:\/\/elfsight.com\/pt\/"},{"@type":"ListItem","position":2,"name":"calculator &#8211; weebly"}]},{"@type":"WebSite","@id":"https:\/\/elfsight.com\/pt\/#website","url":"https:\/\/elfsight.com\/pt\/","name":"Elfsight PT","description":"Just another Elfsight Sites site","potentialAction":[{"@type":"SearchAction","target":{"@type":"EntryPoint","urlTemplate":"https:\/\/elfsight.com\/pt\/?s={search_term_string}"},"query-input":{"@type":"PropertyValueSpecification","valueRequired":true,"valueName":"search_term_string"}}],"inLanguage":"pt-PT"}]}},"meta_box":{"industry":"","seo_heading":"","heading":"","description":"","cta_heading":"","cta_description":"","application":"12748","h1":"Aplicativo Calculadora Weebly","h1_caption":"Forne\u00e7a uma calculadora personalizada para seus visitantes, oferecendo solu\u00e7\u00f5es r\u00e1pidas para itens como pre\u00e7os, descontos ou c\u00e1lculos de ROI em seu site do Weebly sem esfor\u00e7o.","application_category":[],"applications_title":"","applications_request_title":"","applications_request_button_text":"","hero_text":"","hero_video":"","hero_video_schema_markup":"","selling_points_title":"","selling_points_caption":"","selling_points":[],"selling_points_cta_text":"","features_title":"","features":"","ed_cta_examples_text":"","ed_cta_examples_hidden":"","ed_cta_demo_text":"","ed_cta_demo_hidden":"","why_caption":"","why_editor_title":"","why_editor_text":"","why_team_title":"","why_team_text":"","why_service_title":"","why_service_text":"","template_catalog_visible":"","template_catalog_title":"","template_catalog_text":"","template_catalog_categories_visible":"","demo_title":"Crie seu aplicativo Calculadora","demo_caption":"Configure sua calculadora e adicione-a ao seu site do Weebly gratuitamente!","default_faq_hidden":"","app_template_category":[],"platform":"73","template_public_id":"","codecanyon_url":"","codecanyon_item_id":"","codecanyon_price":"","pricing_caption":"","pricing_elfsight_apps_hide_column":"","pricing_elfsight_apps_url":"","pricing_codecanyon_price_caption":"","integration_category":[],"integration_request_title":"","integration_request_cta":"","integration_platform":"","integrations":[],"platform_category":[],"video_schema_markup":"","price":"a partir de $ 0 \/ m\u00eas","trial":"","benefits":[{"text":"Servi\u00e7o de instala\u00e7\u00e3o gratuito"},{"text":"Atendimento ao cliente eficaz"},{"text":"Garantia de reembolso de 14 dias"},{"text":"Atualizando constantemente"}],"button_url":"#demo","button_target_blank":"","button_nofollow":"","attributes":[{"name":"Instalar","content":"50,000 - 100,000"},{"name":"Responsivo","content":"Sim"},{"name":"Navegadores compat\u00edveis","content":"Firefox, Safari, Opera, Chrome, Edge"}],"tags":[],"tags_disable_links":"","hide_more_platforms":"","video_object":"","demo_hide_cta":"","demo_hide_cloud_options":"","pricing_title":"","pricing":[{"pricing_icon":"platform","pricing_title":"Elfsight Apps","pricing_title_caption":"Solu\u00e7\u00e3o digital multiplataforma","pricing_price":"a partir de $ 0 \/ m\u00eas","pricing_price_caption":"comece com um plano gratuito","pricing_benefits":[{"text":"Dom\u00ednios ilimitados"},{"text":"Suporte ao cliente premium"},{"text":"Suporte de instala\u00e7\u00e3o gratuito"},{"text":"Design flex\u00edvel"}],"pricing_button_text":"Adicionar ao site","pricing_button_url":"#demo"}],"related_apps_title":"","related_apps_hidden":"","author":"","image":[],"title":"","job":"","social_networks":[]},"_links":{"self":[{"href":"https:\/\/elfsight.com\/pt\/wp-json\/wp\/v2\/pages\/13332","targetHints":{"allow":["GET"]}}],"collection":[{"href":"https:\/\/elfsight.com\/pt\/wp-json\/wp\/v2\/pages"}],"about":[{"href":"https:\/\/elfsight.com\/pt\/wp-json\/wp\/v2\/types\/page"}],"author":[{"embeddable":true,"href":"https:\/\/elfsight.com\/pt\/wp-json\/wp\/v2\/users\/9"}],"replies":[{"embeddable":true,"href":"https:\/\/elfsight.com\/pt\/wp-json\/wp\/v2\/comments?post=13332"}],"version-history":[{"count":1,"href":"https:\/\/elfsight.com\/pt\/wp-json\/wp\/v2\/pages\/13332\/revisions"}],"predecessor-version":[{"id":13336,"href":"https:\/\/elfsight.com\/pt\/wp-json\/wp\/v2\/pages\/13332\/revisions\/13336"}],"up":[{"embeddable":true,"href":"https:\/\/elfsight.com\/pt\/wp-json\/wp\/v2\/pages\/12749"}],"wp:attachment":[{"href":"https:\/\/elfsight.com\/pt\/wp-json\/wp\/v2\/media?parent=13332"}],"curies":[{"name":"wp","href":"https:\/\/api.w.org\/{rel}","templated":true}]}}