{"id":13326,"date":"2024-09-30T18:27:29","date_gmt":"2024-09-30T18:27:29","guid":{"rendered":"https:\/\/elfsight.com\/pt\/?page_id=13326"},"modified":"2025-04-14T17:51:16","modified_gmt":"2025-04-14T17:51:16","slug":"bigcommerce","status":"publish","type":"page","link":"https:\/\/elfsight.com\/pt\/calculator-form-widget\/bigcommerce\/","title":{"rendered":"calculator &#8211; bigcommerce"},"content":{"rendered":"\n<div class=\"application-platform-content-item-description application-platform-content-item\" id=\"description\" data-nav-section=\"description\"> <h2>Incorpore a Calculadora no BigCommerce com um aplicativo Elfsight<\/h2> <p>O widget Calculadora fornece aos seus clientes uma maneira de planejar seu or\u00e7amento, rotas de viagem, propor\u00e7\u00f5es de cozimento e muito mais dependendo da sua \u00e1rea de neg\u00f3cio. Pode-se incorporar campos espec\u00edficos e op\u00e7\u00f5es \u00fateis neste widget incorporado, para que os usu\u00e1rios possam ver os benef\u00edcios sem sair da p\u00e1gina do site. A l\u00f3gica condicional permite inventar solu\u00e7\u00f5es universais para cada cen\u00e1rio e cada usu\u00e1rio.<\/p><p>Elementos vari\u00e1veis, como caixas de sele\u00e7\u00e3o, controles deslizantes e listas suspensas, permitem incluir qualquer padr\u00e3o de pre\u00e7os para determinadas ofertas. Por exemplo, pode-se calcular empr\u00e9stimos com uma percentagem declarada para um per\u00edodo de tempo desejado. Voc\u00ea pode oferecer um aluguel de carro com muitas comodidades adicionais para escolher. Al\u00e9m disso, a calculadora \u00e9 capaz de planejar a viagem dos sonhos, desde que sejam contabilizados traslados, acomoda\u00e7\u00f5es e eventos necess\u00e1rios. <\/p><p><b>Ofere\u00e7a aos seus clientes uma experi\u00eancia de c\u00e1lculo conveniente, incorporando o widget de contagem simples! <\/b><\/p><\/div> <div class=\"application-platform-content-item-features application-platform-content-item\" id=\"features\" data-nav-section=\"features\"> <h2>Os recursos essenciais do widget oferecem<\/h2> <ul><li>Solu\u00e7\u00e3o com interface amig\u00e1vel que permite quaisquer c\u00e1lculos<\/li><li>Numerosos tipos de campos de opera\u00e7\u00e3o para v\u00e1rios objetivos<\/li><li>Recurso de l\u00f3gica condicional que permite contagens complicadas<\/li><li>Modelos prontos para um in\u00edcio simples<\/li><li> Ferramenta integrada que aumenta a tomada de decis\u00f5es<\/li><\/ul><p><a href=\"#demo\">Voc\u00ea pode conferir o que o widget oferece experimentando a demonstra\u00e7\u00e3o<\/a><\/p> <\/div> <div class=\"application-platform-content-item-installation application-platform-content-item\" id=\"installation\" data-nav-section=\"installation\"> <h2>Como fa\u00e7o para incorporar a Calculadora em meu site BigCommerce?<\/h2> <p>Basta seguir as diretrizes abaixo para incorporar a ferramenta.<\/p> <ol><li><b> Abra nossa demonstra\u00e7\u00e3o gratuita e comece a moldar seu pr\u00f3prio instrumento. <\/b><br> Especifique o layout preferido e as especifica\u00e7\u00f5es da ferramenta e salve as corre\u00e7\u00f5es. <\/li> <li><b>Receba o seu c\u00f3digo individual que \u00e9 apresentado no formul\u00e1rio especial nas aplica\u00e7\u00f5es Elfsight. <\/b><br> Logo ap\u00f3s a gera\u00e7\u00e3o do seu plugin, copie o c\u00f3digo pessoal na caixa exibida e salve-o para uso futuro. <\/li> <li><b>Iniciar a utiliza\u00e7\u00e3o do widget no site BigCommerce. <\/b><br> Incorpore o c\u00f3digo que voc\u00ea salvou anteriormente em seu site e salve as corre\u00e7\u00f5es. <\/li> <li><b>A configura\u00e7\u00e3o est\u00e1 totalmente conclu\u00edda. <\/b><br> Visite sua p\u00e1gina para ver o desempenho da ferramenta. <\/li><\/ol> <p>Na condi\u00e7\u00e3o de enfrentar d\u00favidas ou enfrentar alguns obst\u00e1culos, n\u00e3o hesite em procurar ajuda de nossa equipe de atendimento ao cliente. Nosso pessoal est\u00e1 ansioso para resolver todas as dificuldades que voc\u00ea possa ter com o widget. <\/p><\/div>\n","protected":false},"excerpt":{"rendered":"","protected":false},"author":9,"featured_media":0,"parent":12749,"menu_order":0,"comment_status":"closed","ping_status":"closed","template":"templates\/template-application-platform.php","meta":{"publish_to_discourse":"","publish_post_category":"","wpdc_auto_publish_overridden":"","wpdc_topic_tags":"","wpdc_pin_topic":"","wpdc_pin_until":"","discourse_post_id":"","discourse_permalink":"","wpdc_publishing_response":"","wpdc_publishing_error":"","footnotes":""},"class_list":["post-13326","page","type-page","status-publish","hentry"],"yoast_head":"<!-- This site is optimized with the Yoast SEO plugin v25.3.1 - https:\/\/yoast.com\/wordpress\/plugins\/seo\/ -->\n<title>Incorporar calculadora no BigCommerce - Aumente os c\u00e1lculos nas p\u00e1ginas<\/title>\n<meta name=\"description\" content=\"Simplifique at\u00e9 mesmo contagens complexas usando nossa calculadora orientada ao usu\u00e1rio. Experimente uma demonstra\u00e7\u00e3o conveniente da Elfsight para formar um widget vers\u00e1til.\" \/>\n<meta name=\"robots\" content=\"index, follow, max-snippet:-1, max-image-preview:large, max-video-preview:-1\" \/>\n<link rel=\"canonical\" href=\"https:\/\/elfsight.com\/pt\/calculator-form-widget\/bigcommerce\/\" \/>\n<meta property=\"og:locale\" content=\"pt_PT\" \/>\n<meta property=\"og:type\" content=\"article\" \/>\n<meta property=\"og:title\" content=\"Incorporar calculadora no BigCommerce - Aumente os c\u00e1lculos nas p\u00e1ginas\" \/>\n<meta property=\"og:description\" content=\"Simplifique at\u00e9 mesmo contagens complexas usando nossa calculadora orientada ao usu\u00e1rio. Experimente uma demonstra\u00e7\u00e3o conveniente da Elfsight para formar um widget vers\u00e1til.\" \/>\n<meta property=\"og:url\" content=\"https:\/\/elfsight.com\/pt\/calculator-form-widget\/bigcommerce\/\" \/>\n<meta property=\"og:site_name\" content=\"Elfsight PT\" \/>\n<meta property=\"article:modified_time\" content=\"2025-04-14T17:51:16+00:00\" \/>\n<meta name=\"twitter:card\" content=\"summary_large_image\" \/>\n<meta name=\"twitter:label1\" content=\"Tempo estimado de leitura\" \/>\n\t<meta name=\"twitter:data1\" content=\"3 minutos\" \/>\n<!-- \/ Yoast SEO plugin. -->","yoast_head_json":{"title":"Incorporar calculadora no BigCommerce - Aumente os c\u00e1lculos nas p\u00e1ginas","description":"Simplifique at\u00e9 mesmo contagens complexas usando nossa calculadora orientada ao usu\u00e1rio. Experimente uma demonstra\u00e7\u00e3o conveniente da Elfsight para formar um widget vers\u00e1til.","robots":{"index":"index","follow":"follow","max-snippet":"max-snippet:-1","max-image-preview":"max-image-preview:large","max-video-preview":"max-video-preview:-1"},"canonical":"https:\/\/elfsight.com\/pt\/calculator-form-widget\/bigcommerce\/","og_locale":"pt_PT","og_type":"article","og_title":"Incorporar calculadora no BigCommerce - Aumente os c\u00e1lculos nas p\u00e1ginas","og_description":"Simplifique at\u00e9 mesmo contagens complexas usando nossa calculadora orientada ao usu\u00e1rio. Experimente uma demonstra\u00e7\u00e3o conveniente da Elfsight para formar um widget vers\u00e1til.","og_url":"https:\/\/elfsight.com\/pt\/calculator-form-widget\/bigcommerce\/","og_site_name":"Elfsight PT","article_modified_time":"2025-04-14T17:51:16+00:00","twitter_card":"summary_large_image","twitter_misc":{"Tempo estimado de leitura":"3 minutos"},"schema":{"@context":"https:\/\/schema.org","@graph":[{"@type":"WebPage","@id":"https:\/\/elfsight.com\/pt\/calculator-form-widget\/bigcommerce\/","url":"https:\/\/elfsight.com\/pt\/calculator-form-widget\/bigcommerce\/","name":"Incorporar calculadora no BigCommerce - Aumente os c\u00e1lculos nas p\u00e1ginas","isPartOf":{"@id":"https:\/\/elfsight.com\/pt\/#website"},"datePublished":"2024-09-30T18:27:29+00:00","dateModified":"2025-04-14T17:51:16+00:00","description":"Simplifique at\u00e9 mesmo contagens complexas usando nossa calculadora orientada ao usu\u00e1rio. Experimente uma demonstra\u00e7\u00e3o conveniente da Elfsight para formar um widget vers\u00e1til.","breadcrumb":{"@id":"https:\/\/elfsight.com\/pt\/calculator-form-widget\/bigcommerce\/#breadcrumb"},"inLanguage":"pt-PT","potentialAction":[{"@type":"ReadAction","target":["https:\/\/elfsight.com\/pt\/calculator-form-widget\/bigcommerce\/"]}]},{"@type":"BreadcrumbList","@id":"https:\/\/elfsight.com\/pt\/calculator-form-widget\/bigcommerce\/#breadcrumb","itemListElement":[{"@type":"ListItem","position":1,"name":"Home","item":"https:\/\/elfsight.com\/pt\/"},{"@type":"ListItem","position":2,"name":"Calculator","item":"https:\/\/elfsight.com\/pt\/calculator-form-widget\/"},{"@type":"ListItem","position":3,"name":"calculator &#8211; bigcommerce"}]},{"@type":"WebSite","@id":"https:\/\/elfsight.com\/pt\/#website","url":"https:\/\/elfsight.com\/pt\/","name":"Elfsight PT","description":"Just another Elfsight Sites site","potentialAction":[{"@type":"SearchAction","target":{"@type":"EntryPoint","urlTemplate":"https:\/\/elfsight.com\/pt\/?s={search_term_string}"},"query-input":{"@type":"PropertyValueSpecification","valueRequired":true,"valueName":"search_term_string"}}],"inLanguage":"pt-PT"}]}},"meta_box":{"industry":"","seo_heading":"","heading":"","description":"","cta_heading":"","cta_description":"","application":"12748","h1":"Aplicativo Calculadora BigCommerce","h1_caption":"Forne\u00e7a uma calculadora personalizada para seus visitantes, oferecendo solu\u00e7\u00f5es r\u00e1pidas para coisas como pre\u00e7os, descontos ou c\u00e1lculos de ROI em seu site BigCommerce sem esfor\u00e7o.","application_category":[],"applications_title":"","applications_request_title":"","applications_request_button_text":"","hero_text":"","hero_video":"","hero_video_schema_markup":"","selling_points_title":"","selling_points_caption":"","selling_points":[],"selling_points_cta_text":"","features_title":"","features":"","ed_cta_examples_text":"","ed_cta_examples_hidden":"","ed_cta_demo_text":"","ed_cta_demo_hidden":"","why_caption":"","why_editor_title":"","why_editor_text":"","why_team_title":"","why_team_text":"","why_service_title":"","why_service_text":"","template_catalog_visible":"0","template_catalog_title":"","template_catalog_text":"","template_catalog_categories_visible":"","demo_title":"Crie seu aplicativo Calculadora","demo_caption":"Configure sua calculadora e adicione-a ao seu site BigCommerce gratuitamente!","default_faq_hidden":"","app_template_category":[],"platform":"43","template_public_id":"","codecanyon_url":"","codecanyon_item_id":"","codecanyon_price":"","pricing_caption":"","pricing_elfsight_apps_hide_column":"","pricing_elfsight_apps_url":"","pricing_codecanyon_price_caption":"","integration_category":[],"integration_request_title":"","integration_request_cta":"","integration_platform":"","integrations":[],"platform_category":[],"video_schema_markup":"","price":"a partir de $ 0 \/ m\u00eas","trial":"","benefits":[{"text":"Ajuda de instala\u00e7\u00e3o gratuita"},{"text":"Atendimento ao cliente profissional"},{"text":"Garantia de devolu\u00e7\u00e3o do dinheiro em 14 dias"},{"text":"Futuras atualiza\u00e7\u00f5es gratuitas"}],"button_url":"#demo","button_target_blank":"0","button_nofollow":"0","attributes":[{"name":"Instalar","content":"50,000 - 100,000"},{"name":"Responsivo","content":"Sim"},{"name":"Navegadores compat\u00edveis","content":"Firefox, Safari, Opera, Chrome, Edge"}],"tags":[],"tags_disable_links":"0","hide_more_platforms":"0","video_object":"","demo_hide_cta":"0","demo_hide_cloud_options":"0","pricing_title":"","pricing":[{"pricing_icon":"platform","pricing_title":"Elfsight Apps","pricing_title_caption":"Software multiplataforma","pricing_price":"a partir de $ 0 \/ m\u00eas","pricing_price_caption":"comece com um plano gratuito","pricing_benefits":[{"text":"Sites ilimitados"},{"text":"Suporte \u00e0 empresa 24 horas por dia, 7 dias por semana e bem documentado"},{"text":"Servi\u00e7o de instala\u00e7\u00e3o gratuito"},{"text":"Totalmente personaliz\u00e1vel"}],"pricing_button_text":"Adicionar ao site","pricing_button_url":"#demo"}],"related_apps_title":"","related_apps_hidden":"0","author":"","image":[],"title":"","job":"","social_networks":[]},"_links":{"self":[{"href":"https:\/\/elfsight.com\/pt\/wp-json\/wp\/v2\/pages\/13326","targetHints":{"allow":["GET"]}}],"collection":[{"href":"https:\/\/elfsight.com\/pt\/wp-json\/wp\/v2\/pages"}],"about":[{"href":"https:\/\/elfsight.com\/pt\/wp-json\/wp\/v2\/types\/page"}],"author":[{"embeddable":true,"href":"https:\/\/elfsight.com\/pt\/wp-json\/wp\/v2\/users\/9"}],"replies":[{"embeddable":true,"href":"https:\/\/elfsight.com\/pt\/wp-json\/wp\/v2\/comments?post=13326"}],"version-history":[{"count":2,"href":"https:\/\/elfsight.com\/pt\/wp-json\/wp\/v2\/pages\/13326\/revisions"}],"predecessor-version":[{"id":14215,"href":"https:\/\/elfsight.com\/pt\/wp-json\/wp\/v2\/pages\/13326\/revisions\/14215"}],"up":[{"embeddable":true,"href":"https:\/\/elfsight.com\/pt\/wp-json\/wp\/v2\/pages\/12749"}],"wp:attachment":[{"href":"https:\/\/elfsight.com\/pt\/wp-json\/wp\/v2\/media?parent=13326"}],"curies":[{"name":"wp","href":"https:\/\/api.w.org\/{rel}","templated":true}]}}