{"id":13324,"date":"2024-09-30T18:27:29","date_gmt":"2024-09-30T18:27:29","guid":{"rendered":"https:\/\/elfsight.com\/pt\/?page_id=13324"},"modified":"2025-04-14T17:51:16","modified_gmt":"2025-04-14T17:51:16","slug":"woocommerce","status":"publish","type":"page","link":"https:\/\/elfsight.com\/pt\/calculator-form-widget\/woocommerce\/","title":{"rendered":"calculator &#8211; woocommerce"},"content":{"rendered":"<div class=\"application-platform-content-item-description application-platform-content-item\" id=\"description\" data-nav-section=\"description\"> <h2>Incorpore a Calculadora no WooCommerce com um plugin Elfsight<\/h2> <p>O widget Calculadora oferece aos seus clientes a oportunidade de planejar suas despesas, percursos de viagem, propor\u00e7\u00f5es de cozimento e muito mais dependendo do seu ramo de atividade. Podem-se adicionar v\u00e1rios campos e op\u00e7\u00f5es extras a este widget incorporado, para que os usu\u00e1rios possam ver os benef\u00edcios sem sair da aba. A l\u00f3gica condicional ajuda a inventar padr\u00f5es universais para o seu cen\u00e1rio e para cada usu\u00e1rio.<\/p><p>Elementos ajust\u00e1veis, como caixas de sele\u00e7\u00e3o, controles deslizantes e listas suspensas, permitem incluir qualquer aspecto da cria\u00e7\u00e3o de pre\u00e7os para diversas ofertas. Por exemplo, voc\u00ea pode calcular empr\u00e9stimos com juros declarados e por um per\u00edodo necess\u00e1rio. Voc\u00ea pode fornecer um aluguel de carro com in\u00fameras op\u00e7\u00f5es adicionais para escolher. Da mesma forma, a calculadora \u00e9 capaz de planejar a viagem dos seus sonhos onde s\u00e3o calculados transporte, resid\u00eancia e melhores eventos. <\/p><p><b>Impressione seus clientes com uma experi\u00eancia de c\u00e1lculo s\u00f3lida, incorporando o poderoso widget de contagem! <\/b><\/p><\/div> <div class=\"application-platform-content-item-features application-platform-content-item\" id=\"features\" data-nav-section=\"features\"> <h2>O widget inclui recursos \u00fateis e f\u00e1ceis, confira alguns deles:<\/h2> <ul><li>Solu\u00e7\u00e3o com usu\u00e1rio- interface amig\u00e1vel que funciona com qualquer opera\u00e7\u00e3o<\/li><li>Numerosos tipos de campos de opera\u00e7\u00e3o para v\u00e1rios objetivos<\/li><li>L\u00f3gica condicional que abrange at\u00e9 mesmo c\u00e1lculos de v\u00e1rias etapas<\/li><li>Modelos ajust\u00e1veis \u200b\u200bpara comece facilmente<\/li><li>Solu\u00e7\u00e3o na p\u00e1gina para inspirar a tomada de decis\u00f5es<\/li><\/ul><p><a href=\"#demo\">Voc\u00ea pode descobrir todos os recursos do widget na demonstra\u00e7\u00e3o aqui<\/a><\/p><\/div> <div class=\"application-platform-content-item-installation application-platform-content-item\" id=\"installation\" data-nav-section=\"installation\"> <h2>Como fa\u00e7o para incorporar a Calculadora em minha p\u00e1gina WooCommerce?<\/h2> <p>Basta seguir v\u00e1rias etapas descritas abaixo para adicionar o plugin.<\/p> <ol><li><b>Use nossa demonstra\u00e7\u00e3o gratuita e comece a criar seu plugin personalizado. <\/b><br> Especifique a apar\u00eancia e funcionalidade selecionadas do widget e aplique as corre\u00e7\u00f5es. <\/li> <li><b>Adquira o c\u00f3digo individual mostrado na caixa nas aplica\u00e7\u00f5es Elfsight. <\/b><br> Ap\u00f3s a cria\u00e7\u00e3o do seu widget, copie o c\u00f3digo exclusivo da janela exibida e guarde-o para futuras ocasi\u00f5es. <\/li> <li><b>Comece a usar a ferramenta na p\u00e1gina WooCommerce. <\/b><br> Incorpore o c\u00f3digo que voc\u00ea copiou anteriormente em sua p\u00e1gina e aplique as corre\u00e7\u00f5es. <\/li> <li><b>A instala\u00e7\u00e3o foi conclu\u00edda com sucesso. <\/b><br> V\u00e1 para sua p\u00e1gina da web para inspecionar como o widget funciona. <\/li><\/ol> <p>Se voc\u00ea tiver alguma complica\u00e7\u00e3o, n\u00e3o hesite em procurar ajuda de nossa equipe de suporte. Nosso pessoal ter\u00e1 prazer em resolver todas as d\u00favidas que voc\u00ea possa ter com o widget. <\/p><\/div>","protected":false},"excerpt":{"rendered":"","protected":false},"author":9,"featured_media":0,"parent":12749,"menu_order":0,"comment_status":"closed","ping_status":"closed","template":"templates\/template-application-platform.php","meta":{"publish_to_discourse":"","publish_post_category":"","wpdc_auto_publish_overridden":"","wpdc_topic_tags":"","wpdc_pin_topic":"","wpdc_pin_until":"","discourse_post_id":"","discourse_permalink":"","wpdc_publishing_response":"","wpdc_publishing_error":"","footnotes":""},"class_list":["post-13324","page","type-page","status-publish","hentry"],"yoast_head":"<!-- This site is optimized with the Yoast SEO plugin v25.3.1 - https:\/\/yoast.com\/wordpress\/plugins\/seo\/ -->\n<title>Adicionar calculadora ao WooCommerce - Melhore a contagem nas p\u00e1ginas<\/title>\n<meta name=\"description\" content=\"Lide at\u00e9 mesmo com c\u00e1lculos de v\u00e1rias etapas com nossa calculadora responsiva. Use uma demonstra\u00e7\u00e3o conveniente da Elfsight para construir o widget vers\u00e1til.\" \/>\n<meta name=\"robots\" content=\"index, follow, max-snippet:-1, max-image-preview:large, max-video-preview:-1\" \/>\n<link rel=\"canonical\" href=\"https:\/\/elfsight.com\/pt\/calculator-form-widget\/woocommerce\/\" \/>\n<meta property=\"og:locale\" content=\"pt_PT\" \/>\n<meta property=\"og:type\" content=\"article\" \/>\n<meta property=\"og:title\" content=\"Adicionar calculadora ao WooCommerce - Melhore a contagem nas p\u00e1ginas\" \/>\n<meta property=\"og:description\" content=\"Lide at\u00e9 mesmo com c\u00e1lculos de v\u00e1rias etapas com nossa calculadora responsiva. Use uma demonstra\u00e7\u00e3o conveniente da Elfsight para construir o widget vers\u00e1til.\" \/>\n<meta property=\"og:url\" content=\"https:\/\/elfsight.com\/pt\/calculator-form-widget\/woocommerce\/\" \/>\n<meta property=\"og:site_name\" content=\"Elfsight PT\" \/>\n<meta property=\"article:modified_time\" content=\"2025-04-14T17:51:16+00:00\" \/>\n<meta name=\"twitter:card\" content=\"summary_large_image\" \/>\n<meta name=\"twitter:label1\" content=\"Tempo estimado de leitura\" \/>\n\t<meta name=\"twitter:data1\" content=\"2 minutos\" \/>\n<!-- \/ Yoast SEO plugin. -->","yoast_head_json":{"title":"Adicionar calculadora ao WooCommerce - Melhore a contagem nas p\u00e1ginas","description":"Lide at\u00e9 mesmo com c\u00e1lculos de v\u00e1rias etapas com nossa calculadora responsiva. Use uma demonstra\u00e7\u00e3o conveniente da Elfsight para construir o widget vers\u00e1til.","robots":{"index":"index","follow":"follow","max-snippet":"max-snippet:-1","max-image-preview":"max-image-preview:large","max-video-preview":"max-video-preview:-1"},"canonical":"https:\/\/elfsight.com\/pt\/calculator-form-widget\/woocommerce\/","og_locale":"pt_PT","og_type":"article","og_title":"Adicionar calculadora ao WooCommerce - Melhore a contagem nas p\u00e1ginas","og_description":"Lide at\u00e9 mesmo com c\u00e1lculos de v\u00e1rias etapas com nossa calculadora responsiva. Use uma demonstra\u00e7\u00e3o conveniente da Elfsight para construir o widget vers\u00e1til.","og_url":"https:\/\/elfsight.com\/pt\/calculator-form-widget\/woocommerce\/","og_site_name":"Elfsight PT","article_modified_time":"2025-04-14T17:51:16+00:00","twitter_card":"summary_large_image","twitter_misc":{"Tempo estimado de leitura":"2 minutos"},"schema":{"@context":"https:\/\/schema.org","@graph":[{"@type":"WebPage","@id":"https:\/\/elfsight.com\/pt\/calculator-form-widget\/woocommerce\/","url":"https:\/\/elfsight.com\/pt\/calculator-form-widget\/woocommerce\/","name":"Adicionar calculadora ao WooCommerce - Melhore a contagem nas p\u00e1ginas","isPartOf":{"@id":"https:\/\/elfsight.com\/pt\/#website"},"datePublished":"2024-09-30T18:27:29+00:00","dateModified":"2025-04-14T17:51:16+00:00","description":"Lide at\u00e9 mesmo com c\u00e1lculos de v\u00e1rias etapas com nossa calculadora responsiva. Use uma demonstra\u00e7\u00e3o conveniente da Elfsight para construir o widget vers\u00e1til.","breadcrumb":{"@id":"https:\/\/elfsight.com\/pt\/calculator-form-widget\/woocommerce\/#breadcrumb"},"inLanguage":"pt-PT","potentialAction":[{"@type":"ReadAction","target":["https:\/\/elfsight.com\/pt\/calculator-form-widget\/woocommerce\/"]}]},{"@type":"BreadcrumbList","@id":"https:\/\/elfsight.com\/pt\/calculator-form-widget\/woocommerce\/#breadcrumb","itemListElement":[{"@type":"ListItem","position":1,"name":"Home","item":"https:\/\/elfsight.com\/pt\/"},{"@type":"ListItem","position":2,"name":"calculator &#8211; woocommerce"}]},{"@type":"WebSite","@id":"https:\/\/elfsight.com\/pt\/#website","url":"https:\/\/elfsight.com\/pt\/","name":"Elfsight PT","description":"Just another Elfsight Sites site","potentialAction":[{"@type":"SearchAction","target":{"@type":"EntryPoint","urlTemplate":"https:\/\/elfsight.com\/pt\/?s={search_term_string}"},"query-input":{"@type":"PropertyValueSpecification","valueRequired":true,"valueName":"search_term_string"}}],"inLanguage":"pt-PT"}]}},"meta_box":{"industry":"","seo_heading":"","heading":"","description":"","cta_heading":"","cta_description":"","application":"12748","h1":"Plug-in Calculadora WooCommerce","h1_caption":"Forne\u00e7a uma calculadora personalizada para seus visitantes, oferecendo solu\u00e7\u00f5es r\u00e1pidas para itens como pre\u00e7os, descontos ou c\u00e1lculos de ROI em seu site WooCommerce sem esfor\u00e7o.","application_category":[],"applications_title":"","applications_request_title":"","applications_request_button_text":"","hero_text":"","hero_video":"","hero_video_schema_markup":"","selling_points_title":"","selling_points_caption":"","selling_points":[],"selling_points_cta_text":"","features_title":"","features":"","ed_cta_examples_text":"","ed_cta_examples_hidden":"","ed_cta_demo_text":"","ed_cta_demo_hidden":"","why_caption":"","why_editor_title":"","why_editor_text":"","why_team_title":"","why_team_text":"","why_service_title":"","why_service_text":"","template_catalog_visible":"","template_catalog_title":"","template_catalog_text":"","template_catalog_categories_visible":"","demo_title":"Crie seu aplicativo Calculadora","demo_caption":"Configure sua calculadora e adicione-a ao seu site WooCommerce gratuitamente!","default_faq_hidden":"","app_template_category":[],"platform":"12455","template_public_id":"","codecanyon_url":"","codecanyon_item_id":"","codecanyon_price":"","pricing_caption":"","pricing_elfsight_apps_hide_column":"","pricing_elfsight_apps_url":"","pricing_codecanyon_price_caption":"","integration_category":[],"integration_request_title":"","integration_request_cta":"","integration_platform":"","integrations":[],"platform_category":[],"video_schema_markup":"","price":"a partir de $ 0 \/ m\u00eas","trial":"","benefits":[{"text":"Servi\u00e7o de instala\u00e7\u00e3o gratuito"},{"text":"Suporte premium"},{"text":"Garantia de reembolso de 14 dias"},{"text":"Desenvolvimento cont\u00ednuo"}],"button_url":"#demo","button_target_blank":"","button_nofollow":"","attributes":[{"name":"Instalar","content":"50,000 - 100,000"},{"name":"Responsivo","content":"Sim"},{"name":"Navegadores compat\u00edveis","content":"Firefox, Safari, Opera, Chrome, Edge"}],"tags":[],"tags_disable_links":"","hide_more_platforms":"","video_object":"","demo_hide_cta":"","demo_hide_cloud_options":"","pricing_title":"","pricing":[{"pricing_icon":"platform","pricing_title":"Elfsight Apps","pricing_title_caption":"Solu\u00e7\u00e3o independente de plataforma","pricing_price":"a partir de $ 0 \/ m\u00eas","pricing_price_caption":"comece com um plano gratuito","pricing_benefits":[{"text":"Sites ilimitados"},{"text":"Suporte ao cliente r\u00e1pido e bem documentado"},{"text":"Servi\u00e7o de instala\u00e7\u00e3o gratuito"},{"text":"Totalmente personaliz\u00e1vel"}],"pricing_button_text":"Adicionar ao site","pricing_button_url":"#demo"}],"related_apps_title":"","related_apps_hidden":"","author":"","image":[],"title":"","job":"","social_networks":[]},"_links":{"self":[{"href":"https:\/\/elfsight.com\/pt\/wp-json\/wp\/v2\/pages\/13324","targetHints":{"allow":["GET"]}}],"collection":[{"href":"https:\/\/elfsight.com\/pt\/wp-json\/wp\/v2\/pages"}],"about":[{"href":"https:\/\/elfsight.com\/pt\/wp-json\/wp\/v2\/types\/page"}],"author":[{"embeddable":true,"href":"https:\/\/elfsight.com\/pt\/wp-json\/wp\/v2\/users\/9"}],"replies":[{"embeddable":true,"href":"https:\/\/elfsight.com\/pt\/wp-json\/wp\/v2\/comments?post=13324"}],"version-history":[{"count":1,"href":"https:\/\/elfsight.com\/pt\/wp-json\/wp\/v2\/pages\/13324\/revisions"}],"predecessor-version":[{"id":13328,"href":"https:\/\/elfsight.com\/pt\/wp-json\/wp\/v2\/pages\/13324\/revisions\/13328"}],"up":[{"embeddable":true,"href":"https:\/\/elfsight.com\/pt\/wp-json\/wp\/v2\/pages\/12749"}],"wp:attachment":[{"href":"https:\/\/elfsight.com\/pt\/wp-json\/wp\/v2\/media?parent=13324"}],"curies":[{"name":"wp","href":"https:\/\/api.w.org\/{rel}","templated":true}]}}