{"id":13323,"date":"2024-09-30T18:27:29","date_gmt":"2024-09-30T18:27:29","guid":{"rendered":"https:\/\/elfsight.com\/pt\/?page_id=13323"},"modified":"2025-04-14T17:51:09","modified_gmt":"2025-04-14T17:51:09","slug":"magento","status":"publish","type":"page","link":"https:\/\/elfsight.com\/pt\/calculator-form-widget\/magento\/","title":{"rendered":"calculator &#8211; magento"},"content":{"rendered":"\n<div class=\"application-platform-content-item-description application-platform-content-item\" id=\"description\" data-nav-section=\"description\"> <h2>Incorpore a Calculadora no Magento com uma extens\u00e3o Elfsight<\/h2> <p>O widget Calculadora permite que seus clientes tenham uma maneira de planejar suas despesas, percursos de viagem, propor\u00e7\u00f5es de cozimento e muito mais dependendo do seu ramo de atividade. Voc\u00ea pode integrar campos espec\u00edficos e op\u00e7\u00f5es \u00fateis neste widget na p\u00e1gina, para que os clientes possam analisar seus benef\u00edcios sem sair da p\u00e1gina. O recurso de l\u00f3gica condicional ajuda a criar padr\u00f5es universais para seu cen\u00e1rio e para cada cliente.<\/p><p>Elementos personaliz\u00e1veis, como caixas de sele\u00e7\u00e3o, controles deslizantes e menus suspensos, permitem incluir qualquer aspecto da cria\u00e7\u00e3o de pre\u00e7os para diferentes produtos. Por exemplo, use-o para calcular empr\u00e9stimos com uma porcentagem declarada por um per\u00edodo de tempo conveniente. Voc\u00ea pode oferecer um aluguel de carro com muitas op\u00e7\u00f5es adicionais para escolher. Da mesma forma, a calculadora \u00e9 capaz de planejar a viagem dos sonhos quando s\u00e3o calculados o voo, a resid\u00eancia e os principais eventos. <\/p><p><b>Ofere\u00e7a aos visitantes do seu site uma experi\u00eancia de c\u00e1lculo conveniente, incorporando o widget de contagem simples! <\/b><\/p><\/div> <div class=\"application-platform-content-item-features application-platform-content-item\" id=\"features\" data-nav-section=\"features\"> <h2>Confira a lista dos maiores recursos:<\/h2> <ul><li>Ferramenta com interface simples que executa qualquer tipo de contagem<\/li><li>M\u00faltiplas solu\u00e7\u00f5es de campos de c\u00e1lculo para suas ideias<\/li><li>Recurso de l\u00f3gica condicional para permitir c\u00e1lculos detalhados<\/li><li>Modelos vers\u00e1teis para come\u00e7ar sem esfor\u00e7o<\/li><li> Ferramenta incorporada que aumenta a tomada de decis\u00f5es<\/li><\/ul><p><a href=\"#demo\">Basta conferir esta demonstra\u00e7\u00e3o para entender a funcionalidade do widget<\/a><\/p><\/div> <div class=\"application-platform-content-item-installation application-platform-content-item\" id=\"installation\" data-nav-section=\"installation\"> <h2>Como fa\u00e7o para integrar a Calculadora em minha p\u00e1gina Magento?<\/h2> <p>Basta seguir as diretrizes abaixo para adicionar o widget.<\/p> <ol><li><b>Abra nosso configurador gratuito e comece a criar seu pr\u00f3prio widget. <\/b><br> Encontre a interface selecionada e as op\u00e7\u00f5es do plugin e salve as edi\u00e7\u00f5es. <\/li> <li><b>Copie seu c\u00f3digo exclusivo exposto na caixa dos aplicativos Elfsight. <\/b><br> Ap\u00f3s finalizar a customiza\u00e7\u00e3o do seu plugin pessoal, copie o c\u00f3digo exclusivo na caixa que aparece e guarde-o para uso posterior. <\/li> <li><b>Comece a usar a ferramenta no seu site Magento. <\/b><br> Insira o c\u00f3digo copiado anteriormente em sua p\u00e1gina inicial e salve as melhorias. <\/li> <li><b>A configura\u00e7\u00e3o foi conclu\u00edda com sucesso. <\/b><br> V\u00e1 para sua p\u00e1gina da web para observar como o widget est\u00e1 funcionando. <\/li><\/ol> <p>Se voc\u00ea tiver alguma dificuldade, sinta-se \u00e0 vontade para entrar em contato com nossa equipe de suporte. Nossos especialistas ter\u00e3o prazer em ajud\u00e1-lo com todas as dificuldades que voc\u00ea possa ter com a ferramenta. <\/p><\/div>\n","protected":false},"excerpt":{"rendered":"","protected":false},"author":9,"featured_media":0,"parent":12749,"menu_order":0,"comment_status":"closed","ping_status":"closed","template":"templates\/template-application-platform.php","meta":{"publish_to_discourse":"","publish_post_category":"","wpdc_auto_publish_overridden":"","wpdc_topic_tags":"","wpdc_pin_topic":"","wpdc_pin_until":"","discourse_post_id":"","discourse_permalink":"","wpdc_publishing_response":"","wpdc_publishing_error":"","footnotes":""},"class_list":["post-13323","page","type-page","status-publish","hentry"],"yoast_head":"<!-- This site is optimized with the Yoast SEO plugin v25.3.1 - https:\/\/yoast.com\/wordpress\/plugins\/seo\/ -->\n<title>Adicionar calculadora ao Magento - C\u00e1lculos sofisticados no site<\/title>\n<meta name=\"description\" content=\"Domine at\u00e9 mesmo a contagem em v\u00e1rias etapas com nossa calculadora f\u00e1cil de usar. Explore uma demonstra\u00e7\u00e3o clara da Elfsight para construir o widget poderoso.\" \/>\n<meta name=\"robots\" content=\"index, follow, max-snippet:-1, max-image-preview:large, max-video-preview:-1\" \/>\n<link rel=\"canonical\" href=\"https:\/\/elfsight.com\/pt\/calculator-form-widget\/magento\/\" \/>\n<meta property=\"og:locale\" content=\"pt_PT\" \/>\n<meta property=\"og:type\" content=\"article\" \/>\n<meta property=\"og:title\" content=\"Adicionar calculadora ao Magento - C\u00e1lculos sofisticados no site\" \/>\n<meta property=\"og:description\" content=\"Domine at\u00e9 mesmo a contagem em v\u00e1rias etapas com nossa calculadora f\u00e1cil de usar. Explore uma demonstra\u00e7\u00e3o clara da Elfsight para construir o widget poderoso.\" \/>\n<meta property=\"og:url\" content=\"https:\/\/elfsight.com\/pt\/calculator-form-widget\/magento\/\" \/>\n<meta property=\"og:site_name\" content=\"Elfsight PT\" \/>\n<meta property=\"article:modified_time\" content=\"2025-04-14T17:51:09+00:00\" \/>\n<meta name=\"twitter:card\" content=\"summary_large_image\" \/>\n<meta name=\"twitter:label1\" content=\"Tempo estimado de leitura\" \/>\n\t<meta name=\"twitter:data1\" content=\"3 minutos\" \/>\n<!-- \/ Yoast SEO plugin. -->","yoast_head_json":{"title":"Adicionar calculadora ao Magento - C\u00e1lculos sofisticados no site","description":"Domine at\u00e9 mesmo a contagem em v\u00e1rias etapas com nossa calculadora f\u00e1cil de usar. Explore uma demonstra\u00e7\u00e3o clara da Elfsight para construir o widget poderoso.","robots":{"index":"index","follow":"follow","max-snippet":"max-snippet:-1","max-image-preview":"max-image-preview:large","max-video-preview":"max-video-preview:-1"},"canonical":"https:\/\/elfsight.com\/pt\/calculator-form-widget\/magento\/","og_locale":"pt_PT","og_type":"article","og_title":"Adicionar calculadora ao Magento - C\u00e1lculos sofisticados no site","og_description":"Domine at\u00e9 mesmo a contagem em v\u00e1rias etapas com nossa calculadora f\u00e1cil de usar. Explore uma demonstra\u00e7\u00e3o clara da Elfsight para construir o widget poderoso.","og_url":"https:\/\/elfsight.com\/pt\/calculator-form-widget\/magento\/","og_site_name":"Elfsight PT","article_modified_time":"2025-04-14T17:51:09+00:00","twitter_card":"summary_large_image","twitter_misc":{"Tempo estimado de leitura":"3 minutos"},"schema":{"@context":"https:\/\/schema.org","@graph":[{"@type":"WebPage","@id":"https:\/\/elfsight.com\/pt\/calculator-form-widget\/magento\/","url":"https:\/\/elfsight.com\/pt\/calculator-form-widget\/magento\/","name":"Adicionar calculadora ao Magento - C\u00e1lculos sofisticados no site","isPartOf":{"@id":"https:\/\/elfsight.com\/pt\/#website"},"datePublished":"2024-09-30T18:27:29+00:00","dateModified":"2025-04-14T17:51:09+00:00","description":"Domine at\u00e9 mesmo a contagem em v\u00e1rias etapas com nossa calculadora f\u00e1cil de usar. Explore uma demonstra\u00e7\u00e3o clara da Elfsight para construir o widget poderoso.","breadcrumb":{"@id":"https:\/\/elfsight.com\/pt\/calculator-form-widget\/magento\/#breadcrumb"},"inLanguage":"pt-PT","potentialAction":[{"@type":"ReadAction","target":["https:\/\/elfsight.com\/pt\/calculator-form-widget\/magento\/"]}]},{"@type":"BreadcrumbList","@id":"https:\/\/elfsight.com\/pt\/calculator-form-widget\/magento\/#breadcrumb","itemListElement":[{"@type":"ListItem","position":1,"name":"Home","item":"https:\/\/elfsight.com\/pt\/"},{"@type":"ListItem","position":2,"name":"Calculator","item":"https:\/\/elfsight.com\/pt\/calculator-form-widget\/"},{"@type":"ListItem","position":3,"name":"calculator &#8211; magento"}]},{"@type":"WebSite","@id":"https:\/\/elfsight.com\/pt\/#website","url":"https:\/\/elfsight.com\/pt\/","name":"Elfsight PT","description":"Just another Elfsight Sites site","potentialAction":[{"@type":"SearchAction","target":{"@type":"EntryPoint","urlTemplate":"https:\/\/elfsight.com\/pt\/?s={search_term_string}"},"query-input":{"@type":"PropertyValueSpecification","valueRequired":true,"valueName":"search_term_string"}}],"inLanguage":"pt-PT"}]}},"meta_box":{"industry":"","seo_heading":"","heading":"","description":"","cta_heading":"","cta_description":"","application":"12748","h1":"Extens\u00e3o da calculadora Magento","h1_caption":"Forne\u00e7a uma calculadora personalizada para seus visitantes, oferecendo solu\u00e7\u00f5es r\u00e1pidas para coisas como pre\u00e7os, descontos ou c\u00e1lculos de ROI em seu site Magento sem esfor\u00e7o.","application_category":[],"applications_title":"","applications_request_title":"","applications_request_button_text":"","hero_text":"","hero_video":"","hero_video_schema_markup":"","selling_points_title":"","selling_points_caption":"","selling_points":[],"selling_points_cta_text":"","features_title":"","features":"","ed_cta_examples_text":"","ed_cta_examples_hidden":"","ed_cta_demo_text":"","ed_cta_demo_hidden":"","why_caption":"","why_editor_title":"","why_editor_text":"","why_team_title":"","why_team_text":"","why_service_title":"","why_service_text":"","template_catalog_visible":"0","template_catalog_title":"","template_catalog_text":"","template_catalog_categories_visible":"","demo_title":"Crie sua extens\u00e3o Calculadora","demo_caption":"Configure sua Calculadora e adicione-a ao seu site Magento gratuitamente!","default_faq_hidden":"","app_template_category":[],"platform":"58","template_public_id":"","codecanyon_url":"","codecanyon_item_id":"","codecanyon_price":"","pricing_caption":"","pricing_elfsight_apps_hide_column":"","pricing_elfsight_apps_url":"","pricing_codecanyon_price_caption":"","integration_category":[],"integration_request_title":"","integration_request_cta":"","integration_platform":"","integrations":[],"platform_category":[],"video_schema_markup":"","price":"a partir de $ 0 \/ m\u00eas","trial":"","benefits":[{"text":"Assist\u00eancia de instala\u00e7\u00e3o gratuita"},{"text":"Atendimento ao cliente competente"},{"text":"Garantia de devolu\u00e7\u00e3o do dinheiro em 14 dias"},{"text":"Melhorias gratuitas vital\u00edcias"}],"button_url":"#demo","button_target_blank":"0","button_nofollow":"0","attributes":[{"name":"Instalar","content":"50,000 - 100,000"},{"name":"Responsivo","content":"Sim"},{"name":"Navegadores compat\u00edveis","content":"Firefox, Safari, Opera, Chrome, Edge"}],"tags":[],"tags_disable_links":"0","hide_more_platforms":"0","video_object":"","demo_hide_cta":"0","demo_hide_cloud_options":"0","pricing_title":"","pricing":[{"pricing_icon":"platform","pricing_title":"Elfsight Apps","pricing_title_caption":"Vers\u00e3o multiplataforma","pricing_price":"a partir de $ 0 \/ m\u00eas","pricing_price_caption":"comece com um plano gratuito","pricing_benefits":[{"text":"Dom\u00ednios ilimitados"},{"text":"Suporte premium e bem documentado"},{"text":"Suporte de instala\u00e7\u00e3o gratuito"},{"text":"Design flex\u00edvel"}],"pricing_button_text":"Adicionar ao site","pricing_button_url":"#demo"}],"related_apps_title":"","related_apps_hidden":"0","author":"","image":[],"title":"","job":"","social_networks":[]},"_links":{"self":[{"href":"https:\/\/elfsight.com\/pt\/wp-json\/wp\/v2\/pages\/13323","targetHints":{"allow":["GET"]}}],"collection":[{"href":"https:\/\/elfsight.com\/pt\/wp-json\/wp\/v2\/pages"}],"about":[{"href":"https:\/\/elfsight.com\/pt\/wp-json\/wp\/v2\/types\/page"}],"author":[{"embeddable":true,"href":"https:\/\/elfsight.com\/pt\/wp-json\/wp\/v2\/users\/9"}],"replies":[{"embeddable":true,"href":"https:\/\/elfsight.com\/pt\/wp-json\/wp\/v2\/comments?post=13323"}],"version-history":[{"count":2,"href":"https:\/\/elfsight.com\/pt\/wp-json\/wp\/v2\/pages\/13323\/revisions"}],"predecessor-version":[{"id":14218,"href":"https:\/\/elfsight.com\/pt\/wp-json\/wp\/v2\/pages\/13323\/revisions\/14218"}],"up":[{"embeddable":true,"href":"https:\/\/elfsight.com\/pt\/wp-json\/wp\/v2\/pages\/12749"}],"wp:attachment":[{"href":"https:\/\/elfsight.com\/pt\/wp-json\/wp\/v2\/media?parent=13323"}],"curies":[{"name":"wp","href":"https:\/\/api.w.org\/{rel}","templated":true}]}}