{"id":13310,"date":"2024-09-30T18:27:29","date_gmt":"2024-09-30T18:27:29","guid":{"rendered":"https:\/\/elfsight.com\/pt\/?page_id=13310"},"modified":"2025-04-14T17:51:02","modified_gmt":"2025-04-14T17:51:02","slug":"webnode","status":"publish","type":"page","link":"https:\/\/elfsight.com\/pt\/calculator-form-widget\/webnode\/","title":{"rendered":"calculator &#8211; webnode"},"content":{"rendered":"<div class=\"application-platform-content-item-description application-platform-content-item\" id=\"description\" data-nav-section=\"description\"> <h2>Incorpore a Calculadora no Webnode com um widget Elfsight<\/h2> <p>O widget Calculadora permite que os visitantes do seu site tenham a oportunidade de planejar seus custos , roteiros de viagem, propor\u00e7\u00f5es de cozimento e muito mais dependendo do seu ramo de atividade. Voc\u00ea pode integrar campos obrigat\u00f3rios e op\u00e7\u00f5es adicionais neste widget na p\u00e1gina, para que os usu\u00e1rios possam inspecionar suas vantagens sem sair da p\u00e1gina do site. A l\u00f3gica condicional ajuda a criar padr\u00f5es universais para qualquer cen\u00e1rio e cada cliente.<\/p><p>Elementos gerenci\u00e1veis, como caixas de sele\u00e7\u00e3o, controles deslizantes e listas suspensas, permitem incluir qualquer padr\u00e3o de constru\u00e7\u00e3o de pre\u00e7os para determinados produtos. Por exemplo, voc\u00ea pode calcular empr\u00e9stimos com juros declarados por um per\u00edodo de tempo razo\u00e1vel. Voc\u00ea pode promover um aluguel de carro com v\u00e1rios ajustes extras para escolher. Al\u00e9m disso, a calculadora \u00e9 capaz de planejar a viagem dos sonhos, desde que sejam contabilizados traslados, acomoda\u00e7\u00f5es e excurs\u00f5es principais. <\/p><p><b>Ofere\u00e7a aos seus visitantes uma experi\u00eancia de c\u00e1lculo perfeita, incorporando o poderoso widget de contagem! <\/b><\/p><\/div> <div class=\"application-platform-content-item-features application-platform-content-item\" id=\"features\" data-nav-section=\"features\"> <h2>Confira a lista dos recursos mais poderosos:<\/h2> <ul><li>Ferramenta com interface simples que permite qualquer opera\u00e7\u00f5es<\/li><li>V\u00e1rias op\u00e7\u00f5es de campos de contagem para seus cen\u00e1rios<\/li><li>Recurso de l\u00f3gica condicional que permite at\u00e9 mesmo c\u00e1lculos complicados<\/li><li>Modelos personaliz\u00e1veis \u200b\u200bpara iniciar sem esfor\u00e7o<\/li><li>Integrado solu\u00e7\u00e3o que aprimora a tomada de decis\u00f5es<\/li><\/ul><p><a href=\"#demo\">Basta experimentar esta demonstra\u00e7\u00e3o para entender a funcionalidade do widget<\/a><\/p><\/div> <div class=\"application-platform-content-item-installation application-platform-content-item\" id=\"installation\" data-nav-section=\"installation\"> <h2>Como posso incorporar a Calculadora em meu site Webnode?<\/h2> <p>Basta seguir as diretrizes abaixo para ativar o widget.<\/p> <ol><li><b>Empregar nosso editor gratuito e comece a construir seu plugin exclusivo. <\/b><br> Escolha o formul\u00e1rio personalizado e os recursos do widget e salve as edi\u00e7\u00f5es. <\/li> <li><b>Obtenha o c\u00f3digo exclusivo que aparece no formul\u00e1rio especial nas aplica\u00e7\u00f5es Elfsight. <\/b><br> Ap\u00f3s a cria\u00e7\u00e3o do seu widget, copie o c\u00f3digo exclusivo da janela que surgir e guarde-o para ocasi\u00f5es posteriores. <\/li> <li><b>Iniciar o uso do widget no site Webnode. <\/b><br> Insira o c\u00f3digo que voc\u00ea copiou recentemente em sua p\u00e1gina web e salve as corre\u00e7\u00f5es. <\/li> <li><b>A instala\u00e7\u00e3o foi finalizada com sucesso. <\/b><br> Acesse seu site para ver o desempenho do plug-in. <\/li><\/ol> <p>Caso tenha alguma d\u00favida ou tenha alguma dificuldade, n\u00e3o tenha medo de entrar em contato com nossa equipe de atendimento ao cliente. Nossos consultores ter\u00e3o prazer em resolver todas as dificuldades que voc\u00ea possa ter com a ferramenta. <\/p><\/div> ","protected":false},"excerpt":{"rendered":"","protected":false},"author":9,"featured_media":0,"parent":12749,"menu_order":0,"comment_status":"closed","ping_status":"closed","template":"templates\/template-application-platform.php","meta":{"publish_to_discourse":"","publish_post_category":"","wpdc_auto_publish_overridden":"","wpdc_topic_tags":"","wpdc_pin_topic":"","wpdc_pin_until":"","discourse_post_id":"","discourse_permalink":"","wpdc_publishing_response":"","wpdc_publishing_error":"","footnotes":""},"class_list":["post-13310","page","type-page","status-publish","hentry"],"yoast_head":"<!-- This site is optimized with the Yoast SEO plugin v25.3.1 - https:\/\/yoast.com\/wordpress\/plugins\/seo\/ -->\n<title>Adicione calculadora ao Webnode - simplifique c\u00e1lculos em p\u00e1ginas da web<\/title>\n<meta name=\"description\" content=\"Simplifique at\u00e9 mesmo contagens complexas usando nossa calculadora responsiva. Beneficie de uma demonstra\u00e7\u00e3o conveniente da Elfsight para criar um widget poderoso.\" \/>\n<meta name=\"robots\" content=\"index, follow, max-snippet:-1, max-image-preview:large, max-video-preview:-1\" \/>\n<link rel=\"canonical\" href=\"https:\/\/elfsight.com\/pt\/calculator-form-widget\/webnode\/\" \/>\n<meta property=\"og:locale\" content=\"pt_PT\" \/>\n<meta property=\"og:type\" content=\"article\" \/>\n<meta property=\"og:title\" content=\"Adicione calculadora ao Webnode - simplifique c\u00e1lculos em p\u00e1ginas da web\" \/>\n<meta property=\"og:description\" content=\"Simplifique at\u00e9 mesmo contagens complexas usando nossa calculadora responsiva. Beneficie de uma demonstra\u00e7\u00e3o conveniente da Elfsight para criar um widget poderoso.\" \/>\n<meta property=\"og:url\" content=\"https:\/\/elfsight.com\/pt\/calculator-form-widget\/webnode\/\" \/>\n<meta property=\"og:site_name\" content=\"Elfsight PT\" \/>\n<meta property=\"article:modified_time\" content=\"2025-04-14T17:51:02+00:00\" \/>\n<meta name=\"twitter:card\" content=\"summary_large_image\" \/>\n<meta name=\"twitter:label1\" content=\"Tempo estimado de leitura\" \/>\n\t<meta name=\"twitter:data1\" content=\"2 minutos\" \/>\n<!-- \/ Yoast SEO plugin. -->","yoast_head_json":{"title":"Adicione calculadora ao Webnode - simplifique c\u00e1lculos em p\u00e1ginas da web","description":"Simplifique at\u00e9 mesmo contagens complexas usando nossa calculadora responsiva. Beneficie de uma demonstra\u00e7\u00e3o conveniente da Elfsight para criar um widget poderoso.","robots":{"index":"index","follow":"follow","max-snippet":"max-snippet:-1","max-image-preview":"max-image-preview:large","max-video-preview":"max-video-preview:-1"},"canonical":"https:\/\/elfsight.com\/pt\/calculator-form-widget\/webnode\/","og_locale":"pt_PT","og_type":"article","og_title":"Adicione calculadora ao Webnode - simplifique c\u00e1lculos em p\u00e1ginas da web","og_description":"Simplifique at\u00e9 mesmo contagens complexas usando nossa calculadora responsiva. Beneficie de uma demonstra\u00e7\u00e3o conveniente da Elfsight para criar um widget poderoso.","og_url":"https:\/\/elfsight.com\/pt\/calculator-form-widget\/webnode\/","og_site_name":"Elfsight PT","article_modified_time":"2025-04-14T17:51:02+00:00","twitter_card":"summary_large_image","twitter_misc":{"Tempo estimado de leitura":"2 minutos"},"schema":{"@context":"https:\/\/schema.org","@graph":[{"@type":"WebPage","@id":"https:\/\/elfsight.com\/pt\/calculator-form-widget\/webnode\/","url":"https:\/\/elfsight.com\/pt\/calculator-form-widget\/webnode\/","name":"Adicione calculadora ao Webnode - simplifique c\u00e1lculos em p\u00e1ginas da web","isPartOf":{"@id":"https:\/\/elfsight.com\/pt\/#website"},"datePublished":"2024-09-30T18:27:29+00:00","dateModified":"2025-04-14T17:51:02+00:00","description":"Simplifique at\u00e9 mesmo contagens complexas usando nossa calculadora responsiva. Beneficie de uma demonstra\u00e7\u00e3o conveniente da Elfsight para criar um widget poderoso.","breadcrumb":{"@id":"https:\/\/elfsight.com\/pt\/calculator-form-widget\/webnode\/#breadcrumb"},"inLanguage":"pt-PT","potentialAction":[{"@type":"ReadAction","target":["https:\/\/elfsight.com\/pt\/calculator-form-widget\/webnode\/"]}]},{"@type":"BreadcrumbList","@id":"https:\/\/elfsight.com\/pt\/calculator-form-widget\/webnode\/#breadcrumb","itemListElement":[{"@type":"ListItem","position":1,"name":"Home","item":"https:\/\/elfsight.com\/pt\/"},{"@type":"ListItem","position":2,"name":"calculator &#8211; webnode"}]},{"@type":"WebSite","@id":"https:\/\/elfsight.com\/pt\/#website","url":"https:\/\/elfsight.com\/pt\/","name":"Elfsight PT","description":"Just another Elfsight Sites site","potentialAction":[{"@type":"SearchAction","target":{"@type":"EntryPoint","urlTemplate":"https:\/\/elfsight.com\/pt\/?s={search_term_string}"},"query-input":{"@type":"PropertyValueSpecification","valueRequired":true,"valueName":"search_term_string"}}],"inLanguage":"pt-PT"}]}},"meta_box":{"industry":"","seo_heading":"","heading":"","description":"","cta_heading":"","cta_description":"","application":"12748","h1":"Widget Calculadora Webnode","h1_caption":"Forne\u00e7a uma calculadora personalizada para seus visitantes, oferecendo solu\u00e7\u00f5es r\u00e1pidas para coisas como pre\u00e7os, descontos ou c\u00e1lculos de ROI em seu site Webnode sem esfor\u00e7o.","application_category":[],"applications_title":"","applications_request_title":"","applications_request_button_text":"","hero_text":"","hero_video":"","hero_video_schema_markup":"","selling_points_title":"","selling_points_caption":"","selling_points":[],"selling_points_cta_text":"","features_title":"","features":"","ed_cta_examples_text":"","ed_cta_examples_hidden":"","ed_cta_demo_text":"","ed_cta_demo_hidden":"","why_caption":"","why_editor_title":"","why_editor_text":"","why_team_title":"","why_team_text":"","why_service_title":"","why_service_text":"","template_catalog_visible":"","template_catalog_title":"","template_catalog_text":"","template_catalog_categories_visible":"","demo_title":"Crie seu widget Calculadora","demo_caption":"Configure sua Calculadora e adicione-a ao seu site Webnode gratuitamente!","default_faq_hidden":"","app_template_category":[],"platform":"4917","template_public_id":"","codecanyon_url":"","codecanyon_item_id":"","codecanyon_price":"","pricing_caption":"","pricing_elfsight_apps_hide_column":"","pricing_elfsight_apps_url":"","pricing_codecanyon_price_caption":"","integration_category":[],"integration_request_title":"","integration_request_cta":"","integration_platform":"","integrations":[],"platform_category":[],"video_schema_markup":"","price":"a partir de $ 0 \/ m\u00eas","trial":"","benefits":[{"text":"Servi\u00e7o de instala\u00e7\u00e3o gratuito"},{"text":"Suporte ao cliente experiente"},{"text":"Garantia de devolu\u00e7\u00e3o do dinheiro em 14 dias"},{"text":"Futuras atualiza\u00e7\u00f5es gratuitas"}],"button_url":"#demo","button_target_blank":"","button_nofollow":"","attributes":[{"name":"Instalar","content":"50,000 - 100,000"},{"name":"Responsivo","content":"Sim"},{"name":"Navegadores compat\u00edveis","content":"Firefox, Safari, Opera, Chrome, Edge"}],"tags":[],"tags_disable_links":"","hide_more_platforms":"","video_object":"","demo_hide_cta":"","demo_hide_cloud_options":"","pricing_title":"","pricing":[{"pricing_icon":"platform","pricing_title":"Elfsight Apps","pricing_title_caption":"Vers\u00e3o multiplataforma","pricing_price":"a partir de $ 0 \/ m\u00eas","pricing_price_caption":"comece com um plano gratuito","pricing_benefits":[{"text":"Dom\u00ednios ilimitados"},{"text":"Suporte ao cliente premium"},{"text":"Ajuda de instala\u00e7\u00e3o gratuita"},{"text":"Totalmente personaliz\u00e1vel"}],"pricing_button_text":"Adicionar ao site","pricing_button_url":"#demo"}],"related_apps_title":"","related_apps_hidden":"","author":"","image":[],"title":"","job":"","social_networks":[]},"_links":{"self":[{"href":"https:\/\/elfsight.com\/pt\/wp-json\/wp\/v2\/pages\/13310","targetHints":{"allow":["GET"]}}],"collection":[{"href":"https:\/\/elfsight.com\/pt\/wp-json\/wp\/v2\/pages"}],"about":[{"href":"https:\/\/elfsight.com\/pt\/wp-json\/wp\/v2\/types\/page"}],"author":[{"embeddable":true,"href":"https:\/\/elfsight.com\/pt\/wp-json\/wp\/v2\/users\/9"}],"replies":[{"embeddable":true,"href":"https:\/\/elfsight.com\/pt\/wp-json\/wp\/v2\/comments?post=13310"}],"version-history":[{"count":1,"href":"https:\/\/elfsight.com\/pt\/wp-json\/wp\/v2\/pages\/13310\/revisions"}],"predecessor-version":[{"id":13314,"href":"https:\/\/elfsight.com\/pt\/wp-json\/wp\/v2\/pages\/13310\/revisions\/13314"}],"up":[{"embeddable":true,"href":"https:\/\/elfsight.com\/pt\/wp-json\/wp\/v2\/pages\/12749"}],"wp:attachment":[{"href":"https:\/\/elfsight.com\/pt\/wp-json\/wp\/v2\/media?parent=13310"}],"curies":[{"name":"wp","href":"https:\/\/api.w.org\/{rel}","templated":true}]}}