{"id":13301,"date":"2024-09-30T18:27:29","date_gmt":"2024-09-30T18:27:29","guid":{"rendered":"https:\/\/elfsight.com\/pt\/?page_id=13301"},"modified":"2025-10-22T09:10:20","modified_gmt":"2025-10-22T09:10:20","slug":"shopify","status":"publish","type":"page","link":"https:\/\/elfsight.com\/pt\/appointment-booking-widget\/shopify\/","title":{"rendered":"appointment booking &#8211; shopify"},"content":{"rendered":"\n<div class=\"application-platform-content-item-description application-platform-content-item\" id=\"description\" data-nav-section=\"description\"><h2>Incorpore o agendamento de consultas na Shopify com o aplicativo Elfsight!<\/h2> <p>O aplicativo de agendamento de consultas est\u00e1 \u00e0 sua disposi\u00e7\u00e3o para ajudar poss\u00edveis clientes slots seguros diretamente no seu site da Shopify, reduzindo o trabalho manual \u2013 como gerenciar constantemente mensagens, chamadas e e-mails \u2013 de voc\u00ea. Funciona como um assistente virtual que funciona 24 horas por dia, 7 dias por semana, tamb\u00e9m capaz de enviar notifica\u00e7\u00f5es automatizadas e sincronizar com aplicativos de terceiros, como o Google Agenda.<\/p> <p>Este \u00e9 o momento certo para elaborar mais sobre seu servi\u00e7o ou ocasi\u00e3o, especifique a dura\u00e7\u00e3o, forne\u00e7a detalhes de contato e esclare\u00e7a os pre\u00e7os para facilitar a tomada de decis\u00e3o dos clientes. Al\u00e9m disso, personalize a apar\u00eancia do aplicativo modificando elementos e recursos personalizados sem a necessidade de aprimorar o conhecimento de programa\u00e7\u00e3o ou contratar um programador!<\/p> <p><b>Permita que seu neg\u00f3cio arrase e fique dispon\u00edvel para uma base maior de clientes com agendamento on-line para compromissos em seu site!<\/b><\/p> <\/div> <div class=\"application-platform-content-item-features application-platform-content-item\" id=\"features\" data-nav-section=\"features\"> <h2>Aqui est\u00e1 a lista dos recursos mais poderosos:<\/h2> <ul><li>Forne\u00e7a uma explica\u00e7\u00e3o completa do seu servi\u00e7o (nome, detalhes, foto e dura\u00e7\u00e3o) e configure os pre\u00e7os em diversas moedas.<\/li><li>Envie alertas automatizados para validar os hor\u00e1rios reservados para os clientes e para voc\u00ea mesmo.<\/li><li>Conecte o widget a servi\u00e7os terceirizados, como o Google Agenda, para garantir atualiza\u00e7\u00f5es cont\u00ednuas.<\/li><li>Exiba suas informa\u00e7\u00f5es de contato comercial como valida\u00e7\u00e3o social e permita que os usu\u00e1rios entrem em contato com voc\u00ea em caso de ocorr\u00eancias inesperadas.<\/li><li>Personaliza\u00e7\u00e3o sem c\u00f3digo com configura\u00e7\u00f5es de design avan\u00e7adas: modelos pr\u00e9-fabricados, cores, layouts, fontes, editor CSS personalizado, editor JS personalizado e muito mais.<\/li><\/ul><p><a href=\"#demo\">Voc\u00ea pode sentir o quanto vale o widget experimentando a demonstra\u00e7\u00e3o<\/a><\/p> <\/div> <div class=\"application-platform-content-item-installation application-platform-content-item\" id=\"installation\" data-nav-section=\"installation\"> <h2>Como fa\u00e7o para incorporar o agendamento de compromissos no meu Site do Shopify?<\/h2><div class=\"video-container\">\n<iframe width=\"720\" height=\"405\" src=\"https:\/\/www.youtube.com\/embed\/bM2pKj8_SCs?si=8qFVB6cDS4bpFsvN\" frameborder=\"0\" allowfullscreen=\"\"><\/iframe>\n<\/div><p>Para incorporar o agendamento de compromissos no seu site do Shopify, siga estas etapas:<\/p> <ol><li><b>Use nosso editor gratuito e comece a criar seu feed do LinkedIn personalizado widget.<\/b><br> Escolha o design e os aspectos desej\u00e1veis \u200b\u200bda ferramenta e salve as corre\u00e7\u00f5es.<\/li> <li><b>Receba o c\u00f3digo individual exposto na janela dos aplicativos Elfsight.<\/b><br> Assim que a configura\u00e7\u00e3o do seu plugin pessoal for conclu\u00edda, copie o c\u00f3digo individual no pop-up que aparece e guarde-o para futuras ocasi\u00f5es.<\/li> <li><b>Inicie o uso da ferramenta no seu site do Shopify. <\/b><br> Cole o c\u00f3digo que voc\u00ea salvou anteriormente em seu site e salve as modifica\u00e7\u00f5es.<\/li> <li><b>Pronto! A configura\u00e7\u00e3o foi totalmente conclu\u00edda.<\/b><br> Acesse seu site para ver o trabalho do plugin.<\/li><\/ol> <p>Supondo que voc\u00ea tenha alguns obst\u00e1culos, n\u00e3o tenha medo de entrar em contato com nossa equipe de suporte. Nosso pessoal ficar\u00e1 animado para resolver todos os problemas que voc\u00ea possa ter com o produto.<\/p> <\/div>\n","protected":false},"excerpt":{"rendered":"","protected":false},"author":9,"featured_media":0,"parent":13003,"menu_order":0,"comment_status":"closed","ping_status":"closed","template":"templates\/template-application-platform.php","meta":{"publish_to_discourse":"","publish_post_category":"","wpdc_auto_publish_overridden":"","wpdc_topic_tags":"","wpdc_pin_topic":"","wpdc_pin_until":"","discourse_post_id":"","discourse_permalink":"","wpdc_publishing_response":"","wpdc_publishing_error":"","footnotes":""},"class_list":["post-13301","page","type-page","status-publish","hentry"],"yoast_head":"<!-- This site is optimized with the Yoast SEO plugin v25.3.1 - https:\/\/yoast.com\/wordpress\/plugins\/seo\/ -->\n<title>Aplicativo Shopify Appointment Booking \u2013 Adicionar reserva ao Shopify<\/title>\n<meta name=\"description\" content=\"Adicione o aplicativo de reservas do Shopify para fornecer espa\u00e7os em sua agenda para reuni\u00f5es e liga\u00e7\u00f5es. Melhore o planejamento com o agendador do Shopify.\" \/>\n<meta name=\"robots\" content=\"index, follow, max-snippet:-1, max-image-preview:large, max-video-preview:-1\" \/>\n<link rel=\"canonical\" href=\"https:\/\/elfsight.com\/pt\/appointment-booking-widget\/shopify\/\" \/>\n<meta property=\"og:locale\" content=\"pt_PT\" \/>\n<meta property=\"og:type\" content=\"article\" \/>\n<meta property=\"og:title\" content=\"Aplicativo Shopify Appointment Booking \u2013 Adicionar reserva ao Shopify\" \/>\n<meta property=\"og:description\" content=\"Adicione o aplicativo de reservas do Shopify para fornecer espa\u00e7os em sua agenda para reuni\u00f5es e liga\u00e7\u00f5es. Melhore o planejamento com o agendador do Shopify.\" \/>\n<meta property=\"og:url\" content=\"https:\/\/elfsight.com\/pt\/appointment-booking-widget\/shopify\/\" \/>\n<meta property=\"og:site_name\" content=\"Elfsight PT\" \/>\n<meta property=\"article:modified_time\" content=\"2025-10-22T09:10:20+00:00\" \/>\n<meta name=\"twitter:card\" content=\"summary_large_image\" \/>\n<meta name=\"twitter:label1\" content=\"Tempo estimado de leitura\" \/>\n\t<meta name=\"twitter:data1\" content=\"3 minutos\" \/>\n<!-- \/ Yoast SEO plugin. -->","yoast_head_json":{"title":"Aplicativo Shopify Appointment Booking \u2013 Adicionar reserva ao Shopify","description":"Adicione o aplicativo de reservas do Shopify para fornecer espa\u00e7os em sua agenda para reuni\u00f5es e liga\u00e7\u00f5es. Melhore o planejamento com o agendador do Shopify.","robots":{"index":"index","follow":"follow","max-snippet":"max-snippet:-1","max-image-preview":"max-image-preview:large","max-video-preview":"max-video-preview:-1"},"canonical":"https:\/\/elfsight.com\/pt\/appointment-booking-widget\/shopify\/","og_locale":"pt_PT","og_type":"article","og_title":"Aplicativo Shopify Appointment Booking \u2013 Adicionar reserva ao Shopify","og_description":"Adicione o aplicativo de reservas do Shopify para fornecer espa\u00e7os em sua agenda para reuni\u00f5es e liga\u00e7\u00f5es. Melhore o planejamento com o agendador do Shopify.","og_url":"https:\/\/elfsight.com\/pt\/appointment-booking-widget\/shopify\/","og_site_name":"Elfsight PT","article_modified_time":"2025-10-22T09:10:20+00:00","twitter_card":"summary_large_image","twitter_misc":{"Tempo estimado de leitura":"3 minutos"},"schema":{"@context":"https:\/\/schema.org","@graph":[{"@type":"WebPage","@id":"https:\/\/elfsight.com\/pt\/appointment-booking-widget\/shopify\/","url":"https:\/\/elfsight.com\/pt\/appointment-booking-widget\/shopify\/","name":"Aplicativo Shopify Appointment Booking \u2013 Adicionar reserva ao Shopify","isPartOf":{"@id":"https:\/\/elfsight.com\/pt\/#website"},"datePublished":"2024-09-30T18:27:29+00:00","dateModified":"2025-10-22T09:10:20+00:00","description":"Adicione o aplicativo de reservas do Shopify para fornecer espa\u00e7os em sua agenda para reuni\u00f5es e liga\u00e7\u00f5es. Melhore o planejamento com o agendador do Shopify.","breadcrumb":{"@id":"https:\/\/elfsight.com\/pt\/appointment-booking-widget\/shopify\/#breadcrumb"},"inLanguage":"pt-PT","potentialAction":[{"@type":"ReadAction","target":["https:\/\/elfsight.com\/pt\/appointment-booking-widget\/shopify\/"]}]},{"@type":"BreadcrumbList","@id":"https:\/\/elfsight.com\/pt\/appointment-booking-widget\/shopify\/#breadcrumb","itemListElement":[{"@type":"ListItem","position":1,"name":"Home","item":"https:\/\/elfsight.com\/pt\/"},{"@type":"ListItem","position":2,"name":"Appointment Booking","item":"https:\/\/elfsight.com\/pt\/appointment-booking-widget\/"},{"@type":"ListItem","position":3,"name":"appointment booking &#8211; shopify"}]},{"@type":"WebSite","@id":"https:\/\/elfsight.com\/pt\/#website","url":"https:\/\/elfsight.com\/pt\/","name":"Elfsight PT","description":"Just another Elfsight Sites site","potentialAction":[{"@type":"SearchAction","target":{"@type":"EntryPoint","urlTemplate":"https:\/\/elfsight.com\/pt\/?s={search_term_string}"},"query-input":{"@type":"PropertyValueSpecification","valueRequired":true,"valueName":"search_term_string"}}],"inLanguage":"pt-PT"}]}},"meta_box":{"industry":"","seo_heading":"","heading":"","description":"","cta_heading":"","cta_description":"","application":"13002","h1":"Aplicativo de reserva de compromissos do Shopify","h1_caption":"Permita que os usu\u00e1rios agendem compromissos facilmente diretamente do site do Shopify, aumentando a conveni\u00eancia e agilizando o processo de reserva.","application_category":[],"applications_title":"","applications_request_title":"","applications_request_button_text":"","hero_text":"","hero_video":"","hero_video_schema_markup":"","selling_points_title":"","selling_points_caption":"","selling_points":[],"selling_points_cta_text":"","features_title":"","features":"","ed_cta_examples_text":"","ed_cta_examples_hidden":"","ed_cta_demo_text":"","ed_cta_demo_hidden":"","why_caption":"","why_editor_title":"","why_editor_text":"","why_team_title":"","why_team_text":"","why_service_title":"","why_service_text":"","template_catalog_visible":"0","template_catalog_title":"","template_catalog_text":"","template_catalog_categories_visible":"","demo_title":"Crie seu aplicativo de agendamento de consultas","demo_caption":"Configure sua marca\u00e7\u00e3o de consulta e adicione-a ao seu site Shopify gratuitamente!","default_faq_hidden":"","app_template_category":[],"platform":"64","template_public_id":"","codecanyon_url":"","codecanyon_item_id":"","codecanyon_price":"","pricing_caption":"","pricing_elfsight_apps_hide_column":"","pricing_elfsight_apps_url":"","pricing_codecanyon_price_caption":"","integration_category":[],"integration_request_title":"","integration_request_cta":"","integration_platform":"","integrations":[],"platform_category":[],"video_schema_markup":"","price":"a partir de $ 0 \/ m\u00eas","trial":"","benefits":[{"text":"Assist\u00eancia de instala\u00e7\u00e3o gratuita"},{"text":"Atendimento ao cliente eficaz"},{"text":"Garantia de devolu\u00e7\u00e3o do dinheiro em 14 dias"},{"text":"Futuras melhorias gratuitas"}],"button_url":"#demo","button_target_blank":"0","button_nofollow":"0","attributes":[{"name":"Instala\u00e7\u00f5es","content":"1,000 - 5,000"},{"name":"Responsivo","content":"Sim"},{"name":"Navegadores compat\u00edveis","content":"Firefox, Safari, Opera, Chrome, Edge"}],"tags":[],"tags_disable_links":"0","hide_more_platforms":"0","video_object":"","demo_hide_cta":"0","demo_hide_cloud_options":"0","pricing_title":"","pricing":[{"pricing_icon":"platform","pricing_title":"Elfsight Apps","pricing_title_caption":"Software multiplataforma que funciona em qualquer site","pricing_price":"A partir de $ 0 \/ m\u00eas","pricing_price_caption":"Comece com um plano gratuito","pricing_benefits":[{"text":"Sites ilimitados"},{"text":"Suporte \u00e0 empresa 24 horas por dia, 7 dias por semana e bem documentado"},{"text":"Servi\u00e7o de instala\u00e7\u00e3o gratuito"},{"text":"Design flex\u00edvel"}],"pricing_button_text":"Adicionar ao site","pricing_button_url":"#demo"}],"related_apps_title":"","related_apps_hidden":"0","author":"","image":[],"title":"","job":"","social_networks":[]},"_links":{"self":[{"href":"https:\/\/elfsight.com\/pt\/wp-json\/wp\/v2\/pages\/13301","targetHints":{"allow":["GET"]}}],"collection":[{"href":"https:\/\/elfsight.com\/pt\/wp-json\/wp\/v2\/pages"}],"about":[{"href":"https:\/\/elfsight.com\/pt\/wp-json\/wp\/v2\/types\/page"}],"author":[{"embeddable":true,"href":"https:\/\/elfsight.com\/pt\/wp-json\/wp\/v2\/users\/9"}],"replies":[{"embeddable":true,"href":"https:\/\/elfsight.com\/pt\/wp-json\/wp\/v2\/comments?post=13301"}],"version-history":[{"count":3,"href":"https:\/\/elfsight.com\/pt\/wp-json\/wp\/v2\/pages\/13301\/revisions"}],"predecessor-version":[{"id":15148,"href":"https:\/\/elfsight.com\/pt\/wp-json\/wp\/v2\/pages\/13301\/revisions\/15148"}],"up":[{"embeddable":true,"href":"https:\/\/elfsight.com\/pt\/wp-json\/wp\/v2\/pages\/13003"}],"wp:attachment":[{"href":"https:\/\/elfsight.com\/pt\/wp-json\/wp\/v2\/media?parent=13301"}],"curies":[{"name":"wp","href":"https:\/\/api.w.org\/{rel}","templated":true}]}}