{"id":13284,"date":"2024-09-30T18:27:29","date_gmt":"2024-09-30T18:27:29","guid":{"rendered":"https:\/\/elfsight.com\/pt\/?page_id=13284"},"modified":"2025-04-14T17:50:40","modified_gmt":"2025-04-14T17:50:40","slug":"html","status":"publish","type":"page","link":"https:\/\/elfsight.com\/pt\/appointment-booking-widget\/html\/","title":{"rendered":"appointment booking &#8211; html"},"content":{"rendered":"\n<div class=\"application-platform-content-item-description application-platform-content-item\" id=\"description\" data-nav-section=\"description\"><h2>Incorpore a marca\u00e7\u00e3o de compromissos em HTML com o widget Elfsight!<\/h2> <p>O widget Reserva de compromissos est\u00e1 dispon\u00edvel para ajudar potenciais clientes a fazer reservas slots diretamente em seu site HTML, minimizando o trabalho manual &#8211; como estar constantemente dispon\u00edvel em todos os momentos para evitar a perda de mensagens, chamadas e e-mails &#8211; seus. \u00c9 como ter um assistente virtual funcionando 24 horas por dia, 7 dias por semana, que envia notifica\u00e7\u00f5es automatizadas e pode ser conectado a integra\u00e7\u00f5es externas, como o Google Agenda.<\/p> <p>Agora \u00e9 o momento de detalhar melhor seu servi\u00e7o ou evento, especifique o hor\u00e1rio enquadrar, divulgar informa\u00e7\u00f5es de contato e definir o pre\u00e7o para facilitar o processo de tomada de decis\u00e3o dos clientes. Al\u00e9m disso, voc\u00ea pode escolher a est\u00e9tica visual do widget modificando elementos e recursos personalizados sem a necessidade de aperfei\u00e7oar as habilidades de codifica\u00e7\u00e3o ou contratar um desenvolvedor!<\/p> <p><b>Permita que seu neg\u00f3cio arrase e se torne acess\u00edvel a um p\u00fablico maior. p\u00fablico com agendamento online para agendamentos em seu site!<\/b><\/p> <\/div> <div class=\"application-platform-content-item-features application-platform-content-item\" id=\"features\" data-nav-section=\"features\"> <h2>O widget inclui recursos pr\u00e1ticos e r\u00e1pidos, veja alguns deles:<\/h2> <ul><li>Ofere\u00e7a uma vis\u00e3o geral completa do seu servi\u00e7o (nome, detalhes, foto e dura\u00e7\u00e3o) e defina os pre\u00e7os em diversas moedas.<\/li><li>Envie notifica\u00e7\u00f5es autom\u00e1ticas para confirmar os hor\u00e1rios programados para os clientes e para voc\u00ea mesmo.<\/li><li>Sincronize o widget com integra\u00e7\u00f5es terceirizadas, como o Google Agenda, para garantir atualiza\u00e7\u00f5es em tempo real.<\/li><li>Apresente suas informa\u00e7\u00f5es de contato comercial como prova social e permita que os usu\u00e1rios entrem em contato caso de circunst\u00e2ncias inesperadas.<\/li><li>Personaliza\u00e7\u00e3o sem c\u00f3digo com configura\u00e7\u00f5es de design avan\u00e7adas: modelos pr\u00e9-fabricados, cores, v\u00e1rios layouts de layout, fontes, editor CSS personalizado, editor JS personalizado e muito mais.<\/li><li> <\/ul><p><a href=\"#demo\">Basta experimentar esta demonstra\u00e7\u00e3o para ver quanto vale o widget<\/a><\/p> <\/div> <div class=\"application-platform-content-item-installation application-platform-content-item\" id=\"installation\" data-nav-section=\"installation\"> <h2>Como incorporar o agendamento de compromissos em meu site HTML?<\/h2> <p>Para incorporar o agendamento de compromissos em seu site HTML, fa\u00e7a o seguinte:<\/p> <ol><li><b>Inicie nosso configurador gratuito e comece construindo o seu plugin personalizado do LinkedIn Feed.<\/b><br> Determine o layout selecionado e as caracter\u00edsticas da ferramenta e aplique as corre\u00e7\u00f5es.<\/li> <li><b>Adquira o seu c\u00f3digo pessoal que aparece na janela dos aplicativos Elfsight.<\/b><br> Assim que o estabelecimento do seu widget pessoal for conclu\u00eddo, copie o c\u00f3digo exclusivo do pop-up que aparece e salve-o para uso futuro.<\/li> <li><b>Comece a usar o plugin em seu site HTML.<\/b><br> Coloque o c\u00f3digo copiado anteriormente em seu site e salve as melhorias.<\/li> <li><b>Pronto! A integra\u00e7\u00e3o est\u00e1 totalmente conclu\u00edda.<\/b><br> Visite seu site para revisar o funcionamento do widget.<\/li><\/ol> <p>Se voc\u00ea tiver alguma dificuldade, n\u00e3o hesite em entrar em contato com nossa equipe de atendimento ao cliente. Nosso pessoal est\u00e1 ansioso para resolver todas as d\u00favidas que voc\u00ea possa ter com a ferramenta.<\/p> <\/div>\n","protected":false},"excerpt":{"rendered":"","protected":false},"author":9,"featured_media":0,"parent":13003,"menu_order":0,"comment_status":"closed","ping_status":"closed","template":"templates\/template-application-platform.php","meta":{"publish_to_discourse":"","publish_post_category":"","wpdc_auto_publish_overridden":"","wpdc_topic_tags":"","wpdc_pin_topic":"","wpdc_pin_until":"","discourse_post_id":"","discourse_permalink":"","wpdc_publishing_response":"","wpdc_publishing_error":"","footnotes":""},"class_list":["post-13284","page","type-page","status-publish","hentry"],"yoast_head":"<!-- This site is optimized with the Yoast SEO plugin v25.3.1 - https:\/\/yoast.com\/wordpress\/plugins\/seo\/ -->\n<title>Widget de reserva para site HTML \u2014 Incorporar calend\u00e1rio de compromissos HTML<\/title>\n<meta name=\"description\" content=\"Adicione um widget de reserva de compromissos ao site HTML e permita que os clientes reservem vagas com apenas alguns cliques!\" \/>\n<meta name=\"robots\" content=\"index, follow, max-snippet:-1, max-image-preview:large, max-video-preview:-1\" \/>\n<link rel=\"canonical\" href=\"https:\/\/elfsight.com\/pt\/appointment-booking-widget\/html\/\" \/>\n<meta property=\"og:locale\" content=\"pt_PT\" \/>\n<meta property=\"og:type\" content=\"article\" \/>\n<meta property=\"og:title\" content=\"Widget de reserva para site HTML \u2014 Incorporar calend\u00e1rio de compromissos HTML\" \/>\n<meta property=\"og:description\" content=\"Adicione um widget de reserva de compromissos ao site HTML e permita que os clientes reservem vagas com apenas alguns cliques!\" \/>\n<meta property=\"og:url\" content=\"https:\/\/elfsight.com\/pt\/appointment-booking-widget\/html\/\" \/>\n<meta property=\"og:site_name\" content=\"Elfsight PT\" \/>\n<meta property=\"article:modified_time\" content=\"2025-04-14T17:50:40+00:00\" \/>\n<meta name=\"twitter:card\" content=\"summary_large_image\" \/>\n<meta name=\"twitter:label1\" content=\"Tempo estimado de leitura\" \/>\n\t<meta name=\"twitter:data1\" content=\"3 minutos\" \/>\n<!-- \/ Yoast SEO plugin. -->","yoast_head_json":{"title":"Widget de reserva para site HTML \u2014 Incorporar calend\u00e1rio de compromissos HTML","description":"Adicione um widget de reserva de compromissos ao site HTML e permita que os clientes reservem vagas com apenas alguns cliques!","robots":{"index":"index","follow":"follow","max-snippet":"max-snippet:-1","max-image-preview":"max-image-preview:large","max-video-preview":"max-video-preview:-1"},"canonical":"https:\/\/elfsight.com\/pt\/appointment-booking-widget\/html\/","og_locale":"pt_PT","og_type":"article","og_title":"Widget de reserva para site HTML \u2014 Incorporar calend\u00e1rio de compromissos HTML","og_description":"Adicione um widget de reserva de compromissos ao site HTML e permita que os clientes reservem vagas com apenas alguns cliques!","og_url":"https:\/\/elfsight.com\/pt\/appointment-booking-widget\/html\/","og_site_name":"Elfsight PT","article_modified_time":"2025-04-14T17:50:40+00:00","twitter_card":"summary_large_image","twitter_misc":{"Tempo estimado de leitura":"3 minutos"},"schema":{"@context":"https:\/\/schema.org","@graph":[{"@type":"WebPage","@id":"https:\/\/elfsight.com\/pt\/appointment-booking-widget\/html\/","url":"https:\/\/elfsight.com\/pt\/appointment-booking-widget\/html\/","name":"Widget de reserva para site HTML \u2014 Incorporar calend\u00e1rio de compromissos HTML","isPartOf":{"@id":"https:\/\/elfsight.com\/pt\/#website"},"datePublished":"2024-09-30T18:27:29+00:00","dateModified":"2025-04-14T17:50:40+00:00","description":"Adicione um widget de reserva de compromissos ao site HTML e permita que os clientes reservem vagas com apenas alguns cliques!","breadcrumb":{"@id":"https:\/\/elfsight.com\/pt\/appointment-booking-widget\/html\/#breadcrumb"},"inLanguage":"pt-PT","potentialAction":[{"@type":"ReadAction","target":["https:\/\/elfsight.com\/pt\/appointment-booking-widget\/html\/"]}]},{"@type":"BreadcrumbList","@id":"https:\/\/elfsight.com\/pt\/appointment-booking-widget\/html\/#breadcrumb","itemListElement":[{"@type":"ListItem","position":1,"name":"Home","item":"https:\/\/elfsight.com\/pt\/"},{"@type":"ListItem","position":2,"name":"Appointment Booking","item":"https:\/\/elfsight.com\/pt\/appointment-booking-widget\/"},{"@type":"ListItem","position":3,"name":"appointment booking &#8211; html"}]},{"@type":"WebSite","@id":"https:\/\/elfsight.com\/pt\/#website","url":"https:\/\/elfsight.com\/pt\/","name":"Elfsight PT","description":"Just another Elfsight Sites site","potentialAction":[{"@type":"SearchAction","target":{"@type":"EntryPoint","urlTemplate":"https:\/\/elfsight.com\/pt\/?s={search_term_string}"},"query-input":{"@type":"PropertyValueSpecification","valueRequired":true,"valueName":"search_term_string"}}],"inLanguage":"pt-PT"}]}},"meta_box":{"industry":"","seo_heading":"","heading":"","description":"","cta_heading":"","cta_description":"","application":"13002","h1":"Calend\u00e1rio de compromissos HTML","h1_caption":"Permita que os usu\u00e1rios agendem compromissos facilmente diretamente do seu site HTML, aumentando a conveni\u00eancia e agilizando o processo de reserva.","application_category":[],"applications_title":"","applications_request_title":"","applications_request_button_text":"","hero_text":"","hero_video":"","hero_video_schema_markup":"","selling_points_title":"","selling_points_caption":"","selling_points":[],"selling_points_cta_text":"","features_title":"","features":"","ed_cta_examples_text":"","ed_cta_examples_hidden":"","ed_cta_demo_text":"","ed_cta_demo_hidden":"","why_caption":"","why_editor_title":"","why_editor_text":"","why_team_title":"","why_team_text":"","why_service_title":"","why_service_text":"","template_catalog_visible":"0","template_catalog_title":"","template_catalog_text":"","template_catalog_categories_visible":"","demo_title":"Crie seu widget de reserva de compromisso","demo_caption":"Configure sua marca\u00e7\u00e3o de consulta e adicione-a ao seu site HTML gratuitamente!","default_faq_hidden":"","app_template_category":[],"platform":"49","template_public_id":"","codecanyon_url":"","codecanyon_item_id":"","codecanyon_price":"","pricing_caption":"","pricing_elfsight_apps_hide_column":"","pricing_elfsight_apps_url":"","pricing_codecanyon_price_caption":"","integration_category":[],"integration_request_title":"","integration_request_cta":"","integration_platform":"","integrations":[],"platform_category":[],"video_schema_markup":"","price":"a partir de $ 0 \/ m\u00eas","trial":"","benefits":[{"text":"Servi\u00e7o de instala\u00e7\u00e3o gratuito"},{"text":"Suporte ao cliente experiente"},{"text":"Garantia de devolu\u00e7\u00e3o do dinheiro em 14 dias"},{"text":"Desenvolvimento cont\u00ednuo"}],"button_url":"#demo","button_target_blank":"0","button_nofollow":"0","attributes":[{"name":"Instala\u00e7\u00f5es","content":"1,000 - 5,000"},{"name":"Responsivo","content":"Sim"},{"name":"Navegadores compat\u00edveis","content":"Firefox, Safari, Opera, Chrome, Edge"}],"tags":[],"tags_disable_links":"0","hide_more_platforms":"0","video_object":"","demo_hide_cta":"0","demo_hide_cloud_options":"0","pricing_title":"","pricing":[{"pricing_icon":"platform","pricing_title":"Elfsight Apps","pricing_title_caption":"Software independente de plataforma que se adapta a qualquer site","pricing_price":"A partir de $ 0 \/ m\u00eas","pricing_price_caption":"Comece com um plano gratuito","pricing_benefits":[{"text":"Sites ilimitados"},{"text":"Suporte premium para empresas"},{"text":"Ajuda de instala\u00e7\u00e3o gratuita"},{"text":"100% personaliz\u00e1vel"}],"pricing_button_text":"Adicionar ao site","pricing_button_url":"#demo"}],"related_apps_title":"","related_apps_hidden":"0","author":"","image":[],"title":"","job":"","social_networks":[]},"_links":{"self":[{"href":"https:\/\/elfsight.com\/pt\/wp-json\/wp\/v2\/pages\/13284","targetHints":{"allow":["GET"]}}],"collection":[{"href":"https:\/\/elfsight.com\/pt\/wp-json\/wp\/v2\/pages"}],"about":[{"href":"https:\/\/elfsight.com\/pt\/wp-json\/wp\/v2\/types\/page"}],"author":[{"embeddable":true,"href":"https:\/\/elfsight.com\/pt\/wp-json\/wp\/v2\/users\/9"}],"replies":[{"embeddable":true,"href":"https:\/\/elfsight.com\/pt\/wp-json\/wp\/v2\/comments?post=13284"}],"version-history":[{"count":3,"href":"https:\/\/elfsight.com\/pt\/wp-json\/wp\/v2\/pages\/13284\/revisions"}],"predecessor-version":[{"id":14210,"href":"https:\/\/elfsight.com\/pt\/wp-json\/wp\/v2\/pages\/13284\/revisions\/14210"}],"up":[{"embeddable":true,"href":"https:\/\/elfsight.com\/pt\/wp-json\/wp\/v2\/pages\/13003"}],"wp:attachment":[{"href":"https:\/\/elfsight.com\/pt\/wp-json\/wp\/v2\/media?parent=13284"}],"curies":[{"name":"wp","href":"https:\/\/api.w.org\/{rel}","templated":true}]}}