{"id":13283,"date":"2024-09-30T18:27:29","date_gmt":"2024-09-30T18:27:29","guid":{"rendered":"https:\/\/elfsight.com\/pt\/?page_id=13283"},"modified":"2025-10-27T12:27:14","modified_gmt":"2025-10-27T12:27:14","slug":"wordpress","status":"publish","type":"page","link":"https:\/\/elfsight.com\/pt\/website-translator-widget\/wordpress\/","title":{"rendered":"website translator &#8211; wordpress"},"content":{"rendered":"<div class=\"application-platform-content-item-description application-platform-content-item\" id=\"description\" data-nav-section=\"description\"> <h2>Incorpore o tradutor de sites no WordPress com um plugin da Elfsight<\/h2> <p>Uma \u00f3tima maneira de aumentar o desempenho online do seu neg\u00f3cio e alcan\u00e7ar uma reputa\u00e7\u00e3o internacional p\u00fablico est\u00e1 adicionando nosso widget Tradutor de sites para WordPress. Ao traduzir facilmente o conte\u00fado do seu site, este widget garante que a sua mensagem atraia visitantes de diversas comunidades lingu\u00edsticas, ajudando a quebrar as barreiras lingu\u00edsticas e a ampliar o seu alcance no mercado. <\/p><p>Nosso tradutor de sites oferece tradu\u00e7\u00e3o autom\u00e1tica imediata de sites aprimorada pela IA do Google, com suporte para mais de 130 idiomas. Ele lembra as escolhas de idioma do usu\u00e1rio, permitindo uma experi\u00eancia de navega\u00e7\u00e3o personalizada que mant\u00e9m os usu\u00e1rios engajados. Globalize perfeitamente o seu site WordPress e conecte-se com diversos p\u00fablicos por meio da solu\u00e7\u00e3o de tradu\u00e7\u00e3o de ponta. <\/p><p><b>Promova seus produtos e servi\u00e7os em todo o mundo com o widget simples de troca de idioma! <\/b><\/p><\/div> <div class=\"application-platform-content-item-features application-platform-content-item\" id=\"features\" data-nav-section=\"features\"> <h2>O widget inclui recursos \u00fateis e r\u00e1pidos, aqui est\u00e3o alguns deles: <\/h2><ul><li>Site automatizado instant\u00e2neo tradu\u00e7\u00e3o<\/li><li>Tradu\u00e7\u00e3o com tecnologia de IA do Google<\/li><li>Suporte para mais de 130 idiomas<\/li><li>Salvar configura\u00e7\u00f5es do usu\u00e1rio<\/li><li>Muitos widgets de modelo estilos<\/li><\/ul><p><a href=\"#demo\">Experimente todas as op\u00e7\u00f5es de personaliza\u00e7\u00e3o na demonstra\u00e7\u00e3o completa<\/a><\/p><\/div> <div class=\"application-platform-content-item-installation application-platform-content-item\" id=\"installation\" data-nav-section=\"installation\"> <h2>Como incorporo o Tradutor de sites em minhas p\u00e1ginas do WordPress? <\/h2><div class=\"video-container\">\n<iframe width=\"720\" height=\"405\" src=\"https:\/\/www.youtube.com\/embed\/yIlHr2375_4?si=bPWq6DEAEiG576g1\" frameborder=\"0\" allowfullscreen=\"\"><\/iframe>\n<\/div><p>Basta aplicar as instru\u00e7\u00f5es abaixo para adicionar o plugin. <\/p><ol><li><b>Abra nossa demonstra\u00e7\u00e3o gratuita e comece a criar seu widget personalizado. <\/b><br>Encontre o design e os recursos selecionados da ferramenta e aplique as corre\u00e7\u00f5es. <\/li> <li><b>Copie o seu c\u00f3digo pessoal que aparece na janela das aplica\u00e7\u00f5es Elfsight. <\/b><br>Quando a gera\u00e7\u00e3o do seu widget pessoal estiver conclu\u00edda, copie o c\u00f3digo pessoal no pop-up que aparece e salve-o para uso futuro. <\/li> <li><b>Comece a usar o widget na p\u00e1gina do WordPress. <\/b><br>Integre o c\u00f3digo que voc\u00ea salvou anteriormente em seu site e salve os ajustes. <\/li> <li><b>Conclu\u00eddo! A incorpora\u00e7\u00e3o est\u00e1 totalmente conclu\u00edda. <\/b><br>Visite sua p\u00e1gina da web para ver o funcionamento da ferramenta. <\/li><\/ol><p>Caso voc\u00ea questione algum problema, entre em contato com nossa equipe de suporte. Nossos consultores est\u00e3o ansiosos para resolver todas as dificuldades que voc\u00ea possa ter com o produto. <\/p><\/div>","protected":false},"excerpt":{"rendered":"","protected":false},"author":9,"featured_media":0,"parent":12676,"menu_order":0,"comment_status":"closed","ping_status":"closed","template":"templates\/template-application-platform.php","meta":{"publish_to_discourse":"","publish_post_category":"","wpdc_auto_publish_overridden":"","wpdc_topic_tags":"","wpdc_pin_topic":"","wpdc_pin_until":"","discourse_post_id":"","discourse_permalink":"","wpdc_publishing_response":"","wpdc_publishing_error":"","footnotes":""},"class_list":["post-13283","page","type-page","status-publish","hentry"],"yoast_head":"<!-- This site is optimized with the Yoast SEO plugin v25.3.1 - https:\/\/yoast.com\/wordpress\/plugins\/seo\/ -->\n<title>Widget de tradutor de sites - Incorporar tradutor r\u00e1pido no WordPress<\/title>\n<meta name=\"description\" content=\"Adicione um widget Tradutor de sites sem c\u00f3digo ao seu site WordPress. Utilize a demonstra\u00e7\u00e3o intuitiva da Elfsight para gerar facilmente a sua solu\u00e7\u00e3o individual.\" \/>\n<meta name=\"robots\" content=\"index, follow, max-snippet:-1, max-image-preview:large, max-video-preview:-1\" \/>\n<link rel=\"canonical\" href=\"https:\/\/elfsight.com\/pt\/website-translator-widget\/wordpress\/\" \/>\n<meta property=\"og:locale\" content=\"pt_PT\" \/>\n<meta property=\"og:type\" content=\"article\" \/>\n<meta property=\"og:title\" content=\"Widget de tradutor de sites - Incorporar tradutor r\u00e1pido no WordPress\" \/>\n<meta property=\"og:description\" content=\"Adicione um widget Tradutor de sites sem c\u00f3digo ao seu site WordPress. Utilize a demonstra\u00e7\u00e3o intuitiva da Elfsight para gerar facilmente a sua solu\u00e7\u00e3o individual.\" \/>\n<meta property=\"og:url\" content=\"https:\/\/elfsight.com\/pt\/website-translator-widget\/wordpress\/\" \/>\n<meta property=\"og:site_name\" content=\"Elfsight PT\" \/>\n<meta property=\"article:modified_time\" content=\"2025-10-27T12:27:14+00:00\" \/>\n<meta name=\"twitter:card\" content=\"summary_large_image\" \/>\n<meta name=\"twitter:label1\" content=\"Tempo estimado de leitura\" \/>\n\t<meta name=\"twitter:data1\" content=\"2 minutos\" \/>\n<!-- \/ Yoast SEO plugin. -->","yoast_head_json":{"title":"Widget de tradutor de sites - Incorporar tradutor r\u00e1pido no WordPress","description":"Adicione um widget Tradutor de sites sem c\u00f3digo ao seu site WordPress. Utilize a demonstra\u00e7\u00e3o intuitiva da Elfsight para gerar facilmente a sua solu\u00e7\u00e3o individual.","robots":{"index":"index","follow":"follow","max-snippet":"max-snippet:-1","max-image-preview":"max-image-preview:large","max-video-preview":"max-video-preview:-1"},"canonical":"https:\/\/elfsight.com\/pt\/website-translator-widget\/wordpress\/","og_locale":"pt_PT","og_type":"article","og_title":"Widget de tradutor de sites - Incorporar tradutor r\u00e1pido no WordPress","og_description":"Adicione um widget Tradutor de sites sem c\u00f3digo ao seu site WordPress. Utilize a demonstra\u00e7\u00e3o intuitiva da Elfsight para gerar facilmente a sua solu\u00e7\u00e3o individual.","og_url":"https:\/\/elfsight.com\/pt\/website-translator-widget\/wordpress\/","og_site_name":"Elfsight PT","article_modified_time":"2025-10-27T12:27:14+00:00","twitter_card":"summary_large_image","twitter_misc":{"Tempo estimado de leitura":"2 minutos"},"schema":{"@context":"https:\/\/schema.org","@graph":[{"@type":"WebPage","@id":"https:\/\/elfsight.com\/pt\/website-translator-widget\/wordpress\/","url":"https:\/\/elfsight.com\/pt\/website-translator-widget\/wordpress\/","name":"Widget de tradutor de sites - Incorporar tradutor r\u00e1pido no WordPress","isPartOf":{"@id":"https:\/\/elfsight.com\/pt\/#website"},"datePublished":"2024-09-30T18:27:29+00:00","dateModified":"2025-10-27T12:27:14+00:00","description":"Adicione um widget Tradutor de sites sem c\u00f3digo ao seu site WordPress. Utilize a demonstra\u00e7\u00e3o intuitiva da Elfsight para gerar facilmente a sua solu\u00e7\u00e3o individual.","breadcrumb":{"@id":"https:\/\/elfsight.com\/pt\/website-translator-widget\/wordpress\/#breadcrumb"},"inLanguage":"pt-PT","potentialAction":[{"@type":"ReadAction","target":["https:\/\/elfsight.com\/pt\/website-translator-widget\/wordpress\/"]}]},{"@type":"BreadcrumbList","@id":"https:\/\/elfsight.com\/pt\/website-translator-widget\/wordpress\/#breadcrumb","itemListElement":[{"@type":"ListItem","position":1,"name":"Home","item":"https:\/\/elfsight.com\/pt\/"},{"@type":"ListItem","position":2,"name":"Website Translator","item":"https:\/\/elfsight.com\/pt\/website-translator-widget\/"},{"@type":"ListItem","position":3,"name":"website translator &#8211; wordpress"}]},{"@type":"WebSite","@id":"https:\/\/elfsight.com\/pt\/#website","url":"https:\/\/elfsight.com\/pt\/","name":"Elfsight PT","description":"Just another Elfsight Sites site","potentialAction":[{"@type":"SearchAction","target":{"@type":"EntryPoint","urlTemplate":"https:\/\/elfsight.com\/pt\/?s={search_term_string}"},"query-input":{"@type":"PropertyValueSpecification","valueRequired":true,"valueName":"search_term_string"}}],"inLanguage":"pt-PT"}]}},"meta_box":{"industry":"","seo_heading":"","heading":"","description":"","cta_heading":"","cta_description":"","application":"12670","h1":"Plug-in tradutor de sites WordPress","h1_caption":"Traduza automaticamente o conte\u00fado do seu site em v\u00e1rios idiomas, tornando-o acess\u00edvel a um p\u00fablico global em seu site WordPress sem esfor\u00e7o.","application_category":[],"applications_title":"","applications_request_title":"","applications_request_button_text":"","hero_text":"","hero_video":"","hero_video_schema_markup":"","selling_points_title":"","selling_points_caption":"","selling_points":[],"selling_points_cta_text":"","features_title":"","features":"","ed_cta_examples_text":"","ed_cta_examples_hidden":"","ed_cta_demo_text":"","ed_cta_demo_hidden":"","why_caption":"","why_editor_title":"","why_editor_text":"","why_team_title":"","why_team_text":"","why_service_title":"","why_service_text":"","template_catalog_visible":"0","template_catalog_title":"","template_catalog_text":"","template_catalog_categories_visible":"","demo_title":"Crie seu plugin Tradutor de Sites","demo_caption":"Configure o seu Tradutor de Sites e adicione-o ao seu site WordPress gratuitamente!","default_faq_hidden":"","app_template_category":[],"platform":"34","template_public_id":"","codecanyon_url":"","codecanyon_item_id":"","codecanyon_price":"","pricing_caption":"","pricing_elfsight_apps_hide_column":"","pricing_elfsight_apps_url":"","pricing_codecanyon_price_caption":"","integration_category":[],"integration_request_title":"","integration_request_cta":"","integration_platform":"","integrations":[],"platform_category":[],"video_schema_markup":"","price":"a partir de $ 0 \/ m\u00eas","trial":"","benefits":[{"text":"Assist\u00eancia de instala\u00e7\u00e3o gratuita"},{"text":"Atendimento ao cliente profissional"},{"text":"Garantia de reembolso de 14 dias"},{"text":"Atualiza\u00e7\u00f5es vital\u00edcias"}],"button_url":"#demo","button_target_blank":"0","button_nofollow":"0","attributes":[{"name":"Instalar","content":"50,000 - 100,000"},{"name":"Responsivo","content":"Sim"},{"name":"Navegadores compat\u00edveis","content":"Firefox, Safari, Opera, Chrome, Edge"}],"tags":[],"tags_disable_links":"0","hide_more_platforms":"0","video_object":"","demo_hide_cta":"0","demo_hide_cloud_options":"0","pricing_title":"","pricing":[{"pricing_icon":"platform","pricing_title":"Elfsight Apps","pricing_title_caption":"Software multiplataforma","pricing_price":"a partir de $ 0 \/ m\u00eas","pricing_price_caption":"comece com um plano gratuito","pricing_benefits":[{"text":"Sites ilimitados"},{"text":"Suporte r\u00e1pido e pontual e bem documentado"},{"text":"Suporte de instala\u00e7\u00e3o gratuito"},{"text":"100% personaliz\u00e1vel"}],"pricing_button_text":"Adicionar ao site","pricing_button_url":"#demo"}],"related_apps_title":"","related_apps_hidden":"0","author":"","image":[],"title":"","job":"","social_networks":[]},"_links":{"self":[{"href":"https:\/\/elfsight.com\/pt\/wp-json\/wp\/v2\/pages\/13283","targetHints":{"allow":["GET"]}}],"collection":[{"href":"https:\/\/elfsight.com\/pt\/wp-json\/wp\/v2\/pages"}],"about":[{"href":"https:\/\/elfsight.com\/pt\/wp-json\/wp\/v2\/types\/page"}],"author":[{"embeddable":true,"href":"https:\/\/elfsight.com\/pt\/wp-json\/wp\/v2\/users\/9"}],"replies":[{"embeddable":true,"href":"https:\/\/elfsight.com\/pt\/wp-json\/wp\/v2\/comments?post=13283"}],"version-history":[{"count":2,"href":"https:\/\/elfsight.com\/pt\/wp-json\/wp\/v2\/pages\/13283\/revisions"}],"predecessor-version":[{"id":15157,"href":"https:\/\/elfsight.com\/pt\/wp-json\/wp\/v2\/pages\/13283\/revisions\/15157"}],"up":[{"embeddable":true,"href":"https:\/\/elfsight.com\/pt\/wp-json\/wp\/v2\/pages\/12676"}],"wp:attachment":[{"href":"https:\/\/elfsight.com\/pt\/wp-json\/wp\/v2\/media?parent=13283"}],"curies":[{"name":"wp","href":"https:\/\/api.w.org\/{rel}","templated":true}]}}