{"id":13270,"date":"2024-09-30T18:27:29","date_gmt":"2024-09-30T18:27:29","guid":{"rendered":"https:\/\/elfsight.com\/pt\/?page_id=13270"},"modified":"2024-12-16T17:32:13","modified_gmt":"2024-12-16T17:32:13","slug":"webflow","status":"publish","type":"page","link":"https:\/\/elfsight.com\/pt\/appointment-booking-widget\/webflow\/","title":{"rendered":"appointment booking &#8211; webflow"},"content":{"rendered":"<div class=\"application-platform-content-item-description application-platform-content-item\" id=\"description\" data-nav-section=\"description\"><h2>Incorpore a marca\u00e7\u00e3o de compromissos no Webflow com o widget Elfsight!<\/h2> <p>O widget Reserva de compromissos est\u00e1 ao seu dispor para ajudar potenciais clientes na reserva de slots de forma conveniente em seu site Webflow, minimizando o esfor\u00e7o manual &#8211; como gerenciar constantemente mensagens, chamadas e e-mails &#8211; de voc\u00ea. Funciona como uma recepcionista dedicada trabalhando 24 horas por dia, 7 dias por semana, tamb\u00e9m capaz de enviar notifica\u00e7\u00f5es automatizadas e se conectar com aplicativos terceirizados, como o Google Agenda.<\/p> <p>Agora \u00e9 o momento ideal para contar mais sobre seu servi\u00e7o ou evento, especificar o dura\u00e7\u00e3o, compartilhe detalhes de contato e estabele\u00e7a pre\u00e7os para facilitar o processo de tomada de decis\u00e3o dos clientes. Al\u00e9m do mais, personalize a est\u00e9tica visual do widget ajustando elementos e recursos personalizados sem a necessidade de refinar o conhecimento de programa\u00e7\u00e3o ou contratar um programador qualificado!<\/p> <p><b>Permita que seu neg\u00f3cio flores\u00e7a e se torne acess\u00edvel a um uma clientela mais ampla, oferecendo agendamento on-line para compromissos em seu site!<\/b><\/p> <\/div> <div class=\"application-platform-content-item-features application-platform-content-item\" id=\"features\" data-nav-section=\"features\"> <h2>Oferecemos recursos valiosos e r\u00e1pidos, veja alguns deles:<\/h2> <ul><li>Ofere\u00e7a uma vis\u00e3o geral abrangente do seu servi\u00e7o (nome, detalhes, foto e dura\u00e7\u00e3o) e organize os pre\u00e7os em v\u00e1rias moedas.<\/li><li>Envie notifica\u00e7\u00f5es autom\u00e1ticas para verificar os compromissos reservados para clientes e para voc\u00ea mesmo.<\/li><li>Sincronize o widget com aplicativos de terceiros, como o Google Agenda, para garantir atualiza\u00e7\u00f5es em tempo real.<\/li><li>Compartilhe suas informa\u00e7\u00f5es de contato comercial para obter credibilidade e permitir que os usu\u00e1rios entrem em contato com voc\u00ea em caso de imprevistos situa\u00e7\u00f5es.<\/li><li>Personaliza\u00e7\u00e3o avan\u00e7ada sem necessidade de c\u00f3digo: modelos prontos para uso, cores, layouts, fontes, editor CSS personalizado, editor JS personalizado, etc.<\/li><\/ul><p><a href=\"#demo\">Experimente esta demonstra\u00e7\u00e3o para ter uma ideia completa<\/a><\/p> <\/div> <div class=\"application-platform-content-item-installation application-platform-content-item\" id=\"installation\" data-nav-section=\"installation\"> <h2>Como incorporar o Agendamento de compromissos no meu site Webflow?<\/h2> <p>Se voc\u00ea deseja incorporar o agendamento de compromissos em seu site Webflow, siga estas etapas:<\/p> <ol><li><b>Gerencie nosso configurador gratuito e comece moldar o seu widget personalizado do LinkedIn Feed.<\/b><br> Escolha a interface e funcionalidade preferidas do plugin e guarde as modifica\u00e7\u00f5es.<\/li> <li><b>Copie o seu c\u00f3digo pessoal mostrado na caixa nas aplica\u00e7\u00f5es Elfsight. <\/b><br> Quando a configura\u00e7\u00e3o do seu widget pessoal terminar, copie o c\u00f3digo individual da caixa exibida e salve-o para uso posterior.<\/li> <li><b>Comece a usar a ferramenta em seu site Webflow.<\/b><br> Implemente o c\u00f3digo que voc\u00ea salvou anteriormente em seu site e aplique as corre\u00e7\u00f5es.<\/li> <li><b>A configura\u00e7\u00e3o est\u00e1 totalmente realizada.<\/b><br> Acesse seu site para ver o trabalho do plugin.<\/li><\/ol> <p>Na condi\u00e7\u00e3o de enfrentar d\u00favidas ou enfrentar quaisquer dificuldades, fa\u00e7a n\u00e3o tenha medo de escrever para nossa equipe de atendimento ao cliente. Nosso pessoal est\u00e1 ansioso para resolver todas as dificuldades que voc\u00ea possa ter com a ferramenta.<\/p> <\/div> ","protected":false},"excerpt":{"rendered":"","protected":false},"author":9,"featured_media":0,"parent":13003,"menu_order":0,"comment_status":"closed","ping_status":"closed","template":"templates\/template-application-platform.php","meta":{"publish_to_discourse":"","publish_post_category":"","wpdc_auto_publish_overridden":"","wpdc_topic_tags":"","wpdc_pin_topic":"","wpdc_pin_until":"","discourse_post_id":"","discourse_permalink":"","wpdc_publishing_response":"","wpdc_publishing_error":"","footnotes":""},"class_list":["post-13270","page","type-page","status-publish","hentry"],"yoast_head":"<!-- This site is optimized with the Yoast SEO plugin v25.3.1 - https:\/\/yoast.com\/wordpress\/plugins\/seo\/ -->\n<title>Widget de reserva de compromissos \u2013 Incorporar sistema de reservas no Webflow<\/title>\n<meta name=\"description\" content=\"Adicione um calend\u00e1rio de reservas Webflow sem codifica\u00e7\u00e3o e permita que os clientes reservem vagas. Aprimore o planejamento com o agendamento de compromissos do Webflow.\" \/>\n<meta name=\"robots\" content=\"index, follow, max-snippet:-1, max-image-preview:large, max-video-preview:-1\" \/>\n<link rel=\"canonical\" href=\"https:\/\/elfsight.com\/pt\/appointment-booking-widget\/webflow\/\" \/>\n<meta property=\"og:locale\" content=\"pt_PT\" \/>\n<meta property=\"og:type\" content=\"article\" \/>\n<meta property=\"og:title\" content=\"Widget de reserva de compromissos \u2013 Incorporar sistema de reservas no Webflow\" \/>\n<meta property=\"og:description\" content=\"Adicione um calend\u00e1rio de reservas Webflow sem codifica\u00e7\u00e3o e permita que os clientes reservem vagas. Aprimore o planejamento com o agendamento de compromissos do Webflow.\" \/>\n<meta property=\"og:url\" content=\"https:\/\/elfsight.com\/pt\/appointment-booking-widget\/webflow\/\" \/>\n<meta property=\"og:site_name\" content=\"Elfsight PT\" \/>\n<meta property=\"article:modified_time\" content=\"2024-12-16T17:32:13+00:00\" \/>\n<meta name=\"twitter:card\" content=\"summary_large_image\" \/>\n<meta name=\"twitter:label1\" content=\"Tempo estimado de leitura\" \/>\n\t<meta name=\"twitter:data1\" content=\"3 minutos\" \/>\n<!-- \/ Yoast SEO plugin. -->","yoast_head_json":{"title":"Widget de reserva de compromissos \u2013 Incorporar sistema de reservas no Webflow","description":"Adicione um calend\u00e1rio de reservas Webflow sem codifica\u00e7\u00e3o e permita que os clientes reservem vagas. Aprimore o planejamento com o agendamento de compromissos do Webflow.","robots":{"index":"index","follow":"follow","max-snippet":"max-snippet:-1","max-image-preview":"max-image-preview:large","max-video-preview":"max-video-preview:-1"},"canonical":"https:\/\/elfsight.com\/pt\/appointment-booking-widget\/webflow\/","og_locale":"pt_PT","og_type":"article","og_title":"Widget de reserva de compromissos \u2013 Incorporar sistema de reservas no Webflow","og_description":"Adicione um calend\u00e1rio de reservas Webflow sem codifica\u00e7\u00e3o e permita que os clientes reservem vagas. Aprimore o planejamento com o agendamento de compromissos do Webflow.","og_url":"https:\/\/elfsight.com\/pt\/appointment-booking-widget\/webflow\/","og_site_name":"Elfsight PT","article_modified_time":"2024-12-16T17:32:13+00:00","twitter_card":"summary_large_image","twitter_misc":{"Tempo estimado de leitura":"3 minutos"},"schema":{"@context":"https:\/\/schema.org","@graph":[{"@type":"WebPage","@id":"https:\/\/elfsight.com\/pt\/appointment-booking-widget\/webflow\/","url":"https:\/\/elfsight.com\/pt\/appointment-booking-widget\/webflow\/","name":"Widget de reserva de compromissos \u2013 Incorporar sistema de reservas no Webflow","isPartOf":{"@id":"https:\/\/elfsight.com\/pt\/#website"},"datePublished":"2024-09-30T18:27:29+00:00","dateModified":"2024-12-16T17:32:13+00:00","description":"Adicione um calend\u00e1rio de reservas Webflow sem codifica\u00e7\u00e3o e permita que os clientes reservem vagas. Aprimore o planejamento com o agendamento de compromissos do Webflow.","breadcrumb":{"@id":"https:\/\/elfsight.com\/pt\/appointment-booking-widget\/webflow\/#breadcrumb"},"inLanguage":"pt-PT","potentialAction":[{"@type":"ReadAction","target":["https:\/\/elfsight.com\/pt\/appointment-booking-widget\/webflow\/"]}]},{"@type":"BreadcrumbList","@id":"https:\/\/elfsight.com\/pt\/appointment-booking-widget\/webflow\/#breadcrumb","itemListElement":[{"@type":"ListItem","position":1,"name":"Home","item":"https:\/\/elfsight.com\/pt\/"},{"@type":"ListItem","position":2,"name":"appointment booking &#8211; webflow"}]},{"@type":"WebSite","@id":"https:\/\/elfsight.com\/pt\/#website","url":"https:\/\/elfsight.com\/pt\/","name":"Elfsight PT","description":"Just another Elfsight Sites site","potentialAction":[{"@type":"SearchAction","target":{"@type":"EntryPoint","urlTemplate":"https:\/\/elfsight.com\/pt\/?s={search_term_string}"},"query-input":{"@type":"PropertyValueSpecification","valueRequired":true,"valueName":"search_term_string"}}],"inLanguage":"pt-PT"}]}},"meta_box":{"industry":"","seo_heading":"","heading":"","description":"","cta_heading":"","cta_description":"","application":"13002","h1":"Widget de reserva de compromissos do Webflow","h1_caption":"Permita que os usu\u00e1rios agendem compromissos facilmente diretamente de seu site Webflow, aumentando a conveni\u00eancia e agilizando o processo de reserva.","application_category":[],"applications_title":"","applications_request_title":"","applications_request_button_text":"","hero_text":"","hero_video":"","hero_video_schema_markup":"","selling_points_title":"","selling_points_caption":"","selling_points":[],"selling_points_cta_text":"","features_title":"","features":"","ed_cta_examples_text":"","ed_cta_examples_hidden":"","ed_cta_demo_text":"","ed_cta_demo_hidden":"","why_caption":"","why_editor_title":"","why_editor_text":"","why_team_title":"","why_team_text":"","why_service_title":"","why_service_text":"","template_catalog_visible":"","template_catalog_title":"","template_catalog_text":"","template_catalog_categories_visible":"","demo_title":"Crie seu widget de reserva de compromisso","demo_caption":"Configure sua marca\u00e7\u00e3o de consulta e adicione-a ao seu site Webflow gratuitamente!","default_faq_hidden":"","app_template_category":[],"platform":"70","template_public_id":"","codecanyon_url":"","codecanyon_item_id":"","codecanyon_price":"","pricing_caption":"","pricing_elfsight_apps_hide_column":"","pricing_elfsight_apps_url":"","pricing_codecanyon_price_caption":"","integration_category":[],"integration_request_title":"","integration_request_cta":"","integration_platform":"","integrations":[],"platform_category":[],"video_schema_markup":"","price":"a partir de $ 0 \/ m\u00eas","trial":"","benefits":[{"text":"Ajuda de instala\u00e7\u00e3o gratuita"},{"text":"Atendimento ao cliente competente"},{"text":"Garantia de devolu\u00e7\u00e3o do dinheiro em 14 dias"},{"text":"Atualizando constantemente"}],"button_url":"#demo","button_target_blank":"","button_nofollow":"","attributes":[{"name":"Instala\u00e7\u00f5es","content":"1,000 - 5,000"},{"name":"Responsivo","content":"Sim"},{"name":"Navegadores compat\u00edveis","content":"Firefox, Safari, Opera, Chrome, Edge"}],"tags":[],"tags_disable_links":"","hide_more_platforms":"","video_object":"","demo_hide_cta":"","demo_hide_cloud_options":"","pricing_title":"","pricing":[{"pricing_icon":"platform","pricing_title":"Elfsight Apps","pricing_title_caption":"Software multiplataforma que funciona em qualquer site","pricing_price":"A partir de $ 0 \/ m\u00eas","pricing_price_caption":"Comece com um plano gratuito","pricing_benefits":[{"text":"Sites ilimitados"},{"text":"Suporte profissional da empresa"},{"text":"Ajuda de instala\u00e7\u00e3o gratuita"},{"text":"100% personaliz\u00e1vel"}],"pricing_button_text":"Adicionar ao site","pricing_button_url":"#demo"}],"related_apps_title":"","related_apps_hidden":"","author":"","image":[],"title":"","job":"","social_networks":[]},"_links":{"self":[{"href":"https:\/\/elfsight.com\/pt\/wp-json\/wp\/v2\/pages\/13270","targetHints":{"allow":["GET"]}}],"collection":[{"href":"https:\/\/elfsight.com\/pt\/wp-json\/wp\/v2\/pages"}],"about":[{"href":"https:\/\/elfsight.com\/pt\/wp-json\/wp\/v2\/types\/page"}],"author":[{"embeddable":true,"href":"https:\/\/elfsight.com\/pt\/wp-json\/wp\/v2\/users\/9"}],"replies":[{"embeddable":true,"href":"https:\/\/elfsight.com\/pt\/wp-json\/wp\/v2\/comments?post=13270"}],"version-history":[{"count":1,"href":"https:\/\/elfsight.com\/pt\/wp-json\/wp\/v2\/pages\/13270\/revisions"}],"predecessor-version":[{"id":13274,"href":"https:\/\/elfsight.com\/pt\/wp-json\/wp\/v2\/pages\/13270\/revisions\/13274"}],"up":[{"embeddable":true,"href":"https:\/\/elfsight.com\/pt\/wp-json\/wp\/v2\/pages\/13003"}],"wp:attachment":[{"href":"https:\/\/elfsight.com\/pt\/wp-json\/wp\/v2\/media?parent=13270"}],"curies":[{"name":"wp","href":"https:\/\/api.w.org\/{rel}","templated":true}]}}