{"id":13269,"date":"2024-09-30T18:27:29","date_gmt":"2024-09-30T18:27:29","guid":{"rendered":"https:\/\/elfsight.com\/pt\/?page_id=13269"},"modified":"2024-12-16T17:32:13","modified_gmt":"2024-12-16T17:32:13","slug":"elementor","status":"publish","type":"page","link":"https:\/\/elfsight.com\/pt\/website-translator-widget\/elementor\/","title":{"rendered":"website translator &#8211; elementor"},"content":{"rendered":"<div class=\"application-platform-content-item-description application-platform-content-item\" id=\"description\" data-nav-section=\"description\"> <h2>Incorpore o tradutor de sites no Elementor com um plugin Elfsight<\/h2> <p>Uma \u00f3tima maneira de melhorar o desempenho online do seu neg\u00f3cio e atrair um p\u00fablico internacional o p\u00fablico est\u00e1 usando nosso widget Tradutor de site para Elementor. Ao traduzir perfeitamente o conte\u00fado do seu site, este widget garante que a sua mensagem atraia usu\u00e1rios de diferentes comunidades lingu\u00edsticas, ajudando a lidar com as barreiras lingu\u00edsticas e a ampliar o seu alcance no mercado. <\/p><p>Nosso tradutor de sites fornece tradu\u00e7\u00e3o automatizada imediata de sites, conduzida pela IA do Google, mantendo mais de 130 idiomas. Ele lembra as prefer\u00eancias de idioma do visitante, proporcionando uma experi\u00eancia de navega\u00e7\u00e3o individual que os mant\u00e9m engajados. Globalize sem esfor\u00e7o seu site Elementor e conecte-se com diversos p\u00fablicos por meio da tecnologia de tradu\u00e7\u00e3o de ponta. <\/p><p><b>Ofere\u00e7a seus produtos e servi\u00e7os em todo o mundo com o widget de troca de idioma orientado ao cliente! <\/b><\/p><\/div> <div class=\"application-platform-content-item-features application-platform-content-item\" id=\"features\" data-nav-section=\"features\"> <h2>Abaixo est\u00e3o os principais recursos do widget: <\/h2><ul><li>tradu\u00e7\u00e3o autom\u00e1tica imediata de sites<\/li><li>Tradu\u00e7\u00e3o com tecnologia de IA do Google<\/li><li>Suporte para mais de 130 idiomas<\/li><li>Lembrar as prefer\u00eancias do visitante<\/li><li>V\u00e1rios estilos de widget predefinidos<\/li><\/ul><p><a href=\"#demo\">Voc\u00ea pode descobrir qual widget vale a pena experimentando a demonstra\u00e7\u00e3o<\/a><\/p><\/div> <div class=\"application-platform-content-item-installation application-platform-content-item\" id=\"installation\" data-nav-section=\"installation\"> <h2>Como fa\u00e7o para incorporar o site Tradutor para minhas p\u00e1ginas Elementor? <\/h2><p>Basta seguir algumas etapas apresentadas abaixo para incorporar o widget. <\/p><ol><li><b>Execute nosso configurador gratuito e comece a construir seu pr\u00f3prio plugin. <\/b><br>Especifique a interface e funcionalidade adequadas do widget e salve as edi\u00e7\u00f5es. <\/li> <li><b>Adquira o c\u00f3digo pessoal apresentado no formul\u00e1rio especial nas Apps Elfsight. <\/b><br>Assim que a configura\u00e7\u00e3o do seu plugin pessoal for conclu\u00edda, copie o c\u00f3digo pessoal na caixa que aparece e salve-o para uso futuro. <\/li> <li><b>Iniciar a utiliza\u00e7\u00e3o da ferramenta na p\u00e1gina da Elementor. <\/b><br>Implemente o c\u00f3digo que voc\u00ea copiou recentemente em sua p\u00e1gina da web e aplique as melhorias. <\/li> <li><b>Pronto! A incorpora\u00e7\u00e3o foi realizada com sucesso. <\/b><br>Acesse seu site para inspecionar o funcionamento do plugin. <\/li><\/ol><p>Caso tenha d\u00favidas ou atropele quaisquer obst\u00e1culos, n\u00e3o tenha medo de entrar em contato com nossa equipe de atendimento ao cliente. Nossos especialistas est\u00e3o ansiosos para resolver todas as d\u00favidas que voc\u00ea possa ter com o plugin. <\/p><\/div>","protected":false},"excerpt":{"rendered":"","protected":false},"author":9,"featured_media":0,"parent":12676,"menu_order":0,"comment_status":"closed","ping_status":"closed","template":"templates\/template-application-platform.php","meta":{"publish_to_discourse":"","publish_post_category":"","wpdc_auto_publish_overridden":"","wpdc_topic_tags":"","wpdc_pin_topic":"","wpdc_pin_until":"","discourse_post_id":"","discourse_permalink":"","wpdc_publishing_response":"","wpdc_publishing_error":"","footnotes":""},"class_list":["post-13269","page","type-page","status-publish","hentry"],"yoast_head":"<!-- This site is optimized with the Yoast SEO plugin v25.3.1 - https:\/\/yoast.com\/wordpress\/plugins\/seo\/ -->\n<title>Widget de tradutor de site - Incorporar tradutor sem c\u00f3digo no Elementor<\/title>\n<meta name=\"description\" content=\"Adicione um widget Tradutor de site sem c\u00f3digo ao seu site Elementor. Confira a demonstra\u00e7\u00e3o simples da Elfsight para construir facilmente sua solu\u00e7\u00e3o individual.\" \/>\n<meta name=\"robots\" content=\"index, follow, max-snippet:-1, max-image-preview:large, max-video-preview:-1\" \/>\n<link rel=\"canonical\" href=\"https:\/\/elfsight.com\/pt\/website-translator-widget\/elementor\/\" \/>\n<meta property=\"og:locale\" content=\"pt_PT\" \/>\n<meta property=\"og:type\" content=\"article\" \/>\n<meta property=\"og:title\" content=\"Widget de tradutor de site - Incorporar tradutor sem c\u00f3digo no Elementor\" \/>\n<meta property=\"og:description\" content=\"Adicione um widget Tradutor de site sem c\u00f3digo ao seu site Elementor. Confira a demonstra\u00e7\u00e3o simples da Elfsight para construir facilmente sua solu\u00e7\u00e3o individual.\" \/>\n<meta property=\"og:url\" content=\"https:\/\/elfsight.com\/pt\/website-translator-widget\/elementor\/\" \/>\n<meta property=\"og:site_name\" content=\"Elfsight PT\" \/>\n<meta property=\"article:modified_time\" content=\"2024-12-16T17:32:13+00:00\" \/>\n<meta name=\"twitter:card\" content=\"summary_large_image\" \/>\n<meta name=\"twitter:label1\" content=\"Tempo estimado de leitura\" \/>\n\t<meta name=\"twitter:data1\" content=\"2 minutos\" \/>\n<!-- \/ Yoast SEO plugin. -->","yoast_head_json":{"title":"Widget de tradutor de site - Incorporar tradutor sem c\u00f3digo no Elementor","description":"Adicione um widget Tradutor de site sem c\u00f3digo ao seu site Elementor. Confira a demonstra\u00e7\u00e3o simples da Elfsight para construir facilmente sua solu\u00e7\u00e3o individual.","robots":{"index":"index","follow":"follow","max-snippet":"max-snippet:-1","max-image-preview":"max-image-preview:large","max-video-preview":"max-video-preview:-1"},"canonical":"https:\/\/elfsight.com\/pt\/website-translator-widget\/elementor\/","og_locale":"pt_PT","og_type":"article","og_title":"Widget de tradutor de site - Incorporar tradutor sem c\u00f3digo no Elementor","og_description":"Adicione um widget Tradutor de site sem c\u00f3digo ao seu site Elementor. Confira a demonstra\u00e7\u00e3o simples da Elfsight para construir facilmente sua solu\u00e7\u00e3o individual.","og_url":"https:\/\/elfsight.com\/pt\/website-translator-widget\/elementor\/","og_site_name":"Elfsight PT","article_modified_time":"2024-12-16T17:32:13+00:00","twitter_card":"summary_large_image","twitter_misc":{"Tempo estimado de leitura":"2 minutos"},"schema":{"@context":"https:\/\/schema.org","@graph":[{"@type":"WebPage","@id":"https:\/\/elfsight.com\/pt\/website-translator-widget\/elementor\/","url":"https:\/\/elfsight.com\/pt\/website-translator-widget\/elementor\/","name":"Widget de tradutor de site - Incorporar tradutor sem c\u00f3digo no Elementor","isPartOf":{"@id":"https:\/\/elfsight.com\/pt\/#website"},"datePublished":"2024-09-30T18:27:29+00:00","dateModified":"2024-12-16T17:32:13+00:00","description":"Adicione um widget Tradutor de site sem c\u00f3digo ao seu site Elementor. Confira a demonstra\u00e7\u00e3o simples da Elfsight para construir facilmente sua solu\u00e7\u00e3o individual.","breadcrumb":{"@id":"https:\/\/elfsight.com\/pt\/website-translator-widget\/elementor\/#breadcrumb"},"inLanguage":"pt-PT","potentialAction":[{"@type":"ReadAction","target":["https:\/\/elfsight.com\/pt\/website-translator-widget\/elementor\/"]}]},{"@type":"BreadcrumbList","@id":"https:\/\/elfsight.com\/pt\/website-translator-widget\/elementor\/#breadcrumb","itemListElement":[{"@type":"ListItem","position":1,"name":"Home","item":"https:\/\/elfsight.com\/pt\/"},{"@type":"ListItem","position":2,"name":"website translator &#8211; elementor"}]},{"@type":"WebSite","@id":"https:\/\/elfsight.com\/pt\/#website","url":"https:\/\/elfsight.com\/pt\/","name":"Elfsight PT","description":"Just another Elfsight Sites site","potentialAction":[{"@type":"SearchAction","target":{"@type":"EntryPoint","urlTemplate":"https:\/\/elfsight.com\/pt\/?s={search_term_string}"},"query-input":{"@type":"PropertyValueSpecification","valueRequired":true,"valueName":"search_term_string"}}],"inLanguage":"pt-PT"}]}},"meta_box":{"industry":"","seo_heading":"","heading":"","description":"","cta_heading":"","cta_description":"","application":"12670","h1":"Widget Tradutor de sites Elementor","h1_caption":"Traduza automaticamente o conte\u00fado do seu site em v\u00e1rios idiomas, tornando-o acess\u00edvel a um p\u00fablico global em seu site Elementor sem esfor\u00e7o.","application_category":[],"applications_title":"","applications_request_title":"","applications_request_button_text":"","hero_text":"","hero_video":"","hero_video_schema_markup":"","selling_points_title":"","selling_points_caption":"","selling_points":[],"selling_points_cta_text":"","features_title":"","features":"","ed_cta_examples_text":"","ed_cta_examples_hidden":"","ed_cta_demo_text":"","ed_cta_demo_hidden":"","why_caption":"","why_editor_title":"","why_editor_text":"","why_team_title":"","why_team_text":"","why_service_title":"","why_service_text":"","template_catalog_visible":"","template_catalog_title":"","template_catalog_text":"","template_catalog_categories_visible":"","demo_title":"Crie seu widget Tradutor de site","demo_caption":"Configure seu tradutor de sites e adicione-o ao seu site Elementor gratuitamente!","default_faq_hidden":"","app_template_category":[],"platform":"100","template_public_id":"","codecanyon_url":"","codecanyon_item_id":"","codecanyon_price":"","pricing_caption":"","pricing_elfsight_apps_hide_column":"","pricing_elfsight_apps_url":"","pricing_codecanyon_price_caption":"","integration_category":[],"integration_request_title":"","integration_request_cta":"","integration_platform":"","integrations":[],"platform_category":[],"video_schema_markup":"","price":"a partir de $ 0 \/ m\u00eas","trial":"","benefits":[{"text":"Assist\u00eancia de instala\u00e7\u00e3o gratuita"},{"text":"Atendimento ao cliente profissional"},{"text":"Garantia de reembolso de 14 dias"},{"text":"Futuras atualiza\u00e7\u00f5es gratuitas"}],"button_url":"#demo","button_target_blank":"","button_nofollow":"","attributes":[{"name":"Instalar","content":"50,000 - 100,000"},{"name":"Responsivo","content":"Sim"},{"name":"Navegadores compat\u00edveis","content":"Firefox, Safari, Opera, Chrome, Edge"}],"tags":[],"tags_disable_links":"","hide_more_platforms":"","video_object":"","demo_hide_cta":"","demo_hide_cloud_options":"","pricing_title":"","pricing":[{"pricing_icon":"platform","pricing_title":"Elfsight Apps","pricing_title_caption":"Solu\u00e7\u00e3o independente de plataforma","pricing_price":"a partir de $ 0 \/ m\u00eas","pricing_price_caption":"comece com um plano gratuito","pricing_benefits":[{"text":"Sites ilimitados"},{"text":"Suporte ao cliente 24 horas por dia, 7 dias por semana e bem documentado"},{"text":"Ajuda de instala\u00e7\u00e3o gratuita"},{"text":"100% personaliz\u00e1vel"}],"pricing_button_text":"Adicionar ao site","pricing_button_url":"#demo"}],"related_apps_title":"","related_apps_hidden":"","author":"","image":[],"title":"","job":"","social_networks":[]},"_links":{"self":[{"href":"https:\/\/elfsight.com\/pt\/wp-json\/wp\/v2\/pages\/13269","targetHints":{"allow":["GET"]}}],"collection":[{"href":"https:\/\/elfsight.com\/pt\/wp-json\/wp\/v2\/pages"}],"about":[{"href":"https:\/\/elfsight.com\/pt\/wp-json\/wp\/v2\/types\/page"}],"author":[{"embeddable":true,"href":"https:\/\/elfsight.com\/pt\/wp-json\/wp\/v2\/users\/9"}],"replies":[{"embeddable":true,"href":"https:\/\/elfsight.com\/pt\/wp-json\/wp\/v2\/comments?post=13269"}],"version-history":[{"count":1,"href":"https:\/\/elfsight.com\/pt\/wp-json\/wp\/v2\/pages\/13269\/revisions"}],"predecessor-version":[{"id":13273,"href":"https:\/\/elfsight.com\/pt\/wp-json\/wp\/v2\/pages\/13269\/revisions\/13273"}],"up":[{"embeddable":true,"href":"https:\/\/elfsight.com\/pt\/wp-json\/wp\/v2\/pages\/12676"}],"wp:attachment":[{"href":"https:\/\/elfsight.com\/pt\/wp-json\/wp\/v2\/media?parent=13269"}],"curies":[{"name":"wp","href":"https:\/\/api.w.org\/{rel}","templated":true}]}}