{"id":13267,"date":"2024-09-30T18:27:29","date_gmt":"2024-09-30T18:27:29","guid":{"rendered":"https:\/\/elfsight.com\/pt\/?page_id=13267"},"modified":"2025-03-04T04:28:13","modified_gmt":"2025-03-04T04:28:13","slug":"elementor","status":"publish","type":"page","link":"https:\/\/elfsight.com\/pt\/appointment-booking-widget\/elementor\/","title":{"rendered":"appointment booking &#8211; elementor"},"content":{"rendered":"\n<div class=\"application-platform-content-item-description application-platform-content-item\" id=\"description\" data-nav-section=\"description\"><h2>Incorpore a reserva de compromissos no Elementor com o widget Elfsight!<\/h2> <p>O widget Reserva de compromissos est\u00e1 dispon\u00edvel para ajudar poss\u00edveis clientes a garantir vagas diretamente em seu site Elementor, minimizando o esfor\u00e7o manual \u2013 como monitorar constantemente mensagens, chamadas e e-mails \u2013 seus. Pense nisso como ter uma recepcionista dedicada de prontid\u00e3o 24 horas por dia, que envia alertas automatizados e pode ser conectada a aplicativos terceirizados, como o Google Agenda.<\/p> <p>\u00c9 a oportunidade ideal para elaborar mais sobre seu servi\u00e7o ou ocasi\u00e3o, definir a dura\u00e7\u00e3o, forne\u00e7a informa\u00e7\u00f5es de contato e estabele\u00e7a o pre\u00e7o para agilizar o processo de tomada de decis\u00e3o dos clientes. Al\u00e9m disso, voc\u00ea pode escolher a apar\u00eancia do widget modificando elementos e recursos personalizados sem a necessidade de dominar a profici\u00eancia em programa\u00e7\u00e3o ou recrutar um desenvolvedor!<\/p> <p><b>Aumente a visibilidade do seu neg\u00f3cio e fique dispon\u00edvel para uma base de clientes mais ampla atrav\u00e9s de agendamento on-line para compromissos em seu site!<\/b><\/p> <\/div> <div class=\"application-platform-content-item-features application-platform-content-item\" id=\"features\" data-nav-section=\"features\"> <h2>Explore a lista dos recursos mais poderosos:<\/h2> <ul><li>Ofere\u00e7a uma explica\u00e7\u00e3o precisa do seu servi\u00e7o (nome, detalhes, foto e dura\u00e7\u00e3o) e organize os pre\u00e7os em diferentes moedas.<\/li><li>Envie notifica\u00e7\u00f5es autom\u00e1ticas para confirmar os hor\u00e1rios reservados para os clientes e para voc\u00ea mesmo.<\/li> <li>Sincronize o widget com servi\u00e7os terceirizados, como o Google Agenda, para manter atualiza\u00e7\u00f5es cont\u00ednuas.<\/li><li>Exiba os detalhes de contato da sua empresa como valida\u00e7\u00e3o social e permita que os usu\u00e1rios entrem em contato em caso de situa\u00e7\u00f5es inesperadas.<\/li> <li>Personaliza\u00e7\u00e3o sem c\u00f3digo com configura\u00e7\u00f5es de design avan\u00e7adas: modelos pr\u00e9-concebidos, cores, layouts elegantes, fontes, editor CSS personalizado, editor JS personalizado, etc.<\/li><\/ul><p><a href=\" #demo\">Voc\u00ea pode explorar como o widget funciona experimentando a demonstra\u00e7\u00e3o<\/a><\/p> <\/div> <div class=\"application-platform-content-item-installation application-platform-content-item\" id=\"installation\" data-nav-section=\"installation\"> <h2>Como adiciono a reserva de compromisso ao meu site Elementor?<\/h2> <p>Para incorporar o agendamento de compromissos em seu site Elementor, siga estas etapas abaixo:<\/p> <ol><li><b>Inicie nossa demonstra\u00e7\u00e3o gratuita e comece a criar seu plugin exclusivo de feed do LinkedIn.<\/b><br> Determine o layout personalizado e a funcionalidade do widget e salve as edi\u00e7\u00f5es.<\/li> <li><b>Obtenha o c\u00f3digo exclusivo que aparece no formul\u00e1rio especial nos aplicativos da Elfsight.<\/b><br> Terminada a customiza\u00e7\u00e3o da sua ferramenta pessoal, copie o c\u00f3digo exclusivo na janela que surgir e guarde-o para uso posterior.<\/li> <li><b>Entre usando o widget do seu site Elementor.<\/b><br> Incorpore o c\u00f3digo copiado recentemente em seu site e salve as edi\u00e7\u00f5es.<\/li> <li><b>Pronto! A incorpora\u00e7\u00e3o foi totalmente realizada.<\/b><br> Acesse seu site para examinar o desempenho do widget.<\/li><\/ol> <p>Se voc\u00ea tiver algum problema, n\u00e3o hesite em solicitar nosso pessoal de apoio. Nossos consultores est\u00e3o ansiosos para ajud\u00e1-lo com todas as d\u00favidas que voc\u00ea possa ter sobre o widget.<\/p> <\/div>\n","protected":false},"excerpt":{"rendered":"","protected":false},"author":9,"featured_media":0,"parent":13003,"menu_order":0,"comment_status":"closed","ping_status":"closed","template":"templates\/template-application-platform.php","meta":{"publish_to_discourse":"","publish_post_category":"","wpdc_auto_publish_overridden":"","wpdc_topic_tags":"","wpdc_pin_topic":"","wpdc_pin_until":"","discourse_post_id":"","discourse_permalink":"","wpdc_publishing_response":"","wpdc_publishing_error":"","footnotes":""},"class_list":["post-13267","page","type-page","status-publish","hentry"],"yoast_head":"<!-- This site is optimized with the Yoast SEO plugin v25.3.1 - https:\/\/yoast.com\/wordpress\/plugins\/seo\/ -->\n<title>Plug-in Elementor Booking \u2013 Adicionar reserva de compromisso no Elementor<\/title>\n<meta name=\"description\" content=\"Adicione um plugin de reserva Elementor e permita que os clientes reservem slots com apenas alguns cliques! Melhore o agendamento com o sistema de reservas Elementor.\" \/>\n<meta name=\"robots\" content=\"index, follow, max-snippet:-1, max-image-preview:large, max-video-preview:-1\" \/>\n<link rel=\"canonical\" href=\"https:\/\/elfsight.com\/pt\/appointment-booking-widget\/elementor\/\" \/>\n<meta property=\"og:locale\" content=\"pt_PT\" \/>\n<meta property=\"og:type\" content=\"article\" \/>\n<meta property=\"og:title\" content=\"Plug-in Elementor Booking \u2013 Adicionar reserva de compromisso no Elementor\" \/>\n<meta property=\"og:description\" content=\"Adicione um plugin de reserva Elementor e permita que os clientes reservem slots com apenas alguns cliques! Melhore o agendamento com o sistema de reservas Elementor.\" \/>\n<meta property=\"og:url\" content=\"https:\/\/elfsight.com\/pt\/appointment-booking-widget\/elementor\/\" \/>\n<meta property=\"og:site_name\" content=\"Elfsight PT\" \/>\n<meta property=\"article:modified_time\" content=\"2025-03-04T04:28:13+00:00\" \/>\n<meta name=\"twitter:card\" content=\"summary_large_image\" \/>\n<meta name=\"twitter:label1\" content=\"Tempo estimado de leitura\" \/>\n\t<meta name=\"twitter:data1\" content=\"3 minutos\" \/>\n<!-- \/ Yoast SEO plugin. -->","yoast_head_json":{"title":"Plug-in Elementor Booking \u2013 Adicionar reserva de compromisso no Elementor","description":"Adicione um plugin de reserva Elementor e permita que os clientes reservem slots com apenas alguns cliques! Melhore o agendamento com o sistema de reservas Elementor.","robots":{"index":"index","follow":"follow","max-snippet":"max-snippet:-1","max-image-preview":"max-image-preview:large","max-video-preview":"max-video-preview:-1"},"canonical":"https:\/\/elfsight.com\/pt\/appointment-booking-widget\/elementor\/","og_locale":"pt_PT","og_type":"article","og_title":"Plug-in Elementor Booking \u2013 Adicionar reserva de compromisso no Elementor","og_description":"Adicione um plugin de reserva Elementor e permita que os clientes reservem slots com apenas alguns cliques! Melhore o agendamento com o sistema de reservas Elementor.","og_url":"https:\/\/elfsight.com\/pt\/appointment-booking-widget\/elementor\/","og_site_name":"Elfsight PT","article_modified_time":"2025-03-04T04:28:13+00:00","twitter_card":"summary_large_image","twitter_misc":{"Tempo estimado de leitura":"3 minutos"},"schema":{"@context":"https:\/\/schema.org","@graph":[{"@type":"WebPage","@id":"https:\/\/elfsight.com\/pt\/appointment-booking-widget\/elementor\/","url":"https:\/\/elfsight.com\/pt\/appointment-booking-widget\/elementor\/","name":"Plug-in Elementor Booking \u2013 Adicionar reserva de compromisso no Elementor","isPartOf":{"@id":"https:\/\/elfsight.com\/pt\/#website"},"datePublished":"2024-09-30T18:27:29+00:00","dateModified":"2025-03-04T04:28:13+00:00","description":"Adicione um plugin de reserva Elementor e permita que os clientes reservem slots com apenas alguns cliques! Melhore o agendamento com o sistema de reservas Elementor.","breadcrumb":{"@id":"https:\/\/elfsight.com\/pt\/appointment-booking-widget\/elementor\/#breadcrumb"},"inLanguage":"pt-PT","potentialAction":[{"@type":"ReadAction","target":["https:\/\/elfsight.com\/pt\/appointment-booking-widget\/elementor\/"]}]},{"@type":"BreadcrumbList","@id":"https:\/\/elfsight.com\/pt\/appointment-booking-widget\/elementor\/#breadcrumb","itemListElement":[{"@type":"ListItem","position":1,"name":"Home","item":"https:\/\/elfsight.com\/pt\/"},{"@type":"ListItem","position":2,"name":"Appointment Booking","item":"https:\/\/elfsight.com\/pt\/appointment-booking-widget\/"},{"@type":"ListItem","position":3,"name":"appointment booking &#8211; elementor"}]},{"@type":"WebSite","@id":"https:\/\/elfsight.com\/pt\/#website","url":"https:\/\/elfsight.com\/pt\/","name":"Elfsight PT","description":"Just another Elfsight Sites site","potentialAction":[{"@type":"SearchAction","target":{"@type":"EntryPoint","urlTemplate":"https:\/\/elfsight.com\/pt\/?s={search_term_string}"},"query-input":{"@type":"PropertyValueSpecification","valueRequired":true,"valueName":"search_term_string"}}],"inLanguage":"pt-PT"}]}},"meta_box":{"industry":"","seo_heading":"","heading":"","description":"","cta_heading":"","cta_description":"","application":"13002","h1":"Plug-in de reserva de compromisso Elementor","h1_caption":"Permita que os usu\u00e1rios agendem compromissos facilmente diretamente do seu site Elementor, aumentando a conveni\u00eancia e agilizando o processo de reserva.","application_category":[],"applications_title":"","applications_request_title":"","applications_request_button_text":"","hero_text":"","hero_video":"","hero_video_schema_markup":"","selling_points_title":"","selling_points_caption":"","selling_points":[],"selling_points_cta_text":"","features_title":"","features":"","ed_cta_examples_text":"","ed_cta_examples_hidden":"","ed_cta_demo_text":"","ed_cta_demo_hidden":"","why_caption":"","why_editor_title":"","why_editor_text":"","why_team_title":"","why_team_text":"","why_service_title":"","why_service_text":"","template_catalog_visible":"0","template_catalog_title":"","template_catalog_text":"","template_catalog_categories_visible":"","demo_title":"Crie seu widget de reserva de compromisso","demo_caption":"Configure sua marca\u00e7\u00e3o de consulta e adicione-a ao seu site Elementor gratuitamente!","default_faq_hidden":"","app_template_category":[],"platform":"100","template_public_id":"","codecanyon_url":"","codecanyon_item_id":"","codecanyon_price":"","pricing_caption":"","pricing_elfsight_apps_hide_column":"","pricing_elfsight_apps_url":"","pricing_codecanyon_price_caption":"","integration_category":[],"integration_request_title":"","integration_request_cta":"","integration_platform":"","integrations":[],"platform_category":[],"video_schema_markup":"","price":"a partir de $ 0 \/ m\u00eas","trial":"","benefits":[{"text":"Servi\u00e7o de instala\u00e7\u00e3o gratuito"},{"text":"Suporte excepcional"},{"text":"Garantia de reembolso de 14 dias"},{"text":"Atualiza\u00e7\u00f5es gratuitas regulares"}],"button_url":"#demo","button_target_blank":"0","button_nofollow":"0","attributes":[{"name":"Instala\u00e7\u00f5es","content":"1,000 - 5,000"},{"name":"Responsivo","content":"Sim"},{"name":"Navegadores compat\u00edveis","content":"Firefox, Safari, Opera, Chrome, Edge"}],"tags":[],"tags_disable_links":"0","hide_more_platforms":"0","video_object":"","demo_hide_cta":"0","demo_hide_cloud_options":"0","pricing_title":"","pricing":[{"pricing_icon":"platform","pricing_title":"Elfsight Apps","pricing_title_caption":"Software independente de plataforma que funciona em qualquer site","pricing_price":"A partir de $ 0 \/ m\u00eas","pricing_price_caption":"Comece com um plano gratuito","pricing_benefits":[{"text":"Sites ilimitados"},{"text":"Suporte premium e bem documentado"},{"text":"Suporte de instala\u00e7\u00e3o gratuito"},{"text":"Design flex\u00edvel"}],"pricing_button_text":"Adicionar ao site","pricing_button_url":"#demo"}],"related_apps_title":"","related_apps_hidden":"0","author":"","image":[],"title":"","job":"","social_networks":[]},"_links":{"self":[{"href":"https:\/\/elfsight.com\/pt\/wp-json\/wp\/v2\/pages\/13267","targetHints":{"allow":["GET"]}}],"collection":[{"href":"https:\/\/elfsight.com\/pt\/wp-json\/wp\/v2\/pages"}],"about":[{"href":"https:\/\/elfsight.com\/pt\/wp-json\/wp\/v2\/types\/page"}],"author":[{"embeddable":true,"href":"https:\/\/elfsight.com\/pt\/wp-json\/wp\/v2\/users\/9"}],"replies":[{"embeddable":true,"href":"https:\/\/elfsight.com\/pt\/wp-json\/wp\/v2\/comments?post=13267"}],"version-history":[{"count":2,"href":"https:\/\/elfsight.com\/pt\/wp-json\/wp\/v2\/pages\/13267\/revisions"}],"predecessor-version":[{"id":14206,"href":"https:\/\/elfsight.com\/pt\/wp-json\/wp\/v2\/pages\/13267\/revisions\/14206"}],"up":[{"embeddable":true,"href":"https:\/\/elfsight.com\/pt\/wp-json\/wp\/v2\/pages\/13003"}],"wp:attachment":[{"href":"https:\/\/elfsight.com\/pt\/wp-json\/wp\/v2\/media?parent=13267"}],"curies":[{"name":"wp","href":"https:\/\/api.w.org\/{rel}","templated":true}]}}