{"id":13262,"date":"2024-09-30T18:27:29","date_gmt":"2024-09-30T18:27:29","guid":{"rendered":"https:\/\/elfsight.com\/pt\/?page_id=13262"},"modified":"2024-12-16T17:32:04","modified_gmt":"2024-12-16T17:32:04","slug":"google-sites","status":"publish","type":"page","link":"https:\/\/elfsight.com\/pt\/website-translator-widget\/google-sites\/","title":{"rendered":"website translator &#8211; google sites"},"content":{"rendered":"<div class=\"application-platform-content-item-description application-platform-content-item\" id=\"description\" data-nav-section=\"description\"> <h2>Incorpore o tradutor de sites no Google Sites com um plug-in da Elfsight<\/h2> <p>Uma maneira \u00fatil de melhorar o desempenho on-line da sua empresa e alcan\u00e7ar um O p\u00fablico global est\u00e1 incorporando nosso widget Tradutor de sites no Google Sites. Ao traduzir facilmente o conte\u00fado do seu site, este widget garante que sua mensagem atraia usu\u00e1rios de diversas comunidades lingu\u00edsticas, ajudando a quebrar as barreiras lingu\u00edsticas e a aumentar o alcance do seu neg\u00f3cio. <\/p><p>Nosso tradutor de sites oferece tradu\u00e7\u00e3o automatizada imediata de sites, conduzida pela IA do Google, com suporte para mais de 130 idiomas. Ele lembra as prefer\u00eancias de idioma do usu\u00e1rio, proporcionando uma experi\u00eancia de navega\u00e7\u00e3o personalizada que mant\u00e9m os visitantes envolvidos. Globalize perfeitamente seus Google Sites e conecte-se com diversos p\u00fablicos por meio da tecnologia de tradu\u00e7\u00e3o avan\u00e7ada. <\/p><p><b>Promova seus produtos e servi\u00e7os em qualquer lugar do mundo com o widget de troca de idioma orientado ao cliente! <\/b><\/p><\/div> <div class=\"application-platform-content-item-features application-platform-content-item\" id=\"features\" data-nav-section=\"features\"> <h2>Confira a lista dos melhores recursos: <\/h2><ul><li>Tradu\u00e7\u00e3o autom\u00e1tica instant\u00e2nea de sites<\/li> <li>Tradu\u00e7\u00e3o com tecnologia de IA do Google<\/li><li>Manuten\u00e7\u00e3o de mais de 130 idiomas<\/li><li>Manter as prefer\u00eancias do usu\u00e1rio<\/li><li>V\u00e1rios widgets predefinidos estilos<\/li><\/ul><p><a href=\"#demo\">Basta verificar esta demonstra\u00e7\u00e3o para ver quanto vale o widget<\/a><\/p><\/div> <div class=\"application-platform-content-item-installation  application-platform-content-item\" id=\"installation \" data-nav-section=\"installation \"> <h2>Como incorporar o Website Translator em minhas p\u00e1ginas do Google Sites? <\/h2><p>Basta seguir algumas etapas abaixo para come\u00e7ar a usar o plugin. <\/p><ol><li><b>Utilize nosso editor gratuito e comece a formar seu instrumento personalizado. <\/b><br>Encontre a interface e os aspectos preferidos do widget e aplique as modifica\u00e7\u00f5es. <\/li> <li><b>Adquira o c\u00f3digo exclusivo que aparece na janela dos aplicativos Elfsight. <\/b><br>Quando a gera\u00e7\u00e3o do seu plugin terminar, copie o c\u00f3digo exclusivo da janela que surgir e guarde-o para uso posterior. <\/li> <li><b>Iniciar a aplica\u00e7\u00e3o da ferramenta no site do Google Sites. <\/b><br>Cole o c\u00f3digo que voc\u00ea copiou antes em sua p\u00e1gina da web e aplique as edi\u00e7\u00f5es. <\/li> <li><b>Conclu\u00eddo! A incorpora\u00e7\u00e3o est\u00e1 totalmente conclu\u00edda. <\/b><br>Acesse sua p\u00e1gina da web para ver o desempenho do plug-in. <\/li><\/ol><p>Na condi\u00e7\u00e3o de enfrentar d\u00favidas ou encontrar alguma complica\u00e7\u00e3o, n\u00e3o hesite em entrar em contato com nossa equipe de atendimento ao cliente. Nosso pessoal ter\u00e1 prazer em ajud\u00e1-lo com todas as dificuldades que voc\u00ea possa ter com o widget. <\/p><\/div>","protected":false},"excerpt":{"rendered":"","protected":false},"author":9,"featured_media":0,"parent":12676,"menu_order":0,"comment_status":"closed","ping_status":"closed","template":"templates\/template-application-platform.php","meta":{"publish_to_discourse":"","publish_post_category":"","wpdc_auto_publish_overridden":"","wpdc_topic_tags":"","wpdc_pin_topic":"","wpdc_pin_until":"","discourse_post_id":"","discourse_permalink":"","wpdc_publishing_response":"","wpdc_publishing_error":"","footnotes":""},"class_list":["post-13262","page","type-page","status-publish","hentry"],"yoast_head":"<!-- This site is optimized with the Yoast SEO plugin v25.3.1 - https:\/\/yoast.com\/wordpress\/plugins\/seo\/ -->\n<title>Widget de tradutor de sites - incorporar tradutor instant\u00e2neo no Google Sites<\/title>\n<meta name=\"description\" content=\"Adicione um widget de tradutor de sites integrado ao seu site do Google Sites. Experimente a demonstra\u00e7\u00e3o simples da Elfsight para gerar facilmente a sua solu\u00e7\u00e3o \u00fanica.\" \/>\n<meta name=\"robots\" content=\"index, follow, max-snippet:-1, max-image-preview:large, max-video-preview:-1\" \/>\n<link rel=\"canonical\" href=\"https:\/\/elfsight.com\/pt\/website-translator-widget\/google-sites\/\" \/>\n<meta property=\"og:locale\" content=\"pt_PT\" \/>\n<meta property=\"og:type\" content=\"article\" \/>\n<meta property=\"og:title\" content=\"Widget de tradutor de sites - incorporar tradutor instant\u00e2neo no Google Sites\" \/>\n<meta property=\"og:description\" content=\"Adicione um widget de tradutor de sites integrado ao seu site do Google Sites. Experimente a demonstra\u00e7\u00e3o simples da Elfsight para gerar facilmente a sua solu\u00e7\u00e3o \u00fanica.\" \/>\n<meta property=\"og:url\" content=\"https:\/\/elfsight.com\/pt\/website-translator-widget\/google-sites\/\" \/>\n<meta property=\"og:site_name\" content=\"Elfsight PT\" \/>\n<meta property=\"article:modified_time\" content=\"2024-12-16T17:32:04+00:00\" \/>\n<meta name=\"twitter:card\" content=\"summary_large_image\" \/>\n<meta name=\"twitter:label1\" content=\"Tempo estimado de leitura\" \/>\n\t<meta name=\"twitter:data1\" content=\"2 minutos\" \/>\n<!-- \/ Yoast SEO plugin. -->","yoast_head_json":{"title":"Widget de tradutor de sites - incorporar tradutor instant\u00e2neo no Google Sites","description":"Adicione um widget de tradutor de sites integrado ao seu site do Google Sites. Experimente a demonstra\u00e7\u00e3o simples da Elfsight para gerar facilmente a sua solu\u00e7\u00e3o \u00fanica.","robots":{"index":"index","follow":"follow","max-snippet":"max-snippet:-1","max-image-preview":"max-image-preview:large","max-video-preview":"max-video-preview:-1"},"canonical":"https:\/\/elfsight.com\/pt\/website-translator-widget\/google-sites\/","og_locale":"pt_PT","og_type":"article","og_title":"Widget de tradutor de sites - incorporar tradutor instant\u00e2neo no Google Sites","og_description":"Adicione um widget de tradutor de sites integrado ao seu site do Google Sites. Experimente a demonstra\u00e7\u00e3o simples da Elfsight para gerar facilmente a sua solu\u00e7\u00e3o \u00fanica.","og_url":"https:\/\/elfsight.com\/pt\/website-translator-widget\/google-sites\/","og_site_name":"Elfsight PT","article_modified_time":"2024-12-16T17:32:04+00:00","twitter_card":"summary_large_image","twitter_misc":{"Tempo estimado de leitura":"2 minutos"},"schema":{"@context":"https:\/\/schema.org","@graph":[{"@type":"WebPage","@id":"https:\/\/elfsight.com\/pt\/website-translator-widget\/google-sites\/","url":"https:\/\/elfsight.com\/pt\/website-translator-widget\/google-sites\/","name":"Widget de tradutor de sites - incorporar tradutor instant\u00e2neo no Google Sites","isPartOf":{"@id":"https:\/\/elfsight.com\/pt\/#website"},"datePublished":"2024-09-30T18:27:29+00:00","dateModified":"2024-12-16T17:32:04+00:00","description":"Adicione um widget de tradutor de sites integrado ao seu site do Google Sites. Experimente a demonstra\u00e7\u00e3o simples da Elfsight para gerar facilmente a sua solu\u00e7\u00e3o \u00fanica.","breadcrumb":{"@id":"https:\/\/elfsight.com\/pt\/website-translator-widget\/google-sites\/#breadcrumb"},"inLanguage":"pt-PT","potentialAction":[{"@type":"ReadAction","target":["https:\/\/elfsight.com\/pt\/website-translator-widget\/google-sites\/"]}]},{"@type":"BreadcrumbList","@id":"https:\/\/elfsight.com\/pt\/website-translator-widget\/google-sites\/#breadcrumb","itemListElement":[{"@type":"ListItem","position":1,"name":"Home","item":"https:\/\/elfsight.com\/pt\/"},{"@type":"ListItem","position":2,"name":"website translator &#8211; google sites"}]},{"@type":"WebSite","@id":"https:\/\/elfsight.com\/pt\/#website","url":"https:\/\/elfsight.com\/pt\/","name":"Elfsight PT","description":"Just another Elfsight Sites site","potentialAction":[{"@type":"SearchAction","target":{"@type":"EntryPoint","urlTemplate":"https:\/\/elfsight.com\/pt\/?s={search_term_string}"},"query-input":{"@type":"PropertyValueSpecification","valueRequired":true,"valueName":"search_term_string"}}],"inLanguage":"pt-PT"}]}},"meta_box":{"industry":"","seo_heading":"","heading":"","description":"","cta_heading":"","cta_description":"","application":"12670","h1":"Plug-in Tradutor de sites do Google Sites","h1_caption":"Traduza automaticamente o conte\u00fado do seu site para v\u00e1rios idiomas, tornando-o acess\u00edvel a um p\u00fablico global em seu Google Sites sem esfor\u00e7o.","application_category":[],"applications_title":"","applications_request_title":"","applications_request_button_text":"","hero_text":"","hero_video":"","hero_video_schema_markup":"","selling_points_title":"","selling_points_caption":"","selling_points":[],"selling_points_cta_text":"","features_title":"","features":"","ed_cta_examples_text":"","ed_cta_examples_hidden":"","ed_cta_demo_text":"","ed_cta_demo_hidden":"","why_caption":"","why_editor_title":"","why_editor_text":"","why_team_title":"","why_team_text":"","why_service_title":"","why_service_text":"","template_catalog_visible":"","template_catalog_title":"","template_catalog_text":"","template_catalog_categories_visible":"","demo_title":"Crie seu widget Tradutor de site","demo_caption":"Configure seu Tradutor de Sites e adicione-o ao seu site do Google Sites gratuitamente!","default_faq_hidden":"","app_template_category":[],"platform":"112","template_public_id":"","codecanyon_url":"","codecanyon_item_id":"","codecanyon_price":"","pricing_caption":"","pricing_elfsight_apps_hide_column":"","pricing_elfsight_apps_url":"","pricing_codecanyon_price_caption":"","integration_category":[],"integration_request_title":"","integration_request_cta":"","integration_platform":"","integrations":[],"platform_category":[],"video_schema_markup":"","price":"a partir de $ 0 \/ m\u00eas","trial":"","benefits":[{"text":"Servi\u00e7o de instala\u00e7\u00e3o gratuito"},{"text":"Suporte ao cliente experiente"},{"text":"Garantia de devolu\u00e7\u00e3o do dinheiro em 14 dias"},{"text":"Desenvolvimento cont\u00ednuo"}],"button_url":"#demo","button_target_blank":"","button_nofollow":"","attributes":[{"name":"Instalar","content":"50,000 - 100,000"},{"name":"Responsivo","content":"Sim"},{"name":"Navegadores compat\u00edveis","content":"Firefox, Safari, Opera, Chrome, Edge"}],"tags":[],"tags_disable_links":"","hide_more_platforms":"","video_object":"","demo_hide_cta":"","demo_hide_cloud_options":"","pricing_title":"","pricing":[{"pricing_icon":"platform","pricing_title":"Elfsight Apps","pricing_title_caption":"Solu\u00e7\u00e3o digital multiplataforma adequada para qualquer site","pricing_price":"a partir de $ 0 \/ m\u00eas","pricing_price_caption":"comece com um plano gratuito","pricing_benefits":[{"text":"Dom\u00ednios ilimitados"},{"text":"Suporte ao cliente premium e bem documentado"},{"text":"Suporte de instala\u00e7\u00e3o gratuito"},{"text":"100% personaliz\u00e1vel"}],"pricing_button_text":"Adicionar ao site","pricing_button_url":"#demo"}],"related_apps_title":"","related_apps_hidden":"","author":"","image":[],"title":"","job":"","social_networks":[]},"_links":{"self":[{"href":"https:\/\/elfsight.com\/pt\/wp-json\/wp\/v2\/pages\/13262","targetHints":{"allow":["GET"]}}],"collection":[{"href":"https:\/\/elfsight.com\/pt\/wp-json\/wp\/v2\/pages"}],"about":[{"href":"https:\/\/elfsight.com\/pt\/wp-json\/wp\/v2\/types\/page"}],"author":[{"embeddable":true,"href":"https:\/\/elfsight.com\/pt\/wp-json\/wp\/v2\/users\/9"}],"replies":[{"embeddable":true,"href":"https:\/\/elfsight.com\/pt\/wp-json\/wp\/v2\/comments?post=13262"}],"version-history":[{"count":1,"href":"https:\/\/elfsight.com\/pt\/wp-json\/wp\/v2\/pages\/13262\/revisions"}],"predecessor-version":[{"id":13266,"href":"https:\/\/elfsight.com\/pt\/wp-json\/wp\/v2\/pages\/13262\/revisions\/13266"}],"up":[{"embeddable":true,"href":"https:\/\/elfsight.com\/pt\/wp-json\/wp\/v2\/pages\/12676"}],"wp:attachment":[{"href":"https:\/\/elfsight.com\/pt\/wp-json\/wp\/v2\/media?parent=13262"}],"curies":[{"name":"wp","href":"https:\/\/api.w.org\/{rel}","templated":true}]}}