{"id":13259,"date":"2024-09-30T18:27:29","date_gmt":"2024-09-30T18:27:29","guid":{"rendered":"https:\/\/elfsight.com\/pt\/?page_id=13259"},"modified":"2024-12-16T17:32:04","modified_gmt":"2024-12-16T17:32:04","slug":"iframe","status":"publish","type":"page","link":"https:\/\/elfsight.com\/pt\/website-translator-widget\/iframe\/","title":{"rendered":"website translator &#8211; iframe"},"content":{"rendered":"<div class=\"application-platform-content-item-description application-platform-content-item\" id=\"description\" data-nav-section=\"description\"> <h2>Incorpore o tradutor de sites no iFrame com um plugin da Elfsight<\/h2> <p>Uma \u00f3tima maneira de melhorar a presen\u00e7a on-line da sua empresa e alcan\u00e7ar um p\u00fablico global p\u00fablico est\u00e1 adicionando nosso widget Tradutor de sites para iFrame. Ao traduzir facilmente o conte\u00fado do seu website, este widget garante que a sua mensagem ressoe junto aos clientes de diferentes origens lingu\u00edsticas, ajudando a quebrar as barreiras lingu\u00edsticas e a ampliar o alcance do seu neg\u00f3cio. <\/p><p>Nosso tradutor de sites oferece tradu\u00e7\u00e3o autom\u00e1tica imediata de sites impulsionada pela IA do Google, mantendo mais de 130 idiomas. Ele lembra as prefer\u00eancias de idioma do visitante, proporcionando uma experi\u00eancia de navega\u00e7\u00e3o individual que os mant\u00e9m engajados. Globalize perfeitamente seu site iFrame e conecte-se com v\u00e1rios p\u00fablicos por meio da tecnologia de tradu\u00e7\u00e3o avan\u00e7ada. <\/p><p><b>Ofere\u00e7a seus produtos e servi\u00e7os em qualquer lugar do mundo com o widget de troca de idioma orientado ao cliente! <\/b><\/p><\/div> <div class=\"application-platform-content-item-features application-platform-content-item\" id=\"features\" data-nav-section=\"features\"> <h2>Estude a lista dos recursos mais importantes: <\/h2><ul><li>Tradu\u00e7\u00e3o autom\u00e1tica instant\u00e2nea de sites<\/li> <li>Tradu\u00e7\u00e3o baseada em IA do Google<\/li><li>Suporte para mais de 130 idiomas<\/li><li>Lembrar as prefer\u00eancias do visitante<\/li><li>Muitos widgets predefinidos estilos<\/li><\/ul><p><a href=\"#demo\">Voc\u00ea pode testar o que o widget oferece com a ajuda da demonstra\u00e7\u00e3o<\/a><\/p><\/div> <div class=\"application-platform-content-item-instala\u00e7\u00e3o application-platform-content-item\" id=\"instala\u00e7\u00e3o\" data-nav-section=\"instala\u00e7\u00e3o\"> <h2>Como fa\u00e7o para integrar o Website Translator em minha plataforma iFrame? <\/h2><p>Basta seguir as orienta\u00e7\u00f5es abaixo para come\u00e7ar a trabalhar com o widget. <\/p><ol><li><b>Use nossa demonstra\u00e7\u00e3o gratuita e comece a criar seu widget exclusivo. <\/b><br>Encontre o layout selecionado e a funcionalidade do plugin e salve as corre\u00e7\u00f5es. <\/li> <li><b>Obtenha o c\u00f3digo exclusivo que aparece na caixa dos aplicativos da Elfsight. <\/b><br>Assim que a configura\u00e7\u00e3o do seu widget pessoal estiver conclu\u00edda, copie o c\u00f3digo pessoal na caixa exibida e guarde-o para uso posterior. <\/li> <li><b>Iniciar a utiliza\u00e7\u00e3o da ferramenta na p\u00e1gina web do iFrame. <\/b><br>Implemente o c\u00f3digo salvo anteriormente em sua p\u00e1gina inicial e aplique as edi\u00e7\u00f5es. <\/li> <li><b>A instala\u00e7\u00e3o foi finalizada com sucesso. <\/b><br>Visite sua p\u00e1gina da web para ver o funcionamento da ferramenta. <\/li><\/ol><p>Se voc\u00ea tiver alguma dificuldade, n\u00e3o hesite em escrever para nossa equipe de atendimento ao cliente. Nosso pessoal ficar\u00e1 animado para resolver todas as d\u00favidas que voc\u00ea possa ter com a ferramenta. <\/p><\/div>","protected":false},"excerpt":{"rendered":"","protected":false},"author":9,"featured_media":0,"parent":12676,"menu_order":0,"comment_status":"closed","ping_status":"closed","template":"templates\/template-application-platform.php","meta":{"publish_to_discourse":"","publish_post_category":"","wpdc_auto_publish_overridden":"","wpdc_topic_tags":"","wpdc_pin_topic":"","wpdc_pin_until":"","discourse_post_id":"","discourse_permalink":"","wpdc_publishing_response":"","wpdc_publishing_error":"","footnotes":""},"class_list":["post-13259","page","type-page","status-publish","hentry"],"yoast_head":"<!-- This site is optimized with the Yoast SEO plugin v25.3.1 - https:\/\/yoast.com\/wordpress\/plugins\/seo\/ -->\n<title>Widget tradutor de site - Incorporar alternador de idioma no iFrame<\/title>\n<meta name=\"description\" content=\"Adicione um widget de tradutor de sites integrado ao seu site iFrame. Utilize a demonstra\u00e7\u00e3o r\u00e1pida da Elfsight para criar facilmente a sua solu\u00e7\u00e3o \u00fanica.\" \/>\n<meta name=\"robots\" content=\"index, follow, max-snippet:-1, max-image-preview:large, max-video-preview:-1\" \/>\n<link rel=\"canonical\" href=\"https:\/\/elfsight.com\/pt\/website-translator-widget\/iframe\/\" \/>\n<meta property=\"og:locale\" content=\"pt_PT\" \/>\n<meta property=\"og:type\" content=\"article\" \/>\n<meta property=\"og:title\" content=\"Widget tradutor de site - Incorporar alternador de idioma no iFrame\" \/>\n<meta property=\"og:description\" content=\"Adicione um widget de tradutor de sites integrado ao seu site iFrame. Utilize a demonstra\u00e7\u00e3o r\u00e1pida da Elfsight para criar facilmente a sua solu\u00e7\u00e3o \u00fanica.\" \/>\n<meta property=\"og:url\" content=\"https:\/\/elfsight.com\/pt\/website-translator-widget\/iframe\/\" \/>\n<meta property=\"og:site_name\" content=\"Elfsight PT\" \/>\n<meta property=\"article:modified_time\" content=\"2024-12-16T17:32:04+00:00\" \/>\n<meta name=\"twitter:card\" content=\"summary_large_image\" \/>\n<meta name=\"twitter:label1\" content=\"Tempo estimado de leitura\" \/>\n\t<meta name=\"twitter:data1\" content=\"2 minutos\" \/>\n<!-- \/ Yoast SEO plugin. -->","yoast_head_json":{"title":"Widget tradutor de site - Incorporar alternador de idioma no iFrame","description":"Adicione um widget de tradutor de sites integrado ao seu site iFrame. Utilize a demonstra\u00e7\u00e3o r\u00e1pida da Elfsight para criar facilmente a sua solu\u00e7\u00e3o \u00fanica.","robots":{"index":"index","follow":"follow","max-snippet":"max-snippet:-1","max-image-preview":"max-image-preview:large","max-video-preview":"max-video-preview:-1"},"canonical":"https:\/\/elfsight.com\/pt\/website-translator-widget\/iframe\/","og_locale":"pt_PT","og_type":"article","og_title":"Widget tradutor de site - Incorporar alternador de idioma no iFrame","og_description":"Adicione um widget de tradutor de sites integrado ao seu site iFrame. Utilize a demonstra\u00e7\u00e3o r\u00e1pida da Elfsight para criar facilmente a sua solu\u00e7\u00e3o \u00fanica.","og_url":"https:\/\/elfsight.com\/pt\/website-translator-widget\/iframe\/","og_site_name":"Elfsight PT","article_modified_time":"2024-12-16T17:32:04+00:00","twitter_card":"summary_large_image","twitter_misc":{"Tempo estimado de leitura":"2 minutos"},"schema":{"@context":"https:\/\/schema.org","@graph":[{"@type":"WebPage","@id":"https:\/\/elfsight.com\/pt\/website-translator-widget\/iframe\/","url":"https:\/\/elfsight.com\/pt\/website-translator-widget\/iframe\/","name":"Widget tradutor de site - Incorporar alternador de idioma no iFrame","isPartOf":{"@id":"https:\/\/elfsight.com\/pt\/#website"},"datePublished":"2024-09-30T18:27:29+00:00","dateModified":"2024-12-16T17:32:04+00:00","description":"Adicione um widget de tradutor de sites integrado ao seu site iFrame. Utilize a demonstra\u00e7\u00e3o r\u00e1pida da Elfsight para criar facilmente a sua solu\u00e7\u00e3o \u00fanica.","breadcrumb":{"@id":"https:\/\/elfsight.com\/pt\/website-translator-widget\/iframe\/#breadcrumb"},"inLanguage":"pt-PT","potentialAction":[{"@type":"ReadAction","target":["https:\/\/elfsight.com\/pt\/website-translator-widget\/iframe\/"]}]},{"@type":"BreadcrumbList","@id":"https:\/\/elfsight.com\/pt\/website-translator-widget\/iframe\/#breadcrumb","itemListElement":[{"@type":"ListItem","position":1,"name":"Home","item":"https:\/\/elfsight.com\/pt\/"},{"@type":"ListItem","position":2,"name":"website translator &#8211; iframe"}]},{"@type":"WebSite","@id":"https:\/\/elfsight.com\/pt\/#website","url":"https:\/\/elfsight.com\/pt\/","name":"Elfsight PT","description":"Just another Elfsight Sites site","potentialAction":[{"@type":"SearchAction","target":{"@type":"EntryPoint","urlTemplate":"https:\/\/elfsight.com\/pt\/?s={search_term_string}"},"query-input":{"@type":"PropertyValueSpecification","valueRequired":true,"valueName":"search_term_string"}}],"inLanguage":"pt-PT"}]}},"meta_box":{"industry":"","seo_heading":"","heading":"","description":"","cta_heading":"","cta_description":"","application":"12670","h1":"Widget tradutor de sites iFrame","h1_caption":"Traduza automaticamente o conte\u00fado do seu site em v\u00e1rios idiomas, tornando-o acess\u00edvel a um p\u00fablico global em seu site iFrame sem esfor\u00e7o.","application_category":[],"applications_title":"","applications_request_title":"","applications_request_button_text":"","hero_text":"","hero_video":"","hero_video_schema_markup":"","selling_points_title":"","selling_points_caption":"","selling_points":[],"selling_points_cta_text":"","features_title":"","features":"","ed_cta_examples_text":"","ed_cta_examples_hidden":"","ed_cta_demo_text":"","ed_cta_demo_hidden":"","why_caption":"","why_editor_title":"","why_editor_text":"","why_team_title":"","why_team_text":"","why_service_title":"","why_service_text":"","template_catalog_visible":"","template_catalog_title":"","template_catalog_text":"","template_catalog_categories_visible":"","demo_title":"Crie seu widget Tradutor de site","demo_caption":"Configure seu tradutor de sites e adicione-o ao seu site iFrame gratuitamente!","default_faq_hidden":"","app_template_category":[],"platform":"4911","template_public_id":"","codecanyon_url":"","codecanyon_item_id":"","codecanyon_price":"","pricing_caption":"","pricing_elfsight_apps_hide_column":"","pricing_elfsight_apps_url":"","pricing_codecanyon_price_caption":"","integration_category":[],"integration_request_title":"","integration_request_cta":"","integration_platform":"","integrations":[],"platform_category":[],"video_schema_markup":"","price":"a partir de $ 0 \/ m\u00eas","trial":"","benefits":[{"text":"Servi\u00e7o de instala\u00e7\u00e3o gratuito"},{"text":"Atendimento ao cliente competente"},{"text":"Garantia de devolu\u00e7\u00e3o do dinheiro em 14 dias"},{"text":"Atualizando constantemente"}],"button_url":"#demo","button_target_blank":"","button_nofollow":"","attributes":[{"name":"Instalar","content":"50,000 - 100,000"},{"name":"Responsivo","content":"Sim"},{"name":"Navegadores compat\u00edveis","content":"Firefox, Safari, Opera, Chrome, Edge"}],"tags":[],"tags_disable_links":"","hide_more_platforms":"","video_object":"","demo_hide_cta":"","demo_hide_cloud_options":"","pricing_title":"","pricing":[{"pricing_icon":"platform","pricing_title":"Elfsight Apps","pricing_title_caption":"Vers\u00e3o independente de plataforma","pricing_price":"a partir de $ 0 \/ m\u00eas","pricing_price_caption":"comece com um plano gratuito","pricing_benefits":[{"text":"Sites ilimitados"},{"text":"Suporte r\u00e1pido da empresa e bem documentado"},{"text":"Ajuda de instala\u00e7\u00e3o gratuita"},{"text":"Design flex\u00edvel"}],"pricing_button_text":"Adicionar ao site","pricing_button_url":"#demo"}],"related_apps_title":"","related_apps_hidden":"","author":"","image":[],"title":"","job":"","social_networks":[]},"_links":{"self":[{"href":"https:\/\/elfsight.com\/pt\/wp-json\/wp\/v2\/pages\/13259","targetHints":{"allow":["GET"]}}],"collection":[{"href":"https:\/\/elfsight.com\/pt\/wp-json\/wp\/v2\/pages"}],"about":[{"href":"https:\/\/elfsight.com\/pt\/wp-json\/wp\/v2\/types\/page"}],"author":[{"embeddable":true,"href":"https:\/\/elfsight.com\/pt\/wp-json\/wp\/v2\/users\/9"}],"replies":[{"embeddable":true,"href":"https:\/\/elfsight.com\/pt\/wp-json\/wp\/v2\/comments?post=13259"}],"version-history":[{"count":1,"href":"https:\/\/elfsight.com\/pt\/wp-json\/wp\/v2\/pages\/13259\/revisions"}],"predecessor-version":[{"id":13263,"href":"https:\/\/elfsight.com\/pt\/wp-json\/wp\/v2\/pages\/13259\/revisions\/13263"}],"up":[{"embeddable":true,"href":"https:\/\/elfsight.com\/pt\/wp-json\/wp\/v2\/pages\/12676"}],"wp:attachment":[{"href":"https:\/\/elfsight.com\/pt\/wp-json\/wp\/v2\/media?parent=13259"}],"curies":[{"name":"wp","href":"https:\/\/api.w.org\/{rel}","templated":true}]}}