{"id":13253,"date":"2024-09-30T18:27:29","date_gmt":"2024-09-30T18:27:29","guid":{"rendered":"https:\/\/elfsight.com\/pt\/?page_id=13253"},"modified":"2024-12-16T17:31:54","modified_gmt":"2024-12-16T17:31:54","slug":"iframe","status":"publish","type":"page","link":"https:\/\/elfsight.com\/pt\/appointment-booking-widget\/iframe\/","title":{"rendered":"appointment booking &#8211; iframe"},"content":{"rendered":"<div class=\"application-platform-content-item-description application-platform-content-item\" id=\"description\" data-nav-section=\"description\"><h2>Incorpore a marca\u00e7\u00e3o de compromissos no iFrame com o widget Elfsight!<\/h2> <p>O widget Reserva de compromissos est\u00e1 dispon\u00edvel para ajudar potenciais clientes a garantir o tempo slots convenientemente em seu site iFrame, minimizando o esfor\u00e7o manual &#8211; como monitorar constantemente mensagens, chamadas e e-mails &#8211; de voc\u00ea. Funciona como um assistente dedicado que funciona 24 horas por dia, 7 dias por semana, que envia alertas automatizados e pode ser conectado a integra\u00e7\u00f5es especializadas, como o Google Agenda.<\/p> <p>Agora \u00e9 o momento ideal para contar mais sobre seu servi\u00e7o ou ocasi\u00e3o, especificar o dura\u00e7\u00e3o, compartilhe informa\u00e7\u00f5es de contato e decida o pre\u00e7o para agilizar o processo de tomada de decis\u00e3o dos clientes. Al\u00e9m disso, personalize a apar\u00eancia do widget ajustando elementos e recursos personalizados sem a necessidade de aprimorar a profici\u00eancia de codifica\u00e7\u00e3o ou contratar um desenvolvedor!<\/p> <p><b>Permita que seu neg\u00f3cio arrase e seja acess\u00edvel a uma base de clientes mais ampla com servi\u00e7os on-line agendamento de compromissos em seu site!<\/b><\/p> <\/div> <div class=\"application-platform-content-item-features application-platform-content-item\" id=\"features\" data-nav-section=\"features\"> <h2>Confira a lista dos recursos mais \u00fateis:<\/h2> <ul><li> Forne\u00e7a uma descri\u00e7\u00e3o precisa do seu servi\u00e7o (nome, detalhes, foto e dura\u00e7\u00e3o) e defina os pre\u00e7os em diversas moedas.<\/li><li>Envie alertas autom\u00e1ticos para verificar os slots reservados para os clientes e para voc\u00ea mesmo.<\/li> <li>Sincronize o widget com servi\u00e7os externos, como o Google Agenda, para permanecer sempre atualizado.<\/li><li>Apresente suas informa\u00e7\u00f5es de contato comercial para dar credibilidade e permitir que os usu\u00e1rios entrem em contato em caso de ocorr\u00eancias imprevistas.<\/li><li>Op\u00e7\u00f5es f\u00e1ceis de personaliza\u00e7\u00e3o sem necessidade de escrever c\u00f3digo: modelos prontos para uso, cores, layouts elegantes, fontes, editor CSS personalizado, editor JS personalizado e muito mais.<\/li><\/ul><p><a href=\"#demo\">Voc\u00ea pode ver se o widget \u00e9 para voc\u00ea usando a demonstra\u00e7\u00e3o<\/a><\/p> <\/div> <div class=\"application-platform-content-item-installation application-platform-content-item\" id=\"installation\" data-nav-section=\"installation\"> <h2>Como posso adicionar o agendamento de compromisso ao meu site iFrame?<\/h2> <p>Se voc\u00ea deseja incorporar o Agendamento de compromissos em seu site iFrame, siga os seguintes passos:<\/p> <ol><li><b>Utilize nossa demonstra\u00e7\u00e3o gratuita e comece formando o seu widget exclusivo de feed do LinkedIn.<\/b><br> Escolha a forma e as op\u00e7\u00f5es preferidas da ferramenta e salve as edi\u00e7\u00f5es.<\/li> <li><b>Adquira seu c\u00f3digo pessoal que aparece na janela dos aplicativos Elfsight. <\/b><br> Assim que terminar a gera\u00e7\u00e3o de sua ferramenta pessoal, copie o c\u00f3digo exclusivo na janela que aparece e salve-o para ocasi\u00f5es posteriores.<\/li> <li><b>Entre usando o plugin em seu site iFrame.<\/b><br> Coloque o c\u00f3digo copiado recentemente em seu site e aplique as corre\u00e7\u00f5es.<\/li> <li><b>A configura\u00e7\u00e3o foi totalmente finalizada.<\/b><br> V\u00e1 para seu site para examinar como o plug-in funciona.<\/li><\/ol> <p>Se voc\u00ea tiver alguma complica\u00e7\u00e3o, sinta-se \u00e0 vontade para entrar em contato com nossa equipe de atendimento ao cliente. Nosso pessoal ficar\u00e1 animado para resolver todos os problemas que voc\u00ea possa ter com a ferramenta.<\/p> <\/div> ","protected":false},"excerpt":{"rendered":"","protected":false},"author":9,"featured_media":0,"parent":13003,"menu_order":0,"comment_status":"closed","ping_status":"closed","template":"templates\/template-application-platform.php","meta":{"publish_to_discourse":"","publish_post_category":"","wpdc_auto_publish_overridden":"","wpdc_topic_tags":"","wpdc_pin_topic":"","wpdc_pin_until":"","discourse_post_id":"","discourse_permalink":"","wpdc_publishing_response":"","wpdc_publishing_error":"","footnotes":""},"class_list":["post-13253","page","type-page","status-publish","hentry"],"yoast_head":"<!-- This site is optimized with the Yoast SEO plugin v25.3.1 - https:\/\/yoast.com\/wordpress\/plugins\/seo\/ -->\n<title>Widget de reserva de compromisso \u2013 Incorporar reserva no site iFrame<\/title>\n<meta name=\"description\" content=\"Adicione um aplicativo de reserva de compromissos sem codifica\u00e7\u00e3o ao site iFrame e permita que os clientes reservem vagas com apenas alguns cliques!\" \/>\n<meta name=\"robots\" content=\"index, follow, max-snippet:-1, max-image-preview:large, max-video-preview:-1\" \/>\n<link rel=\"canonical\" href=\"https:\/\/elfsight.com\/pt\/appointment-booking-widget\/iframe\/\" \/>\n<meta property=\"og:locale\" content=\"pt_PT\" \/>\n<meta property=\"og:type\" content=\"article\" \/>\n<meta property=\"og:title\" content=\"Widget de reserva de compromisso \u2013 Incorporar reserva no site iFrame\" \/>\n<meta property=\"og:description\" content=\"Adicione um aplicativo de reserva de compromissos sem codifica\u00e7\u00e3o ao site iFrame e permita que os clientes reservem vagas com apenas alguns cliques!\" \/>\n<meta property=\"og:url\" content=\"https:\/\/elfsight.com\/pt\/appointment-booking-widget\/iframe\/\" \/>\n<meta property=\"og:site_name\" content=\"Elfsight PT\" \/>\n<meta property=\"article:modified_time\" content=\"2024-12-16T17:31:54+00:00\" \/>\n<meta name=\"twitter:card\" content=\"summary_large_image\" \/>\n<meta name=\"twitter:label1\" content=\"Tempo estimado de leitura\" \/>\n\t<meta name=\"twitter:data1\" content=\"3 minutos\" \/>\n<!-- \/ Yoast SEO plugin. -->","yoast_head_json":{"title":"Widget de reserva de compromisso \u2013 Incorporar reserva no site iFrame","description":"Adicione um aplicativo de reserva de compromissos sem codifica\u00e7\u00e3o ao site iFrame e permita que os clientes reservem vagas com apenas alguns cliques!","robots":{"index":"index","follow":"follow","max-snippet":"max-snippet:-1","max-image-preview":"max-image-preview:large","max-video-preview":"max-video-preview:-1"},"canonical":"https:\/\/elfsight.com\/pt\/appointment-booking-widget\/iframe\/","og_locale":"pt_PT","og_type":"article","og_title":"Widget de reserva de compromisso \u2013 Incorporar reserva no site iFrame","og_description":"Adicione um aplicativo de reserva de compromissos sem codifica\u00e7\u00e3o ao site iFrame e permita que os clientes reservem vagas com apenas alguns cliques!","og_url":"https:\/\/elfsight.com\/pt\/appointment-booking-widget\/iframe\/","og_site_name":"Elfsight PT","article_modified_time":"2024-12-16T17:31:54+00:00","twitter_card":"summary_large_image","twitter_misc":{"Tempo estimado de leitura":"3 minutos"},"schema":{"@context":"https:\/\/schema.org","@graph":[{"@type":"WebPage","@id":"https:\/\/elfsight.com\/pt\/appointment-booking-widget\/iframe\/","url":"https:\/\/elfsight.com\/pt\/appointment-booking-widget\/iframe\/","name":"Widget de reserva de compromisso \u2013 Incorporar reserva no site iFrame","isPartOf":{"@id":"https:\/\/elfsight.com\/pt\/#website"},"datePublished":"2024-09-30T18:27:29+00:00","dateModified":"2024-12-16T17:31:54+00:00","description":"Adicione um aplicativo de reserva de compromissos sem codifica\u00e7\u00e3o ao site iFrame e permita que os clientes reservem vagas com apenas alguns cliques!","breadcrumb":{"@id":"https:\/\/elfsight.com\/pt\/appointment-booking-widget\/iframe\/#breadcrumb"},"inLanguage":"pt-PT","potentialAction":[{"@type":"ReadAction","target":["https:\/\/elfsight.com\/pt\/appointment-booking-widget\/iframe\/"]}]},{"@type":"BreadcrumbList","@id":"https:\/\/elfsight.com\/pt\/appointment-booking-widget\/iframe\/#breadcrumb","itemListElement":[{"@type":"ListItem","position":1,"name":"Home","item":"https:\/\/elfsight.com\/pt\/"},{"@type":"ListItem","position":2,"name":"appointment booking &#8211; iframe"}]},{"@type":"WebSite","@id":"https:\/\/elfsight.com\/pt\/#website","url":"https:\/\/elfsight.com\/pt\/","name":"Elfsight PT","description":"Just another Elfsight Sites site","potentialAction":[{"@type":"SearchAction","target":{"@type":"EntryPoint","urlTemplate":"https:\/\/elfsight.com\/pt\/?s={search_term_string}"},"query-input":{"@type":"PropertyValueSpecification","valueRequired":true,"valueName":"search_term_string"}}],"inLanguage":"pt-PT"}]}},"meta_box":{"industry":"","seo_heading":"","heading":"","description":"","cta_heading":"","cta_description":"","application":"13002","h1":"Widget de reserva de compromisso iFrame","h1_caption":"Permita que os usu\u00e1rios agendem compromissos facilmente diretamente do seu site iFrame, aumentando a conveni\u00eancia e agilizando o processo de reserva.","application_category":[],"applications_title":"","applications_request_title":"","applications_request_button_text":"","hero_text":"","hero_video":"","hero_video_schema_markup":"","selling_points_title":"","selling_points_caption":"","selling_points":[],"selling_points_cta_text":"","features_title":"","features":"","ed_cta_examples_text":"","ed_cta_examples_hidden":"","ed_cta_demo_text":"","ed_cta_demo_hidden":"","why_caption":"","why_editor_title":"","why_editor_text":"","why_team_title":"","why_team_text":"","why_service_title":"","why_service_text":"","template_catalog_visible":"","template_catalog_title":"","template_catalog_text":"","template_catalog_categories_visible":"","demo_title":"Crie seu widget de reserva de compromisso","demo_caption":"Configure sua marca\u00e7\u00e3o de consulta e adicione-a ao seu site iFrame gratuitamente!","default_faq_hidden":"","app_template_category":[],"platform":"4911","template_public_id":"","codecanyon_url":"","codecanyon_item_id":"","codecanyon_price":"","pricing_caption":"","pricing_elfsight_apps_hide_column":"","pricing_elfsight_apps_url":"","pricing_codecanyon_price_caption":"","integration_category":[],"integration_request_title":"","integration_request_cta":"","integration_platform":"","integrations":[],"platform_category":[],"video_schema_markup":"","price":"a partir de $ 0 \/ m\u00eas","trial":"","benefits":[{"text":"Ajuda de instala\u00e7\u00e3o gratuita"},{"text":"Atendimento ao cliente profissional"},{"text":"Garantia de reembolso de 14 dias"},{"text":"Atualiza\u00e7\u00f5es cont\u00ednuas"}],"button_url":"#demo","button_target_blank":"","button_nofollow":"","attributes":[{"name":"Instala\u00e7\u00f5es","content":"1,000 - 5,000"},{"name":"Responsivo","content":"Sim"},{"name":"Navegadores compat\u00edveis","content":"Firefox, Safari, Opera, Chrome, Edge"}],"tags":[],"tags_disable_links":"","hide_more_platforms":"","video_object":"","demo_hide_cta":"","demo_hide_cloud_options":"","pricing_title":"","pricing":[{"pricing_icon":"platform","pricing_title":"Elfsight Apps","pricing_title_caption":"Vers\u00e3o independente de plataforma que se adapta a qualquer site","pricing_price":"A partir de $ 0 \/ m\u00eas","pricing_price_caption":"Comece com um plano gratuito","pricing_benefits":[{"text":"Sites ilimitados"},{"text":"Suporte dedicado"},{"text":"Suporte de instala\u00e7\u00e3o gratuito"},{"text":"Design flex\u00edvel"}],"pricing_button_text":"Adicionar ao site","pricing_button_url":"#demo"}],"related_apps_title":"","related_apps_hidden":"","author":"","image":[],"title":"","job":"","social_networks":[]},"_links":{"self":[{"href":"https:\/\/elfsight.com\/pt\/wp-json\/wp\/v2\/pages\/13253","targetHints":{"allow":["GET"]}}],"collection":[{"href":"https:\/\/elfsight.com\/pt\/wp-json\/wp\/v2\/pages"}],"about":[{"href":"https:\/\/elfsight.com\/pt\/wp-json\/wp\/v2\/types\/page"}],"author":[{"embeddable":true,"href":"https:\/\/elfsight.com\/pt\/wp-json\/wp\/v2\/users\/9"}],"replies":[{"embeddable":true,"href":"https:\/\/elfsight.com\/pt\/wp-json\/wp\/v2\/comments?post=13253"}],"version-history":[{"count":1,"href":"https:\/\/elfsight.com\/pt\/wp-json\/wp\/v2\/pages\/13253\/revisions"}],"predecessor-version":[{"id":13257,"href":"https:\/\/elfsight.com\/pt\/wp-json\/wp\/v2\/pages\/13253\/revisions\/13257"}],"up":[{"embeddable":true,"href":"https:\/\/elfsight.com\/pt\/wp-json\/wp\/v2\/pages\/13003"}],"wp:attachment":[{"href":"https:\/\/elfsight.com\/pt\/wp-json\/wp\/v2\/media?parent=13253"}],"curies":[{"name":"wp","href":"https:\/\/api.w.org\/{rel}","templated":true}]}}