{"id":13246,"date":"2024-09-30T18:27:29","date_gmt":"2024-09-30T18:27:29","guid":{"rendered":"https:\/\/elfsight.com\/pt\/?page_id=13246"},"modified":"2025-03-04T04:29:04","modified_gmt":"2025-03-04T04:29:04","slug":"joomla","status":"publish","type":"page","link":"https:\/\/elfsight.com\/pt\/appointment-booking-widget\/joomla\/","title":{"rendered":"appointment booking &#8211; joomla"},"content":{"rendered":"\n<div class=\"application-platform-content-item-description application-platform-content-item\" id=\"description\" data-nav-section=\"description\"><h2>Incorpore o agendamento de compromissos no Joomla com a extens\u00e3o Elfsight!<\/h2> <p>A extens\u00e3o de agendamento de compromissos est\u00e1 \u00e0 sua disposi\u00e7\u00e3o para ajudar clientes em potencial reserve hor\u00e1rios convenientemente em seu site Joomla, reduzindo o trabalho manual \u2013 como monitorar constantemente mensagens, chamadas e e-mails \u2013 de voc\u00ea. Funciona como uma recepcionista virtual trabalhando 24 horas por dia, 7 dias por semana, que envia alertas automatizados e pode ser conectada a aplicativos de terceiros, como o Google Agenda.<\/p> <p>Agora \u00e9 o momento de se aprofundar no seu servi\u00e7o ou evento, especifique a dura\u00e7\u00e3o, divulgar informa\u00e7\u00f5es de contato e definir o pre\u00e7o para facilitar aos clientes a tomada de decis\u00f5es informadas. Al\u00e9m disso, personalize a est\u00e9tica visual da extens\u00e3o ajustando elementos e recursos personalizados sem a necessidade de aperfei\u00e7oar as habilidades de programa\u00e7\u00e3o ou recrutar um desenvolvedor!<\/p> <p><b>Permita que seu neg\u00f3cio prospere e se torne acess\u00edvel a todos. potencial patrono com agendamento on-line para compromissos em seu site!<\/b><\/p> <\/div> <div class=\"application-platform-content-item-features application-platform-content-item\" id=\"features\" data-nav-section=\"features\"> <h2>Oferecemos recursos pr\u00e1ticos e f\u00e1ceis, aqui est\u00e3o alguns deles:<\/h2> <ul><li>Ofere\u00e7a uma descri\u00e7\u00e3o precisa do seu servi\u00e7o (nome, detalhes, foto e dura\u00e7\u00e3o) e configure os pre\u00e7os em diferentes moedas.<\/li><li>Envie alertas automatizados para validar os hor\u00e1rios agendados aos clientes e voc\u00ea mesmo.<\/li><li>Sincronize o widget com servi\u00e7os de terceiros, como o Google Agenda, para garantir relev\u00e2ncia em tempo real.<\/li><li>Compartilhe os detalhes de contato da sua empresa como valida\u00e7\u00e3o social e permita que os usu\u00e1rios entrem toque em caso de cen\u00e1rios imprevistos.<\/li><li>Op\u00e7\u00f5es f\u00e1ceis de personaliza\u00e7\u00e3o sem necessidade de escrever c\u00f3digo: modelos prontos para usar, cores, designs de layout, fontes, editor CSS personalizado, editor JS personalizado, etc.<\/li><\/ul><p><a href=\"#demo\">Basta experimentar esta demonstra\u00e7\u00e3o para ter uma ideia completa<\/a><\/p> <\/div> <div class=\"application-platform-content-item-installation application-platform-content-item\" id=\"installation\" data-nav-section=\"installation\"> <h2>Como posso adicionar o agendamento de compromissos ao meu site Joomla?<\/h2> <p>Se voc\u00ea deseja incorporar o agendamento de compromissos em seu site Joomla, siga as etapas abaixo:<\/p> <ol><li><b>Abra nossa demonstra\u00e7\u00e3o gratuita e comece a criar seu widget de feed do LinkedIn personalizado.<\/b><br> Especifique a forma e a funcionalidade preferidas do widget e aplique as modifica\u00e7\u00f5es.<\/li> <li><b>Receba seu c\u00f3digo pessoal exposto no formul\u00e1rio especial nas aplica\u00e7\u00f5es Elfsight.<\/b><br> Assim que a configura\u00e7\u00e3o da sua ferramenta estiver conclu\u00edda, copie o c\u00f3digo pessoal da caixa que surgiu e guarde-o para utiliza\u00e7\u00e3o posterior.<\/li> <li><b>Inicie a utiliza\u00e7\u00e3o da ferramenta em seu site Joomla.<\/b><br> Coloque o c\u00f3digo que voc\u00ea copiou recentemente em seu site e aplique as modifica\u00e7\u00f5es.<\/li> <li><b>A configura\u00e7\u00e3o est\u00e1 totalmente realizada.<\/b><br> Acesse seu site para ver em a\u00e7\u00e3o como o widget est\u00e1 funcionando.<\/li><\/ol> <p>Se voc\u00ea encontrar algum problema, entre em contato com nossa equipe de suporte. Nossos consultores ter\u00e3o prazer em ajud\u00e1-lo com todas as d\u00favidas que voc\u00ea possa ter sobre a ferramenta.<\/p> <\/div>\n","protected":false},"excerpt":{"rendered":"","protected":false},"author":9,"featured_media":0,"parent":13003,"menu_order":0,"comment_status":"closed","ping_status":"closed","template":"templates\/template-application-platform.php","meta":{"publish_to_discourse":"","publish_post_category":"","wpdc_auto_publish_overridden":"","wpdc_topic_tags":"","wpdc_pin_topic":"","wpdc_pin_until":"","discourse_post_id":"","discourse_permalink":"","wpdc_publishing_response":"","wpdc_publishing_error":"","footnotes":""},"class_list":["post-13246","page","type-page","status-publish","hentry"],"yoast_head":"<!-- This site is optimized with the Yoast SEO plugin v25.3.1 - https:\/\/yoast.com\/wordpress\/plugins\/seo\/ -->\n<title>Widget de reserva de compromissos \u2013 Incorporar reserva no site Joomla<\/title>\n<meta name=\"description\" content=\"Adicione um aplicativo de reserva de compromissos sem codifica\u00e7\u00e3o ao site Joomla e permita que os clientes reservem vagas com apenas alguns cliques!\" \/>\n<meta name=\"robots\" content=\"index, follow, max-snippet:-1, max-image-preview:large, max-video-preview:-1\" \/>\n<link rel=\"canonical\" href=\"https:\/\/elfsight.com\/pt\/appointment-booking-widget\/joomla\/\" \/>\n<meta property=\"og:locale\" content=\"pt_PT\" \/>\n<meta property=\"og:type\" content=\"article\" \/>\n<meta property=\"og:title\" content=\"Widget de reserva de compromissos \u2013 Incorporar reserva no site Joomla\" \/>\n<meta property=\"og:description\" content=\"Adicione um aplicativo de reserva de compromissos sem codifica\u00e7\u00e3o ao site Joomla e permita que os clientes reservem vagas com apenas alguns cliques!\" \/>\n<meta property=\"og:url\" content=\"https:\/\/elfsight.com\/pt\/appointment-booking-widget\/joomla\/\" \/>\n<meta property=\"og:site_name\" content=\"Elfsight PT\" \/>\n<meta property=\"article:modified_time\" content=\"2025-03-04T04:29:04+00:00\" \/>\n<meta name=\"twitter:card\" content=\"summary_large_image\" \/>\n<meta name=\"twitter:label1\" content=\"Tempo estimado de leitura\" \/>\n\t<meta name=\"twitter:data1\" content=\"3 minutos\" \/>\n<!-- \/ Yoast SEO plugin. -->","yoast_head_json":{"title":"Widget de reserva de compromissos \u2013 Incorporar reserva no site Joomla","description":"Adicione um aplicativo de reserva de compromissos sem codifica\u00e7\u00e3o ao site Joomla e permita que os clientes reservem vagas com apenas alguns cliques!","robots":{"index":"index","follow":"follow","max-snippet":"max-snippet:-1","max-image-preview":"max-image-preview:large","max-video-preview":"max-video-preview:-1"},"canonical":"https:\/\/elfsight.com\/pt\/appointment-booking-widget\/joomla\/","og_locale":"pt_PT","og_type":"article","og_title":"Widget de reserva de compromissos \u2013 Incorporar reserva no site Joomla","og_description":"Adicione um aplicativo de reserva de compromissos sem codifica\u00e7\u00e3o ao site Joomla e permita que os clientes reservem vagas com apenas alguns cliques!","og_url":"https:\/\/elfsight.com\/pt\/appointment-booking-widget\/joomla\/","og_site_name":"Elfsight PT","article_modified_time":"2025-03-04T04:29:04+00:00","twitter_card":"summary_large_image","twitter_misc":{"Tempo estimado de leitura":"3 minutos"},"schema":{"@context":"https:\/\/schema.org","@graph":[{"@type":"WebPage","@id":"https:\/\/elfsight.com\/pt\/appointment-booking-widget\/joomla\/","url":"https:\/\/elfsight.com\/pt\/appointment-booking-widget\/joomla\/","name":"Widget de reserva de compromissos \u2013 Incorporar reserva no site Joomla","isPartOf":{"@id":"https:\/\/elfsight.com\/pt\/#website"},"datePublished":"2024-09-30T18:27:29+00:00","dateModified":"2025-03-04T04:29:04+00:00","description":"Adicione um aplicativo de reserva de compromissos sem codifica\u00e7\u00e3o ao site Joomla e permita que os clientes reservem vagas com apenas alguns cliques!","breadcrumb":{"@id":"https:\/\/elfsight.com\/pt\/appointment-booking-widget\/joomla\/#breadcrumb"},"inLanguage":"pt-PT","potentialAction":[{"@type":"ReadAction","target":["https:\/\/elfsight.com\/pt\/appointment-booking-widget\/joomla\/"]}]},{"@type":"BreadcrumbList","@id":"https:\/\/elfsight.com\/pt\/appointment-booking-widget\/joomla\/#breadcrumb","itemListElement":[{"@type":"ListItem","position":1,"name":"Home","item":"https:\/\/elfsight.com\/pt\/"},{"@type":"ListItem","position":2,"name":"Appointment Booking","item":"https:\/\/elfsight.com\/pt\/appointment-booking-widget\/"},{"@type":"ListItem","position":3,"name":"appointment booking &#8211; joomla"}]},{"@type":"WebSite","@id":"https:\/\/elfsight.com\/pt\/#website","url":"https:\/\/elfsight.com\/pt\/","name":"Elfsight PT","description":"Just another Elfsight Sites site","potentialAction":[{"@type":"SearchAction","target":{"@type":"EntryPoint","urlTemplate":"https:\/\/elfsight.com\/pt\/?s={search_term_string}"},"query-input":{"@type":"PropertyValueSpecification","valueRequired":true,"valueName":"search_term_string"}}],"inLanguage":"pt-PT"}]}},"meta_box":{"industry":"","seo_heading":"","heading":"","description":"","cta_heading":"","cta_description":"","application":"13002","h1":"Extens\u00e3o de reserva de compromissos Joomla","h1_caption":"Permita que os usu\u00e1rios agendem compromissos facilmente diretamente do seu site Joomla, aumentando a conveni\u00eancia e agilizando o processo de reserva.","application_category":[],"applications_title":"","applications_request_title":"","applications_request_button_text":"","hero_text":"","hero_video":"","hero_video_schema_markup":"","selling_points_title":"","selling_points_caption":"","selling_points":[],"selling_points_cta_text":"","features_title":"","features":"","ed_cta_examples_text":"","ed_cta_examples_hidden":"","ed_cta_demo_text":"","ed_cta_demo_hidden":"","why_caption":"","why_editor_title":"","why_editor_text":"","why_team_title":"","why_team_text":"","why_service_title":"","why_service_text":"","template_catalog_visible":"0","template_catalog_title":"","template_catalog_text":"","template_catalog_categories_visible":"","demo_title":"Crie seu plugin de reserva de compromisso","demo_caption":"Configure sua marca\u00e7\u00e3o de consulta e adicione-a ao seu site Joomla gratuitamente!","default_faq_hidden":"","app_template_category":[],"platform":"52","template_public_id":"","codecanyon_url":"","codecanyon_item_id":"","codecanyon_price":"","pricing_caption":"","pricing_elfsight_apps_hide_column":"","pricing_elfsight_apps_url":"","pricing_codecanyon_price_caption":"","integration_category":[],"integration_request_title":"","integration_request_cta":"","integration_platform":"","integrations":[],"platform_category":[],"video_schema_markup":"","price":"a partir de $ 0 \/ m\u00eas","trial":"","benefits":[{"text":"Servi\u00e7o de instala\u00e7\u00e3o gratuito"},{"text":"Suporte premium"},{"text":"Garantia de devolu\u00e7\u00e3o do dinheiro em 14 dias"},{"text":"Desenvolvimento cont\u00ednuo"}],"button_url":"#demo","button_target_blank":"0","button_nofollow":"0","attributes":[{"name":"Instala\u00e7\u00f5es","content":"1,000 - 5,000"},{"name":"Responsivo","content":"Sim"},{"name":"Navegadores compat\u00edveis","content":"Firefox, Safari, Opera, Chrome, Edge"}],"tags":[],"tags_disable_links":"0","hide_more_platforms":"0","video_object":"","demo_hide_cta":"0","demo_hide_cloud_options":"0","pricing_title":"","pricing":[{"pricing_icon":"platform","pricing_title":"Elfsight Apps","pricing_title_caption":"Vers\u00e3o multiplataforma que funciona em qualquer site","pricing_price":"A partir de $ 0 \/ m\u00eas","pricing_price_caption":"Comece com um plano gratuito","pricing_benefits":[{"text":"Sites ilimitados"},{"text":"Suporte 24 horas por dia, 7 dias por semana e pontual"},{"text":"Ajuda de instala\u00e7\u00e3o gratuita"},{"text":"Design flex\u00edvel"}],"pricing_button_text":"Adicionar ao site","pricing_button_url":"#demo"}],"related_apps_title":"","related_apps_hidden":"0","author":"","image":[],"title":"","job":"","social_networks":[]},"_links":{"self":[{"href":"https:\/\/elfsight.com\/pt\/wp-json\/wp\/v2\/pages\/13246","targetHints":{"allow":["GET"]}}],"collection":[{"href":"https:\/\/elfsight.com\/pt\/wp-json\/wp\/v2\/pages"}],"about":[{"href":"https:\/\/elfsight.com\/pt\/wp-json\/wp\/v2\/types\/page"}],"author":[{"embeddable":true,"href":"https:\/\/elfsight.com\/pt\/wp-json\/wp\/v2\/users\/9"}],"replies":[{"embeddable":true,"href":"https:\/\/elfsight.com\/pt\/wp-json\/wp\/v2\/comments?post=13246"}],"version-history":[{"count":2,"href":"https:\/\/elfsight.com\/pt\/wp-json\/wp\/v2\/pages\/13246\/revisions"}],"predecessor-version":[{"id":14207,"href":"https:\/\/elfsight.com\/pt\/wp-json\/wp\/v2\/pages\/13246\/revisions\/14207"}],"up":[{"embeddable":true,"href":"https:\/\/elfsight.com\/pt\/wp-json\/wp\/v2\/pages\/13003"}],"wp:attachment":[{"href":"https:\/\/elfsight.com\/pt\/wp-json\/wp\/v2\/media?parent=13246"}],"curies":[{"name":"wp","href":"https:\/\/api.w.org\/{rel}","templated":true}]}}