{"id":13243,"date":"2024-09-30T18:27:29","date_gmt":"2024-09-30T18:27:29","guid":{"rendered":"https:\/\/elfsight.com\/pt\/?page_id=13243"},"modified":"2024-12-16T17:31:45","modified_gmt":"2024-12-16T17:31:45","slug":"facebook","status":"publish","type":"page","link":"https:\/\/elfsight.com\/pt\/website-translator-widget\/facebook\/","title":{"rendered":"website translator &#8211; facebook page"},"content":{"rendered":"<div class=\"application-platform-content-item-description application-platform-content-item\" id=\"description\" data-nav-section=\"description\"> <h2>Incorpore o tradutor de sites na p\u00e1gina do Facebook com um plugin da Elfsight<\/h2> <p>Uma ideia \u00fatil para impulsionar o desempenho online do seu neg\u00f3cio e atrair um o p\u00fablico global est\u00e1 usando nosso widget Tradutor de site para p\u00e1gina do Facebook. Ao traduzir perfeitamente o conte\u00fado do seu site, este widget garante que sua mensagem ressoe entre visitantes de diferentes origens lingu\u00edsticas, ajudando a lidar com as barreiras lingu\u00edsticas e a expandir seu alcance de mercado. <\/p><p>Nosso tradutor de sites oferece tradu\u00e7\u00e3o autom\u00e1tica instant\u00e2nea de sites com tecnologia Google AI, mantendo mais de 130 idiomas. Ele lembra as escolhas de idioma do usu\u00e1rio, permitindo uma experi\u00eancia de navega\u00e7\u00e3o individual que mant\u00e9m os visitantes envolvidos. Globalize perfeitamente o site da sua p\u00e1gina do Facebook e conecte-se com v\u00e1rios p\u00fablicos por meio da tecnologia de tradu\u00e7\u00e3o avan\u00e7ada. <\/p><p><b>Promova seus produtos e servi\u00e7os em todo o mundo com o widget de troca de idioma orientado ao cliente! <\/b><\/p><\/div> <div class=\"application-platform-content-item-features application-platform-content-item\" id=\"features\" data-nav-section=\"features\"> <h2>Estes s\u00e3o apenas alguns dos amplos recursos do widget: <\/h2><ul><li>Tradu\u00e7\u00e3o autom\u00e1tica instant\u00e2nea de sites<\/li><li>Tradu\u00e7\u00e3o com tecnologia de IA do Google<\/li><li>Manuten\u00e7\u00e3o de mais de 130 idiomas<\/li><li>Salvar prefer\u00eancias do usu\u00e1rio<\/li><li>V\u00e1rios widgets predefinidos estilos<\/li><\/ul><p><a href=\"#demo\">Voc\u00ea pode explorar como o widget funciona com a ajuda da demonstra\u00e7\u00e3o<\/a><\/p><\/div> <div class=\"application-platform-content-item-instala\u00e7\u00e3o application-platform-content-item\" id=\"instala\u00e7\u00e3o\" data-nav-section=\"instala\u00e7\u00e3o\"> <h2>Como incorporar o Website Translator na plataforma da minha p\u00e1gina do Facebook? <\/h2><div class=\"tip-yellow tip\"><b>Devido \u00e0s mudan\u00e7as recentes no Facebook e \u00e0 transi\u00e7\u00e3o para a Nova Experi\u00eancia de P\u00e1gina, o uso atualmente s\u00f3 \u00e9 poss\u00edvel adicionando um link direto ao widget. Estamos procurando ativamente por uma solu\u00e7\u00e3o e atualizaremos a configura\u00e7\u00e3o da p\u00e1gina do Facebook assim que encontrarmos uma solu\u00e7\u00e3o.<\/b><\/div><p>Basta seguir algumas etapas descritas abaixo para come\u00e7ar a trabalhar com a ferramenta. <\/p><ol><li><b>Utilize nossa demonstra\u00e7\u00e3o gratuita e comece a criar seu widget personalizado. <\/b><br>Determine a apar\u00eancia e os par\u00e2metros preferidos da ferramenta e aplique as edi\u00e7\u00f5es. <\/li> <li><b>Obtenha o c\u00f3digo pessoal que aparece na caixa dos aplicativos Elfsight. <\/b><br>Depois que a configura\u00e7\u00e3o do seu widget pessoal for conclu\u00edda, copie o c\u00f3digo individual na caixa exibida e salve-o para ocasi\u00f5es futuras. <\/li> <li><b>Inscreva-se usando a ferramenta no site da sua p\u00e1gina do Facebook. <\/b><br>Cole o c\u00f3digo que voc\u00ea salvou anteriormente em sua p\u00e1gina da web e aplique as edi\u00e7\u00f5es. <\/li> <li><b>A instala\u00e7\u00e3o foi finalizada com sucesso. <\/b><br>Visite sua p\u00e1gina da web para observar como o widget est\u00e1 funcionando. <\/li><\/ol><p>Se voc\u00ea enfrentar alguma complica\u00e7\u00e3o, n\u00e3o hesite em entrar em contato com nossa equipe de suporte. Nossos especialistas ter\u00e3o prazer em resolver todas as dificuldades que voc\u00ea possa ter com a ferramenta. <\/p><\/div>","protected":false},"excerpt":{"rendered":"","protected":false},"author":9,"featured_media":0,"parent":12676,"menu_order":0,"comment_status":"closed","ping_status":"closed","template":"templates\/template-application-platform.php","meta":{"publish_to_discourse":"","publish_post_category":"","wpdc_auto_publish_overridden":"","wpdc_topic_tags":"","wpdc_pin_topic":"","wpdc_pin_until":"","discourse_post_id":"","discourse_permalink":"","wpdc_publishing_response":"","wpdc_publishing_error":"","footnotes":""},"class_list":["post-13243","page","type-page","status-publish","hentry"],"yoast_head":"<!-- This site is optimized with the Yoast SEO plugin v25.3.1 - https:\/\/yoast.com\/wordpress\/plugins\/seo\/ -->\n<title>Widget tradutor de site - incorporar tradutor gratuito para Facebook<\/title>\n<meta name=\"description\" content=\"Adicione um widget Tradutor de site sem c\u00f3digo ao site da sua p\u00e1gina do Facebook. Utilize a demonstra\u00e7\u00e3o online da Elfsight para gerar facilmente a sua solu\u00e7\u00e3o individual.\" \/>\n<meta name=\"robots\" content=\"index, follow, max-snippet:-1, max-image-preview:large, max-video-preview:-1\" \/>\n<link rel=\"canonical\" href=\"https:\/\/elfsight.com\/pt\/website-translator-widget\/facebook\/\" \/>\n<meta property=\"og:locale\" content=\"pt_PT\" \/>\n<meta property=\"og:type\" content=\"article\" \/>\n<meta property=\"og:title\" content=\"Widget tradutor de site - incorporar tradutor gratuito para Facebook\" \/>\n<meta property=\"og:description\" content=\"Adicione um widget Tradutor de site sem c\u00f3digo ao site da sua p\u00e1gina do Facebook. Utilize a demonstra\u00e7\u00e3o online da Elfsight para gerar facilmente a sua solu\u00e7\u00e3o individual.\" \/>\n<meta property=\"og:url\" content=\"https:\/\/elfsight.com\/pt\/website-translator-widget\/facebook\/\" \/>\n<meta property=\"og:site_name\" content=\"Elfsight PT\" \/>\n<meta property=\"article:modified_time\" content=\"2024-12-16T17:31:45+00:00\" \/>\n<meta name=\"twitter:card\" content=\"summary_large_image\" \/>\n<meta name=\"twitter:label1\" content=\"Tempo estimado de leitura\" \/>\n\t<meta name=\"twitter:data1\" content=\"2 minutos\" \/>\n<!-- \/ Yoast SEO plugin. -->","yoast_head_json":{"title":"Widget tradutor de site - incorporar tradutor gratuito para Facebook","description":"Adicione um widget Tradutor de site sem c\u00f3digo ao site da sua p\u00e1gina do Facebook. Utilize a demonstra\u00e7\u00e3o online da Elfsight para gerar facilmente a sua solu\u00e7\u00e3o individual.","robots":{"index":"index","follow":"follow","max-snippet":"max-snippet:-1","max-image-preview":"max-image-preview:large","max-video-preview":"max-video-preview:-1"},"canonical":"https:\/\/elfsight.com\/pt\/website-translator-widget\/facebook\/","og_locale":"pt_PT","og_type":"article","og_title":"Widget tradutor de site - incorporar tradutor gratuito para Facebook","og_description":"Adicione um widget Tradutor de site sem c\u00f3digo ao site da sua p\u00e1gina do Facebook. Utilize a demonstra\u00e7\u00e3o online da Elfsight para gerar facilmente a sua solu\u00e7\u00e3o individual.","og_url":"https:\/\/elfsight.com\/pt\/website-translator-widget\/facebook\/","og_site_name":"Elfsight PT","article_modified_time":"2024-12-16T17:31:45+00:00","twitter_card":"summary_large_image","twitter_misc":{"Tempo estimado de leitura":"2 minutos"},"schema":{"@context":"https:\/\/schema.org","@graph":[{"@type":"WebPage","@id":"https:\/\/elfsight.com\/pt\/website-translator-widget\/facebook\/","url":"https:\/\/elfsight.com\/pt\/website-translator-widget\/facebook\/","name":"Widget tradutor de site - incorporar tradutor gratuito para Facebook","isPartOf":{"@id":"https:\/\/elfsight.com\/pt\/#website"},"datePublished":"2024-09-30T18:27:29+00:00","dateModified":"2024-12-16T17:31:45+00:00","description":"Adicione um widget Tradutor de site sem c\u00f3digo ao site da sua p\u00e1gina do Facebook. Utilize a demonstra\u00e7\u00e3o online da Elfsight para gerar facilmente a sua solu\u00e7\u00e3o individual.","breadcrumb":{"@id":"https:\/\/elfsight.com\/pt\/website-translator-widget\/facebook\/#breadcrumb"},"inLanguage":"pt-PT","potentialAction":[{"@type":"ReadAction","target":["https:\/\/elfsight.com\/pt\/website-translator-widget\/facebook\/"]}]},{"@type":"BreadcrumbList","@id":"https:\/\/elfsight.com\/pt\/website-translator-widget\/facebook\/#breadcrumb","itemListElement":[{"@type":"ListItem","position":1,"name":"Home","item":"https:\/\/elfsight.com\/pt\/"},{"@type":"ListItem","position":2,"name":"website translator &#8211; facebook page"}]},{"@type":"WebSite","@id":"https:\/\/elfsight.com\/pt\/#website","url":"https:\/\/elfsight.com\/pt\/","name":"Elfsight PT","description":"Just another Elfsight Sites site","potentialAction":[{"@type":"SearchAction","target":{"@type":"EntryPoint","urlTemplate":"https:\/\/elfsight.com\/pt\/?s={search_term_string}"},"query-input":{"@type":"PropertyValueSpecification","valueRequired":true,"valueName":"search_term_string"}}],"inLanguage":"pt-PT"}]}},"meta_box":{"industry":"","seo_heading":"","heading":"","description":"","cta_heading":"","cta_description":"","application":"12670","h1":"Widget Tradutor de site da p\u00e1gina do Facebook","h1_caption":"Traduza automaticamente o conte\u00fado do seu site em v\u00e1rios idiomas, tornando-o acess\u00edvel a um p\u00fablico global no site da sua p\u00e1gina do Facebook sem esfor\u00e7o.","application_category":[],"applications_title":"","applications_request_title":"","applications_request_button_text":"","hero_text":"","hero_video":"","hero_video_schema_markup":"","selling_points_title":"","selling_points_caption":"","selling_points":[],"selling_points_cta_text":"","features_title":"","features":"","ed_cta_examples_text":"","ed_cta_examples_hidden":"","ed_cta_demo_text":"","ed_cta_demo_hidden":"","why_caption":"","why_editor_title":"","why_editor_text":"","why_team_title":"","why_team_text":"","why_service_title":"","why_service_text":"","template_catalog_visible":"","template_catalog_title":"","template_catalog_text":"","template_catalog_categories_visible":"","demo_title":"Crie seu widget Tradutor de site","demo_caption":"Configure seu tradutor de sites e adicione-o gratuitamente ao site da sua p\u00e1gina do Facebook!","default_faq_hidden":"","app_template_category":[],"platform":"103","template_public_id":"","codecanyon_url":"","codecanyon_item_id":"","codecanyon_price":"","pricing_caption":"","pricing_elfsight_apps_hide_column":"","pricing_elfsight_apps_url":"","pricing_codecanyon_price_caption":"","integration_category":[],"integration_request_title":"","integration_request_cta":"","integration_platform":"","integrations":[],"platform_category":[],"video_schema_markup":"","price":"a partir de $ 0 \/ m\u00eas","trial":"","benefits":[{"text":"Servi\u00e7o de instala\u00e7\u00e3o gratuito"},{"text":"Suporte premium"},{"text":"Garantia de devolu\u00e7\u00e3o do dinheiro em 14 dias"},{"text":"Desenvolvimento cont\u00ednuo"}],"button_url":"#demo","button_target_blank":"","button_nofollow":"","attributes":[{"name":"Instalar","content":"50,000 - 100,000"},{"name":"Responsivo","content":"Sim"},{"name":"Navegadores compat\u00edveis","content":"Firefox, Safari, Opera, Chrome, Edge"}],"tags":[],"tags_disable_links":"","hide_more_platforms":"","video_object":"","demo_hide_cta":"","demo_hide_cloud_options":"","pricing_title":"","pricing":[{"pricing_icon":"platform","pricing_title":"Elfsight Apps","pricing_title_caption":"Solu\u00e7\u00e3o digital multiplataforma","pricing_price":"a partir de $ 0 \/ m\u00eas","pricing_price_caption":"comece com um plano gratuito","pricing_benefits":[{"text":"Sites ilimitados"},{"text":"Suporte gratuito \u00e0 empresa"},{"text":"Servi\u00e7o de instala\u00e7\u00e3o gratuito"},{"text":"Design flex\u00edvel"}],"pricing_button_text":"Adicionar ao site","pricing_button_url":"#demo"}],"related_apps_title":"","related_apps_hidden":"","author":"","image":[],"title":"","job":"","social_networks":[]},"_links":{"self":[{"href":"https:\/\/elfsight.com\/pt\/wp-json\/wp\/v2\/pages\/13243","targetHints":{"allow":["GET"]}}],"collection":[{"href":"https:\/\/elfsight.com\/pt\/wp-json\/wp\/v2\/pages"}],"about":[{"href":"https:\/\/elfsight.com\/pt\/wp-json\/wp\/v2\/types\/page"}],"author":[{"embeddable":true,"href":"https:\/\/elfsight.com\/pt\/wp-json\/wp\/v2\/users\/9"}],"replies":[{"embeddable":true,"href":"https:\/\/elfsight.com\/pt\/wp-json\/wp\/v2\/comments?post=13243"}],"version-history":[{"count":1,"href":"https:\/\/elfsight.com\/pt\/wp-json\/wp\/v2\/pages\/13243\/revisions"}],"predecessor-version":[{"id":13247,"href":"https:\/\/elfsight.com\/pt\/wp-json\/wp\/v2\/pages\/13243\/revisions\/13247"}],"up":[{"embeddable":true,"href":"https:\/\/elfsight.com\/pt\/wp-json\/wp\/v2\/pages\/12676"}],"wp:attachment":[{"href":"https:\/\/elfsight.com\/pt\/wp-json\/wp\/v2\/media?parent=13243"}],"curies":[{"name":"wp","href":"https:\/\/api.w.org\/{rel}","templated":true}]}}